{"id":9378,"date":"2024-11-14T16:42:01","date_gmt":"2024-11-14T08:42:01","guid":{"rendered":"https:\/\/qqpets.com\/?post_type=product&#038;p=9378"},"modified":"2024-11-14T16:42:01","modified_gmt":"2024-11-14T08:42:01","slug":"dual-clip-leash","status":"publish","type":"product","link":"https:\/\/qqpets.com\/lv\/products\/dual-clip-leash\/","title":{"rendered":"Divu klipu pavadas"},"content":{"rendered":"<p>Divu klipu pavadas ir izstr\u0101d\u0101tas t\u0101, lai m\u0101jdz\u012bvnieku \u012bpa\u0161niekiem nodro\u0161in\u0101tu lab\u0101ku kontroli un piel\u0101gojam\u012bbu, un t\u0101m ir divi \u0113rti stiprin\u0101juma punkti, kas nodro\u0161ina liel\u0101ku daudzpus\u012bbu. \u0160\u012b divu klipu konstrukcija nodro\u0161ina dro\u0161u, piel\u0101gotu pastaigu stilu, padarot to par popul\u0101ru izv\u0113li gan treni\u0146iem, gan ikdienas pastaig\u0101m. Papildu klips nodro\u0161ina iesp\u0113ju vienlaic\u012bgi piestiprin\u0101t gan pie apkakles, gan siksnas, sadalot spiedienu un uzlabojot kontroli pat p\u0101r ener\u0123isk\u0101kajiem m\u0101jdz\u012bvniekiem.<\/p>\n<p>B2B klientiem Dual Clip Leash ir izstr\u0101d\u0101ta, \u0146emot v\u0113r\u0101 piel\u0101go\u0161anas iesp\u0113jas. \u0160\u012b siksna atbalsta da\u017e\u0101das z\u012bmola veido\u0161anas iesp\u0113jas, \u013caujot viegli integr\u0113t logotipus, unik\u0101lus rakstus vai \u012bpa\u0161as kr\u0101su sh\u0113mas. Izgatavota no augstas kvalit\u0101tes, iztur\u012bgiem materi\u0101liem, pavadas konstrukcija ir veidota t\u0101, lai iztur\u0113tu regul\u0101ru lieto\u0161anu un laika gait\u0101 saglab\u0101tu savu izskatu, nodro\u0161inot ilgm\u016b\u017e\u012bbu un klientu apmierin\u0101t\u012bbu. Dro\u0161\u0101s aizdares ir paredz\u0113tas \u0113rtai lieto\u0161anai, savuk\u0101rt pavadas viegl\u0101, bet iztur\u012bg\u0101 konstrukcija garant\u0113 komfortu gan dz\u012bvniekam, gan pavadonim.<\/p>\n<p>\u0160\u012bs pavadas piel\u0101gojam\u012bba un z\u012bmolved\u012bbas iesp\u0113jas padara to par ide\u0101lu produktu uz\u0146\u0113mumiem, kas v\u0113las izcelties m\u0101jdz\u012bvnieku piederumu tirg\u016b. Ar Dual Clip pavadas pal\u012bdz\u012bbu uz\u0146\u0113mumi var pied\u0101v\u0101t m\u0101jdz\u012bvnieku \u012bpa\u0161niekiem stil\u012bgu, funkcion\u0101lu un z\u012bmolu veicino\u0161u risin\u0101jumu ikdienas pastaig\u0101m un apm\u0101c\u012bbai.<\/p>","protected":false},"excerpt":{"rendered":"<p>The Dual Clip Leash provides superior control and flexibility with two attachment points, perfect for managing active pets. This leash is ideal for B2B clients seeking customization options, as it\u2019s designed to accommodate custom logos or patterns to align with any brand. Built for durability and comfort, the leash supports a range of walking styles, from casual strolls to training sessions. With high-quality materials and user-friendly clasps, this leash meets both aesthetic and functional needs, making it an excellent choice for pet brands looking to offer a versatile, customizable product that resonates with pet owners.<\/p>\n<p>&nbsp;<\/p>","protected":false},"featured_media":9383,"template":"","meta":[],"product_brand":[],"product_cat":[27],"product_tag":[],"class_list":{"0":"post-9378","1":"product","2":"type-product","3":"status-publish","4":"has-post-thumbnail","6":"product_cat-dog-leash","8":"first","9":"instock","10":"shipping-taxable","11":"product-type-simple"},"yoast_head":"<!-- This site is optimized with the Yoast SEO plugin v26.6 - https:\/\/yoast.com\/wordpress\/plugins\/seo\/ -->\n<title>Dual Clip Leash | QQPETS<\/title>\n<meta name=\"description\" content=\"Dual Clip Leash offers versatility and control with dual attachment points. Ideal for custom branding, durable, and designed for easy logo or pattern integration.\" \/>\n<meta name=\"robots\" content=\"index, follow, max-snippet:-1, max-image-preview:large, max-video-preview:-1\" \/>\n<link rel=\"canonical\" href=\"https:\/\/qqpets.com\/lv\/products\/dual-clip-leash\/\" \/>\n<meta property=\"og:locale\" content=\"lv_LV\" \/>\n<meta property=\"og:type\" content=\"article\" \/>\n<meta property=\"og:title\" content=\"Dual Clip Leash | QQPETS\" \/>\n<meta property=\"og:description\" content=\"Dual Clip Leash offers versatility and control with dual attachment points. Ideal for custom branding, durable, and designed for easy logo or pattern integration.\" \/>\n<meta property=\"og:url\" content=\"https:\/\/qqpets.com\/lv\/products\/dual-clip-leash\/\" \/>\n<meta property=\"og:site_name\" content=\"QQPETS\" \/>\n<meta property=\"article:publisher\" content=\"https:\/\/www.facebook.com\/QQpetsdogcollars\" \/>\n<meta property=\"og:image\" content=\"https:\/\/qqpets.com\/wp-content\/uploads\/2024\/11\/Dual-Clip-Leash5.webp\" \/>\n\t<meta property=\"og:image:width\" content=\"707\" \/>\n\t<meta property=\"og:image:height\" content=\"705\" \/>\n\t<meta property=\"og:image:type\" content=\"image\/webp\" \/>\n<meta name=\"twitter:card\" content=\"summary_large_image\" \/>\n<meta name=\"twitter:label1\" content=\"Est. reading time\" \/>\n\t<meta name=\"twitter:data1\" content=\"2 min\u016btes\" \/>\n<script type=\"application\/ld+json\" class=\"yoast-schema-graph\">{\"@context\":\"https:\/\/schema.org\",\"@graph\":[{\"@type\":\"WebPage\",\"@id\":\"https:\/\/qqpets.com\/product\/dual-clip-leash\/\",\"url\":\"https:\/\/qqpets.com\/product\/dual-clip-leash\/\",\"name\":\"Dual Clip Leash | QQPETS\",\"isPartOf\":{\"@id\":\"https:\/\/qqpets.com\/#website\"},\"primaryImageOfPage\":{\"@id\":\"https:\/\/qqpets.com\/product\/dual-clip-leash\/#primaryimage\"},\"image\":{\"@id\":\"https:\/\/qqpets.com\/product\/dual-clip-leash\/#primaryimage\"},\"thumbnailUrl\":\"https:\/\/qqpets.com\/wp-content\/uploads\/2024\/11\/Dual-Clip-Leash5.webp\",\"datePublished\":\"2024-11-14T08:42:01+00:00\",\"description\":\"Dual Clip Leash offers versatility and control with dual attachment points. Ideal for custom branding, durable, and designed for easy logo or pattern integration.\",\"breadcrumb\":{\"@id\":\"https:\/\/qqpets.com\/product\/dual-clip-leash\/#breadcrumb\"},\"inLanguage\":\"lv-LV\",\"potentialAction\":[{\"@type\":\"ReadAction\",\"target\":[\"https:\/\/qqpets.com\/product\/dual-clip-leash\/\"]}]},{\"@type\":\"ImageObject\",\"inLanguage\":\"lv-LV\",\"@id\":\"https:\/\/qqpets.com\/product\/dual-clip-leash\/#primaryimage\",\"url\":\"https:\/\/qqpets.com\/wp-content\/uploads\/2024\/11\/Dual-Clip-Leash5.webp\",\"contentUrl\":\"https:\/\/qqpets.com\/wp-content\/uploads\/2024\/11\/Dual-Clip-Leash5.webp\",\"width\":707,\"height\":705},{\"@type\":\"BreadcrumbList\",\"@id\":\"https:\/\/qqpets.com\/product\/dual-clip-leash\/#breadcrumb\",\"itemListElement\":[{\"@type\":\"ListItem\",\"position\":1,\"name\":\"Home\",\"item\":\"https:\/\/qqpets.com\/\"},{\"@type\":\"ListItem\",\"position\":2,\"name\":\"Products\",\"item\":\"https:\/\/qqpets.com\/pet-products-manufacturer\/\"},{\"@type\":\"ListItem\",\"position\":3,\"name\":\"Dual Clip Leash\"}]},{\"@type\":\"WebSite\",\"@id\":\"https:\/\/qqpets.com\/#website\",\"url\":\"https:\/\/qqpets.com\/\",\"name\":\"QQPETS\",\"description\":\"QQPETS is a pet products factory for dog harnesses, dog collars, dog leashes and dog accessories with professional customized service since 2005.\",\"publisher\":{\"@id\":\"https:\/\/qqpets.com\/#organization\"},\"potentialAction\":[{\"@type\":\"SearchAction\",\"target\":{\"@type\":\"EntryPoint\",\"urlTemplate\":\"https:\/\/qqpets.com\/?s={search_term_string}\"},\"query-input\":{\"@type\":\"PropertyValueSpecification\",\"valueRequired\":true,\"valueName\":\"search_term_string\"}}],\"inLanguage\":\"lv-LV\"},{\"@type\":\"Organization\",\"@id\":\"https:\/\/qqpets.com\/#organization\",\"name\":\"QQPETS\",\"url\":\"https:\/\/qqpets.com\/\",\"logo\":{\"@type\":\"ImageObject\",\"inLanguage\":\"lv-LV\",\"@id\":\"https:\/\/qqpets.com\/#\/schema\/logo\/image\/\",\"url\":\"https:\/\/qqpets.com\/wp-content\/uploads\/2023\/09\/cropped-cropped-qqpets-tiktok.jpg\",\"contentUrl\":\"https:\/\/qqpets.com\/wp-content\/uploads\/2023\/09\/cropped-cropped-qqpets-tiktok.jpg\",\"width\":511,\"height\":511,\"caption\":\"QQPETS\"},\"image\":{\"@id\":\"https:\/\/qqpets.com\/#\/schema\/logo\/image\/\"},\"sameAs\":[\"https:\/\/www.facebook.com\/QQpetsdogcollars\",\"https:\/\/www.instagram.com\/qqpetscollar\/\",\"https:\/\/www.pinterest.com\/qqpetsdogcollarsfactory\/\"]}]}<\/script>\n<!-- \/ Yoast SEO plugin. -->","yoast_head_json":{"title":"Dual Clip Leash | QQPETS","description":"Dual Clip Leash offers versatility and control with dual attachment points. Ideal for custom branding, durable, and designed for easy logo or pattern integration.","robots":{"index":"index","follow":"follow","max-snippet":"max-snippet:-1","max-image-preview":"max-image-preview:large","max-video-preview":"max-video-preview:-1"},"canonical":"https:\/\/qqpets.com\/lv\/products\/dual-clip-leash\/","og_locale":"lv_LV","og_type":"article","og_title":"Dual Clip Leash | QQPETS","og_description":"Dual Clip Leash offers versatility and control with dual attachment points. Ideal for custom branding, durable, and designed for easy logo or pattern integration.","og_url":"https:\/\/qqpets.com\/lv\/products\/dual-clip-leash\/","og_site_name":"QQPETS","article_publisher":"https:\/\/www.facebook.com\/QQpetsdogcollars","og_image":[{"width":707,"height":705,"url":"https:\/\/qqpets.com\/wp-content\/uploads\/2024\/11\/Dual-Clip-Leash5.webp","type":"image\/webp"}],"twitter_card":"summary_large_image","twitter_misc":{"Est. reading time":"2 min\u016btes"},"schema":{"@context":"https:\/\/schema.org","@graph":[{"@type":"WebPage","@id":"https:\/\/qqpets.com\/product\/dual-clip-leash\/","url":"https:\/\/qqpets.com\/product\/dual-clip-leash\/","name":"Dual Clip Leash | QQPETS","isPartOf":{"@id":"https:\/\/qqpets.com\/#website"},"primaryImageOfPage":{"@id":"https:\/\/qqpets.com\/product\/dual-clip-leash\/#primaryimage"},"image":{"@id":"https:\/\/qqpets.com\/product\/dual-clip-leash\/#primaryimage"},"thumbnailUrl":"https:\/\/qqpets.com\/wp-content\/uploads\/2024\/11\/Dual-Clip-Leash5.webp","datePublished":"2024-11-14T08:42:01+00:00","description":"Dual Clip Leash offers versatility and control with dual attachment points. Ideal for custom branding, durable, and designed for easy logo or pattern integration.","breadcrumb":{"@id":"https:\/\/qqpets.com\/product\/dual-clip-leash\/#breadcrumb"},"inLanguage":"lv-LV","potentialAction":[{"@type":"ReadAction","target":["https:\/\/qqpets.com\/product\/dual-clip-leash\/"]}]},{"@type":"ImageObject","inLanguage":"lv-LV","@id":"https:\/\/qqpets.com\/product\/dual-clip-leash\/#primaryimage","url":"https:\/\/qqpets.com\/wp-content\/uploads\/2024\/11\/Dual-Clip-Leash5.webp","contentUrl":"https:\/\/qqpets.com\/wp-content\/uploads\/2024\/11\/Dual-Clip-Leash5.webp","width":707,"height":705},{"@type":"BreadcrumbList","@id":"https:\/\/qqpets.com\/product\/dual-clip-leash\/#breadcrumb","itemListElement":[{"@type":"ListItem","position":1,"name":"Home","item":"https:\/\/qqpets.com\/"},{"@type":"ListItem","position":2,"name":"Products","item":"https:\/\/qqpets.com\/pet-products-manufacturer\/"},{"@type":"ListItem","position":3,"name":"Dual Clip Leash"}]},{"@type":"WebSite","@id":"https:\/\/qqpets.com\/#website","url":"https:\/\/qqpets.com\/","name":"QQPETS","description":"QQPETS ir lolojumdz\u012bvnieku produktu r\u016bpn\u012bca su\u0146u siksn\u0101m, su\u0146u apkakles, su\u0146u pavadas un su\u0146u aksesu\u0101ri ar profesion\u0101lu piel\u0101gotu pakalpojumu kop\u0161 2005. gada.","publisher":{"@id":"https:\/\/qqpets.com\/#organization"},"potentialAction":[{"@type":"SearchAction","target":{"@type":"EntryPoint","urlTemplate":"https:\/\/qqpets.com\/?s={search_term_string}"},"query-input":{"@type":"PropertyValueSpecification","valueRequired":true,"valueName":"search_term_string"}}],"inLanguage":"lv-LV"},{"@type":"Organization","@id":"https:\/\/qqpets.com\/#organization","name":"QQPETS","url":"https:\/\/qqpets.com\/","logo":{"@type":"ImageObject","inLanguage":"lv-LV","@id":"https:\/\/qqpets.com\/#\/schema\/logo\/image\/","url":"https:\/\/qqpets.com\/wp-content\/uploads\/2023\/09\/cropped-cropped-qqpets-tiktok.jpg","contentUrl":"https:\/\/qqpets.com\/wp-content\/uploads\/2023\/09\/cropped-cropped-qqpets-tiktok.jpg","width":511,"height":511,"caption":"QQPETS"},"image":{"@id":"https:\/\/qqpets.com\/#\/schema\/logo\/image\/"},"sameAs":["https:\/\/www.facebook.com\/QQpetsdogcollars","https:\/\/www.instagram.com\/qqpetscollar\/","https:\/\/www.pinterest.com\/qqpetsdogcollarsfactory\/"]}]}},"_links":{"self":[{"href":"https:\/\/qqpets.com\/lv\/wp-json\/wp\/v2\/product\/9378","targetHints":{"allow":["GET"]}}],"collection":[{"href":"https:\/\/qqpets.com\/lv\/wp-json\/wp\/v2\/product"}],"about":[{"href":"https:\/\/qqpets.com\/lv\/wp-json\/wp\/v2\/types\/product"}],"wp:featuredmedia":[{"embeddable":true,"href":"https:\/\/qqpets.com\/lv\/wp-json\/wp\/v2\/media\/9383"}],"wp:attachment":[{"href":"https:\/\/qqpets.com\/lv\/wp-json\/wp\/v2\/media?parent=9378"}],"wp:term":[{"taxonomy":"product_brand","embeddable":true,"href":"https:\/\/qqpets.com\/lv\/wp-json\/wp\/v2\/product_brand?post=9378"},{"taxonomy":"product_cat","embeddable":true,"href":"https:\/\/qqpets.com\/lv\/wp-json\/wp\/v2\/product_cat?post=9378"},{"taxonomy":"product_tag","embeddable":true,"href":"https:\/\/qqpets.com\/lv\/wp-json\/wp\/v2\/product_tag?post=9378"}],"curies":[{"name":"wp","href":"https:\/\/api.w.org\/{rel}","templated":true}]}}