{"id":9384,"date":"2024-11-14T16:47:51","date_gmt":"2024-11-14T08:47:51","guid":{"rendered":"https:\/\/qqpets.com\/?post_type=product&#038;p=9384"},"modified":"2024-12-12T17:34:57","modified_gmt":"2024-12-12T09:34:57","slug":"running-dog-leash","status":"publish","type":"product","link":"https:\/\/qqpets.com\/lv\/products\/running-dog-leash\/","title":{"rendered":"Skr\u0113jiena su\u0146u pavadas"},"content":{"rendered":"<p>M\u016bsu skrie\u0161anas su\u0146u pavadas ir vispiem\u0113rot\u0101k\u0101 izv\u0113le m\u0101jdz\u012bvnieku \u012bpa\u0161niekiem, kuriem pat\u012bk akt\u012bvi pavad\u012bt laiku kop\u0101 ar saviem su\u0146iem. \u0160\u012b pavadas konstrukcija ir izstr\u0101d\u0101ta, lai j\u016bs var\u0113tu \u0113rti lietot suni bez rok\u0101m, un t\u0101 dro\u0161i apjo\u017e ap vidukli, atbr\u012bvojot j\u016bsu rokas, vienlaikus nodro\u0161inot stabilu kontroli p\u0101r j\u016bsu m\u012bluli skrie\u0161anas, skrie\u0161anas vai p\u0101rg\u0101jienu laik\u0101. Izgatavota no iztur\u012bgiem, pret laikapst\u0101k\u013ciem notur\u012bgiem materi\u0101liem, \u0161\u012b pavadas ir veidota t\u0101, lai iztur\u0113tu regul\u0101ras lieto\u0161anas pras\u012bbas neatkar\u012bgi no m\u0101jdz\u012bvnieka aktivit\u0101tes l\u012bme\u0146a.<\/p>\n<p>\u0160\u012bs pavadas amortiz\u0113jo\u0161\u0101 konstrukcija samazina slodzi gan skr\u0113j\u0113jam, gan sunim, nodro\u0161inot \u0113rtu un vienm\u0113r\u012bgu p\u0101rvieto\u0161anos. Gumijas auklas da\u013ca v\u0113l vair\u0101k uzlabo elast\u012bbu, absorb\u0113jot p\u0113k\u0161\u0146us gr\u016bdienus, lai pasarg\u0101tu gan vadoni, gan suni no p\u0113k\u0161\u0146\u0101m kust\u012bb\u0101m. Atstarojo\u0161\u0101s \u0161uves gar pavadas malu nodro\u0161ina papildu dro\u0161\u012bbas l\u012bmeni, uzlabojot redzam\u012bbu v\u0101j\u0101 apgaismojum\u0101 agr\u0101s r\u012bta vai vakara pastaig\u0101s.<\/p>\n<p>B2B klientiem Running Dog Leash pied\u0101v\u0101 ide\u0101las piel\u0101go\u0161anas iesp\u0113jas, \u013caujot uz\u0146\u0113mumiem pievienot unik\u0101lus logotipus vai rakstus, kas atspogu\u013co to z\u012bmola identit\u0101ti. T\u0101 ir pieejama da\u017e\u0101d\u0101s kr\u0101s\u0101s un \u013cauj uz\u0146\u0113mumiem pied\u0101v\u0101t at\u0161\u0137ir\u012bgu produktu akt\u012bviem m\u0101jdz\u012bvnieku \u012bpa\u0161niekiem, kas mekl\u0113 stila, funkcionalit\u0101tes un iztur\u012bbas apvienojumu. \u0160\u012b siksna ir ide\u0101li piem\u0113rota z\u012bmoliem, kuru m\u0113r\u0137is ir uzrun\u0101t vesel\u012bgu un akt\u012bvu tirgu, nodro\u0161inot gan \u0113rt\u012bbas, gan z\u012bmola potenci\u0101lu vien\u0101 univers\u0101l\u0101 produkt\u0101.<\/p>","protected":false},"excerpt":{"rendered":"<p>Skr\u0113jiena su\u0146u pavadas ir izstr\u0101d\u0101tas akt\u012bviem m\u0101jdz\u012bvnieku \u012bpa\u0161niekiem, kuriem pat\u012bk skraid\u012bt un pastaig\u0101ties ar suni bez rok\u0101m. \u0160\u012b siksna dro\u0161i piestiprin\u0101s ap vidukli, nodro\u0161inot vienm\u0113r\u012bgu, kontrol\u0113tu kust\u012bbu bez nepiecie\u0161am\u012bbas tur\u0113t rokturi. Izgatavota no iztur\u012bgiem, augstas kvalit\u0101tes materi\u0101liem, t\u0101 ir paredz\u0113ta, lai iztur\u0113tu ikdienas skr\u0113jienus un viegli tiktu gal\u0101 ar akt\u012bviem m\u0101jdz\u012bvniekiem. Lieliski piem\u0113rots B2B klientiem, jo pavadas var piel\u0101got ar logotipiem un rakstiem, lai t\u0101s atbilstu j\u016bsu z\u012bmola stilam, t\u0101d\u0113j\u0101di pie\u0161\u0137irot personisku piesk\u0101rienu j\u016bsu klientiem. \u0160\u012b br\u012bvroku pavadas ir ide\u0101ls aksesu\u0101rs jebkuram z\u012bmolam, kas orient\u0113jas uz fitnesa su\u0146u \u012bpa\u0161niekiem.<\/p>","protected":false},"featured_media":9386,"template":"","meta":[],"product_brand":[],"product_cat":[27],"product_tag":[],"class_list":{"0":"post-9384","1":"product","2":"type-product","3":"status-publish","4":"has-post-thumbnail","6":"product_cat-dog-leash","8":"first","9":"instock","10":"shipping-taxable","11":"product-type-simple"},"yoast_head":"<!-- This site is optimized with the Yoast SEO plugin v26.6 - https:\/\/yoast.com\/wordpress\/plugins\/seo\/ -->\n<title>Running Dog Leash | QQPETS<\/title>\n<meta name=\"description\" content=\"Running Dog Leash designed for active lifestyles, ideal for hands-free running with pets. Durable, customizable for brand logos and patterns, perfect for B2B customers.\" \/>\n<meta name=\"robots\" content=\"index, follow, max-snippet:-1, max-image-preview:large, max-video-preview:-1\" \/>\n<link rel=\"canonical\" href=\"https:\/\/qqpets.com\/lv\/products\/running-dog-leash\/\" \/>\n<meta property=\"og:locale\" content=\"lv_LV\" \/>\n<meta property=\"og:type\" content=\"article\" \/>\n<meta property=\"og:title\" content=\"Running Dog Leash | QQPETS\" \/>\n<meta property=\"og:description\" content=\"Running Dog Leash designed for active lifestyles, ideal for hands-free running with pets. Durable, customizable for brand logos and patterns, perfect for B2B customers.\" \/>\n<meta property=\"og:url\" content=\"https:\/\/qqpets.com\/lv\/products\/running-dog-leash\/\" \/>\n<meta property=\"og:site_name\" content=\"QQPETS\" \/>\n<meta property=\"article:publisher\" content=\"https:\/\/www.facebook.com\/QQpetsdogcollars\" \/>\n<meta property=\"article:modified_time\" content=\"2024-12-12T09:34:57+00:00\" \/>\n<meta property=\"og:image\" content=\"https:\/\/qqpets.com\/wp-content\/uploads\/2024\/11\/running-dog-leash2.webp\" \/>\n\t<meta property=\"og:image:width\" content=\"1024\" \/>\n\t<meta property=\"og:image:height\" content=\"1024\" \/>\n\t<meta property=\"og:image:type\" content=\"image\/webp\" \/>\n<meta name=\"twitter:card\" content=\"summary_large_image\" \/>\n<meta name=\"twitter:label1\" content=\"Est. reading time\" \/>\n\t<meta name=\"twitter:data1\" content=\"2 min\u016btes\" \/>\n<script type=\"application\/ld+json\" class=\"yoast-schema-graph\">{\"@context\":\"https:\/\/schema.org\",\"@graph\":[{\"@type\":\"WebPage\",\"@id\":\"https:\/\/qqpets.com\/product\/running-dog-leash\/\",\"url\":\"https:\/\/qqpets.com\/product\/running-dog-leash\/\",\"name\":\"Running Dog Leash | QQPETS\",\"isPartOf\":{\"@id\":\"https:\/\/qqpets.com\/#website\"},\"primaryImageOfPage\":{\"@id\":\"https:\/\/qqpets.com\/product\/running-dog-leash\/#primaryimage\"},\"image\":{\"@id\":\"https:\/\/qqpets.com\/product\/running-dog-leash\/#primaryimage\"},\"thumbnailUrl\":\"https:\/\/qqpets.com\/wp-content\/uploads\/2024\/11\/running-dog-leash2.webp\",\"datePublished\":\"2024-11-14T08:47:51+00:00\",\"dateModified\":\"2024-12-12T09:34:57+00:00\",\"description\":\"Running Dog Leash designed for active lifestyles, ideal for hands-free running with pets. Durable, customizable for brand logos and patterns, perfect for B2B customers.\",\"breadcrumb\":{\"@id\":\"https:\/\/qqpets.com\/product\/running-dog-leash\/#breadcrumb\"},\"inLanguage\":\"lv-LV\",\"potentialAction\":[{\"@type\":\"ReadAction\",\"target\":[\"https:\/\/qqpets.com\/product\/running-dog-leash\/\"]}]},{\"@type\":\"ImageObject\",\"inLanguage\":\"lv-LV\",\"@id\":\"https:\/\/qqpets.com\/product\/running-dog-leash\/#primaryimage\",\"url\":\"https:\/\/qqpets.com\/wp-content\/uploads\/2024\/11\/running-dog-leash2.webp\",\"contentUrl\":\"https:\/\/qqpets.com\/wp-content\/uploads\/2024\/11\/running-dog-leash2.webp\",\"width\":1024,\"height\":1024},{\"@type\":\"BreadcrumbList\",\"@id\":\"https:\/\/qqpets.com\/product\/running-dog-leash\/#breadcrumb\",\"itemListElement\":[{\"@type\":\"ListItem\",\"position\":1,\"name\":\"Home\",\"item\":\"https:\/\/qqpets.com\/\"},{\"@type\":\"ListItem\",\"position\":2,\"name\":\"Products\",\"item\":\"https:\/\/qqpets.com\/pet-products-manufacturer\/\"},{\"@type\":\"ListItem\",\"position\":3,\"name\":\"Running Dog Leash\"}]},{\"@type\":\"WebSite\",\"@id\":\"https:\/\/qqpets.com\/#website\",\"url\":\"https:\/\/qqpets.com\/\",\"name\":\"QQPETS\",\"description\":\"QQPETS is a pet products factory for dog harnesses, dog collars, dog leashes and dog accessories with professional customized service since 2005.\",\"publisher\":{\"@id\":\"https:\/\/qqpets.com\/#organization\"},\"potentialAction\":[{\"@type\":\"SearchAction\",\"target\":{\"@type\":\"EntryPoint\",\"urlTemplate\":\"https:\/\/qqpets.com\/?s={search_term_string}\"},\"query-input\":{\"@type\":\"PropertyValueSpecification\",\"valueRequired\":true,\"valueName\":\"search_term_string\"}}],\"inLanguage\":\"lv-LV\"},{\"@type\":\"Organization\",\"@id\":\"https:\/\/qqpets.com\/#organization\",\"name\":\"QQPETS\",\"url\":\"https:\/\/qqpets.com\/\",\"logo\":{\"@type\":\"ImageObject\",\"inLanguage\":\"lv-LV\",\"@id\":\"https:\/\/qqpets.com\/#\/schema\/logo\/image\/\",\"url\":\"https:\/\/qqpets.com\/wp-content\/uploads\/2023\/09\/cropped-cropped-qqpets-tiktok.jpg\",\"contentUrl\":\"https:\/\/qqpets.com\/wp-content\/uploads\/2023\/09\/cropped-cropped-qqpets-tiktok.jpg\",\"width\":511,\"height\":511,\"caption\":\"QQPETS\"},\"image\":{\"@id\":\"https:\/\/qqpets.com\/#\/schema\/logo\/image\/\"},\"sameAs\":[\"https:\/\/www.facebook.com\/QQpetsdogcollars\",\"https:\/\/www.instagram.com\/qqpetscollar\/\",\"https:\/\/www.pinterest.com\/qqpetsdogcollarsfactory\/\"]}]}<\/script>\n<!-- \/ Yoast SEO plugin. -->","yoast_head_json":{"title":"Skr\u0113jiena su\u0146u pavadas | QQPETS","description":"Skrie\u0161anas su\u0146u pavadas, kas paredz\u0113tas akt\u012bvam dz\u012bvesveidam, ide\u0101li piem\u0113rotas br\u012bvroku skrie\u0161anai ar m\u0101jdz\u012bvniekiem. Iztur\u012bga, piel\u0101gojama z\u012bmola logotipiem un rakstiem, ide\u0101li piem\u0113rota B2B klientiem.","robots":{"index":"index","follow":"follow","max-snippet":"max-snippet:-1","max-image-preview":"max-image-preview:large","max-video-preview":"max-video-preview:-1"},"canonical":"https:\/\/qqpets.com\/lv\/products\/running-dog-leash\/","og_locale":"lv_LV","og_type":"article","og_title":"Running Dog Leash | QQPETS","og_description":"Running Dog Leash designed for active lifestyles, ideal for hands-free running with pets. Durable, customizable for brand logos and patterns, perfect for B2B customers.","og_url":"https:\/\/qqpets.com\/lv\/products\/running-dog-leash\/","og_site_name":"QQPETS","article_publisher":"https:\/\/www.facebook.com\/QQpetsdogcollars","article_modified_time":"2024-12-12T09:34:57+00:00","og_image":[{"width":1024,"height":1024,"url":"https:\/\/qqpets.com\/wp-content\/uploads\/2024\/11\/running-dog-leash2.webp","type":"image\/webp"}],"twitter_card":"summary_large_image","twitter_misc":{"Est. reading time":"2 min\u016btes"},"schema":{"@context":"https:\/\/schema.org","@graph":[{"@type":"WebPage","@id":"https:\/\/qqpets.com\/product\/running-dog-leash\/","url":"https:\/\/qqpets.com\/product\/running-dog-leash\/","name":"Skr\u0113jiena su\u0146u pavadas | QQPETS","isPartOf":{"@id":"https:\/\/qqpets.com\/#website"},"primaryImageOfPage":{"@id":"https:\/\/qqpets.com\/product\/running-dog-leash\/#primaryimage"},"image":{"@id":"https:\/\/qqpets.com\/product\/running-dog-leash\/#primaryimage"},"thumbnailUrl":"https:\/\/qqpets.com\/wp-content\/uploads\/2024\/11\/running-dog-leash2.webp","datePublished":"2024-11-14T08:47:51+00:00","dateModified":"2024-12-12T09:34:57+00:00","description":"Skrie\u0161anas su\u0146u pavadas, kas paredz\u0113tas akt\u012bvam dz\u012bvesveidam, ide\u0101li piem\u0113rotas br\u012bvroku skrie\u0161anai ar m\u0101jdz\u012bvniekiem. Iztur\u012bga, piel\u0101gojama z\u012bmola logotipiem un rakstiem, ide\u0101li piem\u0113rota B2B klientiem.","breadcrumb":{"@id":"https:\/\/qqpets.com\/product\/running-dog-leash\/#breadcrumb"},"inLanguage":"lv-LV","potentialAction":[{"@type":"ReadAction","target":["https:\/\/qqpets.com\/product\/running-dog-leash\/"]}]},{"@type":"ImageObject","inLanguage":"lv-LV","@id":"https:\/\/qqpets.com\/product\/running-dog-leash\/#primaryimage","url":"https:\/\/qqpets.com\/wp-content\/uploads\/2024\/11\/running-dog-leash2.webp","contentUrl":"https:\/\/qqpets.com\/wp-content\/uploads\/2024\/11\/running-dog-leash2.webp","width":1024,"height":1024},{"@type":"BreadcrumbList","@id":"https:\/\/qqpets.com\/product\/running-dog-leash\/#breadcrumb","itemListElement":[{"@type":"ListItem","position":1,"name":"Home","item":"https:\/\/qqpets.com\/"},{"@type":"ListItem","position":2,"name":"Products","item":"https:\/\/qqpets.com\/pet-products-manufacturer\/"},{"@type":"ListItem","position":3,"name":"Running Dog Leash"}]},{"@type":"WebSite","@id":"https:\/\/qqpets.com\/#website","url":"https:\/\/qqpets.com\/","name":"QQPETS","description":"QQPETS ir lolojumdz\u012bvnieku produktu r\u016bpn\u012bca su\u0146u siksn\u0101m, su\u0146u apkakles, su\u0146u pavadas un su\u0146u aksesu\u0101ri ar profesion\u0101lu piel\u0101gotu pakalpojumu kop\u0161 2005. gada.","publisher":{"@id":"https:\/\/qqpets.com\/#organization"},"potentialAction":[{"@type":"SearchAction","target":{"@type":"EntryPoint","urlTemplate":"https:\/\/qqpets.com\/?s={search_term_string}"},"query-input":{"@type":"PropertyValueSpecification","valueRequired":true,"valueName":"search_term_string"}}],"inLanguage":"lv-LV"},{"@type":"Organization","@id":"https:\/\/qqpets.com\/#organization","name":"QQPETS","url":"https:\/\/qqpets.com\/","logo":{"@type":"ImageObject","inLanguage":"lv-LV","@id":"https:\/\/qqpets.com\/#\/schema\/logo\/image\/","url":"https:\/\/qqpets.com\/wp-content\/uploads\/2023\/09\/cropped-cropped-qqpets-tiktok.jpg","contentUrl":"https:\/\/qqpets.com\/wp-content\/uploads\/2023\/09\/cropped-cropped-qqpets-tiktok.jpg","width":511,"height":511,"caption":"QQPETS"},"image":{"@id":"https:\/\/qqpets.com\/#\/schema\/logo\/image\/"},"sameAs":["https:\/\/www.facebook.com\/QQpetsdogcollars","https:\/\/www.instagram.com\/qqpetscollar\/","https:\/\/www.pinterest.com\/qqpetsdogcollarsfactory\/"]}]}},"_links":{"self":[{"href":"https:\/\/qqpets.com\/lv\/wp-json\/wp\/v2\/product\/9384","targetHints":{"allow":["GET"]}}],"collection":[{"href":"https:\/\/qqpets.com\/lv\/wp-json\/wp\/v2\/product"}],"about":[{"href":"https:\/\/qqpets.com\/lv\/wp-json\/wp\/v2\/types\/product"}],"wp:featuredmedia":[{"embeddable":true,"href":"https:\/\/qqpets.com\/lv\/wp-json\/wp\/v2\/media\/9386"}],"wp:attachment":[{"href":"https:\/\/qqpets.com\/lv\/wp-json\/wp\/v2\/media?parent=9384"}],"wp:term":[{"taxonomy":"product_brand","embeddable":true,"href":"https:\/\/qqpets.com\/lv\/wp-json\/wp\/v2\/product_brand?post=9384"},{"taxonomy":"product_cat","embeddable":true,"href":"https:\/\/qqpets.com\/lv\/wp-json\/wp\/v2\/product_cat?post=9384"},{"taxonomy":"product_tag","embeddable":true,"href":"https:\/\/qqpets.com\/lv\/wp-json\/wp\/v2\/product_tag?post=9384"}],"curies":[{"name":"wp","href":"https:\/\/api.w.org\/{rel}","templated":true}]}}