{"id":9390,"date":"2024-11-14T16:53:17","date_gmt":"2024-11-14T08:53:17","guid":{"rendered":"https:\/\/qqpets.com\/?post_type=product&#038;p=9390"},"modified":"2024-11-14T16:53:17","modified_gmt":"2024-11-14T08:53:17","slug":"dual-handle-leash","status":"publish","type":"product","link":"https:\/\/qqpets.com\/lv\/products\/dual-handle-leash\/","title":{"rendered":"Divu rokturu pavadas"},"content":{"rendered":"<p>Divu rokturu pavadas pied\u0101v\u0101 risin\u0101jumu su\u0146u \u012bpa\u0161niekiem un treneriem, kas v\u0113las ieg\u016bt papildu kontroli pastaigu un treni\u0146u laik\u0101. \u0160ai pavadai ir divi polster\u0113ti rokturi, katrs no tiem ir novietots \u012bpa\u0161iem m\u0113r\u0137iem. Aug\u0161\u0113jais rokturis kalpo k\u0101 standarta rokturis ikdienas pastaig\u0101m, nodro\u0161inot \u0113rtu satv\u0113rienu, kas \u013cauj atp\u016bsties. Otrais, apak\u0161\u0113jais rokturis atrodas tuv\u0101k su\u0146a apkaklei, nodro\u0161inot papildu kontroli viet\u0101s ar lielu kust\u012bbu, m\u0101c\u012bbu treni\u0146os vai situ\u0101cij\u0101s, kad nepiecie\u0161ama \u0101tra savald\u012b\u0161ana.<\/p>\n<p>\u0160\u012b pavadas konstrukcija ir izgatavota no augstas kvalit\u0101tes iztur\u012bgiem materi\u0101liem, kas nodro\u0161ina iztur\u012bbu pat sare\u017e\u0123\u012bt\u0101s \u0101ra vid\u0113s, un t\u0101 ir iztur\u012bga pret regul\u0101ru nodilumu. Pastiprin\u0101t\u0101s \u0161uves un pret laikapst\u0101k\u013ciem iztur\u012bgais audums nodro\u0161ina ilgsto\u0161u kvalit\u0101ti, padarot to ide\u0101li piem\u0113rotu visu izm\u0113ru un aktivit\u0101tes l\u012bme\u0146u su\u0146iem. Turkl\u0101t abu rokturu polster\u0113jums samazina roku slodzi, nodro\u0161inot \u0113rtu lieto\u0161anu ilgsto\u0161i.<\/p>\n<p>M\u016bsu B2B klientiem divviru rokturu siksna ir piel\u0101gojama, \u013caujot iestr\u0101d\u0101t j\u016bsu z\u012bmola logotipu, kr\u0101sas vai rakstus. \u0160\u012b piel\u0101go\u0161ana pie\u0161\u0137ir personaliz\u0113tu piesk\u0101rienu, sniedzot uz\u0146\u0113mumiem iesp\u0113ju izcelties un pied\u0101v\u0101t klientiem at\u0161\u0137ir\u012bgu produktu. \u0160\u012b siksna, kas lieliski piem\u0113rota m\u0101jdz\u012bvnieku veikaliem, apm\u0101c\u012bbas iest\u0101d\u0113m vai specializ\u0113tiem mazumtirgot\u0101jiem, apvieno praktiskumu, iztur\u012bbu un efekt\u012bvu z\u012bmola nostiprin\u0101\u0161anas iesp\u0113ju univers\u0101l\u0101 dizain\u0101.<\/p>","protected":false},"excerpt":{"rendered":"<p>Divu rokturu pavadas ir izstr\u0101d\u0101tas uzlabotai kontrolei, un t\u0101m ir divi strat\u0113\u0123iski izvietoti rokturi, kas nodro\u0161ina optim\u0101lu vad\u012bbu da\u017e\u0101d\u0101s situ\u0101cij\u0101s. Ar galveno rokturi standarta pastaig\u0101m un apak\u0161\u0113jo rokturi tuv\u0101m, kontrol\u0113t\u0101m apm\u0101c\u012bb\u0101m \u0161\u012b pavadas konstrukcija nodro\u0161ina daudzpus\u012bbu un dro\u0161\u012bbu visu izm\u0113ru su\u0146iem. Izgatavota no iztur\u012bgiem, laikapst\u0101k\u013cu iztur\u012bgiem materi\u0101liem, t\u0101 ir ide\u0101li piem\u0113rota akt\u012bviem un uz m\u0101c\u012bb\u0101m orient\u0113tiem m\u0101jdz\u012bvnieku z\u012bmoliem. B2B klienti var piel\u0101got pavadas ar unik\u0101liem logotipiem vai rakstiem, kas lieliski atbilst vi\u0146u z\u012bmola vajadz\u012bb\u0101m. \u0160\u012b pavadas ir lielisks papildin\u0101jums uz\u0146\u0113mumiem, kas v\u0113las pied\u0101v\u0101t praktiskus, augstas kvalit\u0101tes risin\u0101jumus su\u0146u \u012bpa\u0161niekiem, kuri v\u0113las ieg\u016bt liel\u0101ku kontroli.<\/p>","protected":false},"featured_media":9391,"template":"","meta":[],"product_brand":[],"product_cat":[27],"product_tag":[],"class_list":{"0":"post-9390","1":"product","2":"type-product","3":"status-publish","4":"has-post-thumbnail","6":"product_cat-dog-leash","8":"first","9":"instock","10":"shipping-taxable","11":"product-type-simple"},"yoast_head":"<!-- This site is optimized with the Yoast SEO plugin v26.6 - https:\/\/yoast.com\/wordpress\/plugins\/seo\/ -->\n<title>Dual Handle Leash | QQPETS<\/title>\n<meta name=\"description\" content=\"Dual Handle Leash for ultimate control and comfort, designed for training and active dogs. Customizable for logos and patterns, ideal for B2B branding needs.\" \/>\n<meta name=\"robots\" content=\"index, follow, max-snippet:-1, max-image-preview:large, max-video-preview:-1\" \/>\n<link rel=\"canonical\" href=\"https:\/\/qqpets.com\/lv\/products\/dual-handle-leash\/\" \/>\n<meta property=\"og:locale\" content=\"lv_LV\" \/>\n<meta property=\"og:type\" content=\"article\" \/>\n<meta property=\"og:title\" content=\"Dual Handle Leash | QQPETS\" \/>\n<meta property=\"og:description\" content=\"Dual Handle Leash for ultimate control and comfort, designed for training and active dogs. Customizable for logos and patterns, ideal for B2B branding needs.\" \/>\n<meta property=\"og:url\" content=\"https:\/\/qqpets.com\/lv\/products\/dual-handle-leash\/\" \/>\n<meta property=\"og:site_name\" content=\"QQPETS\" \/>\n<meta property=\"article:publisher\" content=\"https:\/\/www.facebook.com\/QQpetsdogcollars\" \/>\n<meta property=\"og:image\" content=\"https:\/\/qqpets.com\/wp-content\/uploads\/2024\/11\/Dual-Handle-Leash1.webp\" \/>\n\t<meta property=\"og:image:width\" content=\"800\" \/>\n\t<meta property=\"og:image:height\" content=\"800\" \/>\n\t<meta property=\"og:image:type\" content=\"image\/webp\" \/>\n<meta name=\"twitter:card\" content=\"summary_large_image\" \/>\n<meta name=\"twitter:label1\" content=\"Est. reading time\" \/>\n\t<meta name=\"twitter:data1\" content=\"2 min\u016btes\" \/>\n<script type=\"application\/ld+json\" class=\"yoast-schema-graph\">{\"@context\":\"https:\/\/schema.org\",\"@graph\":[{\"@type\":\"WebPage\",\"@id\":\"https:\/\/qqpets.com\/product\/dual-handle-leash\/\",\"url\":\"https:\/\/qqpets.com\/product\/dual-handle-leash\/\",\"name\":\"Dual Handle Leash | QQPETS\",\"isPartOf\":{\"@id\":\"https:\/\/qqpets.com\/#website\"},\"primaryImageOfPage\":{\"@id\":\"https:\/\/qqpets.com\/product\/dual-handle-leash\/#primaryimage\"},\"image\":{\"@id\":\"https:\/\/qqpets.com\/product\/dual-handle-leash\/#primaryimage\"},\"thumbnailUrl\":\"https:\/\/qqpets.com\/wp-content\/uploads\/2024\/11\/Dual-Handle-Leash1.webp\",\"datePublished\":\"2024-11-14T08:53:17+00:00\",\"description\":\"Dual Handle Leash for ultimate control and comfort, designed for training and active dogs. Customizable for logos and patterns, ideal for B2B branding needs.\",\"breadcrumb\":{\"@id\":\"https:\/\/qqpets.com\/product\/dual-handle-leash\/#breadcrumb\"},\"inLanguage\":\"lv-LV\",\"potentialAction\":[{\"@type\":\"ReadAction\",\"target\":[\"https:\/\/qqpets.com\/product\/dual-handle-leash\/\"]}]},{\"@type\":\"ImageObject\",\"inLanguage\":\"lv-LV\",\"@id\":\"https:\/\/qqpets.com\/product\/dual-handle-leash\/#primaryimage\",\"url\":\"https:\/\/qqpets.com\/wp-content\/uploads\/2024\/11\/Dual-Handle-Leash1.webp\",\"contentUrl\":\"https:\/\/qqpets.com\/wp-content\/uploads\/2024\/11\/Dual-Handle-Leash1.webp\",\"width\":800,\"height\":800},{\"@type\":\"BreadcrumbList\",\"@id\":\"https:\/\/qqpets.com\/product\/dual-handle-leash\/#breadcrumb\",\"itemListElement\":[{\"@type\":\"ListItem\",\"position\":1,\"name\":\"Home\",\"item\":\"https:\/\/qqpets.com\/\"},{\"@type\":\"ListItem\",\"position\":2,\"name\":\"Products\",\"item\":\"https:\/\/qqpets.com\/pet-products-manufacturer\/\"},{\"@type\":\"ListItem\",\"position\":3,\"name\":\"Dual Handle Leash\"}]},{\"@type\":\"WebSite\",\"@id\":\"https:\/\/qqpets.com\/#website\",\"url\":\"https:\/\/qqpets.com\/\",\"name\":\"QQPETS\",\"description\":\"QQPETS is a pet products factory for dog harnesses, dog collars, dog leashes and dog accessories with professional customized service since 2005.\",\"publisher\":{\"@id\":\"https:\/\/qqpets.com\/#organization\"},\"potentialAction\":[{\"@type\":\"SearchAction\",\"target\":{\"@type\":\"EntryPoint\",\"urlTemplate\":\"https:\/\/qqpets.com\/?s={search_term_string}\"},\"query-input\":{\"@type\":\"PropertyValueSpecification\",\"valueRequired\":true,\"valueName\":\"search_term_string\"}}],\"inLanguage\":\"lv-LV\"},{\"@type\":\"Organization\",\"@id\":\"https:\/\/qqpets.com\/#organization\",\"name\":\"QQPETS\",\"url\":\"https:\/\/qqpets.com\/\",\"logo\":{\"@type\":\"ImageObject\",\"inLanguage\":\"lv-LV\",\"@id\":\"https:\/\/qqpets.com\/#\/schema\/logo\/image\/\",\"url\":\"https:\/\/qqpets.com\/wp-content\/uploads\/2023\/09\/cropped-cropped-qqpets-tiktok.jpg\",\"contentUrl\":\"https:\/\/qqpets.com\/wp-content\/uploads\/2023\/09\/cropped-cropped-qqpets-tiktok.jpg\",\"width\":511,\"height\":511,\"caption\":\"QQPETS\"},\"image\":{\"@id\":\"https:\/\/qqpets.com\/#\/schema\/logo\/image\/\"},\"sameAs\":[\"https:\/\/www.facebook.com\/QQpetsdogcollars\",\"https:\/\/www.instagram.com\/qqpetscollar\/\",\"https:\/\/www.pinterest.com\/qqpetsdogcollarsfactory\/\"]}]}<\/script>\n<!-- \/ Yoast SEO plugin. -->","yoast_head_json":{"title":"Dual Handle Leash | QQPETS","description":"Dual Handle Leash for ultimate control and comfort, designed for training and active dogs. Customizable for logos and patterns, ideal for B2B branding needs.","robots":{"index":"index","follow":"follow","max-snippet":"max-snippet:-1","max-image-preview":"max-image-preview:large","max-video-preview":"max-video-preview:-1"},"canonical":"https:\/\/qqpets.com\/lv\/products\/dual-handle-leash\/","og_locale":"lv_LV","og_type":"article","og_title":"Dual Handle Leash | QQPETS","og_description":"Dual Handle Leash for ultimate control and comfort, designed for training and active dogs. Customizable for logos and patterns, ideal for B2B branding needs.","og_url":"https:\/\/qqpets.com\/lv\/products\/dual-handle-leash\/","og_site_name":"QQPETS","article_publisher":"https:\/\/www.facebook.com\/QQpetsdogcollars","og_image":[{"width":800,"height":800,"url":"https:\/\/qqpets.com\/wp-content\/uploads\/2024\/11\/Dual-Handle-Leash1.webp","type":"image\/webp"}],"twitter_card":"summary_large_image","twitter_misc":{"Est. reading time":"2 min\u016btes"},"schema":{"@context":"https:\/\/schema.org","@graph":[{"@type":"WebPage","@id":"https:\/\/qqpets.com\/product\/dual-handle-leash\/","url":"https:\/\/qqpets.com\/product\/dual-handle-leash\/","name":"Dual Handle Leash | QQPETS","isPartOf":{"@id":"https:\/\/qqpets.com\/#website"},"primaryImageOfPage":{"@id":"https:\/\/qqpets.com\/product\/dual-handle-leash\/#primaryimage"},"image":{"@id":"https:\/\/qqpets.com\/product\/dual-handle-leash\/#primaryimage"},"thumbnailUrl":"https:\/\/qqpets.com\/wp-content\/uploads\/2024\/11\/Dual-Handle-Leash1.webp","datePublished":"2024-11-14T08:53:17+00:00","description":"Dual Handle Leash for ultimate control and comfort, designed for training and active dogs. Customizable for logos and patterns, ideal for B2B branding needs.","breadcrumb":{"@id":"https:\/\/qqpets.com\/product\/dual-handle-leash\/#breadcrumb"},"inLanguage":"lv-LV","potentialAction":[{"@type":"ReadAction","target":["https:\/\/qqpets.com\/product\/dual-handle-leash\/"]}]},{"@type":"ImageObject","inLanguage":"lv-LV","@id":"https:\/\/qqpets.com\/product\/dual-handle-leash\/#primaryimage","url":"https:\/\/qqpets.com\/wp-content\/uploads\/2024\/11\/Dual-Handle-Leash1.webp","contentUrl":"https:\/\/qqpets.com\/wp-content\/uploads\/2024\/11\/Dual-Handle-Leash1.webp","width":800,"height":800},{"@type":"BreadcrumbList","@id":"https:\/\/qqpets.com\/product\/dual-handle-leash\/#breadcrumb","itemListElement":[{"@type":"ListItem","position":1,"name":"Home","item":"https:\/\/qqpets.com\/"},{"@type":"ListItem","position":2,"name":"Products","item":"https:\/\/qqpets.com\/pet-products-manufacturer\/"},{"@type":"ListItem","position":3,"name":"Dual Handle Leash"}]},{"@type":"WebSite","@id":"https:\/\/qqpets.com\/#website","url":"https:\/\/qqpets.com\/","name":"QQPETS","description":"QQPETS ir lolojumdz\u012bvnieku produktu r\u016bpn\u012bca su\u0146u siksn\u0101m, su\u0146u apkakles, su\u0146u pavadas un su\u0146u aksesu\u0101ri ar profesion\u0101lu piel\u0101gotu pakalpojumu kop\u0161 2005. gada.","publisher":{"@id":"https:\/\/qqpets.com\/#organization"},"potentialAction":[{"@type":"SearchAction","target":{"@type":"EntryPoint","urlTemplate":"https:\/\/qqpets.com\/?s={search_term_string}"},"query-input":{"@type":"PropertyValueSpecification","valueRequired":true,"valueName":"search_term_string"}}],"inLanguage":"lv-LV"},{"@type":"Organization","@id":"https:\/\/qqpets.com\/#organization","name":"QQPETS","url":"https:\/\/qqpets.com\/","logo":{"@type":"ImageObject","inLanguage":"lv-LV","@id":"https:\/\/qqpets.com\/#\/schema\/logo\/image\/","url":"https:\/\/qqpets.com\/wp-content\/uploads\/2023\/09\/cropped-cropped-qqpets-tiktok.jpg","contentUrl":"https:\/\/qqpets.com\/wp-content\/uploads\/2023\/09\/cropped-cropped-qqpets-tiktok.jpg","width":511,"height":511,"caption":"QQPETS"},"image":{"@id":"https:\/\/qqpets.com\/#\/schema\/logo\/image\/"},"sameAs":["https:\/\/www.facebook.com\/QQpetsdogcollars","https:\/\/www.instagram.com\/qqpetscollar\/","https:\/\/www.pinterest.com\/qqpetsdogcollarsfactory\/"]}]}},"_links":{"self":[{"href":"https:\/\/qqpets.com\/lv\/wp-json\/wp\/v2\/product\/9390","targetHints":{"allow":["GET"]}}],"collection":[{"href":"https:\/\/qqpets.com\/lv\/wp-json\/wp\/v2\/product"}],"about":[{"href":"https:\/\/qqpets.com\/lv\/wp-json\/wp\/v2\/types\/product"}],"wp:featuredmedia":[{"embeddable":true,"href":"https:\/\/qqpets.com\/lv\/wp-json\/wp\/v2\/media\/9391"}],"wp:attachment":[{"href":"https:\/\/qqpets.com\/lv\/wp-json\/wp\/v2\/media?parent=9390"}],"wp:term":[{"taxonomy":"product_brand","embeddable":true,"href":"https:\/\/qqpets.com\/lv\/wp-json\/wp\/v2\/product_brand?post=9390"},{"taxonomy":"product_cat","embeddable":true,"href":"https:\/\/qqpets.com\/lv\/wp-json\/wp\/v2\/product_cat?post=9390"},{"taxonomy":"product_tag","embeddable":true,"href":"https:\/\/qqpets.com\/lv\/wp-json\/wp\/v2\/product_tag?post=9390"}],"curies":[{"name":"wp","href":"https:\/\/api.w.org\/{rel}","templated":true}]}}