{"id":9453,"date":"2024-11-25T17:13:19","date_gmt":"2024-11-25T09:13:19","guid":{"rendered":"https:\/\/qqpets.com\/?post_type=product&#038;p=9453"},"modified":"2024-11-25T17:13:19","modified_gmt":"2024-11-25T09:13:19","slug":"luxe-rope-dog-leash","status":"publish","type":"product","link":"https:\/\/qqpets.com\/lv\/products\/luxe-rope-dog-leash\/","title":{"rendered":"Luksusa virves su\u0146u pavadas"},"content":{"rendered":"<p>Virves su\u0146u pavadas ir lielisks aksesu\u0101rs m\u0101jdz\u012bvnieku z\u012bmoliem, kas mekl\u0113 iztur\u012bbas, stila un piel\u0101gojam\u012bbas kombin\u0101ciju. Izgatavota no augstas kvalit\u0101tes, iztur\u012bgiem materi\u0101liem, \u0161\u012b pavadas ir izstr\u0101d\u0101ta t\u0101, lai iztur\u0113tu ikdienas lieto\u0161anas gr\u016bt\u012bbas gan ikdienas pastaig\u0101s, gan ener\u0123isk\u0101s \u0101ra aktivit\u0101t\u0113s. T\u0101s virves konstrukcija nodro\u0161ina izcilu iztur\u012bbu, padarot to piem\u0113rotu visu izm\u0113ru su\u0146iem.<\/p>\n<p>\u0160ai pavadai ir m\u012bksts, ergonomisks rokturis, kas nodro\u0161ina dro\u0161u un \u0113rtu satv\u0113rienu pat garu pastaigu laik\u0101. T\u0101s viegl\u0101, bet iztur\u012bg\u0101 konstrukcija nodro\u0161ina vieglu lieto\u0161anu m\u0101jdz\u012bvnieku \u012bpa\u0161niekiem, vienlaikus saglab\u0101jot akt\u012bviem m\u0101jdz\u012bvniekiem nepiecie\u0161amo iztur\u012bbu. Var izmantot ar\u012b atstarojo\u0161as \u0161uves, kas nodro\u0161ina papildu dro\u0161\u012bbu nakts pastaig\u0101s.<\/p>\n<p>B2B klientiem virves su\u0146u pavadas nodro\u0161ina piln\u012bgas piel\u0101go\u0161anas iesp\u0113jas. Pievienojiet sava z\u012bmola logotipu, unik\u0101lus rakstus vai \u012bpa\u0161as kr\u0101sas, lai rad\u012btu izcilu produktu, kas atsauksies j\u016bsu klientu ac\u012bs. \u0160\u012b pavadas ir ide\u0101li piem\u0113rota zooveikaliem, e-komercijas platform\u0101m un korporat\u012bvaj\u0101m z\u012bmola veido\u0161anas iniciat\u012bv\u0101m, pied\u0101v\u0101jot praktisku un vienlaikus stil\u012bgu risin\u0101jumu, kas uzlabo z\u012bmola atpaz\u012bstam\u012bbu.<\/p>\n<p>Ide\u0101li apvienojot funkcionalit\u0101ti un est\u0113tisko pievilc\u012bbu, virves su\u0146u pavadas ir daudzpus\u012bgs izstr\u0101d\u0101jums, kas uzlabos jebkuru m\u0101jdz\u012bvnieku piederumu kolekciju, vienlaikus apmierinot m\u016bsdienu m\u0101jdz\u012bvnieku \u012bpa\u0161nieku pras\u012bbas.<\/p>","protected":false},"excerpt":{"rendered":"<p>M\u016bsu virves su\u0146u pavadas ir veidotas, lai nodro\u0161in\u0101tu iztur\u012bbu, stilu un komfortu, t\u0101p\u0113c t\u0101s ir ide\u0101la izv\u0113le akt\u012bviem m\u0101jdz\u012bvniekiem. Izgatavota no augst\u0101k\u0101s kvalit\u0101tes nodilumiztur\u012bgiem materi\u0101liem, \u0161\u012b pavadas nodro\u0161ina iztur\u012bbu un ilgm\u016b\u017e\u012bbu ikdienas pastaig\u0101m vai \u0101ra piedz\u012bvojumiem. T\u0101 ir izstr\u0101d\u0101ta B2B klientiem, un tai ir piln\u012bgas piel\u0101go\u0161anas iesp\u0113jas, \u013caujot jums pievienot logotipus vai rakstus, kas atbilst j\u016bsu z\u012bmolam. M\u012bkstais, ergonomiskais rokturis nodro\u0161ina \u0113rtu satv\u0113rienu, savuk\u0101rt stil\u012bgais dizains pie\u0161\u0137ir j\u016bsu produktu l\u012bnijai \u0161armu. \u0160\u012b siksna ir ide\u0101li piem\u0113rota zooveikaliem, tie\u0161saistes mazumtirgot\u0101jiem vai rekl\u0101mas d\u0101van\u0101m, t\u0101 ir ide\u0101ls funkcionalit\u0101tes un z\u012bmola kombin\u0101cija.<\/p>","protected":false},"featured_media":9455,"template":"","meta":[],"product_brand":[],"product_cat":[27],"product_tag":[],"class_list":{"0":"post-9453","1":"product","2":"type-product","3":"status-publish","4":"has-post-thumbnail","6":"product_cat-dog-leash","8":"first","9":"instock","10":"shipping-taxable","11":"product-type-simple"},"yoast_head":"<!-- This site is optimized with the Yoast SEO plugin v26.6 - https:\/\/yoast.com\/wordpress\/plugins\/seo\/ -->\n<title>Luxe Rope Dog Leash | QQPETS<\/title>\n<meta name=\"description\" content=\"Durable and customizable rope dog leash for active pets. Perfect for B2B clients seeking branded designs with logos or patterns. Comfortable, stylish, and strong.\" \/>\n<meta name=\"robots\" content=\"index, follow, max-snippet:-1, max-image-preview:large, max-video-preview:-1\" \/>\n<link rel=\"canonical\" href=\"https:\/\/qqpets.com\/lv\/products\/luxe-rope-dog-leash\/\" \/>\n<meta property=\"og:locale\" content=\"lv_LV\" \/>\n<meta property=\"og:type\" content=\"article\" \/>\n<meta property=\"og:title\" content=\"Luxe Rope Dog Leash | QQPETS\" \/>\n<meta property=\"og:description\" content=\"Durable and customizable rope dog leash for active pets. Perfect for B2B clients seeking branded designs with logos or patterns. Comfortable, stylish, and strong.\" \/>\n<meta property=\"og:url\" content=\"https:\/\/qqpets.com\/lv\/products\/luxe-rope-dog-leash\/\" \/>\n<meta property=\"og:site_name\" content=\"QQPETS\" \/>\n<meta property=\"article:publisher\" content=\"https:\/\/www.facebook.com\/QQpetsdogcollars\" \/>\n<meta property=\"og:image\" content=\"https:\/\/qqpets.com\/wp-content\/uploads\/2024\/11\/rope-dog-leash-Khaki1.webp\" \/>\n\t<meta property=\"og:image:width\" content=\"1000\" \/>\n\t<meta property=\"og:image:height\" content=\"1000\" \/>\n\t<meta property=\"og:image:type\" content=\"image\/webp\" \/>\n<meta name=\"twitter:card\" content=\"summary_large_image\" \/>\n<meta name=\"twitter:label1\" content=\"Est. reading time\" \/>\n\t<meta name=\"twitter:data1\" content=\"2 min\u016btes\" \/>\n<script type=\"application\/ld+json\" class=\"yoast-schema-graph\">{\"@context\":\"https:\/\/schema.org\",\"@graph\":[{\"@type\":\"WebPage\",\"@id\":\"https:\/\/qqpets.com\/product\/luxe-rope-dog-leash\/\",\"url\":\"https:\/\/qqpets.com\/product\/luxe-rope-dog-leash\/\",\"name\":\"Luxe Rope Dog Leash | QQPETS\",\"isPartOf\":{\"@id\":\"https:\/\/qqpets.com\/#website\"},\"primaryImageOfPage\":{\"@id\":\"https:\/\/qqpets.com\/product\/luxe-rope-dog-leash\/#primaryimage\"},\"image\":{\"@id\":\"https:\/\/qqpets.com\/product\/luxe-rope-dog-leash\/#primaryimage\"},\"thumbnailUrl\":\"https:\/\/qqpets.com\/wp-content\/uploads\/2024\/11\/rope-dog-leash-Khaki1.webp\",\"datePublished\":\"2024-11-25T09:13:19+00:00\",\"description\":\"Durable and customizable rope dog leash for active pets. Perfect for B2B clients seeking branded designs with logos or patterns. Comfortable, stylish, and strong.\",\"breadcrumb\":{\"@id\":\"https:\/\/qqpets.com\/product\/luxe-rope-dog-leash\/#breadcrumb\"},\"inLanguage\":\"lv-LV\",\"potentialAction\":[{\"@type\":\"ReadAction\",\"target\":[\"https:\/\/qqpets.com\/product\/luxe-rope-dog-leash\/\"]}]},{\"@type\":\"ImageObject\",\"inLanguage\":\"lv-LV\",\"@id\":\"https:\/\/qqpets.com\/product\/luxe-rope-dog-leash\/#primaryimage\",\"url\":\"https:\/\/qqpets.com\/wp-content\/uploads\/2024\/11\/rope-dog-leash-Khaki1.webp\",\"contentUrl\":\"https:\/\/qqpets.com\/wp-content\/uploads\/2024\/11\/rope-dog-leash-Khaki1.webp\",\"width\":1000,\"height\":1000},{\"@type\":\"BreadcrumbList\",\"@id\":\"https:\/\/qqpets.com\/product\/luxe-rope-dog-leash\/#breadcrumb\",\"itemListElement\":[{\"@type\":\"ListItem\",\"position\":1,\"name\":\"Home\",\"item\":\"https:\/\/qqpets.com\/\"},{\"@type\":\"ListItem\",\"position\":2,\"name\":\"Products\",\"item\":\"https:\/\/qqpets.com\/pet-products-manufacturer\/\"},{\"@type\":\"ListItem\",\"position\":3,\"name\":\"Luxe Rope Dog Leash\"}]},{\"@type\":\"WebSite\",\"@id\":\"https:\/\/qqpets.com\/#website\",\"url\":\"https:\/\/qqpets.com\/\",\"name\":\"QQPETS\",\"description\":\"QQPETS is a pet products factory for dog harnesses, dog collars, dog leashes and dog accessories with professional customized service since 2005.\",\"publisher\":{\"@id\":\"https:\/\/qqpets.com\/#organization\"},\"potentialAction\":[{\"@type\":\"SearchAction\",\"target\":{\"@type\":\"EntryPoint\",\"urlTemplate\":\"https:\/\/qqpets.com\/?s={search_term_string}\"},\"query-input\":{\"@type\":\"PropertyValueSpecification\",\"valueRequired\":true,\"valueName\":\"search_term_string\"}}],\"inLanguage\":\"lv-LV\"},{\"@type\":\"Organization\",\"@id\":\"https:\/\/qqpets.com\/#organization\",\"name\":\"QQPETS\",\"url\":\"https:\/\/qqpets.com\/\",\"logo\":{\"@type\":\"ImageObject\",\"inLanguage\":\"lv-LV\",\"@id\":\"https:\/\/qqpets.com\/#\/schema\/logo\/image\/\",\"url\":\"https:\/\/qqpets.com\/wp-content\/uploads\/2023\/09\/cropped-cropped-qqpets-tiktok.jpg\",\"contentUrl\":\"https:\/\/qqpets.com\/wp-content\/uploads\/2023\/09\/cropped-cropped-qqpets-tiktok.jpg\",\"width\":511,\"height\":511,\"caption\":\"QQPETS\"},\"image\":{\"@id\":\"https:\/\/qqpets.com\/#\/schema\/logo\/image\/\"},\"sameAs\":[\"https:\/\/www.facebook.com\/QQpetsdogcollars\",\"https:\/\/www.instagram.com\/qqpetscollar\/\",\"https:\/\/www.pinterest.com\/qqpetsdogcollarsfactory\/\"]}]}<\/script>\n<!-- \/ Yoast SEO plugin. -->","yoast_head_json":{"title":"Luksusa virves su\u0146u pavadas | QQPETS","description":"Iztur\u012bga un piel\u0101gojama virves su\u0146u pavadas akt\u012bviem m\u0101jdz\u012bvniekiem. Ide\u0101li piem\u0113rots B2B klientiem, kas mekl\u0113 z\u012bmolu dizainus ar logotipiem vai rakstiem. \u0112rta, stil\u012bga un iztur\u012bga.","robots":{"index":"index","follow":"follow","max-snippet":"max-snippet:-1","max-image-preview":"max-image-preview:large","max-video-preview":"max-video-preview:-1"},"canonical":"https:\/\/qqpets.com\/lv\/products\/luxe-rope-dog-leash\/","og_locale":"lv_LV","og_type":"article","og_title":"Luxe Rope Dog Leash | QQPETS","og_description":"Durable and customizable rope dog leash for active pets. Perfect for B2B clients seeking branded designs with logos or patterns. Comfortable, stylish, and strong.","og_url":"https:\/\/qqpets.com\/lv\/products\/luxe-rope-dog-leash\/","og_site_name":"QQPETS","article_publisher":"https:\/\/www.facebook.com\/QQpetsdogcollars","og_image":[{"width":1000,"height":1000,"url":"https:\/\/qqpets.com\/wp-content\/uploads\/2024\/11\/rope-dog-leash-Khaki1.webp","type":"image\/webp"}],"twitter_card":"summary_large_image","twitter_misc":{"Est. reading time":"2 min\u016btes"},"schema":{"@context":"https:\/\/schema.org","@graph":[{"@type":"WebPage","@id":"https:\/\/qqpets.com\/product\/luxe-rope-dog-leash\/","url":"https:\/\/qqpets.com\/product\/luxe-rope-dog-leash\/","name":"Luksusa virves su\u0146u pavadas | QQPETS","isPartOf":{"@id":"https:\/\/qqpets.com\/#website"},"primaryImageOfPage":{"@id":"https:\/\/qqpets.com\/product\/luxe-rope-dog-leash\/#primaryimage"},"image":{"@id":"https:\/\/qqpets.com\/product\/luxe-rope-dog-leash\/#primaryimage"},"thumbnailUrl":"https:\/\/qqpets.com\/wp-content\/uploads\/2024\/11\/rope-dog-leash-Khaki1.webp","datePublished":"2024-11-25T09:13:19+00:00","description":"Iztur\u012bga un piel\u0101gojama virves su\u0146u pavadas akt\u012bviem m\u0101jdz\u012bvniekiem. Ide\u0101li piem\u0113rots B2B klientiem, kas mekl\u0113 z\u012bmolu dizainus ar logotipiem vai rakstiem. \u0112rta, stil\u012bga un iztur\u012bga.","breadcrumb":{"@id":"https:\/\/qqpets.com\/product\/luxe-rope-dog-leash\/#breadcrumb"},"inLanguage":"lv-LV","potentialAction":[{"@type":"ReadAction","target":["https:\/\/qqpets.com\/product\/luxe-rope-dog-leash\/"]}]},{"@type":"ImageObject","inLanguage":"lv-LV","@id":"https:\/\/qqpets.com\/product\/luxe-rope-dog-leash\/#primaryimage","url":"https:\/\/qqpets.com\/wp-content\/uploads\/2024\/11\/rope-dog-leash-Khaki1.webp","contentUrl":"https:\/\/qqpets.com\/wp-content\/uploads\/2024\/11\/rope-dog-leash-Khaki1.webp","width":1000,"height":1000},{"@type":"BreadcrumbList","@id":"https:\/\/qqpets.com\/product\/luxe-rope-dog-leash\/#breadcrumb","itemListElement":[{"@type":"ListItem","position":1,"name":"Home","item":"https:\/\/qqpets.com\/"},{"@type":"ListItem","position":2,"name":"Products","item":"https:\/\/qqpets.com\/pet-products-manufacturer\/"},{"@type":"ListItem","position":3,"name":"Luxe Rope Dog Leash"}]},{"@type":"WebSite","@id":"https:\/\/qqpets.com\/#website","url":"https:\/\/qqpets.com\/","name":"QQPETS","description":"QQPETS ir lolojumdz\u012bvnieku produktu r\u016bpn\u012bca su\u0146u siksn\u0101m, su\u0146u apkakles, su\u0146u pavadas un su\u0146u aksesu\u0101ri ar profesion\u0101lu piel\u0101gotu pakalpojumu kop\u0161 2005. gada.","publisher":{"@id":"https:\/\/qqpets.com\/#organization"},"potentialAction":[{"@type":"SearchAction","target":{"@type":"EntryPoint","urlTemplate":"https:\/\/qqpets.com\/?s={search_term_string}"},"query-input":{"@type":"PropertyValueSpecification","valueRequired":true,"valueName":"search_term_string"}}],"inLanguage":"lv-LV"},{"@type":"Organization","@id":"https:\/\/qqpets.com\/#organization","name":"QQPETS","url":"https:\/\/qqpets.com\/","logo":{"@type":"ImageObject","inLanguage":"lv-LV","@id":"https:\/\/qqpets.com\/#\/schema\/logo\/image\/","url":"https:\/\/qqpets.com\/wp-content\/uploads\/2023\/09\/cropped-cropped-qqpets-tiktok.jpg","contentUrl":"https:\/\/qqpets.com\/wp-content\/uploads\/2023\/09\/cropped-cropped-qqpets-tiktok.jpg","width":511,"height":511,"caption":"QQPETS"},"image":{"@id":"https:\/\/qqpets.com\/#\/schema\/logo\/image\/"},"sameAs":["https:\/\/www.facebook.com\/QQpetsdogcollars","https:\/\/www.instagram.com\/qqpetscollar\/","https:\/\/www.pinterest.com\/qqpetsdogcollarsfactory\/"]}]}},"_links":{"self":[{"href":"https:\/\/qqpets.com\/lv\/wp-json\/wp\/v2\/product\/9453","targetHints":{"allow":["GET"]}}],"collection":[{"href":"https:\/\/qqpets.com\/lv\/wp-json\/wp\/v2\/product"}],"about":[{"href":"https:\/\/qqpets.com\/lv\/wp-json\/wp\/v2\/types\/product"}],"wp:featuredmedia":[{"embeddable":true,"href":"https:\/\/qqpets.com\/lv\/wp-json\/wp\/v2\/media\/9455"}],"wp:attachment":[{"href":"https:\/\/qqpets.com\/lv\/wp-json\/wp\/v2\/media?parent=9453"}],"wp:term":[{"taxonomy":"product_brand","embeddable":true,"href":"https:\/\/qqpets.com\/lv\/wp-json\/wp\/v2\/product_brand?post=9453"},{"taxonomy":"product_cat","embeddable":true,"href":"https:\/\/qqpets.com\/lv\/wp-json\/wp\/v2\/product_cat?post=9453"},{"taxonomy":"product_tag","embeddable":true,"href":"https:\/\/qqpets.com\/lv\/wp-json\/wp\/v2\/product_tag?post=9453"}],"curies":[{"name":"wp","href":"https:\/\/api.w.org\/{rel}","templated":true}]}}