{"id":144,"date":"2023-10-04T15:13:45","date_gmt":"2023-10-04T07:13:45","guid":{"rendered":"https:\/\/qqpets.com\/?post_type=product&#038;p=144"},"modified":"2024-12-12T17:22:40","modified_gmt":"2024-12-12T09:22:40","slug":"qqpets-retractable-dog-leash-with-light-up-2-0","status":"publish","type":"product","link":"https:\/\/qqpets.com\/pl\/produkt\/qqpets-retractable-dog-leash-with-light-up-2-0\/","title":{"rendered":"QQPETS Zwijana smycz dla psa z pod\u015bwietleniem 2.0"},"content":{"rendered":"<p>Przedstawiamy nasz\u0105 innowacyjn\u0105 zwijan\u0105 smycz dla psa ze \u015bwiat\u0142em, niezb\u0119dn\u0105 dla w\u0142a\u015bcicieli zwierz\u0105t, kt\u00f3rzy wyprowadzaj\u0105 swoje psy w warunkach s\u0142abego o\u015bwietlenia. Ta smycz wyr\u00f3\u017cnia si\u0119 unikalnymi bocznymi \u015bwiat\u0142ami, kt\u00f3re oferuj\u0105 nie tylko funkcjonalno\u015b\u0107, ale tak\u017ce odrobin\u0119 stylu. Mo\u017cesz wybiera\u0107 spo\u015br\u00f3d trzech tryb\u00f3w - szybki b\u0142ysk, wolny b\u0142ysk i sta\u0142y - aby dopasowa\u0107 je do swoich potrzeb w zakresie widoczno\u015bci i osobistych upodoba\u0144.<\/p>\n<p>Zwijany mechanizm zapewnia psu du\u017c\u0105 swobod\u0119 eksploracji, z d\u0142ugo\u015bci\u0105 smyczy do 16 st\u00f3p, kt\u00f3r\u0105 mo\u017cna regulowa\u0107 w razie potrzeby. Ergonomiczny uchwyt zosta\u0142 zaprojektowany z my\u015bl\u0105 o wygodzie podczas d\u0142ugich spacer\u00f3w, zapewniaj\u0105c \u0142atwo\u015b\u0107 u\u017cytkowania niezale\u017cnie od czasu trwania wycieczki.<\/p>\n<p>Zbudowana z my\u015bl\u0105 o trwa\u0142o\u015bci, smycz jest wyposa\u017cona w solidny mechanizm i mocny materia\u0142 linki, kt\u00f3ry jest w stanie poradzi\u0107 sobie z ci\u0105gni\u0119ciem i ekscytacj\u0105 prawie ka\u017cdej rasy. Zintegrowany system o\u015bwietlenia jest zasilany przez akumulator, zapewniaj\u0105c d\u0142ugotrwa\u0142e o\u015bwietlenie i wygod\u0119, \u0142atwo \u0142adowany przez USB.<\/p>\n<p>Ta smycz jest nie tylko praktyczna; to wyb\u00f3r stylu \u017cycia dla tych, kt\u00f3rzy stawiaj\u0105 na bezpiecze\u0144stwo i styl. Niezale\u017cnie od tego, czy wybierasz si\u0119 na wieczorny spacer, czy poranny jogging, nasza zwijana smycz dla psa ze \u015bwiat\u0142em zapewnia, \u017ce Tw\u00f3j pies jest widoczny i bezpieczny, a o\u015bwietlenie otoczenia tworzy przyjemn\u0105 atmosfer\u0119, dzi\u0119ki czemu ka\u017cdy spacer jest przyjemnym do\u015bwiadczeniem.<\/p>\n<p><img fetchpriority=\"high\" decoding=\"async\" class=\"aligncenter wp-image-7656\" src=\"https:\/\/qqpets.com\/wp-content\/uploads\/2023\/10\/Retractable-Dog-Leash-With-Light-2.0-1-300x186.webp\" alt=\"\" width=\"970\" height=\"600\" srcset=\"https:\/\/qqpets.com\/wp-content\/uploads\/2023\/10\/Retractable-Dog-Leash-With-Light-2.0-1-300x186.webp 300w, https:\/\/qqpets.com\/wp-content\/uploads\/2023\/10\/Retractable-Dog-Leash-With-Light-2.0-1-800x495.webp 800w, https:\/\/qqpets.com\/wp-content\/uploads\/2023\/10\/Retractable-Dog-Leash-With-Light-2.0-1-768x475.webp 768w, https:\/\/qqpets.com\/wp-content\/uploads\/2023\/10\/Retractable-Dog-Leash-With-Light-2.0-1.webp 970w\" sizes=\"(max-width: 970px) 100vw, 970px\" \/><\/p>\n<p><img decoding=\"async\" class=\"aligncenter wp-image-7657\" src=\"https:\/\/qqpets.com\/wp-content\/uploads\/2023\/10\/Retractable-Dog-Leash-With-Light-2.0-2-300x186.webp\" alt=\"\" width=\"970\" height=\"600\" srcset=\"https:\/\/qqpets.com\/wp-content\/uploads\/2023\/10\/Retractable-Dog-Leash-With-Light-2.0-2-300x186.webp 300w, https:\/\/qqpets.com\/wp-content\/uploads\/2023\/10\/Retractable-Dog-Leash-With-Light-2.0-2-800x495.webp 800w, https:\/\/qqpets.com\/wp-content\/uploads\/2023\/10\/Retractable-Dog-Leash-With-Light-2.0-2-768x475.webp 768w, https:\/\/qqpets.com\/wp-content\/uploads\/2023\/10\/Retractable-Dog-Leash-With-Light-2.0-2.webp 970w\" sizes=\"(max-width: 970px) 100vw, 970px\" \/><\/p>\n<p><img decoding=\"async\" class=\"aligncenter wp-image-7658\" src=\"https:\/\/qqpets.com\/wp-content\/uploads\/2023\/10\/Retractable-Dog-Leash-With-Light-2.0-3-300x186.webp\" alt=\"\" width=\"970\" height=\"600\" srcset=\"https:\/\/qqpets.com\/wp-content\/uploads\/2023\/10\/Retractable-Dog-Leash-With-Light-2.0-3-300x186.webp 300w, https:\/\/qqpets.com\/wp-content\/uploads\/2023\/10\/Retractable-Dog-Leash-With-Light-2.0-3-800x495.webp 800w, https:\/\/qqpets.com\/wp-content\/uploads\/2023\/10\/Retractable-Dog-Leash-With-Light-2.0-3-768x475.webp 768w, https:\/\/qqpets.com\/wp-content\/uploads\/2023\/10\/Retractable-Dog-Leash-With-Light-2.0-3.webp 970w\" sizes=\"(max-width: 970px) 100vw, 970px\" \/><\/p>\n<p><img loading=\"lazy\" decoding=\"async\" class=\"aligncenter wp-image-7659\" src=\"https:\/\/qqpets.com\/wp-content\/uploads\/2023\/10\/Retractable-Dog-Leash-With-Light-2.0-4-300x186.webp\" alt=\"\" width=\"970\" height=\"600\" srcset=\"https:\/\/qqpets.com\/wp-content\/uploads\/2023\/10\/Retractable-Dog-Leash-With-Light-2.0-4-300x186.webp 300w, https:\/\/qqpets.com\/wp-content\/uploads\/2023\/10\/Retractable-Dog-Leash-With-Light-2.0-4-800x495.webp 800w, https:\/\/qqpets.com\/wp-content\/uploads\/2023\/10\/Retractable-Dog-Leash-With-Light-2.0-4-768x475.webp 768w, https:\/\/qqpets.com\/wp-content\/uploads\/2023\/10\/Retractable-Dog-Leash-With-Light-2.0-4.webp 970w\" sizes=\"(max-width: 970px) 100vw, 970px\" \/><\/p>\n<p><img loading=\"lazy\" decoding=\"async\" class=\"aligncenter wp-image-7660\" src=\"https:\/\/qqpets.com\/wp-content\/uploads\/2023\/10\/Retractable-Dog-Leash-With-Light-2.0-5-300x186.webp\" alt=\"\" width=\"970\" height=\"600\" srcset=\"https:\/\/qqpets.com\/wp-content\/uploads\/2023\/10\/Retractable-Dog-Leash-With-Light-2.0-5-300x186.webp 300w, https:\/\/qqpets.com\/wp-content\/uploads\/2023\/10\/Retractable-Dog-Leash-With-Light-2.0-5-800x495.webp 800w, https:\/\/qqpets.com\/wp-content\/uploads\/2023\/10\/Retractable-Dog-Leash-With-Light-2.0-5-768x475.webp 768w, https:\/\/qqpets.com\/wp-content\/uploads\/2023\/10\/Retractable-Dog-Leash-With-Light-2.0-5.webp 970w\" sizes=\"(max-width: 970px) 100vw, 970px\" \/><\/p>\n<p><img loading=\"lazy\" decoding=\"async\" class=\"aligncenter wp-image-7662\" src=\"https:\/\/qqpets.com\/wp-content\/uploads\/2023\/10\/Retractable-Dog-Leash-With-Light-2.0-7-300x186.webp\" alt=\"\" width=\"970\" height=\"600\" srcset=\"https:\/\/qqpets.com\/wp-content\/uploads\/2023\/10\/Retractable-Dog-Leash-With-Light-2.0-7-300x186.webp 300w, https:\/\/qqpets.com\/wp-content\/uploads\/2023\/10\/Retractable-Dog-Leash-With-Light-2.0-7-800x495.webp 800w, https:\/\/qqpets.com\/wp-content\/uploads\/2023\/10\/Retractable-Dog-Leash-With-Light-2.0-7-768x475.webp 768w, https:\/\/qqpets.com\/wp-content\/uploads\/2023\/10\/Retractable-Dog-Leash-With-Light-2.0-7.webp 970w\" sizes=\"(max-width: 970px) 100vw, 970px\" \/><\/p>","protected":false},"excerpt":{"rendered":"<p>Uatrakcyjnij wieczorne spacery dzi\u0119ki naszej zwijanej smyczy dla psa ze \u015bwiat\u0142em, wyposa\u017conej w unikalne boczne o\u015bwietlenie. Ta smycz zapewnia trzy kolory i tryby o\u015bwietlenia - szybki b\u0142ysk, powolny b\u0142ysk i sta\u0142y - aby zapewni\u0107 widoczno\u015b\u0107 i bezpiecze\u0144stwo. Jej zwijana konstrukcja zapewnia psu swobod\u0119 przy jednoczesnym zachowaniu kontroli. Idealna do u\u017cytku w nocy, \u0142\u0105czy funkcjonalno\u015b\u0107 ze stylowym, nowoczesnym wygl\u0105dem, zapewniaj\u0105c bezpieczne i przyjemne spacery.<\/p>\n<p>1. Obr\u00f3t o 360 stopni zapobiega zapl\u0105taniu si\u0119 liny<br \/>\n2. Przednie \u015bwiat\u0142o LED o wysokiej jasno\u015bci, bezpieczniejsze podczas nocnych spacer\u00f3w z psem<br \/>\n3. Dwustronne, ch\u0142odne o\u015bwietlenie RGB, bardziej przyci\u0105gaj\u0105ce wzrok podczas spotka\u0144 towarzyskich<br \/>\n4. Naci\u015bnij, aby zatrzyma\u0107, pchnij do przodu, aby zablokowa\u0107, \u0142atwiej wyprowadza\u0107 psa<br \/>\n5. Obs\u0142uga funkcji \u0142adowania, \u0142atwa do przenoszenia<\/p>","protected":false},"featured_media":7560,"template":"","meta":[],"product_brand":[],"product_cat":[27,21],"product_tag":[22],"class_list":{"0":"post-144","1":"product","2":"type-product","3":"status-publish","4":"has-post-thumbnail","6":"product_cat-dog-leash","7":"product_cat-led-product","8":"product_tag-led-leash","10":"first","11":"instock","12":"shipping-taxable","13":"product-type-simple"},"yoast_head":"<!-- This site is optimized with the Yoast SEO plugin v26.6 - https:\/\/yoast.com\/wordpress\/plugins\/seo\/ -->\n<title>QQPETS Retractable Dog Leash With Light Up 2.0 | QQPETS<\/title>\n<meta name=\"description\" content=\"Explore our unique Retractable Dog Leash with ambient side lights. Multiple colors &amp; modes for safety. Shop now!\" \/>\n<meta name=\"robots\" content=\"index, follow, max-snippet:-1, max-image-preview:large, max-video-preview:-1\" \/>\n<link rel=\"canonical\" href=\"https:\/\/qqpets.com\/pl\/produkt\/qqpets-retractable-dog-leash-with-light-up-2-0\/\" \/>\n<meta property=\"og:locale\" content=\"pl_PL\" \/>\n<meta property=\"og:type\" content=\"article\" \/>\n<meta property=\"og:title\" content=\"QQPETS Retractable Dog Leash With Light Up 2.0 | QQPETS\" \/>\n<meta property=\"og:description\" content=\"Explore our unique Retractable Dog Leash with ambient side lights. Multiple colors &amp; modes for safety. Shop now!\" \/>\n<meta property=\"og:url\" content=\"https:\/\/qqpets.com\/pl\/produkt\/qqpets-retractable-dog-leash-with-light-up-2-0\/\" \/>\n<meta property=\"og:site_name\" content=\"QQPETS\" \/>\n<meta property=\"article:publisher\" content=\"https:\/\/www.facebook.com\/QQpetsdogcollars\" \/>\n<meta property=\"article:modified_time\" content=\"2024-12-12T09:22:40+00:00\" \/>\n<meta property=\"og:image\" content=\"https:\/\/qqpets.com\/wp-content\/uploads\/2023\/10\/1.retractable-dog-leash.webp\" \/>\n\t<meta property=\"og:image:width\" content=\"1600\" \/>\n\t<meta property=\"og:image:height\" content=\"1600\" \/>\n\t<meta property=\"og:image:type\" content=\"image\/webp\" \/>\n<meta name=\"twitter:card\" content=\"summary_large_image\" \/>\n<meta name=\"twitter:label1\" content=\"Szacowany czas czytania\" \/>\n\t<meta name=\"twitter:data1\" content=\"3 minuty\" \/>\n<script type=\"application\/ld+json\" class=\"yoast-schema-graph\">{\"@context\":\"https:\/\/schema.org\",\"@graph\":[{\"@type\":\"WebPage\",\"@id\":\"https:\/\/qqpets.com\/product\/qqpets-retractable-dog-leash-with-light-up-2-0\/\",\"url\":\"https:\/\/qqpets.com\/product\/qqpets-retractable-dog-leash-with-light-up-2-0\/\",\"name\":\"QQPETS Retractable Dog Leash With Light Up 2.0 | QQPETS\",\"isPartOf\":{\"@id\":\"https:\/\/qqpets.com\/#website\"},\"primaryImageOfPage\":{\"@id\":\"https:\/\/qqpets.com\/product\/qqpets-retractable-dog-leash-with-light-up-2-0\/#primaryimage\"},\"image\":{\"@id\":\"https:\/\/qqpets.com\/product\/qqpets-retractable-dog-leash-with-light-up-2-0\/#primaryimage\"},\"thumbnailUrl\":\"https:\/\/qqpets.com\/wp-content\/uploads\/2023\/10\/1.retractable-dog-leash.webp\",\"datePublished\":\"2023-10-04T07:13:45+00:00\",\"dateModified\":\"2024-12-12T09:22:40+00:00\",\"description\":\"Explore our unique Retractable Dog Leash with ambient side lights. Multiple colors & modes for safety. Shop now!\",\"breadcrumb\":{\"@id\":\"https:\/\/qqpets.com\/product\/qqpets-retractable-dog-leash-with-light-up-2-0\/#breadcrumb\"},\"inLanguage\":\"pl-PL\",\"potentialAction\":[{\"@type\":\"ReadAction\",\"target\":[\"https:\/\/qqpets.com\/product\/qqpets-retractable-dog-leash-with-light-up-2-0\/\"]}]},{\"@type\":\"ImageObject\",\"inLanguage\":\"pl-PL\",\"@id\":\"https:\/\/qqpets.com\/product\/qqpets-retractable-dog-leash-with-light-up-2-0\/#primaryimage\",\"url\":\"https:\/\/qqpets.com\/wp-content\/uploads\/2023\/10\/1.retractable-dog-leash.webp\",\"contentUrl\":\"https:\/\/qqpets.com\/wp-content\/uploads\/2023\/10\/1.retractable-dog-leash.webp\",\"width\":1600,\"height\":1600},{\"@type\":\"BreadcrumbList\",\"@id\":\"https:\/\/qqpets.com\/product\/qqpets-retractable-dog-leash-with-light-up-2-0\/#breadcrumb\",\"itemListElement\":[{\"@type\":\"ListItem\",\"position\":1,\"name\":\"Home\",\"item\":\"https:\/\/qqpets.com\/\"},{\"@type\":\"ListItem\",\"position\":2,\"name\":\"Products\",\"item\":\"https:\/\/qqpets.com\/pet-products-manufacturer\/\"},{\"@type\":\"ListItem\",\"position\":3,\"name\":\"QQPETS Retractable Dog Leash With Light Up 2.0\"}]},{\"@type\":\"WebSite\",\"@id\":\"https:\/\/qqpets.com\/#website\",\"url\":\"https:\/\/qqpets.com\/\",\"name\":\"QQPETS\",\"description\":\"QQPETS is a pet products factory for dog harnesses, dog collars, dog leashes and dog accessories with professional customized service since 2005.\",\"publisher\":{\"@id\":\"https:\/\/qqpets.com\/#organization\"},\"potentialAction\":[{\"@type\":\"SearchAction\",\"target\":{\"@type\":\"EntryPoint\",\"urlTemplate\":\"https:\/\/qqpets.com\/?s={search_term_string}\"},\"query-input\":{\"@type\":\"PropertyValueSpecification\",\"valueRequired\":true,\"valueName\":\"search_term_string\"}}],\"inLanguage\":\"pl-PL\"},{\"@type\":\"Organization\",\"@id\":\"https:\/\/qqpets.com\/#organization\",\"name\":\"QQPETS\",\"url\":\"https:\/\/qqpets.com\/\",\"logo\":{\"@type\":\"ImageObject\",\"inLanguage\":\"pl-PL\",\"@id\":\"https:\/\/qqpets.com\/#\/schema\/logo\/image\/\",\"url\":\"https:\/\/qqpets.com\/wp-content\/uploads\/2023\/09\/cropped-cropped-qqpets-tiktok.jpg\",\"contentUrl\":\"https:\/\/qqpets.com\/wp-content\/uploads\/2023\/09\/cropped-cropped-qqpets-tiktok.jpg\",\"width\":511,\"height\":511,\"caption\":\"QQPETS\"},\"image\":{\"@id\":\"https:\/\/qqpets.com\/#\/schema\/logo\/image\/\"},\"sameAs\":[\"https:\/\/www.facebook.com\/QQpetsdogcollars\",\"https:\/\/www.instagram.com\/qqpetscollar\/\",\"https:\/\/www.pinterest.com\/qqpetsdogcollarsfactory\/\"]}]}<\/script>\n<!-- \/ Yoast SEO plugin. -->","yoast_head_json":{"title":"QQPETS Zwijana smycz dla psa z pod\u015bwietleniem 2.0 | QQPETS","description":"Poznaj nasz\u0105 wyj\u0105tkow\u0105 chowan\u0105 smycz dla psa z o\u015bwietleniem bocznym. Wiele kolor\u00f3w i tryb\u00f3w dla bezpiecze\u0144stwa. Kup teraz!","robots":{"index":"index","follow":"follow","max-snippet":"max-snippet:-1","max-image-preview":"max-image-preview:large","max-video-preview":"max-video-preview:-1"},"canonical":"https:\/\/qqpets.com\/pl\/produkt\/qqpets-retractable-dog-leash-with-light-up-2-0\/","og_locale":"pl_PL","og_type":"article","og_title":"QQPETS Retractable Dog Leash With Light Up 2.0 | QQPETS","og_description":"Explore our unique Retractable Dog Leash with ambient side lights. Multiple colors & modes for safety. Shop now!","og_url":"https:\/\/qqpets.com\/pl\/produkt\/qqpets-retractable-dog-leash-with-light-up-2-0\/","og_site_name":"QQPETS","article_publisher":"https:\/\/www.facebook.com\/QQpetsdogcollars","article_modified_time":"2024-12-12T09:22:40+00:00","og_image":[{"width":1600,"height":1600,"url":"https:\/\/qqpets.com\/wp-content\/uploads\/2023\/10\/1.retractable-dog-leash.webp","type":"image\/webp"}],"twitter_card":"summary_large_image","twitter_misc":{"Szacowany czas czytania":"3 minuty"},"schema":{"@context":"https:\/\/schema.org","@graph":[{"@type":"WebPage","@id":"https:\/\/qqpets.com\/product\/qqpets-retractable-dog-leash-with-light-up-2-0\/","url":"https:\/\/qqpets.com\/product\/qqpets-retractable-dog-leash-with-light-up-2-0\/","name":"QQPETS Zwijana smycz dla psa z pod\u015bwietleniem 2.0 | QQPETS","isPartOf":{"@id":"https:\/\/qqpets.com\/#website"},"primaryImageOfPage":{"@id":"https:\/\/qqpets.com\/product\/qqpets-retractable-dog-leash-with-light-up-2-0\/#primaryimage"},"image":{"@id":"https:\/\/qqpets.com\/product\/qqpets-retractable-dog-leash-with-light-up-2-0\/#primaryimage"},"thumbnailUrl":"https:\/\/qqpets.com\/wp-content\/uploads\/2023\/10\/1.retractable-dog-leash.webp","datePublished":"2023-10-04T07:13:45+00:00","dateModified":"2024-12-12T09:22:40+00:00","description":"Poznaj nasz\u0105 wyj\u0105tkow\u0105 chowan\u0105 smycz dla psa z o\u015bwietleniem bocznym. Wiele kolor\u00f3w i tryb\u00f3w dla bezpiecze\u0144stwa. Kup teraz!","breadcrumb":{"@id":"https:\/\/qqpets.com\/product\/qqpets-retractable-dog-leash-with-light-up-2-0\/#breadcrumb"},"inLanguage":"pl-PL","potentialAction":[{"@type":"ReadAction","target":["https:\/\/qqpets.com\/product\/qqpets-retractable-dog-leash-with-light-up-2-0\/"]}]},{"@type":"ImageObject","inLanguage":"pl-PL","@id":"https:\/\/qqpets.com\/product\/qqpets-retractable-dog-leash-with-light-up-2-0\/#primaryimage","url":"https:\/\/qqpets.com\/wp-content\/uploads\/2023\/10\/1.retractable-dog-leash.webp","contentUrl":"https:\/\/qqpets.com\/wp-content\/uploads\/2023\/10\/1.retractable-dog-leash.webp","width":1600,"height":1600},{"@type":"BreadcrumbList","@id":"https:\/\/qqpets.com\/product\/qqpets-retractable-dog-leash-with-light-up-2-0\/#breadcrumb","itemListElement":[{"@type":"ListItem","position":1,"name":"Home","item":"https:\/\/qqpets.com\/"},{"@type":"ListItem","position":2,"name":"Products","item":"https:\/\/qqpets.com\/pet-products-manufacturer\/"},{"@type":"ListItem","position":3,"name":"QQPETS Retractable Dog Leash With Light Up 2.0"}]},{"@type":"WebSite","@id":"https:\/\/qqpets.com\/#website","url":"https:\/\/qqpets.com\/","name":"QQPETS","description":"QQPETS to fabryka uprz\u0119\u017cy dla ps\u00f3w, obro\u017cy dla ps\u00f3w, smyczy dla ps\u00f3w i akcesori\u00f3w dla ps\u00f3w z profesjonaln\u0105 obs\u0142ug\u0105 dostosowan\u0105 do potrzeb klienta od 2005 roku.","publisher":{"@id":"https:\/\/qqpets.com\/#organization"},"potentialAction":[{"@type":"SearchAction","target":{"@type":"EntryPoint","urlTemplate":"https:\/\/qqpets.com\/?s={search_term_string}"},"query-input":{"@type":"PropertyValueSpecification","valueRequired":true,"valueName":"search_term_string"}}],"inLanguage":"pl-PL"},{"@type":"Organization","@id":"https:\/\/qqpets.com\/#organization","name":"QQPETS","url":"https:\/\/qqpets.com\/","logo":{"@type":"ImageObject","inLanguage":"pl-PL","@id":"https:\/\/qqpets.com\/#\/schema\/logo\/image\/","url":"https:\/\/qqpets.com\/wp-content\/uploads\/2023\/09\/cropped-cropped-qqpets-tiktok.jpg","contentUrl":"https:\/\/qqpets.com\/wp-content\/uploads\/2023\/09\/cropped-cropped-qqpets-tiktok.jpg","width":511,"height":511,"caption":"QQPETS"},"image":{"@id":"https:\/\/qqpets.com\/#\/schema\/logo\/image\/"},"sameAs":["https:\/\/www.facebook.com\/QQpetsdogcollars","https:\/\/www.instagram.com\/qqpetscollar\/","https:\/\/www.pinterest.com\/qqpetsdogcollarsfactory\/"]}]}},"_links":{"self":[{"href":"https:\/\/qqpets.com\/pl\/wp-json\/wp\/v2\/product\/144","targetHints":{"allow":["GET"]}}],"collection":[{"href":"https:\/\/qqpets.com\/pl\/wp-json\/wp\/v2\/product"}],"about":[{"href":"https:\/\/qqpets.com\/pl\/wp-json\/wp\/v2\/types\/product"}],"wp:featuredmedia":[{"embeddable":true,"href":"https:\/\/qqpets.com\/pl\/wp-json\/wp\/v2\/media\/7560"}],"wp:attachment":[{"href":"https:\/\/qqpets.com\/pl\/wp-json\/wp\/v2\/media?parent=144"}],"wp:term":[{"taxonomy":"product_brand","embeddable":true,"href":"https:\/\/qqpets.com\/pl\/wp-json\/wp\/v2\/product_brand?post=144"},{"taxonomy":"product_cat","embeddable":true,"href":"https:\/\/qqpets.com\/pl\/wp-json\/wp\/v2\/product_cat?post=144"},{"taxonomy":"product_tag","embeddable":true,"href":"https:\/\/qqpets.com\/pl\/wp-json\/wp\/v2\/product_tag?post=144"}],"curies":[{"name":"wp","href":"https:\/\/api.w.org\/{rel}","templated":true}]}}