{"id":146,"date":"2023-10-04T15:27:45","date_gmt":"2023-10-04T07:27:45","guid":{"rendered":"https:\/\/qqpets.com\/?post_type=product&#038;p=146"},"modified":"2024-09-02T15:03:14","modified_gmt":"2024-09-02T07:03:14","slug":"training-walking-no-pull-service-dog-harness","status":"publish","type":"product","link":"https:\/\/qqpets.com\/pl\/produkt\/training-walking-no-pull-service-dog-harness\/","title":{"rendered":"Szelki treningowe dla psa bez ci\u0105gni\u0119cia"},"content":{"rendered":"<p>Przedstawiamy nasz\u0105 wysokiej jako\u015bci uprz\u0105\u017c dla psa s\u0142u\u017cbowego, zaprojektowan\u0105 z my\u015bl\u0105 o potrzebach ps\u00f3w s\u0142u\u017cbowych, kt\u00f3re zapewniaj\u0105 niezb\u0119dne wsparcie. Ta uprz\u0105\u017c zosta\u0142a stworzona, aby zapewni\u0107 maksymalny komfort i funkcjonalno\u015b\u0107 podczas d\u0142ugich godzin pracy.<\/p>\n<p>Nasze szelki s\u0105 wyposa\u017cone w naszywki o wysokiej widoczno\u015bci, kt\u00f3re wyra\u017anie identyfikuj\u0105 psa jako zwierz\u0119 towarzysz\u0105ce, co ma kluczowe znaczenie w miejscach publicznych. Naszywki te s\u0105 wykonane z odblaskowego materia\u0142u, kt\u00f3ry zwi\u0119ksza bezpiecze\u0144stwo podczas nocnych wycieczek lub w warunkach s\u0142abego o\u015bwietlenia.<\/p>\n<p>Mo\u017cliwo\u015b\u0107 regulacji jest kluczowa dla ka\u017cdego akcesorium dla ps\u00f3w pracuj\u0105cych, a nasze szelki oferuj\u0105 \u0142atwe w regulacji paski, kt\u00f3re zapewniaj\u0105 dok\u0142adne i bezpieczne dopasowanie dla ka\u017cdej rasy ps\u00f3w. Ergonomiczna konstrukcja zapobiega otarciom i napr\u0119\u017ceniom, zapewniaj\u0105c psu komfort przez ca\u0142y dzie\u0144.<\/p>\n<p>Dodatkowo uprz\u0105\u017c posiada solidny uchwyt, kt\u00f3ry pozwala na lepsz\u0105 kontrol\u0119 w zat\u0142oczonych przestrzeniach lub w sytuacjach awaryjnych. Uchwyt ten jest r\u00f3wnie\u017c przydatny do pomocy w poruszaniu si\u0119, pomagaj\u0105c opiekunom z wyzwaniami fizycznymi \u0142atwiej porusza\u0107 si\u0119 w ich otoczeniu.<\/p>\n<p>Wykonana z trwa\u0142ych materia\u0142\u00f3w uprz\u0105\u017c dla psa s\u0142u\u017cbowego jest wytrzyma\u0142a i odporna na zu\u017cycie, dzi\u0119ki czemu nadaje si\u0119 do codziennego u\u017cytku w ka\u017cdych warunkach pogodowych. Jest \u0142atwa w czyszczeniu i konserwacji, dzi\u0119ki czemu pozostaje w doskona\u0142ym stanie, gotowa na kolejny dzie\u0144 pracy psa.<\/p>\n<p>Idealne dla ps\u00f3w s\u0142u\u017cbowych pe\u0142ni\u0105cych r\u00f3\u017cne role, w tym alarm\u00f3w medycznych, pomocy w poruszaniu si\u0119 i nie tylko, nasze uprz\u0119\u017ce dla ps\u00f3w s\u0142u\u017cbowych \u0142\u0105cz\u0105 w sobie praktyczno\u015b\u0107 z profesjonaln\u0105 widoczno\u015bci\u0105, dzi\u0119ki czemu s\u0105 niezb\u0119dnym narz\u0119dziem dla Twojego zwierz\u0119cia s\u0142u\u017cbowego.<\/p>\n<h5><strong>Jakiego koloru uprz\u0105\u017c powinien nosi\u0107 pies s\u0142u\u017cbowy?<\/strong><\/h5>\n<p>Psy s\u0142u\u017cbowe zazwyczaj nosz\u0105 uprz\u0119\u017ce lub kamizelki w kolorze niebieskim lub czerwonym, poniewa\u017c kolory te s\u0105 powszechnie rozpoznawane i cz\u0119sto wskazuj\u0105, \u017ce pies pracuje.<\/p>\n<h5><strong>Czy ka\u017cdy pies mo\u017ce nosi\u0107 kamizelk\u0119 dla psa s\u0142u\u017cbowego?<\/strong><\/h5>\n<p>Zgodnie z prawem tylko psy wyszkolone do wykonywania okre\u015blonych zada\u0144 na rzecz os\u00f3b niepe\u0142nosprawnych powinny nosi\u0107 kamizelk\u0119 psa s\u0142u\u017cbowego. Fa\u0142szywe przedstawianie zwierz\u0119cia jako psa s\u0142u\u017cbowego jest nieetyczne i mo\u017ce by\u0107 nielegalne w niekt\u00f3rych obszarach.<\/p>\n<h5><strong>Dlaczego psy s\u0142u\u017cbowe nosz\u0105 uprz\u0119\u017ce?<\/strong><\/h5>\n<p>Psy s\u0142u\u017cbowe nosz\u0105 uprz\u0119\u017ce, aby zwi\u0119kszy\u0107 ich widoczno\u015b\u0107, zasygnalizowa\u0107 ich status pracy oraz u\u0142atwi\u0107 lepsz\u0105 kontrol\u0119 i komunikacj\u0119 mi\u0119dzy psem a opiekunem, zw\u0142aszcza w miejscach publicznych.<\/p>\n<h5><strong>Jak zrobi\u0107 kamizelk\u0119 dla psa asystuj\u0105cego?<\/strong><\/h5>\n<p>Wykonanie kamizelki dla psa asystuj\u0105cego zazwyczaj wymaga wybrania trwa\u0142ego, wygodnego materia\u0142u, zmierzenia psa w celu odpowiedniego dopasowania i umieszczenia wyra\u017anych oznacze\u0144, takich jak \"Pies asystuj\u0105cy\" lub naszywki zwi\u0105zane z konkretnym zadaniem. Zazwyczaj niezb\u0119dne s\u0105 umiej\u0119tno\u015bci szycia i materia\u0142y takie jak rzepy do mocowania naszywek.<\/p>\n<h5><strong>Co oznacza r\u00f3\u017cowa kamizelka dla psa s\u0142u\u017cbowego?<\/strong><\/h5>\n<p>R\u00f3\u017cowa kamizelka dla psa s\u0142u\u017cbowego nie ma konkretnego znaczenia regulacyjnego, ale jest cz\u0119sto u\u017cywana do personalizacji lub uczynienia psa s\u0142u\u017cbowego bardziej przyst\u0119pnym w miejscach publicznych.<\/p>\n<h5><strong>Co oznaczaj\u0105 czerwone szelki dla psa?<\/strong><\/h5>\n<p>Czerwona uprz\u0105\u017c cz\u0119sto oznacza, \u017ce pies jest psem s\u0142u\u017cbowym. Mo\u017ce r\u00f3wnie\u017c sugerowa\u0107, \u017ce psu nie nale\u017cy przeszkadza\u0107 lub \u017ce pracuje on nad okre\u015blonymi zadaniami.<\/p>\n<h5><strong>Co oznacza \u017c\u00f3\u0142ta kamizelka dla psa?<\/strong><\/h5>\n<p>\u017b\u00f3\u0142ta kamizelka zazwyczaj wskazuje, \u017ce pies potrzebuje przestrzeni i nie nale\u017cy si\u0119 do niego zbli\u017ca\u0107 bez zgody przewodnika. Mo\u017ce sygnalizowa\u0107, \u017ce pies jest w trakcie szkolenia lub jest nerwowy\/niepokoj\u0105cy.<\/p>\n<h5><strong>Co oznacza niebieska kamizelka dla psa?<\/strong><\/h5>\n<p>Niebieska kamizelka zwykle identyfikuje psa jako psa s\u0142u\u017cbowego, wskazuj\u0105c, \u017ce pies jest wyszkolony do pomocy niepe\u0142nosprawnym i nie nale\u017cy mu przeszkadza\u0107.<\/p>","protected":false},"excerpt":{"rendered":"<p class=\"a-spacing-mini\">Wyposa\u017c swojego psa s\u0142u\u017cbowego w nasz\u0105 specjalistyczn\u0105 uprz\u0105\u017c, zaprojektowan\u0105 z my\u015bl\u0105 o trwa\u0142o\u015bci i komforcie. Posiada dobrze widoczne oznakowanie, regulowane paski dla idealnego dopasowania i solidne uchwyty dla lepszej kontroli. Ta uprz\u0105\u017c jest wykonana z wytrzyma\u0142ych materia\u0142\u00f3w, aby wytrzyma\u0107 codzienne u\u017cytkowanie, zapewniaj\u0105c jednocze\u015bnie optymalne wsparcie i identyfikacj\u0119 dla psa s\u0142u\u017cbowego. Niezb\u0119dne do pomocy w mobilno\u015bci i zapewnienia \u015bwiadomo\u015bci spo\u0142ecznej.<\/p>","protected":false},"featured_media":7319,"template":"","meta":[],"product_brand":[],"product_cat":[23],"product_tag":[24],"class_list":{"0":"post-146","1":"product","2":"type-product","3":"status-publish","4":"has-post-thumbnail","6":"product_cat-dog-harness","7":"product_tag-tactical-harness","9":"first","10":"instock","11":"shipping-taxable","12":"product-type-simple"},"yoast_head":"<!-- This site is optimized with the Yoast SEO plugin v26.6 - https:\/\/yoast.com\/wordpress\/plugins\/seo\/ -->\n<title>Training Walking No Pull Service Dog Harness | QQPETS<\/title>\n<meta name=\"description\" content=\"Equip your service dog with our high-quality harness. Built for comfort and visibility. Essential for duty.\" \/>\n<meta name=\"robots\" content=\"index, follow, max-snippet:-1, max-image-preview:large, max-video-preview:-1\" \/>\n<link rel=\"canonical\" href=\"https:\/\/qqpets.com\/pl\/produkt\/training-walking-no-pull-service-dog-harness\/\" \/>\n<meta property=\"og:locale\" content=\"pl_PL\" \/>\n<meta property=\"og:type\" content=\"article\" \/>\n<meta property=\"og:title\" content=\"Training Walking No Pull Service Dog Harness | QQPETS\" \/>\n<meta property=\"og:description\" content=\"Equip your service dog with our high-quality harness. Built for comfort and visibility. Essential for duty.\" \/>\n<meta property=\"og:url\" content=\"https:\/\/qqpets.com\/pl\/produkt\/training-walking-no-pull-service-dog-harness\/\" \/>\n<meta property=\"og:site_name\" content=\"QQPETS\" \/>\n<meta property=\"article:publisher\" content=\"https:\/\/www.facebook.com\/QQpetsdogcollars\" \/>\n<meta property=\"article:modified_time\" content=\"2024-09-02T07:03:14+00:00\" \/>\n<meta property=\"og:image\" content=\"https:\/\/qqpets.com\/wp-content\/uploads\/2023\/09\/service-dog-harness.jpg\" \/>\n\t<meta property=\"og:image:width\" content=\"1200\" \/>\n\t<meta property=\"og:image:height\" content=\"1200\" \/>\n\t<meta property=\"og:image:type\" content=\"image\/jpeg\" \/>\n<meta name=\"twitter:card\" content=\"summary_large_image\" \/>\n<meta name=\"twitter:label1\" content=\"Szacowany czas czytania\" \/>\n\t<meta name=\"twitter:data1\" content=\"3 minuty\" \/>\n<script type=\"application\/ld+json\" class=\"yoast-schema-graph\">{\"@context\":\"https:\/\/schema.org\",\"@graph\":[{\"@type\":\"WebPage\",\"@id\":\"https:\/\/qqpets.com\/product\/training-walking-no-pull-service-dog-harness\/\",\"url\":\"https:\/\/qqpets.com\/product\/training-walking-no-pull-service-dog-harness\/\",\"name\":\"Training Walking No Pull Service Dog Harness | QQPETS\",\"isPartOf\":{\"@id\":\"https:\/\/qqpets.com\/#website\"},\"primaryImageOfPage\":{\"@id\":\"https:\/\/qqpets.com\/product\/training-walking-no-pull-service-dog-harness\/#primaryimage\"},\"image\":{\"@id\":\"https:\/\/qqpets.com\/product\/training-walking-no-pull-service-dog-harness\/#primaryimage\"},\"thumbnailUrl\":\"https:\/\/qqpets.com\/wp-content\/uploads\/2023\/09\/service-dog-harness.jpg\",\"datePublished\":\"2023-10-04T07:27:45+00:00\",\"dateModified\":\"2024-09-02T07:03:14+00:00\",\"description\":\"Equip your service dog with our high-quality harness. Built for comfort and visibility. Essential for duty.\",\"breadcrumb\":{\"@id\":\"https:\/\/qqpets.com\/product\/training-walking-no-pull-service-dog-harness\/#breadcrumb\"},\"inLanguage\":\"pl-PL\",\"potentialAction\":[{\"@type\":\"ReadAction\",\"target\":[\"https:\/\/qqpets.com\/product\/training-walking-no-pull-service-dog-harness\/\"]}]},{\"@type\":\"ImageObject\",\"inLanguage\":\"pl-PL\",\"@id\":\"https:\/\/qqpets.com\/product\/training-walking-no-pull-service-dog-harness\/#primaryimage\",\"url\":\"https:\/\/qqpets.com\/wp-content\/uploads\/2023\/09\/service-dog-harness.jpg\",\"contentUrl\":\"https:\/\/qqpets.com\/wp-content\/uploads\/2023\/09\/service-dog-harness.jpg\",\"width\":1200,\"height\":1200,\"caption\":\"service dog harness\"},{\"@type\":\"BreadcrumbList\",\"@id\":\"https:\/\/qqpets.com\/product\/training-walking-no-pull-service-dog-harness\/#breadcrumb\",\"itemListElement\":[{\"@type\":\"ListItem\",\"position\":1,\"name\":\"Home\",\"item\":\"https:\/\/qqpets.com\/\"},{\"@type\":\"ListItem\",\"position\":2,\"name\":\"Products\",\"item\":\"https:\/\/qqpets.com\/pet-products-manufacturer\/\"},{\"@type\":\"ListItem\",\"position\":3,\"name\":\"Training Walking No Pull Service Dog Harness\"}]},{\"@type\":\"WebSite\",\"@id\":\"https:\/\/qqpets.com\/#website\",\"url\":\"https:\/\/qqpets.com\/\",\"name\":\"QQPETS\",\"description\":\"QQPETS is a pet products factory for dog harnesses, dog collars, dog leashes and dog accessories with professional customized service since 2005.\",\"publisher\":{\"@id\":\"https:\/\/qqpets.com\/#organization\"},\"potentialAction\":[{\"@type\":\"SearchAction\",\"target\":{\"@type\":\"EntryPoint\",\"urlTemplate\":\"https:\/\/qqpets.com\/?s={search_term_string}\"},\"query-input\":{\"@type\":\"PropertyValueSpecification\",\"valueRequired\":true,\"valueName\":\"search_term_string\"}}],\"inLanguage\":\"pl-PL\"},{\"@type\":\"Organization\",\"@id\":\"https:\/\/qqpets.com\/#organization\",\"name\":\"QQPETS\",\"url\":\"https:\/\/qqpets.com\/\",\"logo\":{\"@type\":\"ImageObject\",\"inLanguage\":\"pl-PL\",\"@id\":\"https:\/\/qqpets.com\/#\/schema\/logo\/image\/\",\"url\":\"https:\/\/qqpets.com\/wp-content\/uploads\/2023\/09\/cropped-cropped-qqpets-tiktok.jpg\",\"contentUrl\":\"https:\/\/qqpets.com\/wp-content\/uploads\/2023\/09\/cropped-cropped-qqpets-tiktok.jpg\",\"width\":511,\"height\":511,\"caption\":\"QQPETS\"},\"image\":{\"@id\":\"https:\/\/qqpets.com\/#\/schema\/logo\/image\/\"},\"sameAs\":[\"https:\/\/www.facebook.com\/QQpetsdogcollars\",\"https:\/\/www.instagram.com\/qqpetscollar\/\",\"https:\/\/www.pinterest.com\/qqpetsdogcollarsfactory\/\"]}]}<\/script>\n<!-- \/ Yoast SEO plugin. -->","yoast_head_json":{"title":"Szelki treningowe dla ps\u00f3w bez ci\u0105gni\u0119cia | QQPETS","description":"Wyposa\u017c swojego psa s\u0142u\u017cbowego w nasze wysokiej jako\u015bci szelki. Stworzone z my\u015bl\u0105 o komforcie i widoczno\u015bci. Niezb\u0119dne do s\u0142u\u017cby.","robots":{"index":"index","follow":"follow","max-snippet":"max-snippet:-1","max-image-preview":"max-image-preview:large","max-video-preview":"max-video-preview:-1"},"canonical":"https:\/\/qqpets.com\/pl\/produkt\/training-walking-no-pull-service-dog-harness\/","og_locale":"pl_PL","og_type":"article","og_title":"Training Walking No Pull Service Dog Harness | QQPETS","og_description":"Equip your service dog with our high-quality harness. Built for comfort and visibility. Essential for duty.","og_url":"https:\/\/qqpets.com\/pl\/produkt\/training-walking-no-pull-service-dog-harness\/","og_site_name":"QQPETS","article_publisher":"https:\/\/www.facebook.com\/QQpetsdogcollars","article_modified_time":"2024-09-02T07:03:14+00:00","og_image":[{"width":1200,"height":1200,"url":"https:\/\/qqpets.com\/wp-content\/uploads\/2023\/09\/service-dog-harness.jpg","type":"image\/jpeg"}],"twitter_card":"summary_large_image","twitter_misc":{"Szacowany czas czytania":"3 minuty"},"schema":{"@context":"https:\/\/schema.org","@graph":[{"@type":"WebPage","@id":"https:\/\/qqpets.com\/product\/training-walking-no-pull-service-dog-harness\/","url":"https:\/\/qqpets.com\/product\/training-walking-no-pull-service-dog-harness\/","name":"Szelki treningowe dla ps\u00f3w bez ci\u0105gni\u0119cia | QQPETS","isPartOf":{"@id":"https:\/\/qqpets.com\/#website"},"primaryImageOfPage":{"@id":"https:\/\/qqpets.com\/product\/training-walking-no-pull-service-dog-harness\/#primaryimage"},"image":{"@id":"https:\/\/qqpets.com\/product\/training-walking-no-pull-service-dog-harness\/#primaryimage"},"thumbnailUrl":"https:\/\/qqpets.com\/wp-content\/uploads\/2023\/09\/service-dog-harness.jpg","datePublished":"2023-10-04T07:27:45+00:00","dateModified":"2024-09-02T07:03:14+00:00","description":"Wyposa\u017c swojego psa s\u0142u\u017cbowego w nasze wysokiej jako\u015bci szelki. Stworzone z my\u015bl\u0105 o komforcie i widoczno\u015bci. Niezb\u0119dne do s\u0142u\u017cby.","breadcrumb":{"@id":"https:\/\/qqpets.com\/product\/training-walking-no-pull-service-dog-harness\/#breadcrumb"},"inLanguage":"pl-PL","potentialAction":[{"@type":"ReadAction","target":["https:\/\/qqpets.com\/product\/training-walking-no-pull-service-dog-harness\/"]}]},{"@type":"ImageObject","inLanguage":"pl-PL","@id":"https:\/\/qqpets.com\/product\/training-walking-no-pull-service-dog-harness\/#primaryimage","url":"https:\/\/qqpets.com\/wp-content\/uploads\/2023\/09\/service-dog-harness.jpg","contentUrl":"https:\/\/qqpets.com\/wp-content\/uploads\/2023\/09\/service-dog-harness.jpg","width":1200,"height":1200,"caption":"service dog harness"},{"@type":"BreadcrumbList","@id":"https:\/\/qqpets.com\/product\/training-walking-no-pull-service-dog-harness\/#breadcrumb","itemListElement":[{"@type":"ListItem","position":1,"name":"Home","item":"https:\/\/qqpets.com\/"},{"@type":"ListItem","position":2,"name":"Products","item":"https:\/\/qqpets.com\/pet-products-manufacturer\/"},{"@type":"ListItem","position":3,"name":"Training Walking No Pull Service Dog Harness"}]},{"@type":"WebSite","@id":"https:\/\/qqpets.com\/#website","url":"https:\/\/qqpets.com\/","name":"QQPETS","description":"QQPETS to fabryka uprz\u0119\u017cy dla ps\u00f3w, obro\u017cy dla ps\u00f3w, smyczy dla ps\u00f3w i akcesori\u00f3w dla ps\u00f3w z profesjonaln\u0105 obs\u0142ug\u0105 dostosowan\u0105 do potrzeb klienta od 2005 roku.","publisher":{"@id":"https:\/\/qqpets.com\/#organization"},"potentialAction":[{"@type":"SearchAction","target":{"@type":"EntryPoint","urlTemplate":"https:\/\/qqpets.com\/?s={search_term_string}"},"query-input":{"@type":"PropertyValueSpecification","valueRequired":true,"valueName":"search_term_string"}}],"inLanguage":"pl-PL"},{"@type":"Organization","@id":"https:\/\/qqpets.com\/#organization","name":"QQPETS","url":"https:\/\/qqpets.com\/","logo":{"@type":"ImageObject","inLanguage":"pl-PL","@id":"https:\/\/qqpets.com\/#\/schema\/logo\/image\/","url":"https:\/\/qqpets.com\/wp-content\/uploads\/2023\/09\/cropped-cropped-qqpets-tiktok.jpg","contentUrl":"https:\/\/qqpets.com\/wp-content\/uploads\/2023\/09\/cropped-cropped-qqpets-tiktok.jpg","width":511,"height":511,"caption":"QQPETS"},"image":{"@id":"https:\/\/qqpets.com\/#\/schema\/logo\/image\/"},"sameAs":["https:\/\/www.facebook.com\/QQpetsdogcollars","https:\/\/www.instagram.com\/qqpetscollar\/","https:\/\/www.pinterest.com\/qqpetsdogcollarsfactory\/"]}]}},"_links":{"self":[{"href":"https:\/\/qqpets.com\/pl\/wp-json\/wp\/v2\/product\/146","targetHints":{"allow":["GET"]}}],"collection":[{"href":"https:\/\/qqpets.com\/pl\/wp-json\/wp\/v2\/product"}],"about":[{"href":"https:\/\/qqpets.com\/pl\/wp-json\/wp\/v2\/types\/product"}],"wp:featuredmedia":[{"embeddable":true,"href":"https:\/\/qqpets.com\/pl\/wp-json\/wp\/v2\/media\/7319"}],"wp:attachment":[{"href":"https:\/\/qqpets.com\/pl\/wp-json\/wp\/v2\/media?parent=146"}],"wp:term":[{"taxonomy":"product_brand","embeddable":true,"href":"https:\/\/qqpets.com\/pl\/wp-json\/wp\/v2\/product_brand?post=146"},{"taxonomy":"product_cat","embeddable":true,"href":"https:\/\/qqpets.com\/pl\/wp-json\/wp\/v2\/product_cat?post=146"},{"taxonomy":"product_tag","embeddable":true,"href":"https:\/\/qqpets.com\/pl\/wp-json\/wp\/v2\/product_tag?post=146"}],"curies":[{"name":"wp","href":"https:\/\/api.w.org\/{rel}","templated":true}]}}