{"id":4645,"date":"2024-08-30T16:59:56","date_gmt":"2024-08-30T08:59:56","guid":{"rendered":"https:\/\/qqpets.com\/?post_type=product&#038;p=4645"},"modified":"2024-08-31T17:08:46","modified_gmt":"2024-08-31T09:08:46","slug":"reflective-adjustable-step-in-dog-harness","status":"publish","type":"product","link":"https:\/\/qqpets.com\/pl\/produkt\/reflective-adjustable-step-in-dog-harness\/","title":{"rendered":"Odblaskowe, regulowane szelki dla psa"},"content":{"rendered":"<p>Wprowad\u017a nowy poziom bezpiecze\u0144stwa i wygody do codziennych spacer\u00f3w swojego pupila dzi\u0119ki naszym odblaskowym, regulowanym szelkom dla psa. Ta uprz\u0105\u017c zosta\u0142a specjalnie zaprojektowana z my\u015bl\u0105 o \u0142atwo\u015bci u\u017cytkowania i zwi\u0119kszonej widoczno\u015bci w nocy. Wyposa\u017cone w \u017cywe paski odblaskowe, zapewniaj\u0105, \u017ce pies pozostaje widoczny dla kierowc\u00f3w i pieszych w warunkach s\u0142abego o\u015bwietlenia, znacznie zwi\u0119kszaj\u0105c bezpiecze\u0144stwo podczas wieczornych lub wczesnych porannych spacer\u00f3w.<\/p>\n<p>Konstrukcja typu step-in upraszcza proces zak\u0142adania uprz\u0119\u017cy, dzi\u0119ki czemu jest idealna dla zwierz\u0105t (i w\u0142a\u015bcicieli!), kt\u00f3rzy preferuj\u0105 bezproblemowe do\u015bwiadczenie. Wystarczy po\u0142o\u017cy\u0107 uprz\u0105\u017c p\u0142asko, poprosi\u0107 psa o wej\u015bcie, zapi\u0105\u0107 klamr\u0119 i gotowe. Paski s\u0105 w pe\u0142ni regulowane, zapewniaj\u0105c dok\u0142adne i wygodne dopasowanie do ps\u00f3w o r\u00f3\u017cnych kszta\u0142tach i rozmiarach.<\/p>\n<p>Wykonana z wysokiej jako\u015bci, wytrzyma\u0142ych materia\u0142\u00f3w uprz\u0105\u017c jest trwa\u0142a i odporna na rygory codziennego u\u017cytkowania, zapewniaj\u0105c jednocze\u015bnie psu wygod\u0119. Lekka konstrukcja sprawia, \u017ce zwierz\u0119 mo\u017ce si\u0119 swobodnie porusza\u0107, nie czuj\u0105c si\u0119 obci\u0105\u017cone.<\/p>\n<p>Nasze odblaskowe, regulowane szelki dla psa Step In s\u0105 nie tylko praktyczne, ale i stylowe. S\u0105 dost\u0119pne w kilku kolorach, aby dopasowa\u0107 si\u0119 do stylu Twojego zwierzaka, co czyni je modnym wyborem na codzienne spacery. Niezale\u017cnie od tego, czy poruszasz si\u0119 po ruchliwych ulicach miasta, czy cieszysz si\u0119 spokojnym spacerem po parku, ta uprz\u0105\u017c zapewnia Twojemu zwierzakowi zar\u00f3wno bezpiecze\u0144stwo, jak i wygod\u0119.<\/p>\n<p>Wyposa\u017c swoje zwierz\u0119 w nasze szelki, aby poprawi\u0107 widoczno\u015b\u0107 i zapewni\u0107 komfort podczas ka\u017cdego spaceru, zapewniaj\u0105c sobie spok\u00f3j ducha, a zwierz\u0119ciu swobod\u0119 bezpiecznego odkrywania.<\/p>\n<div class=\"flex max-w-full flex-col flex-grow\">\n<div class=\"min-h-[20px] text-message flex w-full flex-col items-end gap-2 break-words [.text-message+&amp;]:mt-5 overflow-x-auto whitespace-normal\" dir=\"auto\" data-message-author-role=\"assistant\" data-message-id=\"e46110a1-b220-42e7-a97e-37831f310d5a\">\n<div class=\"flex w-full flex-col gap-1 empty:hidden first:pt-[3px]\">\n<div class=\"markdown prose w-full break-words dark:prose-invert light\">\n<h6><strong>Czy szelki typu step-in s\u0105 dobre dla ps\u00f3w?<\/strong><\/h6>\n<p>Tak, uprz\u0119\u017ce typu step-in s\u0105 dobre dla ps\u00f3w, poniewa\u017c \u0142atwo si\u0119 je zak\u0142ada, r\u00f3wnomiernie rozk\u0142adaj\u0105 nacisk na klatk\u0119 piersiow\u0105 i ramiona oraz s\u0105 odpowiednie dla ps\u00f3w, kt\u00f3re nie lubi\u0105 mie\u0107 uprz\u0119\u017cy naci\u0105gni\u0119tych na g\u0142ow\u0119.<\/p>\n<h6><strong>Czy wy\u015bcie\u0142ane szelki s\u0105 lepsze dla ps\u00f3w?<\/strong><\/h6>\n<p>Tak, wy\u015bcie\u0142ane szelki s\u0105 lepsze dla ps\u00f3w, poniewa\u017c zapewniaj\u0105 dodatkowy komfort, zmniejszaj\u0105 ryzyko otar\u0107 i otar\u0107 oraz s\u0105 szczeg\u00f3lnie korzystne dla ps\u00f3w o wra\u017cliwej sk\u00f3rze lub cienkiej sier\u015bci.<\/p>\n<h6><strong>Jak u\u017cywa\u0107 uprz\u0119\u017cy dla psa typu step-in?<\/strong><\/h6>\n<p>Po\u0142\u00f3\u017c uprz\u0105\u017c p\u0142asko na ziemi, popro\u015b psa, aby wszed\u0142 w otwory na nogi, podci\u0105gnij uprz\u0105\u017c wok\u00f3\u0142 cia\u0142a psa, a nast\u0119pnie zapnij klamr\u0119 na grzbiecie psa.<\/p>\n<h6><strong>Co to jest uprz\u0105\u017c regulowana?<\/strong><\/h6>\n<p>Regulowane szelki s\u0105 zaprojektowane z wieloma punktami, w kt\u00f3rych mo\u017cna regulowa\u0107 paski, aby zapewni\u0107 \u015bcis\u0142e i wygodne dopasowanie dla psa, dostosowuj\u0105c si\u0119 do zmian wielko\u015bci lub wagi.<\/p>\n<h6><strong>Dlaczego warto u\u017cywa\u0107 uprz\u0119\u017cy step-in?<\/strong><\/h6>\n<p>Szelki typu step-in s\u0105 \u0142atwe w u\u017cyciu, szczeg\u00f3lnie w przypadku spokojnych ps\u00f3w lub tych, kt\u00f3re nie czuj\u0105 si\u0119 komfortowo w szelkach zak\u0142adanych przez g\u0142ow\u0119. S\u0105 one r\u00f3wnie\u017c doskona\u0142e do zapewnienia wygodnego wsparcia bez wywierania nacisku na szyj\u0119.<\/p>\n<\/div>\n<\/div>\n<\/div>\n<\/div>\n<div class=\"mt-1 flex gap-3 empty:hidden -ml-2\">\n<div class=\"items-center justify-start rounded-xl p-1 flex\">\n<div class=\"flex items-center\">\n<p>&nbsp;<\/p>\n<div class=\"flex\"><\/div>\n<div class=\"flex items-center pb-0\">\n<div class=\"[&amp;_svg]:h-full [&amp;_svg]:w-full icon-md h-4 w-4\"><\/div>\n<p><span class=\"overflow-hidden text-clip whitespace-nowrap text-sm\">4<\/span><\/p>\n<\/div>\n<\/div>\n<\/div>\n<\/div>","protected":false},"excerpt":{"rendered":"<p>Zapewnij psu bezpiecze\u0144stwo dzi\u0119ki naszym odblaskowym, regulowanym szelkom dla psa. Zaprojektowane z my\u015bl\u0105 o \u0142atwym dopasowaniu i lepszej widoczno\u015bci, te szelki maj\u0105 jasne odblaskowe paski, kt\u00f3re sprawiaj\u0105, \u017ce pies jest widoczny w nocy. Regulowana konstrukcja zapewnia idealne dopasowanie do ka\u017cdej rasy, zapewniaj\u0105c komfort i bezpiecze\u0144stwo. Lekka i wytrzyma\u0142a, jest idealna na codzienne spacery i zapewnia widoczno\u015b\u0107 zwierz\u0119cia w warunkach s\u0142abego o\u015bwietlenia.<\/p>","protected":false},"featured_media":7691,"template":"","meta":[],"product_brand":[],"product_cat":[23],"product_tag":[],"class_list":{"0":"post-4645","1":"product","2":"type-product","3":"status-publish","4":"has-post-thumbnail","6":"product_cat-dog-harness","7":"pa_brand-qqpets","9":"first","10":"instock","11":"shipping-taxable","12":"product-type-simple"},"yoast_head":"<!-- This site is optimized with the Yoast SEO plugin v26.6 - https:\/\/yoast.com\/wordpress\/plugins\/seo\/ -->\n<title>Reflective Adjustable Step in Dog Harness | QQPETS<\/title>\n<meta name=\"description\" content=\"Keep your dog safe with our Reflective Adjustable Step In Harness. Perfect for night walks. Secure and stylish!\" \/>\n<meta name=\"robots\" content=\"index, follow, max-snippet:-1, max-image-preview:large, max-video-preview:-1\" \/>\n<link rel=\"canonical\" href=\"https:\/\/qqpets.com\/pl\/produkt\/reflective-adjustable-step-in-dog-harness\/\" \/>\n<meta property=\"og:locale\" content=\"pl_PL\" \/>\n<meta property=\"og:type\" content=\"article\" \/>\n<meta property=\"og:title\" content=\"Reflective Adjustable Step in Dog Harness | QQPETS\" \/>\n<meta property=\"og:description\" content=\"Keep your dog safe with our Reflective Adjustable Step In Harness. Perfect for night walks. Secure and stylish!\" \/>\n<meta property=\"og:url\" content=\"https:\/\/qqpets.com\/pl\/produkt\/reflective-adjustable-step-in-dog-harness\/\" \/>\n<meta property=\"og:site_name\" content=\"QQPETS\" \/>\n<meta property=\"article:publisher\" content=\"https:\/\/www.facebook.com\/QQpetsdogcollars\" \/>\n<meta property=\"article:modified_time\" content=\"2024-08-31T09:08:46+00:00\" \/>\n<meta property=\"og:image\" content=\"https:\/\/qqpets.com\/wp-content\/uploads\/2023\/09\/qqpets-tiktok.jpg\" \/>\n\t<meta property=\"og:image:width\" content=\"800\" \/>\n\t<meta property=\"og:image:height\" content=\"800\" \/>\n\t<meta property=\"og:image:type\" content=\"image\/jpeg\" \/>\n<meta name=\"twitter:card\" content=\"summary_large_image\" \/>\n<meta name=\"twitter:label1\" content=\"Szacowany czas czytania\" \/>\n\t<meta name=\"twitter:data1\" content=\"3 minuty\" \/>\n<script type=\"application\/ld+json\" class=\"yoast-schema-graph\">{\"@context\":\"https:\/\/schema.org\",\"@graph\":[{\"@type\":\"WebPage\",\"@id\":\"https:\/\/qqpets.com\/product\/reflective-adjustable-step-in-dog-harness\/\",\"url\":\"https:\/\/qqpets.com\/product\/reflective-adjustable-step-in-dog-harness\/\",\"name\":\"Reflective Adjustable Step in Dog Harness | QQPETS\",\"isPartOf\":{\"@id\":\"https:\/\/qqpets.com\/#website\"},\"primaryImageOfPage\":{\"@id\":\"https:\/\/qqpets.com\/product\/reflective-adjustable-step-in-dog-harness\/#primaryimage\"},\"image\":{\"@id\":\"https:\/\/qqpets.com\/product\/reflective-adjustable-step-in-dog-harness\/#primaryimage\"},\"thumbnailUrl\":\"https:\/\/qqpets.com\/wp-content\/uploads\/2024\/08\/3.avif\",\"datePublished\":\"2024-08-30T08:59:56+00:00\",\"dateModified\":\"2024-08-31T09:08:46+00:00\",\"description\":\"Keep your dog safe with our Reflective Adjustable Step In Harness. Perfect for night walks. Secure and stylish!\",\"breadcrumb\":{\"@id\":\"https:\/\/qqpets.com\/product\/reflective-adjustable-step-in-dog-harness\/#breadcrumb\"},\"inLanguage\":\"pl-PL\",\"potentialAction\":[{\"@type\":\"ReadAction\",\"target\":[\"https:\/\/qqpets.com\/product\/reflective-adjustable-step-in-dog-harness\/\"]}]},{\"@type\":\"ImageObject\",\"inLanguage\":\"pl-PL\",\"@id\":\"https:\/\/qqpets.com\/product\/reflective-adjustable-step-in-dog-harness\/#primaryimage\",\"url\":\"https:\/\/qqpets.com\/wp-content\/uploads\/2024\/08\/3.avif\",\"contentUrl\":\"https:\/\/qqpets.com\/wp-content\/uploads\/2024\/08\/3.avif\",\"width\":800,\"height\":800},{\"@type\":\"BreadcrumbList\",\"@id\":\"https:\/\/qqpets.com\/product\/reflective-adjustable-step-in-dog-harness\/#breadcrumb\",\"itemListElement\":[{\"@type\":\"ListItem\",\"position\":1,\"name\":\"Home\",\"item\":\"https:\/\/qqpets.com\/\"},{\"@type\":\"ListItem\",\"position\":2,\"name\":\"Products\",\"item\":\"https:\/\/qqpets.com\/pet-products-manufacturer\/\"},{\"@type\":\"ListItem\",\"position\":3,\"name\":\"Reflective Adjustable Step in Dog Harness\"}]},{\"@type\":\"WebSite\",\"@id\":\"https:\/\/qqpets.com\/#website\",\"url\":\"https:\/\/qqpets.com\/\",\"name\":\"QQPETS\",\"description\":\"QQPETS is a pet products factory for dog harnesses, dog collars, dog leashes and dog accessories with professional customized service since 2005.\",\"publisher\":{\"@id\":\"https:\/\/qqpets.com\/#organization\"},\"potentialAction\":[{\"@type\":\"SearchAction\",\"target\":{\"@type\":\"EntryPoint\",\"urlTemplate\":\"https:\/\/qqpets.com\/?s={search_term_string}\"},\"query-input\":{\"@type\":\"PropertyValueSpecification\",\"valueRequired\":true,\"valueName\":\"search_term_string\"}}],\"inLanguage\":\"pl-PL\"},{\"@type\":\"Organization\",\"@id\":\"https:\/\/qqpets.com\/#organization\",\"name\":\"QQPETS\",\"url\":\"https:\/\/qqpets.com\/\",\"logo\":{\"@type\":\"ImageObject\",\"inLanguage\":\"pl-PL\",\"@id\":\"https:\/\/qqpets.com\/#\/schema\/logo\/image\/\",\"url\":\"https:\/\/qqpets.com\/wp-content\/uploads\/2023\/09\/cropped-cropped-qqpets-tiktok.jpg\",\"contentUrl\":\"https:\/\/qqpets.com\/wp-content\/uploads\/2023\/09\/cropped-cropped-qqpets-tiktok.jpg\",\"width\":511,\"height\":511,\"caption\":\"QQPETS\"},\"image\":{\"@id\":\"https:\/\/qqpets.com\/#\/schema\/logo\/image\/\"},\"sameAs\":[\"https:\/\/www.facebook.com\/QQpetsdogcollars\",\"https:\/\/www.instagram.com\/qqpetscollar\/\",\"https:\/\/www.pinterest.com\/qqpetsdogcollarsfactory\/\"]}]}<\/script>\n<!-- \/ Yoast SEO plugin. -->","yoast_head_json":{"title":"Odblaskowe regulowane szelki dla psa | QQPETS","description":"Zadbaj o bezpiecze\u0144stwo swojego psa dzi\u0119ki naszym odblaskowym, regulowanym szelkom Step In. Idealne na nocne spacery. Bezpieczne i stylowe!","robots":{"index":"index","follow":"follow","max-snippet":"max-snippet:-1","max-image-preview":"max-image-preview:large","max-video-preview":"max-video-preview:-1"},"canonical":"https:\/\/qqpets.com\/pl\/produkt\/reflective-adjustable-step-in-dog-harness\/","og_locale":"pl_PL","og_type":"article","og_title":"Reflective Adjustable Step in Dog Harness | QQPETS","og_description":"Keep your dog safe with our Reflective Adjustable Step In Harness. Perfect for night walks. Secure and stylish!","og_url":"https:\/\/qqpets.com\/pl\/produkt\/reflective-adjustable-step-in-dog-harness\/","og_site_name":"QQPETS","article_publisher":"https:\/\/www.facebook.com\/QQpetsdogcollars","article_modified_time":"2024-08-31T09:08:46+00:00","og_image":[{"width":800,"height":800,"url":"https:\/\/qqpets.com\/wp-content\/uploads\/2023\/09\/qqpets-tiktok.jpg","type":"image\/jpeg"}],"twitter_card":"summary_large_image","twitter_misc":{"Szacowany czas czytania":"3 minuty"},"schema":{"@context":"https:\/\/schema.org","@graph":[{"@type":"WebPage","@id":"https:\/\/qqpets.com\/product\/reflective-adjustable-step-in-dog-harness\/","url":"https:\/\/qqpets.com\/product\/reflective-adjustable-step-in-dog-harness\/","name":"Odblaskowe regulowane szelki dla psa | QQPETS","isPartOf":{"@id":"https:\/\/qqpets.com\/#website"},"primaryImageOfPage":{"@id":"https:\/\/qqpets.com\/product\/reflective-adjustable-step-in-dog-harness\/#primaryimage"},"image":{"@id":"https:\/\/qqpets.com\/product\/reflective-adjustable-step-in-dog-harness\/#primaryimage"},"thumbnailUrl":"https:\/\/qqpets.com\/wp-content\/uploads\/2024\/08\/3.avif","datePublished":"2024-08-30T08:59:56+00:00","dateModified":"2024-08-31T09:08:46+00:00","description":"Zadbaj o bezpiecze\u0144stwo swojego psa dzi\u0119ki naszym odblaskowym, regulowanym szelkom Step In. Idealne na nocne spacery. Bezpieczne i stylowe!","breadcrumb":{"@id":"https:\/\/qqpets.com\/product\/reflective-adjustable-step-in-dog-harness\/#breadcrumb"},"inLanguage":"pl-PL","potentialAction":[{"@type":"ReadAction","target":["https:\/\/qqpets.com\/product\/reflective-adjustable-step-in-dog-harness\/"]}]},{"@type":"ImageObject","inLanguage":"pl-PL","@id":"https:\/\/qqpets.com\/product\/reflective-adjustable-step-in-dog-harness\/#primaryimage","url":"https:\/\/qqpets.com\/wp-content\/uploads\/2024\/08\/3.avif","contentUrl":"https:\/\/qqpets.com\/wp-content\/uploads\/2024\/08\/3.avif","width":800,"height":800},{"@type":"BreadcrumbList","@id":"https:\/\/qqpets.com\/product\/reflective-adjustable-step-in-dog-harness\/#breadcrumb","itemListElement":[{"@type":"ListItem","position":1,"name":"Home","item":"https:\/\/qqpets.com\/"},{"@type":"ListItem","position":2,"name":"Products","item":"https:\/\/qqpets.com\/pet-products-manufacturer\/"},{"@type":"ListItem","position":3,"name":"Reflective Adjustable Step in Dog Harness"}]},{"@type":"WebSite","@id":"https:\/\/qqpets.com\/#website","url":"https:\/\/qqpets.com\/","name":"QQPETS","description":"QQPETS to fabryka uprz\u0119\u017cy dla ps\u00f3w, obro\u017cy dla ps\u00f3w, smyczy dla ps\u00f3w i akcesori\u00f3w dla ps\u00f3w z profesjonaln\u0105 obs\u0142ug\u0105 dostosowan\u0105 do potrzeb klienta od 2005 roku.","publisher":{"@id":"https:\/\/qqpets.com\/#organization"},"potentialAction":[{"@type":"SearchAction","target":{"@type":"EntryPoint","urlTemplate":"https:\/\/qqpets.com\/?s={search_term_string}"},"query-input":{"@type":"PropertyValueSpecification","valueRequired":true,"valueName":"search_term_string"}}],"inLanguage":"pl-PL"},{"@type":"Organization","@id":"https:\/\/qqpets.com\/#organization","name":"QQPETS","url":"https:\/\/qqpets.com\/","logo":{"@type":"ImageObject","inLanguage":"pl-PL","@id":"https:\/\/qqpets.com\/#\/schema\/logo\/image\/","url":"https:\/\/qqpets.com\/wp-content\/uploads\/2023\/09\/cropped-cropped-qqpets-tiktok.jpg","contentUrl":"https:\/\/qqpets.com\/wp-content\/uploads\/2023\/09\/cropped-cropped-qqpets-tiktok.jpg","width":511,"height":511,"caption":"QQPETS"},"image":{"@id":"https:\/\/qqpets.com\/#\/schema\/logo\/image\/"},"sameAs":["https:\/\/www.facebook.com\/QQpetsdogcollars","https:\/\/www.instagram.com\/qqpetscollar\/","https:\/\/www.pinterest.com\/qqpetsdogcollarsfactory\/"]}]}},"_links":{"self":[{"href":"https:\/\/qqpets.com\/pl\/wp-json\/wp\/v2\/product\/4645","targetHints":{"allow":["GET"]}}],"collection":[{"href":"https:\/\/qqpets.com\/pl\/wp-json\/wp\/v2\/product"}],"about":[{"href":"https:\/\/qqpets.com\/pl\/wp-json\/wp\/v2\/types\/product"}],"wp:featuredmedia":[{"embeddable":true,"href":"https:\/\/qqpets.com\/pl\/wp-json\/wp\/v2\/media\/7691"}],"wp:attachment":[{"href":"https:\/\/qqpets.com\/pl\/wp-json\/wp\/v2\/media?parent=4645"}],"wp:term":[{"taxonomy":"product_brand","embeddable":true,"href":"https:\/\/qqpets.com\/pl\/wp-json\/wp\/v2\/product_brand?post=4645"},{"taxonomy":"product_cat","embeddable":true,"href":"https:\/\/qqpets.com\/pl\/wp-json\/wp\/v2\/product_cat?post=4645"},{"taxonomy":"product_tag","embeddable":true,"href":"https:\/\/qqpets.com\/pl\/wp-json\/wp\/v2\/product_tag?post=4645"}],"curies":[{"name":"wp","href":"https:\/\/api.w.org\/{rel}","templated":true}]}}