{"id":4950,"date":"2024-03-14T10:00:15","date_gmt":"2024-03-14T02:00:15","guid":{"rendered":"https:\/\/qqpets.com\/?post_type=product&#038;p=4950"},"modified":"2024-11-11T15:15:16","modified_gmt":"2024-11-11T07:15:16","slug":"hands-free-no-pull-dog-leash","status":"publish","type":"product","link":"https:\/\/qqpets.com\/pl\/produkt\/hands-free-no-pull-dog-leash\/","title":{"rendered":"Bezdotykowa smycz dla psa"},"content":{"rendered":"<p>Zwi\u0119ksz bezpiecze\u0144stwo swojego zwierzaka i w\u0142asn\u0105 wygod\u0119 dzi\u0119ki naszej innowacyjnej smyczy dla psa bez u\u017cycia r\u0105k do spacer\u00f3w i biegania, wyposa\u017conej w zintegrowany pas bezpiecze\u0144stwa i amortyzuj\u0105c\u0105 link\u0119. Ta wielofunkcyjna smycz pozwala utrzyma\u0107 aktywny tryb \u017cycia, zapewniaj\u0105c jednocze\u015bnie bezpiecze\u0144stwo i komfort zwierz\u0119cia podczas ka\u017cdej aktywno\u015bci - niezale\u017cnie od tego, czy biegasz w parku, czy jedziesz na kolejn\u0105 przygod\u0119.<\/p>\n<p>Kluczow\u0105 cech\u0105 tej smyczy jest jej elastyczno\u015b\u0107, dzi\u0119ki amortyzuj\u0105cej bungee, kt\u00f3ra zapobiega szarpaniu i ci\u0105gni\u0119ciu, zmniejszaj\u0105c obci\u0105\u017cenie zar\u00f3wno dla Twojego zwierzaka, jak i dla Ciebie. P\u0142ynnie przechodzi od akcesori\u00f3w do chodzenia i biegania do samochodowego pasa bezpiecze\u0144stwa, bezpiecznie mocuj\u0105c zwierz\u0119 podczas jazdy i zmniejszaj\u0105c rozpraszanie uwagi, zapewniaj\u0105c bezpieczniejsz\u0105 jazd\u0119.<\/p>\n<p>Zaprojektowana z my\u015bl\u0105 o praktyczno\u015bci, nasza smycz posiada pas biodrowy, kt\u00f3ry dopasowuje si\u0119 do szerokiej gamy rozmiar\u00f3w, umo\u017cliwiaj\u0105c bieganie, chodzenie lub swobodne poruszanie si\u0119 bez konieczno\u015bci trzymania smyczy. Odblaskowe szwy na smyczy zapewniaj\u0105 wysok\u0105 widoczno\u015b\u0107 w warunkach s\u0142abego o\u015bwietlenia, zwi\u0119kszaj\u0105c bezpiecze\u0144stwo podczas porannych lub wieczornych spacer\u00f3w.<\/p>\n<p>Wykonana z wytrzyma\u0142ych, odpornych na warunki atmosferyczne materia\u0142\u00f3w, smycz wytrzymuje rygory zar\u00f3wno u\u017cytkowania na zewn\u0105trz, jak i codziennych dojazd\u00f3w do pracy. Jej uniwersalna kompatybilno\u015b\u0107 z wi\u0119kszo\u015bci\u0105 system\u00f3w pas\u00f3w bezpiecze\u0144stwa w pojazdach sprawia, \u017ce instalacja jest szybka i bezproblemowa, zapewniaj\u0105c gotowo\u015b\u0107 do pracy w mgnieniu oka.<\/p>\n<p>Niezale\u017cnie od tego, czy jeste\u015b zapalonym biegaczem, codziennie doje\u017cd\u017casz do pracy, czy te\u017c uwielbiasz d\u0142ugie w\u0119dr\u00f3wki z psem, nasza smycz bezdotykowa dla psa z pasem bezpiecze\u0144stwa i amortyzuj\u0105c\u0105 link\u0105 to idealny wyb\u00f3r dla w\u0142a\u015bcicieli zwierz\u0105t dbaj\u0105cych o bezpiecze\u0144stwo, kt\u00f3rzy nie uznaj\u0105 kompromis\u00f3w w zakresie funkcjonalno\u015bci i stylu.<\/p>\n<h6><strong>Czy smycze bungee s\u0105 dobre dla ps\u00f3w?<\/strong><\/h6>\n<p>Smycze bungee mog\u0105 by\u0107 dobre dla ps\u00f3w, poniewa\u017c zmniejszaj\u0105 wstrz\u0105sy spowodowane nag\u0142ymi ruchami i ci\u0105gni\u0119ciem, dzi\u0119ki czemu spacery s\u0105 wygodniejsze zar\u00f3wno dla psa, jak i w\u0142a\u015bciciela. Mog\u0105 jednak nie by\u0107 odpowiednie dla bardzo silnych lub reaktywnych ps\u00f3w, poniewa\u017c ich elastyczno\u015b\u0107 mo\u017ce zach\u0119ca\u0107 do ci\u0105gni\u0119cia.<\/p>\n<h6><strong>Jak u\u017cywa\u0107 smyczy bungee dla psa?<\/strong><\/h6>\n<p>Przymocuj zaczep smyczy bungee do szelek lub obro\u017cy psa. Przytrzymaj mocno uchwyt, pozwalaj\u0105c cz\u0119\u015bci bungee absorbowa\u0107 wstrz\u0105sy i poci\u0105gni\u0119cia podczas spaceru. Jest to szczeg\u00f3lnie przydatne podczas joggingu lub pieszych w\u0119dr\u00f3wek, gdzie mo\u017cesz napotka\u0107 nag\u0142e szarpni\u0119cia.<\/p>\n<h6><strong>Jakiej d\u0142ugo\u015bci smycz do biegania z psem?<\/strong><\/h6>\n<p>Smycz o d\u0142ugo\u015bci od 4 do 6 st\u00f3p jest zwykle zalecana do biegania, poniewa\u017c zapewnia wystarczaj\u0105co du\u017co miejsca na wygodny krok, ale jest wystarczaj\u0105co kr\u00f3tka, aby utrzyma\u0107 kontrol\u0119 nad psem.<\/p>\n<h6><strong>Czy smycze bungee przestaj\u0105 ci\u0105gn\u0105\u0107?<\/strong><\/h6>\n<p>Nie, smycze bungee nie powstrzymuj\u0105 ci\u0105gni\u0119cia. Mog\u0105 zmniejszy\u0107 wp\u0142yw ci\u0105gni\u0119cia ze wzgl\u0119du na ich elastyczn\u0105 natur\u0119, ale nie zniech\u0119caj\u0105 do samego zachowania.<\/p>\n<h6><strong>Jaka smycz jest najlepsza dla psa, kt\u00f3ry ci\u0105gnie?<\/strong><\/h6>\n<p>Dla psa, kt\u00f3ry ci\u0105gnie, najlepsza jest uprz\u0105\u017c bez ci\u0105gni\u0119cia w po\u0142\u0105czeniu z mocn\u0105, nieelastyczn\u0105 smycz\u0105. Uprz\u0105\u017c zniech\u0119ci psa do ci\u0105gni\u0119cia, przekierowuj\u0105c go z powrotem w twoj\u0105 stron\u0119, podczas gdy stabilna smycz zapewni kontrol\u0119 bez zach\u0119cania do ci\u0105gni\u0119cia przez rozci\u0105ganie.<\/p>","protected":false},"excerpt":{"rendered":"<p>Odmie\u0144 swoje wycieczki dzi\u0119ki naszej smyczy Hands Free Dog Leash, wyposa\u017conej w bezpieczny samochodowy pas bezpiecze\u0144stwa i amortyzuj\u0105c\u0105 ta\u015bm\u0119 bungee. Idealna do spacer\u00f3w, biegania lub jazdy samochodem, zapewnia bezpiecze\u0144stwo zwierz\u0119cia, zapewniaj\u0105c jednocze\u015bnie swobod\u0119 ruch\u00f3w. Regulowana, odblaskowa smycz zwi\u0119ksza widoczno\u015b\u0107 i elastyczno\u015b\u0107, dzi\u0119ki czemu idealnie nadaje si\u0119 do u\u017cytku w dzie\u0144 i w nocy. Wykonana z wytrzyma\u0142ych materia\u0142\u00f3w wysokiej jako\u015bci, zosta\u0142a zaprojektowana z my\u015bl\u0105 o aktywnych w\u0142a\u015bcicielach zwierz\u0105t domowych, kt\u00f3rzy szukaj\u0105 wygody bez uszczerbku dla bezpiecze\u0144stwa. \u0141atwa w u\u017cyciu i uniwersalnie kompatybilna z wi\u0119kszo\u015bci\u0105 pojazd\u00f3w, ta smycz sprawia, \u017ce ka\u017cda podr\u00f3\u017c z pupilem jest dziecinnie prosta.<\/p>","protected":false},"featured_media":4951,"template":"","meta":[],"product_brand":[],"product_cat":[27],"product_tag":[],"class_list":{"0":"post-4950","1":"product","2":"type-product","3":"status-publish","4":"has-post-thumbnail","6":"product_cat-dog-leash","7":"pa_brand-qqpets","9":"first","10":"instock","11":"shipping-taxable","12":"product-type-simple"},"yoast_head":"<!-- This site is optimized with the Yoast SEO plugin v26.6 - https:\/\/yoast.com\/wordpress\/plugins\/seo\/ -->\n<title>Hands Free No Pull Dog Leash | QQPETS<\/title>\n<meta name=\"description\" content=\"Shop our Hands Free Dog Leash with Car Seat Belt for safe, shock-absorbing walks and runs. Perfect for active pet owners!\" \/>\n<meta name=\"robots\" content=\"index, follow, max-snippet:-1, max-image-preview:large, max-video-preview:-1\" \/>\n<link rel=\"canonical\" href=\"https:\/\/qqpets.com\/pl\/produkt\/hands-free-no-pull-dog-leash\/\" \/>\n<meta property=\"og:locale\" content=\"pl_PL\" \/>\n<meta property=\"og:type\" content=\"article\" \/>\n<meta property=\"og:title\" content=\"Hands Free No Pull Dog Leash | QQPETS\" \/>\n<meta property=\"og:description\" content=\"Shop our Hands Free Dog Leash with Car Seat Belt for safe, shock-absorbing walks and runs. Perfect for active pet owners!\" \/>\n<meta property=\"og:url\" content=\"https:\/\/qqpets.com\/pl\/produkt\/hands-free-no-pull-dog-leash\/\" \/>\n<meta property=\"og:site_name\" content=\"QQPETS\" \/>\n<meta property=\"article:publisher\" content=\"https:\/\/www.facebook.com\/QQpetsdogcollars\" \/>\n<meta property=\"article:modified_time\" content=\"2024-11-11T07:15:16+00:00\" \/>\n<meta property=\"og:image\" content=\"https:\/\/qqpets.com\/wp-content\/uploads\/2024\/03\/1.webp\" \/>\n\t<meta property=\"og:image:width\" content=\"1000\" \/>\n\t<meta property=\"og:image:height\" content=\"1000\" \/>\n\t<meta property=\"og:image:type\" content=\"image\/webp\" \/>\n<meta name=\"twitter:card\" content=\"summary_large_image\" \/>\n<meta name=\"twitter:label1\" content=\"Szacowany czas czytania\" \/>\n\t<meta name=\"twitter:data1\" content=\"3 minuty\" \/>\n<script type=\"application\/ld+json\" class=\"yoast-schema-graph\">{\"@context\":\"https:\/\/schema.org\",\"@graph\":[{\"@type\":\"WebPage\",\"@id\":\"https:\/\/qqpets.com\/product\/hands-free-no-pull-dog-leash\/\",\"url\":\"https:\/\/qqpets.com\/product\/hands-free-no-pull-dog-leash\/\",\"name\":\"Hands Free No Pull Dog Leash | QQPETS\",\"isPartOf\":{\"@id\":\"https:\/\/qqpets.com\/#website\"},\"primaryImageOfPage\":{\"@id\":\"https:\/\/qqpets.com\/product\/hands-free-no-pull-dog-leash\/#primaryimage\"},\"image\":{\"@id\":\"https:\/\/qqpets.com\/product\/hands-free-no-pull-dog-leash\/#primaryimage\"},\"thumbnailUrl\":\"https:\/\/qqpets.com\/wp-content\/uploads\/2024\/03\/1.webp\",\"datePublished\":\"2024-03-14T02:00:15+00:00\",\"dateModified\":\"2024-11-11T07:15:16+00:00\",\"description\":\"Shop our Hands Free Dog Leash with Car Seat Belt for safe, shock-absorbing walks and runs. Perfect for active pet owners!\",\"breadcrumb\":{\"@id\":\"https:\/\/qqpets.com\/product\/hands-free-no-pull-dog-leash\/#breadcrumb\"},\"inLanguage\":\"pl-PL\",\"potentialAction\":[{\"@type\":\"ReadAction\",\"target\":[\"https:\/\/qqpets.com\/product\/hands-free-no-pull-dog-leash\/\"]}]},{\"@type\":\"ImageObject\",\"inLanguage\":\"pl-PL\",\"@id\":\"https:\/\/qqpets.com\/product\/hands-free-no-pull-dog-leash\/#primaryimage\",\"url\":\"https:\/\/qqpets.com\/wp-content\/uploads\/2024\/03\/1.webp\",\"contentUrl\":\"https:\/\/qqpets.com\/wp-content\/uploads\/2024\/03\/1.webp\",\"width\":1000,\"height\":1000,\"caption\":\"car sear belt bungee dog leash\"},{\"@type\":\"BreadcrumbList\",\"@id\":\"https:\/\/qqpets.com\/product\/hands-free-no-pull-dog-leash\/#breadcrumb\",\"itemListElement\":[{\"@type\":\"ListItem\",\"position\":1,\"name\":\"Home\",\"item\":\"https:\/\/qqpets.com\/\"},{\"@type\":\"ListItem\",\"position\":2,\"name\":\"Products\",\"item\":\"https:\/\/qqpets.com\/pet-products-manufacturer\/\"},{\"@type\":\"ListItem\",\"position\":3,\"name\":\"Hands Free No Pull Dog Leash\"}]},{\"@type\":\"WebSite\",\"@id\":\"https:\/\/qqpets.com\/#website\",\"url\":\"https:\/\/qqpets.com\/\",\"name\":\"QQPETS\",\"description\":\"QQPETS is a pet products factory for dog harnesses, dog collars, dog leashes and dog accessories with professional customized service since 2005.\",\"publisher\":{\"@id\":\"https:\/\/qqpets.com\/#organization\"},\"potentialAction\":[{\"@type\":\"SearchAction\",\"target\":{\"@type\":\"EntryPoint\",\"urlTemplate\":\"https:\/\/qqpets.com\/?s={search_term_string}\"},\"query-input\":{\"@type\":\"PropertyValueSpecification\",\"valueRequired\":true,\"valueName\":\"search_term_string\"}}],\"inLanguage\":\"pl-PL\"},{\"@type\":\"Organization\",\"@id\":\"https:\/\/qqpets.com\/#organization\",\"name\":\"QQPETS\",\"url\":\"https:\/\/qqpets.com\/\",\"logo\":{\"@type\":\"ImageObject\",\"inLanguage\":\"pl-PL\",\"@id\":\"https:\/\/qqpets.com\/#\/schema\/logo\/image\/\",\"url\":\"https:\/\/qqpets.com\/wp-content\/uploads\/2023\/09\/cropped-cropped-qqpets-tiktok.jpg\",\"contentUrl\":\"https:\/\/qqpets.com\/wp-content\/uploads\/2023\/09\/cropped-cropped-qqpets-tiktok.jpg\",\"width\":511,\"height\":511,\"caption\":\"QQPETS\"},\"image\":{\"@id\":\"https:\/\/qqpets.com\/#\/schema\/logo\/image\/\"},\"sameAs\":[\"https:\/\/www.facebook.com\/QQpetsdogcollars\",\"https:\/\/www.instagram.com\/qqpetscollar\/\",\"https:\/\/www.pinterest.com\/qqpetsdogcollarsfactory\/\"]}]}<\/script>\n<!-- \/ Yoast SEO plugin. -->","yoast_head_json":{"title":"Bezdotykowa smycz dla psa | QQPETS","description":"Nasza smycz dla psa Hands Free z samochodowym pasem bezpiecze\u0144stwa zapewnia bezpieczne, absorbuj\u0105ce wstrz\u0105sy spacery i biegi. Idealna dla aktywnych w\u0142a\u015bcicieli zwierz\u0105t!","robots":{"index":"index","follow":"follow","max-snippet":"max-snippet:-1","max-image-preview":"max-image-preview:large","max-video-preview":"max-video-preview:-1"},"canonical":"https:\/\/qqpets.com\/pl\/produkt\/hands-free-no-pull-dog-leash\/","og_locale":"pl_PL","og_type":"article","og_title":"Hands Free No Pull Dog Leash | QQPETS","og_description":"Shop our Hands Free Dog Leash with Car Seat Belt for safe, shock-absorbing walks and runs. Perfect for active pet owners!","og_url":"https:\/\/qqpets.com\/pl\/produkt\/hands-free-no-pull-dog-leash\/","og_site_name":"QQPETS","article_publisher":"https:\/\/www.facebook.com\/QQpetsdogcollars","article_modified_time":"2024-11-11T07:15:16+00:00","og_image":[{"width":1000,"height":1000,"url":"https:\/\/qqpets.com\/wp-content\/uploads\/2024\/03\/1.webp","type":"image\/webp"}],"twitter_card":"summary_large_image","twitter_misc":{"Szacowany czas czytania":"3 minuty"},"schema":{"@context":"https:\/\/schema.org","@graph":[{"@type":"WebPage","@id":"https:\/\/qqpets.com\/product\/hands-free-no-pull-dog-leash\/","url":"https:\/\/qqpets.com\/product\/hands-free-no-pull-dog-leash\/","name":"Bezdotykowa smycz dla psa | QQPETS","isPartOf":{"@id":"https:\/\/qqpets.com\/#website"},"primaryImageOfPage":{"@id":"https:\/\/qqpets.com\/product\/hands-free-no-pull-dog-leash\/#primaryimage"},"image":{"@id":"https:\/\/qqpets.com\/product\/hands-free-no-pull-dog-leash\/#primaryimage"},"thumbnailUrl":"https:\/\/qqpets.com\/wp-content\/uploads\/2024\/03\/1.webp","datePublished":"2024-03-14T02:00:15+00:00","dateModified":"2024-11-11T07:15:16+00:00","description":"Nasza smycz dla psa Hands Free z samochodowym pasem bezpiecze\u0144stwa zapewnia bezpieczne, absorbuj\u0105ce wstrz\u0105sy spacery i biegi. Idealna dla aktywnych w\u0142a\u015bcicieli zwierz\u0105t!","breadcrumb":{"@id":"https:\/\/qqpets.com\/product\/hands-free-no-pull-dog-leash\/#breadcrumb"},"inLanguage":"pl-PL","potentialAction":[{"@type":"ReadAction","target":["https:\/\/qqpets.com\/product\/hands-free-no-pull-dog-leash\/"]}]},{"@type":"ImageObject","inLanguage":"pl-PL","@id":"https:\/\/qqpets.com\/product\/hands-free-no-pull-dog-leash\/#primaryimage","url":"https:\/\/qqpets.com\/wp-content\/uploads\/2024\/03\/1.webp","contentUrl":"https:\/\/qqpets.com\/wp-content\/uploads\/2024\/03\/1.webp","width":1000,"height":1000,"caption":"car sear belt bungee dog leash"},{"@type":"BreadcrumbList","@id":"https:\/\/qqpets.com\/product\/hands-free-no-pull-dog-leash\/#breadcrumb","itemListElement":[{"@type":"ListItem","position":1,"name":"Home","item":"https:\/\/qqpets.com\/"},{"@type":"ListItem","position":2,"name":"Products","item":"https:\/\/qqpets.com\/pet-products-manufacturer\/"},{"@type":"ListItem","position":3,"name":"Hands Free No Pull Dog Leash"}]},{"@type":"WebSite","@id":"https:\/\/qqpets.com\/#website","url":"https:\/\/qqpets.com\/","name":"QQPETS","description":"QQPETS to fabryka uprz\u0119\u017cy dla ps\u00f3w, obro\u017cy dla ps\u00f3w, smyczy dla ps\u00f3w i akcesori\u00f3w dla ps\u00f3w z profesjonaln\u0105 obs\u0142ug\u0105 dostosowan\u0105 do potrzeb klienta od 2005 roku.","publisher":{"@id":"https:\/\/qqpets.com\/#organization"},"potentialAction":[{"@type":"SearchAction","target":{"@type":"EntryPoint","urlTemplate":"https:\/\/qqpets.com\/?s={search_term_string}"},"query-input":{"@type":"PropertyValueSpecification","valueRequired":true,"valueName":"search_term_string"}}],"inLanguage":"pl-PL"},{"@type":"Organization","@id":"https:\/\/qqpets.com\/#organization","name":"QQPETS","url":"https:\/\/qqpets.com\/","logo":{"@type":"ImageObject","inLanguage":"pl-PL","@id":"https:\/\/qqpets.com\/#\/schema\/logo\/image\/","url":"https:\/\/qqpets.com\/wp-content\/uploads\/2023\/09\/cropped-cropped-qqpets-tiktok.jpg","contentUrl":"https:\/\/qqpets.com\/wp-content\/uploads\/2023\/09\/cropped-cropped-qqpets-tiktok.jpg","width":511,"height":511,"caption":"QQPETS"},"image":{"@id":"https:\/\/qqpets.com\/#\/schema\/logo\/image\/"},"sameAs":["https:\/\/www.facebook.com\/QQpetsdogcollars","https:\/\/www.instagram.com\/qqpetscollar\/","https:\/\/www.pinterest.com\/qqpetsdogcollarsfactory\/"]}]}},"_links":{"self":[{"href":"https:\/\/qqpets.com\/pl\/wp-json\/wp\/v2\/product\/4950","targetHints":{"allow":["GET"]}}],"collection":[{"href":"https:\/\/qqpets.com\/pl\/wp-json\/wp\/v2\/product"}],"about":[{"href":"https:\/\/qqpets.com\/pl\/wp-json\/wp\/v2\/types\/product"}],"wp:featuredmedia":[{"embeddable":true,"href":"https:\/\/qqpets.com\/pl\/wp-json\/wp\/v2\/media\/4951"}],"wp:attachment":[{"href":"https:\/\/qqpets.com\/pl\/wp-json\/wp\/v2\/media?parent=4950"}],"wp:term":[{"taxonomy":"product_brand","embeddable":true,"href":"https:\/\/qqpets.com\/pl\/wp-json\/wp\/v2\/product_brand?post=4950"},{"taxonomy":"product_cat","embeddable":true,"href":"https:\/\/qqpets.com\/pl\/wp-json\/wp\/v2\/product_cat?post=4950"},{"taxonomy":"product_tag","embeddable":true,"href":"https:\/\/qqpets.com\/pl\/wp-json\/wp\/v2\/product_tag?post=4950"}],"curies":[{"name":"wp","href":"https:\/\/api.w.org\/{rel}","templated":true}]}}