{"id":7618,"date":"2024-08-30T17:15:21","date_gmt":"2024-08-30T09:15:21","guid":{"rendered":"https:\/\/qqpets.com\/?post_type=product&#038;p=7618"},"modified":"2024-08-30T17:26:32","modified_gmt":"2024-08-30T09:26:32","slug":"led-dog-harness","status":"publish","type":"product","link":"https:\/\/qqpets.com\/pl\/produkt\/led-dog-harness\/","title":{"rendered":"Uprz\u0105\u017c LED dla psa"},"content":{"rendered":"<p>Zwi\u0119ksz bezpiecze\u0144stwo swoich wieczornych spacer\u00f3w dzi\u0119ki naszej obro\u017cy LED dla psa, zaprojektowanej specjalnie w celu zwi\u0119kszenia widoczno\u015bci zwierz\u0119cia w warunkach s\u0142abego o\u015bwietlenia. Ta obro\u017ca jest wyposa\u017cona w diody LED o wysokiej intensywno\u015bci, kt\u00f3re sprawiaj\u0105, \u017ce pies jest widoczny ze znacznej odleg\u0142o\u015bci, dodaj\u0105c niezb\u0119dn\u0105 warstw\u0119 bezpiecze\u0144stwa do nocnych wycieczek.<\/p>\n<p>Wykonana z wysokiej jako\u015bci, wytrzyma\u0142ych materia\u0142\u00f3w obro\u017ca jest idealna do suchych warunk\u00f3w i regularnego u\u017cytkowania. Posiada regulowan\u0105 konstrukcj\u0119, aby zapewni\u0107 dok\u0142adne i wygodne dopasowanie dla ps\u00f3w ka\u017cdej wielko\u015bci. Akumulator zapewnia kilka godzin \u015bwiecenia i jest \u0142atwy do \u0142adowania przez USB, oferuj\u0105c wygod\u0119 i niezawodno\u015b\u0107.<\/p>\n<p>Mo\u017cna wybra\u0107 jeden z wielu tryb\u00f3w o\u015bwietlenia, w tym sta\u0142y, powolny b\u0142ysk i szybki b\u0142ysk, co pozwala dostosowa\u0107 widoczno\u015b\u0107 do konkretnych potrzeb \u015brodowiskowych.<\/p>\n<p>Nasza obro\u017ca LED dla psa to doskona\u0142y wyb\u00f3r dla tych, kt\u00f3rzy chc\u0105 zapewni\u0107 bezpiecze\u0144stwo swoim zwierz\u0119tom w ciemnych godzinach, bez uszczerbku dla stylu. Nadaje si\u0119 szczeg\u00f3lnie do obszar\u00f3w, w kt\u00f3rych wilgo\u0107 i woda nie s\u0105 problemem, zapewniaj\u0105c, \u017ce Tw\u00f3j zwierzak pozostanie w centrum uwagi i b\u0119dzie bezpieczny podczas wieczornych podr\u00f3\u017cy.<\/p>\n<h3><strong>Czy obro\u017ce LED s\u0105 bezpieczne dla ps\u00f3w?<\/strong><\/h3>\n<p>Tak, obro\u017ce LED s\u0105 bezpieczne dla ps\u00f3w. Zosta\u0142y zaprojektowane w celu zwi\u0119kszenia widoczno\u015bci i bezpiecze\u0144stwa podczas nocnych spacer\u00f3w bez powodowania dyskomfortu lub szkody dla psa.<\/p>\n<h3><strong>Jak dzia\u0142a obro\u017ca LED dla psa?<\/strong><\/h3>\n<p>Obro\u017ca LED dla psa dzia\u0142a poprzez wbudowanie diod elektroluminescencyjnych (LED) w materia\u0142 obro\u017cy lub jako do\u0142\u0105czony pasek, zasilany ma\u0142ymi bateriami, dzi\u0119ki czemu obro\u017ca \u015bwieci w ciemno\u015bci.<\/p>\n<h3><strong>Czy \u015bwiat\u0142a LED pomagaj\u0105 psom?<\/strong><\/h3>\n<p>\u015awiat\u0142a LED pomagaj\u0105 zwi\u0119kszy\u0107 widoczno\u015b\u0107 psa dla kierowc\u00f3w, rowerzyst\u00f3w i innych os\u00f3b w warunkach s\u0142abego o\u015bwietlenia, zwi\u0119kszaj\u0105c bezpiecze\u0144stwo, ale nie zapewniaj\u0105 bezpo\u015brednich korzy\u015bci, takich jak poprawa wzroku psa.<\/p>\n<h3><strong>Jak na\u0142adowa\u0107 obro\u017c\u0119 LED dla psa?<\/strong><\/h3>\n<p>Wi\u0119kszo\u015b\u0107 obro\u017cy LED dla ps\u00f3w jest \u0142adowana za pomoc\u0105 kabla USB. Wystarczy pod\u0142\u0105czy\u0107 kabel do portu \u0142adowania obro\u017cy, a drugi koniec do \u0142adowarki USB lub komputera.<\/p>\n<h3><strong>Czy obro\u017ce dla ps\u00f3w przyci\u0105gaj\u0105 pioruny?<\/strong><\/h3>\n<p>Nie, obro\u017ce dla ps\u00f3w nie przyci\u0105gaj\u0105 piorun\u00f3w. Ryzyko uderzenia pioruna w obro\u017c\u0119 dla psa jest bardzo niskie i nie stanowi istotnego zagro\u017cenia.<\/p>\n<h3><strong>Jakie obro\u017ce polecaj\u0105 weterynarze?<\/strong><\/h3>\n<p>Weterynarze zazwyczaj zalecaj\u0105 obro\u017ce, kt\u00f3re s\u0105 bezpieczne, wygodne i odpowiednie dla wielko\u015bci i rasy psa. Do codziennego u\u017cytku cz\u0119sto zalecane s\u0105 obro\u017ce zrywalne lub regulowane obro\u017ce p\u0142askie.<\/p>\n<h3><strong>Jaki kolor diod LED jest najlepszy dla ps\u00f3w?<\/strong><\/h3>\n<p>Jasne kolory, takie jak bia\u0142y lub niebieski, s\u0105 najlepsze dla widoczno\u015bci obro\u017cy LED dla ps\u00f3w, poniewa\u017c s\u0105 bardziej widoczne w nocy w por\u00f3wnaniu z cieplejszymi kolorami, kt\u00f3re mog\u0105 wtapia\u0107 si\u0119 w miejskie zanieczyszczenie \u015bwiat\u0142em.<\/p>","protected":false},"excerpt":{"rendered":"<p>Zwi\u0119ksz widoczno\u015b\u0107 swojego psa podczas wieczornych spacer\u00f3w dzi\u0119ki naszej obro\u017cy LED dla psa. Wyposa\u017cona w jasne, energooszcz\u0119dne diody LED obro\u017ca zapewnia widoczno\u015b\u0107 zwierz\u0119cia w warunkach s\u0142abego o\u015bwietlenia. Obro\u017ca jest regulowana dla idealnego dopasowania i wykonana z trwa\u0142ych materia\u0142\u00f3w do codziennego u\u017cytku. Obro\u017ca jest wyposa\u017cona w akumulator o d\u0142ugiej \u017cywotno\u015bci i oferuje wiele tryb\u00f3w o\u015bwietlenia, aby zwi\u0119kszy\u0107 widoczno\u015b\u0107. Idealna na nocne spacery w suche wieczory.<\/p>","protected":false},"featured_media":7220,"template":"","meta":[],"product_brand":[],"product_cat":[26],"product_tag":[],"class_list":{"0":"post-7618","1":"product","2":"type-product","3":"status-publish","4":"has-post-thumbnail","6":"product_cat-dog-collar","8":"first","9":"instock","10":"shipping-taxable","11":"product-type-simple"},"yoast_head":"<!-- This site is optimized with the Yoast SEO plugin v26.6 - https:\/\/yoast.com\/wordpress\/plugins\/seo\/ -->\n<title>LED Dog Harness | QQPETS<\/title>\n<meta name=\"description\" content=\"Light up your pet&#039;s night with our LED Dog Collar. Bright, stylish, and perfect for evening visibility. Shop now!\" \/>\n<meta name=\"robots\" content=\"index, follow, max-snippet:-1, max-image-preview:large, max-video-preview:-1\" \/>\n<link rel=\"canonical\" href=\"https:\/\/qqpets.com\/pl\/produkt\/led-dog-harness\/\" \/>\n<meta property=\"og:locale\" content=\"pl_PL\" \/>\n<meta property=\"og:type\" content=\"article\" \/>\n<meta property=\"og:title\" content=\"LED Dog Harness | QQPETS\" \/>\n<meta property=\"og:description\" content=\"Light up your pet&#039;s night with our LED Dog Collar. Bright, stylish, and perfect for evening visibility. Shop now!\" \/>\n<meta property=\"og:url\" content=\"https:\/\/qqpets.com\/pl\/produkt\/led-dog-harness\/\" \/>\n<meta property=\"og:site_name\" content=\"QQPETS\" \/>\n<meta property=\"article:publisher\" content=\"https:\/\/www.facebook.com\/QQpetsdogcollars\" \/>\n<meta property=\"article:modified_time\" content=\"2024-08-30T09:26:32+00:00\" \/>\n<meta property=\"og:image\" content=\"https:\/\/qqpets.com\/wp-content\/uploads\/2023\/09\/led-dog-collar.webp\" \/>\n\t<meta property=\"og:image:width\" content=\"800\" \/>\n\t<meta property=\"og:image:height\" content=\"800\" \/>\n\t<meta property=\"og:image:type\" content=\"image\/webp\" \/>\n<meta name=\"twitter:card\" content=\"summary_large_image\" \/>\n<meta name=\"twitter:label1\" content=\"Szacowany czas czytania\" \/>\n\t<meta name=\"twitter:data1\" content=\"3 minuty\" \/>\n<script type=\"application\/ld+json\" class=\"yoast-schema-graph\">{\"@context\":\"https:\/\/schema.org\",\"@graph\":[{\"@type\":\"WebPage\",\"@id\":\"https:\/\/qqpets.com\/product\/led-dog-harness\/\",\"url\":\"https:\/\/qqpets.com\/product\/led-dog-harness\/\",\"name\":\"LED Dog Harness | QQPETS\",\"isPartOf\":{\"@id\":\"https:\/\/qqpets.com\/#website\"},\"primaryImageOfPage\":{\"@id\":\"https:\/\/qqpets.com\/product\/led-dog-harness\/#primaryimage\"},\"image\":{\"@id\":\"https:\/\/qqpets.com\/product\/led-dog-harness\/#primaryimage\"},\"thumbnailUrl\":\"https:\/\/qqpets.com\/wp-content\/uploads\/2023\/09\/led-dog-collar.webp\",\"datePublished\":\"2024-08-30T09:15:21+00:00\",\"dateModified\":\"2024-08-30T09:26:32+00:00\",\"description\":\"Light up your pet's night with our LED Dog Collar. Bright, stylish, and perfect for evening visibility. Shop now!\",\"breadcrumb\":{\"@id\":\"https:\/\/qqpets.com\/product\/led-dog-harness\/#breadcrumb\"},\"inLanguage\":\"pl-PL\",\"potentialAction\":[{\"@type\":\"ReadAction\",\"target\":[\"https:\/\/qqpets.com\/product\/led-dog-harness\/\"]}]},{\"@type\":\"ImageObject\",\"inLanguage\":\"pl-PL\",\"@id\":\"https:\/\/qqpets.com\/product\/led-dog-harness\/#primaryimage\",\"url\":\"https:\/\/qqpets.com\/wp-content\/uploads\/2023\/09\/led-dog-collar.webp\",\"contentUrl\":\"https:\/\/qqpets.com\/wp-content\/uploads\/2023\/09\/led-dog-collar.webp\",\"width\":800,\"height\":800,\"caption\":\"led dog collar\"},{\"@type\":\"BreadcrumbList\",\"@id\":\"https:\/\/qqpets.com\/product\/led-dog-harness\/#breadcrumb\",\"itemListElement\":[{\"@type\":\"ListItem\",\"position\":1,\"name\":\"Home\",\"item\":\"https:\/\/qqpets.com\/\"},{\"@type\":\"ListItem\",\"position\":2,\"name\":\"Products\",\"item\":\"https:\/\/qqpets.com\/pet-products-manufacturer\/\"},{\"@type\":\"ListItem\",\"position\":3,\"name\":\"LED Dog Harness\"}]},{\"@type\":\"WebSite\",\"@id\":\"https:\/\/qqpets.com\/#website\",\"url\":\"https:\/\/qqpets.com\/\",\"name\":\"QQPETS\",\"description\":\"QQPETS is a pet products factory for dog harnesses, dog collars, dog leashes and dog accessories with professional customized service since 2005.\",\"publisher\":{\"@id\":\"https:\/\/qqpets.com\/#organization\"},\"potentialAction\":[{\"@type\":\"SearchAction\",\"target\":{\"@type\":\"EntryPoint\",\"urlTemplate\":\"https:\/\/qqpets.com\/?s={search_term_string}\"},\"query-input\":{\"@type\":\"PropertyValueSpecification\",\"valueRequired\":true,\"valueName\":\"search_term_string\"}}],\"inLanguage\":\"pl-PL\"},{\"@type\":\"Organization\",\"@id\":\"https:\/\/qqpets.com\/#organization\",\"name\":\"QQPETS\",\"url\":\"https:\/\/qqpets.com\/\",\"logo\":{\"@type\":\"ImageObject\",\"inLanguage\":\"pl-PL\",\"@id\":\"https:\/\/qqpets.com\/#\/schema\/logo\/image\/\",\"url\":\"https:\/\/qqpets.com\/wp-content\/uploads\/2023\/09\/cropped-cropped-qqpets-tiktok.jpg\",\"contentUrl\":\"https:\/\/qqpets.com\/wp-content\/uploads\/2023\/09\/cropped-cropped-qqpets-tiktok.jpg\",\"width\":511,\"height\":511,\"caption\":\"QQPETS\"},\"image\":{\"@id\":\"https:\/\/qqpets.com\/#\/schema\/logo\/image\/\"},\"sameAs\":[\"https:\/\/www.facebook.com\/QQpetsdogcollars\",\"https:\/\/www.instagram.com\/qqpetscollar\/\",\"https:\/\/www.pinterest.com\/qqpetsdogcollarsfactory\/\"]}]}<\/script>\n<!-- \/ Yoast SEO plugin. -->","yoast_head_json":{"title":"Uprz\u0105\u017c LED dla psa | QQPETS","description":"Roz\u015bwietl noc swojemu pupilowi dzi\u0119ki naszej obro\u017cy LED dla psa. Jasna, stylowa i idealna do wieczornej widoczno\u015bci. Kup teraz!","robots":{"index":"index","follow":"follow","max-snippet":"max-snippet:-1","max-image-preview":"max-image-preview:large","max-video-preview":"max-video-preview:-1"},"canonical":"https:\/\/qqpets.com\/pl\/produkt\/led-dog-harness\/","og_locale":"pl_PL","og_type":"article","og_title":"LED Dog Harness | QQPETS","og_description":"Light up your pet's night with our LED Dog Collar. Bright, stylish, and perfect for evening visibility. Shop now!","og_url":"https:\/\/qqpets.com\/pl\/produkt\/led-dog-harness\/","og_site_name":"QQPETS","article_publisher":"https:\/\/www.facebook.com\/QQpetsdogcollars","article_modified_time":"2024-08-30T09:26:32+00:00","og_image":[{"width":800,"height":800,"url":"https:\/\/qqpets.com\/wp-content\/uploads\/2023\/09\/led-dog-collar.webp","type":"image\/webp"}],"twitter_card":"summary_large_image","twitter_misc":{"Szacowany czas czytania":"3 minuty"},"schema":{"@context":"https:\/\/schema.org","@graph":[{"@type":"WebPage","@id":"https:\/\/qqpets.com\/product\/led-dog-harness\/","url":"https:\/\/qqpets.com\/product\/led-dog-harness\/","name":"Uprz\u0105\u017c LED dla psa | QQPETS","isPartOf":{"@id":"https:\/\/qqpets.com\/#website"},"primaryImageOfPage":{"@id":"https:\/\/qqpets.com\/product\/led-dog-harness\/#primaryimage"},"image":{"@id":"https:\/\/qqpets.com\/product\/led-dog-harness\/#primaryimage"},"thumbnailUrl":"https:\/\/qqpets.com\/wp-content\/uploads\/2023\/09\/led-dog-collar.webp","datePublished":"2024-08-30T09:15:21+00:00","dateModified":"2024-08-30T09:26:32+00:00","description":"Roz\u015bwietl noc swojemu pupilowi dzi\u0119ki naszej obro\u017cy LED dla psa. Jasna, stylowa i idealna do wieczornej widoczno\u015bci. Kup teraz!","breadcrumb":{"@id":"https:\/\/qqpets.com\/product\/led-dog-harness\/#breadcrumb"},"inLanguage":"pl-PL","potentialAction":[{"@type":"ReadAction","target":["https:\/\/qqpets.com\/product\/led-dog-harness\/"]}]},{"@type":"ImageObject","inLanguage":"pl-PL","@id":"https:\/\/qqpets.com\/product\/led-dog-harness\/#primaryimage","url":"https:\/\/qqpets.com\/wp-content\/uploads\/2023\/09\/led-dog-collar.webp","contentUrl":"https:\/\/qqpets.com\/wp-content\/uploads\/2023\/09\/led-dog-collar.webp","width":800,"height":800,"caption":"led dog collar"},{"@type":"BreadcrumbList","@id":"https:\/\/qqpets.com\/product\/led-dog-harness\/#breadcrumb","itemListElement":[{"@type":"ListItem","position":1,"name":"Home","item":"https:\/\/qqpets.com\/"},{"@type":"ListItem","position":2,"name":"Products","item":"https:\/\/qqpets.com\/pet-products-manufacturer\/"},{"@type":"ListItem","position":3,"name":"LED Dog Harness"}]},{"@type":"WebSite","@id":"https:\/\/qqpets.com\/#website","url":"https:\/\/qqpets.com\/","name":"QQPETS","description":"QQPETS to fabryka uprz\u0119\u017cy dla ps\u00f3w, obro\u017cy dla ps\u00f3w, smyczy dla ps\u00f3w i akcesori\u00f3w dla ps\u00f3w z profesjonaln\u0105 obs\u0142ug\u0105 dostosowan\u0105 do potrzeb klienta od 2005 roku.","publisher":{"@id":"https:\/\/qqpets.com\/#organization"},"potentialAction":[{"@type":"SearchAction","target":{"@type":"EntryPoint","urlTemplate":"https:\/\/qqpets.com\/?s={search_term_string}"},"query-input":{"@type":"PropertyValueSpecification","valueRequired":true,"valueName":"search_term_string"}}],"inLanguage":"pl-PL"},{"@type":"Organization","@id":"https:\/\/qqpets.com\/#organization","name":"QQPETS","url":"https:\/\/qqpets.com\/","logo":{"@type":"ImageObject","inLanguage":"pl-PL","@id":"https:\/\/qqpets.com\/#\/schema\/logo\/image\/","url":"https:\/\/qqpets.com\/wp-content\/uploads\/2023\/09\/cropped-cropped-qqpets-tiktok.jpg","contentUrl":"https:\/\/qqpets.com\/wp-content\/uploads\/2023\/09\/cropped-cropped-qqpets-tiktok.jpg","width":511,"height":511,"caption":"QQPETS"},"image":{"@id":"https:\/\/qqpets.com\/#\/schema\/logo\/image\/"},"sameAs":["https:\/\/www.facebook.com\/QQpetsdogcollars","https:\/\/www.instagram.com\/qqpetscollar\/","https:\/\/www.pinterest.com\/qqpetsdogcollarsfactory\/"]}]}},"_links":{"self":[{"href":"https:\/\/qqpets.com\/pl\/wp-json\/wp\/v2\/product\/7618","targetHints":{"allow":["GET"]}}],"collection":[{"href":"https:\/\/qqpets.com\/pl\/wp-json\/wp\/v2\/product"}],"about":[{"href":"https:\/\/qqpets.com\/pl\/wp-json\/wp\/v2\/types\/product"}],"wp:featuredmedia":[{"embeddable":true,"href":"https:\/\/qqpets.com\/pl\/wp-json\/wp\/v2\/media\/7220"}],"wp:attachment":[{"href":"https:\/\/qqpets.com\/pl\/wp-json\/wp\/v2\/media?parent=7618"}],"wp:term":[{"taxonomy":"product_brand","embeddable":true,"href":"https:\/\/qqpets.com\/pl\/wp-json\/wp\/v2\/product_brand?post=7618"},{"taxonomy":"product_cat","embeddable":true,"href":"https:\/\/qqpets.com\/pl\/wp-json\/wp\/v2\/product_cat?post=7618"},{"taxonomy":"product_tag","embeddable":true,"href":"https:\/\/qqpets.com\/pl\/wp-json\/wp\/v2\/product_tag?post=7618"}],"curies":[{"name":"wp","href":"https:\/\/api.w.org\/{rel}","templated":true}]}}