{"id":7631,"date":"2024-08-30T17:38:13","date_gmt":"2024-08-30T09:38:13","guid":{"rendered":"https:\/\/qqpets.com\/?post_type=product&#038;p=7631"},"modified":"2024-08-30T17:38:13","modified_gmt":"2024-08-30T09:38:13","slug":"retractable-dog-leash-with-light-1-0-qqpets","status":"publish","type":"product","link":"https:\/\/qqpets.com\/pl\/produkt\/retractable-dog-leash-with-light-1-0-qqpets\/","title":{"rendered":"Zwijana smycz dla psa ze \u015bwiat\u0142em 1.0 - QQPETS"},"content":{"rendered":"<p>Przedstawiamy najlepsze akcesorium spacerowe dla w\u0142a\u015bcicieli zwierz\u0105t, kt\u00f3rzy lubi\u0105 wieczorne lub poranne spacery: nasz\u0105 zwijan\u0105 smycz dla psa ze \u015bwiat\u0142em. Ta innowacyjna smycz zosta\u0142a zaprojektowana, aby zapewni\u0107 lepsz\u0105 widoczno\u015b\u0107 i bezpiecze\u0144stwo Tobie i Twojemu pupilowi w warunkach s\u0142abego o\u015bwietlenia. Wbudowane \u015bwiat\u0142o LED o\u015bwietla \u015bcie\u017ck\u0119, zapewniaj\u0105c, \u017ce Ty i Tw\u00f3j pies jeste\u015bcie widoczni dla kierowc\u00f3w i innych pieszych.<\/p>\n<p>Wykonana z wysokiej jako\u015bci materia\u0142\u00f3w smycz posiada mocny i wytrzyma\u0142y mechanizm, kt\u00f3ry poradzi sobie z ci\u0105gni\u0119ciem przez wi\u0119kszo\u015b\u0107 ps\u00f3w. Zwijana linka rozci\u0105ga si\u0119 do 16 st\u00f3p, zapewniaj\u0105c psu du\u017c\u0105 swobod\u0119 eksploracji, podczas gdy ty zachowujesz pe\u0142n\u0105 kontrol\u0119. Ergonomicznie zaprojektowany uchwyt wygodnie le\u017cy w d\u0142oni, zmniejszaj\u0105c obci\u0105\u017cenie nadgarstka i u\u0142atwiaj\u0105c trzymanie podczas d\u0142ugich spacer\u00f3w.<\/p>\n<p>\u015awiat\u0142o LED jest wyr\u00f3\u017cniaj\u0105c\u0105 si\u0119 cech\u0105, oferuj\u0105c wystarczaj\u0105c\u0105 jasno\u015b\u0107, aby o\u015bwietli\u0107 najbli\u017cszy obszar. Jest to idealne rozwi\u0105zanie dla tych, kt\u00f3rzy wol\u0105 bezpieczniejsze spacery o zmierzchu lub o \u015bwicie. Smycz posiada r\u00f3wnie\u017c przycisk szybkiego zatrzymania, kt\u00f3ry pozwala \u0142atwo zarz\u0105dza\u0107 d\u0142ugo\u015bci\u0105 smyczy, zapewniaj\u0105c, \u017ce pies pozostaje blisko, gdy jest to potrzebne.<\/p>\n<p>Ta smycz jest nie tylko praktycznym, ale tak\u017ce stylowym narz\u0119dziem, poprawiaj\u0105cym wra\u017cenia ze spacer\u00f3w dzi\u0119ki swojej funkcjonalno\u015bci i \u0142atwo\u015bci u\u017cytkowania. Niezale\u017cnie od tego, czy poruszasz si\u0119 po ruchliwych ulicach miasta, czy po spokojnych \u015bcie\u017ckach parkowych, nasza zwijana smycz dla psa ze \u015bwiat\u0142em zapewnia, \u017ce nocne przygody z pupilem s\u0105 zar\u00f3wno bezpieczne, jak i przyjemne.<\/p>","protected":false},"excerpt":{"rendered":"<p>Zwi\u0119ksz bezpiecze\u0144stwo w nocy dzi\u0119ki naszej zwijanej smyczy dla psa ze \u015bwiat\u0142em. Ta smycz oferuje zintegrowane \u015bwiat\u0142o LED zapewniaj\u0105ce dobr\u0105 widoczno\u015b\u0107, zapewniaj\u0105c bezpieczne spacery w warunkach s\u0142abego o\u015bwietlenia. Zwijana konstrukcja zapewnia psu swobod\u0119 eksploracji, podczas gdy ty zachowujesz kontrol\u0119. Wykonana z trwa\u0142ych materia\u0142\u00f3w, posiada ergonomiczny uchwyt zapewniaj\u0105cy wygod\u0119 i \u0142atwo\u015b\u0107 u\u017cytkowania. Idealna na wieczorne lub poranne spacery, smycz ta \u0142\u0105czy wygod\u0119 z bezpiecze\u0144stwem.<\/p>","protected":false},"featured_media":7325,"template":"","meta":[],"product_brand":[],"product_cat":[27,21],"product_tag":[],"class_list":{"0":"post-7631","1":"product","2":"type-product","3":"status-publish","4":"has-post-thumbnail","6":"product_cat-dog-leash","7":"product_cat-led-product","8":"pa_brand-qqpets","10":"first","11":"instock","12":"shipping-taxable","13":"product-type-simple"},"yoast_head":"<!-- This site is optimized with the Yoast SEO plugin v26.6 - https:\/\/yoast.com\/wordpress\/plugins\/seo\/ -->\n<title>Retractable Dog Leash With Light 1.0 - QQPETS | QQPETS<\/title>\n<meta name=\"description\" content=\"Explore our Retractable Dog Leash With Light for safe night walks. Durable, convenient, and bright. Buy now!\" \/>\n<meta name=\"robots\" content=\"index, follow, max-snippet:-1, max-image-preview:large, max-video-preview:-1\" \/>\n<link rel=\"canonical\" href=\"https:\/\/qqpets.com\/pl\/produkt\/retractable-dog-leash-with-light-1-0-qqpets\/\" \/>\n<meta property=\"og:locale\" content=\"pl_PL\" \/>\n<meta property=\"og:type\" content=\"article\" \/>\n<meta property=\"og:title\" content=\"Retractable Dog Leash With Light 1.0 - QQPETS | QQPETS\" \/>\n<meta property=\"og:description\" content=\"Explore our Retractable Dog Leash With Light for safe night walks. Durable, convenient, and bright. Buy now!\" \/>\n<meta property=\"og:url\" content=\"https:\/\/qqpets.com\/pl\/produkt\/retractable-dog-leash-with-light-1-0-qqpets\/\" \/>\n<meta property=\"og:site_name\" content=\"QQPETS\" \/>\n<meta property=\"article:publisher\" content=\"https:\/\/www.facebook.com\/QQpetsdogcollars\" \/>\n<meta property=\"og:image\" content=\"https:\/\/qqpets.com\/wp-content\/uploads\/2023\/09\/retractable-dog-leahs-with-led.webp\" \/>\n\t<meta property=\"og:image:width\" content=\"1500\" \/>\n\t<meta property=\"og:image:height\" content=\"1500\" \/>\n\t<meta property=\"og:image:type\" content=\"image\/webp\" \/>\n<meta name=\"twitter:card\" content=\"summary_large_image\" \/>\n<meta name=\"twitter:label1\" content=\"Szacowany czas czytania\" \/>\n\t<meta name=\"twitter:data1\" content=\"2 minuty\" \/>\n<script type=\"application\/ld+json\" class=\"yoast-schema-graph\">{\"@context\":\"https:\/\/schema.org\",\"@graph\":[{\"@type\":\"WebPage\",\"@id\":\"https:\/\/qqpets.com\/product\/retractable-dog-leash-with-light-1-0-qqpets\/\",\"url\":\"https:\/\/qqpets.com\/product\/retractable-dog-leash-with-light-1-0-qqpets\/\",\"name\":\"Retractable Dog Leash With Light 1.0 - QQPETS | QQPETS\",\"isPartOf\":{\"@id\":\"https:\/\/qqpets.com\/#website\"},\"primaryImageOfPage\":{\"@id\":\"https:\/\/qqpets.com\/product\/retractable-dog-leash-with-light-1-0-qqpets\/#primaryimage\"},\"image\":{\"@id\":\"https:\/\/qqpets.com\/product\/retractable-dog-leash-with-light-1-0-qqpets\/#primaryimage\"},\"thumbnailUrl\":\"https:\/\/qqpets.com\/wp-content\/uploads\/2023\/09\/retractable-dog-leahs-with-led.webp\",\"datePublished\":\"2024-08-30T09:38:13+00:00\",\"description\":\"Explore our Retractable Dog Leash With Light for safe night walks. Durable, convenient, and bright. Buy now!\",\"breadcrumb\":{\"@id\":\"https:\/\/qqpets.com\/product\/retractable-dog-leash-with-light-1-0-qqpets\/#breadcrumb\"},\"inLanguage\":\"pl-PL\",\"potentialAction\":[{\"@type\":\"ReadAction\",\"target\":[\"https:\/\/qqpets.com\/product\/retractable-dog-leash-with-light-1-0-qqpets\/\"]}]},{\"@type\":\"ImageObject\",\"inLanguage\":\"pl-PL\",\"@id\":\"https:\/\/qqpets.com\/product\/retractable-dog-leash-with-light-1-0-qqpets\/#primaryimage\",\"url\":\"https:\/\/qqpets.com\/wp-content\/uploads\/2023\/09\/retractable-dog-leahs-with-led.webp\",\"contentUrl\":\"https:\/\/qqpets.com\/wp-content\/uploads\/2023\/09\/retractable-dog-leahs-with-led.webp\",\"width\":1500,\"height\":1500,\"caption\":\"retractable dog leahs with led\"},{\"@type\":\"BreadcrumbList\",\"@id\":\"https:\/\/qqpets.com\/product\/retractable-dog-leash-with-light-1-0-qqpets\/#breadcrumb\",\"itemListElement\":[{\"@type\":\"ListItem\",\"position\":1,\"name\":\"Home\",\"item\":\"https:\/\/qqpets.com\/\"},{\"@type\":\"ListItem\",\"position\":2,\"name\":\"Products\",\"item\":\"https:\/\/qqpets.com\/pet-products-manufacturer\/\"},{\"@type\":\"ListItem\",\"position\":3,\"name\":\"Retractable Dog Leash With Light 1.0 &#8211; QQPETS\"}]},{\"@type\":\"WebSite\",\"@id\":\"https:\/\/qqpets.com\/#website\",\"url\":\"https:\/\/qqpets.com\/\",\"name\":\"QQPETS\",\"description\":\"QQPETS is a pet products factory for dog harnesses, dog collars, dog leashes and dog accessories with professional customized service since 2005.\",\"publisher\":{\"@id\":\"https:\/\/qqpets.com\/#organization\"},\"potentialAction\":[{\"@type\":\"SearchAction\",\"target\":{\"@type\":\"EntryPoint\",\"urlTemplate\":\"https:\/\/qqpets.com\/?s={search_term_string}\"},\"query-input\":{\"@type\":\"PropertyValueSpecification\",\"valueRequired\":true,\"valueName\":\"search_term_string\"}}],\"inLanguage\":\"pl-PL\"},{\"@type\":\"Organization\",\"@id\":\"https:\/\/qqpets.com\/#organization\",\"name\":\"QQPETS\",\"url\":\"https:\/\/qqpets.com\/\",\"logo\":{\"@type\":\"ImageObject\",\"inLanguage\":\"pl-PL\",\"@id\":\"https:\/\/qqpets.com\/#\/schema\/logo\/image\/\",\"url\":\"https:\/\/qqpets.com\/wp-content\/uploads\/2023\/09\/cropped-cropped-qqpets-tiktok.jpg\",\"contentUrl\":\"https:\/\/qqpets.com\/wp-content\/uploads\/2023\/09\/cropped-cropped-qqpets-tiktok.jpg\",\"width\":511,\"height\":511,\"caption\":\"QQPETS\"},\"image\":{\"@id\":\"https:\/\/qqpets.com\/#\/schema\/logo\/image\/\"},\"sameAs\":[\"https:\/\/www.facebook.com\/QQpetsdogcollars\",\"https:\/\/www.instagram.com\/qqpetscollar\/\",\"https:\/\/www.pinterest.com\/qqpetsdogcollarsfactory\/\"]}]}<\/script>\n<!-- \/ Yoast SEO plugin. -->","yoast_head_json":{"title":"Zwijana smycz dla psa ze \u015bwiat\u0142em 1.0 - QQPETS | QQPETS","description":"Poznaj nasz\u0105 zwijan\u0105 smycz dla psa ze \u015bwiat\u0142em na bezpieczne nocne spacery. Trwa\u0142a, wygodna i jasna. Kup teraz!","robots":{"index":"index","follow":"follow","max-snippet":"max-snippet:-1","max-image-preview":"max-image-preview:large","max-video-preview":"max-video-preview:-1"},"canonical":"https:\/\/qqpets.com\/pl\/produkt\/retractable-dog-leash-with-light-1-0-qqpets\/","og_locale":"pl_PL","og_type":"article","og_title":"Retractable Dog Leash With Light 1.0 - QQPETS | QQPETS","og_description":"Explore our Retractable Dog Leash With Light for safe night walks. Durable, convenient, and bright. Buy now!","og_url":"https:\/\/qqpets.com\/pl\/produkt\/retractable-dog-leash-with-light-1-0-qqpets\/","og_site_name":"QQPETS","article_publisher":"https:\/\/www.facebook.com\/QQpetsdogcollars","og_image":[{"width":1500,"height":1500,"url":"https:\/\/qqpets.com\/wp-content\/uploads\/2023\/09\/retractable-dog-leahs-with-led.webp","type":"image\/webp"}],"twitter_card":"summary_large_image","twitter_misc":{"Szacowany czas czytania":"2 minuty"},"schema":{"@context":"https:\/\/schema.org","@graph":[{"@type":"WebPage","@id":"https:\/\/qqpets.com\/product\/retractable-dog-leash-with-light-1-0-qqpets\/","url":"https:\/\/qqpets.com\/product\/retractable-dog-leash-with-light-1-0-qqpets\/","name":"Zwijana smycz dla psa ze \u015bwiat\u0142em 1.0 - QQPETS | QQPETS","isPartOf":{"@id":"https:\/\/qqpets.com\/#website"},"primaryImageOfPage":{"@id":"https:\/\/qqpets.com\/product\/retractable-dog-leash-with-light-1-0-qqpets\/#primaryimage"},"image":{"@id":"https:\/\/qqpets.com\/product\/retractable-dog-leash-with-light-1-0-qqpets\/#primaryimage"},"thumbnailUrl":"https:\/\/qqpets.com\/wp-content\/uploads\/2023\/09\/retractable-dog-leahs-with-led.webp","datePublished":"2024-08-30T09:38:13+00:00","description":"Poznaj nasz\u0105 zwijan\u0105 smycz dla psa ze \u015bwiat\u0142em na bezpieczne nocne spacery. Trwa\u0142a, wygodna i jasna. Kup teraz!","breadcrumb":{"@id":"https:\/\/qqpets.com\/product\/retractable-dog-leash-with-light-1-0-qqpets\/#breadcrumb"},"inLanguage":"pl-PL","potentialAction":[{"@type":"ReadAction","target":["https:\/\/qqpets.com\/product\/retractable-dog-leash-with-light-1-0-qqpets\/"]}]},{"@type":"ImageObject","inLanguage":"pl-PL","@id":"https:\/\/qqpets.com\/product\/retractable-dog-leash-with-light-1-0-qqpets\/#primaryimage","url":"https:\/\/qqpets.com\/wp-content\/uploads\/2023\/09\/retractable-dog-leahs-with-led.webp","contentUrl":"https:\/\/qqpets.com\/wp-content\/uploads\/2023\/09\/retractable-dog-leahs-with-led.webp","width":1500,"height":1500,"caption":"retractable dog leahs with led"},{"@type":"BreadcrumbList","@id":"https:\/\/qqpets.com\/product\/retractable-dog-leash-with-light-1-0-qqpets\/#breadcrumb","itemListElement":[{"@type":"ListItem","position":1,"name":"Home","item":"https:\/\/qqpets.com\/"},{"@type":"ListItem","position":2,"name":"Products","item":"https:\/\/qqpets.com\/pet-products-manufacturer\/"},{"@type":"ListItem","position":3,"name":"Retractable Dog Leash With Light 1.0 &#8211; QQPETS"}]},{"@type":"WebSite","@id":"https:\/\/qqpets.com\/#website","url":"https:\/\/qqpets.com\/","name":"QQPETS","description":"QQPETS to fabryka uprz\u0119\u017cy dla ps\u00f3w, obro\u017cy dla ps\u00f3w, smyczy dla ps\u00f3w i akcesori\u00f3w dla ps\u00f3w z profesjonaln\u0105 obs\u0142ug\u0105 dostosowan\u0105 do potrzeb klienta od 2005 roku.","publisher":{"@id":"https:\/\/qqpets.com\/#organization"},"potentialAction":[{"@type":"SearchAction","target":{"@type":"EntryPoint","urlTemplate":"https:\/\/qqpets.com\/?s={search_term_string}"},"query-input":{"@type":"PropertyValueSpecification","valueRequired":true,"valueName":"search_term_string"}}],"inLanguage":"pl-PL"},{"@type":"Organization","@id":"https:\/\/qqpets.com\/#organization","name":"QQPETS","url":"https:\/\/qqpets.com\/","logo":{"@type":"ImageObject","inLanguage":"pl-PL","@id":"https:\/\/qqpets.com\/#\/schema\/logo\/image\/","url":"https:\/\/qqpets.com\/wp-content\/uploads\/2023\/09\/cropped-cropped-qqpets-tiktok.jpg","contentUrl":"https:\/\/qqpets.com\/wp-content\/uploads\/2023\/09\/cropped-cropped-qqpets-tiktok.jpg","width":511,"height":511,"caption":"QQPETS"},"image":{"@id":"https:\/\/qqpets.com\/#\/schema\/logo\/image\/"},"sameAs":["https:\/\/www.facebook.com\/QQpetsdogcollars","https:\/\/www.instagram.com\/qqpetscollar\/","https:\/\/www.pinterest.com\/qqpetsdogcollarsfactory\/"]}]}},"_links":{"self":[{"href":"https:\/\/qqpets.com\/pl\/wp-json\/wp\/v2\/product\/7631","targetHints":{"allow":["GET"]}}],"collection":[{"href":"https:\/\/qqpets.com\/pl\/wp-json\/wp\/v2\/product"}],"about":[{"href":"https:\/\/qqpets.com\/pl\/wp-json\/wp\/v2\/types\/product"}],"wp:featuredmedia":[{"embeddable":true,"href":"https:\/\/qqpets.com\/pl\/wp-json\/wp\/v2\/media\/7325"}],"wp:attachment":[{"href":"https:\/\/qqpets.com\/pl\/wp-json\/wp\/v2\/media?parent=7631"}],"wp:term":[{"taxonomy":"product_brand","embeddable":true,"href":"https:\/\/qqpets.com\/pl\/wp-json\/wp\/v2\/product_brand?post=7631"},{"taxonomy":"product_cat","embeddable":true,"href":"https:\/\/qqpets.com\/pl\/wp-json\/wp\/v2\/product_cat?post=7631"},{"taxonomy":"product_tag","embeddable":true,"href":"https:\/\/qqpets.com\/pl\/wp-json\/wp\/v2\/product_tag?post=7631"}],"curies":[{"name":"wp","href":"https:\/\/api.w.org\/{rel}","templated":true}]}}