{"id":7663,"date":"2024-08-31T14:26:13","date_gmt":"2024-08-31T06:26:13","guid":{"rendered":"https:\/\/qqpets.com\/?post_type=product&#038;p=7663"},"modified":"2024-08-31T14:26:13","modified_gmt":"2024-08-31T06:26:13","slug":"basic-step-in-dog-harness","status":"publish","type":"product","link":"https:\/\/qqpets.com\/pl\/produkt\/basic-step-in-dog-harness\/","title":{"rendered":"Podstawowe szelki dla psa Step In"},"content":{"rendered":"<p>Wprowad\u017a prostot\u0119 i wygod\u0119 do codziennych spacer\u00f3w z naszymi szelkami dla psa Basic Step In. Ta uprz\u0105\u017c zosta\u0142a zaprojektowana z my\u015bl\u0105 o w\u0142a\u015bcicielach zwierz\u0105t domowych, kt\u00f3rzy szukaj\u0105 prostego, nieskomplikowanego rozwi\u0105zania dla swoich ps\u00f3w podczas przyg\u00f3d na \u015bwie\u017cym powietrzu. Konstrukcja typu step-in pozwala zwierz\u0119ciu \u0142atwo wej\u015b\u0107 w uprz\u0105\u017c w celu szybkiego i bezpiecznego dopasowania, eliminuj\u0105c trudno\u015bci zwi\u0105zane ze stylami nad g\u0142ow\u0105.<\/p>\n<p>Uprz\u0105\u017c jest wykonana z wytrzyma\u0142ych, lekkich materia\u0142\u00f3w, kt\u00f3re zapewniaj\u0105 wygodne dopasowanie bez obci\u0105\u017cania zwierz\u0119cia. Regulowane paski wok\u00f3\u0142 talii i ramion mo\u017cna dopasowa\u0107 do unikalnego rozmiaru i kszta\u0142tu psa, zapewniaj\u0105c \u015bcis\u0142e dopasowanie, kt\u00f3re zapobiega zsuwaniu si\u0119 i otarciom.<\/p>\n<p>Idealna do codziennego u\u017cytku uprz\u0105\u017c dla psa Basic Step In posiada mocny, centralnie umieszczony D-ring, kt\u00f3ry wspomaga r\u00f3wnomierne roz\u0142o\u017cenie nacisku i kontroli po przypi\u0119ciu do smyczy. Ta konstrukcja pomaga zniech\u0119ci\u0107 psa do ci\u0105gni\u0119cia, przekierowuj\u0105c jego uwag\u0119 na ciebie, u\u0142atwiaj\u0105c zarz\u0105dzanie i prowadzenie go podczas spacer\u00f3w.<\/p>\n<p>Nasze szelki s\u0105 nie tylko praktyczne, ale tak\u017ce stylowe, dost\u0119pne w r\u00f3\u017cnych kolorach, aby dopasowa\u0107 si\u0119 do osobowo\u015bci Twojego zwierzaka. Niezale\u017cnie od tego, czy wybierasz si\u0119 do parku, weterynarza, czy po prostu po okolicy, ta uprz\u0105\u017c \u0142\u0105czy funkcjonalno\u015b\u0107 z \u0142atwo\u015bci\u0105, dzi\u0119ki czemu jest idealnym wyborem zar\u00f3wno dla do\u015bwiadczonych, jak i pocz\u0105tkuj\u0105cych w\u0142a\u015bcicieli zwierz\u0105t domowych.<\/p>\n<p>Wyposa\u017c swojego psa w nasze szelki dla psa Basic Step In i ciesz si\u0119 bardziej zrelaksowanymi i przyjemnymi spacerami, wiedz\u0105c, \u017ce Tw\u00f3j pupil jest wygodny, bezpieczny i pewny przez ca\u0142y czas.<\/p>\n<p><strong>Co to jest uprz\u0105\u017c dla psa typu step-in?<\/strong><\/p>\n<p>Uprz\u0105\u017c typu step-in to rodzaj uprz\u0119\u017cy, kt\u00f3ra le\u017cy p\u0142asko na ziemi, dzi\u0119ki czemu pies mo\u017ce po prostu wej\u015b\u0107 w ni\u0105 przednimi \u0142apami. Nast\u0119pnie uprz\u0105\u017c zapina si\u0119 z ty\u0142u lub z boku.<\/p>\n<p><strong>Jak za\u0142o\u017cy\u0107 szelki dla psa krok po kroku?<\/strong><\/p>\n<ul>\n<li style=\"list-style-type: none;\">\n<ul>\n<li>Po\u0142\u00f3\u017c uprz\u0105\u017c na ziemi i popro\u015b psa, aby w ni\u0105 wszed\u0142.<\/li>\n<li>Poci\u0105gnij uprz\u0105\u017c do g\u00f3ry wok\u00f3\u0142 bok\u00f3w cia\u0142a psa.<\/li>\n<li>Zapnij klamr\u0119 z ty\u0142u.<\/li>\n<li>Wyreguluj paski, aby zapewni\u0107 dok\u0142adne dopasowanie, kt\u00f3re nadal umo\u017cliwia wsuni\u0119cie dw\u00f3ch palc\u00f3w pod dowolny pasek.<\/li>\n<\/ul>\n<\/li>\n<\/ul>\n<p><strong>Czy szelki typu step-in s\u0105 najbezpieczniejsze dla ps\u00f3w?<\/strong><\/p>\n<p>Uprz\u0119\u017ce typu step-in mog\u0105 by\u0107 bardzo bezpieczne, szczeg\u00f3lnie dla mniejszych ras lub ps\u00f3w o wra\u017cliwych szyjach, poniewa\u017c rozk\u0142adaj\u0105 nacisk bardziej r\u00f3wnomiernie wok\u00f3\u0142 klatki piersiowej i ramion. Jednak najbezpieczniejsza uprz\u0105\u017c zale\u017cy od wielko\u015bci, rasy i zachowania danego psa.<\/p>\n<p><strong>Jaka jest r\u00f3\u017cnica mi\u0119dzy uprz\u0119\u017c\u0105 typu step-in a uprz\u0119\u017c\u0105 napowietrzn\u0105?<\/strong><\/p>\n<p>Uprz\u0105\u017c typu step-in jest umieszczana na ziemi, aby pies m\u00f3g\u0142 w ni\u0105 wej\u015b\u0107, podczas gdy uprz\u0105\u017c zak\u0142adana jest na g\u0142ow\u0119 psa, a nast\u0119pnie zapinana wok\u00f3\u0142 klatki piersiowej. Uprz\u0119\u017ce typu \"step-in\" s\u0105 cz\u0119sto \u0142atwiejsze w u\u017cyciu dla wij\u0105cych si\u0119 ps\u00f3w lub tych, kt\u00f3re nie lubi\u0105, gdy co\u015b wchodzi im na g\u0142ow\u0119.<\/p>\n<p><strong>Czy pies mo\u017ce nosi\u0107 uprz\u0105\u017c przez ca\u0142y czas?<\/strong><\/p>\n<p>Nie zaleca si\u0119, aby pies nosi\u0142 uprz\u0105\u017c przez ca\u0142y czas. Ci\u0105g\u0142e noszenie mo\u017ce prowadzi\u0107 do podra\u017cnie\u0144 sk\u00f3ry, matowienia sier\u015bci i dyskomfortu. Najlepiej jest zdejmowa\u0107 uprz\u0105\u017c, gdy pies jest w domu lub nie jest na smyczy, aby zapewni\u0107 mu wygod\u0119 i bezpiecze\u0144stwo.<\/p>","protected":false},"excerpt":{"rendered":"<p>Odkryj \u0142atwo\u015b\u0107 naszych szelek dla psa Basic Step In, zaprojektowanych z my\u015bl\u0105 o szybkim dopasowaniu i bezproblemowych spacerach. Idealne dla wszystkich ps\u00f3w, te szelki maj\u0105 prost\u0105 konstrukcj\u0119, kt\u00f3ra sprawia, \u017ce zak\u0142adanie jest szybkie i \u0142atwe. Regulowane paski zapewniaj\u0105 dok\u0142adne i wygodne dopasowanie, a lekki materia\u0142 sprawia, \u017ce zwierz\u0119 czuje si\u0119 swobodnie podczas spacer\u00f3w. Idealne do codziennego u\u017cytku, zapewniaj\u0105 zar\u00f3wno bezpiecze\u0144stwo, jak i wygod\u0119, poprawiaj\u0105c wra\u017cenia ze spacer\u00f3w bez z\u0142o\u017cono\u015bci tradycyjnych uprz\u0119\u017cy.<\/p>","protected":false},"featured_media":7670,"template":"","meta":[],"product_brand":[],"product_cat":[23],"product_tag":[],"class_list":{"0":"post-7663","1":"product","2":"type-product","3":"status-publish","4":"has-post-thumbnail","6":"product_cat-dog-harness","7":"pa_brand-qqpets","9":"first","10":"instock","11":"shipping-taxable","12":"product-type-simple"},"yoast_head":"<!-- This site is optimized with the Yoast SEO plugin v26.6 - https:\/\/yoast.com\/wordpress\/plugins\/seo\/ -->\n<title>Basic Step In Dog Harness | QQPETS<\/title>\n<meta name=\"description\" content=\"Secure and simplify your walks with our Basic Step In Dog Harness. Easy to use, comfortable fit. Shop now!\" \/>\n<meta name=\"robots\" content=\"index, follow, max-snippet:-1, max-image-preview:large, max-video-preview:-1\" \/>\n<link rel=\"canonical\" href=\"https:\/\/qqpets.com\/pl\/produkt\/basic-step-in-dog-harness\/\" \/>\n<meta property=\"og:locale\" content=\"pl_PL\" \/>\n<meta property=\"og:type\" content=\"article\" \/>\n<meta property=\"og:title\" content=\"Basic Step In Dog Harness | QQPETS\" \/>\n<meta property=\"og:description\" content=\"Secure and simplify your walks with our Basic Step In Dog Harness. Easy to use, comfortable fit. Shop now!\" \/>\n<meta property=\"og:url\" content=\"https:\/\/qqpets.com\/pl\/produkt\/basic-step-in-dog-harness\/\" \/>\n<meta property=\"og:site_name\" content=\"QQPETS\" \/>\n<meta property=\"article:publisher\" content=\"https:\/\/www.facebook.com\/QQpetsdogcollars\" \/>\n<meta property=\"og:image\" content=\"https:\/\/qqpets.com\/wp-content\/uploads\/2024\/08\/Basic-Step-In-Dog-Harness.webp\" \/>\n\t<meta property=\"og:image:width\" content=\"1600\" \/>\n\t<meta property=\"og:image:height\" content=\"1600\" \/>\n\t<meta property=\"og:image:type\" content=\"image\/webp\" \/>\n<meta name=\"twitter:card\" content=\"summary_large_image\" \/>\n<meta name=\"twitter:label1\" content=\"Szacowany czas czytania\" \/>\n\t<meta name=\"twitter:data1\" content=\"3 minuty\" \/>\n<script type=\"application\/ld+json\" class=\"yoast-schema-graph\">{\"@context\":\"https:\/\/schema.org\",\"@graph\":[{\"@type\":\"WebPage\",\"@id\":\"https:\/\/qqpets.com\/product\/basic-step-in-dog-harness\/\",\"url\":\"https:\/\/qqpets.com\/product\/basic-step-in-dog-harness\/\",\"name\":\"Basic Step In Dog Harness | QQPETS\",\"isPartOf\":{\"@id\":\"https:\/\/qqpets.com\/#website\"},\"primaryImageOfPage\":{\"@id\":\"https:\/\/qqpets.com\/product\/basic-step-in-dog-harness\/#primaryimage\"},\"image\":{\"@id\":\"https:\/\/qqpets.com\/product\/basic-step-in-dog-harness\/#primaryimage\"},\"thumbnailUrl\":\"https:\/\/qqpets.com\/wp-content\/uploads\/2024\/08\/Basic-Step-In-Dog-Harness.webp\",\"datePublished\":\"2024-08-31T06:26:13+00:00\",\"description\":\"Secure and simplify your walks with our Basic Step In Dog Harness. Easy to use, comfortable fit. Shop now!\",\"breadcrumb\":{\"@id\":\"https:\/\/qqpets.com\/product\/basic-step-in-dog-harness\/#breadcrumb\"},\"inLanguage\":\"pl-PL\",\"potentialAction\":[{\"@type\":\"ReadAction\",\"target\":[\"https:\/\/qqpets.com\/product\/basic-step-in-dog-harness\/\"]}]},{\"@type\":\"ImageObject\",\"inLanguage\":\"pl-PL\",\"@id\":\"https:\/\/qqpets.com\/product\/basic-step-in-dog-harness\/#primaryimage\",\"url\":\"https:\/\/qqpets.com\/wp-content\/uploads\/2024\/08\/Basic-Step-In-Dog-Harness.webp\",\"contentUrl\":\"https:\/\/qqpets.com\/wp-content\/uploads\/2024\/08\/Basic-Step-In-Dog-Harness.webp\",\"width\":1600,\"height\":1600},{\"@type\":\"BreadcrumbList\",\"@id\":\"https:\/\/qqpets.com\/product\/basic-step-in-dog-harness\/#breadcrumb\",\"itemListElement\":[{\"@type\":\"ListItem\",\"position\":1,\"name\":\"Home\",\"item\":\"https:\/\/qqpets.com\/\"},{\"@type\":\"ListItem\",\"position\":2,\"name\":\"Products\",\"item\":\"https:\/\/qqpets.com\/pet-products-manufacturer\/\"},{\"@type\":\"ListItem\",\"position\":3,\"name\":\"Basic Step In Dog Harness\"}]},{\"@type\":\"WebSite\",\"@id\":\"https:\/\/qqpets.com\/#website\",\"url\":\"https:\/\/qqpets.com\/\",\"name\":\"QQPETS\",\"description\":\"QQPETS is a pet products factory for dog harnesses, dog collars, dog leashes and dog accessories with professional customized service since 2005.\",\"publisher\":{\"@id\":\"https:\/\/qqpets.com\/#organization\"},\"potentialAction\":[{\"@type\":\"SearchAction\",\"target\":{\"@type\":\"EntryPoint\",\"urlTemplate\":\"https:\/\/qqpets.com\/?s={search_term_string}\"},\"query-input\":{\"@type\":\"PropertyValueSpecification\",\"valueRequired\":true,\"valueName\":\"search_term_string\"}}],\"inLanguage\":\"pl-PL\"},{\"@type\":\"Organization\",\"@id\":\"https:\/\/qqpets.com\/#organization\",\"name\":\"QQPETS\",\"url\":\"https:\/\/qqpets.com\/\",\"logo\":{\"@type\":\"ImageObject\",\"inLanguage\":\"pl-PL\",\"@id\":\"https:\/\/qqpets.com\/#\/schema\/logo\/image\/\",\"url\":\"https:\/\/qqpets.com\/wp-content\/uploads\/2023\/09\/cropped-cropped-qqpets-tiktok.jpg\",\"contentUrl\":\"https:\/\/qqpets.com\/wp-content\/uploads\/2023\/09\/cropped-cropped-qqpets-tiktok.jpg\",\"width\":511,\"height\":511,\"caption\":\"QQPETS\"},\"image\":{\"@id\":\"https:\/\/qqpets.com\/#\/schema\/logo\/image\/\"},\"sameAs\":[\"https:\/\/www.facebook.com\/QQpetsdogcollars\",\"https:\/\/www.instagram.com\/qqpetscollar\/\",\"https:\/\/www.pinterest.com\/qqpetsdogcollarsfactory\/\"]}]}<\/script>\n<!-- \/ Yoast SEO plugin. -->","yoast_head_json":{"title":"Podstawowe szelki dla psa | QQPETS","description":"Zabezpiecz i upro\u015b\u0107 swoje spacery dzi\u0119ki naszej uprz\u0119\u017cy dla psa Basic Step In. \u0141atwe w u\u017cyciu, wygodne dopasowanie. Kup teraz!","robots":{"index":"index","follow":"follow","max-snippet":"max-snippet:-1","max-image-preview":"max-image-preview:large","max-video-preview":"max-video-preview:-1"},"canonical":"https:\/\/qqpets.com\/pl\/produkt\/basic-step-in-dog-harness\/","og_locale":"pl_PL","og_type":"article","og_title":"Basic Step In Dog Harness | QQPETS","og_description":"Secure and simplify your walks with our Basic Step In Dog Harness. Easy to use, comfortable fit. Shop now!","og_url":"https:\/\/qqpets.com\/pl\/produkt\/basic-step-in-dog-harness\/","og_site_name":"QQPETS","article_publisher":"https:\/\/www.facebook.com\/QQpetsdogcollars","og_image":[{"width":1600,"height":1600,"url":"https:\/\/qqpets.com\/wp-content\/uploads\/2024\/08\/Basic-Step-In-Dog-Harness.webp","type":"image\/webp"}],"twitter_card":"summary_large_image","twitter_misc":{"Szacowany czas czytania":"3 minuty"},"schema":{"@context":"https:\/\/schema.org","@graph":[{"@type":"WebPage","@id":"https:\/\/qqpets.com\/product\/basic-step-in-dog-harness\/","url":"https:\/\/qqpets.com\/product\/basic-step-in-dog-harness\/","name":"Podstawowe szelki dla psa | QQPETS","isPartOf":{"@id":"https:\/\/qqpets.com\/#website"},"primaryImageOfPage":{"@id":"https:\/\/qqpets.com\/product\/basic-step-in-dog-harness\/#primaryimage"},"image":{"@id":"https:\/\/qqpets.com\/product\/basic-step-in-dog-harness\/#primaryimage"},"thumbnailUrl":"https:\/\/qqpets.com\/wp-content\/uploads\/2024\/08\/Basic-Step-In-Dog-Harness.webp","datePublished":"2024-08-31T06:26:13+00:00","description":"Zabezpiecz i upro\u015b\u0107 swoje spacery dzi\u0119ki naszej uprz\u0119\u017cy dla psa Basic Step In. \u0141atwe w u\u017cyciu, wygodne dopasowanie. Kup teraz!","breadcrumb":{"@id":"https:\/\/qqpets.com\/product\/basic-step-in-dog-harness\/#breadcrumb"},"inLanguage":"pl-PL","potentialAction":[{"@type":"ReadAction","target":["https:\/\/qqpets.com\/product\/basic-step-in-dog-harness\/"]}]},{"@type":"ImageObject","inLanguage":"pl-PL","@id":"https:\/\/qqpets.com\/product\/basic-step-in-dog-harness\/#primaryimage","url":"https:\/\/qqpets.com\/wp-content\/uploads\/2024\/08\/Basic-Step-In-Dog-Harness.webp","contentUrl":"https:\/\/qqpets.com\/wp-content\/uploads\/2024\/08\/Basic-Step-In-Dog-Harness.webp","width":1600,"height":1600},{"@type":"BreadcrumbList","@id":"https:\/\/qqpets.com\/product\/basic-step-in-dog-harness\/#breadcrumb","itemListElement":[{"@type":"ListItem","position":1,"name":"Home","item":"https:\/\/qqpets.com\/"},{"@type":"ListItem","position":2,"name":"Products","item":"https:\/\/qqpets.com\/pet-products-manufacturer\/"},{"@type":"ListItem","position":3,"name":"Basic Step In Dog Harness"}]},{"@type":"WebSite","@id":"https:\/\/qqpets.com\/#website","url":"https:\/\/qqpets.com\/","name":"QQPETS","description":"QQPETS to fabryka uprz\u0119\u017cy dla ps\u00f3w, obro\u017cy dla ps\u00f3w, smyczy dla ps\u00f3w i akcesori\u00f3w dla ps\u00f3w z profesjonaln\u0105 obs\u0142ug\u0105 dostosowan\u0105 do potrzeb klienta od 2005 roku.","publisher":{"@id":"https:\/\/qqpets.com\/#organization"},"potentialAction":[{"@type":"SearchAction","target":{"@type":"EntryPoint","urlTemplate":"https:\/\/qqpets.com\/?s={search_term_string}"},"query-input":{"@type":"PropertyValueSpecification","valueRequired":true,"valueName":"search_term_string"}}],"inLanguage":"pl-PL"},{"@type":"Organization","@id":"https:\/\/qqpets.com\/#organization","name":"QQPETS","url":"https:\/\/qqpets.com\/","logo":{"@type":"ImageObject","inLanguage":"pl-PL","@id":"https:\/\/qqpets.com\/#\/schema\/logo\/image\/","url":"https:\/\/qqpets.com\/wp-content\/uploads\/2023\/09\/cropped-cropped-qqpets-tiktok.jpg","contentUrl":"https:\/\/qqpets.com\/wp-content\/uploads\/2023\/09\/cropped-cropped-qqpets-tiktok.jpg","width":511,"height":511,"caption":"QQPETS"},"image":{"@id":"https:\/\/qqpets.com\/#\/schema\/logo\/image\/"},"sameAs":["https:\/\/www.facebook.com\/QQpetsdogcollars","https:\/\/www.instagram.com\/qqpetscollar\/","https:\/\/www.pinterest.com\/qqpetsdogcollarsfactory\/"]}]}},"_links":{"self":[{"href":"https:\/\/qqpets.com\/pl\/wp-json\/wp\/v2\/product\/7663","targetHints":{"allow":["GET"]}}],"collection":[{"href":"https:\/\/qqpets.com\/pl\/wp-json\/wp\/v2\/product"}],"about":[{"href":"https:\/\/qqpets.com\/pl\/wp-json\/wp\/v2\/types\/product"}],"wp:featuredmedia":[{"embeddable":true,"href":"https:\/\/qqpets.com\/pl\/wp-json\/wp\/v2\/media\/7670"}],"wp:attachment":[{"href":"https:\/\/qqpets.com\/pl\/wp-json\/wp\/v2\/media?parent=7663"}],"wp:term":[{"taxonomy":"product_brand","embeddable":true,"href":"https:\/\/qqpets.com\/pl\/wp-json\/wp\/v2\/product_brand?post=7663"},{"taxonomy":"product_cat","embeddable":true,"href":"https:\/\/qqpets.com\/pl\/wp-json\/wp\/v2\/product_cat?post=7663"},{"taxonomy":"product_tag","embeddable":true,"href":"https:\/\/qqpets.com\/pl\/wp-json\/wp\/v2\/product_tag?post=7663"}],"curies":[{"name":"wp","href":"https:\/\/api.w.org\/{rel}","templated":true}]}}