{"id":7672,"date":"2024-08-31T15:01:03","date_gmt":"2024-08-31T07:01:03","guid":{"rendered":"https:\/\/qqpets.com\/?post_type=product&#038;p=7672"},"modified":"2024-12-12T17:21:28","modified_gmt":"2024-12-12T09:21:28","slug":"adjustable-print-basic-dog-collar","status":"publish","type":"product","link":"https:\/\/qqpets.com\/pl\/produkt\/adjustable-print-basic-dog-collar\/","title":{"rendered":"Regulowana obro\u017ca dla psa z nadrukiem"},"content":{"rendered":"<p>Przedstawiamy nasz\u0105 obro\u017c\u0119 Basic Dog Collar, niezb\u0119dne akcesorium dla ka\u017cdego w\u0142a\u015bciciela zwierz\u0119cia. Obro\u017ca ta \u0142\u0105czy funkcjonalno\u015b\u0107 z klasycznym wzornictwem, dzi\u0119ki czemu jest idealnym wyborem do codziennego u\u017cytku. Wykonana z najwy\u017cszej jako\u015bci materia\u0142\u00f3w obro\u017ca zapewnia trwa\u0142o\u015b\u0107 i wygod\u0119, dzi\u0119ki czemu sprosta codziennym wymaganiom aktywnych zwierz\u0105t.<\/p>\n<p>Regulowana konstrukcja pozwala na precyzyjne dopasowanie, dostosowane do ps\u00f3w wszystkich rozmiar\u00f3w i ras. Solidna klamra zapewnia bezpieczne zapi\u0119cie, u\u0142atwiaj\u0105c zak\u0142adanie i zdejmowanie, a wytrzyma\u0142y pier\u015bcie\u0144 w kszta\u0142cie litery D umo\u017cliwia bezpieczne przymocowanie smyczy na czas spaceru.<\/p>\n<p>Nasza podstawowa obro\u017ca dla psa jest nie tylko praktyczna, ale tak\u017ce stylowa. Dost\u0119pna w r\u00f3\u017cnych kolorach, mo\u017cesz wybra\u0107 ten, kt\u00f3ry najlepiej pasuje do osobowo\u015bci Twojego psa lub uzupe\u0142nia jego sier\u015b\u0107. Materia\u0142 obro\u017cy jest \u0142atwy w czyszczeniu, zachowuj\u0105c sw\u00f3j wygl\u0105d i dotyk bez wzgl\u0119du na przygody, w kt\u00f3re wyruszasz ze swoim zwierzakiem.<\/p>\n<p>Niezale\u017cnie od tego, czy trenujesz, spacerujesz, czy po prostu wyposa\u017casz swojego zwierzaka w codzienne niezb\u0119dne akcesoria, nasza obro\u017ca Basic Dog Collar sprosta temu zadaniu. Zapewnia niezr\u00f3wnane po\u0142\u0105czenie bezpiecze\u0144stwa, komfortu i stylu, dzi\u0119ki czemu jest idealnym wyborem dla Twojego futrzanego przyjaciela.<\/p>\n<h4><strong>Jaka jest najpopularniejsza obro\u017ca dla psa?<\/strong><\/h4>\n<p>P\u0142aska obro\u017ca to najpopularniejszy rodzaj obro\u017cy dla ps\u00f3w. Jest prosta, regulowana i nadaje si\u0119 do mocowania identyfikator\u00f3w i smyczy.<\/p>\n<h4><strong>Jaki rodzaj obro\u017cy jest najlepszy dla psa?<\/strong><\/h4>\n<p>Najlepszy rodzaj obro\u017cy dla psa zale\u017cy od konkretnych potrzeb psa i w\u0142a\u015bciciela. Og\u00f3lnie rzecz bior\u0105c, wy\u015bcie\u0142ana, regulowana nylonowa lub sk\u00f3rzana obro\u017ca jest zalecana ze wzgl\u0119du na wygod\u0119 i trwa\u0142o\u015b\u0107.<\/p>\n<h4><strong>Czy obro\u017ce z d\u0142awikiem s\u0105 nielegalne?<\/strong><\/h4>\n<p>Obro\u017ce d\u0142awi\u0105ce nie s\u0105 nielegalne w wi\u0119kszo\u015bci miejsc, ale ich stosowanie jest wysoce kontrowersyjne i coraz cz\u0119\u015bciej odradzane lub regulowane w wielu krajach ze wzgl\u0119du na obawy dotycz\u0105ce dobrostanu zwierz\u0105t.<\/p>\n<h4><strong>Co powinno znale\u017a\u0107 si\u0119 na obro\u017cy dla psa?<\/strong><\/h4>\n<p>Obro\u017ca dla psa powinna mie\u0107 identyfikator, kt\u00f3ry zawiera imi\u0119 psa, imi\u0119 w\u0142a\u015bciciela i dane kontaktowe. Niekt\u00f3rzy w\u0142a\u015bciciele do\u0142\u0105czaj\u0105 r\u00f3wnie\u017c etykiety szczepie\u0144 lub mikroczip.<\/p>\n<h4><strong>Czy lepiej wyprowadza\u0107 psa w szelkach czy w obro\u017cy?<\/strong><\/h4>\n<p>Generalnie lepiej jest wyprowadza\u0107 psa w uprz\u0119\u017cy, zw\u0142aszcza je\u015bli pies ci\u0105gnie. Uprz\u0105\u017c rozk\u0142ada nacisk bardziej r\u00f3wnomiernie na ca\u0142e cia\u0142o i zmniejsza obci\u0105\u017cenie szyi i gard\u0142a.<\/p>\n<h4><strong>Czy psy powinny spa\u0107 z obro\u017cami?<\/strong><\/h4>\n<p>Og\u00f3lnie rzecz bior\u0105c, bezpieczniej jest, aby psy nie spa\u0142y z obro\u017cami, aby zapobiec ryzyku zad\u0142awienia si\u0119 lub zaczepienia o co\u015b, gdy poruszaj\u0105 si\u0119 podczas snu.<\/p>","protected":false},"excerpt":{"rendered":"<p>Ulepsz codzienn\u0105 rutyn\u0119 swojego zwierzaka dzi\u0119ki naszej podstawowej obro\u017cy dla psa, zaprojektowanej z my\u015bl\u0105 o trwa\u0142o\u015bci i komforcie. Ta obro\u017ca ma prost\u0105, regulowan\u0105 konstrukcj\u0119, aby zapewni\u0107 idealne dopasowanie do ka\u017cdej rasy. Wykonana z wysokiej jako\u015bci materia\u0142\u00f3w, jest trwa\u0142a i \u0142atwa do czyszczenia. Idealna do codziennego noszenia, zawiera solidn\u0105 klamr\u0119 do szybkiego odpinania i D-ring do bezpiecznego mocowania smyczy. Dost\u0119pny w r\u00f3\u017cnych kolorach, jest idealnym po\u0142\u0105czeniem funkcjonalno\u015bci i stylu dla Twojego psa.<\/p>","protected":false},"featured_media":9678,"template":"","meta":[],"product_brand":[],"product_cat":[26],"product_tag":[],"class_list":{"0":"post-7672","1":"product","2":"type-product","3":"status-publish","4":"has-post-thumbnail","6":"product_cat-dog-collar","7":"pa_brand-qqpets","9":"first","10":"instock","11":"shipping-taxable","12":"product-type-simple"},"yoast_head":"<!-- This site is optimized with the Yoast SEO plugin v26.6 - https:\/\/yoast.com\/wordpress\/plugins\/seo\/ -->\n<title>Adjustable Print Basic Dog Collar | QQPETS<\/title>\n<meta name=\"description\" content=\"Discover our durable Basic Dog Collar for everyday use. Comfortable, adjustable, and stylish. Shop now!\" \/>\n<meta name=\"robots\" content=\"index, follow, max-snippet:-1, max-image-preview:large, max-video-preview:-1\" \/>\n<link rel=\"canonical\" href=\"https:\/\/qqpets.com\/pl\/produkt\/adjustable-print-basic-dog-collar\/\" \/>\n<meta property=\"og:locale\" content=\"pl_PL\" \/>\n<meta property=\"og:type\" content=\"article\" \/>\n<meta property=\"og:title\" content=\"Adjustable Print Basic Dog Collar | QQPETS\" \/>\n<meta property=\"og:description\" content=\"Discover our durable Basic Dog Collar for everyday use. Comfortable, adjustable, and stylish. Shop now!\" \/>\n<meta property=\"og:url\" content=\"https:\/\/qqpets.com\/pl\/produkt\/adjustable-print-basic-dog-collar\/\" \/>\n<meta property=\"og:site_name\" content=\"QQPETS\" \/>\n<meta property=\"article:publisher\" content=\"https:\/\/www.facebook.com\/QQpetsdogcollars\" \/>\n<meta property=\"article:modified_time\" content=\"2024-12-12T09:21:28+00:00\" \/>\n<meta property=\"og:image\" content=\"https:\/\/qqpets.com\/wp-content\/uploads\/2024\/08\/soft-dog-collar.webp\" \/>\n\t<meta property=\"og:image:width\" content=\"800\" \/>\n\t<meta property=\"og:image:height\" content=\"800\" \/>\n\t<meta property=\"og:image:type\" content=\"image\/webp\" \/>\n<meta name=\"twitter:card\" content=\"summary_large_image\" \/>\n<meta name=\"twitter:label1\" content=\"Szacowany czas czytania\" \/>\n\t<meta name=\"twitter:data1\" content=\"2 minuty\" \/>\n<script type=\"application\/ld+json\" class=\"yoast-schema-graph\">{\"@context\":\"https:\/\/schema.org\",\"@graph\":[{\"@type\":\"WebPage\",\"@id\":\"https:\/\/qqpets.com\/product\/adjustable-print-basic-dog-collar\/\",\"url\":\"https:\/\/qqpets.com\/product\/adjustable-print-basic-dog-collar\/\",\"name\":\"Adjustable Print Basic Dog Collar | QQPETS\",\"isPartOf\":{\"@id\":\"https:\/\/qqpets.com\/#website\"},\"primaryImageOfPage\":{\"@id\":\"https:\/\/qqpets.com\/product\/adjustable-print-basic-dog-collar\/#primaryimage\"},\"image\":{\"@id\":\"https:\/\/qqpets.com\/product\/adjustable-print-basic-dog-collar\/#primaryimage\"},\"thumbnailUrl\":\"https:\/\/qqpets.com\/wp-content\/uploads\/2024\/08\/soft-dog-collar.webp\",\"datePublished\":\"2024-08-31T07:01:03+00:00\",\"dateModified\":\"2024-12-12T09:21:28+00:00\",\"description\":\"Discover our durable Basic Dog Collar for everyday use. Comfortable, adjustable, and stylish. Shop now!\",\"breadcrumb\":{\"@id\":\"https:\/\/qqpets.com\/product\/adjustable-print-basic-dog-collar\/#breadcrumb\"},\"inLanguage\":\"pl-PL\",\"potentialAction\":[{\"@type\":\"ReadAction\",\"target\":[\"https:\/\/qqpets.com\/product\/adjustable-print-basic-dog-collar\/\"]}]},{\"@type\":\"ImageObject\",\"inLanguage\":\"pl-PL\",\"@id\":\"https:\/\/qqpets.com\/product\/adjustable-print-basic-dog-collar\/#primaryimage\",\"url\":\"https:\/\/qqpets.com\/wp-content\/uploads\/2024\/08\/soft-dog-collar.webp\",\"contentUrl\":\"https:\/\/qqpets.com\/wp-content\/uploads\/2024\/08\/soft-dog-collar.webp\",\"width\":800,\"height\":800,\"caption\":\"soft dog collar\"},{\"@type\":\"BreadcrumbList\",\"@id\":\"https:\/\/qqpets.com\/product\/adjustable-print-basic-dog-collar\/#breadcrumb\",\"itemListElement\":[{\"@type\":\"ListItem\",\"position\":1,\"name\":\"Home\",\"item\":\"https:\/\/qqpets.com\/\"},{\"@type\":\"ListItem\",\"position\":2,\"name\":\"Products\",\"item\":\"https:\/\/qqpets.com\/pet-products-manufacturer\/\"},{\"@type\":\"ListItem\",\"position\":3,\"name\":\"Adjustable Print Basic Dog Collar\"}]},{\"@type\":\"WebSite\",\"@id\":\"https:\/\/qqpets.com\/#website\",\"url\":\"https:\/\/qqpets.com\/\",\"name\":\"QQPETS\",\"description\":\"QQPETS is a pet products factory for dog harnesses, dog collars, dog leashes and dog accessories with professional customized service since 2005.\",\"publisher\":{\"@id\":\"https:\/\/qqpets.com\/#organization\"},\"potentialAction\":[{\"@type\":\"SearchAction\",\"target\":{\"@type\":\"EntryPoint\",\"urlTemplate\":\"https:\/\/qqpets.com\/?s={search_term_string}\"},\"query-input\":{\"@type\":\"PropertyValueSpecification\",\"valueRequired\":true,\"valueName\":\"search_term_string\"}}],\"inLanguage\":\"pl-PL\"},{\"@type\":\"Organization\",\"@id\":\"https:\/\/qqpets.com\/#organization\",\"name\":\"QQPETS\",\"url\":\"https:\/\/qqpets.com\/\",\"logo\":{\"@type\":\"ImageObject\",\"inLanguage\":\"pl-PL\",\"@id\":\"https:\/\/qqpets.com\/#\/schema\/logo\/image\/\",\"url\":\"https:\/\/qqpets.com\/wp-content\/uploads\/2023\/09\/cropped-cropped-qqpets-tiktok.jpg\",\"contentUrl\":\"https:\/\/qqpets.com\/wp-content\/uploads\/2023\/09\/cropped-cropped-qqpets-tiktok.jpg\",\"width\":511,\"height\":511,\"caption\":\"QQPETS\"},\"image\":{\"@id\":\"https:\/\/qqpets.com\/#\/schema\/logo\/image\/\"},\"sameAs\":[\"https:\/\/www.facebook.com\/QQpetsdogcollars\",\"https:\/\/www.instagram.com\/qqpetscollar\/\",\"https:\/\/www.pinterest.com\/qqpetsdogcollarsfactory\/\"]}]}<\/script>\n<!-- \/ Yoast SEO plugin. -->","yoast_head_json":{"title":"Regulowana obro\u017ca podstawowa dla psa | QQPETS","description":"Odkryj nasz\u0105 wytrzyma\u0142\u0105 obro\u017c\u0119 Basic Dog Collar do codziennego u\u017cytku. Wygodna, regulowana i stylowa. Kup teraz!","robots":{"index":"index","follow":"follow","max-snippet":"max-snippet:-1","max-image-preview":"max-image-preview:large","max-video-preview":"max-video-preview:-1"},"canonical":"https:\/\/qqpets.com\/pl\/produkt\/adjustable-print-basic-dog-collar\/","og_locale":"pl_PL","og_type":"article","og_title":"Adjustable Print Basic Dog Collar | QQPETS","og_description":"Discover our durable Basic Dog Collar for everyday use. Comfortable, adjustable, and stylish. Shop now!","og_url":"https:\/\/qqpets.com\/pl\/produkt\/adjustable-print-basic-dog-collar\/","og_site_name":"QQPETS","article_publisher":"https:\/\/www.facebook.com\/QQpetsdogcollars","article_modified_time":"2024-12-12T09:21:28+00:00","og_image":[{"width":800,"height":800,"url":"https:\/\/qqpets.com\/wp-content\/uploads\/2024\/08\/soft-dog-collar.webp","type":"image\/webp"}],"twitter_card":"summary_large_image","twitter_misc":{"Szacowany czas czytania":"2 minuty"},"schema":{"@context":"https:\/\/schema.org","@graph":[{"@type":"WebPage","@id":"https:\/\/qqpets.com\/product\/adjustable-print-basic-dog-collar\/","url":"https:\/\/qqpets.com\/product\/adjustable-print-basic-dog-collar\/","name":"Regulowana obro\u017ca podstawowa dla psa | QQPETS","isPartOf":{"@id":"https:\/\/qqpets.com\/#website"},"primaryImageOfPage":{"@id":"https:\/\/qqpets.com\/product\/adjustable-print-basic-dog-collar\/#primaryimage"},"image":{"@id":"https:\/\/qqpets.com\/product\/adjustable-print-basic-dog-collar\/#primaryimage"},"thumbnailUrl":"https:\/\/qqpets.com\/wp-content\/uploads\/2024\/08\/soft-dog-collar.webp","datePublished":"2024-08-31T07:01:03+00:00","dateModified":"2024-12-12T09:21:28+00:00","description":"Odkryj nasz\u0105 wytrzyma\u0142\u0105 obro\u017c\u0119 Basic Dog Collar do codziennego u\u017cytku. Wygodna, regulowana i stylowa. Kup teraz!","breadcrumb":{"@id":"https:\/\/qqpets.com\/product\/adjustable-print-basic-dog-collar\/#breadcrumb"},"inLanguage":"pl-PL","potentialAction":[{"@type":"ReadAction","target":["https:\/\/qqpets.com\/product\/adjustable-print-basic-dog-collar\/"]}]},{"@type":"ImageObject","inLanguage":"pl-PL","@id":"https:\/\/qqpets.com\/product\/adjustable-print-basic-dog-collar\/#primaryimage","url":"https:\/\/qqpets.com\/wp-content\/uploads\/2024\/08\/soft-dog-collar.webp","contentUrl":"https:\/\/qqpets.com\/wp-content\/uploads\/2024\/08\/soft-dog-collar.webp","width":800,"height":800,"caption":"soft dog collar"},{"@type":"BreadcrumbList","@id":"https:\/\/qqpets.com\/product\/adjustable-print-basic-dog-collar\/#breadcrumb","itemListElement":[{"@type":"ListItem","position":1,"name":"Home","item":"https:\/\/qqpets.com\/"},{"@type":"ListItem","position":2,"name":"Products","item":"https:\/\/qqpets.com\/pet-products-manufacturer\/"},{"@type":"ListItem","position":3,"name":"Adjustable Print Basic Dog Collar"}]},{"@type":"WebSite","@id":"https:\/\/qqpets.com\/#website","url":"https:\/\/qqpets.com\/","name":"QQPETS","description":"QQPETS to fabryka uprz\u0119\u017cy dla ps\u00f3w, obro\u017cy dla ps\u00f3w, smyczy dla ps\u00f3w i akcesori\u00f3w dla ps\u00f3w z profesjonaln\u0105 obs\u0142ug\u0105 dostosowan\u0105 do potrzeb klienta od 2005 roku.","publisher":{"@id":"https:\/\/qqpets.com\/#organization"},"potentialAction":[{"@type":"SearchAction","target":{"@type":"EntryPoint","urlTemplate":"https:\/\/qqpets.com\/?s={search_term_string}"},"query-input":{"@type":"PropertyValueSpecification","valueRequired":true,"valueName":"search_term_string"}}],"inLanguage":"pl-PL"},{"@type":"Organization","@id":"https:\/\/qqpets.com\/#organization","name":"QQPETS","url":"https:\/\/qqpets.com\/","logo":{"@type":"ImageObject","inLanguage":"pl-PL","@id":"https:\/\/qqpets.com\/#\/schema\/logo\/image\/","url":"https:\/\/qqpets.com\/wp-content\/uploads\/2023\/09\/cropped-cropped-qqpets-tiktok.jpg","contentUrl":"https:\/\/qqpets.com\/wp-content\/uploads\/2023\/09\/cropped-cropped-qqpets-tiktok.jpg","width":511,"height":511,"caption":"QQPETS"},"image":{"@id":"https:\/\/qqpets.com\/#\/schema\/logo\/image\/"},"sameAs":["https:\/\/www.facebook.com\/QQpetsdogcollars","https:\/\/www.instagram.com\/qqpetscollar\/","https:\/\/www.pinterest.com\/qqpetsdogcollarsfactory\/"]}]}},"_links":{"self":[{"href":"https:\/\/qqpets.com\/pl\/wp-json\/wp\/v2\/product\/7672","targetHints":{"allow":["GET"]}}],"collection":[{"href":"https:\/\/qqpets.com\/pl\/wp-json\/wp\/v2\/product"}],"about":[{"href":"https:\/\/qqpets.com\/pl\/wp-json\/wp\/v2\/types\/product"}],"wp:featuredmedia":[{"embeddable":true,"href":"https:\/\/qqpets.com\/pl\/wp-json\/wp\/v2\/media\/9678"}],"wp:attachment":[{"href":"https:\/\/qqpets.com\/pl\/wp-json\/wp\/v2\/media?parent=7672"}],"wp:term":[{"taxonomy":"product_brand","embeddable":true,"href":"https:\/\/qqpets.com\/pl\/wp-json\/wp\/v2\/product_brand?post=7672"},{"taxonomy":"product_cat","embeddable":true,"href":"https:\/\/qqpets.com\/pl\/wp-json\/wp\/v2\/product_cat?post=7672"},{"taxonomy":"product_tag","embeddable":true,"href":"https:\/\/qqpets.com\/pl\/wp-json\/wp\/v2\/product_tag?post=7672"}],"curies":[{"name":"wp","href":"https:\/\/api.w.org\/{rel}","templated":true}]}}