{"id":7682,"date":"2024-08-31T16:29:37","date_gmt":"2024-08-31T08:29:37","guid":{"rendered":"https:\/\/qqpets.com\/?post_type=product&#038;p=7682"},"modified":"2024-11-13T14:00:30","modified_gmt":"2024-11-13T06:00:30","slug":"adjustable-dog-harness-and-leash-set","status":"publish","type":"product","link":"https:\/\/qqpets.com\/pl\/produkt\/adjustable-dog-harness-and-leash-set\/","title":{"rendered":"Zestaw regulowanych szelek i smyczy dla psa z wy\u015bci\u00f3\u0142k\u0105 neoprenow\u0105"},"content":{"rendered":"<p>Przedstawiamy idealne po\u0142\u0105czenie stylu, wygody i trwa\u0142o\u015bci - nasz neoprenowy zestaw regulowanych szelek i smyczy dla psa. Zestaw ten zosta\u0142 specjalnie zaprojektowany dla w\u0142a\u015bcicieli zwierz\u0105t, kt\u00f3rzy ceni\u0105 sobie zar\u00f3wno estetyk\u0119, jak i funkcjonalno\u015b\u0107. Uprz\u0105\u017c wykonana jest z wysokiej jako\u015bci neoprenu, znanego ze swojej odporno\u015bci na warunki atmosferyczne i w\u0142a\u015bciwo\u015bci poch\u0142aniaj\u0105cych wstrz\u0105sy, zapewniaj\u0105c mi\u0119kk\u0105 poduszk\u0119, kt\u00f3ra wygodnie otula cia\u0142o psa.<\/p>\n<p>Regulowane paski pozwalaj\u0105 dostosowa\u0107 dopasowanie do unikalnego kszta\u0142tu psa, zapewniaj\u0105c mu bezpiecze\u0144stwo bez \u017cadnego dyskomfortu. Materia\u0142 neoprenowy jest nie tylko trwa\u0142y, ale tak\u017ce \u0142atwy do czyszczenia, dzi\u0119ki czemu konserwacja jest dziecinnie prosta.<\/p>\n<p>Nasza dopasowana smycz pi\u0119knie uzupe\u0142nia uprz\u0105\u017c, tworz\u0105c jednolity wygl\u0105d, kt\u00f3ry sprawi, \u017ce Tw\u00f3j pies b\u0119dzie przedmiotem zazdro\u015bci w parku. Smycz posiada wygodn\u0105 p\u0119tl\u0119 na r\u0119k\u0119 i solidny klips u\u0142atwiaj\u0105cy przymocowanie do uprz\u0119\u017cy. Razem zestaw zapewnia niezawodne i stylowe rozwi\u0105zanie na wszystkie przygody na \u015bwie\u017cym powietrzu.<\/p>\n<p>Idealny do codziennego u\u017cytku, czy to na spacerze w parku, wycieczce po mie\u015bcie, czy joggingu na pla\u017cy, nasz neoprenowy regulowany zestaw szelek i smyczy dla psa zapewnia, \u017ce Tw\u00f3j pupil jest wyposa\u017cony w najwy\u017cszej klasy komfort i styl. Zainwestuj w ten zestaw, aby zapewni\u0107 swojemu psu bezproblemowe i przyjemne spacery, daj\u0105c mu swobod\u0119 odkrywania, jednocze\u015bnie zapewniaj\u0105c mu bezpieczn\u0105 kontrol\u0119.<\/p>\n<h6><strong>Czy neopren jest dobrym materia\u0142em na uprz\u0105\u017c dla psa?<\/strong><\/h6>\n<p>Tak, neopren to dobry materia\u0142 na uprz\u0105\u017c dla psa, poniewa\u017c jest mi\u0119kki, amortyzuj\u0105cy i wodoodporny, dzi\u0119ki czemu jest wygodny dla psa w r\u00f3\u017cnych warunkach pogodowych.<\/p>\n<h6><strong>Jaki jest najmocniejszy materia\u0142 na smycz dla psa?<\/strong><\/h6>\n<p>Nylon i sk\u00f3ra to najmocniejsze materia\u0142y na smycze dla ps\u00f3w, oferuj\u0105ce trwa\u0142o\u015b\u0107 i niezawodn\u0105 wytrzyma\u0142o\u015b\u0107 do prowadzenia ps\u00f3w ka\u017cdej wielko\u015bci.<\/p>\n<h6><strong>Jakie szelki zalecaj\u0105 weterynarze?<\/strong><\/h6>\n<p>Weterynarze zazwyczaj zalecaj\u0105 wy\u015bcie\u0142ane, regulowane szelki, kt\u00f3re r\u00f3wnomiernie rozk\u0142adaj\u0105 nacisk i nie ograniczaj\u0105 oddychania ani ruch\u00f3w, szczeg\u00f3lnie w przypadku ps\u00f3w podatnych na problemy oddechowe lub zapadanie si\u0119 tchawicy.<\/p>\n<h6><strong>Jaki rodzaj uprz\u0119\u017cy jest najlepszy dla psa, kt\u00f3ry ci\u0105gnie?<\/strong><\/h6>\n<p>Uprz\u0105\u017c bez ci\u0105gni\u0119cia z przednim mocowaniem smyczy jest najlepsza dla psa, kt\u00f3ry ci\u0105gnie, poniewa\u017c zapewnia kontrol\u0119, przekierowuj\u0105c psa z powrotem do w\u0142a\u015bciciela, gdy pr\u00f3buje ci\u0105gn\u0105\u0107.<\/p>\n<h6><strong>Czy m\u00f3j pies powinien nosi\u0107 uprz\u0105\u017c przez ca\u0142y czas?<\/strong><\/h6>\n<p>Nie, nie zaleca si\u0119, aby pies nosi\u0142 uprz\u0105\u017c przez ca\u0142y czas, poniewa\u017c mo\u017ce to powodowa\u0107 podra\u017cnienia sk\u00f3ry lub dyskomfort. Nale\u017cy je zdejmowa\u0107, gdy nie s\u0105 u\u017cywane, zw\u0142aszcza w pomieszczeniach.<\/p>\n<h6><strong>Jakie s\u0105 najlepsze wygodne szelki dla psa?<\/strong><\/h6>\n<p>Uprz\u0105\u017c Ruffwear Front Range jest powszechnie uwa\u017cana za jedn\u0105 z najwygodniejszych uprz\u0119\u017cy dla ps\u00f3w. Charakteryzuje si\u0119 du\u017c\u0105 wy\u015bci\u00f3\u0142k\u0105, regulowanymi paskami i ergonomiczn\u0105 konstrukcj\u0105, kt\u00f3ra zapewnia psu komfort i swobod\u0119 ruch\u00f3w.<\/p>\n<h6><strong>Co to jest uprz\u0105\u017c regulowana?<\/strong><\/h6>\n<p>Regulowane szelki to rodzaj uprz\u0119\u017cy dla psa zaprojektowanej z wieloma punktami regulacji, kt\u00f3re pozwalaj\u0105 dostosowa\u0107 dopasowanie do rozmiaru i kszta\u0142tu psa. Zapewnia to dok\u0142adne dopasowanie przy jednoczesnym zachowaniu komfortu, co ma kluczowe znaczenie dla zapobiegania ucieczkom i r\u00f3wnomiernego roz\u0142o\u017cenia nacisku.<\/p>\n<h6><strong>Jaka jest r\u00f3\u017cnica mi\u0119dzy uprz\u0119\u017c\u0105 dla psa a uprz\u0119\u017c\u0105 bez ci\u0105gni\u0119cia?<\/strong><\/h6>\n<p>Standardowe szelki dla psa maj\u0105 zwykle zaczep do smyczy z ty\u0142u i s\u0105 u\u017cywane do wygodniejszego zabezpieczenia psa ni\u017c obro\u017ca. Szelki typu \"no-pull\" maj\u0105 zwykle przednie mocowanie smyczy lub podw\u00f3jne mocowanie (z przodu i z ty\u0142u) i s\u0105 specjalnie zaprojektowane, aby zniech\u0119ci\u0107 psa do ci\u0105gni\u0119cia, przekierowuj\u0105c jego ruch w Twoj\u0105 stron\u0119, gdy pr\u00f3buje ci\u0105gn\u0105\u0107.<\/p>\n<h6><strong>Czy uprz\u0119\u017ce dla ps\u00f3w powstrzymuj\u0105 psy przed ci\u0105gni\u0119ciem?<\/strong><\/h6>\n<p>Zwyk\u0142e szelki dla ps\u00f3w niekoniecznie powstrzymuj\u0105 psy przed ci\u0105gni\u0119ciem, poniewa\u017c nadal mog\u0105 pozwala\u0107 psom na u\u017cycie pe\u0142nej si\u0142y do ci\u0105gni\u0119cia do przodu, zw\u0142aszcza je\u015bli smycz jest przymocowana z ty\u0142u. Uprz\u0119\u017ce typu \"no-pull\", z przednimi zaczepami, s\u0105 bardziej skuteczne w ograniczaniu ci\u0105gni\u0119cia, poniewa\u017c przekierowuj\u0105 si\u0142\u0119 ci\u0105gni\u0119cia i sprawiaj\u0105, \u017ce jest ona mniej satysfakcjonuj\u0105ca dla psa.<\/p>\n<h6><strong>Jakie s\u0105 wady uprz\u0119\u017cy bez ci\u0105gni\u0119cia?<\/strong><\/h6>\n<ul>\n<li style=\"list-style-type: none;\">\n<ul>\n<li><strong>Dyskomfort lub otarcia<\/strong>: Niew\u0142a\u015bciwe dopasowanie, zw\u0142aszcza w przedniej cz\u0119\u015bci klatki piersiowej, mo\u017ce prowadzi\u0107 do dyskomfortu lub otar\u0107.<\/li>\n<li><strong>Z\u0142o\u017cono\u015b\u0107 u\u017cytkowania<\/strong>: Niekt\u00f3re uprz\u0119\u017ce bez ci\u0105gni\u0119cia mog\u0105 by\u0107 bardziej skomplikowane do prawid\u0142owego za\u0142o\u017cenia, zw\u0142aszcza te z wieloma punktami regulacji i paskami.<\/li>\n<li><strong>Potencjalny op\u00f3r behawioralny<\/strong>: Niekt\u00f3re psy mog\u0105 opiera\u0107 si\u0119 lub reagowa\u0107 negatywnie na uczucie bycia kierowanym lub nacisk wywierany podczas ci\u0105gni\u0119cia. Mo\u017cna to z\u0142agodzi\u0107 poprzez odpowiednie szkolenie i stopniow\u0105 aklimatyzacj\u0119 do uprz\u0119\u017cy.<\/li>\n<li><strong>Uzale\u017cnienie<\/strong>: Poleganie wy\u0142\u0105cznie na uprz\u0119\u017cy bez ci\u0105gni\u0119cia bez odpowiedniego szkolenia mo\u017ce prowadzi\u0107 do uzale\u017cnienia od sprz\u0119tu w celu kontrolowania ci\u0105gni\u0119cia, zamiast uczenia psa, aby nie ci\u0105gn\u0105\u0142 poprzez szkolenie i wzmacnianie.<\/li>\n<\/ul>\n<\/li>\n<\/ul>","protected":false},"excerpt":{"rendered":"<p>Ulepsz wyposa\u017cenie swojego psa dzi\u0119ki naszemu neoprenowemu zestawowi regulowanych szelek i smyczy dla psa. Zaprojektowany z my\u015bl\u0105 o wygodzie i stylu, ten zestaw ma mi\u0119kk\u0105 wy\u015bci\u00f3\u0142k\u0119 z neoprenu dla maksymalnego komfortu i regulowane paski dla idealnego dopasowania. Dopasowana smycz zapewnia sp\u00f3jny wygl\u0105d, a wytrzyma\u0142e okucia gwarantuj\u0105 d\u0142ugotrwa\u0142e u\u017cytkowanie. Idealny na codzienne spacery, ten zestaw \u0142\u0105czy funkcjonalno\u015b\u0107 z eleganckim wygl\u0105dem, zapewniaj\u0105c Twojemu zwierzakowi komfort i styl.<\/p>","protected":false},"featured_media":7683,"template":"","meta":[],"product_brand":[],"product_cat":[23],"product_tag":[],"class_list":{"0":"post-7682","1":"product","2":"type-product","3":"status-publish","4":"has-post-thumbnail","6":"product_cat-dog-harness","7":"pa_brand-qqpets","9":"first","10":"instock","11":"shipping-taxable","12":"product-type-simple"},"yoast_head":"<!-- This site is optimized with the Yoast SEO plugin v26.6 - https:\/\/yoast.com\/wordpress\/plugins\/seo\/ -->\n<title>Neoprene Padding Adjustable Dog Harness And Leash Set | QQPETS<\/title>\n<meta name=\"description\" content=\"Comfort meets style with our Neoprene Adjustable Dog Harness. Perfect fit for any dog. Durable &amp; stylish. Shop now!\" \/>\n<meta name=\"robots\" content=\"index, follow, max-snippet:-1, max-image-preview:large, max-video-preview:-1\" \/>\n<link rel=\"canonical\" href=\"https:\/\/qqpets.com\/pl\/produkt\/adjustable-dog-harness-and-leash-set\/\" \/>\n<meta property=\"og:locale\" content=\"pl_PL\" \/>\n<meta property=\"og:type\" content=\"article\" \/>\n<meta property=\"og:title\" content=\"Neoprene Padding Adjustable Dog Harness And Leash Set | QQPETS\" \/>\n<meta property=\"og:description\" content=\"Comfort meets style with our Neoprene Adjustable Dog Harness. Perfect fit for any dog. Durable &amp; stylish. Shop now!\" \/>\n<meta property=\"og:url\" content=\"https:\/\/qqpets.com\/pl\/produkt\/adjustable-dog-harness-and-leash-set\/\" \/>\n<meta property=\"og:site_name\" content=\"QQPETS\" \/>\n<meta property=\"article:publisher\" content=\"https:\/\/www.facebook.com\/QQpetsdogcollars\" \/>\n<meta property=\"article:modified_time\" content=\"2024-11-13T06:00:30+00:00\" \/>\n<meta property=\"og:image\" content=\"https:\/\/qqpets.com\/wp-content\/uploads\/2024\/08\/padding-dog-harness.webp\" \/>\n\t<meta property=\"og:image:width\" content=\"1600\" \/>\n\t<meta property=\"og:image:height\" content=\"1600\" \/>\n\t<meta property=\"og:image:type\" content=\"image\/webp\" \/>\n<meta name=\"twitter:card\" content=\"summary_large_image\" \/>\n<meta name=\"twitter:label1\" content=\"Szacowany czas czytania\" \/>\n\t<meta name=\"twitter:data1\" content=\"4 minuty\" \/>\n<script type=\"application\/ld+json\" class=\"yoast-schema-graph\">{\"@context\":\"https:\/\/schema.org\",\"@graph\":[{\"@type\":\"WebPage\",\"@id\":\"https:\/\/qqpets.com\/product\/adjustable-dog-harness-and-leash-set\/\",\"url\":\"https:\/\/qqpets.com\/product\/adjustable-dog-harness-and-leash-set\/\",\"name\":\"Neoprene Padding Adjustable Dog Harness And Leash Set | QQPETS\",\"isPartOf\":{\"@id\":\"https:\/\/qqpets.com\/#website\"},\"primaryImageOfPage\":{\"@id\":\"https:\/\/qqpets.com\/product\/adjustable-dog-harness-and-leash-set\/#primaryimage\"},\"image\":{\"@id\":\"https:\/\/qqpets.com\/product\/adjustable-dog-harness-and-leash-set\/#primaryimage\"},\"thumbnailUrl\":\"https:\/\/qqpets.com\/wp-content\/uploads\/2024\/08\/padding-dog-harness.webp\",\"datePublished\":\"2024-08-31T08:29:37+00:00\",\"dateModified\":\"2024-11-13T06:00:30+00:00\",\"description\":\"Comfort meets style with our Neoprene Adjustable Dog Harness. Perfect fit for any dog. Durable & stylish. Shop now!\",\"breadcrumb\":{\"@id\":\"https:\/\/qqpets.com\/product\/adjustable-dog-harness-and-leash-set\/#breadcrumb\"},\"inLanguage\":\"pl-PL\",\"potentialAction\":[{\"@type\":\"ReadAction\",\"target\":[\"https:\/\/qqpets.com\/product\/adjustable-dog-harness-and-leash-set\/\"]}]},{\"@type\":\"ImageObject\",\"inLanguage\":\"pl-PL\",\"@id\":\"https:\/\/qqpets.com\/product\/adjustable-dog-harness-and-leash-set\/#primaryimage\",\"url\":\"https:\/\/qqpets.com\/wp-content\/uploads\/2024\/08\/padding-dog-harness.webp\",\"contentUrl\":\"https:\/\/qqpets.com\/wp-content\/uploads\/2024\/08\/padding-dog-harness.webp\",\"width\":1600,\"height\":1600},{\"@type\":\"BreadcrumbList\",\"@id\":\"https:\/\/qqpets.com\/product\/adjustable-dog-harness-and-leash-set\/#breadcrumb\",\"itemListElement\":[{\"@type\":\"ListItem\",\"position\":1,\"name\":\"Home\",\"item\":\"https:\/\/qqpets.com\/\"},{\"@type\":\"ListItem\",\"position\":2,\"name\":\"Products\",\"item\":\"https:\/\/qqpets.com\/pet-products-manufacturer\/\"},{\"@type\":\"ListItem\",\"position\":3,\"name\":\"Neoprene Padding Adjustable Dog Harness And Leash Set\"}]},{\"@type\":\"WebSite\",\"@id\":\"https:\/\/qqpets.com\/#website\",\"url\":\"https:\/\/qqpets.com\/\",\"name\":\"QQPETS\",\"description\":\"QQPETS is a pet products factory for dog harnesses, dog collars, dog leashes and dog accessories with professional customized service since 2005.\",\"publisher\":{\"@id\":\"https:\/\/qqpets.com\/#organization\"},\"potentialAction\":[{\"@type\":\"SearchAction\",\"target\":{\"@type\":\"EntryPoint\",\"urlTemplate\":\"https:\/\/qqpets.com\/?s={search_term_string}\"},\"query-input\":{\"@type\":\"PropertyValueSpecification\",\"valueRequired\":true,\"valueName\":\"search_term_string\"}}],\"inLanguage\":\"pl-PL\"},{\"@type\":\"Organization\",\"@id\":\"https:\/\/qqpets.com\/#organization\",\"name\":\"QQPETS\",\"url\":\"https:\/\/qqpets.com\/\",\"logo\":{\"@type\":\"ImageObject\",\"inLanguage\":\"pl-PL\",\"@id\":\"https:\/\/qqpets.com\/#\/schema\/logo\/image\/\",\"url\":\"https:\/\/qqpets.com\/wp-content\/uploads\/2023\/09\/cropped-cropped-qqpets-tiktok.jpg\",\"contentUrl\":\"https:\/\/qqpets.com\/wp-content\/uploads\/2023\/09\/cropped-cropped-qqpets-tiktok.jpg\",\"width\":511,\"height\":511,\"caption\":\"QQPETS\"},\"image\":{\"@id\":\"https:\/\/qqpets.com\/#\/schema\/logo\/image\/\"},\"sameAs\":[\"https:\/\/www.facebook.com\/QQpetsdogcollars\",\"https:\/\/www.instagram.com\/qqpetscollar\/\",\"https:\/\/www.pinterest.com\/qqpetsdogcollarsfactory\/\"]}]}<\/script>\n<!-- \/ Yoast SEO plugin. -->","yoast_head_json":{"title":"Neoprenowy zestaw regulowanych szelek i smyczy dla psa | QQPETS","description":"Komfort \u0142\u0105czy si\u0119 ze stylem dzi\u0119ki naszym neoprenowym, regulowanym szelkom dla psa. Idealne dopasowanie dla ka\u017cdego psa. Trwa\u0142e i stylowe. Kup teraz!","robots":{"index":"index","follow":"follow","max-snippet":"max-snippet:-1","max-image-preview":"max-image-preview:large","max-video-preview":"max-video-preview:-1"},"canonical":"https:\/\/qqpets.com\/pl\/produkt\/adjustable-dog-harness-and-leash-set\/","og_locale":"pl_PL","og_type":"article","og_title":"Neoprene Padding Adjustable Dog Harness And Leash Set | QQPETS","og_description":"Comfort meets style with our Neoprene Adjustable Dog Harness. Perfect fit for any dog. Durable & stylish. Shop now!","og_url":"https:\/\/qqpets.com\/pl\/produkt\/adjustable-dog-harness-and-leash-set\/","og_site_name":"QQPETS","article_publisher":"https:\/\/www.facebook.com\/QQpetsdogcollars","article_modified_time":"2024-11-13T06:00:30+00:00","og_image":[{"width":1600,"height":1600,"url":"https:\/\/qqpets.com\/wp-content\/uploads\/2024\/08\/padding-dog-harness.webp","type":"image\/webp"}],"twitter_card":"summary_large_image","twitter_misc":{"Szacowany czas czytania":"4 minuty"},"schema":{"@context":"https:\/\/schema.org","@graph":[{"@type":"WebPage","@id":"https:\/\/qqpets.com\/product\/adjustable-dog-harness-and-leash-set\/","url":"https:\/\/qqpets.com\/product\/adjustable-dog-harness-and-leash-set\/","name":"Neoprenowy zestaw regulowanych szelek i smyczy dla psa | QQPETS","isPartOf":{"@id":"https:\/\/qqpets.com\/#website"},"primaryImageOfPage":{"@id":"https:\/\/qqpets.com\/product\/adjustable-dog-harness-and-leash-set\/#primaryimage"},"image":{"@id":"https:\/\/qqpets.com\/product\/adjustable-dog-harness-and-leash-set\/#primaryimage"},"thumbnailUrl":"https:\/\/qqpets.com\/wp-content\/uploads\/2024\/08\/padding-dog-harness.webp","datePublished":"2024-08-31T08:29:37+00:00","dateModified":"2024-11-13T06:00:30+00:00","description":"Komfort \u0142\u0105czy si\u0119 ze stylem dzi\u0119ki naszym neoprenowym, regulowanym szelkom dla psa. Idealne dopasowanie dla ka\u017cdego psa. Trwa\u0142e i stylowe. Kup teraz!","breadcrumb":{"@id":"https:\/\/qqpets.com\/product\/adjustable-dog-harness-and-leash-set\/#breadcrumb"},"inLanguage":"pl-PL","potentialAction":[{"@type":"ReadAction","target":["https:\/\/qqpets.com\/product\/adjustable-dog-harness-and-leash-set\/"]}]},{"@type":"ImageObject","inLanguage":"pl-PL","@id":"https:\/\/qqpets.com\/product\/adjustable-dog-harness-and-leash-set\/#primaryimage","url":"https:\/\/qqpets.com\/wp-content\/uploads\/2024\/08\/padding-dog-harness.webp","contentUrl":"https:\/\/qqpets.com\/wp-content\/uploads\/2024\/08\/padding-dog-harness.webp","width":1600,"height":1600},{"@type":"BreadcrumbList","@id":"https:\/\/qqpets.com\/product\/adjustable-dog-harness-and-leash-set\/#breadcrumb","itemListElement":[{"@type":"ListItem","position":1,"name":"Home","item":"https:\/\/qqpets.com\/"},{"@type":"ListItem","position":2,"name":"Products","item":"https:\/\/qqpets.com\/pet-products-manufacturer\/"},{"@type":"ListItem","position":3,"name":"Neoprene Padding Adjustable Dog Harness And Leash Set"}]},{"@type":"WebSite","@id":"https:\/\/qqpets.com\/#website","url":"https:\/\/qqpets.com\/","name":"QQPETS","description":"QQPETS to fabryka uprz\u0119\u017cy dla ps\u00f3w, obro\u017cy dla ps\u00f3w, smyczy dla ps\u00f3w i akcesori\u00f3w dla ps\u00f3w z profesjonaln\u0105 obs\u0142ug\u0105 dostosowan\u0105 do potrzeb klienta od 2005 roku.","publisher":{"@id":"https:\/\/qqpets.com\/#organization"},"potentialAction":[{"@type":"SearchAction","target":{"@type":"EntryPoint","urlTemplate":"https:\/\/qqpets.com\/?s={search_term_string}"},"query-input":{"@type":"PropertyValueSpecification","valueRequired":true,"valueName":"search_term_string"}}],"inLanguage":"pl-PL"},{"@type":"Organization","@id":"https:\/\/qqpets.com\/#organization","name":"QQPETS","url":"https:\/\/qqpets.com\/","logo":{"@type":"ImageObject","inLanguage":"pl-PL","@id":"https:\/\/qqpets.com\/#\/schema\/logo\/image\/","url":"https:\/\/qqpets.com\/wp-content\/uploads\/2023\/09\/cropped-cropped-qqpets-tiktok.jpg","contentUrl":"https:\/\/qqpets.com\/wp-content\/uploads\/2023\/09\/cropped-cropped-qqpets-tiktok.jpg","width":511,"height":511,"caption":"QQPETS"},"image":{"@id":"https:\/\/qqpets.com\/#\/schema\/logo\/image\/"},"sameAs":["https:\/\/www.facebook.com\/QQpetsdogcollars","https:\/\/www.instagram.com\/qqpetscollar\/","https:\/\/www.pinterest.com\/qqpetsdogcollarsfactory\/"]}]}},"_links":{"self":[{"href":"https:\/\/qqpets.com\/pl\/wp-json\/wp\/v2\/product\/7682","targetHints":{"allow":["GET"]}}],"collection":[{"href":"https:\/\/qqpets.com\/pl\/wp-json\/wp\/v2\/product"}],"about":[{"href":"https:\/\/qqpets.com\/pl\/wp-json\/wp\/v2\/types\/product"}],"wp:featuredmedia":[{"embeddable":true,"href":"https:\/\/qqpets.com\/pl\/wp-json\/wp\/v2\/media\/7683"}],"wp:attachment":[{"href":"https:\/\/qqpets.com\/pl\/wp-json\/wp\/v2\/media?parent=7682"}],"wp:term":[{"taxonomy":"product_brand","embeddable":true,"href":"https:\/\/qqpets.com\/pl\/wp-json\/wp\/v2\/product_brand?post=7682"},{"taxonomy":"product_cat","embeddable":true,"href":"https:\/\/qqpets.com\/pl\/wp-json\/wp\/v2\/product_cat?post=7682"},{"taxonomy":"product_tag","embeddable":true,"href":"https:\/\/qqpets.com\/pl\/wp-json\/wp\/v2\/product_tag?post=7682"}],"curies":[{"name":"wp","href":"https:\/\/api.w.org\/{rel}","templated":true}]}}