{"id":7695,"date":"2024-08-31T17:24:16","date_gmt":"2024-08-31T09:24:16","guid":{"rendered":"https:\/\/qqpets.com\/?post_type=product&#038;p=7695"},"modified":"2024-08-31T17:25:22","modified_gmt":"2024-08-31T09:25:22","slug":"mesh-step-in-dog-harness","status":"publish","type":"product","link":"https:\/\/qqpets.com\/pl\/produkt\/mesh-step-in-dog-harness\/","title":{"rendered":"Siatkowe szelki dla psa"},"content":{"rendered":"<p>Zapewnij swojemu psu komfort i wygod\u0119 dzi\u0119ki uprz\u0119\u017cy Mesh Step In Dog Harness, dostosowanej do \u0142atwego dopasowania i wyj\u0105tkowej oddychalno\u015bci. Ta uprz\u0105\u017c zosta\u0142a zaprojektowana tak, aby codzienne wyj\u015bcia by\u0142y p\u0142ynniejsze i przyjemniejsze zar\u00f3wno dla Ciebie, jak i Twojego zwierzaka. Konstrukcja typu step-in eliminuje potrzeb\u0119 \u015bci\u0105gania uprz\u0119\u017cy przez g\u0142ow\u0119 psa, dzi\u0119ki czemu ubieranie jest szybkie i bezstresowe.<\/p>\n<p>Wykonane z mi\u0119kkiego, lekkiego materia\u0142u siatkowego, szelki zapewniaj\u0105 psu ch\u0142\u00f3d i wygod\u0119, nawet w cieplejsze dni. Oddychaj\u0105ca siateczka pozwala na odpowiedni\u0105 cyrkulacj\u0119 powietrza, zapobiegaj\u0105c przegrzaniu i zapewniaj\u0105c zwierz\u0119ciu uczucie \u015bwie\u017co\u015bci podczas spaceru.<\/p>\n<p>Regulacja jest kluczowa w przypadku naszych szelek, kt\u00f3re s\u0105 wyposa\u017cone w \u0142atwe w zarz\u0105dzaniu paski, kt\u00f3re pozwalaj\u0105 stworzy\u0107 niestandardowe dopasowanie, kt\u00f3re jest zar\u00f3wno bezpieczne, jak i wygodne dla psa. Takie dopasowanie zapobiega otarciom i otarciom, jednocze\u015bnie zapewniaj\u0105c wystarczaj\u0105ce wsparcie i kontrol\u0119 podczas spacer\u00f3w.<\/p>\n<p>Nasza uprz\u0105\u017c dla psa Mesh Step In jest nie tylko funkcjonalna, ale i stylowa. Dost\u0119pne w r\u00f3\u017cnych kolorach i rozmiarach, s\u0105 idealne dla zwierz\u0105t o r\u00f3\u017cnych kszta\u0142tach i rasach. Niezale\u017cnie od tego, czy wybierasz si\u0119 na szybki spacer wok\u00f3\u0142 bloku, czy na d\u0142u\u017csz\u0105 przygod\u0119 w parku, ta uprz\u0105\u017c \u0142\u0105czy w sobie trwa\u0142o\u015b\u0107, styl i wygod\u0119 w jednym niezb\u0119dnym akcesorium dla Twojego zwierzaka.<\/p>\n<p>Wyposa\u017c swojego psa w nasze uprz\u0119\u017ce Mesh Step In Dog Harness, aby zapewni\u0107 mu komfort i \u0142atwo\u015b\u0107 podczas ka\u017cdego wyj\u015bcia, podczas gdy Ty b\u0119dziesz cieszy\u0107 si\u0119 prostot\u0105 i skuteczno\u015bci\u0105 dobrze zaprojektowanych szelek.<\/p>\n<div class=\"flex max-w-full flex-col flex-grow\">\n<div class=\"min-h-[20px] text-message flex w-full flex-col items-end gap-2 break-words [.text-message+&amp;]:mt-5 overflow-x-auto whitespace-normal\" dir=\"auto\" data-message-author-role=\"assistant\" data-message-id=\"ef04834b-61b9-4d06-98fe-1d0d44d63bf5\">\n<div class=\"flex w-full flex-col gap-1 empty:hidden first:pt-[3px]\">\n<div class=\"markdown prose w-full break-words dark:prose-invert light\">\n<h6><strong>Czy szelki siatkowe s\u0105 dobre dla ps\u00f3w?<\/strong><\/h6>\n<p>Tak, uprz\u0119\u017ce siatkowe s\u0105 dobre dla ps\u00f3w, poniewa\u017c zapewniaj\u0105 oddychalno\u015b\u0107 i wygod\u0119, szczeg\u00f3lnie w cieplejszym klimacie, a jednocze\u015bnie s\u0105 lekkie.<\/p>\n<h6><strong>Czy szelki typu step-in s\u0105 dobre dla ps\u00f3w?<\/strong><\/h6>\n<p>Tak, szelki typu step-in s\u0105 korzystne dla ps\u00f3w, poniewa\u017c \u0142atwo si\u0119 je zak\u0142ada i r\u00f3wnomiernie rozk\u0142adaj\u0105 nacisk na klatk\u0119 piersiow\u0105 i ramiona, dzi\u0119ki czemu s\u0105 wygodne dla wi\u0119kszo\u015bci ps\u00f3w.<\/p>\n<h6><strong>Czy psy mog\u0105 uciec z uprz\u0119\u017cy step-in?<\/strong><\/h6>\n<p>Psy mog\u0105 potencjalnie uciec z uprz\u0119\u017cy typu step-in, je\u015bli nie s\u0105 odpowiednio dopasowane. Wa\u017cne jest, aby upewni\u0107 si\u0119, \u017ce uprz\u0105\u017c jest dobrze dopasowana i prawid\u0142owo wyregulowana, aby zapobiec ucieczce.<\/p>\n<h6><strong>Jak u\u017cywa\u0107 uprz\u0119\u017cy dla psa typu step-in?<\/strong><\/h6>\n<p>Po\u0142\u00f3\u017c uprz\u0105\u017c p\u0142asko na ziemi, wsu\u0144 przednie \u0142apy psa w otwory, a nast\u0119pnie poci\u0105gnij uprz\u0105\u017c w g\u00f3r\u0119 i wok\u00f3\u0142 tu\u0142owia i zapnij klamr\u0119 z ty\u0142u.<\/p>\n<h6><strong>Co to jest siatka dla psa?<\/strong><\/h6>\n<p>Siatka dla psa to rodzaj tkaniny stosowanej w produktach dla zwierz\u0105t, w szczeg\u00f3lno\u015bci w uprz\u0119\u017cach i transporterach. Jest to oddychaj\u0105cy, lekki materia\u0142, kt\u00f3ry umo\u017cliwia przep\u0142yw powietrza, dzi\u0119ki czemu jest wygodny dla psa.<\/p>\n<h6><strong>Jaki rodzaj uprz\u0119\u017cy jest najlepszy dla psa?<\/strong><\/h6>\n<p>Najlepszy rodzaj uprz\u0119\u017cy dla psa zasadniczo zale\u017cy od jego wielko\u015bci, rasy i zachowania. Dla wi\u0119kszo\u015bci ps\u00f3w, zw\u0142aszcza tych, kt\u00f3re ci\u0105gn\u0105, uprz\u0105\u017c bez ci\u0105gni\u0119cia z przednim mocowaniem smyczy jest idealna, poniewa\u017c zapewnia lepsz\u0105 kontrol\u0119 podczas spacer\u00f3w i zmniejsza obci\u0105\u017cenie szyi i plec\u00f3w psa.<\/p>\n<\/div>\n<\/div>\n<\/div>\n<\/div>","protected":false},"excerpt":{"rendered":"<p>Do\u015bwiadcz najwy\u017cszego komfortu dzi\u0119ki uprz\u0119\u017cy Mesh Step In Dog Harness, zaprojektowanej z my\u015bl\u0105 o \u0142atwym noszeniu i oddychaj\u0105cym komforcie. Ta lekka uprz\u0105\u017c ma konstrukcj\u0119 typu step-in, kt\u00f3ra u\u0142atwia zak\u0142adanie, oraz siateczkowy materia\u0142, kt\u00f3ry zapewnia psu ch\u0142\u00f3d nawet w ciep\u0142e dni. Regulowane paski zapewniaj\u0105 idealne dopasowanie, a wytrzyma\u0142a konstrukcja zapewnia niezawodno\u015b\u0107 podczas spacer\u00f3w. Idealne dla aktywnych ps\u00f3w i w\u0142a\u015bcicieli ceni\u0105cych wygod\u0119 i komfort.<\/p>","protected":false},"featured_media":7697,"template":"","meta":[],"product_brand":[],"product_cat":[23],"product_tag":[],"class_list":{"0":"post-7695","1":"product","2":"type-product","3":"status-publish","4":"has-post-thumbnail","6":"product_cat-dog-harness","7":"pa_brand-qqpets","9":"first","10":"instock","11":"shipping-taxable","12":"product-type-simple"},"yoast_head":"<!-- This site is optimized with the Yoast SEO plugin v26.6 - https:\/\/yoast.com\/wordpress\/plugins\/seo\/ -->\n<title>Mesh Step in Dog Harness | QQPETS<\/title>\n<meta name=\"description\" content=\"Explore our Mesh Step In Dog Harness for breathable comfort. Perfect fit, easy to use. Shop now for quality!\" \/>\n<meta name=\"robots\" content=\"index, follow, max-snippet:-1, max-image-preview:large, max-video-preview:-1\" \/>\n<link rel=\"canonical\" href=\"https:\/\/qqpets.com\/pl\/produkt\/mesh-step-in-dog-harness\/\" \/>\n<meta property=\"og:locale\" content=\"pl_PL\" \/>\n<meta property=\"og:type\" content=\"article\" \/>\n<meta property=\"og:title\" content=\"Mesh Step in Dog Harness | QQPETS\" \/>\n<meta property=\"og:description\" content=\"Explore our Mesh Step In Dog Harness for breathable comfort. Perfect fit, easy to use. Shop now for quality!\" \/>\n<meta property=\"og:url\" content=\"https:\/\/qqpets.com\/pl\/produkt\/mesh-step-in-dog-harness\/\" \/>\n<meta property=\"og:site_name\" content=\"QQPETS\" \/>\n<meta property=\"article:publisher\" content=\"https:\/\/www.facebook.com\/QQpetsdogcollars\" \/>\n<meta property=\"article:modified_time\" content=\"2024-08-31T09:25:22+00:00\" \/>\n<meta property=\"og:image\" content=\"https:\/\/qqpets.com\/wp-content\/uploads\/2024\/08\/step-in-dog-harness1.webp\" \/>\n\t<meta property=\"og:image:width\" content=\"1600\" \/>\n\t<meta property=\"og:image:height\" content=\"1600\" \/>\n\t<meta property=\"og:image:type\" content=\"image\/webp\" \/>\n<meta name=\"twitter:card\" content=\"summary_large_image\" \/>\n<meta name=\"twitter:label1\" content=\"Szacowany czas czytania\" \/>\n\t<meta name=\"twitter:data1\" content=\"3 minuty\" \/>\n<script type=\"application\/ld+json\" class=\"yoast-schema-graph\">{\"@context\":\"https:\/\/schema.org\",\"@graph\":[{\"@type\":\"WebPage\",\"@id\":\"https:\/\/qqpets.com\/product\/mesh-step-in-dog-harness\/\",\"url\":\"https:\/\/qqpets.com\/product\/mesh-step-in-dog-harness\/\",\"name\":\"Mesh Step in Dog Harness | QQPETS\",\"isPartOf\":{\"@id\":\"https:\/\/qqpets.com\/#website\"},\"primaryImageOfPage\":{\"@id\":\"https:\/\/qqpets.com\/product\/mesh-step-in-dog-harness\/#primaryimage\"},\"image\":{\"@id\":\"https:\/\/qqpets.com\/product\/mesh-step-in-dog-harness\/#primaryimage\"},\"thumbnailUrl\":\"https:\/\/qqpets.com\/wp-content\/uploads\/2024\/08\/step-in-dog-harness1.webp\",\"datePublished\":\"2024-08-31T09:24:16+00:00\",\"dateModified\":\"2024-08-31T09:25:22+00:00\",\"description\":\"Explore our Mesh Step In Dog Harness for breathable comfort. Perfect fit, easy to use. Shop now for quality!\",\"breadcrumb\":{\"@id\":\"https:\/\/qqpets.com\/product\/mesh-step-in-dog-harness\/#breadcrumb\"},\"inLanguage\":\"pl-PL\",\"potentialAction\":[{\"@type\":\"ReadAction\",\"target\":[\"https:\/\/qqpets.com\/product\/mesh-step-in-dog-harness\/\"]}]},{\"@type\":\"ImageObject\",\"inLanguage\":\"pl-PL\",\"@id\":\"https:\/\/qqpets.com\/product\/mesh-step-in-dog-harness\/#primaryimage\",\"url\":\"https:\/\/qqpets.com\/wp-content\/uploads\/2024\/08\/step-in-dog-harness1.webp\",\"contentUrl\":\"https:\/\/qqpets.com\/wp-content\/uploads\/2024\/08\/step-in-dog-harness1.webp\",\"width\":1600,\"height\":1600},{\"@type\":\"BreadcrumbList\",\"@id\":\"https:\/\/qqpets.com\/product\/mesh-step-in-dog-harness\/#breadcrumb\",\"itemListElement\":[{\"@type\":\"ListItem\",\"position\":1,\"name\":\"Home\",\"item\":\"https:\/\/qqpets.com\/\"},{\"@type\":\"ListItem\",\"position\":2,\"name\":\"Products\",\"item\":\"https:\/\/qqpets.com\/pet-products-manufacturer\/\"},{\"@type\":\"ListItem\",\"position\":3,\"name\":\"Mesh Step in Dog Harness\"}]},{\"@type\":\"WebSite\",\"@id\":\"https:\/\/qqpets.com\/#website\",\"url\":\"https:\/\/qqpets.com\/\",\"name\":\"QQPETS\",\"description\":\"QQPETS is a pet products factory for dog harnesses, dog collars, dog leashes and dog accessories with professional customized service since 2005.\",\"publisher\":{\"@id\":\"https:\/\/qqpets.com\/#organization\"},\"potentialAction\":[{\"@type\":\"SearchAction\",\"target\":{\"@type\":\"EntryPoint\",\"urlTemplate\":\"https:\/\/qqpets.com\/?s={search_term_string}\"},\"query-input\":{\"@type\":\"PropertyValueSpecification\",\"valueRequired\":true,\"valueName\":\"search_term_string\"}}],\"inLanguage\":\"pl-PL\"},{\"@type\":\"Organization\",\"@id\":\"https:\/\/qqpets.com\/#organization\",\"name\":\"QQPETS\",\"url\":\"https:\/\/qqpets.com\/\",\"logo\":{\"@type\":\"ImageObject\",\"inLanguage\":\"pl-PL\",\"@id\":\"https:\/\/qqpets.com\/#\/schema\/logo\/image\/\",\"url\":\"https:\/\/qqpets.com\/wp-content\/uploads\/2023\/09\/cropped-cropped-qqpets-tiktok.jpg\",\"contentUrl\":\"https:\/\/qqpets.com\/wp-content\/uploads\/2023\/09\/cropped-cropped-qqpets-tiktok.jpg\",\"width\":511,\"height\":511,\"caption\":\"QQPETS\"},\"image\":{\"@id\":\"https:\/\/qqpets.com\/#\/schema\/logo\/image\/\"},\"sameAs\":[\"https:\/\/www.facebook.com\/QQpetsdogcollars\",\"https:\/\/www.instagram.com\/qqpetscollar\/\",\"https:\/\/www.pinterest.com\/qqpetsdogcollarsfactory\/\"]}]}<\/script>\n<!-- \/ Yoast SEO plugin. -->","yoast_head_json":{"title":"Siatkowe szelki dla psa | QQPETS","description":"Poznaj nasze uprz\u0119\u017ce Mesh Step In dla ps\u00f3w zapewniaj\u0105ce oddychaj\u0105cy komfort. Idealne dopasowanie, \u0142atwe w u\u017cyciu. Kup teraz, aby cieszy\u0107 si\u0119 jako\u015bci\u0105!","robots":{"index":"index","follow":"follow","max-snippet":"max-snippet:-1","max-image-preview":"max-image-preview:large","max-video-preview":"max-video-preview:-1"},"canonical":"https:\/\/qqpets.com\/pl\/produkt\/mesh-step-in-dog-harness\/","og_locale":"pl_PL","og_type":"article","og_title":"Mesh Step in Dog Harness | QQPETS","og_description":"Explore our Mesh Step In Dog Harness for breathable comfort. Perfect fit, easy to use. Shop now for quality!","og_url":"https:\/\/qqpets.com\/pl\/produkt\/mesh-step-in-dog-harness\/","og_site_name":"QQPETS","article_publisher":"https:\/\/www.facebook.com\/QQpetsdogcollars","article_modified_time":"2024-08-31T09:25:22+00:00","og_image":[{"width":1600,"height":1600,"url":"https:\/\/qqpets.com\/wp-content\/uploads\/2024\/08\/step-in-dog-harness1.webp","type":"image\/webp"}],"twitter_card":"summary_large_image","twitter_misc":{"Szacowany czas czytania":"3 minuty"},"schema":{"@context":"https:\/\/schema.org","@graph":[{"@type":"WebPage","@id":"https:\/\/qqpets.com\/product\/mesh-step-in-dog-harness\/","url":"https:\/\/qqpets.com\/product\/mesh-step-in-dog-harness\/","name":"Siatkowe szelki dla psa | QQPETS","isPartOf":{"@id":"https:\/\/qqpets.com\/#website"},"primaryImageOfPage":{"@id":"https:\/\/qqpets.com\/product\/mesh-step-in-dog-harness\/#primaryimage"},"image":{"@id":"https:\/\/qqpets.com\/product\/mesh-step-in-dog-harness\/#primaryimage"},"thumbnailUrl":"https:\/\/qqpets.com\/wp-content\/uploads\/2024\/08\/step-in-dog-harness1.webp","datePublished":"2024-08-31T09:24:16+00:00","dateModified":"2024-08-31T09:25:22+00:00","description":"Poznaj nasze uprz\u0119\u017ce Mesh Step In dla ps\u00f3w zapewniaj\u0105ce oddychaj\u0105cy komfort. Idealne dopasowanie, \u0142atwe w u\u017cyciu. Kup teraz, aby cieszy\u0107 si\u0119 jako\u015bci\u0105!","breadcrumb":{"@id":"https:\/\/qqpets.com\/product\/mesh-step-in-dog-harness\/#breadcrumb"},"inLanguage":"pl-PL","potentialAction":[{"@type":"ReadAction","target":["https:\/\/qqpets.com\/product\/mesh-step-in-dog-harness\/"]}]},{"@type":"ImageObject","inLanguage":"pl-PL","@id":"https:\/\/qqpets.com\/product\/mesh-step-in-dog-harness\/#primaryimage","url":"https:\/\/qqpets.com\/wp-content\/uploads\/2024\/08\/step-in-dog-harness1.webp","contentUrl":"https:\/\/qqpets.com\/wp-content\/uploads\/2024\/08\/step-in-dog-harness1.webp","width":1600,"height":1600},{"@type":"BreadcrumbList","@id":"https:\/\/qqpets.com\/product\/mesh-step-in-dog-harness\/#breadcrumb","itemListElement":[{"@type":"ListItem","position":1,"name":"Home","item":"https:\/\/qqpets.com\/"},{"@type":"ListItem","position":2,"name":"Products","item":"https:\/\/qqpets.com\/pet-products-manufacturer\/"},{"@type":"ListItem","position":3,"name":"Mesh Step in Dog Harness"}]},{"@type":"WebSite","@id":"https:\/\/qqpets.com\/#website","url":"https:\/\/qqpets.com\/","name":"QQPETS","description":"QQPETS to fabryka uprz\u0119\u017cy dla ps\u00f3w, obro\u017cy dla ps\u00f3w, smyczy dla ps\u00f3w i akcesori\u00f3w dla ps\u00f3w z profesjonaln\u0105 obs\u0142ug\u0105 dostosowan\u0105 do potrzeb klienta od 2005 roku.","publisher":{"@id":"https:\/\/qqpets.com\/#organization"},"potentialAction":[{"@type":"SearchAction","target":{"@type":"EntryPoint","urlTemplate":"https:\/\/qqpets.com\/?s={search_term_string}"},"query-input":{"@type":"PropertyValueSpecification","valueRequired":true,"valueName":"search_term_string"}}],"inLanguage":"pl-PL"},{"@type":"Organization","@id":"https:\/\/qqpets.com\/#organization","name":"QQPETS","url":"https:\/\/qqpets.com\/","logo":{"@type":"ImageObject","inLanguage":"pl-PL","@id":"https:\/\/qqpets.com\/#\/schema\/logo\/image\/","url":"https:\/\/qqpets.com\/wp-content\/uploads\/2023\/09\/cropped-cropped-qqpets-tiktok.jpg","contentUrl":"https:\/\/qqpets.com\/wp-content\/uploads\/2023\/09\/cropped-cropped-qqpets-tiktok.jpg","width":511,"height":511,"caption":"QQPETS"},"image":{"@id":"https:\/\/qqpets.com\/#\/schema\/logo\/image\/"},"sameAs":["https:\/\/www.facebook.com\/QQpetsdogcollars","https:\/\/www.instagram.com\/qqpetscollar\/","https:\/\/www.pinterest.com\/qqpetsdogcollarsfactory\/"]}]}},"_links":{"self":[{"href":"https:\/\/qqpets.com\/pl\/wp-json\/wp\/v2\/product\/7695","targetHints":{"allow":["GET"]}}],"collection":[{"href":"https:\/\/qqpets.com\/pl\/wp-json\/wp\/v2\/product"}],"about":[{"href":"https:\/\/qqpets.com\/pl\/wp-json\/wp\/v2\/types\/product"}],"wp:featuredmedia":[{"embeddable":true,"href":"https:\/\/qqpets.com\/pl\/wp-json\/wp\/v2\/media\/7697"}],"wp:attachment":[{"href":"https:\/\/qqpets.com\/pl\/wp-json\/wp\/v2\/media?parent=7695"}],"wp:term":[{"taxonomy":"product_brand","embeddable":true,"href":"https:\/\/qqpets.com\/pl\/wp-json\/wp\/v2\/product_brand?post=7695"},{"taxonomy":"product_cat","embeddable":true,"href":"https:\/\/qqpets.com\/pl\/wp-json\/wp\/v2\/product_cat?post=7695"},{"taxonomy":"product_tag","embeddable":true,"href":"https:\/\/qqpets.com\/pl\/wp-json\/wp\/v2\/product_tag?post=7695"}],"curies":[{"name":"wp","href":"https:\/\/api.w.org\/{rel}","templated":true}]}}