{"id":7740,"date":"2024-09-02T15:02:10","date_gmt":"2024-09-02T07:02:10","guid":{"rendered":"https:\/\/qqpets.com\/?post_type=product&#038;p=7740"},"modified":"2024-11-13T14:56:51","modified_gmt":"2024-11-13T06:56:51","slug":"tactical-dog-collar","status":"publish","type":"product","link":"https:\/\/qqpets.com\/pl\/produkt\/tactical-dog-collar\/","title":{"rendered":"Obro\u017ca taktyczna dla psa Wytrzyma\u0142a metalowa klamra z uchwytem do szkolenia ps\u00f3w"},"content":{"rendered":"<p>Wprowad\u017a wojskow\u0105 trwa\u0142o\u015b\u0107 i funkcjonalno\u015b\u0107 do akcesori\u00f3w swojego psa dzi\u0119ki naszej taktycznej obro\u017cy dla psa. Ta obro\u017ca zosta\u0142a zaprojektowana specjalnie dla ps\u00f3w pracuj\u0105cych, \u0142\u0105cz\u0105c wytrzyma\u0142\u0105 konstrukcj\u0119 z praktycznym designem, aby wytrzyma\u0107 najtrudniejsze warunki.<\/p>\n<p>Wykonana z wytrzyma\u0142ej tkaniny nylonowej, obro\u017ca posiada wytrzyma\u0142\u0105 metalow\u0105 klamr\u0119 i pier\u015bcie\u0144 w kszta\u0142cie litery D, kt\u00f3ry zapewnia niezawodne punkty mocowania smyczy. Dzi\u0119ki temu obro\u017ca pozostaje bezpiecznie zapi\u0119ta, niezale\u017cnie od poziomu aktywno\u015bci.<\/p>\n<p>Obro\u017ca zosta\u0142a zaprojektowana z szerokim paskiem, aby r\u00f3wnomiernie rozprowadza\u0107 nacisk, co pomaga zapobiega\u0107 zad\u0142awieniu i dyskomfortowi podczas energicznych aktywno\u015bci. Regulowane dopasowanie pozwala dostosowa\u0107 ciasno\u015b\u0107 do rozmiaru szyi psa i zapewni\u0107 mu komfort podczas d\u0142ugich godzin noszenia.<\/p>\n<p>Dla przewodnik\u00f3w, kt\u00f3rzy wymagaj\u0105 wi\u0119cej od swojego sprz\u0119tu, ta obro\u017ca zawiera dodatkowe funkcje, takie jak panel z haczykami i p\u0119telkami do mocowania naszywek identyfikacyjnych lub innego sprz\u0119tu taktycznego. Niezale\u017cnie od tego, czy trenujesz, jeste\u015b na patrolu, czy po prostu cieszysz si\u0119 przygod\u0105 na \u015bwie\u017cym powietrzu, ta obro\u017ca zosta\u0142a stworzona, aby zapewni\u0107 doskona\u0142\u0105 kontrol\u0119 i d\u0142ugowieczno\u015b\u0107.<\/p>\n<p>Idealna dla osobistych ps\u00f3w str\u00f3\u017cuj\u0105cych, nasza taktyczna obro\u017ca dla psa \u0142\u0105czy w sobie wytrzyma\u0142o\u015b\u0107, wygod\u0119 i niezawodno\u015b\u0107. Jest to niezb\u0119dne narz\u0119dzie dla ka\u017cdego trenera ps\u00f3w z najbardziej wymagaj\u0105cym sprz\u0119tem, kt\u00f3ry musi zapewni\u0107 swoim psom najlepsze wyniki.<\/p>\n<h4><strong>Czy szelki taktyczne s\u0105 dobre dla ps\u00f3w?<\/strong><\/h4>\n<p>Uprz\u0119\u017ce taktyczne mog\u0105 by\u0107 przydatne do okre\u015blonych cel\u00f3w. S\u0105 wytrzyma\u0142e, zapewniaj\u0105 dobr\u0105 kontrol\u0119 i mog\u0105 przenosi\u0107 sprz\u0119t, dzi\u0119ki czemu s\u0105 odpowiednie dla ps\u00f3w pracuj\u0105cych lub s\u0142u\u017cbowych zaanga\u017cowanych w dzia\u0142ania takie jak poszukiwanie i ratownictwo, praca policyjna lub zadania wojskowe.<\/p>\n<h4><strong>Dlaczego pies mia\u0142by potrzebowa\u0107 kamizelki taktycznej?<\/strong><\/h4>\n<p>Pies mo\u017ce potrzebowa\u0107 kamizelki taktycznej, je\u015bli jest zaanga\u017cowany w egzekwowanie prawa, operacje wojskowe lub dzia\u0142ania poszukiwawczo-ratownicze. Kamizelka mo\u017ce pomie\u015bci\u0107 sprz\u0119t, poprawi\u0107 widoczno\u015b\u0107, zapewni\u0107 ochron\u0119 cia\u0142a i zawiera\u0107 uchwyty do kontroli przewodnika.<\/p>\n<h4><strong>Czy taktyczne obro\u017ce dla ps\u00f3w s\u0105 bezpieczne?<\/strong><\/h4>\n<p>Obro\u017ce taktyczne dla ps\u00f3w s\u0105 generalnie bezpieczne, je\u015bli s\u0105 odpowiednio u\u017cywane. Zosta\u0142y zaprojektowane tak, aby by\u0142y trwa\u0142e i zapewnia\u0142y dodatkow\u0105 kontrol\u0119. Jednak, jak ka\u017cda obro\u017ca, musz\u0105 by\u0107 prawid\u0142owo dopasowane, aby nie powodowa\u0142y dyskomfortu ani obra\u017ce\u0144.<\/p>\n<h4><strong>Do czego s\u0142u\u017cy taktyczna obro\u017ca dla psa?<\/strong><\/h4>\n<p>Taktyczna obro\u017ca dla psa jest u\u017cywana w celu zwi\u0119kszenia kontroli i trwa\u0142o\u015bci podczas rygorystycznych dzia\u0142a\u0144. Cz\u0119sto s\u0105 wykonane z wytrzyma\u0142ych materia\u0142\u00f3w i mog\u0105 zawiera\u0107 uchwyty lub punkty mocowania smyczy i sprz\u0119tu, przydatne w scenariuszach szkoleniowych i roboczych.<\/p>\n<h4><strong>Dlaczego trenerzy ps\u00f3w nie u\u017cywaj\u0105 uprz\u0119\u017cy?<\/strong><\/h4>\n<p>Niekt\u00f3rzy trenerzy ps\u00f3w wol\u0105 nie u\u017cywa\u0107 szelek, poniewa\u017c mog\u0105 one zach\u0119ca\u0107 do ci\u0105gni\u0119cia, pozwalaj\u0105c psom na bardziej efektywne wykorzystanie si\u0142y swojego cia\u0142a. Trenerzy, kt\u00f3rych celem jest nauczenie psa manier na smyczy, mog\u0105 zdecydowa\u0107 si\u0119 na obro\u017ce, kt\u00f3re zapewniaj\u0105 lepsz\u0105 kontrol\u0119 nad g\u0142ow\u0105 i kierunkiem cia\u0142a psa.<\/p>\n<h4><strong>Czy weterynarze zalecaj\u0105 szelki?<\/strong><\/h4>\n<p>Wielu weterynarzy zaleca stosowanie uprz\u0119\u017cy, szczeg\u00f3lnie w przypadku ps\u00f3w z problemami oddechowymi, urazami szyi lub tchawicy, poniewa\u017c uprz\u0119\u017ce rozk\u0142adaj\u0105 nacisk bardziej r\u00f3wnomiernie wok\u00f3\u0142 cia\u0142a, zmniejszaj\u0105c obci\u0105\u017cenie szyi.<\/p>","protected":false},"excerpt":{"rendered":"<p>Wzmocnij wyposa\u017cenie swojego psa dzi\u0119ki naszej taktycznej obro\u017cy dla psa, zaprojektowanej z my\u015bl\u0105 o trwa\u0142o\u015bci i wydajno\u015bci. Dzi\u0119ki wytrzyma\u0142ym materia\u0142om, solidnej klamrze i D-ringowi do bezpiecznego mocowania smyczy, ta obro\u017ca jest idealna do treningu i aktywnej s\u0142u\u017cby. Regulowana konstrukcja zapewnia wygodne i bezpieczne dopasowanie, a wzmocnione szwy zapewniaj\u0105 dodatkow\u0105 wytrzyma\u0142o\u015b\u0107. Idealna dla ps\u00f3w pracuj\u0105cych i uprawiaj\u0105cych aktywno\u015b\u0107 na \u015bwie\u017cym powietrzu.<\/p>","protected":false},"featured_media":7234,"template":"","meta":[],"product_brand":[],"product_cat":[26],"product_tag":[],"class_list":{"0":"post-7740","1":"product","2":"type-product","3":"status-publish","4":"has-post-thumbnail","6":"product_cat-dog-collar","7":"pa_brand-qqpets","9":"first","10":"instock","11":"shipping-taxable","12":"product-type-simple"},"yoast_head":"<!-- This site is optimized with the Yoast SEO plugin v26.6 - https:\/\/yoast.com\/wordpress\/plugins\/seo\/ -->\n<title>Tactical Dog Collar Heavy Duty Metal Buckle with Handle for Dog Training | QQPETS<\/title>\n<meta name=\"description\" content=\"Durable Tactical Dog Collar for enhanced control and reliability. Built for training and field use. Shop now!\" \/>\n<meta name=\"robots\" content=\"index, follow, max-snippet:-1, max-image-preview:large, max-video-preview:-1\" \/>\n<link rel=\"canonical\" href=\"https:\/\/qqpets.com\/pl\/produkt\/tactical-dog-collar\/\" \/>\n<meta property=\"og:locale\" content=\"pl_PL\" \/>\n<meta property=\"og:type\" content=\"article\" \/>\n<meta property=\"og:title\" content=\"Tactical Dog Collar Heavy Duty Metal Buckle with Handle for Dog Training | QQPETS\" \/>\n<meta property=\"og:description\" content=\"Durable Tactical Dog Collar for enhanced control and reliability. Built for training and field use. Shop now!\" \/>\n<meta property=\"og:url\" content=\"https:\/\/qqpets.com\/pl\/produkt\/tactical-dog-collar\/\" \/>\n<meta property=\"og:site_name\" content=\"QQPETS\" \/>\n<meta property=\"article:publisher\" content=\"https:\/\/www.facebook.com\/QQpetsdogcollars\" \/>\n<meta property=\"article:modified_time\" content=\"2024-11-13T06:56:51+00:00\" \/>\n<meta property=\"og:image\" content=\"https:\/\/qqpets.com\/wp-content\/uploads\/2023\/09\/large-dog-collar.webp\" \/>\n\t<meta property=\"og:image:width\" content=\"1000\" \/>\n\t<meta property=\"og:image:height\" content=\"929\" \/>\n\t<meta property=\"og:image:type\" content=\"image\/webp\" \/>\n<meta name=\"twitter:card\" content=\"summary_large_image\" \/>\n<meta name=\"twitter:label1\" content=\"Szacowany czas czytania\" \/>\n\t<meta name=\"twitter:data1\" content=\"3 minuty\" \/>\n<script type=\"application\/ld+json\" class=\"yoast-schema-graph\">{\"@context\":\"https:\/\/schema.org\",\"@graph\":[{\"@type\":\"WebPage\",\"@id\":\"https:\/\/qqpets.com\/product\/tactical-dog-collar\/\",\"url\":\"https:\/\/qqpets.com\/product\/tactical-dog-collar\/\",\"name\":\"Tactical Dog Collar Heavy Duty Metal Buckle with Handle for Dog Training | QQPETS\",\"isPartOf\":{\"@id\":\"https:\/\/qqpets.com\/#website\"},\"primaryImageOfPage\":{\"@id\":\"https:\/\/qqpets.com\/product\/tactical-dog-collar\/#primaryimage\"},\"image\":{\"@id\":\"https:\/\/qqpets.com\/product\/tactical-dog-collar\/#primaryimage\"},\"thumbnailUrl\":\"https:\/\/qqpets.com\/wp-content\/uploads\/2023\/09\/large-dog-collar.webp\",\"datePublished\":\"2024-09-02T07:02:10+00:00\",\"dateModified\":\"2024-11-13T06:56:51+00:00\",\"description\":\"Durable Tactical Dog Collar for enhanced control and reliability. Built for training and field use. Shop now!\",\"breadcrumb\":{\"@id\":\"https:\/\/qqpets.com\/product\/tactical-dog-collar\/#breadcrumb\"},\"inLanguage\":\"pl-PL\",\"potentialAction\":[{\"@type\":\"ReadAction\",\"target\":[\"https:\/\/qqpets.com\/product\/tactical-dog-collar\/\"]}]},{\"@type\":\"ImageObject\",\"inLanguage\":\"pl-PL\",\"@id\":\"https:\/\/qqpets.com\/product\/tactical-dog-collar\/#primaryimage\",\"url\":\"https:\/\/qqpets.com\/wp-content\/uploads\/2023\/09\/large-dog-collar.webp\",\"contentUrl\":\"https:\/\/qqpets.com\/wp-content\/uploads\/2023\/09\/large-dog-collar.webp\",\"width\":1000,\"height\":929,\"caption\":\"tactical dog collar\"},{\"@type\":\"BreadcrumbList\",\"@id\":\"https:\/\/qqpets.com\/product\/tactical-dog-collar\/#breadcrumb\",\"itemListElement\":[{\"@type\":\"ListItem\",\"position\":1,\"name\":\"Home\",\"item\":\"https:\/\/qqpets.com\/\"},{\"@type\":\"ListItem\",\"position\":2,\"name\":\"Products\",\"item\":\"https:\/\/qqpets.com\/pet-products-manufacturer\/\"},{\"@type\":\"ListItem\",\"position\":3,\"name\":\"Tactical Dog Collar Heavy Duty Metal Buckle with Handle for Dog Training\"}]},{\"@type\":\"WebSite\",\"@id\":\"https:\/\/qqpets.com\/#website\",\"url\":\"https:\/\/qqpets.com\/\",\"name\":\"QQPETS\",\"description\":\"QQPETS is a pet products factory for dog harnesses, dog collars, dog leashes and dog accessories with professional customized service since 2005.\",\"publisher\":{\"@id\":\"https:\/\/qqpets.com\/#organization\"},\"potentialAction\":[{\"@type\":\"SearchAction\",\"target\":{\"@type\":\"EntryPoint\",\"urlTemplate\":\"https:\/\/qqpets.com\/?s={search_term_string}\"},\"query-input\":{\"@type\":\"PropertyValueSpecification\",\"valueRequired\":true,\"valueName\":\"search_term_string\"}}],\"inLanguage\":\"pl-PL\"},{\"@type\":\"Organization\",\"@id\":\"https:\/\/qqpets.com\/#organization\",\"name\":\"QQPETS\",\"url\":\"https:\/\/qqpets.com\/\",\"logo\":{\"@type\":\"ImageObject\",\"inLanguage\":\"pl-PL\",\"@id\":\"https:\/\/qqpets.com\/#\/schema\/logo\/image\/\",\"url\":\"https:\/\/qqpets.com\/wp-content\/uploads\/2023\/09\/cropped-cropped-qqpets-tiktok.jpg\",\"contentUrl\":\"https:\/\/qqpets.com\/wp-content\/uploads\/2023\/09\/cropped-cropped-qqpets-tiktok.jpg\",\"width\":511,\"height\":511,\"caption\":\"QQPETS\"},\"image\":{\"@id\":\"https:\/\/qqpets.com\/#\/schema\/logo\/image\/\"},\"sameAs\":[\"https:\/\/www.facebook.com\/QQpetsdogcollars\",\"https:\/\/www.instagram.com\/qqpetscollar\/\",\"https:\/\/www.pinterest.com\/qqpetsdogcollarsfactory\/\"]}]}<\/script>\n<!-- \/ Yoast SEO plugin. -->","yoast_head_json":{"title":"Obro\u017ca taktyczna dla psa Wytrzyma\u0142a metalowa klamra z uchwytem do szkolenia ps\u00f3w | QQPETS","description":"Wytrzyma\u0142a obro\u017ca taktyczna dla ps\u00f3w zapewniaj\u0105ca lepsz\u0105 kontrol\u0119 i niezawodno\u015b\u0107. Stworzona do treningu i u\u017cytku w terenie. Kup teraz!","robots":{"index":"index","follow":"follow","max-snippet":"max-snippet:-1","max-image-preview":"max-image-preview:large","max-video-preview":"max-video-preview:-1"},"canonical":"https:\/\/qqpets.com\/pl\/produkt\/tactical-dog-collar\/","og_locale":"pl_PL","og_type":"article","og_title":"Tactical Dog Collar Heavy Duty Metal Buckle with Handle for Dog Training | QQPETS","og_description":"Durable Tactical Dog Collar for enhanced control and reliability. Built for training and field use. Shop now!","og_url":"https:\/\/qqpets.com\/pl\/produkt\/tactical-dog-collar\/","og_site_name":"QQPETS","article_publisher":"https:\/\/www.facebook.com\/QQpetsdogcollars","article_modified_time":"2024-11-13T06:56:51+00:00","og_image":[{"width":1000,"height":929,"url":"https:\/\/qqpets.com\/wp-content\/uploads\/2023\/09\/large-dog-collar.webp","type":"image\/webp"}],"twitter_card":"summary_large_image","twitter_misc":{"Szacowany czas czytania":"3 minuty"},"schema":{"@context":"https:\/\/schema.org","@graph":[{"@type":"WebPage","@id":"https:\/\/qqpets.com\/product\/tactical-dog-collar\/","url":"https:\/\/qqpets.com\/product\/tactical-dog-collar\/","name":"Obro\u017ca taktyczna dla psa Wytrzyma\u0142a metalowa klamra z uchwytem do szkolenia ps\u00f3w | QQPETS","isPartOf":{"@id":"https:\/\/qqpets.com\/#website"},"primaryImageOfPage":{"@id":"https:\/\/qqpets.com\/product\/tactical-dog-collar\/#primaryimage"},"image":{"@id":"https:\/\/qqpets.com\/product\/tactical-dog-collar\/#primaryimage"},"thumbnailUrl":"https:\/\/qqpets.com\/wp-content\/uploads\/2023\/09\/large-dog-collar.webp","datePublished":"2024-09-02T07:02:10+00:00","dateModified":"2024-11-13T06:56:51+00:00","description":"Wytrzyma\u0142a obro\u017ca taktyczna dla ps\u00f3w zapewniaj\u0105ca lepsz\u0105 kontrol\u0119 i niezawodno\u015b\u0107. Stworzona do treningu i u\u017cytku w terenie. Kup teraz!","breadcrumb":{"@id":"https:\/\/qqpets.com\/product\/tactical-dog-collar\/#breadcrumb"},"inLanguage":"pl-PL","potentialAction":[{"@type":"ReadAction","target":["https:\/\/qqpets.com\/product\/tactical-dog-collar\/"]}]},{"@type":"ImageObject","inLanguage":"pl-PL","@id":"https:\/\/qqpets.com\/product\/tactical-dog-collar\/#primaryimage","url":"https:\/\/qqpets.com\/wp-content\/uploads\/2023\/09\/large-dog-collar.webp","contentUrl":"https:\/\/qqpets.com\/wp-content\/uploads\/2023\/09\/large-dog-collar.webp","width":1000,"height":929,"caption":"tactical dog collar"},{"@type":"BreadcrumbList","@id":"https:\/\/qqpets.com\/product\/tactical-dog-collar\/#breadcrumb","itemListElement":[{"@type":"ListItem","position":1,"name":"Home","item":"https:\/\/qqpets.com\/"},{"@type":"ListItem","position":2,"name":"Products","item":"https:\/\/qqpets.com\/pet-products-manufacturer\/"},{"@type":"ListItem","position":3,"name":"Tactical Dog Collar Heavy Duty Metal Buckle with Handle for Dog Training"}]},{"@type":"WebSite","@id":"https:\/\/qqpets.com\/#website","url":"https:\/\/qqpets.com\/","name":"QQPETS","description":"QQPETS to fabryka uprz\u0119\u017cy dla ps\u00f3w, obro\u017cy dla ps\u00f3w, smyczy dla ps\u00f3w i akcesori\u00f3w dla ps\u00f3w z profesjonaln\u0105 obs\u0142ug\u0105 dostosowan\u0105 do potrzeb klienta od 2005 roku.","publisher":{"@id":"https:\/\/qqpets.com\/#organization"},"potentialAction":[{"@type":"SearchAction","target":{"@type":"EntryPoint","urlTemplate":"https:\/\/qqpets.com\/?s={search_term_string}"},"query-input":{"@type":"PropertyValueSpecification","valueRequired":true,"valueName":"search_term_string"}}],"inLanguage":"pl-PL"},{"@type":"Organization","@id":"https:\/\/qqpets.com\/#organization","name":"QQPETS","url":"https:\/\/qqpets.com\/","logo":{"@type":"ImageObject","inLanguage":"pl-PL","@id":"https:\/\/qqpets.com\/#\/schema\/logo\/image\/","url":"https:\/\/qqpets.com\/wp-content\/uploads\/2023\/09\/cropped-cropped-qqpets-tiktok.jpg","contentUrl":"https:\/\/qqpets.com\/wp-content\/uploads\/2023\/09\/cropped-cropped-qqpets-tiktok.jpg","width":511,"height":511,"caption":"QQPETS"},"image":{"@id":"https:\/\/qqpets.com\/#\/schema\/logo\/image\/"},"sameAs":["https:\/\/www.facebook.com\/QQpetsdogcollars","https:\/\/www.instagram.com\/qqpetscollar\/","https:\/\/www.pinterest.com\/qqpetsdogcollarsfactory\/"]}]}},"_links":{"self":[{"href":"https:\/\/qqpets.com\/pl\/wp-json\/wp\/v2\/product\/7740","targetHints":{"allow":["GET"]}}],"collection":[{"href":"https:\/\/qqpets.com\/pl\/wp-json\/wp\/v2\/product"}],"about":[{"href":"https:\/\/qqpets.com\/pl\/wp-json\/wp\/v2\/types\/product"}],"wp:featuredmedia":[{"embeddable":true,"href":"https:\/\/qqpets.com\/pl\/wp-json\/wp\/v2\/media\/7234"}],"wp:attachment":[{"href":"https:\/\/qqpets.com\/pl\/wp-json\/wp\/v2\/media?parent=7740"}],"wp:term":[{"taxonomy":"product_brand","embeddable":true,"href":"https:\/\/qqpets.com\/pl\/wp-json\/wp\/v2\/product_brand?post=7740"},{"taxonomy":"product_cat","embeddable":true,"href":"https:\/\/qqpets.com\/pl\/wp-json\/wp\/v2\/product_cat?post=7740"},{"taxonomy":"product_tag","embeddable":true,"href":"https:\/\/qqpets.com\/pl\/wp-json\/wp\/v2\/product_tag?post=7740"}],"curies":[{"name":"wp","href":"https:\/\/api.w.org\/{rel}","templated":true}]}}