{"id":7748,"date":"2024-09-02T15:40:07","date_gmt":"2024-09-02T07:40:07","guid":{"rendered":"https:\/\/qqpets.com\/?post_type=product&#038;p=7748"},"modified":"2024-09-03T16:47:29","modified_gmt":"2024-09-03T08:47:29","slug":"reflective-dog-collar","status":"publish","type":"product","link":"https:\/\/qqpets.com\/pl\/produkt\/reflective-dog-collar\/","title":{"rendered":"Odblaskowa obro\u017ca dla psa"},"content":{"rendered":"<p>Przedstawiamy nasz\u0105 odblaskow\u0105 obro\u017c\u0119 dla psa, niezb\u0119dne akcesorium bezpiecze\u0144stwa dla ka\u017cdego zwierzaka aktywnego wieczorem lub wczesnym rankiem. Ta obro\u017ca zosta\u0142a zaprojektowana tak, aby zmaksymalizowa\u0107 widoczno\u015b\u0107 psa w warunkach s\u0142abego o\u015bwietlenia, dzi\u0119ki wysokiej jako\u015bci materia\u0142owi odblaskowemu, kt\u00f3ry wy\u0142apuje \u015bwiat\u0142o z latarni ulicznych i reflektor\u00f3w, zapewniaj\u0105c, \u017ce s\u0105 one widoczne z daleka.<\/p>\n<p>Wykonana z trwa\u0142ych, wytrzyma\u0142ych materia\u0142\u00f3w, obro\u017ca wytrzymuje rygory codziennego u\u017cytkowania przy jednoczesnym zachowaniu komfortu. Regulowana konstrukcja pozwala na indywidualne dopasowanie, zapewniaj\u0105c, \u017ce obro\u017ca jest ciasna, ale wygodna dla psa, zapobiegaj\u0105c zsuwaniu si\u0119 i otarciom.<\/p>\n<p>Opr\u00f3cz funkcji odblaskowych, obro\u017ca ta jest wyposa\u017cona w wytrzyma\u0142\u0105 klamr\u0119 do bezpiecznego zapinania i solidny D-ring do niezawodnego mocowania smyczy. Niezale\u017cnie od tego, czy wybierasz si\u0119 na wieczorny spacer, czy poranny jogging, ta obro\u017ca zapewnia, \u017ce Tw\u00f3j zwierzak jest zawsze widoczny i bezpieczny.<\/p>\n<p>Nasza odblaskowa obro\u017ca dla psa jest nie tylko funkcjonalna, ale tak\u017ce stylowa. Dost\u0119pna w r\u00f3\u017cnych kolorach, pozwala wybra\u0107 idealne dopasowanie do osobowo\u015bci i stylu zwierz\u0119cia, dzi\u0119ki czemu jest doskona\u0142ym dodatkiem do jego garderoby. Jest to idealny wyb\u00f3r dla ka\u017cdego, kto chce zwi\u0119kszy\u0107 bezpiecze\u0144stwo swojego psa podczas codziennych czynno\u015bci, zapewniaj\u0105c po\u0142\u0105czenie bezpiecze\u0144stwa, stylu i spokoju ducha.<\/p>\n<h5><strong>Czy obro\u017ce odblaskowe s\u0105 dobre dla ps\u00f3w?<\/strong><\/h5>\n<p>Tak, obro\u017ce odblaskowe s\u0105 dobre dla ps\u00f3w, poniewa\u017c poprawiaj\u0105 widoczno\u015b\u0107 w warunkach s\u0142abego o\u015bwietlenia, takich jak wieczorne spacery lub mg\u0142a, zwi\u0119kszaj\u0105c bezpiecze\u0144stwo, czyni\u0105c psa bardziej widocznym dla kierowc\u00f3w i innych os\u00f3b.<\/p>\n<h5><strong>Czy mo\u017cna zrobi\u0107 odblaskow\u0105 obro\u017c\u0119 dla psa?<\/strong><\/h5>\n<p>Tak, mo\u017cesz sprawi\u0107, \u017ce obro\u017ca dla psa b\u0119dzie odblaskowa, dodaj\u0105c ta\u015bm\u0119 odblaskow\u0105 lub kupuj\u0105c lampki lub zawieszki odblaskowe, kt\u00f3re mo\u017cna przymocowa\u0107 do obro\u017cy.<\/p>\n<h5><strong>Czy \u015bwiec\u0105ce obro\u017ce dla ps\u00f3w s\u0105 bezpieczne?<\/strong><\/h5>\n<p>Tak, pod\u015bwietlane obro\u017ce dla ps\u00f3w s\u0105 og\u00f3lnie bezpieczne. Pomagaj\u0105 utrzyma\u0107 widoczno\u015b\u0107 psa w ciemno\u015bci. Nale\u017cy jednak upewni\u0107 si\u0119, \u017ce obro\u017ca jest prawid\u0142owo zamontowana, elementy \u015bwietlne s\u0105 bezpiecznie przymocowane, a obudowa baterii jest wodoodporna i zabezpieczona przed manipulacj\u0105, aby uniemo\u017cliwi\u0107 psu dost\u0119p do baterii.<\/p>\n<h5><strong>Czy obro\u017ce do \u015bledzenia ps\u00f3w s\u0105 tego warte?<\/strong><\/h5>\n<p>Obro\u017ce do \u015bledzenia ps\u00f3w mog\u0105 by\u0107 tego warte, szczeg\u00f3lnie dla w\u0142a\u015bcicieli zwierz\u0105t, kt\u00f3rzy mieszkaj\u0105 na obszarach wiejskich lub kt\u00f3rych psy maj\u0105 tendencj\u0119 do w\u0119drowania lub ucieczki. Obro\u017ce te wykorzystuj\u0105 GPS lub inn\u0105 technologi\u0119, aby pom\u00f3c zlokalizowa\u0107 psa, je\u015bli si\u0119 zgubi.<\/p>\n<h5><strong>Czy psy mog\u0105 nosi\u0107 obro\u017ce przez ca\u0142y czas?<\/strong><\/h5>\n<p>Og\u00f3lnie rzecz bior\u0105c, psy mog\u0105 bezpiecznie nosi\u0107 obro\u017ce przez ca\u0142y czas, o ile s\u0105 one dobrze dopasowane, wygodne i wykonane z niedra\u017cni\u0105cych materia\u0142\u00f3w. Wa\u017cne jest jednak, aby od czasu do czasu sprawdza\u0107 obro\u017c\u0119 pod k\u0105tem oznak zu\u017cycia lub podra\u017cnienia i zdejmowa\u0107 j\u0105 w bezpiecznym, zamkni\u0119tym otoczeniu, je\u015bli istnieje ryzyko zaczepienia.<\/p>\n<h5><strong>Jaka jest najlepsza obro\u017ca dla psa?<\/strong><\/h5>\n<p>Najlepsza obro\u017ca dla psa zale\u017cy od konkretnych potrzeb i aktywno\u015bci psa. Do og\u00f3lnego u\u017cytku cz\u0119sto zaleca si\u0119 p\u0142ask\u0105, regulowan\u0105 obro\u017c\u0119 nylonow\u0105 lub sk\u00f3rzan\u0105 ze wzgl\u0119du na jej trwa\u0142o\u015b\u0107, wygod\u0119 i \u0142atwo\u015b\u0107 u\u017cytkowania. Powinna mie\u0107 bezpieczn\u0105 klamr\u0119 i pier\u015bcie\u0144 do mocowania identyfikator\u00f3w i smyczy.<\/p>","protected":false},"excerpt":{"rendered":"<p>Zwi\u0119ksz bezpiecze\u0144stwo swojego psa w nocy dzi\u0119ki naszej odblaskowej obro\u017cy dla psa. Zaprojektowana z my\u015bl\u0105 o wysokiej widoczno\u015bci, ta obro\u017ca ma jasny materia\u0142 odblaskowy, kt\u00f3ry zapewnia, \u017ce zwierz\u0119 jest widoczne w warunkach s\u0142abego o\u015bwietlenia. Regulowana dla idealnego dopasowania, wykonana jest z trwa\u0142ych materia\u0142\u00f3w zapewniaj\u0105cych d\u0142ugotrwa\u0142e u\u017cytkowanie. Idealna na wieczorne spacery, \u0142\u0105czy bezpiecze\u0144stwo z komfortem, zapewniaj\u0105c spok\u00f3j ducha podczas ka\u017cdego wyj\u015bcia.<\/p>","protected":false},"featured_media":7673,"template":"","meta":[],"product_brand":[],"product_cat":[26],"product_tag":[],"class_list":{"0":"post-7748","1":"product","2":"type-product","3":"status-publish","4":"has-post-thumbnail","6":"product_cat-dog-collar","7":"pa_brand-qqpets","9":"first","10":"instock","11":"shipping-taxable","12":"product-type-simple"},"yoast_head":"<!-- This site is optimized with the Yoast SEO plugin v26.6 - https:\/\/yoast.com\/wordpress\/plugins\/seo\/ -->\n<title>Reflective Dog Collar | QQPETS<\/title>\n<meta name=\"description\" content=\"Boost nighttime safety with our Reflective Dog Collar. High visibility for evening walks. Secure and stylish!\" \/>\n<meta name=\"robots\" content=\"index, follow, max-snippet:-1, max-image-preview:large, max-video-preview:-1\" \/>\n<link rel=\"canonical\" href=\"https:\/\/qqpets.com\/pl\/produkt\/reflective-dog-collar\/\" \/>\n<meta property=\"og:locale\" content=\"pl_PL\" \/>\n<meta property=\"og:type\" content=\"article\" \/>\n<meta property=\"og:title\" content=\"Reflective Dog Collar | QQPETS\" \/>\n<meta property=\"og:description\" content=\"Boost nighttime safety with our Reflective Dog Collar. High visibility for evening walks. Secure and stylish!\" \/>\n<meta property=\"og:url\" content=\"https:\/\/qqpets.com\/pl\/produkt\/reflective-dog-collar\/\" \/>\n<meta property=\"og:site_name\" content=\"QQPETS\" \/>\n<meta property=\"article:publisher\" content=\"https:\/\/www.facebook.com\/QQpetsdogcollars\" \/>\n<meta property=\"article:modified_time\" content=\"2024-09-03T08:47:29+00:00\" \/>\n<meta property=\"og:image\" content=\"https:\/\/qqpets.com\/wp-content\/uploads\/2024\/08\/Adjustable-Print-Basic-Dog-Collar-1.webp\" \/>\n\t<meta property=\"og:image:width\" content=\"1600\" \/>\n\t<meta property=\"og:image:height\" content=\"1600\" \/>\n\t<meta property=\"og:image:type\" content=\"image\/webp\" \/>\n<meta name=\"twitter:card\" content=\"summary_large_image\" \/>\n<meta name=\"twitter:label1\" content=\"Szacowany czas czytania\" \/>\n\t<meta name=\"twitter:data1\" content=\"3 minuty\" \/>\n<script type=\"application\/ld+json\" class=\"yoast-schema-graph\">{\"@context\":\"https:\/\/schema.org\",\"@graph\":[{\"@type\":\"WebPage\",\"@id\":\"https:\/\/qqpets.com\/product\/reflective-dog-collar\/\",\"url\":\"https:\/\/qqpets.com\/product\/reflective-dog-collar\/\",\"name\":\"Reflective Dog Collar | QQPETS\",\"isPartOf\":{\"@id\":\"https:\/\/qqpets.com\/#website\"},\"primaryImageOfPage\":{\"@id\":\"https:\/\/qqpets.com\/product\/reflective-dog-collar\/#primaryimage\"},\"image\":{\"@id\":\"https:\/\/qqpets.com\/product\/reflective-dog-collar\/#primaryimage\"},\"thumbnailUrl\":\"https:\/\/qqpets.com\/wp-content\/uploads\/2024\/08\/Adjustable-Print-Basic-Dog-Collar-1.webp\",\"datePublished\":\"2024-09-02T07:40:07+00:00\",\"dateModified\":\"2024-09-03T08:47:29+00:00\",\"description\":\"Boost nighttime safety with our Reflective Dog Collar. High visibility for evening walks. Secure and stylish!\",\"breadcrumb\":{\"@id\":\"https:\/\/qqpets.com\/product\/reflective-dog-collar\/#breadcrumb\"},\"inLanguage\":\"pl-PL\",\"potentialAction\":[{\"@type\":\"ReadAction\",\"target\":[\"https:\/\/qqpets.com\/product\/reflective-dog-collar\/\"]}]},{\"@type\":\"ImageObject\",\"inLanguage\":\"pl-PL\",\"@id\":\"https:\/\/qqpets.com\/product\/reflective-dog-collar\/#primaryimage\",\"url\":\"https:\/\/qqpets.com\/wp-content\/uploads\/2024\/08\/Adjustable-Print-Basic-Dog-Collar-1.webp\",\"contentUrl\":\"https:\/\/qqpets.com\/wp-content\/uploads\/2024\/08\/Adjustable-Print-Basic-Dog-Collar-1.webp\",\"width\":1600,\"height\":1600},{\"@type\":\"BreadcrumbList\",\"@id\":\"https:\/\/qqpets.com\/product\/reflective-dog-collar\/#breadcrumb\",\"itemListElement\":[{\"@type\":\"ListItem\",\"position\":1,\"name\":\"Home\",\"item\":\"https:\/\/qqpets.com\/\"},{\"@type\":\"ListItem\",\"position\":2,\"name\":\"Products\",\"item\":\"https:\/\/qqpets.com\/pet-products-manufacturer\/\"},{\"@type\":\"ListItem\",\"position\":3,\"name\":\"Reflective Dog Collar\"}]},{\"@type\":\"WebSite\",\"@id\":\"https:\/\/qqpets.com\/#website\",\"url\":\"https:\/\/qqpets.com\/\",\"name\":\"QQPETS\",\"description\":\"QQPETS is a pet products factory for dog harnesses, dog collars, dog leashes and dog accessories with professional customized service since 2005.\",\"publisher\":{\"@id\":\"https:\/\/qqpets.com\/#organization\"},\"potentialAction\":[{\"@type\":\"SearchAction\",\"target\":{\"@type\":\"EntryPoint\",\"urlTemplate\":\"https:\/\/qqpets.com\/?s={search_term_string}\"},\"query-input\":{\"@type\":\"PropertyValueSpecification\",\"valueRequired\":true,\"valueName\":\"search_term_string\"}}],\"inLanguage\":\"pl-PL\"},{\"@type\":\"Organization\",\"@id\":\"https:\/\/qqpets.com\/#organization\",\"name\":\"QQPETS\",\"url\":\"https:\/\/qqpets.com\/\",\"logo\":{\"@type\":\"ImageObject\",\"inLanguage\":\"pl-PL\",\"@id\":\"https:\/\/qqpets.com\/#\/schema\/logo\/image\/\",\"url\":\"https:\/\/qqpets.com\/wp-content\/uploads\/2023\/09\/cropped-cropped-qqpets-tiktok.jpg\",\"contentUrl\":\"https:\/\/qqpets.com\/wp-content\/uploads\/2023\/09\/cropped-cropped-qqpets-tiktok.jpg\",\"width\":511,\"height\":511,\"caption\":\"QQPETS\"},\"image\":{\"@id\":\"https:\/\/qqpets.com\/#\/schema\/logo\/image\/\"},\"sameAs\":[\"https:\/\/www.facebook.com\/QQpetsdogcollars\",\"https:\/\/www.instagram.com\/qqpetscollar\/\",\"https:\/\/www.pinterest.com\/qqpetsdogcollarsfactory\/\"]}]}<\/script>\n<!-- \/ Yoast SEO plugin. -->","yoast_head_json":{"title":"Odblaskowa obro\u017ca dla psa | QQPETS","description":"Zwi\u0119ksz bezpiecze\u0144stwo w nocy dzi\u0119ki naszej odblaskowej obro\u017cy dla psa. Wysoka widoczno\u015b\u0107 podczas wieczornych spacer\u00f3w. Bezpieczna i stylowa!","robots":{"index":"index","follow":"follow","max-snippet":"max-snippet:-1","max-image-preview":"max-image-preview:large","max-video-preview":"max-video-preview:-1"},"canonical":"https:\/\/qqpets.com\/pl\/produkt\/reflective-dog-collar\/","og_locale":"pl_PL","og_type":"article","og_title":"Reflective Dog Collar | QQPETS","og_description":"Boost nighttime safety with our Reflective Dog Collar. High visibility for evening walks. Secure and stylish!","og_url":"https:\/\/qqpets.com\/pl\/produkt\/reflective-dog-collar\/","og_site_name":"QQPETS","article_publisher":"https:\/\/www.facebook.com\/QQpetsdogcollars","article_modified_time":"2024-09-03T08:47:29+00:00","og_image":[{"width":1600,"height":1600,"url":"https:\/\/qqpets.com\/wp-content\/uploads\/2024\/08\/Adjustable-Print-Basic-Dog-Collar-1.webp","type":"image\/webp"}],"twitter_card":"summary_large_image","twitter_misc":{"Szacowany czas czytania":"3 minuty"},"schema":{"@context":"https:\/\/schema.org","@graph":[{"@type":"WebPage","@id":"https:\/\/qqpets.com\/product\/reflective-dog-collar\/","url":"https:\/\/qqpets.com\/product\/reflective-dog-collar\/","name":"Odblaskowa obro\u017ca dla psa | QQPETS","isPartOf":{"@id":"https:\/\/qqpets.com\/#website"},"primaryImageOfPage":{"@id":"https:\/\/qqpets.com\/product\/reflective-dog-collar\/#primaryimage"},"image":{"@id":"https:\/\/qqpets.com\/product\/reflective-dog-collar\/#primaryimage"},"thumbnailUrl":"https:\/\/qqpets.com\/wp-content\/uploads\/2024\/08\/Adjustable-Print-Basic-Dog-Collar-1.webp","datePublished":"2024-09-02T07:40:07+00:00","dateModified":"2024-09-03T08:47:29+00:00","description":"Zwi\u0119ksz bezpiecze\u0144stwo w nocy dzi\u0119ki naszej odblaskowej obro\u017cy dla psa. Wysoka widoczno\u015b\u0107 podczas wieczornych spacer\u00f3w. Bezpieczna i stylowa!","breadcrumb":{"@id":"https:\/\/qqpets.com\/product\/reflective-dog-collar\/#breadcrumb"},"inLanguage":"pl-PL","potentialAction":[{"@type":"ReadAction","target":["https:\/\/qqpets.com\/product\/reflective-dog-collar\/"]}]},{"@type":"ImageObject","inLanguage":"pl-PL","@id":"https:\/\/qqpets.com\/product\/reflective-dog-collar\/#primaryimage","url":"https:\/\/qqpets.com\/wp-content\/uploads\/2024\/08\/Adjustable-Print-Basic-Dog-Collar-1.webp","contentUrl":"https:\/\/qqpets.com\/wp-content\/uploads\/2024\/08\/Adjustable-Print-Basic-Dog-Collar-1.webp","width":1600,"height":1600},{"@type":"BreadcrumbList","@id":"https:\/\/qqpets.com\/product\/reflective-dog-collar\/#breadcrumb","itemListElement":[{"@type":"ListItem","position":1,"name":"Home","item":"https:\/\/qqpets.com\/"},{"@type":"ListItem","position":2,"name":"Products","item":"https:\/\/qqpets.com\/pet-products-manufacturer\/"},{"@type":"ListItem","position":3,"name":"Reflective Dog Collar"}]},{"@type":"WebSite","@id":"https:\/\/qqpets.com\/#website","url":"https:\/\/qqpets.com\/","name":"QQPETS","description":"QQPETS to fabryka uprz\u0119\u017cy dla ps\u00f3w, obro\u017cy dla ps\u00f3w, smyczy dla ps\u00f3w i akcesori\u00f3w dla ps\u00f3w z profesjonaln\u0105 obs\u0142ug\u0105 dostosowan\u0105 do potrzeb klienta od 2005 roku.","publisher":{"@id":"https:\/\/qqpets.com\/#organization"},"potentialAction":[{"@type":"SearchAction","target":{"@type":"EntryPoint","urlTemplate":"https:\/\/qqpets.com\/?s={search_term_string}"},"query-input":{"@type":"PropertyValueSpecification","valueRequired":true,"valueName":"search_term_string"}}],"inLanguage":"pl-PL"},{"@type":"Organization","@id":"https:\/\/qqpets.com\/#organization","name":"QQPETS","url":"https:\/\/qqpets.com\/","logo":{"@type":"ImageObject","inLanguage":"pl-PL","@id":"https:\/\/qqpets.com\/#\/schema\/logo\/image\/","url":"https:\/\/qqpets.com\/wp-content\/uploads\/2023\/09\/cropped-cropped-qqpets-tiktok.jpg","contentUrl":"https:\/\/qqpets.com\/wp-content\/uploads\/2023\/09\/cropped-cropped-qqpets-tiktok.jpg","width":511,"height":511,"caption":"QQPETS"},"image":{"@id":"https:\/\/qqpets.com\/#\/schema\/logo\/image\/"},"sameAs":["https:\/\/www.facebook.com\/QQpetsdogcollars","https:\/\/www.instagram.com\/qqpetscollar\/","https:\/\/www.pinterest.com\/qqpetsdogcollarsfactory\/"]}]}},"_links":{"self":[{"href":"https:\/\/qqpets.com\/pl\/wp-json\/wp\/v2\/product\/7748","targetHints":{"allow":["GET"]}}],"collection":[{"href":"https:\/\/qqpets.com\/pl\/wp-json\/wp\/v2\/product"}],"about":[{"href":"https:\/\/qqpets.com\/pl\/wp-json\/wp\/v2\/types\/product"}],"wp:featuredmedia":[{"embeddable":true,"href":"https:\/\/qqpets.com\/pl\/wp-json\/wp\/v2\/media\/7673"}],"wp:attachment":[{"href":"https:\/\/qqpets.com\/pl\/wp-json\/wp\/v2\/media?parent=7748"}],"wp:term":[{"taxonomy":"product_brand","embeddable":true,"href":"https:\/\/qqpets.com\/pl\/wp-json\/wp\/v2\/product_brand?post=7748"},{"taxonomy":"product_cat","embeddable":true,"href":"https:\/\/qqpets.com\/pl\/wp-json\/wp\/v2\/product_cat?post=7748"},{"taxonomy":"product_tag","embeddable":true,"href":"https:\/\/qqpets.com\/pl\/wp-json\/wp\/v2\/product_tag?post=7748"}],"curies":[{"name":"wp","href":"https:\/\/api.w.org\/{rel}","templated":true}]}}