{"id":7762,"date":"2024-09-02T16:36:21","date_gmt":"2024-09-02T08:36:21","guid":{"rendered":"https:\/\/qqpets.com\/?post_type=product&#038;p=7762"},"modified":"2024-09-02T16:36:21","modified_gmt":"2024-09-02T08:36:21","slug":"nylon-dog-collar","status":"publish","type":"product","link":"https:\/\/qqpets.com\/pl\/produkt\/nylon-dog-collar\/","title":{"rendered":"Nylonowa obro\u017ca dla psa"},"content":{"rendered":"<p>Nylonowa obro\u017ca dla psa to po\u0142\u0105czenie komfortu, stylu i trwa\u0142o\u015bci w codziennej rutynie Twojego pupila. Ta wysokiej jako\u015bci obro\u017ca zosta\u0142a wykonana z wysokiej jako\u015bci nylonu, znanego ze swojej wytrzyma\u0142o\u015bci i d\u0142ugowieczno\u015bci. Lekka konstrukcja sprawia, \u017ce zwierz\u0119 nosi j\u0105 wygodnie przez ca\u0142y dzie\u0144, zar\u00f3wno w domu, na spacerze, jak i podczas zabawy.<\/p>\n<p>Regulowana obro\u017ca pozwala na precyzyjne dopasowanie do ps\u00f3w wszystkich rozmiar\u00f3w i ras. \u0141atwa w u\u017cyciu klamra sprawia, \u017ce zak\u0142adanie i zdejmowanie obro\u017cy jest dziecinnie proste, zapewniaj\u0105c bezproblemowe do\u015bwiadczenie zar\u00f3wno dla zwierz\u0119cia, jak i w\u0142a\u015bciciela.<\/p>\n<p>Wyposa\u017cona w solidny D-ring, nasza obro\u017ca zapewnia bezpieczny punkt mocowania smyczy, dzi\u0119ki czemu idealnie nadaje si\u0119 do codziennych spacer\u00f3w i sesji treningowych. Wytrzyma\u0142o\u015b\u0107 nylonu zapewnia, \u017ce wytrzymuje on nacisk, zapewniaj\u0105c spok\u00f3j ducha, wiedz\u0105c, \u017ce zwierz\u0119 jest bezpiecznie zabezpieczone.<\/p>\n<p>Dost\u0119pna w wielu \u017cywych kolorach, nasza nylonowa obro\u017ca dla psa pozwala spersonalizowa\u0107 wygl\u0105d zwierz\u0119cia. Niezale\u017cnie od tego, czy wolisz klasyczne, czy jasne odcienie, mo\u017cesz znale\u017a\u0107 idealny kolor, kt\u00f3ry odzwierciedli osobowo\u015b\u0107 i styl Twojego psa.<\/p>\n<p>Nasza nylonowa obro\u017ca dla psa, idealna dla w\u0142a\u015bcicieli zwierz\u0105t szukaj\u0105cych niezawodnej, bezproblemowej obro\u017cy, oferuje praktyczne rozwi\u0105zanie, kt\u00f3re nie ust\u0119puje jako\u015bci\u0105 ani estetyk\u0105. Wyposa\u017c swojego pupila w to niezb\u0119dne akcesorium podczas codziennych przyg\u00f3d i ciesz si\u0119 idealnym po\u0142\u0105czeniem funkcjonalno\u015bci i mody.<\/p>\n<h5><strong>Czy obro\u017ce nylonowe s\u0105 dobre dla ps\u00f3w?<\/strong><\/h5>\n<p>Tak, nylonowe obro\u017ce s\u0105 dobre dla ps\u00f3w, poniewa\u017c s\u0105 trwa\u0142e, lekkie i dost\u0119pne w r\u00f3\u017cnych kolorach i stylach. S\u0105 r\u00f3wnie\u017c \u0142atwe w czyszczeniu i konserwacji, co czyni je popularnym wyborem do codziennego u\u017cytku.<\/p>\n<h5><strong>Jaki materia\u0142 jest najlepszy na obro\u017ce dla ps\u00f3w?<\/strong><\/h5>\n<p>Najlepszy materia\u0142 na obro\u017c\u0119 dla psa zale\u017cy od jego potrzeb i aktywno\u015bci. Nylon jest \u015bwietny ze wzgl\u0119du na trwa\u0142o\u015b\u0107 i \u0142atwo\u015b\u0107 konserwacji, podczas gdy sk\u00f3ra jest preferowana ze wzgl\u0119du na swoj\u0105 wytrzyma\u0142o\u015b\u0107 i estetyk\u0119. W przypadku wra\u017cliwej sk\u00f3ry, materia\u0142y takie jak bawe\u0142na lub konopie mog\u0105 by\u0107 bardziej odpowiednie ze wzgl\u0119du na ich naturalne i hipoalergiczne w\u0142a\u015bciwo\u015bci.<\/p>\n<h5><strong>Czy tkanina nylonowa jest bezpieczna dla ps\u00f3w?<\/strong><\/h5>\n<p>Tak, tkanina nylonowa jest bezpieczna dla ps\u00f3w. Jest to mocny, wytrzyma\u0142y materia\u0142, kt\u00f3ry jest odporny na zu\u017cycie. Nale\u017cy jednak upewni\u0107 si\u0119, \u017ce obro\u017ca jest odpowiednio dopasowana, aby unikn\u0105\u0107 podra\u017cnie\u0144 lub otar\u0107, zw\u0142aszcza je\u015bli pies ma wra\u017cliw\u0105 sk\u00f3r\u0119.<\/p>\n<h5><strong>Jaki rodzaj obro\u017cy jest najlepszy dla psa?<\/strong><\/h5>\n<p>Najlepszy rodzaj obro\u017cy dla psa to taki, kt\u00f3ry dobrze pasuje, jest wykonany z wygodnego materia\u0142u i pasuje do wielko\u015bci, rasy i stylu \u017cycia psa. P\u0142askie obro\u017ce s\u0105 zazwyczaj odpowiednie dla wi\u0119kszo\u015bci ps\u00f3w i aktywno\u015bci.<\/p>\n<h5><strong>Jaki rodzaj obro\u017cy polecaj\u0105 weterynarze?<\/strong><\/h5>\n<p>Weterynarze zazwyczaj zalecaj\u0105 p\u0142askie obro\u017ce wykonane z trwa\u0142ych materia\u0142\u00f3w, takich jak nylon lub sk\u00f3ra, wyposa\u017cone w szybko odpinan\u0105 klamr\u0119 dla bezpiecze\u0144stwa. Zalecaj\u0105 r\u00f3wnie\u017c obro\u017ce, kt\u00f3re s\u0105 wystarczaj\u0105co szerokie, aby r\u00f3wnomiernie roz\u0142o\u017cy\u0107 nacisk i nie s\u0105 zbyt ciasne, aby unikn\u0105\u0107 zad\u0142awienia lub dyskomfortu.<\/p>\n<h5><strong>Jaki jest najmocniejszy materia\u0142 na smycz dla psa?<\/strong><\/h5>\n<p>Najtrwalszymi materia\u0142ami na smycze dla ps\u00f3w s\u0105 nylon i sk\u00f3ra. Smycze nylonowe s\u0105 znane ze swojej wytrzyma\u0142o\u015bci i odporno\u015bci na warunki atmosferyczne i zu\u017cycie, podczas gdy smycze sk\u00f3rzane s\u0105 preferowane ze wzgl\u0119du na ich trwa\u0142o\u015b\u0107 i naturalne odczucia, szczeg\u00f3lnie w przypadku silnych ps\u00f3w ci\u0105gn\u0105cych.<\/p>","protected":false},"excerpt":{"rendered":"<p>Wybierz trwa\u0142o\u015b\u0107 i styl dzi\u0119ki naszej nylonowej obro\u017cy dla psa. Zaprojektowana do codziennego noszenia, ma solidn\u0105 nylonow\u0105 konstrukcj\u0119 z regulowan\u0105 klamr\u0105 dla idealnego dopasowania. Obro\u017ca jest zar\u00f3wno lekka, jak i wytrzyma\u0142a, zapewniaj\u0105c komfort i niezawodno\u015b\u0107. Idealna dla wszystkich ras, zawiera wytrzyma\u0142y D-ring do bezpiecznego mocowania smyczy. Dost\u0119pna w r\u00f3\u017cnych kolorach, aby dopasowa\u0107 si\u0119 do osobowo\u015bci Twojego zwierzaka.<\/p>","protected":false},"featured_media":7235,"template":"","meta":[],"product_brand":[],"product_cat":[26],"product_tag":[],"class_list":{"0":"post-7762","1":"product","2":"type-product","3":"status-publish","4":"has-post-thumbnail","6":"product_cat-dog-collar","7":"pa_brand-qqpets","9":"first","10":"instock","11":"shipping-taxable","12":"product-type-simple"},"yoast_head":"<!-- This site is optimized with the Yoast SEO plugin v26.6 - https:\/\/yoast.com\/wordpress\/plugins\/seo\/ -->\n<title>Nylon Dog Collar | QQPETS<\/title>\n<meta name=\"description\" content=\"Durable Nylon Dog Collar for everyday use. Comfortable, adjustable, and stylish. Perfect for all breeds!\" \/>\n<meta name=\"robots\" content=\"index, follow, max-snippet:-1, max-image-preview:large, max-video-preview:-1\" \/>\n<link rel=\"canonical\" href=\"https:\/\/qqpets.com\/pl\/produkt\/nylon-dog-collar\/\" \/>\n<meta property=\"og:locale\" content=\"pl_PL\" \/>\n<meta property=\"og:type\" content=\"article\" \/>\n<meta property=\"og:title\" content=\"Nylon Dog Collar | QQPETS\" \/>\n<meta property=\"og:description\" content=\"Durable Nylon Dog Collar for everyday use. Comfortable, adjustable, and stylish. Perfect for all breeds!\" \/>\n<meta property=\"og:url\" content=\"https:\/\/qqpets.com\/pl\/produkt\/nylon-dog-collar\/\" \/>\n<meta property=\"og:site_name\" content=\"QQPETS\" \/>\n<meta property=\"article:publisher\" content=\"https:\/\/www.facebook.com\/QQpetsdogcollars\" \/>\n<meta property=\"og:image\" content=\"https:\/\/qqpets.com\/wp-content\/uploads\/2023\/09\/black-nylon-dog-collar.webp\" \/>\n\t<meta property=\"og:image:width\" content=\"1280\" \/>\n\t<meta property=\"og:image:height\" content=\"1280\" \/>\n\t<meta property=\"og:image:type\" content=\"image\/webp\" \/>\n<meta name=\"twitter:card\" content=\"summary_large_image\" \/>\n<meta name=\"twitter:label1\" content=\"Szacowany czas czytania\" \/>\n\t<meta name=\"twitter:data1\" content=\"3 minuty\" \/>\n<script type=\"application\/ld+json\" class=\"yoast-schema-graph\">{\"@context\":\"https:\/\/schema.org\",\"@graph\":[{\"@type\":\"WebPage\",\"@id\":\"https:\/\/qqpets.com\/product\/nylon-dog-collar\/\",\"url\":\"https:\/\/qqpets.com\/product\/nylon-dog-collar\/\",\"name\":\"Nylon Dog Collar | QQPETS\",\"isPartOf\":{\"@id\":\"https:\/\/qqpets.com\/#website\"},\"primaryImageOfPage\":{\"@id\":\"https:\/\/qqpets.com\/product\/nylon-dog-collar\/#primaryimage\"},\"image\":{\"@id\":\"https:\/\/qqpets.com\/product\/nylon-dog-collar\/#primaryimage\"},\"thumbnailUrl\":\"https:\/\/qqpets.com\/wp-content\/uploads\/2023\/09\/black-nylon-dog-collar.webp\",\"datePublished\":\"2024-09-02T08:36:21+00:00\",\"description\":\"Durable Nylon Dog Collar for everyday use. Comfortable, adjustable, and stylish. Perfect for all breeds!\",\"breadcrumb\":{\"@id\":\"https:\/\/qqpets.com\/product\/nylon-dog-collar\/#breadcrumb\"},\"inLanguage\":\"pl-PL\",\"potentialAction\":[{\"@type\":\"ReadAction\",\"target\":[\"https:\/\/qqpets.com\/product\/nylon-dog-collar\/\"]}]},{\"@type\":\"ImageObject\",\"inLanguage\":\"pl-PL\",\"@id\":\"https:\/\/qqpets.com\/product\/nylon-dog-collar\/#primaryimage\",\"url\":\"https:\/\/qqpets.com\/wp-content\/uploads\/2023\/09\/black-nylon-dog-collar.webp\",\"contentUrl\":\"https:\/\/qqpets.com\/wp-content\/uploads\/2023\/09\/black-nylon-dog-collar.webp\",\"width\":1280,\"height\":1280,\"caption\":\"black-nylon-dog-collar\"},{\"@type\":\"BreadcrumbList\",\"@id\":\"https:\/\/qqpets.com\/product\/nylon-dog-collar\/#breadcrumb\",\"itemListElement\":[{\"@type\":\"ListItem\",\"position\":1,\"name\":\"Home\",\"item\":\"https:\/\/qqpets.com\/\"},{\"@type\":\"ListItem\",\"position\":2,\"name\":\"Products\",\"item\":\"https:\/\/qqpets.com\/pet-products-manufacturer\/\"},{\"@type\":\"ListItem\",\"position\":3,\"name\":\"Nylon Dog Collar\"}]},{\"@type\":\"WebSite\",\"@id\":\"https:\/\/qqpets.com\/#website\",\"url\":\"https:\/\/qqpets.com\/\",\"name\":\"QQPETS\",\"description\":\"QQPETS is a pet products factory for dog harnesses, dog collars, dog leashes and dog accessories with professional customized service since 2005.\",\"publisher\":{\"@id\":\"https:\/\/qqpets.com\/#organization\"},\"potentialAction\":[{\"@type\":\"SearchAction\",\"target\":{\"@type\":\"EntryPoint\",\"urlTemplate\":\"https:\/\/qqpets.com\/?s={search_term_string}\"},\"query-input\":{\"@type\":\"PropertyValueSpecification\",\"valueRequired\":true,\"valueName\":\"search_term_string\"}}],\"inLanguage\":\"pl-PL\"},{\"@type\":\"Organization\",\"@id\":\"https:\/\/qqpets.com\/#organization\",\"name\":\"QQPETS\",\"url\":\"https:\/\/qqpets.com\/\",\"logo\":{\"@type\":\"ImageObject\",\"inLanguage\":\"pl-PL\",\"@id\":\"https:\/\/qqpets.com\/#\/schema\/logo\/image\/\",\"url\":\"https:\/\/qqpets.com\/wp-content\/uploads\/2023\/09\/cropped-cropped-qqpets-tiktok.jpg\",\"contentUrl\":\"https:\/\/qqpets.com\/wp-content\/uploads\/2023\/09\/cropped-cropped-qqpets-tiktok.jpg\",\"width\":511,\"height\":511,\"caption\":\"QQPETS\"},\"image\":{\"@id\":\"https:\/\/qqpets.com\/#\/schema\/logo\/image\/\"},\"sameAs\":[\"https:\/\/www.facebook.com\/QQpetsdogcollars\",\"https:\/\/www.instagram.com\/qqpetscollar\/\",\"https:\/\/www.pinterest.com\/qqpetsdogcollarsfactory\/\"]}]}<\/script>\n<!-- \/ Yoast SEO plugin. -->","yoast_head_json":{"title":"Nylonowa obro\u017ca dla psa | QQPETS","description":"Wytrzyma\u0142a nylonowa obro\u017ca dla psa do codziennego u\u017cytku. Wygodna, regulowana i stylowa. Idealna dla wszystkich ras!","robots":{"index":"index","follow":"follow","max-snippet":"max-snippet:-1","max-image-preview":"max-image-preview:large","max-video-preview":"max-video-preview:-1"},"canonical":"https:\/\/qqpets.com\/pl\/produkt\/nylon-dog-collar\/","og_locale":"pl_PL","og_type":"article","og_title":"Nylon Dog Collar | QQPETS","og_description":"Durable Nylon Dog Collar for everyday use. Comfortable, adjustable, and stylish. Perfect for all breeds!","og_url":"https:\/\/qqpets.com\/pl\/produkt\/nylon-dog-collar\/","og_site_name":"QQPETS","article_publisher":"https:\/\/www.facebook.com\/QQpetsdogcollars","og_image":[{"width":1280,"height":1280,"url":"https:\/\/qqpets.com\/wp-content\/uploads\/2023\/09\/black-nylon-dog-collar.webp","type":"image\/webp"}],"twitter_card":"summary_large_image","twitter_misc":{"Szacowany czas czytania":"3 minuty"},"schema":{"@context":"https:\/\/schema.org","@graph":[{"@type":"WebPage","@id":"https:\/\/qqpets.com\/product\/nylon-dog-collar\/","url":"https:\/\/qqpets.com\/product\/nylon-dog-collar\/","name":"Nylonowa obro\u017ca dla psa | QQPETS","isPartOf":{"@id":"https:\/\/qqpets.com\/#website"},"primaryImageOfPage":{"@id":"https:\/\/qqpets.com\/product\/nylon-dog-collar\/#primaryimage"},"image":{"@id":"https:\/\/qqpets.com\/product\/nylon-dog-collar\/#primaryimage"},"thumbnailUrl":"https:\/\/qqpets.com\/wp-content\/uploads\/2023\/09\/black-nylon-dog-collar.webp","datePublished":"2024-09-02T08:36:21+00:00","description":"Wytrzyma\u0142a nylonowa obro\u017ca dla psa do codziennego u\u017cytku. Wygodna, regulowana i stylowa. Idealna dla wszystkich ras!","breadcrumb":{"@id":"https:\/\/qqpets.com\/product\/nylon-dog-collar\/#breadcrumb"},"inLanguage":"pl-PL","potentialAction":[{"@type":"ReadAction","target":["https:\/\/qqpets.com\/product\/nylon-dog-collar\/"]}]},{"@type":"ImageObject","inLanguage":"pl-PL","@id":"https:\/\/qqpets.com\/product\/nylon-dog-collar\/#primaryimage","url":"https:\/\/qqpets.com\/wp-content\/uploads\/2023\/09\/black-nylon-dog-collar.webp","contentUrl":"https:\/\/qqpets.com\/wp-content\/uploads\/2023\/09\/black-nylon-dog-collar.webp","width":1280,"height":1280,"caption":"black-nylon-dog-collar"},{"@type":"BreadcrumbList","@id":"https:\/\/qqpets.com\/product\/nylon-dog-collar\/#breadcrumb","itemListElement":[{"@type":"ListItem","position":1,"name":"Home","item":"https:\/\/qqpets.com\/"},{"@type":"ListItem","position":2,"name":"Products","item":"https:\/\/qqpets.com\/pet-products-manufacturer\/"},{"@type":"ListItem","position":3,"name":"Nylon Dog Collar"}]},{"@type":"WebSite","@id":"https:\/\/qqpets.com\/#website","url":"https:\/\/qqpets.com\/","name":"QQPETS","description":"QQPETS to fabryka uprz\u0119\u017cy dla ps\u00f3w, obro\u017cy dla ps\u00f3w, smyczy dla ps\u00f3w i akcesori\u00f3w dla ps\u00f3w z profesjonaln\u0105 obs\u0142ug\u0105 dostosowan\u0105 do potrzeb klienta od 2005 roku.","publisher":{"@id":"https:\/\/qqpets.com\/#organization"},"potentialAction":[{"@type":"SearchAction","target":{"@type":"EntryPoint","urlTemplate":"https:\/\/qqpets.com\/?s={search_term_string}"},"query-input":{"@type":"PropertyValueSpecification","valueRequired":true,"valueName":"search_term_string"}}],"inLanguage":"pl-PL"},{"@type":"Organization","@id":"https:\/\/qqpets.com\/#organization","name":"QQPETS","url":"https:\/\/qqpets.com\/","logo":{"@type":"ImageObject","inLanguage":"pl-PL","@id":"https:\/\/qqpets.com\/#\/schema\/logo\/image\/","url":"https:\/\/qqpets.com\/wp-content\/uploads\/2023\/09\/cropped-cropped-qqpets-tiktok.jpg","contentUrl":"https:\/\/qqpets.com\/wp-content\/uploads\/2023\/09\/cropped-cropped-qqpets-tiktok.jpg","width":511,"height":511,"caption":"QQPETS"},"image":{"@id":"https:\/\/qqpets.com\/#\/schema\/logo\/image\/"},"sameAs":["https:\/\/www.facebook.com\/QQpetsdogcollars","https:\/\/www.instagram.com\/qqpetscollar\/","https:\/\/www.pinterest.com\/qqpetsdogcollarsfactory\/"]}]}},"_links":{"self":[{"href":"https:\/\/qqpets.com\/pl\/wp-json\/wp\/v2\/product\/7762","targetHints":{"allow":["GET"]}}],"collection":[{"href":"https:\/\/qqpets.com\/pl\/wp-json\/wp\/v2\/product"}],"about":[{"href":"https:\/\/qqpets.com\/pl\/wp-json\/wp\/v2\/types\/product"}],"wp:featuredmedia":[{"embeddable":true,"href":"https:\/\/qqpets.com\/pl\/wp-json\/wp\/v2\/media\/7235"}],"wp:attachment":[{"href":"https:\/\/qqpets.com\/pl\/wp-json\/wp\/v2\/media?parent=7762"}],"wp:term":[{"taxonomy":"product_brand","embeddable":true,"href":"https:\/\/qqpets.com\/pl\/wp-json\/wp\/v2\/product_brand?post=7762"},{"taxonomy":"product_cat","embeddable":true,"href":"https:\/\/qqpets.com\/pl\/wp-json\/wp\/v2\/product_cat?post=7762"},{"taxonomy":"product_tag","embeddable":true,"href":"https:\/\/qqpets.com\/pl\/wp-json\/wp\/v2\/product_tag?post=7762"}],"curies":[{"name":"wp","href":"https:\/\/api.w.org\/{rel}","templated":true}]}}