{"id":7768,"date":"2024-09-02T17:28:21","date_gmt":"2024-09-02T09:28:21","guid":{"rendered":"https:\/\/qqpets.com\/?post_type=product&#038;p=7768"},"modified":"2024-11-13T14:14:56","modified_gmt":"2024-11-13T06:14:56","slug":"dog-collar-and-dog-leash-set-with-padded-handle","status":"publish","type":"product","link":"https:\/\/qqpets.com\/pl\/produkt\/dog-collar-and-dog-leash-set-with-padded-handle\/","title":{"rendered":"Treningowy zestaw odblaskowej obro\u017cy i smyczy dla psa"},"content":{"rendered":"<p>Przedstawiamy nasz wszechstronny zestaw odblaskowej obro\u017cy i smyczy dla psa z wy\u015bcie\u0142anym uchwytem, zaprojektowany z my\u015bl\u0105 o bezpiecze\u0144stwie, wygodzie i trwa\u0142o\u015bci. Ten niezb\u0119dny zestaw zapewnia, \u017ce Tw\u00f3j pies jest widoczny i bezpieczny podczas nocnych lub porannych spacer\u00f3w, dzi\u0119ki odblaskowym szwom, kt\u00f3re \u015bwiec\u0105 w s\u0142abym \u015bwietle, zwi\u0119kszaj\u0105c widoczno\u015b\u0107 zar\u00f3wno Ciebie, jak i Twojego zwierzaka dla innych.<\/p>\n<p>Obro\u017ca jest \u0142atwo regulowana, zapewniaj\u0105c dok\u0142adne dopasowanie, kt\u00f3re mo\u017ce pomie\u015bci\u0107 psy r\u00f3\u017cnych rozmiar\u00f3w i ras. Obro\u017ca wykonana jest z wysokiej jako\u015bci materia\u0142\u00f3w, kt\u00f3re s\u0105 odporne na rygory codziennego u\u017cytkowania, zapewniaj\u0105c jednocze\u015bnie komfort Twojemu zwierzakowi.<\/p>\n<p>Dopasowana smycz ma wygodnie wy\u015bcie\u0142an\u0105 r\u0105czk\u0119, zaprojektowan\u0105 tak, aby zapobiega\u0107 zm\u0119czeniu d\u0142oni i zapewnia\u0107 mi\u0119kki chwyt podczas d\u0142ugich spacer\u00f3w lub gdy pies ma tendencj\u0119 do ci\u0105gni\u0119cia. Cecha ta jest szczeg\u00f3lnie doceniana przez w\u0142a\u015bcicieli zwierz\u0105t, kt\u00f3rzy ceni\u0105 sobie wygod\u0119 i kontrol\u0119.<\/p>\n<p>Zar\u00f3wno obro\u017ca, jak i smycz s\u0105 wyposa\u017cone w wytrzyma\u0142y sprz\u0119t, kt\u00f3ry zapewnia trwa\u0142o\u015b\u0107 i niezawodno\u015b\u0107. Mocne zapi\u0119cia i karabi\u0144czyki utrzymuj\u0105 bezpieczne po\u0142\u0105czenie, daj\u0105c ci pewno\u015b\u0107 bezpiecze\u0144stwa twojego zwierzaka niezale\u017cnie od \u015brodowiska, kt\u00f3re odkrywasz.<\/p>\n<p>Idealny dla aktywnych ps\u00f3w i w\u0142a\u015bcicieli, kt\u00f3rzy lubi\u0105 wychodzi\u0107 wcze\u015bnie rano lub p\u00f3\u017ano w nocy, ten zestaw nie tylko zwi\u0119ksza bezpiecze\u0144stwo dzi\u0119ki odblaskowym w\u0142a\u015bciwo\u015bciom, ale tak\u017ce promuje wygodne i przyjemne spacery. Ulepsz nasz odblaskowy zestaw obro\u017cy i smyczy dla psa z wy\u015bcie\u0142anym uchwytem ju\u017c dzi\u015b, aby do\u015bwiadczy\u0107 najwy\u017cszej jako\u015bci niezb\u0119dnych akcesori\u00f3w do wyprowadzania zwierz\u0105t.<\/p>\n<h5><strong>Jaki rodzaj smyczy jest najlepszy dla ps\u00f3w?<\/strong><\/h5>\n<p>Najlepszy rodzaj smyczy zale\u017cy od wielko\u015bci psa, jego zachowania i \u015brodowiska spacerowego. W wi\u0119kszo\u015bci sytuacji standardowa nylonowa lub sk\u00f3rzana smycz o d\u0142ugo\u015bci oko\u0142o 6 st\u00f3p zapewnia dobr\u0105 kontrol\u0119 i trwa\u0142o\u015b\u0107. W przypadku szkolenia lub szczeg\u00f3lnych potrzeb w zakresie kontroli, zwijana smycz mo\u017ce zapewni\u0107 wi\u0119ksz\u0105 elastyczno\u015b\u0107.<\/p>\n<h5><strong>Czym jest smycz dla psa?<\/strong><\/h5>\n<p>Terminy \"smycz dla psa\" i \"smycz dla psa\" s\u0105 cz\u0119sto u\u017cywane zamiennie w odniesieniu do tego samego przedmiotu, kt\u00f3ry jest sznurkiem lub paskiem u\u017cywanym do kontrolowania psa poprzez przymocowanie go do obro\u017cy lub uprz\u0119\u017cy. Niekt\u00f3re konteksty mog\u0105 nieco si\u0119 r\u00f3\u017cni\u0107, gdzie \"smycz\" mo\u017ce odnosi\u0107 si\u0119 do kr\u00f3tszych smyczy u\u017cywanych g\u0142\u00f3wnie do bardziej bezpo\u015bredniej kontroli lub treningu.<\/p>\n<h5><strong>Czy dobrze jest prowadzi\u0107 psa na smyczy?<\/strong><\/h5>\n<p>Tak, prowadzenie psa na smyczy jest og\u00f3lnie dobre i cz\u0119sto konieczne dla bezpiecze\u0144stwa, kontroli i zgodno\u015bci z lokalnymi przepisami dotycz\u0105cymi smyczy. Zapobiega ona wbieganiu ps\u00f3w w niebezpieczne sytuacje, takie jak ruch uliczny lub niekontrolowane interakcje z innymi zwierz\u0119tami i lud\u017ami.<\/p>\n<h5><strong>Czy mo\u017cna ci\u0105gn\u0105\u0107 psa na smyczy?<\/strong><\/h5>\n<p>Nie zaleca si\u0119 ci\u0105gni\u0119cia psa na smyczy, poniewa\u017c mo\u017ce to prowadzi\u0107 do obra\u017ce\u0144, powodowa\u0107 stres i pogarsza\u0107 jego zachowanie. Zamiast tego nale\u017cy stosowa\u0107 delikatne wskaz\u00f3wki i techniki szkoleniowe, aby zach\u0119ci\u0107 psa do dobrego zachowania na smyczy.<\/p>\n<h5><strong>Jaka jest sztuczka #1, aby powstrzyma\u0107 psa przed ci\u0105gni\u0119ciem na smyczy?<\/strong><\/h5>\n<p>Jednym ze skutecznych sposob\u00f3w na powstrzymanie psa przed ci\u0105gni\u0119ciem jest technika \"zatrzymaj si\u0119 i id\u017a\". Je\u015bli pies zaczyna ci\u0105gn\u0105\u0107, po prostu przesta\u0144 i\u015b\u0107. Kontynuuj dopiero wtedy, gdy smycz zn\u00f3w b\u0119dzie lu\u017ana. Uczy to psa, \u017ce ci\u0105gni\u0119cie nie zmusi go do p\u00f3j\u015bcia naprz\u00f3d i \u017ce grzeczne chodzenie u twojego boku jest najlepszym sposobem na dotarcie tam, gdzie chce.<\/p>\n<h5><strong>Czy psy s\u0105 szcz\u0119\u015bliwsze na smyczy?<\/strong><\/h5>\n<p>Wiele ps\u00f3w jest szcz\u0119\u015bliwszych na smyczy, poniewa\u017c daje im to wi\u0119ksz\u0105 swobod\u0119 odkrywania i zabawy we w\u0142asnym tempie, co mo\u017ce by\u0107 \u015bwietne dla ich zdrowia psychicznego i fizycznego. Zale\u017cy to jednak od temperamentu psa, poziomu wyszkolenia i bezpiecze\u0144stwa otoczenia. Aktywno\u015b\u0107 poza smycz\u0105 powinna by\u0107 zawsze prowadzona w bezpiecznych, zamkni\u0119tych obszarach, o ile zezwalaj\u0105 na to lokalne przepisy.<\/p>","protected":false},"excerpt":{"rendered":"<p>Zapewnij bezpiecze\u0144stwo swojemu pupilowi dzi\u0119ki naszemu odblaskowemu zestawowi obro\u017cy i smyczy dla psa, wyposa\u017conemu w wy\u015bcie\u0142any uchwyt dla wygody. Zestaw ten zwi\u0119ksza widoczno\u015b\u0107 podczas spacer\u00f3w przy s\u0142abym o\u015bwietleniu dzi\u0119ki odblaskowym szwom. Obro\u017ca i smycz s\u0105 wykonane z trwa\u0142ych materia\u0142\u00f3w, regulowane dla idealnego dopasowania i zaprojektowane do codziennego u\u017cytku. Idealny na wieczorne spacery, mi\u0119kki wy\u015bcie\u0142any uchwyt zapewnia wygodny chwyt, zmniejszaj\u0105c obci\u0105\u017cenie d\u0142oni.<\/p>","protected":false},"featured_media":7774,"template":"","meta":[],"product_brand":[],"product_cat":[26,27],"product_tag":[],"class_list":{"0":"post-7768","1":"product","2":"type-product","3":"status-publish","4":"has-post-thumbnail","6":"product_cat-dog-collar","7":"product_cat-dog-leash","8":"pa_brand-qqpets","10":"first","11":"instock","12":"shipping-taxable","13":"product-type-simple"},"yoast_head":"<!-- This site is optimized with the Yoast SEO plugin v26.6 - https:\/\/yoast.com\/wordpress\/plugins\/seo\/ -->\n<title>Training Reflective Dog Collar And Dog Leash Set | QQPETS<\/title>\n<meta name=\"description\" content=\"Get the Reflective Dog Collar and Leash Set with a padded handle for comfortable, safe walks. Shop for visibility!\" \/>\n<meta name=\"robots\" content=\"index, follow, max-snippet:-1, max-image-preview:large, max-video-preview:-1\" \/>\n<link rel=\"canonical\" href=\"https:\/\/qqpets.com\/pl\/produkt\/dog-collar-and-dog-leash-set-with-padded-handle\/\" \/>\n<meta property=\"og:locale\" content=\"pl_PL\" \/>\n<meta property=\"og:type\" content=\"article\" \/>\n<meta property=\"og:title\" content=\"Training Reflective Dog Collar And Dog Leash Set | QQPETS\" \/>\n<meta property=\"og:description\" content=\"Get the Reflective Dog Collar and Leash Set with a padded handle for comfortable, safe walks. Shop for visibility!\" \/>\n<meta property=\"og:url\" content=\"https:\/\/qqpets.com\/pl\/produkt\/dog-collar-and-dog-leash-set-with-padded-handle\/\" \/>\n<meta property=\"og:site_name\" content=\"QQPETS\" \/>\n<meta property=\"article:publisher\" content=\"https:\/\/www.facebook.com\/QQpetsdogcollars\" \/>\n<meta property=\"article:modified_time\" content=\"2024-11-13T06:14:56+00:00\" \/>\n<meta property=\"og:image\" content=\"https:\/\/qqpets.com\/wp-content\/uploads\/2024\/09\/2_7_11zon_1_11zon.webp\" \/>\n\t<meta property=\"og:image:width\" content=\"1600\" \/>\n\t<meta property=\"og:image:height\" content=\"1600\" \/>\n\t<meta property=\"og:image:type\" content=\"image\/webp\" \/>\n<meta name=\"twitter:card\" content=\"summary_large_image\" \/>\n<meta name=\"twitter:label1\" content=\"Szacowany czas czytania\" \/>\n\t<meta name=\"twitter:data1\" content=\"3 minuty\" \/>\n<script type=\"application\/ld+json\" class=\"yoast-schema-graph\">{\"@context\":\"https:\/\/schema.org\",\"@graph\":[{\"@type\":\"WebPage\",\"@id\":\"https:\/\/qqpets.com\/product\/dog-collar-and-dog-leash-set-with-padded-handle\/\",\"url\":\"https:\/\/qqpets.com\/product\/dog-collar-and-dog-leash-set-with-padded-handle\/\",\"name\":\"Training Reflective Dog Collar And Dog Leash Set | QQPETS\",\"isPartOf\":{\"@id\":\"https:\/\/qqpets.com\/#website\"},\"primaryImageOfPage\":{\"@id\":\"https:\/\/qqpets.com\/product\/dog-collar-and-dog-leash-set-with-padded-handle\/#primaryimage\"},\"image\":{\"@id\":\"https:\/\/qqpets.com\/product\/dog-collar-and-dog-leash-set-with-padded-handle\/#primaryimage\"},\"thumbnailUrl\":\"https:\/\/qqpets.com\/wp-content\/uploads\/2024\/09\/2_7_11zon_1_11zon.webp\",\"datePublished\":\"2024-09-02T09:28:21+00:00\",\"dateModified\":\"2024-11-13T06:14:56+00:00\",\"description\":\"Get the Reflective Dog Collar and Leash Set with a padded handle for comfortable, safe walks. Shop for visibility!\",\"breadcrumb\":{\"@id\":\"https:\/\/qqpets.com\/product\/dog-collar-and-dog-leash-set-with-padded-handle\/#breadcrumb\"},\"inLanguage\":\"pl-PL\",\"potentialAction\":[{\"@type\":\"ReadAction\",\"target\":[\"https:\/\/qqpets.com\/product\/dog-collar-and-dog-leash-set-with-padded-handle\/\"]}]},{\"@type\":\"ImageObject\",\"inLanguage\":\"pl-PL\",\"@id\":\"https:\/\/qqpets.com\/product\/dog-collar-and-dog-leash-set-with-padded-handle\/#primaryimage\",\"url\":\"https:\/\/qqpets.com\/wp-content\/uploads\/2024\/09\/2_7_11zon_1_11zon.webp\",\"contentUrl\":\"https:\/\/qqpets.com\/wp-content\/uploads\/2024\/09\/2_7_11zon_1_11zon.webp\",\"width\":1600,\"height\":1600,\"caption\":\"Reflective Dog Collar and Dog Leash set\"},{\"@type\":\"BreadcrumbList\",\"@id\":\"https:\/\/qqpets.com\/product\/dog-collar-and-dog-leash-set-with-padded-handle\/#breadcrumb\",\"itemListElement\":[{\"@type\":\"ListItem\",\"position\":1,\"name\":\"Home\",\"item\":\"https:\/\/qqpets.com\/\"},{\"@type\":\"ListItem\",\"position\":2,\"name\":\"Products\",\"item\":\"https:\/\/qqpets.com\/pet-products-manufacturer\/\"},{\"@type\":\"ListItem\",\"position\":3,\"name\":\"Training Reflective Dog Collar And Dog Leash Set\"}]},{\"@type\":\"WebSite\",\"@id\":\"https:\/\/qqpets.com\/#website\",\"url\":\"https:\/\/qqpets.com\/\",\"name\":\"QQPETS\",\"description\":\"QQPETS is a pet products factory for dog harnesses, dog collars, dog leashes and dog accessories with professional customized service since 2005.\",\"publisher\":{\"@id\":\"https:\/\/qqpets.com\/#organization\"},\"potentialAction\":[{\"@type\":\"SearchAction\",\"target\":{\"@type\":\"EntryPoint\",\"urlTemplate\":\"https:\/\/qqpets.com\/?s={search_term_string}\"},\"query-input\":{\"@type\":\"PropertyValueSpecification\",\"valueRequired\":true,\"valueName\":\"search_term_string\"}}],\"inLanguage\":\"pl-PL\"},{\"@type\":\"Organization\",\"@id\":\"https:\/\/qqpets.com\/#organization\",\"name\":\"QQPETS\",\"url\":\"https:\/\/qqpets.com\/\",\"logo\":{\"@type\":\"ImageObject\",\"inLanguage\":\"pl-PL\",\"@id\":\"https:\/\/qqpets.com\/#\/schema\/logo\/image\/\",\"url\":\"https:\/\/qqpets.com\/wp-content\/uploads\/2023\/09\/cropped-cropped-qqpets-tiktok.jpg\",\"contentUrl\":\"https:\/\/qqpets.com\/wp-content\/uploads\/2023\/09\/cropped-cropped-qqpets-tiktok.jpg\",\"width\":511,\"height\":511,\"caption\":\"QQPETS\"},\"image\":{\"@id\":\"https:\/\/qqpets.com\/#\/schema\/logo\/image\/\"},\"sameAs\":[\"https:\/\/www.facebook.com\/QQpetsdogcollars\",\"https:\/\/www.instagram.com\/qqpetscollar\/\",\"https:\/\/www.pinterest.com\/qqpetsdogcollarsfactory\/\"]}]}<\/script>\n<!-- \/ Yoast SEO plugin. -->","yoast_head_json":{"title":"Treningowy zestaw odblaskowej obro\u017cy i smyczy dla psa | QQPETS","description":"Zestaw odblaskowej obro\u017cy i smyczy dla psa z wy\u015bcie\u0142anym uchwytem zapewnia wygodne i bezpieczne spacery. Kupuj z my\u015bl\u0105 o widoczno\u015bci!","robots":{"index":"index","follow":"follow","max-snippet":"max-snippet:-1","max-image-preview":"max-image-preview:large","max-video-preview":"max-video-preview:-1"},"canonical":"https:\/\/qqpets.com\/pl\/produkt\/dog-collar-and-dog-leash-set-with-padded-handle\/","og_locale":"pl_PL","og_type":"article","og_title":"Training Reflective Dog Collar And Dog Leash Set | QQPETS","og_description":"Get the Reflective Dog Collar and Leash Set with a padded handle for comfortable, safe walks. Shop for visibility!","og_url":"https:\/\/qqpets.com\/pl\/produkt\/dog-collar-and-dog-leash-set-with-padded-handle\/","og_site_name":"QQPETS","article_publisher":"https:\/\/www.facebook.com\/QQpetsdogcollars","article_modified_time":"2024-11-13T06:14:56+00:00","og_image":[{"width":1600,"height":1600,"url":"https:\/\/qqpets.com\/wp-content\/uploads\/2024\/09\/2_7_11zon_1_11zon.webp","type":"image\/webp"}],"twitter_card":"summary_large_image","twitter_misc":{"Szacowany czas czytania":"3 minuty"},"schema":{"@context":"https:\/\/schema.org","@graph":[{"@type":"WebPage","@id":"https:\/\/qqpets.com\/product\/dog-collar-and-dog-leash-set-with-padded-handle\/","url":"https:\/\/qqpets.com\/product\/dog-collar-and-dog-leash-set-with-padded-handle\/","name":"Treningowy zestaw odblaskowej obro\u017cy i smyczy dla psa | QQPETS","isPartOf":{"@id":"https:\/\/qqpets.com\/#website"},"primaryImageOfPage":{"@id":"https:\/\/qqpets.com\/product\/dog-collar-and-dog-leash-set-with-padded-handle\/#primaryimage"},"image":{"@id":"https:\/\/qqpets.com\/product\/dog-collar-and-dog-leash-set-with-padded-handle\/#primaryimage"},"thumbnailUrl":"https:\/\/qqpets.com\/wp-content\/uploads\/2024\/09\/2_7_11zon_1_11zon.webp","datePublished":"2024-09-02T09:28:21+00:00","dateModified":"2024-11-13T06:14:56+00:00","description":"Zestaw odblaskowej obro\u017cy i smyczy dla psa z wy\u015bcie\u0142anym uchwytem zapewnia wygodne i bezpieczne spacery. Kupuj z my\u015bl\u0105 o widoczno\u015bci!","breadcrumb":{"@id":"https:\/\/qqpets.com\/product\/dog-collar-and-dog-leash-set-with-padded-handle\/#breadcrumb"},"inLanguage":"pl-PL","potentialAction":[{"@type":"ReadAction","target":["https:\/\/qqpets.com\/product\/dog-collar-and-dog-leash-set-with-padded-handle\/"]}]},{"@type":"ImageObject","inLanguage":"pl-PL","@id":"https:\/\/qqpets.com\/product\/dog-collar-and-dog-leash-set-with-padded-handle\/#primaryimage","url":"https:\/\/qqpets.com\/wp-content\/uploads\/2024\/09\/2_7_11zon_1_11zon.webp","contentUrl":"https:\/\/qqpets.com\/wp-content\/uploads\/2024\/09\/2_7_11zon_1_11zon.webp","width":1600,"height":1600,"caption":"Reflective Dog Collar and Dog Leash set"},{"@type":"BreadcrumbList","@id":"https:\/\/qqpets.com\/product\/dog-collar-and-dog-leash-set-with-padded-handle\/#breadcrumb","itemListElement":[{"@type":"ListItem","position":1,"name":"Home","item":"https:\/\/qqpets.com\/"},{"@type":"ListItem","position":2,"name":"Products","item":"https:\/\/qqpets.com\/pet-products-manufacturer\/"},{"@type":"ListItem","position":3,"name":"Training Reflective Dog Collar And Dog Leash Set"}]},{"@type":"WebSite","@id":"https:\/\/qqpets.com\/#website","url":"https:\/\/qqpets.com\/","name":"QQPETS","description":"QQPETS to fabryka uprz\u0119\u017cy dla ps\u00f3w, obro\u017cy dla ps\u00f3w, smyczy dla ps\u00f3w i akcesori\u00f3w dla ps\u00f3w z profesjonaln\u0105 obs\u0142ug\u0105 dostosowan\u0105 do potrzeb klienta od 2005 roku.","publisher":{"@id":"https:\/\/qqpets.com\/#organization"},"potentialAction":[{"@type":"SearchAction","target":{"@type":"EntryPoint","urlTemplate":"https:\/\/qqpets.com\/?s={search_term_string}"},"query-input":{"@type":"PropertyValueSpecification","valueRequired":true,"valueName":"search_term_string"}}],"inLanguage":"pl-PL"},{"@type":"Organization","@id":"https:\/\/qqpets.com\/#organization","name":"QQPETS","url":"https:\/\/qqpets.com\/","logo":{"@type":"ImageObject","inLanguage":"pl-PL","@id":"https:\/\/qqpets.com\/#\/schema\/logo\/image\/","url":"https:\/\/qqpets.com\/wp-content\/uploads\/2023\/09\/cropped-cropped-qqpets-tiktok.jpg","contentUrl":"https:\/\/qqpets.com\/wp-content\/uploads\/2023\/09\/cropped-cropped-qqpets-tiktok.jpg","width":511,"height":511,"caption":"QQPETS"},"image":{"@id":"https:\/\/qqpets.com\/#\/schema\/logo\/image\/"},"sameAs":["https:\/\/www.facebook.com\/QQpetsdogcollars","https:\/\/www.instagram.com\/qqpetscollar\/","https:\/\/www.pinterest.com\/qqpetsdogcollarsfactory\/"]}]}},"_links":{"self":[{"href":"https:\/\/qqpets.com\/pl\/wp-json\/wp\/v2\/product\/7768","targetHints":{"allow":["GET"]}}],"collection":[{"href":"https:\/\/qqpets.com\/pl\/wp-json\/wp\/v2\/product"}],"about":[{"href":"https:\/\/qqpets.com\/pl\/wp-json\/wp\/v2\/types\/product"}],"wp:featuredmedia":[{"embeddable":true,"href":"https:\/\/qqpets.com\/pl\/wp-json\/wp\/v2\/media\/7774"}],"wp:attachment":[{"href":"https:\/\/qqpets.com\/pl\/wp-json\/wp\/v2\/media?parent=7768"}],"wp:term":[{"taxonomy":"product_brand","embeddable":true,"href":"https:\/\/qqpets.com\/pl\/wp-json\/wp\/v2\/product_brand?post=7768"},{"taxonomy":"product_cat","embeddable":true,"href":"https:\/\/qqpets.com\/pl\/wp-json\/wp\/v2\/product_cat?post=7768"},{"taxonomy":"product_tag","embeddable":true,"href":"https:\/\/qqpets.com\/pl\/wp-json\/wp\/v2\/product_tag?post=7768"}],"curies":[{"name":"wp","href":"https:\/\/api.w.org\/{rel}","templated":true}]}}