{"id":7780,"date":"2024-09-02T17:55:49","date_gmt":"2024-09-02T09:55:49","guid":{"rendered":"https:\/\/qqpets.com\/?post_type=product&#038;p=7780"},"modified":"2024-09-24T17:44:04","modified_gmt":"2024-09-24T09:44:04","slug":"gentle-leader-no-pull-dog-head-collar","status":"publish","type":"product","link":"https:\/\/qqpets.com\/pl\/produkt\/gentle-leader-no-pull-dog-head-collar\/","title":{"rendered":"Obro\u017ca dla psa Gentle Leader No Pull"},"content":{"rendered":"<p>Wprowad\u017a rewolucj\u0119 w szkoleniu i wyprowadzaniu psa dzi\u0119ki naszej obro\u017cy Gentle Leader No Pull Dog Head Collar. To innowacyjne narz\u0119dzie zosta\u0142o specjalnie zaprojektowane, aby zapewni\u0107 natychmiastow\u0105, delikatn\u0105 kontrol\u0119 bez u\u017cycia si\u0142y. Kieruj\u0105c g\u0142ow\u0105 psa, w naturalny spos\u00f3b kieruje jego cia\u0142em, zapobiegaj\u0105c ci\u0105gni\u0119ciu i zapewniaj\u0105c pe\u0142n\u0105 kontrol\u0119 podczas spacer\u00f3w, sesji szkoleniowych lub radzenia sobie z agresywnym zachowaniem.<\/p>\n<p>W przeciwie\u0144stwie do tradycyjnych obro\u017cy, Gentle Leader Head Collar wywiera nacisk na ty\u0142 szyi, a nie na gard\u0142o, co jest bardziej humanitarne i bezbolesne dla psa. P\u0119tla na nos jest wy\u015bcie\u0142ana, aby zapewni\u0107 maksymalny komfort, zapobiegaj\u0105c podra\u017cnieniom i dyskomfortowi.<\/p>\n<p>Obro\u017ca ta jest szczeg\u00f3lnie skuteczna w przypadku ps\u00f3w, kt\u00f3re agresywnie ci\u0105gn\u0105 lub \u0142atwo si\u0119 rozpraszaj\u0105. Pozwala kierowa\u0107 je w po\u017c\u0105danym kierunku i skupia\u0107 ich uwag\u0119 z powrotem na sobie przy minimalnym wysi\u0142ku. Jest powszechnie zalecana przez weterynarzy i trener\u00f3w jako bezpieczna i skuteczna metoda kontrolowania ps\u00f3w bez wywo\u0142ywania stresu lub niepokoju.<\/p>\n<p>Gentle Leader jest \u0142atwy w monta\u017cu i mo\u017cna go dostosowa\u0107 do wszystkich rozmiar\u00f3w i ras. Konstrukcja zapewnia, \u017ce pozostaje na miejscu bez niepotrzebnego zsuwania si\u0119 lub zaciskania, co jest niezb\u0119dne do utrzymania skutecznej komunikacji i kontroli.<\/p>\n<p>Niezale\u017cnie od tego, czy masz do czynienia ze szczeniakiem ucz\u0105cym si\u0119 chodzi\u0107 na smyczy, czy doros\u0142ym psem z problemami behawioralnymi, nasza obro\u017ca Gentle Leader No Pull Dog Head Collar jest nieocenionym narz\u0119dziem do promowania pozytywnych do\u015bwiadcze\u0144 podczas spacer\u00f3w. Zach\u0119ca do grzecznego chodzenia i pomaga przezwyci\u0119\u017cy\u0107 problemy behawioralne zwi\u0105zane ze smycz\u0105, sprawiaj\u0105c, \u017ce spacery s\u0105 przyjemne i bezstresowe.<\/p>\n<div class=\"flex-shrink-0 flex flex-col relative items-end\">\n<div>\n<div class=\"pt-0\">\n<div class=\"gizmo-bot-avatar flex h-8 w-8 items-center justify-center overflow-hidden rounded-full\">\n<div class=\"relative p-1 rounded-sm flex items-center justify-center bg-token-main-surface-primary text-token-text-primary h-8 w-8\"><\/div>\n<\/div>\n<\/div>\n<\/div>\n<\/div>\n<div class=\"group\/conversation-turn relative flex w-full min-w-0 flex-col agent-turn\">\n<div class=\"flex-col gap-1 md:gap-3\">\n<div class=\"flex max-w-full flex-col flex-grow\">\n<div class=\"min-h-[20px] text-message flex w-full flex-col items-end gap-2 break-words [.text-message+&amp;]:mt-5 overflow-x-auto whitespace-normal\" dir=\"auto\" data-message-author-role=\"assistant\" data-message-id=\"c98a0c2a-7b64-4805-8feb-b84270904e09\">\n<div class=\"flex w-full flex-col gap-1 empty:hidden first:pt-[3px]\">\n<div class=\"markdown prose w-full break-words dark:prose-invert light\">\n<h5><strong>Czy \u0142agodne przypony s\u0105 dobre dla ps\u00f3w, kt\u00f3re ci\u0105gn\u0105?<\/strong><\/h5>\n<p>Tak, Gentle Leaders s\u0105 skuteczne w przypadku ps\u00f3w, kt\u00f3re ci\u0105gn\u0105. Ich dzia\u0142anie polega na przekierowaniu g\u0142owy psa w Twoj\u0105 stron\u0119, gdy pr\u00f3buje ci\u0105gn\u0105\u0107, co utrudnia mu wykorzystanie ca\u0142ej si\u0142y cia\u0142a do ci\u0105gni\u0119cia do przodu. Zapewnia to lepsz\u0105 kontrol\u0119 i pomaga w szkoleniu psa, aby nie ci\u0105gn\u0105\u0142.<\/p>\n<h5><strong>Jak sprawi\u0107, by m\u00f3j pies przesta\u0142 ci\u0105gn\u0105\u0107 za delikatny przypon?<\/strong><\/h5>\n<p>Aby pom\u00f3c psu przesta\u0107 ci\u0105gn\u0105\u0107 podczas korzystania z Gentle Leader, konsekwentnie kieruj jego g\u0142ow\u0119 delikatnie do siebie, gdy tylko zacznie ci\u0105gn\u0105\u0107. Po\u0142\u0105cz to przekierowanie z pozytywnym wzmocnieniem, takim jak smako\u0142yki lub pochwa\u0142y, gdy pies idzie \u0142adnie bez ci\u0105gni\u0119cia. Wa\u017cne jest r\u00f3wnie\u017c, aby upewni\u0107 si\u0119, \u017ce Gentle Leader jest prawid\u0142owo i wygodnie dopasowany do psa.<\/p>\n<h5><strong>Czy \u0142agodny przyw\u00f3dca jest lepszy ni\u017c halti?<\/strong><\/h5>\n<p>Zar\u00f3wno Gentle Leader, jak i Halti oferuj\u0105 podobne korzy\u015bci, kontroluj\u0105c g\u0142ow\u0119 psa w celu ograniczenia ci\u0105gni\u0119cia. Wyb\u00f3r mi\u0119dzy nimi mo\u017ce zale\u017ce\u0107 od tego, kt\u00f3ry z nich wygodniej le\u017cy na g\u0142owie psa i jego konkretnej reakcji na ka\u017cdy z nich. Niekt\u00f3re psy mog\u0105 lepiej reagowa\u0107 na Gentle Leader, podczas gdy innym mo\u017ce by\u0107 wygodniej z Halti.<\/p>\n<h5><strong>Jak d\u0142ugo mo\u017cna pozostawi\u0107 delikatny przypon na psie?<\/strong><\/h5>\n<p>Gentle Leader powinien by\u0107 noszony tylko podczas nadzorowanych czynno\u015bci, takich jak spacery lub treningi i nie powinien by\u0107 pozostawiony na d\u0142u\u017cszy czas. Nie jest przeznaczony do noszenia przez ca\u0142y dzie\u0144, poniewa\u017c mo\u017ce powodowa\u0107 dyskomfort lub podra\u017cnienie, je\u015bli jest noszony zbyt d\u0142ugo, zw\u0142aszcza gdy pies nie jest aktywny.<\/p>\n<\/div>\n<\/div>\n<\/div>\n<\/div>\n<\/div>\n<\/div>","protected":false},"excerpt":{"rendered":"<p>Odmie\u0144 swoje spacery dzi\u0119ki obro\u017cy Gentle Leader No Pull Dog Head Collar. Ta obro\u017ca wywiera delikatny nacisk, aby uspokoi\u0107 nadaktywne zachowanie i zmniejszy\u0107 ci\u0105gni\u0119cie na smyczy. Zosta\u0142a zaprojektowana z my\u015bl\u0105 o komforcie dzi\u0119ki wy\u015bcie\u0142anej p\u0119tli na nos, dzi\u0119ki czemu jest zar\u00f3wno skuteczna, jak i humanitarna. Idealna do treningu bez powodowania niepokoju u psa, ta obro\u017ca pomaga naturalnie prowadzi\u0107 zwierz\u0119 za pomoc\u0105 ruch\u00f3w g\u0142owy, u\u0142atwiaj\u0105c lepsz\u0105 komunikacj\u0119 i korekt\u0119 zachowania.<\/p>","protected":false},"featured_media":8230,"template":"","meta":[],"product_brand":[],"product_cat":[26],"product_tag":[],"class_list":{"0":"post-7780","1":"product","2":"type-product","3":"status-publish","4":"has-post-thumbnail","6":"product_cat-dog-collar","7":"pa_brand-qqpets","9":"first","10":"instock","11":"shipping-taxable","12":"product-type-simple"},"yoast_head":"<!-- This site is optimized with the Yoast SEO plugin v26.6 - https:\/\/yoast.com\/wordpress\/plugins\/seo\/ -->\n<title>Gentle Leader No Pull Dog Head Collar | QQPETS<\/title>\n<meta name=\"description\" content=\"Master gentle control with our No Pull Dog Head Collar. Train with ease and comfort. Effective and humane!\" \/>\n<meta name=\"robots\" content=\"index, follow, max-snippet:-1, max-image-preview:large, max-video-preview:-1\" \/>\n<link rel=\"canonical\" href=\"https:\/\/qqpets.com\/pl\/produkt\/gentle-leader-no-pull-dog-head-collar\/\" \/>\n<meta property=\"og:locale\" content=\"pl_PL\" \/>\n<meta property=\"og:type\" content=\"article\" \/>\n<meta property=\"og:title\" content=\"Gentle Leader No Pull Dog Head Collar | QQPETS\" \/>\n<meta property=\"og:description\" content=\"Master gentle control with our No Pull Dog Head Collar. Train with ease and comfort. Effective and humane!\" \/>\n<meta property=\"og:url\" content=\"https:\/\/qqpets.com\/pl\/produkt\/gentle-leader-no-pull-dog-head-collar\/\" \/>\n<meta property=\"og:site_name\" content=\"QQPETS\" \/>\n<meta property=\"article:publisher\" content=\"https:\/\/www.facebook.com\/QQpetsdogcollars\" \/>\n<meta property=\"article:modified_time\" content=\"2024-09-24T09:44:04+00:00\" \/>\n<meta property=\"og:image\" content=\"https:\/\/qqpets.com\/wp-content\/uploads\/2024\/09\/Dog-Head-Collar.webp\" \/>\n\t<meta property=\"og:image:width\" content=\"700\" \/>\n\t<meta property=\"og:image:height\" content=\"700\" \/>\n\t<meta property=\"og:image:type\" content=\"image\/webp\" \/>\n<meta name=\"twitter:card\" content=\"summary_large_image\" \/>\n<meta name=\"twitter:label1\" content=\"Szacowany czas czytania\" \/>\n\t<meta name=\"twitter:data1\" content=\"3 minuty\" \/>\n<script type=\"application\/ld+json\" class=\"yoast-schema-graph\">{\"@context\":\"https:\/\/schema.org\",\"@graph\":[{\"@type\":\"WebPage\",\"@id\":\"https:\/\/qqpets.com\/product\/gentle-leader-no-pull-dog-head-collar\/\",\"url\":\"https:\/\/qqpets.com\/product\/gentle-leader-no-pull-dog-head-collar\/\",\"name\":\"Gentle Leader No Pull Dog Head Collar | QQPETS\",\"isPartOf\":{\"@id\":\"https:\/\/qqpets.com\/#website\"},\"primaryImageOfPage\":{\"@id\":\"https:\/\/qqpets.com\/product\/gentle-leader-no-pull-dog-head-collar\/#primaryimage\"},\"image\":{\"@id\":\"https:\/\/qqpets.com\/product\/gentle-leader-no-pull-dog-head-collar\/#primaryimage\"},\"thumbnailUrl\":\"https:\/\/qqpets.com\/wp-content\/uploads\/2024\/09\/Dog-Head-Collar.webp\",\"datePublished\":\"2024-09-02T09:55:49+00:00\",\"dateModified\":\"2024-09-24T09:44:04+00:00\",\"description\":\"Master gentle control with our No Pull Dog Head Collar. Train with ease and comfort. Effective and humane!\",\"breadcrumb\":{\"@id\":\"https:\/\/qqpets.com\/product\/gentle-leader-no-pull-dog-head-collar\/#breadcrumb\"},\"inLanguage\":\"pl-PL\",\"potentialAction\":[{\"@type\":\"ReadAction\",\"target\":[\"https:\/\/qqpets.com\/product\/gentle-leader-no-pull-dog-head-collar\/\"]}]},{\"@type\":\"ImageObject\",\"inLanguage\":\"pl-PL\",\"@id\":\"https:\/\/qqpets.com\/product\/gentle-leader-no-pull-dog-head-collar\/#primaryimage\",\"url\":\"https:\/\/qqpets.com\/wp-content\/uploads\/2024\/09\/Dog-Head-Collar.webp\",\"contentUrl\":\"https:\/\/qqpets.com\/wp-content\/uploads\/2024\/09\/Dog-Head-Collar.webp\",\"width\":700,\"height\":700,\"caption\":\"Dog-Head-Collar\"},{\"@type\":\"BreadcrumbList\",\"@id\":\"https:\/\/qqpets.com\/product\/gentle-leader-no-pull-dog-head-collar\/#breadcrumb\",\"itemListElement\":[{\"@type\":\"ListItem\",\"position\":1,\"name\":\"Home\",\"item\":\"https:\/\/qqpets.com\/\"},{\"@type\":\"ListItem\",\"position\":2,\"name\":\"Products\",\"item\":\"https:\/\/qqpets.com\/pet-products-manufacturer\/\"},{\"@type\":\"ListItem\",\"position\":3,\"name\":\"Gentle Leader No Pull Dog Head Collar\"}]},{\"@type\":\"WebSite\",\"@id\":\"https:\/\/qqpets.com\/#website\",\"url\":\"https:\/\/qqpets.com\/\",\"name\":\"QQPETS\",\"description\":\"QQPETS is a pet products factory for dog harnesses, dog collars, dog leashes and dog accessories with professional customized service since 2005.\",\"publisher\":{\"@id\":\"https:\/\/qqpets.com\/#organization\"},\"potentialAction\":[{\"@type\":\"SearchAction\",\"target\":{\"@type\":\"EntryPoint\",\"urlTemplate\":\"https:\/\/qqpets.com\/?s={search_term_string}\"},\"query-input\":{\"@type\":\"PropertyValueSpecification\",\"valueRequired\":true,\"valueName\":\"search_term_string\"}}],\"inLanguage\":\"pl-PL\"},{\"@type\":\"Organization\",\"@id\":\"https:\/\/qqpets.com\/#organization\",\"name\":\"QQPETS\",\"url\":\"https:\/\/qqpets.com\/\",\"logo\":{\"@type\":\"ImageObject\",\"inLanguage\":\"pl-PL\",\"@id\":\"https:\/\/qqpets.com\/#\/schema\/logo\/image\/\",\"url\":\"https:\/\/qqpets.com\/wp-content\/uploads\/2023\/09\/cropped-cropped-qqpets-tiktok.jpg\",\"contentUrl\":\"https:\/\/qqpets.com\/wp-content\/uploads\/2023\/09\/cropped-cropped-qqpets-tiktok.jpg\",\"width\":511,\"height\":511,\"caption\":\"QQPETS\"},\"image\":{\"@id\":\"https:\/\/qqpets.com\/#\/schema\/logo\/image\/\"},\"sameAs\":[\"https:\/\/www.facebook.com\/QQpetsdogcollars\",\"https:\/\/www.instagram.com\/qqpetscollar\/\",\"https:\/\/www.pinterest.com\/qqpetsdogcollarsfactory\/\"]}]}<\/script>\n<!-- \/ Yoast SEO plugin. -->","yoast_head_json":{"title":"Obro\u017ca dla psa Gentle Leader No Pull | QQPETS","description":"Opanuj delikatn\u0105 kontrol\u0119 dzi\u0119ki naszej obro\u017cy No Pull. Trenuj z \u0142atwo\u015bci\u0105 i komfortem. Skuteczna i humanitarna!","robots":{"index":"index","follow":"follow","max-snippet":"max-snippet:-1","max-image-preview":"max-image-preview:large","max-video-preview":"max-video-preview:-1"},"canonical":"https:\/\/qqpets.com\/pl\/produkt\/gentle-leader-no-pull-dog-head-collar\/","og_locale":"pl_PL","og_type":"article","og_title":"Gentle Leader No Pull Dog Head Collar | QQPETS","og_description":"Master gentle control with our No Pull Dog Head Collar. Train with ease and comfort. Effective and humane!","og_url":"https:\/\/qqpets.com\/pl\/produkt\/gentle-leader-no-pull-dog-head-collar\/","og_site_name":"QQPETS","article_publisher":"https:\/\/www.facebook.com\/QQpetsdogcollars","article_modified_time":"2024-09-24T09:44:04+00:00","og_image":[{"width":700,"height":700,"url":"https:\/\/qqpets.com\/wp-content\/uploads\/2024\/09\/Dog-Head-Collar.webp","type":"image\/webp"}],"twitter_card":"summary_large_image","twitter_misc":{"Szacowany czas czytania":"3 minuty"},"schema":{"@context":"https:\/\/schema.org","@graph":[{"@type":"WebPage","@id":"https:\/\/qqpets.com\/product\/gentle-leader-no-pull-dog-head-collar\/","url":"https:\/\/qqpets.com\/product\/gentle-leader-no-pull-dog-head-collar\/","name":"Obro\u017ca dla psa Gentle Leader No Pull | QQPETS","isPartOf":{"@id":"https:\/\/qqpets.com\/#website"},"primaryImageOfPage":{"@id":"https:\/\/qqpets.com\/product\/gentle-leader-no-pull-dog-head-collar\/#primaryimage"},"image":{"@id":"https:\/\/qqpets.com\/product\/gentle-leader-no-pull-dog-head-collar\/#primaryimage"},"thumbnailUrl":"https:\/\/qqpets.com\/wp-content\/uploads\/2024\/09\/Dog-Head-Collar.webp","datePublished":"2024-09-02T09:55:49+00:00","dateModified":"2024-09-24T09:44:04+00:00","description":"Opanuj delikatn\u0105 kontrol\u0119 dzi\u0119ki naszej obro\u017cy No Pull. Trenuj z \u0142atwo\u015bci\u0105 i komfortem. Skuteczna i humanitarna!","breadcrumb":{"@id":"https:\/\/qqpets.com\/product\/gentle-leader-no-pull-dog-head-collar\/#breadcrumb"},"inLanguage":"pl-PL","potentialAction":[{"@type":"ReadAction","target":["https:\/\/qqpets.com\/product\/gentle-leader-no-pull-dog-head-collar\/"]}]},{"@type":"ImageObject","inLanguage":"pl-PL","@id":"https:\/\/qqpets.com\/product\/gentle-leader-no-pull-dog-head-collar\/#primaryimage","url":"https:\/\/qqpets.com\/wp-content\/uploads\/2024\/09\/Dog-Head-Collar.webp","contentUrl":"https:\/\/qqpets.com\/wp-content\/uploads\/2024\/09\/Dog-Head-Collar.webp","width":700,"height":700,"caption":"Dog-Head-Collar"},{"@type":"BreadcrumbList","@id":"https:\/\/qqpets.com\/product\/gentle-leader-no-pull-dog-head-collar\/#breadcrumb","itemListElement":[{"@type":"ListItem","position":1,"name":"Home","item":"https:\/\/qqpets.com\/"},{"@type":"ListItem","position":2,"name":"Products","item":"https:\/\/qqpets.com\/pet-products-manufacturer\/"},{"@type":"ListItem","position":3,"name":"Gentle Leader No Pull Dog Head Collar"}]},{"@type":"WebSite","@id":"https:\/\/qqpets.com\/#website","url":"https:\/\/qqpets.com\/","name":"QQPETS","description":"QQPETS to fabryka uprz\u0119\u017cy dla ps\u00f3w, obro\u017cy dla ps\u00f3w, smyczy dla ps\u00f3w i akcesori\u00f3w dla ps\u00f3w z profesjonaln\u0105 obs\u0142ug\u0105 dostosowan\u0105 do potrzeb klienta od 2005 roku.","publisher":{"@id":"https:\/\/qqpets.com\/#organization"},"potentialAction":[{"@type":"SearchAction","target":{"@type":"EntryPoint","urlTemplate":"https:\/\/qqpets.com\/?s={search_term_string}"},"query-input":{"@type":"PropertyValueSpecification","valueRequired":true,"valueName":"search_term_string"}}],"inLanguage":"pl-PL"},{"@type":"Organization","@id":"https:\/\/qqpets.com\/#organization","name":"QQPETS","url":"https:\/\/qqpets.com\/","logo":{"@type":"ImageObject","inLanguage":"pl-PL","@id":"https:\/\/qqpets.com\/#\/schema\/logo\/image\/","url":"https:\/\/qqpets.com\/wp-content\/uploads\/2023\/09\/cropped-cropped-qqpets-tiktok.jpg","contentUrl":"https:\/\/qqpets.com\/wp-content\/uploads\/2023\/09\/cropped-cropped-qqpets-tiktok.jpg","width":511,"height":511,"caption":"QQPETS"},"image":{"@id":"https:\/\/qqpets.com\/#\/schema\/logo\/image\/"},"sameAs":["https:\/\/www.facebook.com\/QQpetsdogcollars","https:\/\/www.instagram.com\/qqpetscollar\/","https:\/\/www.pinterest.com\/qqpetsdogcollarsfactory\/"]}]}},"_links":{"self":[{"href":"https:\/\/qqpets.com\/pl\/wp-json\/wp\/v2\/product\/7780","targetHints":{"allow":["GET"]}}],"collection":[{"href":"https:\/\/qqpets.com\/pl\/wp-json\/wp\/v2\/product"}],"about":[{"href":"https:\/\/qqpets.com\/pl\/wp-json\/wp\/v2\/types\/product"}],"wp:featuredmedia":[{"embeddable":true,"href":"https:\/\/qqpets.com\/pl\/wp-json\/wp\/v2\/media\/8230"}],"wp:attachment":[{"href":"https:\/\/qqpets.com\/pl\/wp-json\/wp\/v2\/media?parent=7780"}],"wp:term":[{"taxonomy":"product_brand","embeddable":true,"href":"https:\/\/qqpets.com\/pl\/wp-json\/wp\/v2\/product_brand?post=7780"},{"taxonomy":"product_cat","embeddable":true,"href":"https:\/\/qqpets.com\/pl\/wp-json\/wp\/v2\/product_cat?post=7780"},{"taxonomy":"product_tag","embeddable":true,"href":"https:\/\/qqpets.com\/pl\/wp-json\/wp\/v2\/product_tag?post=7780"}],"curies":[{"name":"wp","href":"https:\/\/api.w.org\/{rel}","templated":true}]}}