{"id":7797,"date":"2024-09-03T16:36:52","date_gmt":"2024-09-03T08:36:52","guid":{"rendered":"https:\/\/qqpets.com\/?post_type=product&#038;p=7797"},"modified":"2024-09-03T16:36:52","modified_gmt":"2024-09-03T08:36:52","slug":"martingale-dog-collar","status":"publish","type":"product","link":"https:\/\/qqpets.com\/pl\/produkt\/martingale-dog-collar\/","title":{"rendered":"Obro\u017ca dla psa Martingale"},"content":{"rendered":"<p>Przedstawiamy nasz\u0105 obro\u017c\u0119 dla psa Martingale, niezb\u0119dne narz\u0119dzie do skutecznego i bezpiecznego szkolenia. Ta obro\u017ca zosta\u0142a specjalnie zaprojektowana, aby zapewni\u0107 wi\u0119ksz\u0105 kontrol\u0119 nad psami, kt\u00f3re maj\u0105 tendencj\u0119 do ci\u0105gni\u0119cia, bez szorstko\u015bci tradycyjnych obro\u017cy d\u0142awi\u0105cych. Posiada konstrukcj\u0119 z podw\u00f3jn\u0105 p\u0119tl\u0105, kt\u00f3ra pozwala na proporcjonalne zaci\u015bni\u0119cie obro\u017cy w odpowiedzi na ci\u0105gni\u0119cie, zapewniaj\u0105c delikatn\u0105 korekt\u0119.<\/p>\n<p>Nasza obro\u017ca Martingale Collar zosta\u0142a wykonana z najwy\u017cszej jako\u015bci materia\u0142\u00f3w, aby zapewni\u0107 trwa\u0142o\u015b\u0107 i odporno\u015b\u0107 na codzienne u\u017cytkowanie. Unikalna konstrukcja obejmuje ograniczone zamkni\u0119cie, co oznacza, \u017ce obro\u017ca zaciska si\u0119 do punktu, ale nie dusi, dzi\u0119ki czemu jest zar\u00f3wno bezpieczna, jak i skuteczna do cel\u00f3w szkoleniowych. Ta funkcja jest szczeg\u00f3lnie korzystna dla ras podatnych na wy\u015blizgiwanie si\u0119 ze zwyk\u0142ych obro\u017cy, poniewa\u017c zapewnia bezpieczne dopasowanie, zapewniaj\u0105c jednocze\u015bnie psu komfort.<\/p>\n<p>Regulacja jest kluczowym elementem naszej obro\u017cy, umo\u017cliwiaj\u0105c dok\u0142adne dopasowanie do konkretnego rozmiaru szyi psa. Ta zdolno\u015b\u0107 adaptacji sprawia, \u017ce obro\u017ca jest odpowiednia dla prawie ka\u017cdej rasy, zapewniaj\u0105c odpowiedni\u0105 korekt\u0119 bez dyskomfortu.<\/p>\n<p>Idealna do stosowania podczas sesji treningowych, regularnych spacer\u00f3w i zat\u0142oczonych \u015brodowisk, w kt\u00f3rych potrzebujesz dodatkowej kontroli, obro\u017ca dla psa Martingale pomaga prowadzi\u0107 psa, wywieraj\u0105c r\u00f3wnomierny nacisk na szyj\u0119, zamiast koncentrowa\u0107 go w jednym miejscu. Metoda ta jest uznawana przez trener\u00f3w za jej skuteczno\u015b\u0107 i humanitarne podej\u015bcie do nauczania dobrych manier na smyczy.<\/p>\n<p>Wyposa\u017c swojego psa w nasz\u0105 obro\u017c\u0119 Martingale, aby zapewni\u0107 mu bezpieczniejsze i przyjemniejsze spacery oraz treningi. Jest to niezawodny, humanitarny i stylowy wyb\u00f3r dla w\u0142a\u015bcicieli zwierz\u0105t domowych, kt\u00f3rzy chc\u0105 zapewni\u0107 najlepsz\u0105 opiek\u0119 i szkolenie swoim pupilom.<\/p>\n<h5><strong>Czy obro\u017ce typu martingale s\u0105 dobre dla ps\u00f3w?<\/strong><\/h5>\n<p>Tak, obro\u017ce typu martingale s\u0105 dobre dla ps\u00f3w, szczeg\u00f3lnie dla tych, kt\u00f3re maj\u0105 tendencj\u0119 do wy\u015blizgiwania si\u0119 ze zwyk\u0142ych obro\u017cy. Stanowi\u0105 bezpieczniejsz\u0105 alternatyw\u0119, poniewa\u017c lekko si\u0119 zaciskaj\u0105, zapewniaj\u0105c bezpieczne dopasowanie bez ryzyka zwi\u0105zanego z obro\u017cami d\u0142awi\u0105cymi.<\/p>\n<h5><strong>Do czego s\u0142u\u017cy martingale dla psa?<\/strong><\/h5>\n<p>Obro\u017ca typu martingale zosta\u0142a zaprojektowana tak, aby delikatnie zaciska\u0107 si\u0119, gdy pies ci\u0105gnie na smyczy, zapewniaj\u0105c kontrol\u0119 i zapobiegaj\u0105c wy\u015blizgni\u0119ciu si\u0119 psa z obro\u017cy. Obro\u017ca zaciska si\u0119 wystarczaj\u0105co mocno, aby by\u0107 skuteczn\u0105, ale nie na tyle, aby dusi\u0107 lub skrzywdzi\u0107 psa, dzi\u0119ki czemu idealnie nadaje si\u0119 do treningu i spacer\u00f3w.<\/p>\n<h5><strong>Czy obro\u017ce martingale powstrzymuj\u0105 ci\u0105gni\u0119cie?<\/strong><\/h5>\n<p>Obro\u017ce typu martingale nie powstrzymuj\u0105 psa przed ci\u0105gni\u0119ciem. Maj\u0105 one na celu zapewnienie bezpieczniejszej kontroli dla ps\u00f3w, kt\u00f3re mog\u0105 pr\u00f3bowa\u0107 wycofa\u0107 si\u0119 z obro\u017cy. Mog\u0105 by\u0107 jednak skutecznie wykorzystywane jako cz\u0119\u015b\u0107 strategii szkoleniowej, aby nauczy\u0107 lepszych manier na smyczy, zapewniaj\u0105c delikatn\u0105 informacj\u0119 zwrotn\u0105, gdy pies ci\u0105gnie.<\/p>\n<h5><strong>Czy pies mo\u017ce nosi\u0107 martingale przez ca\u0142y czas?<\/strong><\/h5>\n<p>Nie zaleca si\u0119, aby pies nosi\u0142 obro\u017c\u0119 martingale przez ca\u0142y czas. Obro\u017ca jest zaprojektowana tak, aby zaciska\u0107 si\u0119 pod napi\u0119ciem, co nie jest idealne do ci\u0105g\u0142ego noszenia, zw\u0142aszcza bez nadzoru. Powinna by\u0107 u\u017cywana g\u0142\u00f3wnie podczas spacer\u00f3w lub sesji treningowych, a nast\u0119pnie zdejmowana, aby zapobiec ryzyku przypadkowego zaci\u015bni\u0119cia lub obra\u017ce\u0144.<\/p>","protected":false},"excerpt":{"rendered":"<p>Zoptymalizuj trening z nasz\u0105 obro\u017c\u0105 dla psa Martingale, zaprojektowan\u0105 do delikatnej korekty bez zad\u0142awienia. Obro\u017ca ta napina si\u0119 pod wp\u0142ywem napi\u0119cia, ale ma ograniczone zamkni\u0119cie, aby zapewni\u0107 bezpiecze\u0144stwo i humanitarno\u015b\u0107. Wykonana z wysokiej jako\u015bci materia\u0142\u00f3w, zapewnia trwa\u0142o\u015b\u0107 i wygod\u0119, dzi\u0119ki czemu idealnie nadaje si\u0119 do codziennych spacer\u00f3w i sesji treningowych. \u0141atwa w regulacji konstrukcja zapewnia idealne dopasowanie do wszystkich ras, zwi\u0119kszaj\u0105c kontrol\u0119 i chroni\u0105c szyj\u0119 psa.<\/p>","protected":false},"featured_media":7323,"template":"","meta":[],"product_brand":[],"product_cat":[26],"product_tag":[],"class_list":{"0":"post-7797","1":"product","2":"type-product","3":"status-publish","4":"has-post-thumbnail","6":"product_cat-dog-collar","7":"pa_brand-qqpets","9":"first","10":"instock","11":"shipping-taxable","12":"product-type-simple"},"yoast_head":"<!-- This site is optimized with the Yoast SEO plugin v26.6 - https:\/\/yoast.com\/wordpress\/plugins\/seo\/ -->\n<title>Martingale Dog Collar | QQPETS<\/title>\n<meta name=\"description\" content=\"Ensure safety with our Martingale Dog Collar. Perfect for training with gentle control. Durable and reliable!\" \/>\n<meta name=\"robots\" content=\"index, follow, max-snippet:-1, max-image-preview:large, max-video-preview:-1\" \/>\n<link rel=\"canonical\" href=\"https:\/\/qqpets.com\/pl\/produkt\/martingale-dog-collar\/\" \/>\n<meta property=\"og:locale\" content=\"pl_PL\" \/>\n<meta property=\"og:type\" content=\"article\" \/>\n<meta property=\"og:title\" content=\"Martingale Dog Collar | QQPETS\" \/>\n<meta property=\"og:description\" content=\"Ensure safety with our Martingale Dog Collar. Perfect for training with gentle control. Durable and reliable!\" \/>\n<meta property=\"og:url\" content=\"https:\/\/qqpets.com\/pl\/produkt\/martingale-dog-collar\/\" \/>\n<meta property=\"og:site_name\" content=\"QQPETS\" \/>\n<meta property=\"article:publisher\" content=\"https:\/\/www.facebook.com\/QQpetsdogcollars\" \/>\n<meta property=\"og:image\" content=\"https:\/\/qqpets.com\/wp-content\/uploads\/2023\/09\/martingale-dog-collar.webp\" \/>\n\t<meta property=\"og:image:width\" content=\"1000\" \/>\n\t<meta property=\"og:image:height\" content=\"1000\" \/>\n\t<meta property=\"og:image:type\" content=\"image\/webp\" \/>\n<meta name=\"twitter:card\" content=\"summary_large_image\" \/>\n<meta name=\"twitter:label1\" content=\"Szacowany czas czytania\" \/>\n\t<meta name=\"twitter:data1\" content=\"3 minuty\" \/>\n<script type=\"application\/ld+json\" class=\"yoast-schema-graph\">{\"@context\":\"https:\/\/schema.org\",\"@graph\":[{\"@type\":\"WebPage\",\"@id\":\"https:\/\/qqpets.com\/product\/martingale-dog-collar\/\",\"url\":\"https:\/\/qqpets.com\/product\/martingale-dog-collar\/\",\"name\":\"Martingale Dog Collar | QQPETS\",\"isPartOf\":{\"@id\":\"https:\/\/qqpets.com\/#website\"},\"primaryImageOfPage\":{\"@id\":\"https:\/\/qqpets.com\/product\/martingale-dog-collar\/#primaryimage\"},\"image\":{\"@id\":\"https:\/\/qqpets.com\/product\/martingale-dog-collar\/#primaryimage\"},\"thumbnailUrl\":\"https:\/\/qqpets.com\/wp-content\/uploads\/2023\/09\/martingale-dog-collar.webp\",\"datePublished\":\"2024-09-03T08:36:52+00:00\",\"description\":\"Ensure safety with our Martingale Dog Collar. Perfect for training with gentle control. Durable and reliable!\",\"breadcrumb\":{\"@id\":\"https:\/\/qqpets.com\/product\/martingale-dog-collar\/#breadcrumb\"},\"inLanguage\":\"pl-PL\",\"potentialAction\":[{\"@type\":\"ReadAction\",\"target\":[\"https:\/\/qqpets.com\/product\/martingale-dog-collar\/\"]}]},{\"@type\":\"ImageObject\",\"inLanguage\":\"pl-PL\",\"@id\":\"https:\/\/qqpets.com\/product\/martingale-dog-collar\/#primaryimage\",\"url\":\"https:\/\/qqpets.com\/wp-content\/uploads\/2023\/09\/martingale-dog-collar.webp\",\"contentUrl\":\"https:\/\/qqpets.com\/wp-content\/uploads\/2023\/09\/martingale-dog-collar.webp\",\"width\":1000,\"height\":1000,\"caption\":\"martingale dog collar\"},{\"@type\":\"BreadcrumbList\",\"@id\":\"https:\/\/qqpets.com\/product\/martingale-dog-collar\/#breadcrumb\",\"itemListElement\":[{\"@type\":\"ListItem\",\"position\":1,\"name\":\"Home\",\"item\":\"https:\/\/qqpets.com\/\"},{\"@type\":\"ListItem\",\"position\":2,\"name\":\"Products\",\"item\":\"https:\/\/qqpets.com\/pet-products-manufacturer\/\"},{\"@type\":\"ListItem\",\"position\":3,\"name\":\"Martingale Dog Collar\"}]},{\"@type\":\"WebSite\",\"@id\":\"https:\/\/qqpets.com\/#website\",\"url\":\"https:\/\/qqpets.com\/\",\"name\":\"QQPETS\",\"description\":\"QQPETS is a pet products factory for dog harnesses, dog collars, dog leashes and dog accessories with professional customized service since 2005.\",\"publisher\":{\"@id\":\"https:\/\/qqpets.com\/#organization\"},\"potentialAction\":[{\"@type\":\"SearchAction\",\"target\":{\"@type\":\"EntryPoint\",\"urlTemplate\":\"https:\/\/qqpets.com\/?s={search_term_string}\"},\"query-input\":{\"@type\":\"PropertyValueSpecification\",\"valueRequired\":true,\"valueName\":\"search_term_string\"}}],\"inLanguage\":\"pl-PL\"},{\"@type\":\"Organization\",\"@id\":\"https:\/\/qqpets.com\/#organization\",\"name\":\"QQPETS\",\"url\":\"https:\/\/qqpets.com\/\",\"logo\":{\"@type\":\"ImageObject\",\"inLanguage\":\"pl-PL\",\"@id\":\"https:\/\/qqpets.com\/#\/schema\/logo\/image\/\",\"url\":\"https:\/\/qqpets.com\/wp-content\/uploads\/2023\/09\/cropped-cropped-qqpets-tiktok.jpg\",\"contentUrl\":\"https:\/\/qqpets.com\/wp-content\/uploads\/2023\/09\/cropped-cropped-qqpets-tiktok.jpg\",\"width\":511,\"height\":511,\"caption\":\"QQPETS\"},\"image\":{\"@id\":\"https:\/\/qqpets.com\/#\/schema\/logo\/image\/\"},\"sameAs\":[\"https:\/\/www.facebook.com\/QQpetsdogcollars\",\"https:\/\/www.instagram.com\/qqpetscollar\/\",\"https:\/\/www.pinterest.com\/qqpetsdogcollarsfactory\/\"]}]}<\/script>\n<!-- \/ Yoast SEO plugin. -->","yoast_head_json":{"title":"Obro\u017ca dla psa Martingale | QQPETS","description":"Zapewnij bezpiecze\u0144stwo dzi\u0119ki naszej obro\u017cy dla psa Martingale. Idealna do treningu z delikatn\u0105 kontrol\u0105. Trwa\u0142a i niezawodna!","robots":{"index":"index","follow":"follow","max-snippet":"max-snippet:-1","max-image-preview":"max-image-preview:large","max-video-preview":"max-video-preview:-1"},"canonical":"https:\/\/qqpets.com\/pl\/produkt\/martingale-dog-collar\/","og_locale":"pl_PL","og_type":"article","og_title":"Martingale Dog Collar | QQPETS","og_description":"Ensure safety with our Martingale Dog Collar. Perfect for training with gentle control. Durable and reliable!","og_url":"https:\/\/qqpets.com\/pl\/produkt\/martingale-dog-collar\/","og_site_name":"QQPETS","article_publisher":"https:\/\/www.facebook.com\/QQpetsdogcollars","og_image":[{"width":1000,"height":1000,"url":"https:\/\/qqpets.com\/wp-content\/uploads\/2023\/09\/martingale-dog-collar.webp","type":"image\/webp"}],"twitter_card":"summary_large_image","twitter_misc":{"Szacowany czas czytania":"3 minuty"},"schema":{"@context":"https:\/\/schema.org","@graph":[{"@type":"WebPage","@id":"https:\/\/qqpets.com\/product\/martingale-dog-collar\/","url":"https:\/\/qqpets.com\/product\/martingale-dog-collar\/","name":"Obro\u017ca dla psa Martingale | QQPETS","isPartOf":{"@id":"https:\/\/qqpets.com\/#website"},"primaryImageOfPage":{"@id":"https:\/\/qqpets.com\/product\/martingale-dog-collar\/#primaryimage"},"image":{"@id":"https:\/\/qqpets.com\/product\/martingale-dog-collar\/#primaryimage"},"thumbnailUrl":"https:\/\/qqpets.com\/wp-content\/uploads\/2023\/09\/martingale-dog-collar.webp","datePublished":"2024-09-03T08:36:52+00:00","description":"Zapewnij bezpiecze\u0144stwo dzi\u0119ki naszej obro\u017cy dla psa Martingale. Idealna do treningu z delikatn\u0105 kontrol\u0105. Trwa\u0142a i niezawodna!","breadcrumb":{"@id":"https:\/\/qqpets.com\/product\/martingale-dog-collar\/#breadcrumb"},"inLanguage":"pl-PL","potentialAction":[{"@type":"ReadAction","target":["https:\/\/qqpets.com\/product\/martingale-dog-collar\/"]}]},{"@type":"ImageObject","inLanguage":"pl-PL","@id":"https:\/\/qqpets.com\/product\/martingale-dog-collar\/#primaryimage","url":"https:\/\/qqpets.com\/wp-content\/uploads\/2023\/09\/martingale-dog-collar.webp","contentUrl":"https:\/\/qqpets.com\/wp-content\/uploads\/2023\/09\/martingale-dog-collar.webp","width":1000,"height":1000,"caption":"martingale dog collar"},{"@type":"BreadcrumbList","@id":"https:\/\/qqpets.com\/product\/martingale-dog-collar\/#breadcrumb","itemListElement":[{"@type":"ListItem","position":1,"name":"Home","item":"https:\/\/qqpets.com\/"},{"@type":"ListItem","position":2,"name":"Products","item":"https:\/\/qqpets.com\/pet-products-manufacturer\/"},{"@type":"ListItem","position":3,"name":"Martingale Dog Collar"}]},{"@type":"WebSite","@id":"https:\/\/qqpets.com\/#website","url":"https:\/\/qqpets.com\/","name":"QQPETS","description":"QQPETS to fabryka uprz\u0119\u017cy dla ps\u00f3w, obro\u017cy dla ps\u00f3w, smyczy dla ps\u00f3w i akcesori\u00f3w dla ps\u00f3w z profesjonaln\u0105 obs\u0142ug\u0105 dostosowan\u0105 do potrzeb klienta od 2005 roku.","publisher":{"@id":"https:\/\/qqpets.com\/#organization"},"potentialAction":[{"@type":"SearchAction","target":{"@type":"EntryPoint","urlTemplate":"https:\/\/qqpets.com\/?s={search_term_string}"},"query-input":{"@type":"PropertyValueSpecification","valueRequired":true,"valueName":"search_term_string"}}],"inLanguage":"pl-PL"},{"@type":"Organization","@id":"https:\/\/qqpets.com\/#organization","name":"QQPETS","url":"https:\/\/qqpets.com\/","logo":{"@type":"ImageObject","inLanguage":"pl-PL","@id":"https:\/\/qqpets.com\/#\/schema\/logo\/image\/","url":"https:\/\/qqpets.com\/wp-content\/uploads\/2023\/09\/cropped-cropped-qqpets-tiktok.jpg","contentUrl":"https:\/\/qqpets.com\/wp-content\/uploads\/2023\/09\/cropped-cropped-qqpets-tiktok.jpg","width":511,"height":511,"caption":"QQPETS"},"image":{"@id":"https:\/\/qqpets.com\/#\/schema\/logo\/image\/"},"sameAs":["https:\/\/www.facebook.com\/QQpetsdogcollars","https:\/\/www.instagram.com\/qqpetscollar\/","https:\/\/www.pinterest.com\/qqpetsdogcollarsfactory\/"]}]}},"_links":{"self":[{"href":"https:\/\/qqpets.com\/pl\/wp-json\/wp\/v2\/product\/7797","targetHints":{"allow":["GET"]}}],"collection":[{"href":"https:\/\/qqpets.com\/pl\/wp-json\/wp\/v2\/product"}],"about":[{"href":"https:\/\/qqpets.com\/pl\/wp-json\/wp\/v2\/types\/product"}],"wp:featuredmedia":[{"embeddable":true,"href":"https:\/\/qqpets.com\/pl\/wp-json\/wp\/v2\/media\/7323"}],"wp:attachment":[{"href":"https:\/\/qqpets.com\/pl\/wp-json\/wp\/v2\/media?parent=7797"}],"wp:term":[{"taxonomy":"product_brand","embeddable":true,"href":"https:\/\/qqpets.com\/pl\/wp-json\/wp\/v2\/product_brand?post=7797"},{"taxonomy":"product_cat","embeddable":true,"href":"https:\/\/qqpets.com\/pl\/wp-json\/wp\/v2\/product_cat?post=7797"},{"taxonomy":"product_tag","embeddable":true,"href":"https:\/\/qqpets.com\/pl\/wp-json\/wp\/v2\/product_tag?post=7797"}],"curies":[{"name":"wp","href":"https:\/\/api.w.org\/{rel}","templated":true}]}}