{"id":7803,"date":"2024-09-03T16:46:00","date_gmt":"2024-09-03T08:46:00","guid":{"rendered":"https:\/\/qqpets.com\/?post_type=product&#038;p=7803"},"modified":"2024-09-24T17:32:49","modified_gmt":"2024-09-24T09:32:49","slug":"no-pull-training-slip-dog-leash","status":"publish","type":"product","link":"https:\/\/qqpets.com\/pl\/produkt\/no-pull-training-slip-dog-leash\/","title":{"rendered":"Smycz treningowa dla psa bez ci\u0105gni\u0119cia"},"content":{"rendered":"<p>Wprowad\u017a precyzj\u0119 i \u0142atwo\u015b\u0107 do swojego schematu treningowego dzi\u0119ki naszej Slip Dog Leash, wszechstronnemu narz\u0119dziu zaprojektowanemu, aby pom\u00f3c egzekwowa\u0107 dobre zachowanie i poprawi\u0107 umiej\u0119tno\u015bci korzystania ze smyczy. Ta smycz dzia\u0142a zar\u00f3wno jako obro\u017ca, jak i smycz, zapewniaj\u0105c wygodne rozwi\u0105zanie na szybkie wyj\u015bcia i efektywne sesje treningowe.<\/p>\n<p>Wykonana z wysokiej jako\u015bci, wytrzyma\u0142ych materia\u0142\u00f3w smycz Slip Dog Leash jest trwa\u0142a i odporna na rygory codziennego u\u017cytkowania. Unikalna konstrukcja \u015blizgowa pozwala na zaci\u015bni\u0119cie w odpowiedzi na ci\u0105gni\u0119cie, co pomaga naturalnie i delikatnie korygowa\u0107 niepo\u017c\u0105dane zachowanie. Gdy pies przestaje ci\u0105gn\u0105\u0107, smycz natychmiast si\u0119 rozlu\u017ania, oferuj\u0105c komfort i ulg\u0119, wzmacniaj\u0105c pozytywne zachowanie bez szorstko\u015bci.<\/p>\n<p>Prostota smyczy po\u015blizgowej sprawia, \u017ce jest ona idealna do szybkich wypad\u00f3w na zewn\u0105trz, czy to na przerwy w \u0142azience, czy kr\u00f3tkie spacery, eliminuj\u0105c potrzeb\u0119 stosowania oddzielnej obro\u017cy i smyczy. Ta funkcja jest szczeg\u00f3lnie korzystna w \u015brodowiskach szkoleniowych, w kt\u00f3rych kontrola i szybka korekta s\u0105 najwa\u017cniejsze.<\/p>\n<p>Nasza smycz Slip Dog Leash jest nie tylko praktyczna, ale tak\u017ce stylowa, dost\u0119pna w r\u00f3\u017cnych kolorach, aby dopasowa\u0107 si\u0119 do stylu Twojego i Twojego psa. Jest niezwykle \u0142atwa w u\u017cyciu - wystarczy prze\u0142o\u017cy\u0107 j\u0105 przez g\u0142ow\u0119 psa i gotowe. Smycz posiada r\u00f3wnie\u017c uchwyt w kszta\u0142cie p\u0119tli na ko\u0144cu, zapewniaj\u0105cy wygodny uchwyt, kt\u00f3ry zapobiega poparzeniom i zm\u0119czeniu liny podczas d\u0142ugich spacer\u00f3w lub aktywnych sesji treningowych.<\/p>\n<p>Idealna dla trener\u00f3w, schronisk i w\u0142a\u015bcicieli zwierz\u0105t szukaj\u0105cych skutecznego, humanitarnego sposobu na nauk\u0119 manier na smyczy, nasza smycz Slip Dog Leash oferuje proste, skuteczne podej\u015bcie do kontroli i szkolenia ps\u00f3w. Wyposa\u017c si\u0119 w to niezb\u0119dne narz\u0119dzie, aby zapewni\u0107 bezpieczniejsze, przyjemniejsze i bardziej kontrolowane spacery lub treningi.<\/p>\n<h5><strong>Czy smycze antypo\u015blizgowe s\u0105 dobre dla ps\u00f3w?<\/strong><\/h5>\n<p>Smycze antypo\u015blizgowe mog\u0105 by\u0107 dobre dla ps\u00f3w, gdy s\u0105 prawid\u0142owo u\u017cywane, szczeg\u00f3lnie do cel\u00f3w szkoleniowych lub szybkich spacer\u00f3w. Musz\u0105 by\u0107 jednak u\u017cywane ostro\u017cnie, aby zapobiec dyskomfortowi lub zad\u0142awieniu, szczeg\u00f3lnie w przypadku ps\u00f3w sk\u0142onnych do ci\u0105gni\u0119cia lub tych, kt\u00f3re nie s\u0105 jeszcze wyszkolone w chodzeniu na smyczy.<\/p>\n<h5><strong>Czy mo\u017cna wyprowadza\u0107 psa na smyczy?<\/strong><\/h5>\n<p>Chodzenie z psem na smyczy jest dopuszczalne, szczeg\u00f3lnie je\u015bli pies jest wyszkolony do chodzenia bez ci\u0105gni\u0119cia. Smycz antypo\u015blizgowa zapewnia szybk\u0105 kontrol\u0119 i jest \u0142atwa do zak\u0142adania i zdejmowania. Jednak w przypadku ps\u00f3w, kt\u00f3re ci\u0105gn\u0105 lub maj\u0105 problemy z oddychaniem, uprz\u0105\u017c mo\u017ce by\u0107 bezpieczniejsz\u0105 i wygodniejsz\u0105 opcj\u0105.<\/p>\n<h5><strong>Czy przewody \u015blizgowe przestaj\u0105 ci\u0105gn\u0105\u0107?<\/strong><\/h5>\n<p>Smycze antypo\u015blizgowe z natury nie powstrzymuj\u0105 ci\u0105gni\u0119cia. W rzeczywisto\u015bci mog\u0105 one zach\u0119ca\u0107 niekt\u00f3re psy do ci\u0105gni\u0119cia, poniewa\u017c uczucie zaci\u015bni\u0119cia mo\u017ce wywo\u0142a\u0107 u psa odruch sprzeciwu, prowadz\u0105c go do mocniejszego ci\u0105gni\u0119cia. Aby nauczy\u0107 psa, by nie ci\u0105gn\u0105\u0142, gdy u\u017cywana jest smycz antypo\u015blizgowa, konieczne jest odpowiednie szkolenie.<\/p>\n<h5><strong>Czy smycz antypo\u015blizgowa jest lepsza ni\u017c uprz\u0105\u017c?<\/strong><\/h5>\n<p>To, czy smycz antypo\u015blizgowa jest lepsza od szelek, zale\u017cy od konkretnego psa i sytuacji. W przypadku ps\u00f3w, kt\u00f3re ci\u0105gn\u0105, s\u0105 w trakcie szkolenia lub maj\u0105 pewne schorzenia, takie jak zapa\u015b\u0107 tchawicy, uprz\u0105\u017c jest zazwyczaj lepsza, poniewa\u017c rozk\u0142ada nacisk z szyi na cia\u0142o. Smycz antypo\u015blizgowa zapewnia bardziej natychmiastow\u0105 kontrol\u0119 i jest cz\u0119sto preferowana w przypadku dobrze wyszkolonych ps\u00f3w lub okre\u015blonych scenariuszy szkoleniowych, w kt\u00f3rych przewodnik potrzebuje szybkich, delikatnych korekt.<\/p>","protected":false},"excerpt":{"rendered":"<p>Ulepsz swoje sesje treningowe dzi\u0119ki naszej smyczy Slip Dog Leash, zaprojektowanej z my\u015bl\u0105 o \u0142atwej kontroli i szybkich korektach. Ten uniwersalny system smyczy i obro\u017cy napina si\u0119, gdy pies ci\u0105gnie, oferuj\u0105c delikatn\u0105 korekt\u0119, i rozlu\u017ania si\u0119, gdy pies si\u0119 podporz\u0105dkuje. Wykonany z wysokiej jako\u015bci, wytrzyma\u0142ych materia\u0142\u00f3w, jest idealny do u\u017cytku w podr\u00f3\u017cy i skuteczny w nauczaniu lepszych manier na smyczy. Lekki i \u0142atwy w u\u017cyciu, jest niezb\u0119dnym narz\u0119dziem zar\u00f3wno dla nowych w\u0142a\u015bcicieli zwierz\u0105t, jak i do\u015bwiadczonych trener\u00f3w<\/p>","protected":false},"featured_media":8229,"template":"","meta":[],"product_brand":[],"product_cat":[27],"product_tag":[],"class_list":{"0":"post-7803","1":"product","2":"type-product","3":"status-publish","4":"has-post-thumbnail","6":"product_cat-dog-leash","7":"pa_brand-qqpets","9":"first","10":"instock","11":"shipping-taxable","12":"product-type-simple"},"yoast_head":"<!-- This site is optimized with the Yoast SEO plugin v26.6 - https:\/\/yoast.com\/wordpress\/plugins\/seo\/ -->\n<title>No Pull Training Slip Dog Leash | QQPETS<\/title>\n<meta name=\"description\" content=\"Master control with our Slip Dog Leash. Ideal for training and quick walks. Durable, easy to use. Shop now!\" \/>\n<meta name=\"robots\" content=\"index, follow, max-snippet:-1, max-image-preview:large, max-video-preview:-1\" \/>\n<link rel=\"canonical\" href=\"https:\/\/qqpets.com\/pl\/produkt\/no-pull-training-slip-dog-leash\/\" \/>\n<meta property=\"og:locale\" content=\"pl_PL\" \/>\n<meta property=\"og:type\" content=\"article\" \/>\n<meta property=\"og:title\" content=\"No Pull Training Slip Dog Leash | QQPETS\" \/>\n<meta property=\"og:description\" content=\"Master control with our Slip Dog Leash. Ideal for training and quick walks. Durable, easy to use. Shop now!\" \/>\n<meta property=\"og:url\" content=\"https:\/\/qqpets.com\/pl\/produkt\/no-pull-training-slip-dog-leash\/\" \/>\n<meta property=\"og:site_name\" content=\"QQPETS\" \/>\n<meta property=\"article:publisher\" content=\"https:\/\/www.facebook.com\/QQpetsdogcollars\" \/>\n<meta property=\"article:modified_time\" content=\"2024-09-24T09:32:49+00:00\" \/>\n<meta property=\"og:image\" content=\"https:\/\/qqpets.com\/wp-content\/uploads\/2024\/09\/slip-dog-leash8.webp\" \/>\n\t<meta property=\"og:image:width\" content=\"1000\" \/>\n\t<meta property=\"og:image:height\" content=\"1000\" \/>\n\t<meta property=\"og:image:type\" content=\"image\/webp\" \/>\n<meta name=\"twitter:card\" content=\"summary_large_image\" \/>\n<meta name=\"twitter:label1\" content=\"Szacowany czas czytania\" \/>\n\t<meta name=\"twitter:data1\" content=\"3 minuty\" \/>\n<script type=\"application\/ld+json\" class=\"yoast-schema-graph\">{\"@context\":\"https:\/\/schema.org\",\"@graph\":[{\"@type\":\"WebPage\",\"@id\":\"https:\/\/qqpets.com\/product\/no-pull-training-slip-dog-leash\/\",\"url\":\"https:\/\/qqpets.com\/product\/no-pull-training-slip-dog-leash\/\",\"name\":\"No Pull Training Slip Dog Leash | QQPETS\",\"isPartOf\":{\"@id\":\"https:\/\/qqpets.com\/#website\"},\"primaryImageOfPage\":{\"@id\":\"https:\/\/qqpets.com\/product\/no-pull-training-slip-dog-leash\/#primaryimage\"},\"image\":{\"@id\":\"https:\/\/qqpets.com\/product\/no-pull-training-slip-dog-leash\/#primaryimage\"},\"thumbnailUrl\":\"https:\/\/qqpets.com\/wp-content\/uploads\/2024\/09\/slip-dog-leash8.webp\",\"datePublished\":\"2024-09-03T08:46:00+00:00\",\"dateModified\":\"2024-09-24T09:32:49+00:00\",\"description\":\"Master control with our Slip Dog Leash. Ideal for training and quick walks. Durable, easy to use. Shop now!\",\"breadcrumb\":{\"@id\":\"https:\/\/qqpets.com\/product\/no-pull-training-slip-dog-leash\/#breadcrumb\"},\"inLanguage\":\"pl-PL\",\"potentialAction\":[{\"@type\":\"ReadAction\",\"target\":[\"https:\/\/qqpets.com\/product\/no-pull-training-slip-dog-leash\/\"]}]},{\"@type\":\"ImageObject\",\"inLanguage\":\"pl-PL\",\"@id\":\"https:\/\/qqpets.com\/product\/no-pull-training-slip-dog-leash\/#primaryimage\",\"url\":\"https:\/\/qqpets.com\/wp-content\/uploads\/2024\/09\/slip-dog-leash8.webp\",\"contentUrl\":\"https:\/\/qqpets.com\/wp-content\/uploads\/2024\/09\/slip-dog-leash8.webp\",\"width\":1000,\"height\":1000},{\"@type\":\"BreadcrumbList\",\"@id\":\"https:\/\/qqpets.com\/product\/no-pull-training-slip-dog-leash\/#breadcrumb\",\"itemListElement\":[{\"@type\":\"ListItem\",\"position\":1,\"name\":\"Home\",\"item\":\"https:\/\/qqpets.com\/\"},{\"@type\":\"ListItem\",\"position\":2,\"name\":\"Products\",\"item\":\"https:\/\/qqpets.com\/pet-products-manufacturer\/\"},{\"@type\":\"ListItem\",\"position\":3,\"name\":\"No Pull Training Slip Dog Leash\"}]},{\"@type\":\"WebSite\",\"@id\":\"https:\/\/qqpets.com\/#website\",\"url\":\"https:\/\/qqpets.com\/\",\"name\":\"QQPETS\",\"description\":\"QQPETS is a pet products factory for dog harnesses, dog collars, dog leashes and dog accessories with professional customized service since 2005.\",\"publisher\":{\"@id\":\"https:\/\/qqpets.com\/#organization\"},\"potentialAction\":[{\"@type\":\"SearchAction\",\"target\":{\"@type\":\"EntryPoint\",\"urlTemplate\":\"https:\/\/qqpets.com\/?s={search_term_string}\"},\"query-input\":{\"@type\":\"PropertyValueSpecification\",\"valueRequired\":true,\"valueName\":\"search_term_string\"}}],\"inLanguage\":\"pl-PL\"},{\"@type\":\"Organization\",\"@id\":\"https:\/\/qqpets.com\/#organization\",\"name\":\"QQPETS\",\"url\":\"https:\/\/qqpets.com\/\",\"logo\":{\"@type\":\"ImageObject\",\"inLanguage\":\"pl-PL\",\"@id\":\"https:\/\/qqpets.com\/#\/schema\/logo\/image\/\",\"url\":\"https:\/\/qqpets.com\/wp-content\/uploads\/2023\/09\/cropped-cropped-qqpets-tiktok.jpg\",\"contentUrl\":\"https:\/\/qqpets.com\/wp-content\/uploads\/2023\/09\/cropped-cropped-qqpets-tiktok.jpg\",\"width\":511,\"height\":511,\"caption\":\"QQPETS\"},\"image\":{\"@id\":\"https:\/\/qqpets.com\/#\/schema\/logo\/image\/\"},\"sameAs\":[\"https:\/\/www.facebook.com\/QQpetsdogcollars\",\"https:\/\/www.instagram.com\/qqpetscollar\/\",\"https:\/\/www.pinterest.com\/qqpetsdogcollarsfactory\/\"]}]}<\/script>\n<!-- \/ Yoast SEO plugin. -->","yoast_head_json":{"title":"Smycz treningowa dla psa bez ci\u0105gni\u0119cia | QQPETS","description":"Opanuj kontrol\u0119 dzi\u0119ki naszej smyczy Slip Dog Leash. Idealna do treningu i szybkich spacer\u00f3w. Trwa\u0142a, \u0142atwa w u\u017cyciu. Kup teraz!","robots":{"index":"index","follow":"follow","max-snippet":"max-snippet:-1","max-image-preview":"max-image-preview:large","max-video-preview":"max-video-preview:-1"},"canonical":"https:\/\/qqpets.com\/pl\/produkt\/no-pull-training-slip-dog-leash\/","og_locale":"pl_PL","og_type":"article","og_title":"No Pull Training Slip Dog Leash | QQPETS","og_description":"Master control with our Slip Dog Leash. Ideal for training and quick walks. Durable, easy to use. Shop now!","og_url":"https:\/\/qqpets.com\/pl\/produkt\/no-pull-training-slip-dog-leash\/","og_site_name":"QQPETS","article_publisher":"https:\/\/www.facebook.com\/QQpetsdogcollars","article_modified_time":"2024-09-24T09:32:49+00:00","og_image":[{"width":1000,"height":1000,"url":"https:\/\/qqpets.com\/wp-content\/uploads\/2024\/09\/slip-dog-leash8.webp","type":"image\/webp"}],"twitter_card":"summary_large_image","twitter_misc":{"Szacowany czas czytania":"3 minuty"},"schema":{"@context":"https:\/\/schema.org","@graph":[{"@type":"WebPage","@id":"https:\/\/qqpets.com\/product\/no-pull-training-slip-dog-leash\/","url":"https:\/\/qqpets.com\/product\/no-pull-training-slip-dog-leash\/","name":"Smycz treningowa dla psa bez ci\u0105gni\u0119cia | QQPETS","isPartOf":{"@id":"https:\/\/qqpets.com\/#website"},"primaryImageOfPage":{"@id":"https:\/\/qqpets.com\/product\/no-pull-training-slip-dog-leash\/#primaryimage"},"image":{"@id":"https:\/\/qqpets.com\/product\/no-pull-training-slip-dog-leash\/#primaryimage"},"thumbnailUrl":"https:\/\/qqpets.com\/wp-content\/uploads\/2024\/09\/slip-dog-leash8.webp","datePublished":"2024-09-03T08:46:00+00:00","dateModified":"2024-09-24T09:32:49+00:00","description":"Opanuj kontrol\u0119 dzi\u0119ki naszej smyczy Slip Dog Leash. Idealna do treningu i szybkich spacer\u00f3w. Trwa\u0142a, \u0142atwa w u\u017cyciu. Kup teraz!","breadcrumb":{"@id":"https:\/\/qqpets.com\/product\/no-pull-training-slip-dog-leash\/#breadcrumb"},"inLanguage":"pl-PL","potentialAction":[{"@type":"ReadAction","target":["https:\/\/qqpets.com\/product\/no-pull-training-slip-dog-leash\/"]}]},{"@type":"ImageObject","inLanguage":"pl-PL","@id":"https:\/\/qqpets.com\/product\/no-pull-training-slip-dog-leash\/#primaryimage","url":"https:\/\/qqpets.com\/wp-content\/uploads\/2024\/09\/slip-dog-leash8.webp","contentUrl":"https:\/\/qqpets.com\/wp-content\/uploads\/2024\/09\/slip-dog-leash8.webp","width":1000,"height":1000},{"@type":"BreadcrumbList","@id":"https:\/\/qqpets.com\/product\/no-pull-training-slip-dog-leash\/#breadcrumb","itemListElement":[{"@type":"ListItem","position":1,"name":"Home","item":"https:\/\/qqpets.com\/"},{"@type":"ListItem","position":2,"name":"Products","item":"https:\/\/qqpets.com\/pet-products-manufacturer\/"},{"@type":"ListItem","position":3,"name":"No Pull Training Slip Dog Leash"}]},{"@type":"WebSite","@id":"https:\/\/qqpets.com\/#website","url":"https:\/\/qqpets.com\/","name":"QQPETS","description":"QQPETS to fabryka uprz\u0119\u017cy dla ps\u00f3w, obro\u017cy dla ps\u00f3w, smyczy dla ps\u00f3w i akcesori\u00f3w dla ps\u00f3w z profesjonaln\u0105 obs\u0142ug\u0105 dostosowan\u0105 do potrzeb klienta od 2005 roku.","publisher":{"@id":"https:\/\/qqpets.com\/#organization"},"potentialAction":[{"@type":"SearchAction","target":{"@type":"EntryPoint","urlTemplate":"https:\/\/qqpets.com\/?s={search_term_string}"},"query-input":{"@type":"PropertyValueSpecification","valueRequired":true,"valueName":"search_term_string"}}],"inLanguage":"pl-PL"},{"@type":"Organization","@id":"https:\/\/qqpets.com\/#organization","name":"QQPETS","url":"https:\/\/qqpets.com\/","logo":{"@type":"ImageObject","inLanguage":"pl-PL","@id":"https:\/\/qqpets.com\/#\/schema\/logo\/image\/","url":"https:\/\/qqpets.com\/wp-content\/uploads\/2023\/09\/cropped-cropped-qqpets-tiktok.jpg","contentUrl":"https:\/\/qqpets.com\/wp-content\/uploads\/2023\/09\/cropped-cropped-qqpets-tiktok.jpg","width":511,"height":511,"caption":"QQPETS"},"image":{"@id":"https:\/\/qqpets.com\/#\/schema\/logo\/image\/"},"sameAs":["https:\/\/www.facebook.com\/QQpetsdogcollars","https:\/\/www.instagram.com\/qqpetscollar\/","https:\/\/www.pinterest.com\/qqpetsdogcollarsfactory\/"]}]}},"_links":{"self":[{"href":"https:\/\/qqpets.com\/pl\/wp-json\/wp\/v2\/product\/7803","targetHints":{"allow":["GET"]}}],"collection":[{"href":"https:\/\/qqpets.com\/pl\/wp-json\/wp\/v2\/product"}],"about":[{"href":"https:\/\/qqpets.com\/pl\/wp-json\/wp\/v2\/types\/product"}],"wp:featuredmedia":[{"embeddable":true,"href":"https:\/\/qqpets.com\/pl\/wp-json\/wp\/v2\/media\/8229"}],"wp:attachment":[{"href":"https:\/\/qqpets.com\/pl\/wp-json\/wp\/v2\/media?parent=7803"}],"wp:term":[{"taxonomy":"product_brand","embeddable":true,"href":"https:\/\/qqpets.com\/pl\/wp-json\/wp\/v2\/product_brand?post=7803"},{"taxonomy":"product_cat","embeddable":true,"href":"https:\/\/qqpets.com\/pl\/wp-json\/wp\/v2\/product_cat?post=7803"},{"taxonomy":"product_tag","embeddable":true,"href":"https:\/\/qqpets.com\/pl\/wp-json\/wp\/v2\/product_tag?post=7803"}],"curies":[{"name":"wp","href":"https:\/\/api.w.org\/{rel}","templated":true}]}}