{"id":7895,"date":"2024-09-07T15:13:22","date_gmt":"2024-09-07T07:13:22","guid":{"rendered":"https:\/\/qqpets.com\/?post_type=product&#038;p=7895"},"modified":"2024-11-14T16:43:27","modified_gmt":"2024-11-14T08:43:27","slug":"led-no-pull-leash","status":"publish","type":"product","link":"https:\/\/qqpets.com\/pl\/produkt\/led-no-pull-leash\/","title":{"rendered":"Pod\u015bwietlany fotelik samochodowy z klamr\u0105 i smycz\u0105 dla psa"},"content":{"rendered":"<p>Przedstawiamy innowacyjn\u0105 smycz Light Up Hands Free Car Seat Buckle Bungee Dog Leash, idealne rozwi\u0105zanie dla w\u0142a\u015bcicieli zwierz\u0105t, kt\u00f3rzy s\u0105 zawsze w ruchu. Ta wielofunkcyjna smycz zosta\u0142a zaprojektowana tak, aby zapewni\u0107 Twojemu pupilowi bezpiecze\u0144stwo zar\u00f3wno podczas spacer\u00f3w, jak i w samochodzie.<\/p>\n<p><strong>Kluczowe cechy:<\/strong><\/p>\n<ul>\n<li><strong>O\u015bwietlenie LED:<\/strong> Wyposa\u017cona w jasne diody LED smycz zwi\u0119ksza widoczno\u015b\u0107 psa podczas wieczornych lub porannych spacer\u00f3w, zapewniaj\u0105c bezpiecze\u0144stwo w warunkach s\u0142abego o\u015bwietlenia.<\/li>\n<li><strong>Konstrukcja Bungee:<\/strong> Wbudowana linka bungee pomaga absorbowa\u0107 wstrz\u0105sy podczas nag\u0142ych ruch\u00f3w, dzi\u0119ki czemu spacery s\u0105 wygodniejsze zar\u00f3wno dla Ciebie, jak i Twojego zwierzaka, zmniejszaj\u0105c napi\u0119cie ci\u0105gn\u0105ce.<\/li>\n<li><strong>Zapi\u0119cie fotelika samochodowego bez u\u017cycia r\u0105k:<\/strong> Smycz mo\u017cna \u0142atwo przymocowa\u0107 do systemu zapi\u0119\u0107 fotela samochodowego, aby zapewni\u0107 bezpieczn\u0105 jazd\u0119. Ta funkcja zapewnia bezpieczne trzymanie zwierz\u0119cia podczas jazdy, zmniejszaj\u0105c rozpraszanie uwagi i zwi\u0119kszaj\u0105c bezpiecze\u0144stwo.<\/li>\n<li><strong>Wytrzyma\u0142e materia\u0142y:<\/strong> Wykonana z wysokiej jako\u015bci materia\u0142\u00f3w, ta smycz jest zbudowana tak, aby wytrzyma\u0107 rygory zar\u00f3wno codziennych spacer\u00f3w, jak i podr\u00f3\u017cy.<\/li>\n<\/ul>\n<p>Niezale\u017cnie od tego, czy wybierasz si\u0119 w podr\u00f3\u017c, czy po prostu idziesz pobiega\u0107, nasza smycz dla psa Light Up Hands Free Car Seat Buckle Bungee pozwala zachowa\u0107 kontrol\u0119 i bezpiecze\u0144stwo bez uszczerbku dla komfortu Twojego zwierzaka. D\u0142ugo\u015b\u0107 smyczy jest idealna, aby zapewni\u0107 psu wystarczaj\u0105c\u0105 swobod\u0119 eksploracji, pozostaj\u0105c jednocze\u015bnie pod kontrol\u0105.<\/p>\n<p>Idealna zar\u00f3wno dla nocnych poszukiwaczy przyg\u00f3d, jak i entuzjast\u00f3w podr\u00f3\u017cy, ta smycz \u0142\u0105czy w sobie bezpiecze\u0144stwo, komfort i wygod\u0119, zapewniaj\u0105c, \u017ce ka\u017cda podr\u00f3\u017c z Twoim zwierzakiem b\u0119dzie przyjemna i bezstresowa. Uaktualnij do naszej zaawansowanej smyczy i zmie\u0144 spos\u00f3b podr\u00f3\u017cowania i chodzenia ze swoim zwierzakiem.<\/p>\n<h5 data-immersive-translate-walked=\"e4de329b-2f8f-4525-aa5e-eeca8caeb592\" data-immersive-translate-paragraph=\"1\"><strong data-immersive-translate-walked=\"e4de329b-2f8f-4525-aa5e-eeca8caeb592\">Czy smycze bungee s\u0105 dobre dla ps\u00f3w?<\/strong><\/h5>\n<p data-immersive-translate-walked=\"e4de329b-2f8f-4525-aa5e-eeca8caeb592\" data-immersive-translate-paragraph=\"1\">Smycze bungee mog\u0105 by\u0107 dobre dla ps\u00f3w, poniewa\u017c pomagaj\u0105 absorbowa\u0107 wstrz\u0105sy spowodowane nag\u0142ymi ruchami, zapewniaj\u0105c bardziej komfortowy spacer zar\u00f3wno dla psa, jak i opiekuna. Mog\u0105 jednak nie by\u0107 idealne dla bardzo silnych ps\u00f3w ci\u0105gn\u0105cych, poniewa\u017c ich elastyczno\u015b\u0107 mo\u017ce zach\u0119ca\u0107 do ci\u0105gni\u0119cia.<\/p>\n<h5 data-immersive-translate-walked=\"e4de329b-2f8f-4525-aa5e-eeca8caeb592\" data-immersive-translate-paragraph=\"1\"><strong data-immersive-translate-walked=\"e4de329b-2f8f-4525-aa5e-eeca8caeb592\">Czy smycze bezdotykowe s\u0105 dobre dla ps\u00f3w, kt\u00f3re ci\u0105gn\u0105?<\/strong><\/h5>\n<p data-immersive-translate-walked=\"e4de329b-2f8f-4525-aa5e-eeca8caeb592\" data-immersive-translate-paragraph=\"1\">Og\u00f3lnie rzecz bior\u0105c, smycze bez u\u017cycia r\u0105k nie s\u0105 zalecane dla ps\u00f3w, kt\u00f3re ci\u0105gn\u0105, poniewa\u017c zapewniaj\u0105 one mniejsz\u0105 natychmiastow\u0105 kontrol\u0119 nad psem, co mo\u017ce utrudnia\u0107 zarz\u0105dzanie psem, kt\u00f3ry ma tendencj\u0119 do silnego ci\u0105gni\u0119cia.<\/p>\n<h5 data-immersive-translate-walked=\"e4de329b-2f8f-4525-aa5e-eeca8caeb592\" data-immersive-translate-paragraph=\"1\"><strong data-immersive-translate-walked=\"e4de329b-2f8f-4525-aa5e-eeca8caeb592\">Co to jest smycz g\u0142o\u015bnom\u00f3wi\u0105ca?<\/strong><\/h5>\n<p data-immersive-translate-walked=\"e4de329b-2f8f-4525-aa5e-eeca8caeb592\" data-immersive-translate-paragraph=\"1\">Smycz bezdotykowa to rodzaj smyczy dla ps\u00f3w, kt\u00f3r\u0105 zazwyczaj mocuje si\u0119 do talii opiekuna lub w poprzek cia\u0142a, umo\u017cliwiaj\u0105c chodzenie lub bieganie bez u\u017cycia r\u0105k. Zosta\u0142a zaprojektowana tak, aby trzyma\u0107 psa blisko, pozostawiaj\u0105c r\u0119ce opiekuna wolne.<\/p>\n<h5><strong>Czy g\u0142o\u015bnom\u00f3wi\u0105ce smycze dla ps\u00f3w s\u0105 bezpieczne?<\/strong><\/h5>\n<p>Bezprzewodowe smycze dla ps\u00f3w mog\u0105 by\u0107 bezpieczne, je\u015bli s\u0105 u\u017cywane prawid\u0142owo i w odpowiednich okoliczno\u015bciach. \u015awietnie nadaj\u0105 si\u0119 do aktywno\u015bci takich jak bieganie lub w\u0119dr\u00f3wki, podczas kt\u00f3rych potrzebujesz wolnych r\u0105k, ale mog\u0105 nie zapewnia\u0107 tak du\u017cej kontroli jak tradycyjna smycz, szczeg\u00f3lnie w przypadku ps\u00f3w, kt\u00f3re s\u0105 podatne na ci\u0105gni\u0119cie lub nag\u0142e wypady. Bezpiecze\u0144stwo zale\u017cy r\u00f3wnie\u017c od posiadania bezpiecznego mechanizmu mocowania w talii i niezawodnej funkcji szybkiego zwalniania.<\/p>\n<h5><strong>Jaka smycz powstrzymuje psy przed ci\u0105gni\u0119ciem?<\/strong><\/h5>\n<p>Sama smycz nie jest w stanie ca\u0142kowicie powstrzyma\u0107 psa przed ci\u0105gni\u0119ciem, ale niekt\u00f3re rodzaje smyczy i szelek mog\u0105 pom\u00f3c w kontrolowaniu i ograniczaniu ci\u0105gni\u0119cia. Najskuteczniejsze s\u0105 zazwyczaj szelki typu \"no-pull\", kt\u00f3re maj\u0105 przedni punkt mocowania smyczy. Gdy pies ci\u0105gnie, uprz\u0105\u017c przekierowuje go w stron\u0119 opiekuna, dzi\u0119ki czemu ci\u0105gni\u0119cie jest mniej satysfakcjonuj\u0105ce i \u0142atwiejsze do kontrolowania. Ten rodzaj konfiguracji mo\u017ce znacznie zniech\u0119ci\u0107 psa do ci\u0105gni\u0119cia w po\u0142\u0105czeniu z konsekwentnym treningiem.<\/p>\n<h5><strong>Czy smycze bungee s\u0105 dobre dla ps\u00f3w?<\/strong><\/h5>\n<p>Smycze bungee mog\u0105 by\u0107 korzystne zar\u00f3wno dla ps\u00f3w, jak i ich w\u0142a\u015bcicieli, poniewa\u017c pomagaj\u0105 absorbowa\u0107 wstrz\u0105sy spowodowane nag\u0142ymi ruchami lub poci\u0105gni\u0119ciami, zmniejszaj\u0105c obci\u0105\u017cenie zar\u00f3wno cia\u0142a psa, jak i opiekuna. S\u0105 one szczeg\u00f3lnie przydatne podczas aktywno\u015bci takich jak jogging, gdzie nieprzewidywalne ruchy psa mog\u0142yby spowodowa\u0107 szarpni\u0119cie smyczy.<\/p>\n<h5><strong>Czy linki bungee przestaj\u0105 ci\u0105gn\u0105\u0107?<\/strong><\/h5>\n<p>Smycze bungee nie powstrzymuj\u0105 ps\u00f3w przed ci\u0105gni\u0119ciem. Chocia\u017c mog\u0105 sprawi\u0107, \u017ce ci\u0105gni\u0119cie b\u0119dzie mniej wstrz\u0105saj\u0105ce, poch\u0142aniaj\u0105c cz\u0119\u015b\u0107 si\u0142y, mog\u0105 czasami zach\u0119ca\u0107 do ci\u0105gni\u0119cia u niekt\u00f3rych ps\u00f3w, zapewniaj\u0105c op\u00f3r, kt\u00f3ry sprawia, \u017ce ci\u0105gni\u0119cie jest satysfakcjonuj\u0105ce.<\/p>\n<h5><strong>Jaka jest najlepsza smycz do szkolenia psa, aby nie ci\u0105gn\u0105\u0142?<\/strong><\/h5>\n<p>Najlepszym rodzajem smyczy do szkolenia psa, aby nie ci\u0105gn\u0105\u0142, jest zazwyczaj standardowa nierozci\u0105gliwa smycz u\u017cywana w po\u0142\u0105czeniu z uprz\u0119\u017c\u0105 bez ci\u0105gni\u0119cia, kt\u00f3ra ma przedni punkt mocowania. Taka konfiguracja pomaga przekierowa\u0107 psa w twoj\u0105 stron\u0119, gdy pr\u00f3buje ci\u0105gn\u0105\u0107, u\u0142atwiaj\u0105c zarz\u0105dzanie i korygowanie zachowania.<\/p>\n<p>&nbsp;<\/p>","protected":false},"excerpt":{"rendered":"<p>Do\u015bwiadcz najwy\u017cszej wygody dzi\u0119ki Light Up Hands Free Car Seat Buckle Bungee Dog Leash. Zaprojektowana z my\u015bl\u0105 o bezpiecze\u0144stwie i wszechstronno\u015bci, ta smycz jest wyposa\u017cona w jasne \u015bwiat\u0142o LED zapewniaj\u0105ce widoczno\u015b\u0107 w nocy, link\u0119 bungee amortyzuj\u0105c\u0105 wstrz\u0105sy oraz klamr\u0119 do fotelika samochodowego bez u\u017cycia r\u0105k, kt\u00f3ra zapewnia bezpieczn\u0105 podr\u00f3\u017c. Idealna dla aktywnych w\u0142a\u015bcicieli zwierz\u0105t, zapewnia swobod\u0119 ruch\u00f3w, zapewniaj\u0105c jednocze\u015bnie bezpiecze\u0144stwo pupila podczas spacer\u00f3w i przeja\u017cd\u017cek.<\/p>","protected":false},"featured_media":7900,"template":"","meta":[],"product_brand":[],"product_cat":[27,21],"product_tag":[],"class_list":{"0":"post-7895","1":"product","2":"type-product","3":"status-publish","4":"has-post-thumbnail","6":"product_cat-dog-leash","7":"product_cat-led-product","8":"pa_brand-qqpets","10":"first","11":"instock","12":"shipping-taxable","13":"product-type-simple"},"yoast_head":"<!-- This site is optimized with the Yoast SEO plugin v26.6 - https:\/\/yoast.com\/wordpress\/plugins\/seo\/ -->\n<title>Light Up Hands Free Car Seat Buckle Bungee Dog Leash | QQPETS<\/title>\n<meta name=\"description\" content=\"Enhance safety with our Light Up Hands Free Dog Leash. Buckle up for car rides and enjoy bungee flexibility!\" \/>\n<meta name=\"robots\" content=\"index, follow, max-snippet:-1, max-image-preview:large, max-video-preview:-1\" \/>\n<link rel=\"canonical\" href=\"https:\/\/qqpets.com\/pl\/produkt\/led-no-pull-leash\/\" \/>\n<meta property=\"og:locale\" content=\"pl_PL\" \/>\n<meta property=\"og:type\" content=\"article\" \/>\n<meta property=\"og:title\" content=\"Light Up Hands Free Car Seat Buckle Bungee Dog Leash | QQPETS\" \/>\n<meta property=\"og:description\" content=\"Enhance safety with our Light Up Hands Free Dog Leash. Buckle up for car rides and enjoy bungee flexibility!\" \/>\n<meta property=\"og:url\" content=\"https:\/\/qqpets.com\/pl\/produkt\/led-no-pull-leash\/\" \/>\n<meta property=\"og:site_name\" content=\"QQPETS\" \/>\n<meta property=\"article:publisher\" content=\"https:\/\/www.facebook.com\/QQpetsdogcollars\" \/>\n<meta property=\"article:modified_time\" content=\"2024-11-14T08:43:27+00:00\" \/>\n<meta property=\"og:image\" content=\"https:\/\/qqpets.com\/wp-content\/uploads\/2024\/09\/3.webp\" \/>\n\t<meta property=\"og:image:width\" content=\"800\" \/>\n\t<meta property=\"og:image:height\" content=\"800\" \/>\n\t<meta property=\"og:image:type\" content=\"image\/webp\" \/>\n<meta name=\"twitter:card\" content=\"summary_large_image\" \/>\n<meta name=\"twitter:label1\" content=\"Szacowany czas czytania\" \/>\n\t<meta name=\"twitter:data1\" content=\"4 minuty\" \/>\n<script type=\"application\/ld+json\" class=\"yoast-schema-graph\">{\"@context\":\"https:\/\/schema.org\",\"@graph\":[{\"@type\":\"WebPage\",\"@id\":\"https:\/\/qqpets.com\/product\/led-no-pull-leash\/\",\"url\":\"https:\/\/qqpets.com\/product\/led-no-pull-leash\/\",\"name\":\"Light Up Hands Free Car Seat Buckle Bungee Dog Leash | QQPETS\",\"isPartOf\":{\"@id\":\"https:\/\/qqpets.com\/#website\"},\"primaryImageOfPage\":{\"@id\":\"https:\/\/qqpets.com\/product\/led-no-pull-leash\/#primaryimage\"},\"image\":{\"@id\":\"https:\/\/qqpets.com\/product\/led-no-pull-leash\/#primaryimage\"},\"thumbnailUrl\":\"https:\/\/qqpets.com\/wp-content\/uploads\/2024\/09\/3.webp\",\"datePublished\":\"2024-09-07T07:13:22+00:00\",\"dateModified\":\"2024-11-14T08:43:27+00:00\",\"description\":\"Enhance safety with our Light Up Hands Free Dog Leash. Buckle up for car rides and enjoy bungee flexibility!\",\"breadcrumb\":{\"@id\":\"https:\/\/qqpets.com\/product\/led-no-pull-leash\/#breadcrumb\"},\"inLanguage\":\"pl-PL\",\"potentialAction\":[{\"@type\":\"ReadAction\",\"target\":[\"https:\/\/qqpets.com\/product\/led-no-pull-leash\/\"]}]},{\"@type\":\"ImageObject\",\"inLanguage\":\"pl-PL\",\"@id\":\"https:\/\/qqpets.com\/product\/led-no-pull-leash\/#primaryimage\",\"url\":\"https:\/\/qqpets.com\/wp-content\/uploads\/2024\/09\/3.webp\",\"contentUrl\":\"https:\/\/qqpets.com\/wp-content\/uploads\/2024\/09\/3.webp\",\"width\":800,\"height\":800},{\"@type\":\"BreadcrumbList\",\"@id\":\"https:\/\/qqpets.com\/product\/led-no-pull-leash\/#breadcrumb\",\"itemListElement\":[{\"@type\":\"ListItem\",\"position\":1,\"name\":\"Home\",\"item\":\"https:\/\/qqpets.com\/\"},{\"@type\":\"ListItem\",\"position\":2,\"name\":\"Products\",\"item\":\"https:\/\/qqpets.com\/pet-products-manufacturer\/\"},{\"@type\":\"ListItem\",\"position\":3,\"name\":\"Light Up Hands Free Car Seat Buckle Bungee Dog Leash\"}]},{\"@type\":\"WebSite\",\"@id\":\"https:\/\/qqpets.com\/#website\",\"url\":\"https:\/\/qqpets.com\/\",\"name\":\"QQPETS\",\"description\":\"QQPETS is a pet products factory for dog harnesses, dog collars, dog leashes and dog accessories with professional customized service since 2005.\",\"publisher\":{\"@id\":\"https:\/\/qqpets.com\/#organization\"},\"potentialAction\":[{\"@type\":\"SearchAction\",\"target\":{\"@type\":\"EntryPoint\",\"urlTemplate\":\"https:\/\/qqpets.com\/?s={search_term_string}\"},\"query-input\":{\"@type\":\"PropertyValueSpecification\",\"valueRequired\":true,\"valueName\":\"search_term_string\"}}],\"inLanguage\":\"pl-PL\"},{\"@type\":\"Organization\",\"@id\":\"https:\/\/qqpets.com\/#organization\",\"name\":\"QQPETS\",\"url\":\"https:\/\/qqpets.com\/\",\"logo\":{\"@type\":\"ImageObject\",\"inLanguage\":\"pl-PL\",\"@id\":\"https:\/\/qqpets.com\/#\/schema\/logo\/image\/\",\"url\":\"https:\/\/qqpets.com\/wp-content\/uploads\/2023\/09\/cropped-cropped-qqpets-tiktok.jpg\",\"contentUrl\":\"https:\/\/qqpets.com\/wp-content\/uploads\/2023\/09\/cropped-cropped-qqpets-tiktok.jpg\",\"width\":511,\"height\":511,\"caption\":\"QQPETS\"},\"image\":{\"@id\":\"https:\/\/qqpets.com\/#\/schema\/logo\/image\/\"},\"sameAs\":[\"https:\/\/www.facebook.com\/QQpetsdogcollars\",\"https:\/\/www.instagram.com\/qqpetscollar\/\",\"https:\/\/www.pinterest.com\/qqpetsdogcollarsfactory\/\"]}]}<\/script>\n<!-- \/ Yoast SEO plugin. -->","yoast_head_json":{"title":"Pod\u015bwietlana smycz dla psa z klamr\u0105 do fotelika samochodowego | QQPETS","description":"Zwi\u0119ksz bezpiecze\u0144stwo dzi\u0119ki naszej smyczy Light Up Hands Free Dog Leash. Zapnij pasy podczas jazdy samochodem i ciesz si\u0119 elastyczno\u015bci\u0105 bungee!","robots":{"index":"index","follow":"follow","max-snippet":"max-snippet:-1","max-image-preview":"max-image-preview:large","max-video-preview":"max-video-preview:-1"},"canonical":"https:\/\/qqpets.com\/pl\/produkt\/led-no-pull-leash\/","og_locale":"pl_PL","og_type":"article","og_title":"Light Up Hands Free Car Seat Buckle Bungee Dog Leash | QQPETS","og_description":"Enhance safety with our Light Up Hands Free Dog Leash. Buckle up for car rides and enjoy bungee flexibility!","og_url":"https:\/\/qqpets.com\/pl\/produkt\/led-no-pull-leash\/","og_site_name":"QQPETS","article_publisher":"https:\/\/www.facebook.com\/QQpetsdogcollars","article_modified_time":"2024-11-14T08:43:27+00:00","og_image":[{"width":800,"height":800,"url":"https:\/\/qqpets.com\/wp-content\/uploads\/2024\/09\/3.webp","type":"image\/webp"}],"twitter_card":"summary_large_image","twitter_misc":{"Szacowany czas czytania":"4 minuty"},"schema":{"@context":"https:\/\/schema.org","@graph":[{"@type":"WebPage","@id":"https:\/\/qqpets.com\/product\/led-no-pull-leash\/","url":"https:\/\/qqpets.com\/product\/led-no-pull-leash\/","name":"Pod\u015bwietlana smycz dla psa z klamr\u0105 do fotelika samochodowego | QQPETS","isPartOf":{"@id":"https:\/\/qqpets.com\/#website"},"primaryImageOfPage":{"@id":"https:\/\/qqpets.com\/product\/led-no-pull-leash\/#primaryimage"},"image":{"@id":"https:\/\/qqpets.com\/product\/led-no-pull-leash\/#primaryimage"},"thumbnailUrl":"https:\/\/qqpets.com\/wp-content\/uploads\/2024\/09\/3.webp","datePublished":"2024-09-07T07:13:22+00:00","dateModified":"2024-11-14T08:43:27+00:00","description":"Zwi\u0119ksz bezpiecze\u0144stwo dzi\u0119ki naszej smyczy Light Up Hands Free Dog Leash. Zapnij pasy podczas jazdy samochodem i ciesz si\u0119 elastyczno\u015bci\u0105 bungee!","breadcrumb":{"@id":"https:\/\/qqpets.com\/product\/led-no-pull-leash\/#breadcrumb"},"inLanguage":"pl-PL","potentialAction":[{"@type":"ReadAction","target":["https:\/\/qqpets.com\/product\/led-no-pull-leash\/"]}]},{"@type":"ImageObject","inLanguage":"pl-PL","@id":"https:\/\/qqpets.com\/product\/led-no-pull-leash\/#primaryimage","url":"https:\/\/qqpets.com\/wp-content\/uploads\/2024\/09\/3.webp","contentUrl":"https:\/\/qqpets.com\/wp-content\/uploads\/2024\/09\/3.webp","width":800,"height":800},{"@type":"BreadcrumbList","@id":"https:\/\/qqpets.com\/product\/led-no-pull-leash\/#breadcrumb","itemListElement":[{"@type":"ListItem","position":1,"name":"Home","item":"https:\/\/qqpets.com\/"},{"@type":"ListItem","position":2,"name":"Products","item":"https:\/\/qqpets.com\/pet-products-manufacturer\/"},{"@type":"ListItem","position":3,"name":"Light Up Hands Free Car Seat Buckle Bungee Dog Leash"}]},{"@type":"WebSite","@id":"https:\/\/qqpets.com\/#website","url":"https:\/\/qqpets.com\/","name":"QQPETS","description":"QQPETS to fabryka uprz\u0119\u017cy dla ps\u00f3w, obro\u017cy dla ps\u00f3w, smyczy dla ps\u00f3w i akcesori\u00f3w dla ps\u00f3w z profesjonaln\u0105 obs\u0142ug\u0105 dostosowan\u0105 do potrzeb klienta od 2005 roku.","publisher":{"@id":"https:\/\/qqpets.com\/#organization"},"potentialAction":[{"@type":"SearchAction","target":{"@type":"EntryPoint","urlTemplate":"https:\/\/qqpets.com\/?s={search_term_string}"},"query-input":{"@type":"PropertyValueSpecification","valueRequired":true,"valueName":"search_term_string"}}],"inLanguage":"pl-PL"},{"@type":"Organization","@id":"https:\/\/qqpets.com\/#organization","name":"QQPETS","url":"https:\/\/qqpets.com\/","logo":{"@type":"ImageObject","inLanguage":"pl-PL","@id":"https:\/\/qqpets.com\/#\/schema\/logo\/image\/","url":"https:\/\/qqpets.com\/wp-content\/uploads\/2023\/09\/cropped-cropped-qqpets-tiktok.jpg","contentUrl":"https:\/\/qqpets.com\/wp-content\/uploads\/2023\/09\/cropped-cropped-qqpets-tiktok.jpg","width":511,"height":511,"caption":"QQPETS"},"image":{"@id":"https:\/\/qqpets.com\/#\/schema\/logo\/image\/"},"sameAs":["https:\/\/www.facebook.com\/QQpetsdogcollars","https:\/\/www.instagram.com\/qqpetscollar\/","https:\/\/www.pinterest.com\/qqpetsdogcollarsfactory\/"]}]}},"_links":{"self":[{"href":"https:\/\/qqpets.com\/pl\/wp-json\/wp\/v2\/product\/7895","targetHints":{"allow":["GET"]}}],"collection":[{"href":"https:\/\/qqpets.com\/pl\/wp-json\/wp\/v2\/product"}],"about":[{"href":"https:\/\/qqpets.com\/pl\/wp-json\/wp\/v2\/types\/product"}],"wp:featuredmedia":[{"embeddable":true,"href":"https:\/\/qqpets.com\/pl\/wp-json\/wp\/v2\/media\/7900"}],"wp:attachment":[{"href":"https:\/\/qqpets.com\/pl\/wp-json\/wp\/v2\/media?parent=7895"}],"wp:term":[{"taxonomy":"product_brand","embeddable":true,"href":"https:\/\/qqpets.com\/pl\/wp-json\/wp\/v2\/product_brand?post=7895"},{"taxonomy":"product_cat","embeddable":true,"href":"https:\/\/qqpets.com\/pl\/wp-json\/wp\/v2\/product_cat?post=7895"},{"taxonomy":"product_tag","embeddable":true,"href":"https:\/\/qqpets.com\/pl\/wp-json\/wp\/v2\/product_tag?post=7895"}],"curies":[{"name":"wp","href":"https:\/\/api.w.org\/{rel}","templated":true}]}}