{"id":7910,"date":"2024-09-07T15:54:26","date_gmt":"2024-09-07T07:54:26","guid":{"rendered":"https:\/\/qqpets.com\/?post_type=product&#038;p=7910"},"modified":"2024-11-13T11:58:39","modified_gmt":"2024-11-13T03:58:39","slug":"smart-qr-code-pet-collar-id-tag","status":"publish","type":"product","link":"https:\/\/qqpets.com\/pl\/produkt\/smart-qr-code-pet-collar-id-tag\/","title":{"rendered":"Inteligentny identyfikator obro\u017cy z kodem QR"},"content":{"rendered":"<p>Przedstawiamy nasz\u0105 rewolucyjn\u0105, spersonalizowan\u0105 obro\u017c\u0119 identyfikacyjn\u0105 z inteligentnym kodem QR, zaprojektowan\u0105 w celu zapewnienia nowoczesnego rozwi\u0105zania w zakresie bezpiecze\u0144stwa i identyfikacji zwierz\u0105t domowych. Dzi\u0119ki tej przywieszce Tw\u00f3j zwierzak nosi kluczowe informacje, gdziekolwiek si\u0119 udaje, \u0142atwo dost\u0119pne dzi\u0119ki szybkiemu skanowaniu.<\/p>\n<p><strong>Kluczowe cechy:<\/strong><\/p>\n<ul>\n<li><strong>Inteligentna technologia kod\u00f3w QR:<\/strong> Ka\u017cdy tag posiada unikalny kod QR, kt\u00f3ry po zeskanowaniu \u0142\u0105czy si\u0119 z konfigurowalnym profilem. Profil ten mo\u017ce zawiera\u0107 dane kontaktowe, dokumentacj\u0119 medyczn\u0105 zwierz\u0119cia, potrzeby \u017cywieniowe i inne, zapewniaj\u0105c, \u017ce ka\u017cdy, kto znajdzie Twojego zwierzaka, b\u0119dzie mia\u0142 dost\u0119p do wszystkich niezb\u0119dnych informacji, aby mu pom\u00f3c.<\/li>\n<li><strong>Opcje dostosowywania:<\/strong> Spersonalizuj przywieszk\u0119 imieniem swojego zwierzaka, numerem telefonu i wybierz spo\u015br\u00f3d r\u00f3\u017cnych wzor\u00f3w, aby dopasowa\u0107 j\u0105 do osobowo\u015bci Twojego pupila.<\/li>\n<li><strong>Wysoka wytrzyma\u0142o\u015b\u0107:<\/strong> Wykonana z wytrzyma\u0142ych materia\u0142\u00f3w przywieszka zosta\u0142a zaprojektowana tak, aby wytrzyma\u0107 wszystkie warunki pogodowe i aktywn\u0105 zabaw\u0119, zapewniaj\u0105c, \u017ce pozostanie czytelna i nienaruszona.<\/li>\n<li><strong>\u0141atwa aktualizacja:<\/strong> Profil online powi\u0105zany z kodem QR mo\u017cna aktualizowa\u0107 w dowolnym czasie i miejscu, co u\u0142atwia aktualizowanie informacji o zwierz\u0119ciu bez konieczno\u015bci wymiany identyfikatora.<\/li>\n<\/ul>\n<p>Ten identyfikator jest idealny dla ka\u017cdego w\u0142a\u015bciciela zwierz\u0119cia, kt\u00f3ry chce po\u0142\u0105czy\u0107 bezpiecze\u0144stwo z wygod\u0105. Niezale\u017cnie od tego, czy Tw\u00f3j zwierzak lubi ucieka\u0107, czy po prostu chcesz mie\u0107 spok\u00f3j ducha, gdy jeste\u015b poza domem, ta przywieszka zapewnia niezawodny spos\u00f3b na zapewnienie bezpiecze\u0144stwa ukochanemu towarzyszowi.<\/p>\n<p>Wybieraj\u0105c nasz niestandardowy, spersonalizowany identyfikator z inteligentnym kodem QR do obro\u017cy dla zwierz\u0105t, otrzymujesz nie tylko identyfikator; zyskujesz pewno\u015b\u0107, \u017ce Twoje zwierz\u0119 mo\u017cna \u0142atwo zidentyfikowa\u0107 i bezpiecznie odes\u0142a\u0107 do domu w przypadku zagubienia. To niewielka inwestycja, kt\u00f3ra mo\u017ce mie\u0107 du\u017cy wp\u0142yw na bezpiecze\u0144stwo Twojego zwierzaka.<\/p>\n<h5><strong>Czy nie\u015bmiertelniki z kodem QR s\u0105 legalne?<\/strong><\/h5>\n<p>Tak, identyfikatory dla ps\u00f3w z kodem QR s\u0105 legalne. S\u0105 one innowacyjn\u0105 alternatyw\u0105 dla tradycyjnych grawerowanych identyfikator\u00f3w i mog\u0105 przechowywa\u0107 bardziej szczeg\u00f3\u0142owe informacje o zwierz\u0119ciu, co mo\u017ce by\u0107 pomocne w przypadku zagubienia si\u0119 psa.<\/p>\n<h5><strong>Czy identyfikatory QR dzia\u0142aj\u0105?<\/strong><\/h5>\n<p>Tak, identyfikatory QR dzia\u0142aj\u0105 skutecznie. Gdy kto\u015b znajdzie psa z tagiem z kodem QR, mo\u017ce zeskanowa\u0107 kod za pomoc\u0105 smartfona, kt\u00f3ry zazwyczaj przekieruje go na stron\u0119 internetow\u0105 z informacjami o psie, w tym danymi kontaktowymi w\u0142a\u015bciciela.<\/p>\n<h5>Jakie informacje s\u0105 prawnie wymagane na identyfikatorze dla psa?<\/h5>\n<p>Informacje prawnie wymagane na identyfikatorze dla psa mog\u0105 si\u0119 r\u00f3\u017cni\u0107 w zale\u017cno\u015bci od lokalnych przepis\u00f3w obowi\u0105zuj\u0105cych w miejscu zamieszkania. Jednak w wielu miejscach powszechnie wymagane s\u0105 nast\u0119puj\u0105ce szczeg\u00f3\u0142y:<\/p>\n<ol>\n<li><strong>Nazwa w\u0142a\u015bciciela<\/strong>: Pe\u0142ne imi\u0119 i nazwisko w\u0142a\u015bciciela psa w celu zapewnienia w\u0142a\u015bciwej identyfikacji i odpowiedzialno\u015bci.<\/li>\n<li><strong>Informacje kontaktowe<\/strong>: Co najmniej jeden numer telefonu, pod kt\u00f3rym mo\u017cna skontaktowa\u0107 si\u0119 z w\u0142a\u015bcicielem. Niekt\u00f3re obszary mog\u0105 wymaga\u0107 dodatkowych numer\u00f3w lub nawet adresu.<\/li>\n<\/ol>\n<p>Zaleca si\u0119 r\u00f3wnie\u017c do\u0142\u0105czenie wszelkich istotnych informacji medycznych, je\u015bli pies ma okre\u015blone problemy zdrowotne, kt\u00f3re wymagaj\u0105 natychmiastowej uwagi w przypadku zagubienia. Chocia\u017c nie zawsze jest to prawnie wymagane, mo\u017ce to mie\u0107 kluczowe znaczenie dla bezpiecze\u0144stwa zwierz\u0119cia. Zawsze sprawdzaj lokalne przepisy, aby zapewni\u0107 zgodno\u015b\u0107 z okre\u015blonymi lokalnymi wymogami dotycz\u0105cymi identyfikacji zwierz\u0105t domowych.<\/p>","protected":false},"excerpt":{"rendered":"<p>Zwi\u0119ksz bezpiecze\u0144stwo swojego zwierzaka dzi\u0119ki naszej niestandardowej, spersonalizowanej obro\u017cy z inteligentnym kodem QR. Ta innowacyjna przywieszka zawiera kod QR, kt\u00f3ry \u0142\u0105czy si\u0119 z osobistym profilem zawieraj\u0105cym niezb\u0119dne informacje kontaktowe i zdrowotne. \u0141atwo aktualizowalny i dost\u0119pny, zapewnia, \u017ce Tw\u00f3j zwierzak zawsze mo\u017ce znale\u017a\u0107 drog\u0119 powrotn\u0105 do Ciebie. Mo\u017cliwo\u015b\u0107 personalizacji za pomoc\u0105 wybranych wzor\u00f3w sprawia, \u017ce jest ona nie tylko praktyczna, ale i stylowa.<\/p>","protected":false},"featured_media":7912,"template":"","meta":[],"product_brand":[],"product_cat":[26],"product_tag":[],"class_list":{"0":"post-7910","1":"product","2":"type-product","3":"status-publish","4":"has-post-thumbnail","6":"product_cat-dog-collar","7":"pa_brand-qqpets","9":"first","10":"instock","11":"shipping-taxable","12":"product-type-simple"},"yoast_head":"<!-- This site is optimized with the Yoast SEO plugin v26.6 - https:\/\/yoast.com\/wordpress\/plugins\/seo\/ -->\n<title>Smart QR Code Pet Collar ID Tag | QQPETS<\/title>\n<meta name=\"description\" content=\"Secure your pet with our Smart QR Code ID Tag. Custom, trackable, and stylish. Perfect for peace of mind!\" \/>\n<meta name=\"robots\" content=\"index, follow, max-snippet:-1, max-image-preview:large, max-video-preview:-1\" \/>\n<link rel=\"canonical\" href=\"https:\/\/qqpets.com\/pl\/produkt\/smart-qr-code-pet-collar-id-tag\/\" \/>\n<meta property=\"og:locale\" content=\"pl_PL\" \/>\n<meta property=\"og:type\" content=\"article\" \/>\n<meta property=\"og:title\" content=\"Smart QR Code Pet Collar ID Tag | QQPETS\" \/>\n<meta property=\"og:description\" content=\"Secure your pet with our Smart QR Code ID Tag. Custom, trackable, and stylish. Perfect for peace of mind!\" \/>\n<meta property=\"og:url\" content=\"https:\/\/qqpets.com\/pl\/produkt\/smart-qr-code-pet-collar-id-tag\/\" \/>\n<meta property=\"og:site_name\" content=\"QQPETS\" \/>\n<meta property=\"article:publisher\" content=\"https:\/\/www.facebook.com\/QQpetsdogcollars\" \/>\n<meta property=\"article:modified_time\" content=\"2024-11-13T03:58:39+00:00\" \/>\n<meta property=\"og:image\" content=\"https:\/\/qqpets.com\/wp-content\/uploads\/2024\/09\/QR-CODE-PET-COLLAR2.webp\" \/>\n\t<meta property=\"og:image:width\" content=\"1000\" \/>\n\t<meta property=\"og:image:height\" content=\"1000\" \/>\n\t<meta property=\"og:image:type\" content=\"image\/webp\" \/>\n<meta name=\"twitter:card\" content=\"summary_large_image\" \/>\n<meta name=\"twitter:label1\" content=\"Szacowany czas czytania\" \/>\n\t<meta name=\"twitter:data1\" content=\"3 minuty\" \/>\n<script type=\"application\/ld+json\" class=\"yoast-schema-graph\">{\"@context\":\"https:\/\/schema.org\",\"@graph\":[{\"@type\":\"WebPage\",\"@id\":\"https:\/\/qqpets.com\/product\/smart-qr-code-pet-collar-id-tag\/\",\"url\":\"https:\/\/qqpets.com\/product\/smart-qr-code-pet-collar-id-tag\/\",\"name\":\"Smart QR Code Pet Collar ID Tag | QQPETS\",\"isPartOf\":{\"@id\":\"https:\/\/qqpets.com\/#website\"},\"primaryImageOfPage\":{\"@id\":\"https:\/\/qqpets.com\/product\/smart-qr-code-pet-collar-id-tag\/#primaryimage\"},\"image\":{\"@id\":\"https:\/\/qqpets.com\/product\/smart-qr-code-pet-collar-id-tag\/#primaryimage\"},\"thumbnailUrl\":\"https:\/\/qqpets.com\/wp-content\/uploads\/2024\/09\/QR-CODE-PET-COLLAR2.webp\",\"datePublished\":\"2024-09-07T07:54:26+00:00\",\"dateModified\":\"2024-11-13T03:58:39+00:00\",\"description\":\"Secure your pet with our Smart QR Code ID Tag. Custom, trackable, and stylish. Perfect for peace of mind!\",\"breadcrumb\":{\"@id\":\"https:\/\/qqpets.com\/product\/smart-qr-code-pet-collar-id-tag\/#breadcrumb\"},\"inLanguage\":\"pl-PL\",\"potentialAction\":[{\"@type\":\"ReadAction\",\"target\":[\"https:\/\/qqpets.com\/product\/smart-qr-code-pet-collar-id-tag\/\"]}]},{\"@type\":\"ImageObject\",\"inLanguage\":\"pl-PL\",\"@id\":\"https:\/\/qqpets.com\/product\/smart-qr-code-pet-collar-id-tag\/#primaryimage\",\"url\":\"https:\/\/qqpets.com\/wp-content\/uploads\/2024\/09\/QR-CODE-PET-COLLAR2.webp\",\"contentUrl\":\"https:\/\/qqpets.com\/wp-content\/uploads\/2024\/09\/QR-CODE-PET-COLLAR2.webp\",\"width\":1000,\"height\":1000},{\"@type\":\"BreadcrumbList\",\"@id\":\"https:\/\/qqpets.com\/product\/smart-qr-code-pet-collar-id-tag\/#breadcrumb\",\"itemListElement\":[{\"@type\":\"ListItem\",\"position\":1,\"name\":\"Home\",\"item\":\"https:\/\/qqpets.com\/\"},{\"@type\":\"ListItem\",\"position\":2,\"name\":\"Products\",\"item\":\"https:\/\/qqpets.com\/pet-products-manufacturer\/\"},{\"@type\":\"ListItem\",\"position\":3,\"name\":\"Smart QR Code Pet Collar ID Tag\"}]},{\"@type\":\"WebSite\",\"@id\":\"https:\/\/qqpets.com\/#website\",\"url\":\"https:\/\/qqpets.com\/\",\"name\":\"QQPETS\",\"description\":\"QQPETS is a pet products factory for dog harnesses, dog collars, dog leashes and dog accessories with professional customized service since 2005.\",\"publisher\":{\"@id\":\"https:\/\/qqpets.com\/#organization\"},\"potentialAction\":[{\"@type\":\"SearchAction\",\"target\":{\"@type\":\"EntryPoint\",\"urlTemplate\":\"https:\/\/qqpets.com\/?s={search_term_string}\"},\"query-input\":{\"@type\":\"PropertyValueSpecification\",\"valueRequired\":true,\"valueName\":\"search_term_string\"}}],\"inLanguage\":\"pl-PL\"},{\"@type\":\"Organization\",\"@id\":\"https:\/\/qqpets.com\/#organization\",\"name\":\"QQPETS\",\"url\":\"https:\/\/qqpets.com\/\",\"logo\":{\"@type\":\"ImageObject\",\"inLanguage\":\"pl-PL\",\"@id\":\"https:\/\/qqpets.com\/#\/schema\/logo\/image\/\",\"url\":\"https:\/\/qqpets.com\/wp-content\/uploads\/2023\/09\/cropped-cropped-qqpets-tiktok.jpg\",\"contentUrl\":\"https:\/\/qqpets.com\/wp-content\/uploads\/2023\/09\/cropped-cropped-qqpets-tiktok.jpg\",\"width\":511,\"height\":511,\"caption\":\"QQPETS\"},\"image\":{\"@id\":\"https:\/\/qqpets.com\/#\/schema\/logo\/image\/\"},\"sameAs\":[\"https:\/\/www.facebook.com\/QQpetsdogcollars\",\"https:\/\/www.instagram.com\/qqpetscollar\/\",\"https:\/\/www.pinterest.com\/qqpetsdogcollarsfactory\/\"]}]}<\/script>\n<!-- \/ Yoast SEO plugin. -->","yoast_head_json":{"title":"Inteligentny identyfikator obro\u017cy z kodem QR | QQPETS","description":"Zabezpiecz swoje zwierz\u0119 za pomoc\u0105 naszego inteligentnego identyfikatora z kodem QR. Niestandardowy, identyfikowalny i stylowy. Idealny dla spokoju ducha!","robots":{"index":"index","follow":"follow","max-snippet":"max-snippet:-1","max-image-preview":"max-image-preview:large","max-video-preview":"max-video-preview:-1"},"canonical":"https:\/\/qqpets.com\/pl\/produkt\/smart-qr-code-pet-collar-id-tag\/","og_locale":"pl_PL","og_type":"article","og_title":"Smart QR Code Pet Collar ID Tag | QQPETS","og_description":"Secure your pet with our Smart QR Code ID Tag. Custom, trackable, and stylish. Perfect for peace of mind!","og_url":"https:\/\/qqpets.com\/pl\/produkt\/smart-qr-code-pet-collar-id-tag\/","og_site_name":"QQPETS","article_publisher":"https:\/\/www.facebook.com\/QQpetsdogcollars","article_modified_time":"2024-11-13T03:58:39+00:00","og_image":[{"width":1000,"height":1000,"url":"https:\/\/qqpets.com\/wp-content\/uploads\/2024\/09\/QR-CODE-PET-COLLAR2.webp","type":"image\/webp"}],"twitter_card":"summary_large_image","twitter_misc":{"Szacowany czas czytania":"3 minuty"},"schema":{"@context":"https:\/\/schema.org","@graph":[{"@type":"WebPage","@id":"https:\/\/qqpets.com\/product\/smart-qr-code-pet-collar-id-tag\/","url":"https:\/\/qqpets.com\/product\/smart-qr-code-pet-collar-id-tag\/","name":"Inteligentny identyfikator obro\u017cy z kodem QR | QQPETS","isPartOf":{"@id":"https:\/\/qqpets.com\/#website"},"primaryImageOfPage":{"@id":"https:\/\/qqpets.com\/product\/smart-qr-code-pet-collar-id-tag\/#primaryimage"},"image":{"@id":"https:\/\/qqpets.com\/product\/smart-qr-code-pet-collar-id-tag\/#primaryimage"},"thumbnailUrl":"https:\/\/qqpets.com\/wp-content\/uploads\/2024\/09\/QR-CODE-PET-COLLAR2.webp","datePublished":"2024-09-07T07:54:26+00:00","dateModified":"2024-11-13T03:58:39+00:00","description":"Zabezpiecz swoje zwierz\u0119 za pomoc\u0105 naszego inteligentnego identyfikatora z kodem QR. Niestandardowy, identyfikowalny i stylowy. Idealny dla spokoju ducha!","breadcrumb":{"@id":"https:\/\/qqpets.com\/product\/smart-qr-code-pet-collar-id-tag\/#breadcrumb"},"inLanguage":"pl-PL","potentialAction":[{"@type":"ReadAction","target":["https:\/\/qqpets.com\/product\/smart-qr-code-pet-collar-id-tag\/"]}]},{"@type":"ImageObject","inLanguage":"pl-PL","@id":"https:\/\/qqpets.com\/product\/smart-qr-code-pet-collar-id-tag\/#primaryimage","url":"https:\/\/qqpets.com\/wp-content\/uploads\/2024\/09\/QR-CODE-PET-COLLAR2.webp","contentUrl":"https:\/\/qqpets.com\/wp-content\/uploads\/2024\/09\/QR-CODE-PET-COLLAR2.webp","width":1000,"height":1000},{"@type":"BreadcrumbList","@id":"https:\/\/qqpets.com\/product\/smart-qr-code-pet-collar-id-tag\/#breadcrumb","itemListElement":[{"@type":"ListItem","position":1,"name":"Home","item":"https:\/\/qqpets.com\/"},{"@type":"ListItem","position":2,"name":"Products","item":"https:\/\/qqpets.com\/pet-products-manufacturer\/"},{"@type":"ListItem","position":3,"name":"Smart QR Code Pet Collar ID Tag"}]},{"@type":"WebSite","@id":"https:\/\/qqpets.com\/#website","url":"https:\/\/qqpets.com\/","name":"QQPETS","description":"QQPETS to fabryka uprz\u0119\u017cy dla ps\u00f3w, obro\u017cy dla ps\u00f3w, smyczy dla ps\u00f3w i akcesori\u00f3w dla ps\u00f3w z profesjonaln\u0105 obs\u0142ug\u0105 dostosowan\u0105 do potrzeb klienta od 2005 roku.","publisher":{"@id":"https:\/\/qqpets.com\/#organization"},"potentialAction":[{"@type":"SearchAction","target":{"@type":"EntryPoint","urlTemplate":"https:\/\/qqpets.com\/?s={search_term_string}"},"query-input":{"@type":"PropertyValueSpecification","valueRequired":true,"valueName":"search_term_string"}}],"inLanguage":"pl-PL"},{"@type":"Organization","@id":"https:\/\/qqpets.com\/#organization","name":"QQPETS","url":"https:\/\/qqpets.com\/","logo":{"@type":"ImageObject","inLanguage":"pl-PL","@id":"https:\/\/qqpets.com\/#\/schema\/logo\/image\/","url":"https:\/\/qqpets.com\/wp-content\/uploads\/2023\/09\/cropped-cropped-qqpets-tiktok.jpg","contentUrl":"https:\/\/qqpets.com\/wp-content\/uploads\/2023\/09\/cropped-cropped-qqpets-tiktok.jpg","width":511,"height":511,"caption":"QQPETS"},"image":{"@id":"https:\/\/qqpets.com\/#\/schema\/logo\/image\/"},"sameAs":["https:\/\/www.facebook.com\/QQpetsdogcollars","https:\/\/www.instagram.com\/qqpetscollar\/","https:\/\/www.pinterest.com\/qqpetsdogcollarsfactory\/"]}]}},"_links":{"self":[{"href":"https:\/\/qqpets.com\/pl\/wp-json\/wp\/v2\/product\/7910","targetHints":{"allow":["GET"]}}],"collection":[{"href":"https:\/\/qqpets.com\/pl\/wp-json\/wp\/v2\/product"}],"about":[{"href":"https:\/\/qqpets.com\/pl\/wp-json\/wp\/v2\/types\/product"}],"wp:featuredmedia":[{"embeddable":true,"href":"https:\/\/qqpets.com\/pl\/wp-json\/wp\/v2\/media\/7912"}],"wp:attachment":[{"href":"https:\/\/qqpets.com\/pl\/wp-json\/wp\/v2\/media?parent=7910"}],"wp:term":[{"taxonomy":"product_brand","embeddable":true,"href":"https:\/\/qqpets.com\/pl\/wp-json\/wp\/v2\/product_brand?post=7910"},{"taxonomy":"product_cat","embeddable":true,"href":"https:\/\/qqpets.com\/pl\/wp-json\/wp\/v2\/product_cat?post=7910"},{"taxonomy":"product_tag","embeddable":true,"href":"https:\/\/qqpets.com\/pl\/wp-json\/wp\/v2\/product_tag?post=7910"}],"curies":[{"name":"wp","href":"https:\/\/api.w.org\/{rel}","templated":true}]}}