{"id":8041,"date":"2024-09-20T11:32:59","date_gmt":"2024-09-20T03:32:59","guid":{"rendered":"https:\/\/qqpets.com\/?post_type=product&#038;p=8041"},"modified":"2024-09-24T17:22:01","modified_gmt":"2024-09-24T09:22:01","slug":"reversible-dog-harness","status":"publish","type":"product","link":"https:\/\/qqpets.com\/pl\/produkt\/reversible-dog-harness\/","title":{"rendered":"Odwracalne szelki dla psa"},"content":{"rendered":"<p>Przedstawiamy nasze wszechstronne szelki Reversible Dog Harness, idealne akcesorium dla ps\u00f3w, kt\u00f3re lubi\u0105, gdy ich garderoba jest tak dynamiczna, jak ich spacery. Ta innowacyjna uprz\u0105\u017c pozwala prze\u0142\u0105cza\u0107 si\u0119 mi\u0119dzy dwoma modnymi wzorami za pomoc\u0105 prostego przerzucenia, zapewniaj\u0105c \u015bwie\u017cy wygl\u0105d na ka\u017cde wyj\u015bcie.<\/p>\n<p><strong>Kluczowe cechy:<\/strong><\/p>\n<ul>\n<li><strong>Podw\u00f3jna konstrukcja:<\/strong> Ka\u017cda uprz\u0105\u017c ma dwa unikalne, przyci\u0105gaj\u0105ce wzrok wzory. Niezale\u017cnie od tego, czy masz ochot\u0119 na odwa\u017cny nadruk, czy subtelny klasyk, mo\u017cesz \u0142atwo odwr\u00f3ci\u0107 uprz\u0105\u017c, aby uzyska\u0107 nowy wygl\u0105d.<\/li>\n<li><strong>Koncentracja na komforcie:<\/strong> Wykonane z mi\u0119kkich, oddychaj\u0105cych materia\u0142\u00f3w, kt\u00f3re nie podra\u017cniaj\u0105 sk\u00f3ry zwierz\u0119cia, zapewniaj\u0105c komfort podczas d\u0142ugich spacer\u00f3w.<\/li>\n<li><strong>Regulowane dopasowanie:<\/strong> W pe\u0142ni regulowane paski pozwalaj\u0105 na indywidualne dopasowanie do wzrostu lub zmian wielko\u015bci psa. Idealne dopasowanie zapewnia psu bezpiecze\u0144stwo i komfort, zmniejszaj\u0105c ryzyko ucieczki.<\/li>\n<li><strong>\u0141atwy w u\u017cyciu:<\/strong> Funkcje takie jak szybko odpinane klamry u\u0142atwiaj\u0105 zak\u0142adanie i zdejmowanie uprz\u0119\u017cy, dzi\u0119ki czemu przygotowanie do spacer\u00f3w jest szybkie i bezproblemowe.<\/li>\n<li><strong>Wytrzyma\u0142a konstrukcja:<\/strong> Wykonana z wysokiej jako\u015bci materia\u0142\u00f3w uprz\u0105\u017c zosta\u0142a zaprojektowana tak, aby wytrzyma\u0107 rygory aktywnego u\u017cytkowania, zapewniaj\u0105c d\u0142ugotrwa\u0142e noszenie bez po\u015bwi\u0119cania stylu.<\/li>\n<\/ul>\n<p>Niezale\u017cnie od tego, czy wybierasz si\u0119 do parku dla ps\u00f3w, na spacer po mie\u015bcie, czy na spotkanie, na kt\u00f3rym Tw\u00f3j pupil musi wygl\u0105da\u0107 jak najlepiej, nasze dwustronne szelki dla psa sprostaj\u0105 wymaganiom codziennego u\u017cytkowania, jednocze\u015bnie zapewniaj\u0105c psu stylowy wygl\u0105d. To idealny wyb\u00f3r dla w\u0142a\u015bcicieli zwierz\u0105t, kt\u00f3rzy ceni\u0105 sobie funkcjonalno\u015b\u0107, styl i wszechstronno\u015b\u0107 akcesori\u00f3w dla ps\u00f3w.<\/p>\n<p>Wybierz nasze dwustronne szelki dla psa, aby nada\u0107 spacerom odrobin\u0119 stylu i r\u00f3\u017cnorodno\u015bci, dzi\u0119ki czemu ka\u017cde wyj\u015bcie z pupilem b\u0119dzie wyj\u0105tkowe i przyjemne. To co\u015b wi\u0119cej ni\u017c tylko uprz\u0105\u017c; to moda, kt\u00f3ra spe\u0142nia praktyczne potrzeby.<\/p>\n<h5><strong>Co to jest uprz\u0105\u017c odwracalna?<\/strong><\/h5>\n<p>Uprz\u0105\u017c dwustronna to rodzaj uprz\u0119\u017cy dla psa, kt\u00f3r\u0105 mo\u017cna nosi\u0107 po obu stronach. Zwykle maj\u0105 dwa r\u00f3\u017cne wzory lub kolory, po jednym z ka\u017cdej strony, umo\u017cliwiaj\u0105c w\u0142a\u015bcicielowi prze\u0142\u0105czanie si\u0119 mi\u0119dzy nimi bez konieczno\u015bci stosowania dw\u00f3ch oddzielnych uprz\u0119\u017cy.<\/p>\n<h5><strong>Z jakiej uprz\u0119\u017cy pies nie mo\u017ce si\u0119 wycofa\u0107?<\/strong><\/h5>\n<p>Uprz\u0119\u017ce z bezpiecznym dopasowaniem i wieloma punktami regulacji, takie jak te z p\u0119tl\u0105 martingale na klatce piersiowej, s\u0105 zaprojektowane tak, aby zapobiega\u0107 wycofywaniu si\u0119 ps\u00f3w. Zazwyczaj s\u0105 one bardzo ciasne i dopasowuj\u0105 si\u0119, aby lekko si\u0119 zacisn\u0105\u0107, gdy pies ci\u0105gnie, zapobiegaj\u0105c ucieczce.<\/p>\n<h5><strong>Czy psy mog\u0105 ci\u0105gn\u0105\u0107 mocniej w uprz\u0119\u017cy?<\/strong><\/h5>\n<p>Tak, niekt\u00f3re psy mog\u0105 ci\u0105gn\u0105\u0107 mocniej z uprz\u0119\u017c\u0105 zapinan\u0105 z ty\u0142u, poniewa\u017c pozwala im ona na wykorzystanie ca\u0142ej masy cia\u0142a do ci\u0105gni\u0119cia do przodu bez dyskomfortu dla szyi. Uprz\u0119\u017ce zapinane z przodu lub bez ci\u0105gni\u0119cia maj\u0105 na celu z\u0142agodzenie tego zjawiska poprzez przekierowanie si\u0142y ci\u0105gni\u0119cia na bok lub w kierunku w\u0142a\u015bciciela, co utrudnia psu ci\u0105gni\u0119cie.<\/p>\n<h5><strong>Czy pies mo\u017ce nosi\u0107 uprz\u0105\u017c przez ca\u0142y czas?<\/strong><\/h5>\n<p>Nie zaleca si\u0119, aby pies nosi\u0142 uprz\u0105\u017c przez ca\u0142y czas. Ci\u0105g\u0142e noszenie mo\u017ce prowadzi\u0107 do podra\u017cnie\u0144 sk\u00f3ry, matowienia sier\u015bci lub dyskomfortu, zw\u0142aszcza pod pachami. Najlepiej jest zdejmowa\u0107 uprz\u0105\u017c, gdy nie jest u\u017cywana, na przyk\u0142ad w pomieszczeniach lub gdy pies odpoczywa.<\/p>","protected":false},"excerpt":{"rendered":"<p>Od\u015bwie\u017c swoje spacery dzi\u0119ki naszym dwustronnym szelkom dla psa, oferuj\u0105cym dwa stylowe wzory w jednym wygodnym projekcie. Idealne dla modnych zwierz\u0105t i w\u0142a\u015bcicieli, te szelki zosta\u0142y wykonane z my\u015bl\u0105 o wygodzie i trwa\u0142o\u015bci. Posiada regulowane paski dla idealnego dopasowania i klamry szybkiego zwalniania dla \u0142atwego zak\u0142adania i zdejmowania. Lekkie, ale wytrzyma\u0142e, zapewniaj\u0105 optymaln\u0105 kontrol\u0119 i komfort podczas spacer\u00f3w. Idealne na ka\u017cd\u0105 okazj\u0119, prze\u0142\u0105czaj si\u0119 mi\u0119dzy wygl\u0105dem bez wysi\u0142ku dzi\u0119ki naszej dwustronnej uprz\u0119\u017cy.<\/p>","protected":false},"featured_media":8227,"template":"","meta":[],"product_brand":[],"product_cat":[23],"product_tag":[],"class_list":{"0":"post-8041","1":"product","2":"type-product","3":"status-publish","4":"has-post-thumbnail","6":"product_cat-dog-harness","7":"pa_brand-qqpets","9":"first","10":"instock","11":"shipping-taxable","12":"product-type-simple"},"yoast_head":"<!-- This site is optimized with the Yoast SEO plugin v26.6 - https:\/\/yoast.com\/wordpress\/plugins\/seo\/ -->\n<title>Reversible Dog Harness | QQPETS<\/title>\n<meta name=\"description\" content=\"Switch up your style with our Reversible Dog Harness. Two looks in one for every adventure. Shop now for versatility!\" \/>\n<meta name=\"robots\" content=\"index, follow, max-snippet:-1, max-image-preview:large, max-video-preview:-1\" \/>\n<link rel=\"canonical\" href=\"https:\/\/qqpets.com\/pl\/produkt\/reversible-dog-harness\/\" \/>\n<meta property=\"og:locale\" content=\"pl_PL\" \/>\n<meta property=\"og:type\" content=\"article\" \/>\n<meta property=\"og:title\" content=\"Reversible Dog Harness | QQPETS\" \/>\n<meta property=\"og:description\" content=\"Switch up your style with our Reversible Dog Harness. Two looks in one for every adventure. Shop now for versatility!\" \/>\n<meta property=\"og:url\" content=\"https:\/\/qqpets.com\/pl\/produkt\/reversible-dog-harness\/\" \/>\n<meta property=\"og:site_name\" content=\"QQPETS\" \/>\n<meta property=\"article:publisher\" content=\"https:\/\/www.facebook.com\/QQpetsdogcollars\" \/>\n<meta property=\"article:modified_time\" content=\"2024-09-24T09:22:01+00:00\" \/>\n<meta property=\"og:image\" content=\"https:\/\/qqpets.com\/wp-content\/uploads\/2024\/09\/Reversible-dog-Harness1-2.webp\" \/>\n\t<meta property=\"og:image:width\" content=\"1000\" \/>\n\t<meta property=\"og:image:height\" content=\"1000\" \/>\n\t<meta property=\"og:image:type\" content=\"image\/webp\" \/>\n<meta name=\"twitter:card\" content=\"summary_large_image\" \/>\n<meta name=\"twitter:label1\" content=\"Szacowany czas czytania\" \/>\n\t<meta name=\"twitter:data1\" content=\"3 minuty\" \/>\n<script type=\"application\/ld+json\" class=\"yoast-schema-graph\">{\"@context\":\"https:\/\/schema.org\",\"@graph\":[{\"@type\":\"WebPage\",\"@id\":\"https:\/\/qqpets.com\/product\/reversible-dog-harness\/\",\"url\":\"https:\/\/qqpets.com\/product\/reversible-dog-harness\/\",\"name\":\"Reversible Dog Harness | QQPETS\",\"isPartOf\":{\"@id\":\"https:\/\/qqpets.com\/#website\"},\"primaryImageOfPage\":{\"@id\":\"https:\/\/qqpets.com\/product\/reversible-dog-harness\/#primaryimage\"},\"image\":{\"@id\":\"https:\/\/qqpets.com\/product\/reversible-dog-harness\/#primaryimage\"},\"thumbnailUrl\":\"https:\/\/qqpets.com\/wp-content\/uploads\/2024\/09\/Reversible-dog-Harness1-2.webp\",\"datePublished\":\"2024-09-20T03:32:59+00:00\",\"dateModified\":\"2024-09-24T09:22:01+00:00\",\"description\":\"Switch up your style with our Reversible Dog Harness. Two looks in one for every adventure. Shop now for versatility!\",\"breadcrumb\":{\"@id\":\"https:\/\/qqpets.com\/product\/reversible-dog-harness\/#breadcrumb\"},\"inLanguage\":\"pl-PL\",\"potentialAction\":[{\"@type\":\"ReadAction\",\"target\":[\"https:\/\/qqpets.com\/product\/reversible-dog-harness\/\"]}]},{\"@type\":\"ImageObject\",\"inLanguage\":\"pl-PL\",\"@id\":\"https:\/\/qqpets.com\/product\/reversible-dog-harness\/#primaryimage\",\"url\":\"https:\/\/qqpets.com\/wp-content\/uploads\/2024\/09\/Reversible-dog-Harness1-2.webp\",\"contentUrl\":\"https:\/\/qqpets.com\/wp-content\/uploads\/2024\/09\/Reversible-dog-Harness1-2.webp\",\"width\":1000,\"height\":1000,\"caption\":\"Reversible-dog-Harness1 (2)\"},{\"@type\":\"BreadcrumbList\",\"@id\":\"https:\/\/qqpets.com\/product\/reversible-dog-harness\/#breadcrumb\",\"itemListElement\":[{\"@type\":\"ListItem\",\"position\":1,\"name\":\"Home\",\"item\":\"https:\/\/qqpets.com\/\"},{\"@type\":\"ListItem\",\"position\":2,\"name\":\"Products\",\"item\":\"https:\/\/qqpets.com\/pet-products-manufacturer\/\"},{\"@type\":\"ListItem\",\"position\":3,\"name\":\"Reversible Dog Harness\"}]},{\"@type\":\"WebSite\",\"@id\":\"https:\/\/qqpets.com\/#website\",\"url\":\"https:\/\/qqpets.com\/\",\"name\":\"QQPETS\",\"description\":\"QQPETS is a pet products factory for dog harnesses, dog collars, dog leashes and dog accessories with professional customized service since 2005.\",\"publisher\":{\"@id\":\"https:\/\/qqpets.com\/#organization\"},\"potentialAction\":[{\"@type\":\"SearchAction\",\"target\":{\"@type\":\"EntryPoint\",\"urlTemplate\":\"https:\/\/qqpets.com\/?s={search_term_string}\"},\"query-input\":{\"@type\":\"PropertyValueSpecification\",\"valueRequired\":true,\"valueName\":\"search_term_string\"}}],\"inLanguage\":\"pl-PL\"},{\"@type\":\"Organization\",\"@id\":\"https:\/\/qqpets.com\/#organization\",\"name\":\"QQPETS\",\"url\":\"https:\/\/qqpets.com\/\",\"logo\":{\"@type\":\"ImageObject\",\"inLanguage\":\"pl-PL\",\"@id\":\"https:\/\/qqpets.com\/#\/schema\/logo\/image\/\",\"url\":\"https:\/\/qqpets.com\/wp-content\/uploads\/2023\/09\/cropped-cropped-qqpets-tiktok.jpg\",\"contentUrl\":\"https:\/\/qqpets.com\/wp-content\/uploads\/2023\/09\/cropped-cropped-qqpets-tiktok.jpg\",\"width\":511,\"height\":511,\"caption\":\"QQPETS\"},\"image\":{\"@id\":\"https:\/\/qqpets.com\/#\/schema\/logo\/image\/\"},\"sameAs\":[\"https:\/\/www.facebook.com\/QQpetsdogcollars\",\"https:\/\/www.instagram.com\/qqpetscollar\/\",\"https:\/\/www.pinterest.com\/qqpetsdogcollarsfactory\/\"]}]}<\/script>\n<!-- \/ Yoast SEO plugin. -->","yoast_head_json":{"title":"Odwracalne szelki dla psa | QQPETS","description":"Zmie\u0144 sw\u00f3j styl dzi\u0119ki naszym dwustronnym szelkom dla psa. Dwa wygl\u0105dy w jednym na ka\u017cd\u0105 przygod\u0119. Kup teraz, aby zyska\u0107 wszechstronno\u015b\u0107!","robots":{"index":"index","follow":"follow","max-snippet":"max-snippet:-1","max-image-preview":"max-image-preview:large","max-video-preview":"max-video-preview:-1"},"canonical":"https:\/\/qqpets.com\/pl\/produkt\/reversible-dog-harness\/","og_locale":"pl_PL","og_type":"article","og_title":"Reversible Dog Harness | QQPETS","og_description":"Switch up your style with our Reversible Dog Harness. Two looks in one for every adventure. Shop now for versatility!","og_url":"https:\/\/qqpets.com\/pl\/produkt\/reversible-dog-harness\/","og_site_name":"QQPETS","article_publisher":"https:\/\/www.facebook.com\/QQpetsdogcollars","article_modified_time":"2024-09-24T09:22:01+00:00","og_image":[{"width":1000,"height":1000,"url":"https:\/\/qqpets.com\/wp-content\/uploads\/2024\/09\/Reversible-dog-Harness1-2.webp","type":"image\/webp"}],"twitter_card":"summary_large_image","twitter_misc":{"Szacowany czas czytania":"3 minuty"},"schema":{"@context":"https:\/\/schema.org","@graph":[{"@type":"WebPage","@id":"https:\/\/qqpets.com\/product\/reversible-dog-harness\/","url":"https:\/\/qqpets.com\/product\/reversible-dog-harness\/","name":"Odwracalne szelki dla psa | QQPETS","isPartOf":{"@id":"https:\/\/qqpets.com\/#website"},"primaryImageOfPage":{"@id":"https:\/\/qqpets.com\/product\/reversible-dog-harness\/#primaryimage"},"image":{"@id":"https:\/\/qqpets.com\/product\/reversible-dog-harness\/#primaryimage"},"thumbnailUrl":"https:\/\/qqpets.com\/wp-content\/uploads\/2024\/09\/Reversible-dog-Harness1-2.webp","datePublished":"2024-09-20T03:32:59+00:00","dateModified":"2024-09-24T09:22:01+00:00","description":"Zmie\u0144 sw\u00f3j styl dzi\u0119ki naszym dwustronnym szelkom dla psa. Dwa wygl\u0105dy w jednym na ka\u017cd\u0105 przygod\u0119. Kup teraz, aby zyska\u0107 wszechstronno\u015b\u0107!","breadcrumb":{"@id":"https:\/\/qqpets.com\/product\/reversible-dog-harness\/#breadcrumb"},"inLanguage":"pl-PL","potentialAction":[{"@type":"ReadAction","target":["https:\/\/qqpets.com\/product\/reversible-dog-harness\/"]}]},{"@type":"ImageObject","inLanguage":"pl-PL","@id":"https:\/\/qqpets.com\/product\/reversible-dog-harness\/#primaryimage","url":"https:\/\/qqpets.com\/wp-content\/uploads\/2024\/09\/Reversible-dog-Harness1-2.webp","contentUrl":"https:\/\/qqpets.com\/wp-content\/uploads\/2024\/09\/Reversible-dog-Harness1-2.webp","width":1000,"height":1000,"caption":"Reversible-dog-Harness1 (2)"},{"@type":"BreadcrumbList","@id":"https:\/\/qqpets.com\/product\/reversible-dog-harness\/#breadcrumb","itemListElement":[{"@type":"ListItem","position":1,"name":"Home","item":"https:\/\/qqpets.com\/"},{"@type":"ListItem","position":2,"name":"Products","item":"https:\/\/qqpets.com\/pet-products-manufacturer\/"},{"@type":"ListItem","position":3,"name":"Reversible Dog Harness"}]},{"@type":"WebSite","@id":"https:\/\/qqpets.com\/#website","url":"https:\/\/qqpets.com\/","name":"QQPETS","description":"QQPETS to fabryka uprz\u0119\u017cy dla ps\u00f3w, obro\u017cy dla ps\u00f3w, smyczy dla ps\u00f3w i akcesori\u00f3w dla ps\u00f3w z profesjonaln\u0105 obs\u0142ug\u0105 dostosowan\u0105 do potrzeb klienta od 2005 roku.","publisher":{"@id":"https:\/\/qqpets.com\/#organization"},"potentialAction":[{"@type":"SearchAction","target":{"@type":"EntryPoint","urlTemplate":"https:\/\/qqpets.com\/?s={search_term_string}"},"query-input":{"@type":"PropertyValueSpecification","valueRequired":true,"valueName":"search_term_string"}}],"inLanguage":"pl-PL"},{"@type":"Organization","@id":"https:\/\/qqpets.com\/#organization","name":"QQPETS","url":"https:\/\/qqpets.com\/","logo":{"@type":"ImageObject","inLanguage":"pl-PL","@id":"https:\/\/qqpets.com\/#\/schema\/logo\/image\/","url":"https:\/\/qqpets.com\/wp-content\/uploads\/2023\/09\/cropped-cropped-qqpets-tiktok.jpg","contentUrl":"https:\/\/qqpets.com\/wp-content\/uploads\/2023\/09\/cropped-cropped-qqpets-tiktok.jpg","width":511,"height":511,"caption":"QQPETS"},"image":{"@id":"https:\/\/qqpets.com\/#\/schema\/logo\/image\/"},"sameAs":["https:\/\/www.facebook.com\/QQpetsdogcollars","https:\/\/www.instagram.com\/qqpetscollar\/","https:\/\/www.pinterest.com\/qqpetsdogcollarsfactory\/"]}]}},"_links":{"self":[{"href":"https:\/\/qqpets.com\/pl\/wp-json\/wp\/v2\/product\/8041","targetHints":{"allow":["GET"]}}],"collection":[{"href":"https:\/\/qqpets.com\/pl\/wp-json\/wp\/v2\/product"}],"about":[{"href":"https:\/\/qqpets.com\/pl\/wp-json\/wp\/v2\/types\/product"}],"wp:featuredmedia":[{"embeddable":true,"href":"https:\/\/qqpets.com\/pl\/wp-json\/wp\/v2\/media\/8227"}],"wp:attachment":[{"href":"https:\/\/qqpets.com\/pl\/wp-json\/wp\/v2\/media?parent=8041"}],"wp:term":[{"taxonomy":"product_brand","embeddable":true,"href":"https:\/\/qqpets.com\/pl\/wp-json\/wp\/v2\/product_brand?post=8041"},{"taxonomy":"product_cat","embeddable":true,"href":"https:\/\/qqpets.com\/pl\/wp-json\/wp\/v2\/product_cat?post=8041"},{"taxonomy":"product_tag","embeddable":true,"href":"https:\/\/qqpets.com\/pl\/wp-json\/wp\/v2\/product_tag?post=8041"}],"curies":[{"name":"wp","href":"https:\/\/api.w.org\/{rel}","templated":true}]}}