{"id":8076,"date":"2024-09-20T16:26:25","date_gmt":"2024-09-20T08:26:25","guid":{"rendered":"https:\/\/qqpets.com\/?post_type=product&#038;p=8076"},"modified":"2024-09-20T16:26:25","modified_gmt":"2024-09-20T08:26:25","slug":"waterproof-dog-harness-leash-collar-set","status":"publish","type":"product","link":"https:\/\/qqpets.com\/pl\/produkt\/waterproof-dog-harness-leash-collar-set\/","title":{"rendered":"Wodoodporne szelki dla psa, smycz, obro\u017ca"},"content":{"rendered":"<p>Przedstawiamy nasz wszechstronny zestaw wodoodpornych szelek i obro\u017cy dla psa, najlepsze rozwi\u0105zanie dla w\u0142a\u015bcicieli zwierz\u0105t, kt\u00f3rzy nie pozwalaj\u0105, aby pogoda dyktowa\u0142a ich przygody na \u015bwie\u017cym powietrzu. Ten kompleksowy zestaw zapewnia, \u017ce pies jest przygotowany na ka\u017cde warunki, deszcz czy s\u0142o\u0144ce.<\/p>\n<p><strong>Kluczowe cechy:<\/strong><\/p>\n<ul>\n<li><strong>Wodoodporne materia\u0142y:<\/strong> Ka\u017cdy element jest wykonany z wodoodpornych materia\u0142\u00f3w, kt\u00f3re zapobiegaj\u0105 wch\u0142anianiu wilgoci, zapewniaj\u0105c psu sucho\u015b\u0107 i wygod\u0119 podczas deszczowych spacer\u00f3w lub w b\u0142otnistym otoczeniu.<\/li>\n<li><strong>Regulowane dopasowanie:<\/strong> Szelki i obro\u017ca maj\u0105 w pe\u0142ni regulowane paski, aby zapewni\u0107 dok\u0142adne i bezpieczne dopasowanie dla ps\u00f3w ka\u017cdej wielko\u015bci. Ta zdolno\u015b\u0107 adaptacji zapobiega zsuwaniu si\u0119 i dyskomfortowi, zwi\u0119kszaj\u0105c bezpiecze\u0144stwo i przyjemno\u015b\u0107 ze spacer\u00f3w.<\/li>\n<li><strong>Trwa\u0142a konstrukcja:<\/strong> Zbudowany z my\u015bl\u0105 o trwa\u0142o\u015bci, nasz zestaw wykorzystuje wysokiej jako\u015bci materia\u0142y, kt\u00f3re s\u0105 odporne na zu\u017cycie. Solidne okucia zapewniaj\u0105, \u017ce smycz, obro\u017ca i szelki wytrzymaj\u0105 rygorystyczne wymagania aktywnych zwierz\u0105t.<\/li>\n<li><strong>Komfort i kontrola:<\/strong> Szelki r\u00f3wnomiernie rozk\u0142adaj\u0105 nacisk na klatk\u0119 piersiow\u0105 i plecy psa, zmniejszaj\u0105c obci\u0105\u017cenie szyi i zapewniaj\u0105c lepsz\u0105 kontrol\u0119 podczas spacer\u00f3w.<\/li>\n<li><strong>\u0141atwa konserwacja:<\/strong> Zaprojektowany z my\u015bl\u0105 o praktyczno\u015bci, ca\u0142y zestaw jest \u0142atwy do czyszczenia i szybkiego suszenia, dzi\u0119ki czemu konserwacja po b\u0142otnistych lub mokrych wycieczkach jest dziecinnie prosta.<\/li>\n<\/ul>\n<p>Idealny dla tych, kt\u00f3rzy lubi\u0105 codzienne spacery, niezale\u017cnie od pogody, nasz wodoodporny zestaw szelek dla psa zosta\u0142 zaprojektowany tak, aby zapewni\u0107 psu wygod\u0119, bezpiecze\u0144stwo i styl. Niezale\u017cnie od tego, czy odkrywasz ulice miasta w m\u017cawkowe dni, czy te\u017c przemierzasz mokre szlaki, ten zestaw zapewni Twojemu zwierzakowi przygotowanie i ochron\u0119, dzi\u0119ki czemu pogoda nigdy nie zak\u0142\u00f3ci waszego wsp\u00f3lnego czasu.<\/p>\n<p>Wybierz nasz wodoodporny zestaw szelek dla psa ze smycz\u0105, aby uzyska\u0107 po\u0142\u0105czenie funkcjonalno\u015bci, stylu i trwa\u0142o\u015bci, zapewniaj\u0105c swojemu zwierzakowi wygodn\u0105 i stylow\u0105 wycieczk\u0119 na \u015bwie\u017cym powietrzu.<\/p>","protected":false},"excerpt":{"rendered":"<p>Przygotuj si\u0119 na ka\u017cd\u0105 pogod\u0119 dzi\u0119ki naszemu wodoodpornemu zestawowi szelek dla psa. Zaprojektowany, aby wytrzyma\u0107 \u017cywio\u0142y, ten zestaw zawiera wodoodporne szelki, smycz i obro\u017c\u0119, zapewniaj\u0105c Twojemu zwierzakowi wygod\u0119 i sucho\u015b\u0107, nawet w mokrych warunkach. Regulowany dla idealnego dopasowania i wykonany z trwa\u0142ych materia\u0142\u00f3w, zapewnia lepsz\u0105 kontrol\u0119 i bezpiecze\u0144stwo podczas codziennych spacer\u00f3w. Idealny na deszczowe dni lub b\u0142otniste szlaki, utrzymuje zwierz\u0119 gotowe na przygody na \u015bwie\u017cym powietrzu, zachowuj\u0105c jednocze\u015bnie \u0142atw\u0105 piel\u0119gnacj\u0119 i wysok\u0105 trwa\u0142o\u015b\u0107<\/p>","protected":false},"featured_media":8077,"template":"","meta":[],"product_brand":[],"product_cat":[23],"product_tag":[],"class_list":{"0":"post-8076","1":"product","2":"type-product","3":"status-publish","4":"has-post-thumbnail","6":"product_cat-dog-harness","7":"pa_brand-qqpets","9":"first","10":"instock","11":"shipping-taxable","12":"product-type-simple"},"yoast_head":"<!-- This site is optimized with the Yoast SEO plugin v26.6 - https:\/\/yoast.com\/wordpress\/plugins\/seo\/ -->\n<title>Waterproof Dog Harness Leash Collar Set | QQPETS<\/title>\n<meta name=\"description\" content=\"Explore our Waterproof Dog Harness Leash Collar Set for all-weather adventures. Durable, stylish, and practical!\" \/>\n<meta name=\"robots\" content=\"index, follow, max-snippet:-1, max-image-preview:large, max-video-preview:-1\" \/>\n<link rel=\"canonical\" href=\"https:\/\/qqpets.com\/pl\/produkt\/waterproof-dog-harness-leash-collar-set\/\" \/>\n<meta property=\"og:locale\" content=\"pl_PL\" \/>\n<meta property=\"og:type\" content=\"article\" \/>\n<meta property=\"og:title\" content=\"Waterproof Dog Harness Leash Collar Set | QQPETS\" \/>\n<meta property=\"og:description\" content=\"Explore our Waterproof Dog Harness Leash Collar Set for all-weather adventures. Durable, stylish, and practical!\" \/>\n<meta property=\"og:url\" content=\"https:\/\/qqpets.com\/pl\/produkt\/waterproof-dog-harness-leash-collar-set\/\" \/>\n<meta property=\"og:site_name\" content=\"QQPETS\" \/>\n<meta property=\"article:publisher\" content=\"https:\/\/www.facebook.com\/QQpetsdogcollars\" \/>\n<meta property=\"og:image\" content=\"https:\/\/qqpets.com\/wp-content\/uploads\/2024\/09\/waterprood-dog-harness-collar-leash-set1.webp\" \/>\n\t<meta property=\"og:image:width\" content=\"1000\" \/>\n\t<meta property=\"og:image:height\" content=\"1000\" \/>\n\t<meta property=\"og:image:type\" content=\"image\/webp\" \/>\n<meta name=\"twitter:card\" content=\"summary_large_image\" \/>\n<meta name=\"twitter:label1\" content=\"Szacowany czas czytania\" \/>\n\t<meta name=\"twitter:data1\" content=\"2 minuty\" \/>\n<script type=\"application\/ld+json\" class=\"yoast-schema-graph\">{\"@context\":\"https:\/\/schema.org\",\"@graph\":[{\"@type\":\"WebPage\",\"@id\":\"https:\/\/qqpets.com\/product\/waterproof-dog-harness-leash-collar-set\/\",\"url\":\"https:\/\/qqpets.com\/product\/waterproof-dog-harness-leash-collar-set\/\",\"name\":\"Waterproof Dog Harness Leash Collar Set | QQPETS\",\"isPartOf\":{\"@id\":\"https:\/\/qqpets.com\/#website\"},\"primaryImageOfPage\":{\"@id\":\"https:\/\/qqpets.com\/product\/waterproof-dog-harness-leash-collar-set\/#primaryimage\"},\"image\":{\"@id\":\"https:\/\/qqpets.com\/product\/waterproof-dog-harness-leash-collar-set\/#primaryimage\"},\"thumbnailUrl\":\"https:\/\/qqpets.com\/wp-content\/uploads\/2024\/09\/waterprood-dog-harness-collar-leash-set1.webp\",\"datePublished\":\"2024-09-20T08:26:25+00:00\",\"description\":\"Explore our Waterproof Dog Harness Leash Collar Set for all-weather adventures. Durable, stylish, and practical!\",\"breadcrumb\":{\"@id\":\"https:\/\/qqpets.com\/product\/waterproof-dog-harness-leash-collar-set\/#breadcrumb\"},\"inLanguage\":\"pl-PL\",\"potentialAction\":[{\"@type\":\"ReadAction\",\"target\":[\"https:\/\/qqpets.com\/product\/waterproof-dog-harness-leash-collar-set\/\"]}]},{\"@type\":\"ImageObject\",\"inLanguage\":\"pl-PL\",\"@id\":\"https:\/\/qqpets.com\/product\/waterproof-dog-harness-leash-collar-set\/#primaryimage\",\"url\":\"https:\/\/qqpets.com\/wp-content\/uploads\/2024\/09\/waterprood-dog-harness-collar-leash-set1.webp\",\"contentUrl\":\"https:\/\/qqpets.com\/wp-content\/uploads\/2024\/09\/waterprood-dog-harness-collar-leash-set1.webp\",\"width\":1000,\"height\":1000},{\"@type\":\"BreadcrumbList\",\"@id\":\"https:\/\/qqpets.com\/product\/waterproof-dog-harness-leash-collar-set\/#breadcrumb\",\"itemListElement\":[{\"@type\":\"ListItem\",\"position\":1,\"name\":\"Home\",\"item\":\"https:\/\/qqpets.com\/\"},{\"@type\":\"ListItem\",\"position\":2,\"name\":\"Products\",\"item\":\"https:\/\/qqpets.com\/pet-products-manufacturer\/\"},{\"@type\":\"ListItem\",\"position\":3,\"name\":\"Waterproof Dog Harness Leash Collar Set\"}]},{\"@type\":\"WebSite\",\"@id\":\"https:\/\/qqpets.com\/#website\",\"url\":\"https:\/\/qqpets.com\/\",\"name\":\"QQPETS\",\"description\":\"QQPETS is a pet products factory for dog harnesses, dog collars, dog leashes and dog accessories with professional customized service since 2005.\",\"publisher\":{\"@id\":\"https:\/\/qqpets.com\/#organization\"},\"potentialAction\":[{\"@type\":\"SearchAction\",\"target\":{\"@type\":\"EntryPoint\",\"urlTemplate\":\"https:\/\/qqpets.com\/?s={search_term_string}\"},\"query-input\":{\"@type\":\"PropertyValueSpecification\",\"valueRequired\":true,\"valueName\":\"search_term_string\"}}],\"inLanguage\":\"pl-PL\"},{\"@type\":\"Organization\",\"@id\":\"https:\/\/qqpets.com\/#organization\",\"name\":\"QQPETS\",\"url\":\"https:\/\/qqpets.com\/\",\"logo\":{\"@type\":\"ImageObject\",\"inLanguage\":\"pl-PL\",\"@id\":\"https:\/\/qqpets.com\/#\/schema\/logo\/image\/\",\"url\":\"https:\/\/qqpets.com\/wp-content\/uploads\/2023\/09\/cropped-cropped-qqpets-tiktok.jpg\",\"contentUrl\":\"https:\/\/qqpets.com\/wp-content\/uploads\/2023\/09\/cropped-cropped-qqpets-tiktok.jpg\",\"width\":511,\"height\":511,\"caption\":\"QQPETS\"},\"image\":{\"@id\":\"https:\/\/qqpets.com\/#\/schema\/logo\/image\/\"},\"sameAs\":[\"https:\/\/www.facebook.com\/QQpetsdogcollars\",\"https:\/\/www.instagram.com\/qqpetscollar\/\",\"https:\/\/www.pinterest.com\/qqpetsdogcollarsfactory\/\"]}]}<\/script>\n<!-- \/ Yoast SEO plugin. -->","yoast_head_json":{"title":"Wodoodporne szelki dla psa, smycz, obro\u017ca | QQPETS","description":"Poznaj nasz wodoodporny zestaw szelek dla psa ze smycz\u0105 i obro\u017c\u0105 na ka\u017cd\u0105 pogod\u0119. Trwa\u0142e, stylowe i praktyczne!","robots":{"index":"index","follow":"follow","max-snippet":"max-snippet:-1","max-image-preview":"max-image-preview:large","max-video-preview":"max-video-preview:-1"},"canonical":"https:\/\/qqpets.com\/pl\/produkt\/waterproof-dog-harness-leash-collar-set\/","og_locale":"pl_PL","og_type":"article","og_title":"Waterproof Dog Harness Leash Collar Set | QQPETS","og_description":"Explore our Waterproof Dog Harness Leash Collar Set for all-weather adventures. Durable, stylish, and practical!","og_url":"https:\/\/qqpets.com\/pl\/produkt\/waterproof-dog-harness-leash-collar-set\/","og_site_name":"QQPETS","article_publisher":"https:\/\/www.facebook.com\/QQpetsdogcollars","og_image":[{"width":1000,"height":1000,"url":"https:\/\/qqpets.com\/wp-content\/uploads\/2024\/09\/waterprood-dog-harness-collar-leash-set1.webp","type":"image\/webp"}],"twitter_card":"summary_large_image","twitter_misc":{"Szacowany czas czytania":"2 minuty"},"schema":{"@context":"https:\/\/schema.org","@graph":[{"@type":"WebPage","@id":"https:\/\/qqpets.com\/product\/waterproof-dog-harness-leash-collar-set\/","url":"https:\/\/qqpets.com\/product\/waterproof-dog-harness-leash-collar-set\/","name":"Wodoodporne szelki dla psa, smycz, obro\u017ca | QQPETS","isPartOf":{"@id":"https:\/\/qqpets.com\/#website"},"primaryImageOfPage":{"@id":"https:\/\/qqpets.com\/product\/waterproof-dog-harness-leash-collar-set\/#primaryimage"},"image":{"@id":"https:\/\/qqpets.com\/product\/waterproof-dog-harness-leash-collar-set\/#primaryimage"},"thumbnailUrl":"https:\/\/qqpets.com\/wp-content\/uploads\/2024\/09\/waterprood-dog-harness-collar-leash-set1.webp","datePublished":"2024-09-20T08:26:25+00:00","description":"Poznaj nasz wodoodporny zestaw szelek dla psa ze smycz\u0105 i obro\u017c\u0105 na ka\u017cd\u0105 pogod\u0119. Trwa\u0142e, stylowe i praktyczne!","breadcrumb":{"@id":"https:\/\/qqpets.com\/product\/waterproof-dog-harness-leash-collar-set\/#breadcrumb"},"inLanguage":"pl-PL","potentialAction":[{"@type":"ReadAction","target":["https:\/\/qqpets.com\/product\/waterproof-dog-harness-leash-collar-set\/"]}]},{"@type":"ImageObject","inLanguage":"pl-PL","@id":"https:\/\/qqpets.com\/product\/waterproof-dog-harness-leash-collar-set\/#primaryimage","url":"https:\/\/qqpets.com\/wp-content\/uploads\/2024\/09\/waterprood-dog-harness-collar-leash-set1.webp","contentUrl":"https:\/\/qqpets.com\/wp-content\/uploads\/2024\/09\/waterprood-dog-harness-collar-leash-set1.webp","width":1000,"height":1000},{"@type":"BreadcrumbList","@id":"https:\/\/qqpets.com\/product\/waterproof-dog-harness-leash-collar-set\/#breadcrumb","itemListElement":[{"@type":"ListItem","position":1,"name":"Home","item":"https:\/\/qqpets.com\/"},{"@type":"ListItem","position":2,"name":"Products","item":"https:\/\/qqpets.com\/pet-products-manufacturer\/"},{"@type":"ListItem","position":3,"name":"Waterproof Dog Harness Leash Collar Set"}]},{"@type":"WebSite","@id":"https:\/\/qqpets.com\/#website","url":"https:\/\/qqpets.com\/","name":"QQPETS","description":"QQPETS to fabryka uprz\u0119\u017cy dla ps\u00f3w, obro\u017cy dla ps\u00f3w, smyczy dla ps\u00f3w i akcesori\u00f3w dla ps\u00f3w z profesjonaln\u0105 obs\u0142ug\u0105 dostosowan\u0105 do potrzeb klienta od 2005 roku.","publisher":{"@id":"https:\/\/qqpets.com\/#organization"},"potentialAction":[{"@type":"SearchAction","target":{"@type":"EntryPoint","urlTemplate":"https:\/\/qqpets.com\/?s={search_term_string}"},"query-input":{"@type":"PropertyValueSpecification","valueRequired":true,"valueName":"search_term_string"}}],"inLanguage":"pl-PL"},{"@type":"Organization","@id":"https:\/\/qqpets.com\/#organization","name":"QQPETS","url":"https:\/\/qqpets.com\/","logo":{"@type":"ImageObject","inLanguage":"pl-PL","@id":"https:\/\/qqpets.com\/#\/schema\/logo\/image\/","url":"https:\/\/qqpets.com\/wp-content\/uploads\/2023\/09\/cropped-cropped-qqpets-tiktok.jpg","contentUrl":"https:\/\/qqpets.com\/wp-content\/uploads\/2023\/09\/cropped-cropped-qqpets-tiktok.jpg","width":511,"height":511,"caption":"QQPETS"},"image":{"@id":"https:\/\/qqpets.com\/#\/schema\/logo\/image\/"},"sameAs":["https:\/\/www.facebook.com\/QQpetsdogcollars","https:\/\/www.instagram.com\/qqpetscollar\/","https:\/\/www.pinterest.com\/qqpetsdogcollarsfactory\/"]}]}},"_links":{"self":[{"href":"https:\/\/qqpets.com\/pl\/wp-json\/wp\/v2\/product\/8076","targetHints":{"allow":["GET"]}}],"collection":[{"href":"https:\/\/qqpets.com\/pl\/wp-json\/wp\/v2\/product"}],"about":[{"href":"https:\/\/qqpets.com\/pl\/wp-json\/wp\/v2\/types\/product"}],"wp:featuredmedia":[{"embeddable":true,"href":"https:\/\/qqpets.com\/pl\/wp-json\/wp\/v2\/media\/8077"}],"wp:attachment":[{"href":"https:\/\/qqpets.com\/pl\/wp-json\/wp\/v2\/media?parent=8076"}],"wp:term":[{"taxonomy":"product_brand","embeddable":true,"href":"https:\/\/qqpets.com\/pl\/wp-json\/wp\/v2\/product_brand?post=8076"},{"taxonomy":"product_cat","embeddable":true,"href":"https:\/\/qqpets.com\/pl\/wp-json\/wp\/v2\/product_cat?post=8076"},{"taxonomy":"product_tag","embeddable":true,"href":"https:\/\/qqpets.com\/pl\/wp-json\/wp\/v2\/product_tag?post=8076"}],"curies":[{"name":"wp","href":"https:\/\/api.w.org\/{rel}","templated":true}]}}