{"id":8191,"date":"2024-09-24T15:42:45","date_gmt":"2024-09-24T07:42:45","guid":{"rendered":"https:\/\/qqpets.com\/?post_type=product&#038;p=8191"},"modified":"2024-09-24T15:42:45","modified_gmt":"2024-09-24T07:42:45","slug":"qr-code-training-dog-harness","status":"publish","type":"product","link":"https:\/\/qqpets.com\/pl\/produkt\/qr-code-training-dog-harness\/","title":{"rendered":"Szelki treningowe dla psa z kodem QR"},"content":{"rendered":"<p>Wprowad\u017a najnowocze\u015bniejsz\u0105 technologi\u0119 i solidn\u0105 funkcjonalno\u015b\u0107 do codziennej rutyny swojego zwierzaka dzi\u0119ki naszym szelkom dla psa z kodem QR. Ta uprz\u0105\u017c \u0142\u0105czy w sobie wytrzyma\u0142o\u015b\u0107 klasy wojskowej z zaawansowanymi funkcjami bezpiecze\u0144stwa, zapewniaj\u0105c, \u017ce Tw\u00f3j zwierzak jest przygotowany na ka\u017cd\u0105 przygod\u0119.<\/p>\n<h5><strong>Kluczowe cechy:<\/strong><\/h5>\n<ul>\n<li><strong>Zintegrowany kod QR:<\/strong> Umieszczony w widocznym miejscu na uprz\u0119\u017cy, kod QR przechowuje istotne informacje, do kt\u00f3rych mo\u017cna uzyska\u0107 natychmiastowy dost\u0119p poprzez zeskanowanie za pomoc\u0105 smartfona, idealne do szybkiej identyfikacji i szczeg\u00f3\u0142\u00f3w awaryjnych.<\/li>\n<li><strong>Wytrzyma\u0142e materia\u0142y:<\/strong> Wykonana z wytrzyma\u0142ych, wysokiej jako\u015bci materia\u0142\u00f3w z kamufla\u017cowym wzorem, ta uprz\u0105\u017c zosta\u0142a zaprojektowana zar\u00f3wno z my\u015bl\u0105 o stylu, jak i wytrzyma\u0142o\u015bci. Wytrzyma\u0142e szwy zapewniaj\u0105, \u017ce wytrzyma ona intensywne aktywno\u015bci.<\/li>\n<li><strong>Komfort i dopasowanie:<\/strong> Mi\u0119kka wy\u015bci\u00f3\u0142ka wzd\u0142u\u017c klatki piersiowej i plec\u00f3w zapewnia maksymalny komfort dla psa, zmniejszaj\u0105c potencjalne podra\u017cnienia spowodowane d\u0142ugotrwa\u0142ym noszeniem. Regulowane paski pozwalaj\u0105 na indywidualne dopasowanie do ps\u00f3w o r\u00f3\u017cnych rozmiarach.<\/li>\n<li><strong>Akcenty odblaskowe:<\/strong> Aby zwi\u0119kszy\u0107 bezpiecze\u0144stwo podczas nocnych lub porannych wycieczek, odblaskowe nici i elementy s\u0105 wplecione w ca\u0142\u0105 uprz\u0105\u017c, zapewniaj\u0105c lepsz\u0105 widoczno\u015b\u0107.<\/li>\n<li><strong>Uchwyt treningowy:<\/strong> Solidny uchwyt z ty\u0142u zapewnia dodatkow\u0105 kontrol\u0119 podczas sesji treningowych lub gdy trzeba trzyma\u0107 psa blisko, dodaj\u0105c dodatkow\u0105 warstw\u0119 bezpiecze\u0144stwa.<\/li>\n<\/ul>\n<p>Idealna dla aktywnych ps\u00f3w i w\u0142a\u015bcicieli, kt\u00f3rzy ceni\u0105 sobie bezpiecze\u0144stwo i wygod\u0119, nasza uprz\u0105\u017c dla psa z kodem QR jest niezb\u0119dna, aby zwi\u0119kszy\u0107 swoje do\u015bwiadczenia na \u015bwie\u017cym powietrzu. To nie tylko uprz\u0105\u017c; to krytyczne narz\u0119dzie bezpiecze\u0144stwa, kt\u00f3re zapewnia identyfikacj\u0119 i bezpiecze\u0144stwo Twojego zwierzaka, gdziekolwiek jeste\u015b.<\/p>","protected":false},"excerpt":{"rendered":"<p>Zmaksymalizuj kontrol\u0119 i bezpiecze\u0144stwo dzi\u0119ki naszej uprz\u0119\u017cy dla psa z kodem QR, charakteryzuj\u0105cej si\u0119 trwa\u0142\u0105, stylow\u0105 konstrukcj\u0105 ze zintegrowanym kodem QR u\u0142atwiaj\u0105cym identyfikacj\u0119 zwierz\u0119cia. Idealne do treningu i codziennych spacer\u00f3w, te szelki s\u0105 regulowane i wykonane z oddychaj\u0105cego, wy\u015bcie\u0142anego materia\u0142u dla wygody. Odblaskowe szwy zwi\u0119kszaj\u0105 widoczno\u015b\u0107, zapewniaj\u0105c bezpiecze\u0144stwo w warunkach s\u0142abego o\u015bwietlenia.<\/p>","protected":false},"featured_media":8202,"template":"","meta":[],"product_brand":[],"product_cat":[23],"product_tag":[],"class_list":{"0":"post-8191","1":"product","2":"type-product","3":"status-publish","4":"has-post-thumbnail","6":"product_cat-dog-harness","7":"pa_brand-qqpets","9":"first","10":"instock","11":"shipping-taxable","12":"product-type-simple"},"yoast_head":"<!-- This site is optimized with the Yoast SEO plugin v26.6 - https:\/\/yoast.com\/wordpress\/plugins\/seo\/ -->\n<title>QR Code Training Dog Harness | QQPETS<\/title>\n<meta name=\"description\" content=\"Ensure safety with our QR Code Training Dog Harness. Perfect for training and instant ID. Secure and smart!\" \/>\n<meta name=\"robots\" content=\"index, follow, max-snippet:-1, max-image-preview:large, max-video-preview:-1\" \/>\n<link rel=\"canonical\" href=\"https:\/\/qqpets.com\/pl\/produkt\/qr-code-training-dog-harness\/\" \/>\n<meta property=\"og:locale\" content=\"pl_PL\" \/>\n<meta property=\"og:type\" content=\"article\" \/>\n<meta property=\"og:title\" content=\"QR Code Training Dog Harness | QQPETS\" \/>\n<meta property=\"og:description\" content=\"Ensure safety with our QR Code Training Dog Harness. Perfect for training and instant ID. Secure and smart!\" \/>\n<meta property=\"og:url\" content=\"https:\/\/qqpets.com\/pl\/produkt\/qr-code-training-dog-harness\/\" \/>\n<meta property=\"og:site_name\" content=\"QQPETS\" \/>\n<meta property=\"article:publisher\" content=\"https:\/\/www.facebook.com\/QQpetsdogcollars\" \/>\n<meta property=\"og:image\" content=\"https:\/\/qqpets.com\/wp-content\/uploads\/2024\/09\/QR-Code-Training-Dog-Harness3.webp\" \/>\n\t<meta property=\"og:image:width\" content=\"1000\" \/>\n\t<meta property=\"og:image:height\" content=\"1000\" \/>\n\t<meta property=\"og:image:type\" content=\"image\/webp\" \/>\n<meta name=\"twitter:card\" content=\"summary_large_image\" \/>\n<meta name=\"twitter:label1\" content=\"Szacowany czas czytania\" \/>\n\t<meta name=\"twitter:data1\" content=\"2 minuty\" \/>\n<script type=\"application\/ld+json\" class=\"yoast-schema-graph\">{\"@context\":\"https:\/\/schema.org\",\"@graph\":[{\"@type\":\"WebPage\",\"@id\":\"https:\/\/qqpets.com\/product\/qr-code-training-dog-harness\/\",\"url\":\"https:\/\/qqpets.com\/product\/qr-code-training-dog-harness\/\",\"name\":\"QR Code Training Dog Harness | QQPETS\",\"isPartOf\":{\"@id\":\"https:\/\/qqpets.com\/#website\"},\"primaryImageOfPage\":{\"@id\":\"https:\/\/qqpets.com\/product\/qr-code-training-dog-harness\/#primaryimage\"},\"image\":{\"@id\":\"https:\/\/qqpets.com\/product\/qr-code-training-dog-harness\/#primaryimage\"},\"thumbnailUrl\":\"https:\/\/qqpets.com\/wp-content\/uploads\/2024\/09\/QR-Code-Training-Dog-Harness3.webp\",\"datePublished\":\"2024-09-24T07:42:45+00:00\",\"description\":\"Ensure safety with our QR Code Training Dog Harness. Perfect for training and instant ID. Secure and smart!\",\"breadcrumb\":{\"@id\":\"https:\/\/qqpets.com\/product\/qr-code-training-dog-harness\/#breadcrumb\"},\"inLanguage\":\"pl-PL\",\"potentialAction\":[{\"@type\":\"ReadAction\",\"target\":[\"https:\/\/qqpets.com\/product\/qr-code-training-dog-harness\/\"]}]},{\"@type\":\"ImageObject\",\"inLanguage\":\"pl-PL\",\"@id\":\"https:\/\/qqpets.com\/product\/qr-code-training-dog-harness\/#primaryimage\",\"url\":\"https:\/\/qqpets.com\/wp-content\/uploads\/2024\/09\/QR-Code-Training-Dog-Harness3.webp\",\"contentUrl\":\"https:\/\/qqpets.com\/wp-content\/uploads\/2024\/09\/QR-Code-Training-Dog-Harness3.webp\",\"width\":1000,\"height\":1000},{\"@type\":\"BreadcrumbList\",\"@id\":\"https:\/\/qqpets.com\/product\/qr-code-training-dog-harness\/#breadcrumb\",\"itemListElement\":[{\"@type\":\"ListItem\",\"position\":1,\"name\":\"Home\",\"item\":\"https:\/\/qqpets.com\/\"},{\"@type\":\"ListItem\",\"position\":2,\"name\":\"Products\",\"item\":\"https:\/\/qqpets.com\/pet-products-manufacturer\/\"},{\"@type\":\"ListItem\",\"position\":3,\"name\":\"QR Code Training Dog Harness\"}]},{\"@type\":\"WebSite\",\"@id\":\"https:\/\/qqpets.com\/#website\",\"url\":\"https:\/\/qqpets.com\/\",\"name\":\"QQPETS\",\"description\":\"QQPETS is a pet products factory for dog harnesses, dog collars, dog leashes and dog accessories with professional customized service since 2005.\",\"publisher\":{\"@id\":\"https:\/\/qqpets.com\/#organization\"},\"potentialAction\":[{\"@type\":\"SearchAction\",\"target\":{\"@type\":\"EntryPoint\",\"urlTemplate\":\"https:\/\/qqpets.com\/?s={search_term_string}\"},\"query-input\":{\"@type\":\"PropertyValueSpecification\",\"valueRequired\":true,\"valueName\":\"search_term_string\"}}],\"inLanguage\":\"pl-PL\"},{\"@type\":\"Organization\",\"@id\":\"https:\/\/qqpets.com\/#organization\",\"name\":\"QQPETS\",\"url\":\"https:\/\/qqpets.com\/\",\"logo\":{\"@type\":\"ImageObject\",\"inLanguage\":\"pl-PL\",\"@id\":\"https:\/\/qqpets.com\/#\/schema\/logo\/image\/\",\"url\":\"https:\/\/qqpets.com\/wp-content\/uploads\/2023\/09\/cropped-cropped-qqpets-tiktok.jpg\",\"contentUrl\":\"https:\/\/qqpets.com\/wp-content\/uploads\/2023\/09\/cropped-cropped-qqpets-tiktok.jpg\",\"width\":511,\"height\":511,\"caption\":\"QQPETS\"},\"image\":{\"@id\":\"https:\/\/qqpets.com\/#\/schema\/logo\/image\/\"},\"sameAs\":[\"https:\/\/www.facebook.com\/QQpetsdogcollars\",\"https:\/\/www.instagram.com\/qqpetscollar\/\",\"https:\/\/www.pinterest.com\/qqpetsdogcollarsfactory\/\"]}]}<\/script>\n<!-- \/ Yoast SEO plugin. -->","yoast_head_json":{"title":"QR Code Training Dog Harness | QQPETS","description":"Zapewnij bezpiecze\u0144stwo dzi\u0119ki naszej uprz\u0119\u017cy treningowej dla psa z kodem QR. Idealne do treningu i natychmiastowej identyfikacji. Bezpieczne i inteligentne!","robots":{"index":"index","follow":"follow","max-snippet":"max-snippet:-1","max-image-preview":"max-image-preview:large","max-video-preview":"max-video-preview:-1"},"canonical":"https:\/\/qqpets.com\/pl\/produkt\/qr-code-training-dog-harness\/","og_locale":"pl_PL","og_type":"article","og_title":"QR Code Training Dog Harness | QQPETS","og_description":"Ensure safety with our QR Code Training Dog Harness. Perfect for training and instant ID. Secure and smart!","og_url":"https:\/\/qqpets.com\/pl\/produkt\/qr-code-training-dog-harness\/","og_site_name":"QQPETS","article_publisher":"https:\/\/www.facebook.com\/QQpetsdogcollars","og_image":[{"width":1000,"height":1000,"url":"https:\/\/qqpets.com\/wp-content\/uploads\/2024\/09\/QR-Code-Training-Dog-Harness3.webp","type":"image\/webp"}],"twitter_card":"summary_large_image","twitter_misc":{"Szacowany czas czytania":"2 minuty"},"schema":{"@context":"https:\/\/schema.org","@graph":[{"@type":"WebPage","@id":"https:\/\/qqpets.com\/product\/qr-code-training-dog-harness\/","url":"https:\/\/qqpets.com\/product\/qr-code-training-dog-harness\/","name":"QR Code Training Dog Harness | QQPETS","isPartOf":{"@id":"https:\/\/qqpets.com\/#website"},"primaryImageOfPage":{"@id":"https:\/\/qqpets.com\/product\/qr-code-training-dog-harness\/#primaryimage"},"image":{"@id":"https:\/\/qqpets.com\/product\/qr-code-training-dog-harness\/#primaryimage"},"thumbnailUrl":"https:\/\/qqpets.com\/wp-content\/uploads\/2024\/09\/QR-Code-Training-Dog-Harness3.webp","datePublished":"2024-09-24T07:42:45+00:00","description":"Zapewnij bezpiecze\u0144stwo dzi\u0119ki naszej uprz\u0119\u017cy treningowej dla psa z kodem QR. Idealne do treningu i natychmiastowej identyfikacji. Bezpieczne i inteligentne!","breadcrumb":{"@id":"https:\/\/qqpets.com\/product\/qr-code-training-dog-harness\/#breadcrumb"},"inLanguage":"pl-PL","potentialAction":[{"@type":"ReadAction","target":["https:\/\/qqpets.com\/product\/qr-code-training-dog-harness\/"]}]},{"@type":"ImageObject","inLanguage":"pl-PL","@id":"https:\/\/qqpets.com\/product\/qr-code-training-dog-harness\/#primaryimage","url":"https:\/\/qqpets.com\/wp-content\/uploads\/2024\/09\/QR-Code-Training-Dog-Harness3.webp","contentUrl":"https:\/\/qqpets.com\/wp-content\/uploads\/2024\/09\/QR-Code-Training-Dog-Harness3.webp","width":1000,"height":1000},{"@type":"BreadcrumbList","@id":"https:\/\/qqpets.com\/product\/qr-code-training-dog-harness\/#breadcrumb","itemListElement":[{"@type":"ListItem","position":1,"name":"Home","item":"https:\/\/qqpets.com\/"},{"@type":"ListItem","position":2,"name":"Products","item":"https:\/\/qqpets.com\/pet-products-manufacturer\/"},{"@type":"ListItem","position":3,"name":"QR Code Training Dog Harness"}]},{"@type":"WebSite","@id":"https:\/\/qqpets.com\/#website","url":"https:\/\/qqpets.com\/","name":"QQPETS","description":"QQPETS to fabryka uprz\u0119\u017cy dla ps\u00f3w, obro\u017cy dla ps\u00f3w, smyczy dla ps\u00f3w i akcesori\u00f3w dla ps\u00f3w z profesjonaln\u0105 obs\u0142ug\u0105 dostosowan\u0105 do potrzeb klienta od 2005 roku.","publisher":{"@id":"https:\/\/qqpets.com\/#organization"},"potentialAction":[{"@type":"SearchAction","target":{"@type":"EntryPoint","urlTemplate":"https:\/\/qqpets.com\/?s={search_term_string}"},"query-input":{"@type":"PropertyValueSpecification","valueRequired":true,"valueName":"search_term_string"}}],"inLanguage":"pl-PL"},{"@type":"Organization","@id":"https:\/\/qqpets.com\/#organization","name":"QQPETS","url":"https:\/\/qqpets.com\/","logo":{"@type":"ImageObject","inLanguage":"pl-PL","@id":"https:\/\/qqpets.com\/#\/schema\/logo\/image\/","url":"https:\/\/qqpets.com\/wp-content\/uploads\/2023\/09\/cropped-cropped-qqpets-tiktok.jpg","contentUrl":"https:\/\/qqpets.com\/wp-content\/uploads\/2023\/09\/cropped-cropped-qqpets-tiktok.jpg","width":511,"height":511,"caption":"QQPETS"},"image":{"@id":"https:\/\/qqpets.com\/#\/schema\/logo\/image\/"},"sameAs":["https:\/\/www.facebook.com\/QQpetsdogcollars","https:\/\/www.instagram.com\/qqpetscollar\/","https:\/\/www.pinterest.com\/qqpetsdogcollarsfactory\/"]}]}},"_links":{"self":[{"href":"https:\/\/qqpets.com\/pl\/wp-json\/wp\/v2\/product\/8191","targetHints":{"allow":["GET"]}}],"collection":[{"href":"https:\/\/qqpets.com\/pl\/wp-json\/wp\/v2\/product"}],"about":[{"href":"https:\/\/qqpets.com\/pl\/wp-json\/wp\/v2\/types\/product"}],"wp:featuredmedia":[{"embeddable":true,"href":"https:\/\/qqpets.com\/pl\/wp-json\/wp\/v2\/media\/8202"}],"wp:attachment":[{"href":"https:\/\/qqpets.com\/pl\/wp-json\/wp\/v2\/media?parent=8191"}],"wp:term":[{"taxonomy":"product_brand","embeddable":true,"href":"https:\/\/qqpets.com\/pl\/wp-json\/wp\/v2\/product_brand?post=8191"},{"taxonomy":"product_cat","embeddable":true,"href":"https:\/\/qqpets.com\/pl\/wp-json\/wp\/v2\/product_cat?post=8191"},{"taxonomy":"product_tag","embeddable":true,"href":"https:\/\/qqpets.com\/pl\/wp-json\/wp\/v2\/product_tag?post=8191"}],"curies":[{"name":"wp","href":"https:\/\/api.w.org\/{rel}","templated":true}]}}