{"id":8220,"date":"2024-09-24T16:03:59","date_gmt":"2024-09-24T08:03:59","guid":{"rendered":"https:\/\/qqpets.com\/?post_type=product&#038;p=8220"},"modified":"2024-09-24T16:03:59","modified_gmt":"2024-09-24T08:03:59","slug":"qr-code-no-pull-dog-harness","status":"publish","type":"product","link":"https:\/\/qqpets.com\/pl\/produkt\/qr-code-no-pull-dog-harness\/","title":{"rendered":"Szelki dla psa z kodem QR"},"content":{"rendered":"<p>Przedstawiamy nasz\u0105 uprz\u0105\u017c dla psa QR Code No Pull, idealne po\u0142\u0105czenie funkcjonalno\u015bci, stylu i technologii. Zaprojektowane z my\u015bl\u0105 o w\u0142a\u015bcicielach ps\u00f3w, kt\u00f3rzy szukaj\u0105 zar\u00f3wno kontroli podczas spacer\u00f3w, jak i nowoczesnego sposobu zarz\u0105dzania bezpiecze\u0144stwem swoich pupili, te szelki s\u0105 wyposa\u017cone w inteligentny kod QR po\u0142\u0105czony z niestandardowym profilem zawieraj\u0105cym wszystkie dane Twojego zwierzaka.<\/p>\n<p><strong>Kluczowe cechy:<\/strong><\/p>\n<ul>\n<li><strong>Inteligentna integracja kod\u00f3w QR:<\/strong> Ka\u017cda uprz\u0105\u017c zawiera kod QR, kt\u00f3ry zapewnia natychmiastowy dost\u0119p do profilu psa, w tym danych kontaktowych, dokumentacji medycznej i innych. Funkcja ta zwi\u0119ksza bezpiecze\u0144stwo i proces odzyskiwania, je\u015bli zwierz\u0119 kiedykolwiek zaginie.<\/li>\n<li><strong>Konstrukcja typu No-Pull:<\/strong> Zaprojektowane, aby kontrolowa\u0107 ci\u0105gni\u0119cie, uprz\u0105\u017c rozk\u0142ada nacisk r\u00f3wnomiernie na klatk\u0119 piersiow\u0105, a nie na szyj\u0119, zapewniaj\u0105c bezstresowe chodzenie.<\/li>\n<li><strong>Regulowane dopasowanie:<\/strong> W pe\u0142ni regulowane paski zapewniaj\u0105 dok\u0142adne i bezpieczne dopasowanie do ka\u017cdego rozmiaru psa, minimalizuj\u0105c ryzyko ucieczki.<\/li>\n<li><strong>Wygodne noszenie:<\/strong> Wykonana z wysokiej jako\u015bci, oddychaj\u0105cych materia\u0142\u00f3w uprz\u0105\u017c zosta\u0142a zaprojektowana z my\u015bl\u0105 o ca\u0142odziennym komforcie, zapobiegaj\u0105c przegrzaniu i zapewniaj\u0105c psu rado\u015b\u0107 z ka\u017cdej przygody.<\/li>\n<li><strong>Trwa\u0142y i przyjazny dla u\u017cytkownika:<\/strong> Zbudowane z my\u015bl\u0105 o trwa\u0142o\u015bci, nasze szelki s\u0105 wykonane z trwa\u0142ych materia\u0142\u00f3w, kt\u00f3re mog\u0105 wytrzyma\u0107 codzienne rygory aktywnych zwierz\u0105t domowych. S\u0105 r\u00f3wnie\u017c \u0142atwe w czyszczeniu, dzi\u0119ki czemu pozostaj\u0105 \u015bwie\u017ce i dobrze si\u0119 prezentuj\u0105.<\/li>\n<\/ul>\n<p>Uprz\u0105\u017c dla psa QR Code No Pull to co\u015b wi\u0119cej ni\u017c tylko narz\u0119dzie do wyprowadzania psa na spacer; to kompleksowy system zaprojektowany z my\u015bl\u0105 o nowoczesnym zarz\u0105dzaniu zwierz\u0119tami. Niezale\u017cnie od tego, czy jeste\u015b w zat\u0142oczonym mie\u015bcie, czy w cichym parku, ta uprz\u0105\u017c zapewnia kontrol\u0119 i bezpiecze\u0144stwo na wyci\u0105gni\u0119cie r\u0119ki.<\/p>","protected":false},"excerpt":{"rendered":"<p>Zwi\u0119ksz bezpiecze\u0144stwo swojego psa dzi\u0119ki uprz\u0119\u017cy QR Code No Pull Dog Harness. Wyposa\u017cona w unikalny kod QR do szybkiej identyfikacji zwierz\u0119cia, ta uprz\u0105\u017c integruje technologi\u0119 z komfortem. Oferuje funkcj\u0119 no-pull dla lepszej kontroli podczas spacer\u00f3w, regulowane paski dla idealnego dopasowania i oddychaj\u0105cy materia\u0142, aby zapewni\u0107 zwierz\u0119ciu komfort. Idealne do codziennego u\u017cytku i zaawansowanego zarz\u0105dzania zwierz\u0119tami.<\/p>","protected":false},"featured_media":8192,"template":"","meta":[],"product_brand":[],"product_cat":[23],"product_tag":[],"class_list":{"0":"post-8220","1":"product","2":"type-product","3":"status-publish","4":"has-post-thumbnail","6":"product_cat-dog-harness","7":"pa_brand-qqpets","9":"first","10":"instock","11":"shipping-taxable","12":"product-type-simple"},"yoast_head":"<!-- This site is optimized with the Yoast SEO plugin v26.6 - https:\/\/yoast.com\/wordpress\/plugins\/seo\/ -->\n<title>QR Code No Pull Dog Harness | QQPETS<\/title>\n<meta name=\"description\" content=\"Discover the QR Code No Pull Dog Harness for easy control and smart pet tracking\u2014security and comfort in one!\" \/>\n<meta name=\"robots\" content=\"index, follow, max-snippet:-1, max-image-preview:large, max-video-preview:-1\" \/>\n<link rel=\"canonical\" href=\"https:\/\/qqpets.com\/pl\/produkt\/qr-code-no-pull-dog-harness\/\" \/>\n<meta property=\"og:locale\" content=\"pl_PL\" \/>\n<meta property=\"og:type\" content=\"article\" \/>\n<meta property=\"og:title\" content=\"QR Code No Pull Dog Harness | QQPETS\" \/>\n<meta property=\"og:description\" content=\"Discover the QR Code No Pull Dog Harness for easy control and smart pet tracking\u2014security and comfort in one!\" \/>\n<meta property=\"og:url\" content=\"https:\/\/qqpets.com\/pl\/produkt\/qr-code-no-pull-dog-harness\/\" \/>\n<meta property=\"og:site_name\" content=\"QQPETS\" \/>\n<meta property=\"article:publisher\" content=\"https:\/\/www.facebook.com\/QQpetsdogcollars\" \/>\n<meta property=\"og:image\" content=\"https:\/\/qqpets.com\/wp-content\/uploads\/2024\/09\/QR-Code-No-Pull-Dog-Harness2.webp\" \/>\n\t<meta property=\"og:image:width\" content=\"1000\" \/>\n\t<meta property=\"og:image:height\" content=\"1000\" \/>\n\t<meta property=\"og:image:type\" content=\"image\/webp\" \/>\n<meta name=\"twitter:card\" content=\"summary_large_image\" \/>\n<meta name=\"twitter:label1\" content=\"Szacowany czas czytania\" \/>\n\t<meta name=\"twitter:data1\" content=\"2 minuty\" \/>\n<script type=\"application\/ld+json\" class=\"yoast-schema-graph\">{\"@context\":\"https:\/\/schema.org\",\"@graph\":[{\"@type\":\"WebPage\",\"@id\":\"https:\/\/qqpets.com\/product\/qr-code-no-pull-dog-harness\/\",\"url\":\"https:\/\/qqpets.com\/product\/qr-code-no-pull-dog-harness\/\",\"name\":\"QR Code No Pull Dog Harness | QQPETS\",\"isPartOf\":{\"@id\":\"https:\/\/qqpets.com\/#website\"},\"primaryImageOfPage\":{\"@id\":\"https:\/\/qqpets.com\/product\/qr-code-no-pull-dog-harness\/#primaryimage\"},\"image\":{\"@id\":\"https:\/\/qqpets.com\/product\/qr-code-no-pull-dog-harness\/#primaryimage\"},\"thumbnailUrl\":\"https:\/\/qqpets.com\/wp-content\/uploads\/2024\/09\/QR-Code-No-Pull-Dog-Harness2.webp\",\"datePublished\":\"2024-09-24T08:03:59+00:00\",\"description\":\"Discover the QR Code No Pull Dog Harness for easy control and smart pet tracking\u2014security and comfort in one!\",\"breadcrumb\":{\"@id\":\"https:\/\/qqpets.com\/product\/qr-code-no-pull-dog-harness\/#breadcrumb\"},\"inLanguage\":\"pl-PL\",\"potentialAction\":[{\"@type\":\"ReadAction\",\"target\":[\"https:\/\/qqpets.com\/product\/qr-code-no-pull-dog-harness\/\"]}]},{\"@type\":\"ImageObject\",\"inLanguage\":\"pl-PL\",\"@id\":\"https:\/\/qqpets.com\/product\/qr-code-no-pull-dog-harness\/#primaryimage\",\"url\":\"https:\/\/qqpets.com\/wp-content\/uploads\/2024\/09\/QR-Code-No-Pull-Dog-Harness2.webp\",\"contentUrl\":\"https:\/\/qqpets.com\/wp-content\/uploads\/2024\/09\/QR-Code-No-Pull-Dog-Harness2.webp\",\"width\":1000,\"height\":1000},{\"@type\":\"BreadcrumbList\",\"@id\":\"https:\/\/qqpets.com\/product\/qr-code-no-pull-dog-harness\/#breadcrumb\",\"itemListElement\":[{\"@type\":\"ListItem\",\"position\":1,\"name\":\"Home\",\"item\":\"https:\/\/qqpets.com\/\"},{\"@type\":\"ListItem\",\"position\":2,\"name\":\"Products\",\"item\":\"https:\/\/qqpets.com\/pet-products-manufacturer\/\"},{\"@type\":\"ListItem\",\"position\":3,\"name\":\"QR Code No Pull Dog Harness\"}]},{\"@type\":\"WebSite\",\"@id\":\"https:\/\/qqpets.com\/#website\",\"url\":\"https:\/\/qqpets.com\/\",\"name\":\"QQPETS\",\"description\":\"QQPETS is a pet products factory for dog harnesses, dog collars, dog leashes and dog accessories with professional customized service since 2005.\",\"publisher\":{\"@id\":\"https:\/\/qqpets.com\/#organization\"},\"potentialAction\":[{\"@type\":\"SearchAction\",\"target\":{\"@type\":\"EntryPoint\",\"urlTemplate\":\"https:\/\/qqpets.com\/?s={search_term_string}\"},\"query-input\":{\"@type\":\"PropertyValueSpecification\",\"valueRequired\":true,\"valueName\":\"search_term_string\"}}],\"inLanguage\":\"pl-PL\"},{\"@type\":\"Organization\",\"@id\":\"https:\/\/qqpets.com\/#organization\",\"name\":\"QQPETS\",\"url\":\"https:\/\/qqpets.com\/\",\"logo\":{\"@type\":\"ImageObject\",\"inLanguage\":\"pl-PL\",\"@id\":\"https:\/\/qqpets.com\/#\/schema\/logo\/image\/\",\"url\":\"https:\/\/qqpets.com\/wp-content\/uploads\/2023\/09\/cropped-cropped-qqpets-tiktok.jpg\",\"contentUrl\":\"https:\/\/qqpets.com\/wp-content\/uploads\/2023\/09\/cropped-cropped-qqpets-tiktok.jpg\",\"width\":511,\"height\":511,\"caption\":\"QQPETS\"},\"image\":{\"@id\":\"https:\/\/qqpets.com\/#\/schema\/logo\/image\/\"},\"sameAs\":[\"https:\/\/www.facebook.com\/QQpetsdogcollars\",\"https:\/\/www.instagram.com\/qqpetscollar\/\",\"https:\/\/www.pinterest.com\/qqpetsdogcollarsfactory\/\"]}]}<\/script>\n<!-- \/ Yoast SEO plugin. -->","yoast_head_json":{"title":"QR Code No Pull Uprz\u0105\u017c dla psa | QQPETS","description":"Odkryj uprz\u0105\u017c dla psa QR Code No Pull dla \u0142atwej kontroli i inteligentnego \u015bledzenia zwierz\u0105t - bezpiecze\u0144stwo i komfort w jednym!","robots":{"index":"index","follow":"follow","max-snippet":"max-snippet:-1","max-image-preview":"max-image-preview:large","max-video-preview":"max-video-preview:-1"},"canonical":"https:\/\/qqpets.com\/pl\/produkt\/qr-code-no-pull-dog-harness\/","og_locale":"pl_PL","og_type":"article","og_title":"QR Code No Pull Dog Harness | QQPETS","og_description":"Discover the QR Code No Pull Dog Harness for easy control and smart pet tracking\u2014security and comfort in one!","og_url":"https:\/\/qqpets.com\/pl\/produkt\/qr-code-no-pull-dog-harness\/","og_site_name":"QQPETS","article_publisher":"https:\/\/www.facebook.com\/QQpetsdogcollars","og_image":[{"width":1000,"height":1000,"url":"https:\/\/qqpets.com\/wp-content\/uploads\/2024\/09\/QR-Code-No-Pull-Dog-Harness2.webp","type":"image\/webp"}],"twitter_card":"summary_large_image","twitter_misc":{"Szacowany czas czytania":"2 minuty"},"schema":{"@context":"https:\/\/schema.org","@graph":[{"@type":"WebPage","@id":"https:\/\/qqpets.com\/product\/qr-code-no-pull-dog-harness\/","url":"https:\/\/qqpets.com\/product\/qr-code-no-pull-dog-harness\/","name":"QR Code No Pull Uprz\u0105\u017c dla psa | QQPETS","isPartOf":{"@id":"https:\/\/qqpets.com\/#website"},"primaryImageOfPage":{"@id":"https:\/\/qqpets.com\/product\/qr-code-no-pull-dog-harness\/#primaryimage"},"image":{"@id":"https:\/\/qqpets.com\/product\/qr-code-no-pull-dog-harness\/#primaryimage"},"thumbnailUrl":"https:\/\/qqpets.com\/wp-content\/uploads\/2024\/09\/QR-Code-No-Pull-Dog-Harness2.webp","datePublished":"2024-09-24T08:03:59+00:00","description":"Odkryj uprz\u0105\u017c dla psa QR Code No Pull dla \u0142atwej kontroli i inteligentnego \u015bledzenia zwierz\u0105t - bezpiecze\u0144stwo i komfort w jednym!","breadcrumb":{"@id":"https:\/\/qqpets.com\/product\/qr-code-no-pull-dog-harness\/#breadcrumb"},"inLanguage":"pl-PL","potentialAction":[{"@type":"ReadAction","target":["https:\/\/qqpets.com\/product\/qr-code-no-pull-dog-harness\/"]}]},{"@type":"ImageObject","inLanguage":"pl-PL","@id":"https:\/\/qqpets.com\/product\/qr-code-no-pull-dog-harness\/#primaryimage","url":"https:\/\/qqpets.com\/wp-content\/uploads\/2024\/09\/QR-Code-No-Pull-Dog-Harness2.webp","contentUrl":"https:\/\/qqpets.com\/wp-content\/uploads\/2024\/09\/QR-Code-No-Pull-Dog-Harness2.webp","width":1000,"height":1000},{"@type":"BreadcrumbList","@id":"https:\/\/qqpets.com\/product\/qr-code-no-pull-dog-harness\/#breadcrumb","itemListElement":[{"@type":"ListItem","position":1,"name":"Home","item":"https:\/\/qqpets.com\/"},{"@type":"ListItem","position":2,"name":"Products","item":"https:\/\/qqpets.com\/pet-products-manufacturer\/"},{"@type":"ListItem","position":3,"name":"QR Code No Pull Dog Harness"}]},{"@type":"WebSite","@id":"https:\/\/qqpets.com\/#website","url":"https:\/\/qqpets.com\/","name":"QQPETS","description":"QQPETS to fabryka uprz\u0119\u017cy dla ps\u00f3w, obro\u017cy dla ps\u00f3w, smyczy dla ps\u00f3w i akcesori\u00f3w dla ps\u00f3w z profesjonaln\u0105 obs\u0142ug\u0105 dostosowan\u0105 do potrzeb klienta od 2005 roku.","publisher":{"@id":"https:\/\/qqpets.com\/#organization"},"potentialAction":[{"@type":"SearchAction","target":{"@type":"EntryPoint","urlTemplate":"https:\/\/qqpets.com\/?s={search_term_string}"},"query-input":{"@type":"PropertyValueSpecification","valueRequired":true,"valueName":"search_term_string"}}],"inLanguage":"pl-PL"},{"@type":"Organization","@id":"https:\/\/qqpets.com\/#organization","name":"QQPETS","url":"https:\/\/qqpets.com\/","logo":{"@type":"ImageObject","inLanguage":"pl-PL","@id":"https:\/\/qqpets.com\/#\/schema\/logo\/image\/","url":"https:\/\/qqpets.com\/wp-content\/uploads\/2023\/09\/cropped-cropped-qqpets-tiktok.jpg","contentUrl":"https:\/\/qqpets.com\/wp-content\/uploads\/2023\/09\/cropped-cropped-qqpets-tiktok.jpg","width":511,"height":511,"caption":"QQPETS"},"image":{"@id":"https:\/\/qqpets.com\/#\/schema\/logo\/image\/"},"sameAs":["https:\/\/www.facebook.com\/QQpetsdogcollars","https:\/\/www.instagram.com\/qqpetscollar\/","https:\/\/www.pinterest.com\/qqpetsdogcollarsfactory\/"]}]}},"_links":{"self":[{"href":"https:\/\/qqpets.com\/pl\/wp-json\/wp\/v2\/product\/8220","targetHints":{"allow":["GET"]}}],"collection":[{"href":"https:\/\/qqpets.com\/pl\/wp-json\/wp\/v2\/product"}],"about":[{"href":"https:\/\/qqpets.com\/pl\/wp-json\/wp\/v2\/types\/product"}],"wp:featuredmedia":[{"embeddable":true,"href":"https:\/\/qqpets.com\/pl\/wp-json\/wp\/v2\/media\/8192"}],"wp:attachment":[{"href":"https:\/\/qqpets.com\/pl\/wp-json\/wp\/v2\/media?parent=8220"}],"wp:term":[{"taxonomy":"product_brand","embeddable":true,"href":"https:\/\/qqpets.com\/pl\/wp-json\/wp\/v2\/product_brand?post=8220"},{"taxonomy":"product_cat","embeddable":true,"href":"https:\/\/qqpets.com\/pl\/wp-json\/wp\/v2\/product_cat?post=8220"},{"taxonomy":"product_tag","embeddable":true,"href":"https:\/\/qqpets.com\/pl\/wp-json\/wp\/v2\/product_tag?post=8220"}],"curies":[{"name":"wp","href":"https:\/\/api.w.org\/{rel}","templated":true}]}}