{"id":8416,"date":"2024-09-30T11:31:44","date_gmt":"2024-09-30T03:31:44","guid":{"rendered":"https:\/\/qqpets.com\/?post_type=product&#038;p=8416"},"modified":"2024-09-30T11:31:44","modified_gmt":"2024-09-30T03:31:44","slug":"dog-leash-car-seat-belt","status":"publish","type":"product","link":"https:\/\/qqpets.com\/pl\/produkt\/dog-leash-car-seat-belt\/","title":{"rendered":"Smycz dla psa Samochodowy pas bezpiecze\u0144stwa"},"content":{"rendered":"<p>Przedstawiamy samochodowy pas bezpiecze\u0144stwa Dog Leash - najlepsze rozwi\u0105zanie dla bezpiecze\u0144stwa zwierz\u0105t podczas jazdy. Ten specjalnie zaprojektowany samochodowy pas bezpiecze\u0144stwa dla ps\u00f3w zapewnia, \u017ce Tw\u00f3j futrzany przyjaciel jest bezpiecznie przypi\u0119ty podczas jazdy, zmniejszaj\u0105c ryzyko obra\u017ce\u0144 podczas nag\u0142ych zatrzyma\u0144 lub wypadk\u00f3w.<\/p>\n<p><strong>Kluczowe cechy:<\/strong><\/p>\n<ul>\n<li><strong>Uniwersalne dopasowanie:<\/strong> Kompatybilny z systemami pas\u00f3w bezpiecze\u0144stwa wi\u0119kszo\u015bci pojazd\u00f3w, ten samochodowy pas bezpiecze\u0144stwa jest wyposa\u017cony w uniwersalny zaczep pasa bezpiecze\u0144stwa, kt\u00f3ry bezpiecznie pasuje do zatrzask\u00f3w pas\u00f3w bezpiecze\u0144stwa.<\/li>\n<li><strong>Regulowana d\u0142ugo\u015b\u0107:<\/strong> \u0141atwo reguluj d\u0142ugo\u015b\u0107 pasa bezpiecze\u0144stwa, aby zapewni\u0107 zwierz\u0119ciu wystarczaj\u0105c\u0105 swobod\u0119 siedzenia, le\u017cenia lub stania wygodnie w foteliku samochodowym.<\/li>\n<li><strong>Wysokiej jako\u015bci materia\u0142:<\/strong> Wykonana z wytrzyma\u0142ej tkaniny nylonowej, ta smycz jest zbudowana tak, aby wytrzyma\u0107 stres i napi\u0119cie podczas u\u017cytkowania z aktywnymi zwierz\u0119tami. Jest r\u00f3wnie\u017c odporna na warunki atmosferyczne, dzi\u0119ki czemu nadaje si\u0119 do u\u017cytku w ka\u017cdych warunkach.<\/li>\n<li><strong>Bezpieczne mocowanie:<\/strong> Wyposa\u017cona w solidn\u0105 metalow\u0105 klamr\u0119 i klips, zapewnia, \u017ce smycz pozostaje bezpiecznie przymocowana do uprz\u0119\u017cy lub obro\u017cy zwierz\u0119cia, zapewniaj\u0105c siln\u0105, niezawodn\u0105 kontrol\u0119 w poje\u017adzie.<\/li>\n<li><strong>\u0141atwy w u\u017cyciu i wszechstronny:<\/strong> Mo\u017cna j\u0105 szybko odpi\u0105\u0107 i przypi\u0105\u0107, dzi\u0119ki czemu mo\u017ce s\u0142u\u017cy\u0107 jako zwyk\u0142a smycz spacerowa, co czyni j\u0105 idealn\u0105 w podr\u00f3\u017cy.<\/li>\n<\/ul>\n<p>Samochodowy pas bezpiecze\u0144stwa Dog Leash zosta\u0142 zaprojektowany nie tylko z my\u015bl\u0105 o bezpiecze\u0144stwie, ale tak\u017ce o komforcie Twojego pupila. Niezale\u017cnie od tego, czy wybierasz si\u0119 na kr\u00f3tk\u0105 przeja\u017cd\u017ck\u0119 do parku, czy w d\u0142ug\u0105 podr\u00f3\u017c, ten pas bezpiecze\u0144stwa sprawia, \u017ce podr\u00f3\u017cowanie z pupilem jest \u0142atwe, bezpieczne i wygodne. Wyposa\u017c sw\u00f3j samoch\u00f3d w to niezb\u0119dne akcesorium podr\u00f3\u017cne dla zwierz\u0105t i ciesz si\u0119 spokojnymi, bezpiecznymi podr\u00f3\u017cami ze swoim najlepszym przyjacielem.<\/p>\n<h5><strong>Czy pasy bezpiecze\u0144stwa dla ps\u00f3w naprawd\u0119 dzia\u0142aj\u0105?<\/strong><\/h5>\n<p>Tak, pasy bezpiecze\u0144stwa dla ps\u00f3w mog\u0105 skutecznie zmniejszy\u0107 ryzyko obra\u017ce\u0144 psa podczas wypadku samochodowego lub nag\u0142ego hamowania, utrzymuj\u0105c go w miejscu i ograniczaj\u0105c jego ruchy w poje\u017adzie.<\/p>\n<h5><strong>Czy psy powinny zapina\u0107 pasy bezpiecze\u0144stwa?<\/strong><\/h5>\n<p>Chocia\u017c nie wsz\u0119dzie jest to obowi\u0105zkowe, zaleca si\u0119, aby psy zapina\u0142y pasy bezpiecze\u0144stwa podczas podr\u00f3\u017cy samochodem dla w\u0142asnego bezpiecze\u0144stwa i bezpiecze\u0144stwa pasa\u017cer\u00f3w. W niekt\u00f3rych regionach obowi\u0105zuj\u0105 przepisy wymagaj\u0105ce przypinania zwierz\u0105t domowych w samochodzie.<\/p>\n<h5><strong>Jaki jest najlepszy samochodowy pas bezpiecze\u0144stwa dla ps\u00f3w?<\/strong><\/h5>\n<p>Najlepsze samochodowe pasy bezpiecze\u0144stwa dla ps\u00f3w to takie, kt\u00f3re przesz\u0142y testy zderzeniowe i s\u0105 certyfikowane przez renomowan\u0105 organizacj\u0119. Szukaj regulowanych, trwa\u0142ych pas\u00f3w bezpiecze\u0144stwa, kt\u00f3re mo\u017cna przymocowa\u0107 do uprz\u0119\u017cy psa (nie obro\u017cy) i bezpiecznie przymocowa\u0107 do systemu pas\u00f3w bezpiecze\u0144stwa pojazdu.<\/p>\n<h5><strong>Jak u\u017cywa\u0107 pas\u00f3w bezpiecze\u0144stwa dla psa?<\/strong><\/h5>\n<p>Przymocuj zaczep pasa bezpiecze\u0144stwa do uprz\u0119\u017cy psa (nigdy do obro\u017cy ze wzgl\u0119du na ryzyko urazu szyi). Nast\u0119pnie zapnij pas bezpiecze\u0144stwa w systemie pas\u00f3w bezpiecze\u0144stwa samochodu. Upewnij si\u0119, \u017ce pas jest wystarczaj\u0105co ciasny, aby zapobiec nadmiernym ruchom, ale nadal pozwala psu wygodnie siedzie\u0107 lub le\u017ce\u0107. W razie potrzeby wyreguluj pas, aby zapewni\u0107 odpowiednie dopasowanie i wygod\u0119.<\/p>","protected":false},"excerpt":{"rendered":"<p>Podr\u00f3\u017cuj bezpiecznie ze swoim zwierzakiem, korzystaj\u0105c z naszego samochodowego pasa bezpiecze\u0144stwa Dog Leash. Zaprojektowany z my\u015bl\u0105 o trwa\u0142o\u015bci i bezpiecze\u0144stwie, ten pas bezpiecze\u0144stwa bezpiecznie mocuje si\u0119 do zaczepu pasa bezpiecze\u0144stwa pojazdu. Posiada regulowan\u0105 d\u0142ugo\u015b\u0107, aby dostosowa\u0107 si\u0119 do r\u00f3\u017cnych rozmiar\u00f3w ps\u00f3w i pojazd\u00f3w, zapewniaj\u0105c, \u017ce zwierz\u0119 pozostanie bezpiecznie na swoim miejscu. Mocny klips i system klamry zapobiegaj\u0105 wyskoczeniu zwierz\u0119cia, dzi\u0119ki czemu ka\u017cda podr\u00f3\u017c jest wolna od zmartwie\u0144. Idealny dla wszystkich ras i rozmiar\u00f3w ps\u00f3w.<\/p>","protected":false},"featured_media":8417,"template":"","meta":[],"product_brand":[],"product_cat":[27],"product_tag":[],"class_list":{"0":"post-8416","1":"product","2":"type-product","3":"status-publish","4":"has-post-thumbnail","6":"product_cat-dog-leash","7":"pa_brand-qqpets","9":"first","10":"instock","11":"shipping-taxable","12":"product-type-simple"},"yoast_head":"<!-- This site is optimized with the Yoast SEO plugin v26.6 - https:\/\/yoast.com\/wordpress\/plugins\/seo\/ -->\n<title>Dog Leash Car Seat Belt | QQPETS<\/title>\n<meta name=\"description\" content=\"Ensure your pet\u2019s safety on the road with our durable Dog Leash Car Seat Belt. Adjustable and secure!\" \/>\n<meta name=\"robots\" content=\"index, follow, max-snippet:-1, max-image-preview:large, max-video-preview:-1\" \/>\n<link rel=\"canonical\" href=\"https:\/\/qqpets.com\/pl\/produkt\/dog-leash-car-seat-belt\/\" \/>\n<meta property=\"og:locale\" content=\"pl_PL\" \/>\n<meta property=\"og:type\" content=\"article\" \/>\n<meta property=\"og:title\" content=\"Dog Leash Car Seat Belt | QQPETS\" \/>\n<meta property=\"og:description\" content=\"Ensure your pet\u2019s safety on the road with our durable Dog Leash Car Seat Belt. Adjustable and secure!\" \/>\n<meta property=\"og:url\" content=\"https:\/\/qqpets.com\/pl\/produkt\/dog-leash-car-seat-belt\/\" \/>\n<meta property=\"og:site_name\" content=\"QQPETS\" \/>\n<meta property=\"article:publisher\" content=\"https:\/\/www.facebook.com\/QQpetsdogcollars\" \/>\n<meta property=\"og:image\" content=\"https:\/\/qqpets.com\/wp-content\/uploads\/2024\/09\/Car-Seat-Belt.webp\" \/>\n\t<meta property=\"og:image:width\" content=\"1486\" \/>\n\t<meta property=\"og:image:height\" content=\"1500\" \/>\n\t<meta property=\"og:image:type\" content=\"image\/webp\" \/>\n<meta name=\"twitter:card\" content=\"summary_large_image\" \/>\n<meta name=\"twitter:label1\" content=\"Szacowany czas czytania\" \/>\n\t<meta name=\"twitter:data1\" content=\"3 minuty\" \/>\n<script type=\"application\/ld+json\" class=\"yoast-schema-graph\">{\"@context\":\"https:\/\/schema.org\",\"@graph\":[{\"@type\":\"WebPage\",\"@id\":\"https:\/\/qqpets.com\/product\/dog-leash-car-seat-belt\/\",\"url\":\"https:\/\/qqpets.com\/product\/dog-leash-car-seat-belt\/\",\"name\":\"Dog Leash Car Seat Belt | QQPETS\",\"isPartOf\":{\"@id\":\"https:\/\/qqpets.com\/#website\"},\"primaryImageOfPage\":{\"@id\":\"https:\/\/qqpets.com\/product\/dog-leash-car-seat-belt\/#primaryimage\"},\"image\":{\"@id\":\"https:\/\/qqpets.com\/product\/dog-leash-car-seat-belt\/#primaryimage\"},\"thumbnailUrl\":\"https:\/\/qqpets.com\/wp-content\/uploads\/2024\/09\/Car-Seat-Belt.webp\",\"datePublished\":\"2024-09-30T03:31:44+00:00\",\"description\":\"Ensure your pet\u2019s safety on the road with our durable Dog Leash Car Seat Belt. Adjustable and secure!\",\"breadcrumb\":{\"@id\":\"https:\/\/qqpets.com\/product\/dog-leash-car-seat-belt\/#breadcrumb\"},\"inLanguage\":\"pl-PL\",\"potentialAction\":[{\"@type\":\"ReadAction\",\"target\":[\"https:\/\/qqpets.com\/product\/dog-leash-car-seat-belt\/\"]}]},{\"@type\":\"ImageObject\",\"inLanguage\":\"pl-PL\",\"@id\":\"https:\/\/qqpets.com\/product\/dog-leash-car-seat-belt\/#primaryimage\",\"url\":\"https:\/\/qqpets.com\/wp-content\/uploads\/2024\/09\/Car-Seat-Belt.webp\",\"contentUrl\":\"https:\/\/qqpets.com\/wp-content\/uploads\/2024\/09\/Car-Seat-Belt.webp\",\"width\":1486,\"height\":1500},{\"@type\":\"BreadcrumbList\",\"@id\":\"https:\/\/qqpets.com\/product\/dog-leash-car-seat-belt\/#breadcrumb\",\"itemListElement\":[{\"@type\":\"ListItem\",\"position\":1,\"name\":\"Home\",\"item\":\"https:\/\/qqpets.com\/\"},{\"@type\":\"ListItem\",\"position\":2,\"name\":\"Products\",\"item\":\"https:\/\/qqpets.com\/pet-products-manufacturer\/\"},{\"@type\":\"ListItem\",\"position\":3,\"name\":\"Dog Leash Car Seat Belt\"}]},{\"@type\":\"WebSite\",\"@id\":\"https:\/\/qqpets.com\/#website\",\"url\":\"https:\/\/qqpets.com\/\",\"name\":\"QQPETS\",\"description\":\"QQPETS is a pet products factory for dog harnesses, dog collars, dog leashes and dog accessories with professional customized service since 2005.\",\"publisher\":{\"@id\":\"https:\/\/qqpets.com\/#organization\"},\"potentialAction\":[{\"@type\":\"SearchAction\",\"target\":{\"@type\":\"EntryPoint\",\"urlTemplate\":\"https:\/\/qqpets.com\/?s={search_term_string}\"},\"query-input\":{\"@type\":\"PropertyValueSpecification\",\"valueRequired\":true,\"valueName\":\"search_term_string\"}}],\"inLanguage\":\"pl-PL\"},{\"@type\":\"Organization\",\"@id\":\"https:\/\/qqpets.com\/#organization\",\"name\":\"QQPETS\",\"url\":\"https:\/\/qqpets.com\/\",\"logo\":{\"@type\":\"ImageObject\",\"inLanguage\":\"pl-PL\",\"@id\":\"https:\/\/qqpets.com\/#\/schema\/logo\/image\/\",\"url\":\"https:\/\/qqpets.com\/wp-content\/uploads\/2023\/09\/cropped-cropped-qqpets-tiktok.jpg\",\"contentUrl\":\"https:\/\/qqpets.com\/wp-content\/uploads\/2023\/09\/cropped-cropped-qqpets-tiktok.jpg\",\"width\":511,\"height\":511,\"caption\":\"QQPETS\"},\"image\":{\"@id\":\"https:\/\/qqpets.com\/#\/schema\/logo\/image\/\"},\"sameAs\":[\"https:\/\/www.facebook.com\/QQpetsdogcollars\",\"https:\/\/www.instagram.com\/qqpetscollar\/\",\"https:\/\/www.pinterest.com\/qqpetsdogcollarsfactory\/\"]}]}<\/script>\n<!-- \/ Yoast SEO plugin. -->","yoast_head_json":{"title":"Smycz dla psa Samochodowy pas bezpiecze\u0144stwa | QQPETS","description":"Zapewnij swojemu pupilowi bezpiecze\u0144stwo na drodze dzi\u0119ki naszym wytrzyma\u0142ym samochodowym pasom bezpiecze\u0144stwa. Regulowany i bezpieczny!","robots":{"index":"index","follow":"follow","max-snippet":"max-snippet:-1","max-image-preview":"max-image-preview:large","max-video-preview":"max-video-preview:-1"},"canonical":"https:\/\/qqpets.com\/pl\/produkt\/dog-leash-car-seat-belt\/","og_locale":"pl_PL","og_type":"article","og_title":"Dog Leash Car Seat Belt | QQPETS","og_description":"Ensure your pet\u2019s safety on the road with our durable Dog Leash Car Seat Belt. Adjustable and secure!","og_url":"https:\/\/qqpets.com\/pl\/produkt\/dog-leash-car-seat-belt\/","og_site_name":"QQPETS","article_publisher":"https:\/\/www.facebook.com\/QQpetsdogcollars","og_image":[{"width":1486,"height":1500,"url":"https:\/\/qqpets.com\/wp-content\/uploads\/2024\/09\/Car-Seat-Belt.webp","type":"image\/webp"}],"twitter_card":"summary_large_image","twitter_misc":{"Szacowany czas czytania":"3 minuty"},"schema":{"@context":"https:\/\/schema.org","@graph":[{"@type":"WebPage","@id":"https:\/\/qqpets.com\/product\/dog-leash-car-seat-belt\/","url":"https:\/\/qqpets.com\/product\/dog-leash-car-seat-belt\/","name":"Smycz dla psa Samochodowy pas bezpiecze\u0144stwa | QQPETS","isPartOf":{"@id":"https:\/\/qqpets.com\/#website"},"primaryImageOfPage":{"@id":"https:\/\/qqpets.com\/product\/dog-leash-car-seat-belt\/#primaryimage"},"image":{"@id":"https:\/\/qqpets.com\/product\/dog-leash-car-seat-belt\/#primaryimage"},"thumbnailUrl":"https:\/\/qqpets.com\/wp-content\/uploads\/2024\/09\/Car-Seat-Belt.webp","datePublished":"2024-09-30T03:31:44+00:00","description":"Zapewnij swojemu pupilowi bezpiecze\u0144stwo na drodze dzi\u0119ki naszym wytrzyma\u0142ym samochodowym pasom bezpiecze\u0144stwa. Regulowany i bezpieczny!","breadcrumb":{"@id":"https:\/\/qqpets.com\/product\/dog-leash-car-seat-belt\/#breadcrumb"},"inLanguage":"pl-PL","potentialAction":[{"@type":"ReadAction","target":["https:\/\/qqpets.com\/product\/dog-leash-car-seat-belt\/"]}]},{"@type":"ImageObject","inLanguage":"pl-PL","@id":"https:\/\/qqpets.com\/product\/dog-leash-car-seat-belt\/#primaryimage","url":"https:\/\/qqpets.com\/wp-content\/uploads\/2024\/09\/Car-Seat-Belt.webp","contentUrl":"https:\/\/qqpets.com\/wp-content\/uploads\/2024\/09\/Car-Seat-Belt.webp","width":1486,"height":1500},{"@type":"BreadcrumbList","@id":"https:\/\/qqpets.com\/product\/dog-leash-car-seat-belt\/#breadcrumb","itemListElement":[{"@type":"ListItem","position":1,"name":"Home","item":"https:\/\/qqpets.com\/"},{"@type":"ListItem","position":2,"name":"Products","item":"https:\/\/qqpets.com\/pet-products-manufacturer\/"},{"@type":"ListItem","position":3,"name":"Dog Leash Car Seat Belt"}]},{"@type":"WebSite","@id":"https:\/\/qqpets.com\/#website","url":"https:\/\/qqpets.com\/","name":"QQPETS","description":"QQPETS to fabryka uprz\u0119\u017cy dla ps\u00f3w, obro\u017cy dla ps\u00f3w, smyczy dla ps\u00f3w i akcesori\u00f3w dla ps\u00f3w z profesjonaln\u0105 obs\u0142ug\u0105 dostosowan\u0105 do potrzeb klienta od 2005 roku.","publisher":{"@id":"https:\/\/qqpets.com\/#organization"},"potentialAction":[{"@type":"SearchAction","target":{"@type":"EntryPoint","urlTemplate":"https:\/\/qqpets.com\/?s={search_term_string}"},"query-input":{"@type":"PropertyValueSpecification","valueRequired":true,"valueName":"search_term_string"}}],"inLanguage":"pl-PL"},{"@type":"Organization","@id":"https:\/\/qqpets.com\/#organization","name":"QQPETS","url":"https:\/\/qqpets.com\/","logo":{"@type":"ImageObject","inLanguage":"pl-PL","@id":"https:\/\/qqpets.com\/#\/schema\/logo\/image\/","url":"https:\/\/qqpets.com\/wp-content\/uploads\/2023\/09\/cropped-cropped-qqpets-tiktok.jpg","contentUrl":"https:\/\/qqpets.com\/wp-content\/uploads\/2023\/09\/cropped-cropped-qqpets-tiktok.jpg","width":511,"height":511,"caption":"QQPETS"},"image":{"@id":"https:\/\/qqpets.com\/#\/schema\/logo\/image\/"},"sameAs":["https:\/\/www.facebook.com\/QQpetsdogcollars","https:\/\/www.instagram.com\/qqpetscollar\/","https:\/\/www.pinterest.com\/qqpetsdogcollarsfactory\/"]}]}},"_links":{"self":[{"href":"https:\/\/qqpets.com\/pl\/wp-json\/wp\/v2\/product\/8416","targetHints":{"allow":["GET"]}}],"collection":[{"href":"https:\/\/qqpets.com\/pl\/wp-json\/wp\/v2\/product"}],"about":[{"href":"https:\/\/qqpets.com\/pl\/wp-json\/wp\/v2\/types\/product"}],"wp:featuredmedia":[{"embeddable":true,"href":"https:\/\/qqpets.com\/pl\/wp-json\/wp\/v2\/media\/8417"}],"wp:attachment":[{"href":"https:\/\/qqpets.com\/pl\/wp-json\/wp\/v2\/media?parent=8416"}],"wp:term":[{"taxonomy":"product_brand","embeddable":true,"href":"https:\/\/qqpets.com\/pl\/wp-json\/wp\/v2\/product_brand?post=8416"},{"taxonomy":"product_cat","embeddable":true,"href":"https:\/\/qqpets.com\/pl\/wp-json\/wp\/v2\/product_cat?post=8416"},{"taxonomy":"product_tag","embeddable":true,"href":"https:\/\/qqpets.com\/pl\/wp-json\/wp\/v2\/product_tag?post=8416"}],"curies":[{"name":"wp","href":"https:\/\/api.w.org\/{rel}","templated":true}]}}