{"id":8425,"date":"2024-09-30T12:01:12","date_gmt":"2024-09-30T04:01:12","guid":{"rendered":"https:\/\/qqpets.com\/?post_type=product&#038;p=8425"},"modified":"2024-09-30T12:01:12","modified_gmt":"2024-09-30T04:01:12","slug":"nylon-double-two-dog-leash-coupler","status":"publish","type":"product","link":"https:\/\/qqpets.com\/pl\/produkt\/nylon-double-two-dog-leash-coupler\/","title":{"rendered":"Nylonowy podw\u00f3jny \u0142\u0105cznik do smyczy dla dw\u00f3ch ps\u00f3w"},"content":{"rendered":"<p>Odkryj wygod\u0119 chodzenia z dwoma psami jednocze\u015bnie dzi\u0119ki nylonowemu \u0142\u0105cznikowi do smyczy dla dw\u00f3ch ps\u00f3w. Zaprojektowany specjalnie dla w\u0142a\u015bcicieli wielu ps\u00f3w, ten \u0142\u0105cznik pozwala na p\u0142ynne, kontrolowane spacery bez konieczno\u015bci \u017conglowania dwiema oddzielnymi smyczami.<\/p>\n<p><strong>Kluczowe cechy:<\/strong><\/p>\n<ul>\n<li><strong>Wysokiej jako\u015bci nylon:<\/strong> Wykonana z wysokiej jako\u015bci nylonu, ta smycz jest zar\u00f3wno trwa\u0142a, jak i lekka, zaprojektowana tak, aby wytrzyma\u0107 rygory obs\u0142ugi dw\u00f3ch ps\u00f3w jednocze\u015bnie.<\/li>\n<li><strong>Regulowana d\u0142ugo\u015b\u0107:<\/strong> Ka\u017cda strona smyczy mo\u017ce by\u0107 regulowana niezale\u017cnie, umo\u017cliwiaj\u0105c dostosowanie odleg\u0142o\u015bci mi\u0119dzy zwierz\u0119tami w zale\u017cno\u015bci od ich wielko\u015bci i nawyk\u00f3w chodzenia.<\/li>\n<li><strong>Mocne klipsy obrotowe:<\/strong> Wyposa\u017cony w solidne klipsy obrotowe, ten \u0142\u0105cznik bezpiecznie mocuje si\u0119 do obro\u017cy lub uprz\u0119\u017cy psa, zapewniaj\u0105c ich bezpieczne po\u0142\u0105czenie.<\/li>\n<li><strong>Niepl\u0105cz\u0105ca si\u0119 konstrukcja:<\/strong> Unikalna obrotowa konstrukcja zapobiega pl\u0105taniu si\u0119 smyczy, nawet gdy psy krzy\u017cuj\u0105 \u015bcie\u017cki, umo\u017cliwiaj\u0105c bezstresowe spacery.<\/li>\n<li><strong>Wygodna obs\u0142uga:<\/strong> Posiada g\u0142adk\u0105 tekstur\u0119, kt\u00f3ra jest przyjemna dla d\u0142oni, nawet podczas d\u0142u\u017cszych spacer\u00f3w, zapewniaj\u0105c maksymalny komfort.<\/li>\n<\/ul>\n<p>Niezale\u017cnie od tego, czy spacerujesz po parku, czy poruszasz si\u0119 po ruchliwych chodnikach, nylonowa smycz Coupler Double Two Dog Leash upraszcza spacery, utrzymuj\u0105c zwierz\u0119ta bezpiecznie i wygodnie u boku. Idealna dla wszystkich ras i rozmiar\u00f3w ps\u00f3w, jest niezb\u0119dnym narz\u0119dziem dla w\u0142a\u015bcicieli zwierz\u0105t, kt\u00f3rzy chc\u0105 cieszy\u0107 si\u0119 \u015bwie\u017cym powietrzem ze swoimi futrzanymi cz\u0142onkami rodziny.<\/p>\n<p><strong>Czy podw\u00f3jne smycze dla ps\u00f3w s\u0105 dobre?<\/strong><\/p>\n<p>Podw\u00f3jne smycze dla ps\u00f3w mog\u0105 by\u0107 dobre do wyprowadzania dw\u00f3ch ps\u00f3w jednocze\u015bnie, pozwalaj\u0105c na lepsz\u0105 kontrol\u0119 i wygod\u0119 ni\u017c u\u017cywanie dw\u00f3ch oddzielnych smyczy. Najlepiej jednak sprawdzaj\u0105 si\u0119, gdy psy s\u0105 podobnej wielko\u015bci i temperamentu.<\/p>\n<p><strong>Dlaczego ludzie u\u017cywaj\u0105 dw\u00f3ch smyczy dla ps\u00f3w?<\/strong><\/p>\n<p>Ludzie u\u017cywaj\u0105 dw\u00f3ch smyczy dla ps\u00f3w, aby zachowa\u0107 lepsz\u0105 kontrol\u0119 nad ka\u017cdym psem, zw\u0142aszcza gdy psy maj\u0105 r\u00f3\u017cne style chodzenia lub je\u015bli jeden jest bardziej reaktywny ni\u017c drugi. Taka konfiguracja pomaga skuteczniej kontrolowa\u0107 zachowanie ka\u017cdego psa podczas spacer\u00f3w.<\/p>\n<p><strong>Czy mo\u017cna smycz\u0105 po\u0142\u0105czy\u0107 dwa psy?<\/strong><\/p>\n<p>Tak, mo\u017cna po\u0142\u0105czy\u0107 dwa psy za pomoc\u0105 podw\u00f3jnej smyczy dla psa, kt\u00f3ra rozga\u0142\u0119zia si\u0119 z jednego uchwytu na dwie smycze, umo\u017cliwiaj\u0105c wyprowadzanie dw\u00f3ch ps\u00f3w jedn\u0105 r\u0119k\u0105. Wa\u017cne jest, aby psy by\u0142y kompatybilne pod wzgl\u0119dem wielko\u015bci i zachowania podczas chodzenia, aby zapobiec spl\u0105taniu i ci\u0105gni\u0119ciu.<\/p>\n<p><strong>Jak u\u017cywa\u0107 podw\u00f3jnej smyczy dla psa?<\/strong><\/p>\n<p>Przymocuj ka\u017cdy klips smyczy do uprz\u0119\u017cy lub obro\u017cy ka\u017cdego psa. Przytrzymaj pojedynczy uchwyt i pozw\u00f3l smyczy r\u00f3wnomiernie roz\u0142o\u017cy\u0107 si\u0119 mi\u0119dzy dwoma psami. Zacznij od kr\u00f3tkich spacer\u00f3w, aby przyzwyczai\u0107 psy do chodzenia razem, jednocze\u015bnie upewniaj\u0105c si\u0119, \u017ce maj\u0105 wystarczaj\u0105co du\u017co miejsca, aby wygodnie chodzi\u0107 bez przeszkadzania sobie nawzajem.<\/p>","protected":false},"excerpt":{"rendered":"<p>Idealny dla rodzin z wieloma zwierz\u0119tami, ten nylonowy \u0142\u0105cznik podw\u00f3jnej smyczy dla psa umo\u017cliwia efektywne wyprowadzanie dw\u00f3ch ps\u00f3w jednocze\u015bnie. Wykonany z wytrzyma\u0142ego nylonu, oferuje trwa\u0142o\u015b\u0107 i elastyczno\u015b\u0107, zapewniaj\u0105c wygodny spacer. Regulowane paski pozwalaj\u0105 dostosowa\u0107 d\u0142ugo\u015b\u0107 dla ka\u017cdego psa, zapobiegaj\u0105c spl\u0105taniu i zapewniaj\u0105c indywidualny komfort. Wytrzyma\u0142e klipsy obrotowe zapewniaj\u0105 bezpieczne mocowanie do obro\u017cy lub uprz\u0119\u017cy ps\u00f3w, dzi\u0119ki czemu spacery s\u0105 bezproblemowe.<\/p>","protected":false},"featured_media":8426,"template":"","meta":[],"product_brand":[],"product_cat":[27],"product_tag":[],"class_list":{"0":"post-8425","1":"product","2":"type-product","3":"status-publish","4":"has-post-thumbnail","6":"product_cat-dog-leash","7":"pa_brand-qqpets","9":"first","10":"instock","11":"shipping-taxable","12":"product-type-simple"},"yoast_head":"<!-- This site is optimized with the Yoast SEO plugin v26.6 - https:\/\/yoast.com\/wordpress\/plugins\/seo\/ -->\n<title>Nylon Double Two Dog Leash Coupler | QQPETS<\/title>\n<meta name=\"description\" content=\"Walk two dogs simultaneously with ease using our durable Nylon Double Dog Leash Coupler. Ideal for multiple pet owners!\" \/>\n<meta name=\"robots\" content=\"index, follow, max-snippet:-1, max-image-preview:large, max-video-preview:-1\" \/>\n<link rel=\"canonical\" href=\"https:\/\/qqpets.com\/pl\/produkt\/nylon-double-two-dog-leash-coupler\/\" \/>\n<meta property=\"og:locale\" content=\"pl_PL\" \/>\n<meta property=\"og:type\" content=\"article\" \/>\n<meta property=\"og:title\" content=\"Nylon Double Two Dog Leash Coupler | QQPETS\" \/>\n<meta property=\"og:description\" content=\"Walk two dogs simultaneously with ease using our durable Nylon Double Dog Leash Coupler. Ideal for multiple pet owners!\" \/>\n<meta property=\"og:url\" content=\"https:\/\/qqpets.com\/pl\/produkt\/nylon-double-two-dog-leash-coupler\/\" \/>\n<meta property=\"og:site_name\" content=\"QQPETS\" \/>\n<meta property=\"article:publisher\" content=\"https:\/\/www.facebook.com\/QQpetsdogcollars\" \/>\n<meta property=\"og:image\" content=\"https:\/\/qqpets.com\/wp-content\/uploads\/2024\/09\/two-dog-leash1.webp\" \/>\n\t<meta property=\"og:image:width\" content=\"500\" \/>\n\t<meta property=\"og:image:height\" content=\"500\" \/>\n\t<meta property=\"og:image:type\" content=\"image\/webp\" \/>\n<meta name=\"twitter:card\" content=\"summary_large_image\" \/>\n<meta name=\"twitter:label1\" content=\"Szacowany czas czytania\" \/>\n\t<meta name=\"twitter:data1\" content=\"3 minuty\" \/>\n<script type=\"application\/ld+json\" class=\"yoast-schema-graph\">{\"@context\":\"https:\/\/schema.org\",\"@graph\":[{\"@type\":\"WebPage\",\"@id\":\"https:\/\/qqpets.com\/product\/nylon-double-two-dog-leash-coupler\/\",\"url\":\"https:\/\/qqpets.com\/product\/nylon-double-two-dog-leash-coupler\/\",\"name\":\"Nylon Double Two Dog Leash Coupler | QQPETS\",\"isPartOf\":{\"@id\":\"https:\/\/qqpets.com\/#website\"},\"primaryImageOfPage\":{\"@id\":\"https:\/\/qqpets.com\/product\/nylon-double-two-dog-leash-coupler\/#primaryimage\"},\"image\":{\"@id\":\"https:\/\/qqpets.com\/product\/nylon-double-two-dog-leash-coupler\/#primaryimage\"},\"thumbnailUrl\":\"https:\/\/qqpets.com\/wp-content\/uploads\/2024\/09\/two-dog-leash1.webp\",\"datePublished\":\"2024-09-30T04:01:12+00:00\",\"description\":\"Walk two dogs simultaneously with ease using our durable Nylon Double Dog Leash Coupler. Ideal for multiple pet owners!\",\"breadcrumb\":{\"@id\":\"https:\/\/qqpets.com\/product\/nylon-double-two-dog-leash-coupler\/#breadcrumb\"},\"inLanguage\":\"pl-PL\",\"potentialAction\":[{\"@type\":\"ReadAction\",\"target\":[\"https:\/\/qqpets.com\/product\/nylon-double-two-dog-leash-coupler\/\"]}]},{\"@type\":\"ImageObject\",\"inLanguage\":\"pl-PL\",\"@id\":\"https:\/\/qqpets.com\/product\/nylon-double-two-dog-leash-coupler\/#primaryimage\",\"url\":\"https:\/\/qqpets.com\/wp-content\/uploads\/2024\/09\/two-dog-leash1.webp\",\"contentUrl\":\"https:\/\/qqpets.com\/wp-content\/uploads\/2024\/09\/two-dog-leash1.webp\",\"width\":500,\"height\":500},{\"@type\":\"BreadcrumbList\",\"@id\":\"https:\/\/qqpets.com\/product\/nylon-double-two-dog-leash-coupler\/#breadcrumb\",\"itemListElement\":[{\"@type\":\"ListItem\",\"position\":1,\"name\":\"Home\",\"item\":\"https:\/\/qqpets.com\/\"},{\"@type\":\"ListItem\",\"position\":2,\"name\":\"Products\",\"item\":\"https:\/\/qqpets.com\/pet-products-manufacturer\/\"},{\"@type\":\"ListItem\",\"position\":3,\"name\":\"Nylon Double Two Dog Leash Coupler\"}]},{\"@type\":\"WebSite\",\"@id\":\"https:\/\/qqpets.com\/#website\",\"url\":\"https:\/\/qqpets.com\/\",\"name\":\"QQPETS\",\"description\":\"QQPETS is a pet products factory for dog harnesses, dog collars, dog leashes and dog accessories with professional customized service since 2005.\",\"publisher\":{\"@id\":\"https:\/\/qqpets.com\/#organization\"},\"potentialAction\":[{\"@type\":\"SearchAction\",\"target\":{\"@type\":\"EntryPoint\",\"urlTemplate\":\"https:\/\/qqpets.com\/?s={search_term_string}\"},\"query-input\":{\"@type\":\"PropertyValueSpecification\",\"valueRequired\":true,\"valueName\":\"search_term_string\"}}],\"inLanguage\":\"pl-PL\"},{\"@type\":\"Organization\",\"@id\":\"https:\/\/qqpets.com\/#organization\",\"name\":\"QQPETS\",\"url\":\"https:\/\/qqpets.com\/\",\"logo\":{\"@type\":\"ImageObject\",\"inLanguage\":\"pl-PL\",\"@id\":\"https:\/\/qqpets.com\/#\/schema\/logo\/image\/\",\"url\":\"https:\/\/qqpets.com\/wp-content\/uploads\/2023\/09\/cropped-cropped-qqpets-tiktok.jpg\",\"contentUrl\":\"https:\/\/qqpets.com\/wp-content\/uploads\/2023\/09\/cropped-cropped-qqpets-tiktok.jpg\",\"width\":511,\"height\":511,\"caption\":\"QQPETS\"},\"image\":{\"@id\":\"https:\/\/qqpets.com\/#\/schema\/logo\/image\/\"},\"sameAs\":[\"https:\/\/www.facebook.com\/QQpetsdogcollars\",\"https:\/\/www.instagram.com\/qqpetscollar\/\",\"https:\/\/www.pinterest.com\/qqpetsdogcollarsfactory\/\"]}]}<\/script>\n<!-- \/ Yoast SEO plugin. -->","yoast_head_json":{"title":"Nylonowa podw\u00f3jna smycz dla dw\u00f3ch ps\u00f3w | QQPETS","description":"Z \u0142atwo\u015bci\u0105 wyprowadzaj dwa psy jednocze\u015bnie za pomoc\u0105 naszego wytrzyma\u0142ego nylonowego \u0142\u0105cznika do podw\u00f3jnej smyczy dla ps\u00f3w. Idealny dla w\u0142a\u015bcicieli wielu zwierz\u0105t!","robots":{"index":"index","follow":"follow","max-snippet":"max-snippet:-1","max-image-preview":"max-image-preview:large","max-video-preview":"max-video-preview:-1"},"canonical":"https:\/\/qqpets.com\/pl\/produkt\/nylon-double-two-dog-leash-coupler\/","og_locale":"pl_PL","og_type":"article","og_title":"Nylon Double Two Dog Leash Coupler | QQPETS","og_description":"Walk two dogs simultaneously with ease using our durable Nylon Double Dog Leash Coupler. Ideal for multiple pet owners!","og_url":"https:\/\/qqpets.com\/pl\/produkt\/nylon-double-two-dog-leash-coupler\/","og_site_name":"QQPETS","article_publisher":"https:\/\/www.facebook.com\/QQpetsdogcollars","og_image":[{"width":500,"height":500,"url":"https:\/\/qqpets.com\/wp-content\/uploads\/2024\/09\/two-dog-leash1.webp","type":"image\/webp"}],"twitter_card":"summary_large_image","twitter_misc":{"Szacowany czas czytania":"3 minuty"},"schema":{"@context":"https:\/\/schema.org","@graph":[{"@type":"WebPage","@id":"https:\/\/qqpets.com\/product\/nylon-double-two-dog-leash-coupler\/","url":"https:\/\/qqpets.com\/product\/nylon-double-two-dog-leash-coupler\/","name":"Nylonowa podw\u00f3jna smycz dla dw\u00f3ch ps\u00f3w | QQPETS","isPartOf":{"@id":"https:\/\/qqpets.com\/#website"},"primaryImageOfPage":{"@id":"https:\/\/qqpets.com\/product\/nylon-double-two-dog-leash-coupler\/#primaryimage"},"image":{"@id":"https:\/\/qqpets.com\/product\/nylon-double-two-dog-leash-coupler\/#primaryimage"},"thumbnailUrl":"https:\/\/qqpets.com\/wp-content\/uploads\/2024\/09\/two-dog-leash1.webp","datePublished":"2024-09-30T04:01:12+00:00","description":"Z \u0142atwo\u015bci\u0105 wyprowadzaj dwa psy jednocze\u015bnie za pomoc\u0105 naszego wytrzyma\u0142ego nylonowego \u0142\u0105cznika do podw\u00f3jnej smyczy dla ps\u00f3w. Idealny dla w\u0142a\u015bcicieli wielu zwierz\u0105t!","breadcrumb":{"@id":"https:\/\/qqpets.com\/product\/nylon-double-two-dog-leash-coupler\/#breadcrumb"},"inLanguage":"pl-PL","potentialAction":[{"@type":"ReadAction","target":["https:\/\/qqpets.com\/product\/nylon-double-two-dog-leash-coupler\/"]}]},{"@type":"ImageObject","inLanguage":"pl-PL","@id":"https:\/\/qqpets.com\/product\/nylon-double-two-dog-leash-coupler\/#primaryimage","url":"https:\/\/qqpets.com\/wp-content\/uploads\/2024\/09\/two-dog-leash1.webp","contentUrl":"https:\/\/qqpets.com\/wp-content\/uploads\/2024\/09\/two-dog-leash1.webp","width":500,"height":500},{"@type":"BreadcrumbList","@id":"https:\/\/qqpets.com\/product\/nylon-double-two-dog-leash-coupler\/#breadcrumb","itemListElement":[{"@type":"ListItem","position":1,"name":"Home","item":"https:\/\/qqpets.com\/"},{"@type":"ListItem","position":2,"name":"Products","item":"https:\/\/qqpets.com\/pet-products-manufacturer\/"},{"@type":"ListItem","position":3,"name":"Nylon Double Two Dog Leash Coupler"}]},{"@type":"WebSite","@id":"https:\/\/qqpets.com\/#website","url":"https:\/\/qqpets.com\/","name":"QQPETS","description":"QQPETS to fabryka uprz\u0119\u017cy dla ps\u00f3w, obro\u017cy dla ps\u00f3w, smyczy dla ps\u00f3w i akcesori\u00f3w dla ps\u00f3w z profesjonaln\u0105 obs\u0142ug\u0105 dostosowan\u0105 do potrzeb klienta od 2005 roku.","publisher":{"@id":"https:\/\/qqpets.com\/#organization"},"potentialAction":[{"@type":"SearchAction","target":{"@type":"EntryPoint","urlTemplate":"https:\/\/qqpets.com\/?s={search_term_string}"},"query-input":{"@type":"PropertyValueSpecification","valueRequired":true,"valueName":"search_term_string"}}],"inLanguage":"pl-PL"},{"@type":"Organization","@id":"https:\/\/qqpets.com\/#organization","name":"QQPETS","url":"https:\/\/qqpets.com\/","logo":{"@type":"ImageObject","inLanguage":"pl-PL","@id":"https:\/\/qqpets.com\/#\/schema\/logo\/image\/","url":"https:\/\/qqpets.com\/wp-content\/uploads\/2023\/09\/cropped-cropped-qqpets-tiktok.jpg","contentUrl":"https:\/\/qqpets.com\/wp-content\/uploads\/2023\/09\/cropped-cropped-qqpets-tiktok.jpg","width":511,"height":511,"caption":"QQPETS"},"image":{"@id":"https:\/\/qqpets.com\/#\/schema\/logo\/image\/"},"sameAs":["https:\/\/www.facebook.com\/QQpetsdogcollars","https:\/\/www.instagram.com\/qqpetscollar\/","https:\/\/www.pinterest.com\/qqpetsdogcollarsfactory\/"]}]}},"_links":{"self":[{"href":"https:\/\/qqpets.com\/pl\/wp-json\/wp\/v2\/product\/8425","targetHints":{"allow":["GET"]}}],"collection":[{"href":"https:\/\/qqpets.com\/pl\/wp-json\/wp\/v2\/product"}],"about":[{"href":"https:\/\/qqpets.com\/pl\/wp-json\/wp\/v2\/types\/product"}],"wp:featuredmedia":[{"embeddable":true,"href":"https:\/\/qqpets.com\/pl\/wp-json\/wp\/v2\/media\/8426"}],"wp:attachment":[{"href":"https:\/\/qqpets.com\/pl\/wp-json\/wp\/v2\/media?parent=8425"}],"wp:term":[{"taxonomy":"product_brand","embeddable":true,"href":"https:\/\/qqpets.com\/pl\/wp-json\/wp\/v2\/product_brand?post=8425"},{"taxonomy":"product_cat","embeddable":true,"href":"https:\/\/qqpets.com\/pl\/wp-json\/wp\/v2\/product_cat?post=8425"},{"taxonomy":"product_tag","embeddable":true,"href":"https:\/\/qqpets.com\/pl\/wp-json\/wp\/v2\/product_tag?post=8425"}],"curies":[{"name":"wp","href":"https:\/\/api.w.org\/{rel}","templated":true}]}}