{"id":8430,"date":"2024-09-30T15:30:55","date_gmt":"2024-09-30T07:30:55","guid":{"rendered":"https:\/\/qqpets.com\/?post_type=product&#038;p=8430"},"modified":"2024-09-30T16:21:23","modified_gmt":"2024-09-30T08:21:23","slug":"escape-proof-cat-harness-leash-set","status":"publish","type":"product","link":"https:\/\/qqpets.com\/pl\/produkt\/escape-proof-cat-harness-leash-set\/","title":{"rendered":"Zestaw szelek dla kota Escape Proof"},"content":{"rendered":"<p>Zapewnij swojemu kotu bezpiecze\u0144stwo i wygod\u0119 podczas eksploracji na \u015bwie\u017cym powietrzu dzi\u0119ki naszemu zestawowi Escape Proof Cat Harness Leash Set. Ten starannie zaprojektowany zestaw uprz\u0119\u017cy zapewnia, \u017ce Tw\u00f3j \u017c\u0105dny przyg\u00f3d kot mo\u017ce cieszy\u0107 si\u0119 \u015bwie\u017cym powietrzem bez ryzyka ucieczki.<\/p>\n<p><strong>Kluczowe cechy:<\/strong><\/p>\n<ul>\n<li><strong>Indywidualne dopasowanie:<\/strong> Regulowane paski zapewniaj\u0105 dok\u0142adne i bezpieczne dopasowanie, dzi\u0119ki czemu uprz\u0105\u017c pozostaje na kocie nawet podczas intensywnej aktywno\u015bci.<\/li>\n<li><strong>Lekki materia\u0142:<\/strong> Wykonany z oddychaj\u0105cego, lekkiego materia\u0142u, kt\u00f3ry nie obci\u0105\u017ca kota, dzi\u0119ki czemu idealnie nadaje si\u0119 do d\u0142ugotrwa\u0142ego noszenia.<\/li>\n<li><strong>Wytrzyma\u0142a konstrukcja:<\/strong> Wysokiej jako\u015bci materia\u0142 jest wytrzyma\u0142y i odporny na zu\u017cycie podczas codziennego u\u017cytkowania, zachowuj\u0105c sw\u00f3j kszta\u0142t i funkcjonalno\u015b\u0107.<\/li>\n<li><strong>Bezpiecze\u0144stwo przede wszystkim:<\/strong> Uprz\u0105\u017c posiada bezpieczne zapi\u0119cie, kt\u00f3re blokuje j\u0105 na miejscu, w po\u0142\u0105czeniu z mocnym klipsem do smyczy, kt\u00f3ry zapewnia kotu bezpieczne trzymanie si\u0119 u boku.<\/li>\n<li><strong>Stylowy wygl\u0105d:<\/strong> Dost\u0119pny w przyjemnym dla oka kolorze aqua, nie tylko zapewnia kotu bezpiecze\u0144stwo, ale tak\u017ce \u015bwietnie wygl\u0105da, czyni\u0105c go najbardziej stylowym kotem w okolicy.<\/li>\n<li><strong>Zwi\u0119kszona widoczno\u015b\u0107:<\/strong> Jasny kolor zwi\u0119ksza widoczno\u015b\u0107 kota, u\u0142atwiaj\u0105c jego obserwacj\u0119 o zmierzchu i o \u015bwicie.<\/li>\n<\/ul>\n<p>Zestaw Escape Proof Cat Harness Leash Set to niezb\u0119dne akcesorium dla ka\u017cdego w\u0142a\u015bciciela kota, kt\u00f3ry chce bezpiecznie poprawi\u0107 wra\u017cenia swojego zwierzaka na \u015bwie\u017cym powietrzu. Jest idealny na spacery, jogging lub po prostu cieszenie si\u0119 s\u0142onecznym dniem w ogrodzie. Wyposa\u017c swojego kota w ten zestaw szelek i smyczy i ciesz si\u0119 spokojem, wiedz\u0105c, \u017ce jest bezpieczny i wygodny, gdziekolwiek prowadzi przygoda.<\/p>\n<h5><strong>Czy istnieje uprz\u0105\u017c, z kt\u00f3rej kot nie mo\u017ce uciec?<\/strong><\/h5>\n<p>Chocia\u017c \u017cadna uprz\u0105\u017c nie jest ca\u0142kowicie odporna na ucieczki, uprz\u0119\u017ce zaprojektowane z dopasowanym dopasowaniem i bezpiecznymi zapi\u0119ciami minimalizuj\u0105 prawdopodobie\u0144stwo ucieczki kota.<\/p>\n<h5><strong>Jakie s\u0105 najlepsze szelki antyucieczkowe dla kot\u00f3w?<\/strong><\/h5>\n<p>Najlepsze szelki dla kot\u00f3w zapobiegaj\u0105ce ucieczkom to zazwyczaj szelki w kszta\u0142cie litery \"H\" lub kamizelki wykonane z bezpiecznych, regulowanych materia\u0142\u00f3w, kt\u00f3re zapewniaj\u0105 dok\u0142adne dopasowanie, a jednocze\u015bnie umo\u017cliwiaj\u0105 wygodny ruch.<\/p>\n<h5><strong>Jak sprawi\u0107, by uprz\u0105\u017c dla kota by\u0142a odporna na ucieczk\u0119?<\/strong><\/h5>\n<p>Upewnij si\u0119, \u017ce uprz\u0105\u017c jest prawid\u0142owo dopasowana do cia\u0142a kota: powinna by\u0107 przylegaj\u0105ca, ale nie za ciasna, bez miejsca na swobodne poruszanie si\u0119 kota. Regularnie sprawdzaj i reguluj dopasowanie, zw\u0142aszcza gdy kot ro\u015bnie lub zmienia si\u0119 jego waga.<\/p>\n<h5><strong>Co sprawia, \u017ce uprz\u0105\u017c jest odporna na ucieczk\u0119?<\/strong><\/h5>\n<p>Uprz\u0105\u017c odporna na ucieczk\u0119 zazwyczaj zawiera regulowane paski, kt\u00f3re \u015bci\u015ble przylegaj\u0105 do cia\u0142a, bezpieczne zapi\u0119cia, kt\u00f3re zapobiegaj\u0105 wy\u015blizgni\u0119ciu si\u0119, oraz trwa\u0142e materia\u0142y, kt\u00f3re s\u0105 odporne na ci\u0105gni\u0119cie i skr\u0119canie.<\/p>","protected":false},"excerpt":{"rendered":"<p>Odkryj idealne po\u0142\u0105czenie bezpiecze\u0144stwa i komfortu dzi\u0119ki naszemu zestawowi Escape Proof Cat Harness Leash Set, zaprojektowanemu specjalnie dla kot\u00f3w. Ten zestaw zawiera regulowane szelki, kt\u00f3re \u015bci\u015ble przylegaj\u0105, aby zapobiec wy\u015blizgni\u0119ciu si\u0119 kota, wraz z pasuj\u0105c\u0105 smycz\u0105 do bezpiecznych eksploracji. Wykonane z wytrzyma\u0142ego, lekkiego materia\u0142u, zapewniaj\u0105 kotu komfort podczas d\u0142ugich spacer\u00f3w. \u017bywy kolor zwi\u0119ksza widoczno\u015b\u0107, dzi\u0119ki czemu jest to zar\u00f3wno praktyczny, jak i stylowy wyb\u00f3r na przygody Twojego zwierzaka na \u015bwie\u017cym powietrzu.<\/p>","protected":false},"featured_media":8431,"template":"","meta":[],"product_brand":[],"product_cat":[23],"product_tag":[],"class_list":{"0":"post-8430","1":"product","2":"type-product","3":"status-publish","4":"has-post-thumbnail","6":"product_cat-dog-harness","7":"pa_brand-qqpets","9":"first","10":"instock","11":"shipping-taxable","12":"product-type-simple"},"yoast_head":"<!-- This site is optimized with the Yoast SEO plugin v26.6 - https:\/\/yoast.com\/wordpress\/plugins\/seo\/ -->\n<title>Escape Proof Cat Harness Leash Set | QQPETS<\/title>\n<meta name=\"description\" content=\"Lightweight, secure Escape Proof Cat Harness Leash Set for safe and enjoyable outdoor adventures with your feline.\" \/>\n<meta name=\"robots\" content=\"index, follow, max-snippet:-1, max-image-preview:large, max-video-preview:-1\" \/>\n<link rel=\"canonical\" href=\"https:\/\/qqpets.com\/pl\/produkt\/escape-proof-cat-harness-leash-set\/\" \/>\n<meta property=\"og:locale\" content=\"pl_PL\" \/>\n<meta property=\"og:type\" content=\"article\" \/>\n<meta property=\"og:title\" content=\"Escape Proof Cat Harness Leash Set | QQPETS\" \/>\n<meta property=\"og:description\" content=\"Lightweight, secure Escape Proof Cat Harness Leash Set for safe and enjoyable outdoor adventures with your feline.\" \/>\n<meta property=\"og:url\" content=\"https:\/\/qqpets.com\/pl\/produkt\/escape-proof-cat-harness-leash-set\/\" \/>\n<meta property=\"og:site_name\" content=\"QQPETS\" \/>\n<meta property=\"article:publisher\" content=\"https:\/\/www.facebook.com\/QQpetsdogcollars\" \/>\n<meta property=\"article:modified_time\" content=\"2024-09-30T08:21:23+00:00\" \/>\n<meta property=\"og:image\" content=\"https:\/\/qqpets.com\/wp-content\/uploads\/2024\/09\/escape-proof-dog-harness-strap.webp\" \/>\n\t<meta property=\"og:image:width\" content=\"1404\" \/>\n\t<meta property=\"og:image:height\" content=\"1500\" \/>\n\t<meta property=\"og:image:type\" content=\"image\/webp\" \/>\n<meta name=\"twitter:card\" content=\"summary_large_image\" \/>\n<meta name=\"twitter:label1\" content=\"Szacowany czas czytania\" \/>\n\t<meta name=\"twitter:data1\" content=\"2 minuty\" \/>\n<script type=\"application\/ld+json\" class=\"yoast-schema-graph\">{\"@context\":\"https:\/\/schema.org\",\"@graph\":[{\"@type\":\"WebPage\",\"@id\":\"https:\/\/qqpets.com\/product\/escape-proof-cat-harness-leash-set\/\",\"url\":\"https:\/\/qqpets.com\/product\/escape-proof-cat-harness-leash-set\/\",\"name\":\"Escape Proof Cat Harness Leash Set | QQPETS\",\"isPartOf\":{\"@id\":\"https:\/\/qqpets.com\/#website\"},\"primaryImageOfPage\":{\"@id\":\"https:\/\/qqpets.com\/product\/escape-proof-cat-harness-leash-set\/#primaryimage\"},\"image\":{\"@id\":\"https:\/\/qqpets.com\/product\/escape-proof-cat-harness-leash-set\/#primaryimage\"},\"thumbnailUrl\":\"https:\/\/qqpets.com\/wp-content\/uploads\/2024\/09\/escape-proof-dog-harness-strap.webp\",\"datePublished\":\"2024-09-30T07:30:55+00:00\",\"dateModified\":\"2024-09-30T08:21:23+00:00\",\"description\":\"Lightweight, secure Escape Proof Cat Harness Leash Set for safe and enjoyable outdoor adventures with your feline.\",\"breadcrumb\":{\"@id\":\"https:\/\/qqpets.com\/product\/escape-proof-cat-harness-leash-set\/#breadcrumb\"},\"inLanguage\":\"pl-PL\",\"potentialAction\":[{\"@type\":\"ReadAction\",\"target\":[\"https:\/\/qqpets.com\/product\/escape-proof-cat-harness-leash-set\/\"]}]},{\"@type\":\"ImageObject\",\"inLanguage\":\"pl-PL\",\"@id\":\"https:\/\/qqpets.com\/product\/escape-proof-cat-harness-leash-set\/#primaryimage\",\"url\":\"https:\/\/qqpets.com\/wp-content\/uploads\/2024\/09\/escape-proof-dog-harness-strap.webp\",\"contentUrl\":\"https:\/\/qqpets.com\/wp-content\/uploads\/2024\/09\/escape-proof-dog-harness-strap.webp\",\"width\":1404,\"height\":1500},{\"@type\":\"BreadcrumbList\",\"@id\":\"https:\/\/qqpets.com\/product\/escape-proof-cat-harness-leash-set\/#breadcrumb\",\"itemListElement\":[{\"@type\":\"ListItem\",\"position\":1,\"name\":\"Home\",\"item\":\"https:\/\/qqpets.com\/\"},{\"@type\":\"ListItem\",\"position\":2,\"name\":\"Products\",\"item\":\"https:\/\/qqpets.com\/pet-products-manufacturer\/\"},{\"@type\":\"ListItem\",\"position\":3,\"name\":\"Escape Proof Cat Harness Leash Set\"}]},{\"@type\":\"WebSite\",\"@id\":\"https:\/\/qqpets.com\/#website\",\"url\":\"https:\/\/qqpets.com\/\",\"name\":\"QQPETS\",\"description\":\"QQPETS is a pet products factory for dog harnesses, dog collars, dog leashes and dog accessories with professional customized service since 2005.\",\"publisher\":{\"@id\":\"https:\/\/qqpets.com\/#organization\"},\"potentialAction\":[{\"@type\":\"SearchAction\",\"target\":{\"@type\":\"EntryPoint\",\"urlTemplate\":\"https:\/\/qqpets.com\/?s={search_term_string}\"},\"query-input\":{\"@type\":\"PropertyValueSpecification\",\"valueRequired\":true,\"valueName\":\"search_term_string\"}}],\"inLanguage\":\"pl-PL\"},{\"@type\":\"Organization\",\"@id\":\"https:\/\/qqpets.com\/#organization\",\"name\":\"QQPETS\",\"url\":\"https:\/\/qqpets.com\/\",\"logo\":{\"@type\":\"ImageObject\",\"inLanguage\":\"pl-PL\",\"@id\":\"https:\/\/qqpets.com\/#\/schema\/logo\/image\/\",\"url\":\"https:\/\/qqpets.com\/wp-content\/uploads\/2023\/09\/cropped-cropped-qqpets-tiktok.jpg\",\"contentUrl\":\"https:\/\/qqpets.com\/wp-content\/uploads\/2023\/09\/cropped-cropped-qqpets-tiktok.jpg\",\"width\":511,\"height\":511,\"caption\":\"QQPETS\"},\"image\":{\"@id\":\"https:\/\/qqpets.com\/#\/schema\/logo\/image\/\"},\"sameAs\":[\"https:\/\/www.facebook.com\/QQpetsdogcollars\",\"https:\/\/www.instagram.com\/qqpetscollar\/\",\"https:\/\/www.pinterest.com\/qqpetsdogcollarsfactory\/\"]}]}<\/script>\n<!-- \/ Yoast SEO plugin. -->","yoast_head_json":{"title":"Zestaw szelek dla kota Escape Proof | QQPETS","description":"Lekki, bezpieczny zestaw Escape Proof Cat Harness Leash Set dla bezpiecznych i przyjemnych przyg\u00f3d z kotem na \u015bwie\u017cym powietrzu.","robots":{"index":"index","follow":"follow","max-snippet":"max-snippet:-1","max-image-preview":"max-image-preview:large","max-video-preview":"max-video-preview:-1"},"canonical":"https:\/\/qqpets.com\/pl\/produkt\/escape-proof-cat-harness-leash-set\/","og_locale":"pl_PL","og_type":"article","og_title":"Escape Proof Cat Harness Leash Set | QQPETS","og_description":"Lightweight, secure Escape Proof Cat Harness Leash Set for safe and enjoyable outdoor adventures with your feline.","og_url":"https:\/\/qqpets.com\/pl\/produkt\/escape-proof-cat-harness-leash-set\/","og_site_name":"QQPETS","article_publisher":"https:\/\/www.facebook.com\/QQpetsdogcollars","article_modified_time":"2024-09-30T08:21:23+00:00","og_image":[{"width":1404,"height":1500,"url":"https:\/\/qqpets.com\/wp-content\/uploads\/2024\/09\/escape-proof-dog-harness-strap.webp","type":"image\/webp"}],"twitter_card":"summary_large_image","twitter_misc":{"Szacowany czas czytania":"2 minuty"},"schema":{"@context":"https:\/\/schema.org","@graph":[{"@type":"WebPage","@id":"https:\/\/qqpets.com\/product\/escape-proof-cat-harness-leash-set\/","url":"https:\/\/qqpets.com\/product\/escape-proof-cat-harness-leash-set\/","name":"Zestaw szelek dla kota Escape Proof | QQPETS","isPartOf":{"@id":"https:\/\/qqpets.com\/#website"},"primaryImageOfPage":{"@id":"https:\/\/qqpets.com\/product\/escape-proof-cat-harness-leash-set\/#primaryimage"},"image":{"@id":"https:\/\/qqpets.com\/product\/escape-proof-cat-harness-leash-set\/#primaryimage"},"thumbnailUrl":"https:\/\/qqpets.com\/wp-content\/uploads\/2024\/09\/escape-proof-dog-harness-strap.webp","datePublished":"2024-09-30T07:30:55+00:00","dateModified":"2024-09-30T08:21:23+00:00","description":"Lekki, bezpieczny zestaw Escape Proof Cat Harness Leash Set dla bezpiecznych i przyjemnych przyg\u00f3d z kotem na \u015bwie\u017cym powietrzu.","breadcrumb":{"@id":"https:\/\/qqpets.com\/product\/escape-proof-cat-harness-leash-set\/#breadcrumb"},"inLanguage":"pl-PL","potentialAction":[{"@type":"ReadAction","target":["https:\/\/qqpets.com\/product\/escape-proof-cat-harness-leash-set\/"]}]},{"@type":"ImageObject","inLanguage":"pl-PL","@id":"https:\/\/qqpets.com\/product\/escape-proof-cat-harness-leash-set\/#primaryimage","url":"https:\/\/qqpets.com\/wp-content\/uploads\/2024\/09\/escape-proof-dog-harness-strap.webp","contentUrl":"https:\/\/qqpets.com\/wp-content\/uploads\/2024\/09\/escape-proof-dog-harness-strap.webp","width":1404,"height":1500},{"@type":"BreadcrumbList","@id":"https:\/\/qqpets.com\/product\/escape-proof-cat-harness-leash-set\/#breadcrumb","itemListElement":[{"@type":"ListItem","position":1,"name":"Home","item":"https:\/\/qqpets.com\/"},{"@type":"ListItem","position":2,"name":"Products","item":"https:\/\/qqpets.com\/pet-products-manufacturer\/"},{"@type":"ListItem","position":3,"name":"Escape Proof Cat Harness Leash Set"}]},{"@type":"WebSite","@id":"https:\/\/qqpets.com\/#website","url":"https:\/\/qqpets.com\/","name":"QQPETS","description":"QQPETS to fabryka uprz\u0119\u017cy dla ps\u00f3w, obro\u017cy dla ps\u00f3w, smyczy dla ps\u00f3w i akcesori\u00f3w dla ps\u00f3w z profesjonaln\u0105 obs\u0142ug\u0105 dostosowan\u0105 do potrzeb klienta od 2005 roku.","publisher":{"@id":"https:\/\/qqpets.com\/#organization"},"potentialAction":[{"@type":"SearchAction","target":{"@type":"EntryPoint","urlTemplate":"https:\/\/qqpets.com\/?s={search_term_string}"},"query-input":{"@type":"PropertyValueSpecification","valueRequired":true,"valueName":"search_term_string"}}],"inLanguage":"pl-PL"},{"@type":"Organization","@id":"https:\/\/qqpets.com\/#organization","name":"QQPETS","url":"https:\/\/qqpets.com\/","logo":{"@type":"ImageObject","inLanguage":"pl-PL","@id":"https:\/\/qqpets.com\/#\/schema\/logo\/image\/","url":"https:\/\/qqpets.com\/wp-content\/uploads\/2023\/09\/cropped-cropped-qqpets-tiktok.jpg","contentUrl":"https:\/\/qqpets.com\/wp-content\/uploads\/2023\/09\/cropped-cropped-qqpets-tiktok.jpg","width":511,"height":511,"caption":"QQPETS"},"image":{"@id":"https:\/\/qqpets.com\/#\/schema\/logo\/image\/"},"sameAs":["https:\/\/www.facebook.com\/QQpetsdogcollars","https:\/\/www.instagram.com\/qqpetscollar\/","https:\/\/www.pinterest.com\/qqpetsdogcollarsfactory\/"]}]}},"_links":{"self":[{"href":"https:\/\/qqpets.com\/pl\/wp-json\/wp\/v2\/product\/8430","targetHints":{"allow":["GET"]}}],"collection":[{"href":"https:\/\/qqpets.com\/pl\/wp-json\/wp\/v2\/product"}],"about":[{"href":"https:\/\/qqpets.com\/pl\/wp-json\/wp\/v2\/types\/product"}],"wp:featuredmedia":[{"embeddable":true,"href":"https:\/\/qqpets.com\/pl\/wp-json\/wp\/v2\/media\/8431"}],"wp:attachment":[{"href":"https:\/\/qqpets.com\/pl\/wp-json\/wp\/v2\/media?parent=8430"}],"wp:term":[{"taxonomy":"product_brand","embeddable":true,"href":"https:\/\/qqpets.com\/pl\/wp-json\/wp\/v2\/product_brand?post=8430"},{"taxonomy":"product_cat","embeddable":true,"href":"https:\/\/qqpets.com\/pl\/wp-json\/wp\/v2\/product_cat?post=8430"},{"taxonomy":"product_tag","embeddable":true,"href":"https:\/\/qqpets.com\/pl\/wp-json\/wp\/v2\/product_tag?post=8430"}],"curies":[{"name":"wp","href":"https:\/\/api.w.org\/{rel}","templated":true}]}}