{"id":8437,"date":"2024-09-30T15:58:12","date_gmt":"2024-09-30T07:58:12","guid":{"rendered":"https:\/\/qqpets.com\/?post_type=product&#038;p=8437"},"modified":"2024-09-30T15:58:12","modified_gmt":"2024-09-30T07:58:12","slug":"easy-walk-canvas-dog-harness","status":"publish","type":"product","link":"https:\/\/qqpets.com\/pl\/produkt\/easy-walk-canvas-dog-harness\/","title":{"rendered":"P\u0142\u00f3cienne szelki dla psa Easy Walk"},"content":{"rendered":"<p>Przedstawiamy szelki dla psa Easy Walk Canvas - rozwi\u0105zanie na bezstresowe, stylowe spacery. Zaprojektowane z my\u015bl\u0105 zar\u00f3wno o wygodzie, jak i modzie, szelki te s\u0105 idealne zar\u00f3wno do codziennego u\u017cytku, jak i na specjalne wyj\u015bcia.<\/p>\n<p><strong>Kluczowe cechy:<\/strong><\/p>\n<ul>\n<li><strong>Jako\u015b\u0107 materia\u0142u:<\/strong> Wykonana z wytrzyma\u0142ego p\u0142\u00f3tna uprz\u0105\u017c zosta\u0142a zaprojektowana tak, aby wytrzyma\u0107 rygory aktywnych ps\u00f3w i cz\u0119ste u\u017cytkowanie, zapewniaj\u0105c d\u0142ug\u0105 \u017cywotno\u015b\u0107.<\/li>\n<li><strong>Komfort i bezpiecze\u0144stwo:<\/strong> Oddychaj\u0105ca podszewka z siatki zapewnia dodatkowy komfort, zmniejszaj\u0105c gromadzenie si\u0119 wilgoci i ciep\u0142a, dzi\u0119ki czemu pies jest zawsze ch\u0142odny i wygodny. Ergonomiczna konstrukcja zapewnia r\u00f3wnomierne roz\u0142o\u017cenie nacisku, aby zapobiec ci\u0105gni\u0119ciu i zad\u0142awieniu.<\/li>\n<li><strong>Mo\u017cliwo\u015b\u0107 regulacji:<\/strong> W pe\u0142ni regulowane paski pozwalaj\u0105 na indywidualne dopasowanie do ps\u00f3w ka\u017cdej wielko\u015bci. Klamra szybkiego zwalniania u\u0142atwia zak\u0142adanie i zdejmowanie, zapewniaj\u0105c bezproblemowe do\u015bwiadczenie zar\u00f3wno dla zwierzaka, jak i w\u0142a\u015bciciela.<\/li>\n<li><strong>Stylowy wygl\u0105d:<\/strong> Wyr\u00f3\u017cnia si\u0119 weso\u0142ym i \u017cywym wzorem. Nowoczesny design i przyci\u0105gaj\u0105cy wzrok kolor nie tylko sprawiaj\u0105, \u017ce pies wygl\u0105da \u015bwietnie, ale tak\u017ce poprawiaj\u0105 widoczno\u015b\u0107 podczas wieczornych lub porannych spacer\u00f3w.<\/li>\n<li><strong>Wszechstronno\u015b\u0107:<\/strong> Idealny do codziennych spacer\u00f3w, joggingu, treningu i rekreacji na \u015bwie\u017cym powietrzu. Odpowiednie dla szczeni\u0105t i doros\u0142ych ps\u00f3w.<\/li>\n<\/ul>\n<p>Dzi\u0119ki uprz\u0119\u017cy Easy Walk Canvas Dog Harness zapewniasz swojemu psu swobod\u0119 odkrywania \u015bwiata w wygodny i bezpieczny spos\u00f3b. Wysokiej jako\u015bci konstrukcja i atrakcyjny design sprawiaj\u0105, \u017ce jest to niezb\u0119dne akcesorium dla ka\u017cdego w\u0142a\u015bciciela psa, kt\u00f3ry chce po\u0142\u0105czy\u0107 styl z funkcjonalno\u015bci\u0105.<\/p>","protected":false},"excerpt":{"rendered":"<p>Ulepsz codzienne spacery swojego psa dzi\u0119ki naszym p\u0142\u00f3ciennym szelkom dla psa Easy Walk. Wykonane z wysokiej jako\u015bci p\u0142\u00f3tna szelki maj\u0105 wygodn\u0105 i oddychaj\u0105c\u0105 konstrukcj\u0119, kt\u00f3ra zapobiega ci\u0105gni\u0119ciu i zapewnia swobod\u0119 ruch\u00f3w. Regulowane paski i bezpieczna klamra zapewniaj\u0105 idealne dopasowanie, a stylowy wz\u00f3r dodaje uroku garderobie Twojego zwierzaka. Idealne dla wszystkich ras, te szelki \u0142\u0105cz\u0105 funkcjonalno\u015b\u0107 ze stylem, dzi\u0119ki czemu s\u0105 obowi\u0105zkowym elementem garderoby odpowiedzialnych i modnych w\u0142a\u015bcicieli ps\u00f3w.<\/p>","protected":false},"featured_media":8441,"template":"","meta":[],"product_brand":[],"product_cat":[23],"product_tag":[],"class_list":{"0":"post-8437","1":"product","2":"type-product","3":"status-publish","4":"has-post-thumbnail","6":"product_cat-dog-harness","7":"pa_brand-qqpets","9":"first","10":"instock","11":"shipping-taxable","12":"product-type-simple"},"yoast_head":"<!-- This site is optimized with the Yoast SEO plugin v26.6 - https:\/\/yoast.com\/wordpress\/plugins\/seo\/ -->\n<title>Easy Walk Canvas Dog Harness | QQPETS<\/title>\n<meta name=\"description\" content=\"Stylish Easy Walk Canvas Dog Harness, perfect for daily walks with secure and comfortable fit.\" \/>\n<meta name=\"robots\" content=\"index, follow, max-snippet:-1, max-image-preview:large, max-video-preview:-1\" \/>\n<link rel=\"canonical\" href=\"https:\/\/qqpets.com\/pl\/produkt\/easy-walk-canvas-dog-harness\/\" \/>\n<meta property=\"og:locale\" content=\"pl_PL\" \/>\n<meta property=\"og:type\" content=\"article\" \/>\n<meta property=\"og:title\" content=\"Easy Walk Canvas Dog Harness | QQPETS\" \/>\n<meta property=\"og:description\" content=\"Stylish Easy Walk Canvas Dog Harness, perfect for daily walks with secure and comfortable fit.\" \/>\n<meta property=\"og:url\" content=\"https:\/\/qqpets.com\/pl\/produkt\/easy-walk-canvas-dog-harness\/\" \/>\n<meta property=\"og:site_name\" content=\"QQPETS\" \/>\n<meta property=\"article:publisher\" content=\"https:\/\/www.facebook.com\/QQpetsdogcollars\" \/>\n<meta property=\"og:image\" content=\"https:\/\/qqpets.com\/wp-content\/uploads\/2024\/09\/Canvas-dog-harness1.webp\" \/>\n\t<meta property=\"og:image:width\" content=\"800\" \/>\n\t<meta property=\"og:image:height\" content=\"800\" \/>\n\t<meta property=\"og:image:type\" content=\"image\/webp\" \/>\n<meta name=\"twitter:card\" content=\"summary_large_image\" \/>\n<meta name=\"twitter:label1\" content=\"Szacowany czas czytania\" \/>\n\t<meta name=\"twitter:data1\" content=\"2 minuty\" \/>\n<script type=\"application\/ld+json\" class=\"yoast-schema-graph\">{\"@context\":\"https:\/\/schema.org\",\"@graph\":[{\"@type\":\"WebPage\",\"@id\":\"https:\/\/qqpets.com\/product\/easy-walk-canvas-dog-harness\/\",\"url\":\"https:\/\/qqpets.com\/product\/easy-walk-canvas-dog-harness\/\",\"name\":\"Easy Walk Canvas Dog Harness | QQPETS\",\"isPartOf\":{\"@id\":\"https:\/\/qqpets.com\/#website\"},\"primaryImageOfPage\":{\"@id\":\"https:\/\/qqpets.com\/product\/easy-walk-canvas-dog-harness\/#primaryimage\"},\"image\":{\"@id\":\"https:\/\/qqpets.com\/product\/easy-walk-canvas-dog-harness\/#primaryimage\"},\"thumbnailUrl\":\"https:\/\/qqpets.com\/wp-content\/uploads\/2024\/09\/Canvas-dog-harness1.webp\",\"datePublished\":\"2024-09-30T07:58:12+00:00\",\"description\":\"Stylish Easy Walk Canvas Dog Harness, perfect for daily walks with secure and comfortable fit.\",\"breadcrumb\":{\"@id\":\"https:\/\/qqpets.com\/product\/easy-walk-canvas-dog-harness\/#breadcrumb\"},\"inLanguage\":\"pl-PL\",\"potentialAction\":[{\"@type\":\"ReadAction\",\"target\":[\"https:\/\/qqpets.com\/product\/easy-walk-canvas-dog-harness\/\"]}]},{\"@type\":\"ImageObject\",\"inLanguage\":\"pl-PL\",\"@id\":\"https:\/\/qqpets.com\/product\/easy-walk-canvas-dog-harness\/#primaryimage\",\"url\":\"https:\/\/qqpets.com\/wp-content\/uploads\/2024\/09\/Canvas-dog-harness1.webp\",\"contentUrl\":\"https:\/\/qqpets.com\/wp-content\/uploads\/2024\/09\/Canvas-dog-harness1.webp\",\"width\":800,\"height\":800},{\"@type\":\"BreadcrumbList\",\"@id\":\"https:\/\/qqpets.com\/product\/easy-walk-canvas-dog-harness\/#breadcrumb\",\"itemListElement\":[{\"@type\":\"ListItem\",\"position\":1,\"name\":\"Home\",\"item\":\"https:\/\/qqpets.com\/\"},{\"@type\":\"ListItem\",\"position\":2,\"name\":\"Products\",\"item\":\"https:\/\/qqpets.com\/pet-products-manufacturer\/\"},{\"@type\":\"ListItem\",\"position\":3,\"name\":\"Easy Walk Canvas Dog Harness\"}]},{\"@type\":\"WebSite\",\"@id\":\"https:\/\/qqpets.com\/#website\",\"url\":\"https:\/\/qqpets.com\/\",\"name\":\"QQPETS\",\"description\":\"QQPETS is a pet products factory for dog harnesses, dog collars, dog leashes and dog accessories with professional customized service since 2005.\",\"publisher\":{\"@id\":\"https:\/\/qqpets.com\/#organization\"},\"potentialAction\":[{\"@type\":\"SearchAction\",\"target\":{\"@type\":\"EntryPoint\",\"urlTemplate\":\"https:\/\/qqpets.com\/?s={search_term_string}\"},\"query-input\":{\"@type\":\"PropertyValueSpecification\",\"valueRequired\":true,\"valueName\":\"search_term_string\"}}],\"inLanguage\":\"pl-PL\"},{\"@type\":\"Organization\",\"@id\":\"https:\/\/qqpets.com\/#organization\",\"name\":\"QQPETS\",\"url\":\"https:\/\/qqpets.com\/\",\"logo\":{\"@type\":\"ImageObject\",\"inLanguage\":\"pl-PL\",\"@id\":\"https:\/\/qqpets.com\/#\/schema\/logo\/image\/\",\"url\":\"https:\/\/qqpets.com\/wp-content\/uploads\/2023\/09\/cropped-cropped-qqpets-tiktok.jpg\",\"contentUrl\":\"https:\/\/qqpets.com\/wp-content\/uploads\/2023\/09\/cropped-cropped-qqpets-tiktok.jpg\",\"width\":511,\"height\":511,\"caption\":\"QQPETS\"},\"image\":{\"@id\":\"https:\/\/qqpets.com\/#\/schema\/logo\/image\/\"},\"sameAs\":[\"https:\/\/www.facebook.com\/QQpetsdogcollars\",\"https:\/\/www.instagram.com\/qqpetscollar\/\",\"https:\/\/www.pinterest.com\/qqpetsdogcollarsfactory\/\"]}]}<\/script>\n<!-- \/ Yoast SEO plugin. -->","yoast_head_json":{"title":"P\u0142\u00f3cienne szelki dla psa Easy Walk | QQPETS","description":"Stylowe szelki dla psa Easy Walk Canvas, idealne na codzienne spacery z bezpiecznym i wygodnym dopasowaniem.","robots":{"index":"index","follow":"follow","max-snippet":"max-snippet:-1","max-image-preview":"max-image-preview:large","max-video-preview":"max-video-preview:-1"},"canonical":"https:\/\/qqpets.com\/pl\/produkt\/easy-walk-canvas-dog-harness\/","og_locale":"pl_PL","og_type":"article","og_title":"Easy Walk Canvas Dog Harness | QQPETS","og_description":"Stylish Easy Walk Canvas Dog Harness, perfect for daily walks with secure and comfortable fit.","og_url":"https:\/\/qqpets.com\/pl\/produkt\/easy-walk-canvas-dog-harness\/","og_site_name":"QQPETS","article_publisher":"https:\/\/www.facebook.com\/QQpetsdogcollars","og_image":[{"width":800,"height":800,"url":"https:\/\/qqpets.com\/wp-content\/uploads\/2024\/09\/Canvas-dog-harness1.webp","type":"image\/webp"}],"twitter_card":"summary_large_image","twitter_misc":{"Szacowany czas czytania":"2 minuty"},"schema":{"@context":"https:\/\/schema.org","@graph":[{"@type":"WebPage","@id":"https:\/\/qqpets.com\/product\/easy-walk-canvas-dog-harness\/","url":"https:\/\/qqpets.com\/product\/easy-walk-canvas-dog-harness\/","name":"P\u0142\u00f3cienne szelki dla psa Easy Walk | QQPETS","isPartOf":{"@id":"https:\/\/qqpets.com\/#website"},"primaryImageOfPage":{"@id":"https:\/\/qqpets.com\/product\/easy-walk-canvas-dog-harness\/#primaryimage"},"image":{"@id":"https:\/\/qqpets.com\/product\/easy-walk-canvas-dog-harness\/#primaryimage"},"thumbnailUrl":"https:\/\/qqpets.com\/wp-content\/uploads\/2024\/09\/Canvas-dog-harness1.webp","datePublished":"2024-09-30T07:58:12+00:00","description":"Stylowe szelki dla psa Easy Walk Canvas, idealne na codzienne spacery z bezpiecznym i wygodnym dopasowaniem.","breadcrumb":{"@id":"https:\/\/qqpets.com\/product\/easy-walk-canvas-dog-harness\/#breadcrumb"},"inLanguage":"pl-PL","potentialAction":[{"@type":"ReadAction","target":["https:\/\/qqpets.com\/product\/easy-walk-canvas-dog-harness\/"]}]},{"@type":"ImageObject","inLanguage":"pl-PL","@id":"https:\/\/qqpets.com\/product\/easy-walk-canvas-dog-harness\/#primaryimage","url":"https:\/\/qqpets.com\/wp-content\/uploads\/2024\/09\/Canvas-dog-harness1.webp","contentUrl":"https:\/\/qqpets.com\/wp-content\/uploads\/2024\/09\/Canvas-dog-harness1.webp","width":800,"height":800},{"@type":"BreadcrumbList","@id":"https:\/\/qqpets.com\/product\/easy-walk-canvas-dog-harness\/#breadcrumb","itemListElement":[{"@type":"ListItem","position":1,"name":"Home","item":"https:\/\/qqpets.com\/"},{"@type":"ListItem","position":2,"name":"Products","item":"https:\/\/qqpets.com\/pet-products-manufacturer\/"},{"@type":"ListItem","position":3,"name":"Easy Walk Canvas Dog Harness"}]},{"@type":"WebSite","@id":"https:\/\/qqpets.com\/#website","url":"https:\/\/qqpets.com\/","name":"QQPETS","description":"QQPETS to fabryka uprz\u0119\u017cy dla ps\u00f3w, obro\u017cy dla ps\u00f3w, smyczy dla ps\u00f3w i akcesori\u00f3w dla ps\u00f3w z profesjonaln\u0105 obs\u0142ug\u0105 dostosowan\u0105 do potrzeb klienta od 2005 roku.","publisher":{"@id":"https:\/\/qqpets.com\/#organization"},"potentialAction":[{"@type":"SearchAction","target":{"@type":"EntryPoint","urlTemplate":"https:\/\/qqpets.com\/?s={search_term_string}"},"query-input":{"@type":"PropertyValueSpecification","valueRequired":true,"valueName":"search_term_string"}}],"inLanguage":"pl-PL"},{"@type":"Organization","@id":"https:\/\/qqpets.com\/#organization","name":"QQPETS","url":"https:\/\/qqpets.com\/","logo":{"@type":"ImageObject","inLanguage":"pl-PL","@id":"https:\/\/qqpets.com\/#\/schema\/logo\/image\/","url":"https:\/\/qqpets.com\/wp-content\/uploads\/2023\/09\/cropped-cropped-qqpets-tiktok.jpg","contentUrl":"https:\/\/qqpets.com\/wp-content\/uploads\/2023\/09\/cropped-cropped-qqpets-tiktok.jpg","width":511,"height":511,"caption":"QQPETS"},"image":{"@id":"https:\/\/qqpets.com\/#\/schema\/logo\/image\/"},"sameAs":["https:\/\/www.facebook.com\/QQpetsdogcollars","https:\/\/www.instagram.com\/qqpetscollar\/","https:\/\/www.pinterest.com\/qqpetsdogcollarsfactory\/"]}]}},"_links":{"self":[{"href":"https:\/\/qqpets.com\/pl\/wp-json\/wp\/v2\/product\/8437","targetHints":{"allow":["GET"]}}],"collection":[{"href":"https:\/\/qqpets.com\/pl\/wp-json\/wp\/v2\/product"}],"about":[{"href":"https:\/\/qqpets.com\/pl\/wp-json\/wp\/v2\/types\/product"}],"wp:featuredmedia":[{"embeddable":true,"href":"https:\/\/qqpets.com\/pl\/wp-json\/wp\/v2\/media\/8441"}],"wp:attachment":[{"href":"https:\/\/qqpets.com\/pl\/wp-json\/wp\/v2\/media?parent=8437"}],"wp:term":[{"taxonomy":"product_brand","embeddable":true,"href":"https:\/\/qqpets.com\/pl\/wp-json\/wp\/v2\/product_brand?post=8437"},{"taxonomy":"product_cat","embeddable":true,"href":"https:\/\/qqpets.com\/pl\/wp-json\/wp\/v2\/product_cat?post=8437"},{"taxonomy":"product_tag","embeddable":true,"href":"https:\/\/qqpets.com\/pl\/wp-json\/wp\/v2\/product_tag?post=8437"}],"curies":[{"name":"wp","href":"https:\/\/api.w.org\/{rel}","templated":true}]}}