{"id":8457,"date":"2024-09-30T17:26:38","date_gmt":"2024-09-30T09:26:38","guid":{"rendered":"https:\/\/qqpets.com\/?post_type=product&#038;p=8457"},"modified":"2024-09-30T17:26:38","modified_gmt":"2024-09-30T09:26:38","slug":"cat-collar-with-bell","status":"publish","type":"product","link":"https:\/\/qqpets.com\/pl\/produkt\/cat-collar-with-bell\/","title":{"rendered":"Obro\u017ca dla kota z dzwonkiem"},"content":{"rendered":"<p>Przedstawiamy idealne po\u0142\u0105czenie funkcjonalno\u015bci i mody dzi\u0119ki naszej obro\u017cy dla kota z dzwonkiem. To urocze akcesorium zosta\u0142o zaprojektowane, aby zapewni\u0107 Twojemu ukochanemu kotu bezpiecze\u0144stwo, jednocze\u015bnie dodaj\u0105c odrobin\u0119 elegancji do jego codziennego wygl\u0105du.<\/p>\n<p><strong>Kluczowe cechy:<\/strong><\/p>\n<ul>\n<li><strong>Wygodne noszenie:<\/strong> Wykonana z wysokiej jako\u015bci, lekkich materia\u0142\u00f3w obro\u017ca dla kota zosta\u0142a zaprojektowana tak, aby zapewni\u0107 kotu komfort przez ca\u0142y dzie\u0144 bez powodowania podra\u017cnie\u0144.<\/li>\n<li><strong>Dzwonek bezpiecze\u0144stwa:<\/strong> Wyposa\u017cona w uroczy dzwoneczek obro\u017ca pomaga monitorowa\u0107 miejsce pobytu kota, emituj\u0105c delikatny d\u017awi\u0119k. Ta funkcja jest szczeg\u00f3lnie korzystna dla kot\u00f3w, kt\u00f3re uwielbiaj\u0105 si\u0119 skrada\u0107 i odkrywa\u0107, zapewniaj\u0105c spok\u00f3j ducha w\u0142a\u015bcicielom.<\/li>\n<li><strong>Regulowana konstrukcja:<\/strong> \u0141atwo regulowana, aby pasowa\u0142a do r\u00f3\u017cnych rozmiar\u00f3w szyi, ta obro\u017ca mo\u017ce rosn\u0105\u0107 wraz z Twoim zwierzakiem od kociaka do doros\u0142ego. Mechanizm bezpiecznego zapi\u0119cia sprawia, \u017ce obro\u017ca pozostaje na swoim miejscu, a jednocze\u015bnie mo\u017cna j\u0105 \u0142atwo zdj\u0105\u0107 lub wyregulowa\u0107 w razie potrzeby.<\/li>\n<li><strong>Trwa\u0142e i zmywalne:<\/strong> Obro\u017ca ta zosta\u0142a stworzona, aby wytrzyma\u0107 rygory kociego \u017cycia, jest zar\u00f3wno trwa\u0142a, jak i \u0142atwa w czyszczeniu, zachowuj\u0105c sw\u00f3j \u017cywy wygl\u0105d podczas niezliczonych przyg\u00f3d.<\/li>\n<li><strong>Stylowe wybory:<\/strong> Dost\u0119pne w r\u00f3\u017cnych kolorach i wzorach, mo\u017cesz wybra\u0107 idealny styl pasuj\u0105cy do osobowo\u015bci Twojego kota, czyni\u0105c go najbardziej stylowym kotem w okolicy.<\/li>\n<\/ul>\n<p>Nasza obro\u017ca dla kota z dzwonkiem to nie tylko akcesorium; to ma\u0142y szczeg\u00f3\u0142, kt\u00f3ry mo\u017ce znacznie zwi\u0119kszy\u0107 bezpiecze\u0144stwo kota na zewn\u0105trz. \u0141\u0105czy w sobie praktyczno\u015b\u0107 ze stylem, dzi\u0119ki czemu jest niezb\u0119dnym produktem dla ka\u017cdego w\u0142a\u015bciciela kota, kt\u00f3ry ceni sobie bezpiecze\u0144stwo i komfort swojego zwierzaka.<\/p>\n<h5><strong>Czy obro\u017ce z dzwoneczkami s\u0105 dobre dla kot\u00f3w?<\/strong><\/h5>\n<p>Obro\u017ce z dzwoneczkami mog\u0105 by\u0107 dobre dla kot\u00f3w, zw\u0142aszcza tych przebywaj\u0105cych na zewn\u0105trz, poniewa\u017c dzwonek pomaga ostrzega\u0107 ptaki i inne dzikie zwierz\u0119ta o obecno\u015bci kota, potencjalnie ograniczaj\u0105c skuteczne polowanie.<\/p>\n<h5><strong>Co oznacza dzwonek na obro\u017cy kota?<\/strong><\/h5>\n<p>Dzwonek na obro\u017cy kota zazwyczaj wskazuje, \u017ce kot jest zwierz\u0119ciem wychodz\u0105cym. Dzwonek pomaga \u015bledzi\u0107 ruchy kota i mo\u017ce ostrzega\u0107 ofiary, takie jak ptaki i ma\u0142e ssaki, o zbli\u017caniu si\u0119 kota.<\/p>\n<h5><strong>Czy dzwonek powstrzyma mojego kota przed polowaniem?<\/strong><\/h5>\n<p>Dzwonek nie mo\u017ce ca\u0142kowicie powstrzyma\u0107 kota przed polowaniem, ale mo\u017ce zmniejszy\u0107 jego szanse na z\u0142apanie ofiary, ostrzegaj\u0105c potencjalne cele d\u017awi\u0119kiem, gdy kot si\u0119 porusza.<\/p>\n<h5><strong>Czy koty powinny nosi\u0107 obro\u017ce przez ca\u0142y czas?<\/strong><\/h5>\n<p>Koty wychodz\u0105ce na zewn\u0105trz powinny nosi\u0107 obro\u017ce przez ca\u0142y czas ze wzgl\u0119d\u00f3w identyfikacyjnych i bezpiecze\u0144stwa. Nale\u017cy jednak upewni\u0107 si\u0119, \u017ce obro\u017ca jest typu zrywalnego, kt\u00f3ry mo\u017cna \u0142atwo zdj\u0105\u0107, je\u015bli zaczepi si\u0119 o co\u015b, aby zapobiec obra\u017ceniom. Koty domowe nie musz\u0105 stale nosi\u0107 obro\u017cy, w zale\u017cno\u015bci od preferencji w\u0142a\u015bciciela i tolerancji kota.<\/p>","protected":false},"excerpt":{"rendered":"<p>Zwi\u0119ksz bezpiecze\u0144stwo i styl swojego kota dzi\u0119ki naszej obro\u017cy z dzwonkiem. Ta regulowana obro\u017ca ma bezpieczne zapi\u0119cie i \u017cywy dzwonek, kt\u00f3ry pomaga \u015bledzi\u0107 ruchy zwierz\u0119cia. Wykonana z mi\u0119kkich, wytrzyma\u0142ych materia\u0142\u00f3w, zapewnia komfort i trwa\u0142o\u015b\u0107. Dzwonek dodaje odrobin\u0119 kaprysu, jednocze\u015bnie s\u0142u\u017c\u0105c praktycznemu celowi ostrzegania ptak\u00f3w i innych dzikich zwierz\u0105t, co czyni go idealnym wyborem dla poszukiwaczy przyg\u00f3d na \u015bwie\u017cym powietrzu lub w domu.<\/p>","protected":false},"featured_media":8459,"template":"","meta":[],"product_brand":[],"product_cat":[26],"product_tag":[],"class_list":{"0":"post-8457","1":"product","2":"type-product","3":"status-publish","4":"has-post-thumbnail","6":"product_cat-dog-collar","7":"pa_brand-qqpets","9":"first","10":"instock","11":"shipping-taxable","12":"product-type-simple"},"yoast_head":"<!-- This site is optimized with the Yoast SEO plugin v26.6 - https:\/\/yoast.com\/wordpress\/plugins\/seo\/ -->\n<title>Cat Collar With Bell | QQPETS<\/title>\n<meta name=\"description\" content=\"Charming Cat Collar with Bell, designed for safety and style, perfect for your feline friend.\" \/>\n<meta name=\"robots\" content=\"index, follow, max-snippet:-1, max-image-preview:large, max-video-preview:-1\" \/>\n<link rel=\"canonical\" href=\"https:\/\/qqpets.com\/pl\/produkt\/cat-collar-with-bell\/\" \/>\n<meta property=\"og:locale\" content=\"pl_PL\" \/>\n<meta property=\"og:type\" content=\"article\" \/>\n<meta property=\"og:title\" content=\"Cat Collar With Bell | QQPETS\" \/>\n<meta property=\"og:description\" content=\"Charming Cat Collar with Bell, designed for safety and style, perfect for your feline friend.\" \/>\n<meta property=\"og:url\" content=\"https:\/\/qqpets.com\/pl\/produkt\/cat-collar-with-bell\/\" \/>\n<meta property=\"og:site_name\" content=\"QQPETS\" \/>\n<meta property=\"article:publisher\" content=\"https:\/\/www.facebook.com\/QQpetsdogcollars\" \/>\n<meta property=\"og:image\" content=\"https:\/\/qqpets.com\/wp-content\/uploads\/2024\/09\/cat-collar-with-bell1.webp\" \/>\n\t<meta property=\"og:image:width\" content=\"800\" \/>\n\t<meta property=\"og:image:height\" content=\"800\" \/>\n\t<meta property=\"og:image:type\" content=\"image\/webp\" \/>\n<meta name=\"twitter:card\" content=\"summary_large_image\" \/>\n<meta name=\"twitter:label1\" content=\"Szacowany czas czytania\" \/>\n\t<meta name=\"twitter:data1\" content=\"3 minuty\" \/>\n<script type=\"application\/ld+json\" class=\"yoast-schema-graph\">{\"@context\":\"https:\/\/schema.org\",\"@graph\":[{\"@type\":\"WebPage\",\"@id\":\"https:\/\/qqpets.com\/product\/cat-collar-with-bell\/\",\"url\":\"https:\/\/qqpets.com\/product\/cat-collar-with-bell\/\",\"name\":\"Cat Collar With Bell | QQPETS\",\"isPartOf\":{\"@id\":\"https:\/\/qqpets.com\/#website\"},\"primaryImageOfPage\":{\"@id\":\"https:\/\/qqpets.com\/product\/cat-collar-with-bell\/#primaryimage\"},\"image\":{\"@id\":\"https:\/\/qqpets.com\/product\/cat-collar-with-bell\/#primaryimage\"},\"thumbnailUrl\":\"https:\/\/qqpets.com\/wp-content\/uploads\/2024\/09\/cat-collar-with-bell1.webp\",\"datePublished\":\"2024-09-30T09:26:38+00:00\",\"description\":\"Charming Cat Collar with Bell, designed for safety and style, perfect for your feline friend.\",\"breadcrumb\":{\"@id\":\"https:\/\/qqpets.com\/product\/cat-collar-with-bell\/#breadcrumb\"},\"inLanguage\":\"pl-PL\",\"potentialAction\":[{\"@type\":\"ReadAction\",\"target\":[\"https:\/\/qqpets.com\/product\/cat-collar-with-bell\/\"]}]},{\"@type\":\"ImageObject\",\"inLanguage\":\"pl-PL\",\"@id\":\"https:\/\/qqpets.com\/product\/cat-collar-with-bell\/#primaryimage\",\"url\":\"https:\/\/qqpets.com\/wp-content\/uploads\/2024\/09\/cat-collar-with-bell1.webp\",\"contentUrl\":\"https:\/\/qqpets.com\/wp-content\/uploads\/2024\/09\/cat-collar-with-bell1.webp\",\"width\":800,\"height\":800},{\"@type\":\"BreadcrumbList\",\"@id\":\"https:\/\/qqpets.com\/product\/cat-collar-with-bell\/#breadcrumb\",\"itemListElement\":[{\"@type\":\"ListItem\",\"position\":1,\"name\":\"Home\",\"item\":\"https:\/\/qqpets.com\/\"},{\"@type\":\"ListItem\",\"position\":2,\"name\":\"Products\",\"item\":\"https:\/\/qqpets.com\/pet-products-manufacturer\/\"},{\"@type\":\"ListItem\",\"position\":3,\"name\":\"Cat Collar With Bell\"}]},{\"@type\":\"WebSite\",\"@id\":\"https:\/\/qqpets.com\/#website\",\"url\":\"https:\/\/qqpets.com\/\",\"name\":\"QQPETS\",\"description\":\"QQPETS is a pet products factory for dog harnesses, dog collars, dog leashes and dog accessories with professional customized service since 2005.\",\"publisher\":{\"@id\":\"https:\/\/qqpets.com\/#organization\"},\"potentialAction\":[{\"@type\":\"SearchAction\",\"target\":{\"@type\":\"EntryPoint\",\"urlTemplate\":\"https:\/\/qqpets.com\/?s={search_term_string}\"},\"query-input\":{\"@type\":\"PropertyValueSpecification\",\"valueRequired\":true,\"valueName\":\"search_term_string\"}}],\"inLanguage\":\"pl-PL\"},{\"@type\":\"Organization\",\"@id\":\"https:\/\/qqpets.com\/#organization\",\"name\":\"QQPETS\",\"url\":\"https:\/\/qqpets.com\/\",\"logo\":{\"@type\":\"ImageObject\",\"inLanguage\":\"pl-PL\",\"@id\":\"https:\/\/qqpets.com\/#\/schema\/logo\/image\/\",\"url\":\"https:\/\/qqpets.com\/wp-content\/uploads\/2023\/09\/cropped-cropped-qqpets-tiktok.jpg\",\"contentUrl\":\"https:\/\/qqpets.com\/wp-content\/uploads\/2023\/09\/cropped-cropped-qqpets-tiktok.jpg\",\"width\":511,\"height\":511,\"caption\":\"QQPETS\"},\"image\":{\"@id\":\"https:\/\/qqpets.com\/#\/schema\/logo\/image\/\"},\"sameAs\":[\"https:\/\/www.facebook.com\/QQpetsdogcollars\",\"https:\/\/www.instagram.com\/qqpetscollar\/\",\"https:\/\/www.pinterest.com\/qqpetsdogcollarsfactory\/\"]}]}<\/script>\n<!-- \/ Yoast SEO plugin. -->","yoast_head_json":{"title":"Obro\u017ca dla kota z dzwonkiem | QQPETS","description":"Urocza obro\u017ca dla kota z dzwonkiem, zaprojektowana z my\u015bl\u0105 o bezpiecze\u0144stwie i stylu, idealna dla Twojego kociego przyjaciela.","robots":{"index":"index","follow":"follow","max-snippet":"max-snippet:-1","max-image-preview":"max-image-preview:large","max-video-preview":"max-video-preview:-1"},"canonical":"https:\/\/qqpets.com\/pl\/produkt\/cat-collar-with-bell\/","og_locale":"pl_PL","og_type":"article","og_title":"Cat Collar With Bell | QQPETS","og_description":"Charming Cat Collar with Bell, designed for safety and style, perfect for your feline friend.","og_url":"https:\/\/qqpets.com\/pl\/produkt\/cat-collar-with-bell\/","og_site_name":"QQPETS","article_publisher":"https:\/\/www.facebook.com\/QQpetsdogcollars","og_image":[{"width":800,"height":800,"url":"https:\/\/qqpets.com\/wp-content\/uploads\/2024\/09\/cat-collar-with-bell1.webp","type":"image\/webp"}],"twitter_card":"summary_large_image","twitter_misc":{"Szacowany czas czytania":"3 minuty"},"schema":{"@context":"https:\/\/schema.org","@graph":[{"@type":"WebPage","@id":"https:\/\/qqpets.com\/product\/cat-collar-with-bell\/","url":"https:\/\/qqpets.com\/product\/cat-collar-with-bell\/","name":"Obro\u017ca dla kota z dzwonkiem | QQPETS","isPartOf":{"@id":"https:\/\/qqpets.com\/#website"},"primaryImageOfPage":{"@id":"https:\/\/qqpets.com\/product\/cat-collar-with-bell\/#primaryimage"},"image":{"@id":"https:\/\/qqpets.com\/product\/cat-collar-with-bell\/#primaryimage"},"thumbnailUrl":"https:\/\/qqpets.com\/wp-content\/uploads\/2024\/09\/cat-collar-with-bell1.webp","datePublished":"2024-09-30T09:26:38+00:00","description":"Urocza obro\u017ca dla kota z dzwonkiem, zaprojektowana z my\u015bl\u0105 o bezpiecze\u0144stwie i stylu, idealna dla Twojego kociego przyjaciela.","breadcrumb":{"@id":"https:\/\/qqpets.com\/product\/cat-collar-with-bell\/#breadcrumb"},"inLanguage":"pl-PL","potentialAction":[{"@type":"ReadAction","target":["https:\/\/qqpets.com\/product\/cat-collar-with-bell\/"]}]},{"@type":"ImageObject","inLanguage":"pl-PL","@id":"https:\/\/qqpets.com\/product\/cat-collar-with-bell\/#primaryimage","url":"https:\/\/qqpets.com\/wp-content\/uploads\/2024\/09\/cat-collar-with-bell1.webp","contentUrl":"https:\/\/qqpets.com\/wp-content\/uploads\/2024\/09\/cat-collar-with-bell1.webp","width":800,"height":800},{"@type":"BreadcrumbList","@id":"https:\/\/qqpets.com\/product\/cat-collar-with-bell\/#breadcrumb","itemListElement":[{"@type":"ListItem","position":1,"name":"Home","item":"https:\/\/qqpets.com\/"},{"@type":"ListItem","position":2,"name":"Products","item":"https:\/\/qqpets.com\/pet-products-manufacturer\/"},{"@type":"ListItem","position":3,"name":"Cat Collar With Bell"}]},{"@type":"WebSite","@id":"https:\/\/qqpets.com\/#website","url":"https:\/\/qqpets.com\/","name":"QQPETS","description":"QQPETS to fabryka uprz\u0119\u017cy dla ps\u00f3w, obro\u017cy dla ps\u00f3w, smyczy dla ps\u00f3w i akcesori\u00f3w dla ps\u00f3w z profesjonaln\u0105 obs\u0142ug\u0105 dostosowan\u0105 do potrzeb klienta od 2005 roku.","publisher":{"@id":"https:\/\/qqpets.com\/#organization"},"potentialAction":[{"@type":"SearchAction","target":{"@type":"EntryPoint","urlTemplate":"https:\/\/qqpets.com\/?s={search_term_string}"},"query-input":{"@type":"PropertyValueSpecification","valueRequired":true,"valueName":"search_term_string"}}],"inLanguage":"pl-PL"},{"@type":"Organization","@id":"https:\/\/qqpets.com\/#organization","name":"QQPETS","url":"https:\/\/qqpets.com\/","logo":{"@type":"ImageObject","inLanguage":"pl-PL","@id":"https:\/\/qqpets.com\/#\/schema\/logo\/image\/","url":"https:\/\/qqpets.com\/wp-content\/uploads\/2023\/09\/cropped-cropped-qqpets-tiktok.jpg","contentUrl":"https:\/\/qqpets.com\/wp-content\/uploads\/2023\/09\/cropped-cropped-qqpets-tiktok.jpg","width":511,"height":511,"caption":"QQPETS"},"image":{"@id":"https:\/\/qqpets.com\/#\/schema\/logo\/image\/"},"sameAs":["https:\/\/www.facebook.com\/QQpetsdogcollars","https:\/\/www.instagram.com\/qqpetscollar\/","https:\/\/www.pinterest.com\/qqpetsdogcollarsfactory\/"]}]}},"_links":{"self":[{"href":"https:\/\/qqpets.com\/pl\/wp-json\/wp\/v2\/product\/8457","targetHints":{"allow":["GET"]}}],"collection":[{"href":"https:\/\/qqpets.com\/pl\/wp-json\/wp\/v2\/product"}],"about":[{"href":"https:\/\/qqpets.com\/pl\/wp-json\/wp\/v2\/types\/product"}],"wp:featuredmedia":[{"embeddable":true,"href":"https:\/\/qqpets.com\/pl\/wp-json\/wp\/v2\/media\/8459"}],"wp:attachment":[{"href":"https:\/\/qqpets.com\/pl\/wp-json\/wp\/v2\/media?parent=8457"}],"wp:term":[{"taxonomy":"product_brand","embeddable":true,"href":"https:\/\/qqpets.com\/pl\/wp-json\/wp\/v2\/product_brand?post=8457"},{"taxonomy":"product_cat","embeddable":true,"href":"https:\/\/qqpets.com\/pl\/wp-json\/wp\/v2\/product_cat?post=8457"},{"taxonomy":"product_tag","embeddable":true,"href":"https:\/\/qqpets.com\/pl\/wp-json\/wp\/v2\/product_tag?post=8457"}],"curies":[{"name":"wp","href":"https:\/\/api.w.org\/{rel}","templated":true}]}}