{"id":9207,"date":"2024-11-11T14:31:06","date_gmt":"2024-11-11T06:31:06","guid":{"rendered":"https:\/\/qqpets.com\/?post_type=product&#038;p=9207"},"modified":"2024-11-11T14:31:06","modified_gmt":"2024-11-11T06:31:06","slug":"no-pull-dog-leash","status":"publish","type":"product","link":"https:\/\/qqpets.com\/pl\/produkt\/no-pull-dog-leash\/","title":{"rendered":"Smycz dla psa bez ci\u0105gni\u0119cia"},"content":{"rendered":"<p>Podnie\u015b swoj\u0105 ofert\u0119 produkt\u00f3w dzi\u0119ki naszej smyczy Bungee No Pull Dog Leash, profesjonalnie wykonanej w celu zwi\u0119kszenia zar\u00f3wno bezpiecze\u0144stwa, jak i komfortu podczas podr\u00f3\u017cy samochodem i spacer\u00f3w. Ta smycz zawiera solidny system zapinania fotelika samochodowego, zaprojektowany tak, aby zabezpieczy\u0107 zwierz\u0119 w poje\u017adzie, jednocze\u015bnie zapobiegaj\u0105c nag\u0142ym ruchom lub dyskomfortowi. Mechanizm bungee pozwala na elastyczne rozci\u0105ganie, kt\u00f3re poch\u0142ania wstrz\u0105sy i zmniejsza obci\u0105\u017cenie zar\u00f3wno zwierz\u0119cia, jak i w\u0142a\u015bciciela, co jest idealne do skutecznego zapobiegania ci\u0105gni\u0119ciu.<\/p>\n<p>Smycz zosta\u0142a wykonana z wysokiej jako\u015bci, wytrzyma\u0142ych materia\u0142\u00f3w, zapewniaj\u0105cych d\u0142ug\u0105 \u017cywotno\u015b\u0107 i niezawodno\u015b\u0107 przy cz\u0119stym u\u017cytkowaniu. Jej wszechstronno\u015b\u0107 sprawia, \u017ce jest to idealny wyb\u00f3r dla w\u0142a\u015bcicieli zwierz\u0105t, kt\u00f3rzy cz\u0119sto podr\u00f3\u017cuj\u0105 ze swoimi pupilami i szukaj\u0105 bezpiecznego, wygodnego i bezproblemowego rozwi\u0105zania. Spersonalizuj smycz za pomoc\u0105 unikalnego logo swojej marki i wybierz spo\u015br\u00f3d wielu wzor\u00f3w, aby uczyni\u0107 j\u0105 naprawd\u0119 swoj\u0105. Ten produkt nie tylko spe\u0142nia najwy\u017csze standardy jako\u015bci, ale tak\u017ce oferuje elastyczno\u015b\u0107 dostosowywania, aby idealnie dopasowa\u0107 si\u0119 do potrzeb brandingowych klient\u00f3w B2B.<\/p>","protected":false},"excerpt":{"rendered":"<p>Odkryj najlepsze rozwi\u0105zanie dla bezpiecznych i wygodnych wycieczek z psem dzi\u0119ki naszej smyczy Bungee No Pull Dog Leash. Ta innowacyjna smycz posiada zapi\u0119cie do fotelika samochodowego, co zapewnia bezpiecze\u0144stwo zwierz\u0119cia podczas jazdy. Zaprojektowana, aby zapobiega\u0107 ci\u0105gni\u0119ciu, elastyczna linka bungee zapewnia delikatn\u0105 korekt\u0119, oferuj\u0105c jednocze\u015bnie wystarczaj\u0105c\u0105 rozci\u0105gliwo\u015b\u0107, aby wygodnie dostosowa\u0107 si\u0119 do ruch\u00f3w zwierz\u0119cia. Idealny dla aktywnych ps\u00f3w i kierowc\u00f3w, kt\u00f3rzy ceni\u0105 sobie bezpiecze\u0144stwo i wygod\u0119. Dostosuj logo swojej marki i unikalne wzory, aby dopasowa\u0107 to niezb\u0119dne akcesorium do to\u017csamo\u015bci firmy.<\/p>","protected":false},"featured_media":9216,"template":"","meta":[],"product_brand":[],"product_cat":[27],"product_tag":[],"class_list":{"0":"post-9207","1":"product","2":"type-product","3":"status-publish","4":"has-post-thumbnail","6":"product_cat-dog-leash","7":"pa_brand-qqpets","9":"first","10":"instock","11":"shipping-taxable","12":"product-type-simple"},"yoast_head":"<!-- This site is optimized with the Yoast SEO plugin v26.6 - https:\/\/yoast.com\/wordpress\/plugins\/seo\/ -->\n<title>No Pull Dog Leash | QQPETS<\/title>\n<meta name=\"description\" content=\"Enhance pet safety and comfort with our Bungee No Pull Dog Leash featuring a built-in car seat buckle.\" \/>\n<meta name=\"robots\" content=\"index, follow, max-snippet:-1, max-image-preview:large, max-video-preview:-1\" \/>\n<link rel=\"canonical\" href=\"https:\/\/qqpets.com\/pl\/produkt\/no-pull-dog-leash\/\" \/>\n<meta property=\"og:locale\" content=\"pl_PL\" \/>\n<meta property=\"og:type\" content=\"article\" \/>\n<meta property=\"og:title\" content=\"No Pull Dog Leash | QQPETS\" \/>\n<meta property=\"og:description\" content=\"Enhance pet safety and comfort with our Bungee No Pull Dog Leash featuring a built-in car seat buckle.\" \/>\n<meta property=\"og:url\" content=\"https:\/\/qqpets.com\/pl\/produkt\/no-pull-dog-leash\/\" \/>\n<meta property=\"og:site_name\" content=\"QQPETS\" \/>\n<meta property=\"article:publisher\" content=\"https:\/\/www.facebook.com\/QQpetsdogcollars\" \/>\n<meta property=\"og:image\" content=\"https:\/\/qqpets.com\/wp-content\/uploads\/2024\/11\/no-pull-dog-leash9.webp\" \/>\n\t<meta property=\"og:image:width\" content=\"800\" \/>\n\t<meta property=\"og:image:height\" content=\"800\" \/>\n\t<meta property=\"og:image:type\" content=\"image\/webp\" \/>\n<meta name=\"twitter:card\" content=\"summary_large_image\" \/>\n<meta name=\"twitter:label1\" content=\"Szacowany czas czytania\" \/>\n\t<meta name=\"twitter:data1\" content=\"1 minuta\" \/>\n<script type=\"application\/ld+json\" class=\"yoast-schema-graph\">{\"@context\":\"https:\/\/schema.org\",\"@graph\":[{\"@type\":\"WebPage\",\"@id\":\"https:\/\/qqpets.com\/product\/no-pull-dog-leash\/\",\"url\":\"https:\/\/qqpets.com\/product\/no-pull-dog-leash\/\",\"name\":\"No Pull Dog Leash | QQPETS\",\"isPartOf\":{\"@id\":\"https:\/\/qqpets.com\/#website\"},\"primaryImageOfPage\":{\"@id\":\"https:\/\/qqpets.com\/product\/no-pull-dog-leash\/#primaryimage\"},\"image\":{\"@id\":\"https:\/\/qqpets.com\/product\/no-pull-dog-leash\/#primaryimage\"},\"thumbnailUrl\":\"https:\/\/qqpets.com\/wp-content\/uploads\/2024\/11\/no-pull-dog-leash9.webp\",\"datePublished\":\"2024-11-11T06:31:06+00:00\",\"description\":\"Enhance pet safety and comfort with our Bungee No Pull Dog Leash featuring a built-in car seat buckle.\",\"breadcrumb\":{\"@id\":\"https:\/\/qqpets.com\/product\/no-pull-dog-leash\/#breadcrumb\"},\"inLanguage\":\"pl-PL\",\"potentialAction\":[{\"@type\":\"ReadAction\",\"target\":[\"https:\/\/qqpets.com\/product\/no-pull-dog-leash\/\"]}]},{\"@type\":\"ImageObject\",\"inLanguage\":\"pl-PL\",\"@id\":\"https:\/\/qqpets.com\/product\/no-pull-dog-leash\/#primaryimage\",\"url\":\"https:\/\/qqpets.com\/wp-content\/uploads\/2024\/11\/no-pull-dog-leash9.webp\",\"contentUrl\":\"https:\/\/qqpets.com\/wp-content\/uploads\/2024\/11\/no-pull-dog-leash9.webp\",\"width\":800,\"height\":800},{\"@type\":\"BreadcrumbList\",\"@id\":\"https:\/\/qqpets.com\/product\/no-pull-dog-leash\/#breadcrumb\",\"itemListElement\":[{\"@type\":\"ListItem\",\"position\":1,\"name\":\"Home\",\"item\":\"https:\/\/qqpets.com\/\"},{\"@type\":\"ListItem\",\"position\":2,\"name\":\"Products\",\"item\":\"https:\/\/qqpets.com\/pet-products-manufacturer\/\"},{\"@type\":\"ListItem\",\"position\":3,\"name\":\"No Pull Dog Leash\"}]},{\"@type\":\"WebSite\",\"@id\":\"https:\/\/qqpets.com\/#website\",\"url\":\"https:\/\/qqpets.com\/\",\"name\":\"QQPETS\",\"description\":\"QQPETS is a pet products factory for dog harnesses, dog collars, dog leashes and dog accessories with professional customized service since 2005.\",\"publisher\":{\"@id\":\"https:\/\/qqpets.com\/#organization\"},\"potentialAction\":[{\"@type\":\"SearchAction\",\"target\":{\"@type\":\"EntryPoint\",\"urlTemplate\":\"https:\/\/qqpets.com\/?s={search_term_string}\"},\"query-input\":{\"@type\":\"PropertyValueSpecification\",\"valueRequired\":true,\"valueName\":\"search_term_string\"}}],\"inLanguage\":\"pl-PL\"},{\"@type\":\"Organization\",\"@id\":\"https:\/\/qqpets.com\/#organization\",\"name\":\"QQPETS\",\"url\":\"https:\/\/qqpets.com\/\",\"logo\":{\"@type\":\"ImageObject\",\"inLanguage\":\"pl-PL\",\"@id\":\"https:\/\/qqpets.com\/#\/schema\/logo\/image\/\",\"url\":\"https:\/\/qqpets.com\/wp-content\/uploads\/2023\/09\/cropped-cropped-qqpets-tiktok.jpg\",\"contentUrl\":\"https:\/\/qqpets.com\/wp-content\/uploads\/2023\/09\/cropped-cropped-qqpets-tiktok.jpg\",\"width\":511,\"height\":511,\"caption\":\"QQPETS\"},\"image\":{\"@id\":\"https:\/\/qqpets.com\/#\/schema\/logo\/image\/\"},\"sameAs\":[\"https:\/\/www.facebook.com\/QQpetsdogcollars\",\"https:\/\/www.instagram.com\/qqpetscollar\/\",\"https:\/\/www.pinterest.com\/qqpetsdogcollarsfactory\/\"]}]}<\/script>\n<!-- \/ Yoast SEO plugin. -->","yoast_head_json":{"title":"Smycz dla psa bez ci\u0105gni\u0119cia | QQPETS","description":"Zwi\u0119ksz bezpiecze\u0144stwo i komfort swojego pupila dzi\u0119ki naszej smyczy Bungee No Pull Dog Leash z wbudowanym zapi\u0119ciem do fotelika samochodowego.","robots":{"index":"index","follow":"follow","max-snippet":"max-snippet:-1","max-image-preview":"max-image-preview:large","max-video-preview":"max-video-preview:-1"},"canonical":"https:\/\/qqpets.com\/pl\/produkt\/no-pull-dog-leash\/","og_locale":"pl_PL","og_type":"article","og_title":"No Pull Dog Leash | QQPETS","og_description":"Enhance pet safety and comfort with our Bungee No Pull Dog Leash featuring a built-in car seat buckle.","og_url":"https:\/\/qqpets.com\/pl\/produkt\/no-pull-dog-leash\/","og_site_name":"QQPETS","article_publisher":"https:\/\/www.facebook.com\/QQpetsdogcollars","og_image":[{"width":800,"height":800,"url":"https:\/\/qqpets.com\/wp-content\/uploads\/2024\/11\/no-pull-dog-leash9.webp","type":"image\/webp"}],"twitter_card":"summary_large_image","twitter_misc":{"Szacowany czas czytania":"1 minuta"},"schema":{"@context":"https:\/\/schema.org","@graph":[{"@type":"WebPage","@id":"https:\/\/qqpets.com\/product\/no-pull-dog-leash\/","url":"https:\/\/qqpets.com\/product\/no-pull-dog-leash\/","name":"Smycz dla psa bez ci\u0105gni\u0119cia | QQPETS","isPartOf":{"@id":"https:\/\/qqpets.com\/#website"},"primaryImageOfPage":{"@id":"https:\/\/qqpets.com\/product\/no-pull-dog-leash\/#primaryimage"},"image":{"@id":"https:\/\/qqpets.com\/product\/no-pull-dog-leash\/#primaryimage"},"thumbnailUrl":"https:\/\/qqpets.com\/wp-content\/uploads\/2024\/11\/no-pull-dog-leash9.webp","datePublished":"2024-11-11T06:31:06+00:00","description":"Zwi\u0119ksz bezpiecze\u0144stwo i komfort swojego pupila dzi\u0119ki naszej smyczy Bungee No Pull Dog Leash z wbudowanym zapi\u0119ciem do fotelika samochodowego.","breadcrumb":{"@id":"https:\/\/qqpets.com\/product\/no-pull-dog-leash\/#breadcrumb"},"inLanguage":"pl-PL","potentialAction":[{"@type":"ReadAction","target":["https:\/\/qqpets.com\/product\/no-pull-dog-leash\/"]}]},{"@type":"ImageObject","inLanguage":"pl-PL","@id":"https:\/\/qqpets.com\/product\/no-pull-dog-leash\/#primaryimage","url":"https:\/\/qqpets.com\/wp-content\/uploads\/2024\/11\/no-pull-dog-leash9.webp","contentUrl":"https:\/\/qqpets.com\/wp-content\/uploads\/2024\/11\/no-pull-dog-leash9.webp","width":800,"height":800},{"@type":"BreadcrumbList","@id":"https:\/\/qqpets.com\/product\/no-pull-dog-leash\/#breadcrumb","itemListElement":[{"@type":"ListItem","position":1,"name":"Home","item":"https:\/\/qqpets.com\/"},{"@type":"ListItem","position":2,"name":"Products","item":"https:\/\/qqpets.com\/pet-products-manufacturer\/"},{"@type":"ListItem","position":3,"name":"No Pull Dog Leash"}]},{"@type":"WebSite","@id":"https:\/\/qqpets.com\/#website","url":"https:\/\/qqpets.com\/","name":"QQPETS","description":"QQPETS to fabryka uprz\u0119\u017cy dla ps\u00f3w, obro\u017cy dla ps\u00f3w, smyczy dla ps\u00f3w i akcesori\u00f3w dla ps\u00f3w z profesjonaln\u0105 obs\u0142ug\u0105 dostosowan\u0105 do potrzeb klienta od 2005 roku.","publisher":{"@id":"https:\/\/qqpets.com\/#organization"},"potentialAction":[{"@type":"SearchAction","target":{"@type":"EntryPoint","urlTemplate":"https:\/\/qqpets.com\/?s={search_term_string}"},"query-input":{"@type":"PropertyValueSpecification","valueRequired":true,"valueName":"search_term_string"}}],"inLanguage":"pl-PL"},{"@type":"Organization","@id":"https:\/\/qqpets.com\/#organization","name":"QQPETS","url":"https:\/\/qqpets.com\/","logo":{"@type":"ImageObject","inLanguage":"pl-PL","@id":"https:\/\/qqpets.com\/#\/schema\/logo\/image\/","url":"https:\/\/qqpets.com\/wp-content\/uploads\/2023\/09\/cropped-cropped-qqpets-tiktok.jpg","contentUrl":"https:\/\/qqpets.com\/wp-content\/uploads\/2023\/09\/cropped-cropped-qqpets-tiktok.jpg","width":511,"height":511,"caption":"QQPETS"},"image":{"@id":"https:\/\/qqpets.com\/#\/schema\/logo\/image\/"},"sameAs":["https:\/\/www.facebook.com\/QQpetsdogcollars","https:\/\/www.instagram.com\/qqpetscollar\/","https:\/\/www.pinterest.com\/qqpetsdogcollarsfactory\/"]}]}},"_links":{"self":[{"href":"https:\/\/qqpets.com\/pl\/wp-json\/wp\/v2\/product\/9207","targetHints":{"allow":["GET"]}}],"collection":[{"href":"https:\/\/qqpets.com\/pl\/wp-json\/wp\/v2\/product"}],"about":[{"href":"https:\/\/qqpets.com\/pl\/wp-json\/wp\/v2\/types\/product"}],"wp:featuredmedia":[{"embeddable":true,"href":"https:\/\/qqpets.com\/pl\/wp-json\/wp\/v2\/media\/9216"}],"wp:attachment":[{"href":"https:\/\/qqpets.com\/pl\/wp-json\/wp\/v2\/media?parent=9207"}],"wp:term":[{"taxonomy":"product_brand","embeddable":true,"href":"https:\/\/qqpets.com\/pl\/wp-json\/wp\/v2\/product_brand?post=9207"},{"taxonomy":"product_cat","embeddable":true,"href":"https:\/\/qqpets.com\/pl\/wp-json\/wp\/v2\/product_cat?post=9207"},{"taxonomy":"product_tag","embeddable":true,"href":"https:\/\/qqpets.com\/pl\/wp-json\/wp\/v2\/product_tag?post=9207"}],"curies":[{"name":"wp","href":"https:\/\/api.w.org\/{rel}","templated":true}]}}