{"id":9261,"date":"2024-11-13T16:07:37","date_gmt":"2024-11-13T08:07:37","guid":{"rendered":"https:\/\/qqpets.com\/?post_type=product&#038;p=9261"},"modified":"2024-11-13T16:07:37","modified_gmt":"2024-11-13T08:07:37","slug":"pvc-poop-bag-holder","status":"publish","type":"product","link":"https:\/\/qqpets.com\/pl\/produkt\/pvc-poop-bag-holder\/","title":{"rendered":"Uchwyt na worek na odchody PVC"},"content":{"rendered":"<p>Uchwyt na worek PVC jest niezb\u0119dnym akcesorium dla w\u0142a\u015bcicieli zwierz\u0105t, kt\u00f3rzy ceni\u0105 sobie zar\u00f3wno styl, jak i funkcjonalno\u015b\u0107. Wykonany z trwa\u0142ego, przyjaznego dla \u015brodowiska materia\u0142u PVC, ten uchwyt na worek zosta\u0142 zaprojektowany tak, aby wytrzyma\u0107 codzienne u\u017cytkowanie, a jednocze\u015bnie jest lekki i \u0142atwy do przenoszenia. Jego wodoodporna i \u0142atwa do czyszczenia powierzchnia zapewnia higieniczno\u015b\u0107 i praktyczno\u015b\u0107 w ka\u017cdych warunkach pogodowych, dzi\u0119ki czemu idealnie nadaje si\u0119 do przyg\u00f3d ze zwierz\u0119tami na \u015bwie\u017cym powietrzu.<\/p>\n<p>Zaprojektowany z my\u015bl\u0105 o wygodzie, uchwyt na worek mo\u017cna \u0142atwo przymocowa\u0107 do smyczy, uprz\u0119\u017cy, toreb lub pas\u00f3w, dzi\u0119ki czemu worki na odpady s\u0105 w zasi\u0119gu r\u0119ki. Kompaktowa i elegancka konstrukcja pozwala w\u0142a\u015bcicielom zwierz\u0105t domowych nosi\u0107 go bez wysi\u0142ku, a bezpieczne zamkni\u0119cie sprawia, \u017ce torby s\u0105 bezpiecznie przechowywane do czasu, gdy b\u0119d\u0105 potrzebne.<\/p>\n<p>Ten uchwyt na worek na odchody z PVC oferuje niesko\u0144czone mo\u017cliwo\u015bci personalizacji. Obs\u0142ugujemy niestandardowe drukowanie logo i wzor\u00f3w, dzi\u0119ki czemu marki zwierz\u0105t domowych mog\u0105 spersonalizowa\u0107 uchwyt za pomoc\u0105 element\u00f3w brandingowych, kt\u00f3re robi\u0105 wra\u017cenie. Niezale\u017cnie od tego, czy jeste\u015b sklepem zoologicznym, sprzedawc\u0105 internetowym czy dystrybutorem, ten konfigurowalny uchwyt zapewnia unikalne, markowe rozwi\u0105zanie, kt\u00f3re rezonuje z nowoczesnymi w\u0142a\u015bcicielami zwierz\u0105t domowych poszukuj\u0105cymi funkcjonalnych, ale stylowych akcesori\u00f3w. Rozszerz swoj\u0105 lini\u0119 produkt\u00f3w o praktyczny przedmiot ciesz\u0105cy si\u0119 du\u017cym popytem, kt\u00f3ry zapewnia warto\u015b\u0107 i widoczno\u015b\u0107 Twojej marki.<\/p>","protected":false},"excerpt":{"rendered":"<p>Nasz uchwyt na worek na odchody z PVC \u0142\u0105czy w sobie trwa\u0142o\u015b\u0107, wygod\u0119 i personalizacj\u0119 dla marek zwierz\u0105t domowych, kt\u00f3re chc\u0105 oferowa\u0107 praktyczne rozwi\u0105zania w zakresie usuwania nieczysto\u015bci. Wykonany z wysokiej jako\u015bci PVC uchwyt na worek jest lekki, wodoodporny i \u0142atwy do czyszczenia. Mocuje si\u0119 go bezpiecznie do smyczy, uprz\u0119\u017cy lub toreb, zapewniaj\u0105c w\u0142a\u015bcicielom zwierz\u0105t \u0142atwy dost\u0119p do work\u00f3w na nieczysto\u015bci podczas spacer\u00f3w. Idealny dla klient\u00f3w B2B, uchwyt ten mo\u017cna spersonalizowa\u0107 za pomoc\u0105 logo i unikalnych wzor\u00f3w, zwi\u0119kszaj\u0105c widoczno\u015b\u0107 marki. Idealny dla sklep\u00f3w zoologicznych, sprzedawc\u00f3w internetowych i hurtownik\u00f3w, kt\u00f3rzy chc\u0105 zapewni\u0107 swoim klientom funkcjonalny, a jednocze\u015bnie stylowy produkt.<\/p>","protected":false},"featured_media":9262,"template":"","meta":[],"product_brand":[],"product_cat":[58],"product_tag":[],"class_list":{"0":"post-9261","1":"product","2":"type-product","3":"status-publish","4":"has-post-thumbnail","6":"product_cat-accessories","8":"first","9":"instock","10":"shipping-taxable","11":"product-type-simple"},"yoast_head":"<!-- This site is optimized with the Yoast SEO plugin v26.6 - https:\/\/yoast.com\/wordpress\/plugins\/seo\/ -->\n<title>PVC Poop Bag Holder | QQPETS<\/title>\n<meta name=\"description\" content=\"Durable and stylish PVC Poop Bag Holder for pet waste bags. Ideal for B2B buyers seeking custom logos and patterns. Practical, easy-to-carry design for pet owners.\" \/>\n<meta name=\"robots\" content=\"index, follow, max-snippet:-1, max-image-preview:large, max-video-preview:-1\" \/>\n<link rel=\"canonical\" href=\"https:\/\/qqpets.com\/pl\/produkt\/pvc-poop-bag-holder\/\" \/>\n<meta property=\"og:locale\" content=\"pl_PL\" \/>\n<meta property=\"og:type\" content=\"article\" \/>\n<meta property=\"og:title\" content=\"PVC Poop Bag Holder | QQPETS\" \/>\n<meta property=\"og:description\" content=\"Durable and stylish PVC Poop Bag Holder for pet waste bags. Ideal for B2B buyers seeking custom logos and patterns. Practical, easy-to-carry design for pet owners.\" \/>\n<meta property=\"og:url\" content=\"https:\/\/qqpets.com\/pl\/produkt\/pvc-poop-bag-holder\/\" \/>\n<meta property=\"og:site_name\" content=\"QQPETS\" \/>\n<meta property=\"article:publisher\" content=\"https:\/\/www.facebook.com\/QQpetsdogcollars\" \/>\n<meta property=\"og:image\" content=\"https:\/\/qqpets.com\/wp-content\/uploads\/2024\/11\/1.webp\" \/>\n\t<meta property=\"og:image:width\" content=\"800\" \/>\n\t<meta property=\"og:image:height\" content=\"800\" \/>\n\t<meta property=\"og:image:type\" content=\"image\/webp\" \/>\n<meta name=\"twitter:card\" content=\"summary_large_image\" \/>\n<meta name=\"twitter:label1\" content=\"Szacowany czas czytania\" \/>\n\t<meta name=\"twitter:data1\" content=\"1 minuta\" \/>\n<script type=\"application\/ld+json\" class=\"yoast-schema-graph\">{\"@context\":\"https:\/\/schema.org\",\"@graph\":[{\"@type\":\"WebPage\",\"@id\":\"https:\/\/qqpets.com\/product\/pvc-poop-bag-holder\/\",\"url\":\"https:\/\/qqpets.com\/product\/pvc-poop-bag-holder\/\",\"name\":\"PVC Poop Bag Holder | QQPETS\",\"isPartOf\":{\"@id\":\"https:\/\/qqpets.com\/#website\"},\"primaryImageOfPage\":{\"@id\":\"https:\/\/qqpets.com\/product\/pvc-poop-bag-holder\/#primaryimage\"},\"image\":{\"@id\":\"https:\/\/qqpets.com\/product\/pvc-poop-bag-holder\/#primaryimage\"},\"thumbnailUrl\":\"https:\/\/qqpets.com\/wp-content\/uploads\/2024\/11\/1.webp\",\"datePublished\":\"2024-11-13T08:07:37+00:00\",\"description\":\"Durable and stylish PVC Poop Bag Holder for pet waste bags. Ideal for B2B buyers seeking custom logos and patterns. Practical, easy-to-carry design for pet owners.\",\"breadcrumb\":{\"@id\":\"https:\/\/qqpets.com\/product\/pvc-poop-bag-holder\/#breadcrumb\"},\"inLanguage\":\"pl-PL\",\"potentialAction\":[{\"@type\":\"ReadAction\",\"target\":[\"https:\/\/qqpets.com\/product\/pvc-poop-bag-holder\/\"]}]},{\"@type\":\"ImageObject\",\"inLanguage\":\"pl-PL\",\"@id\":\"https:\/\/qqpets.com\/product\/pvc-poop-bag-holder\/#primaryimage\",\"url\":\"https:\/\/qqpets.com\/wp-content\/uploads\/2024\/11\/1.webp\",\"contentUrl\":\"https:\/\/qqpets.com\/wp-content\/uploads\/2024\/11\/1.webp\",\"width\":800,\"height\":800},{\"@type\":\"BreadcrumbList\",\"@id\":\"https:\/\/qqpets.com\/product\/pvc-poop-bag-holder\/#breadcrumb\",\"itemListElement\":[{\"@type\":\"ListItem\",\"position\":1,\"name\":\"Home\",\"item\":\"https:\/\/qqpets.com\/\"},{\"@type\":\"ListItem\",\"position\":2,\"name\":\"Products\",\"item\":\"https:\/\/qqpets.com\/pet-products-manufacturer\/\"},{\"@type\":\"ListItem\",\"position\":3,\"name\":\"PVC Poop Bag Holder\"}]},{\"@type\":\"WebSite\",\"@id\":\"https:\/\/qqpets.com\/#website\",\"url\":\"https:\/\/qqpets.com\/\",\"name\":\"QQPETS\",\"description\":\"QQPETS is a pet products factory for dog harnesses, dog collars, dog leashes and dog accessories with professional customized service since 2005.\",\"publisher\":{\"@id\":\"https:\/\/qqpets.com\/#organization\"},\"potentialAction\":[{\"@type\":\"SearchAction\",\"target\":{\"@type\":\"EntryPoint\",\"urlTemplate\":\"https:\/\/qqpets.com\/?s={search_term_string}\"},\"query-input\":{\"@type\":\"PropertyValueSpecification\",\"valueRequired\":true,\"valueName\":\"search_term_string\"}}],\"inLanguage\":\"pl-PL\"},{\"@type\":\"Organization\",\"@id\":\"https:\/\/qqpets.com\/#organization\",\"name\":\"QQPETS\",\"url\":\"https:\/\/qqpets.com\/\",\"logo\":{\"@type\":\"ImageObject\",\"inLanguage\":\"pl-PL\",\"@id\":\"https:\/\/qqpets.com\/#\/schema\/logo\/image\/\",\"url\":\"https:\/\/qqpets.com\/wp-content\/uploads\/2023\/09\/cropped-cropped-qqpets-tiktok.jpg\",\"contentUrl\":\"https:\/\/qqpets.com\/wp-content\/uploads\/2023\/09\/cropped-cropped-qqpets-tiktok.jpg\",\"width\":511,\"height\":511,\"caption\":\"QQPETS\"},\"image\":{\"@id\":\"https:\/\/qqpets.com\/#\/schema\/logo\/image\/\"},\"sameAs\":[\"https:\/\/www.facebook.com\/QQpetsdogcollars\",\"https:\/\/www.instagram.com\/qqpetscollar\/\",\"https:\/\/www.pinterest.com\/qqpetsdogcollarsfactory\/\"]}]}<\/script>\n<!-- \/ Yoast SEO plugin. -->","yoast_head_json":{"title":"Uchwyt na worek PVC | QQPETS","description":"Trwa\u0142y i stylowy uchwyt z PVC na worki na odchody dla zwierz\u0105t domowych. Idealny dla nabywc\u00f3w B2B poszukuj\u0105cych niestandardowych logo i wzor\u00f3w. Praktyczna, \u0142atwa do przenoszenia konstrukcja dla w\u0142a\u015bcicieli zwierz\u0105t.","robots":{"index":"index","follow":"follow","max-snippet":"max-snippet:-1","max-image-preview":"max-image-preview:large","max-video-preview":"max-video-preview:-1"},"canonical":"https:\/\/qqpets.com\/pl\/produkt\/pvc-poop-bag-holder\/","og_locale":"pl_PL","og_type":"article","og_title":"PVC Poop Bag Holder | QQPETS","og_description":"Durable and stylish PVC Poop Bag Holder for pet waste bags. Ideal for B2B buyers seeking custom logos and patterns. Practical, easy-to-carry design for pet owners.","og_url":"https:\/\/qqpets.com\/pl\/produkt\/pvc-poop-bag-holder\/","og_site_name":"QQPETS","article_publisher":"https:\/\/www.facebook.com\/QQpetsdogcollars","og_image":[{"width":800,"height":800,"url":"https:\/\/qqpets.com\/wp-content\/uploads\/2024\/11\/1.webp","type":"image\/webp"}],"twitter_card":"summary_large_image","twitter_misc":{"Szacowany czas czytania":"1 minuta"},"schema":{"@context":"https:\/\/schema.org","@graph":[{"@type":"WebPage","@id":"https:\/\/qqpets.com\/product\/pvc-poop-bag-holder\/","url":"https:\/\/qqpets.com\/product\/pvc-poop-bag-holder\/","name":"Uchwyt na worek PVC | QQPETS","isPartOf":{"@id":"https:\/\/qqpets.com\/#website"},"primaryImageOfPage":{"@id":"https:\/\/qqpets.com\/product\/pvc-poop-bag-holder\/#primaryimage"},"image":{"@id":"https:\/\/qqpets.com\/product\/pvc-poop-bag-holder\/#primaryimage"},"thumbnailUrl":"https:\/\/qqpets.com\/wp-content\/uploads\/2024\/11\/1.webp","datePublished":"2024-11-13T08:07:37+00:00","description":"Trwa\u0142y i stylowy uchwyt z PVC na worki na odchody dla zwierz\u0105t domowych. Idealny dla nabywc\u00f3w B2B poszukuj\u0105cych niestandardowych logo i wzor\u00f3w. Praktyczna, \u0142atwa do przenoszenia konstrukcja dla w\u0142a\u015bcicieli zwierz\u0105t.","breadcrumb":{"@id":"https:\/\/qqpets.com\/product\/pvc-poop-bag-holder\/#breadcrumb"},"inLanguage":"pl-PL","potentialAction":[{"@type":"ReadAction","target":["https:\/\/qqpets.com\/product\/pvc-poop-bag-holder\/"]}]},{"@type":"ImageObject","inLanguage":"pl-PL","@id":"https:\/\/qqpets.com\/product\/pvc-poop-bag-holder\/#primaryimage","url":"https:\/\/qqpets.com\/wp-content\/uploads\/2024\/11\/1.webp","contentUrl":"https:\/\/qqpets.com\/wp-content\/uploads\/2024\/11\/1.webp","width":800,"height":800},{"@type":"BreadcrumbList","@id":"https:\/\/qqpets.com\/product\/pvc-poop-bag-holder\/#breadcrumb","itemListElement":[{"@type":"ListItem","position":1,"name":"Home","item":"https:\/\/qqpets.com\/"},{"@type":"ListItem","position":2,"name":"Products","item":"https:\/\/qqpets.com\/pet-products-manufacturer\/"},{"@type":"ListItem","position":3,"name":"PVC Poop Bag Holder"}]},{"@type":"WebSite","@id":"https:\/\/qqpets.com\/#website","url":"https:\/\/qqpets.com\/","name":"QQPETS","description":"QQPETS to fabryka uprz\u0119\u017cy dla ps\u00f3w, obro\u017cy dla ps\u00f3w, smyczy dla ps\u00f3w i akcesori\u00f3w dla ps\u00f3w z profesjonaln\u0105 obs\u0142ug\u0105 dostosowan\u0105 do potrzeb klienta od 2005 roku.","publisher":{"@id":"https:\/\/qqpets.com\/#organization"},"potentialAction":[{"@type":"SearchAction","target":{"@type":"EntryPoint","urlTemplate":"https:\/\/qqpets.com\/?s={search_term_string}"},"query-input":{"@type":"PropertyValueSpecification","valueRequired":true,"valueName":"search_term_string"}}],"inLanguage":"pl-PL"},{"@type":"Organization","@id":"https:\/\/qqpets.com\/#organization","name":"QQPETS","url":"https:\/\/qqpets.com\/","logo":{"@type":"ImageObject","inLanguage":"pl-PL","@id":"https:\/\/qqpets.com\/#\/schema\/logo\/image\/","url":"https:\/\/qqpets.com\/wp-content\/uploads\/2023\/09\/cropped-cropped-qqpets-tiktok.jpg","contentUrl":"https:\/\/qqpets.com\/wp-content\/uploads\/2023\/09\/cropped-cropped-qqpets-tiktok.jpg","width":511,"height":511,"caption":"QQPETS"},"image":{"@id":"https:\/\/qqpets.com\/#\/schema\/logo\/image\/"},"sameAs":["https:\/\/www.facebook.com\/QQpetsdogcollars","https:\/\/www.instagram.com\/qqpetscollar\/","https:\/\/www.pinterest.com\/qqpetsdogcollarsfactory\/"]}]}},"_links":{"self":[{"href":"https:\/\/qqpets.com\/pl\/wp-json\/wp\/v2\/product\/9261","targetHints":{"allow":["GET"]}}],"collection":[{"href":"https:\/\/qqpets.com\/pl\/wp-json\/wp\/v2\/product"}],"about":[{"href":"https:\/\/qqpets.com\/pl\/wp-json\/wp\/v2\/types\/product"}],"wp:featuredmedia":[{"embeddable":true,"href":"https:\/\/qqpets.com\/pl\/wp-json\/wp\/v2\/media\/9262"}],"wp:attachment":[{"href":"https:\/\/qqpets.com\/pl\/wp-json\/wp\/v2\/media?parent=9261"}],"wp:term":[{"taxonomy":"product_brand","embeddable":true,"href":"https:\/\/qqpets.com\/pl\/wp-json\/wp\/v2\/product_brand?post=9261"},{"taxonomy":"product_cat","embeddable":true,"href":"https:\/\/qqpets.com\/pl\/wp-json\/wp\/v2\/product_cat?post=9261"},{"taxonomy":"product_tag","embeddable":true,"href":"https:\/\/qqpets.com\/pl\/wp-json\/wp\/v2\/product_tag?post=9261"}],"curies":[{"name":"wp","href":"https:\/\/api.w.org\/{rel}","templated":true}]}}