{"id":9309,"date":"2024-11-14T13:47:12","date_gmt":"2024-11-14T05:47:12","guid":{"rendered":"https:\/\/qqpets.com\/?post_type=product&#038;p=9309"},"modified":"2024-11-14T13:47:12","modified_gmt":"2024-11-14T05:47:12","slug":"poop-bag","status":"publish","type":"product","link":"https:\/\/qqpets.com\/pl\/produkt\/poop-bag\/","title":{"rendered":"Worek na kup\u0119"},"content":{"rendered":"<p>Te wysokiej jako\u015bci, konfigurowalne worki na odchody stanowi\u0105 zr\u00f3wnowa\u017cone i wzmacniaj\u0105ce mark\u0119 rozwi\u0105zanie w cz\u0119sto pomijanym obszarze usuwania odpad\u00f3w zwierz\u0119cych. Wykonane z trwa\u0142ych, przyjaznych dla \u015brodowiska materia\u0142\u00f3w, torby te daj\u0105 markom zwierz\u0105t domowych mo\u017cliwo\u015b\u0107 zaprezentowania swojego zaanga\u017cowania w ochron\u0119 \u015brodowiska, oferuj\u0105c jednocze\u015bnie praktyczny, codzienny produkt, na kt\u00f3rym polegaj\u0105 w\u0142a\u015bciciele zwierz\u0105t. Wytrzyma\u0142y materia\u0142 jest odporny na rozdarcia i \u0142atwy do oddzielenia, dzi\u0119ki czemu sprz\u0105tanie jest proste i bez ba\u0142aganu.<\/p>\n<p>Dla klient\u00f3w B2B torby te s\u0105 w pe\u0142ni konfigurowalne dzi\u0119ki opcjom logo i wzor\u00f3w, umo\u017cliwiaj\u0105c markom wyr\u00f3\u017cnienie si\u0119 przy ka\u017cdym u\u017cyciu. S\u0105 idealne dla sprzedawc\u00f3w detalicznych artyku\u0142\u00f3w dla zwierz\u0105t, salon\u00f3w piel\u0119gnacji i sklep\u00f3w internetowych, kt\u00f3re chc\u0105 rozszerzy\u0107 swoj\u0105 ekologiczn\u0105 lini\u0119 produkt\u00f3w. Ponadto te konfigurowalne worki na odchody stanowi\u0105 doskona\u0142y wyb\u00f3r na prezenty promocyjne, wzmacniaj\u0105c lojalno\u015b\u0107 wobec marki dzi\u0119ki praktycznemu, wysoce u\u017cytecznemu produktowi. Dzi\u0119ki po\u0142\u0105czeniu jako\u015bci i zr\u00f3wnowa\u017conego rozwoju, te worki na odchody pomagaj\u0105 Twojej marce z\u0142o\u017cy\u0107 odpowiedzialne o\u015bwiadczenie, kt\u00f3re przemawia do \u015bwiadomych ekologicznie w\u0142a\u015bcicieli zwierz\u0105t domowych poszukuj\u0105cych niezawodnych i stylowych opcji usuwania odpad\u00f3w.<\/p>","protected":false},"excerpt":{"rendered":"<p>Nasze konfigurowalne, przyjazne dla \u015brodowiska worki na odchody s\u0105 idealne dla marek, kt\u00f3re chc\u0105 zapewni\u0107 w\u0142a\u015bcicielom zwierz\u0105t domowych niezawodne rozwi\u0105zanie w zakresie odpad\u00f3w. Wykonane z trwa\u0142ych, biodegradowalnych materia\u0142\u00f3w, torby te oferuj\u0105 opcje personalizacji logo lub wzor\u00f3w, umo\u017cliwiaj\u0105c klientom B2B zwi\u0119kszenie widoczno\u015bci marki przy jednoczesnym wspieraniu zr\u00f3wnowa\u017conego rozwoju. Wytrzyma\u0142e i \u0142atwe w u\u017cyciu, torby te s\u0105 zaprojektowane do bezpiecznego przenoszenia odpad\u00f3w, dzi\u0119ki czemu idealnie nadaj\u0105 si\u0119 do sprzeda\u017cy detalicznej lub jako markowy element promocyjny. Dzi\u0119ki temu praktycznemu, a jednocze\u015bnie stylowemu podej\u015bciu do usuwania odpad\u00f3w zwierz\u0119cych, Twoja marka mo\u017ce zaoferowa\u0107 klientom zar\u00f3wno wygod\u0119, jak i odpowiedzialno\u015b\u0107 za \u015brodowisko.<\/p>","protected":false},"featured_media":9310,"template":"","meta":[],"product_brand":[],"product_cat":[58],"product_tag":[],"class_list":{"0":"post-9309","1":"product","2":"type-product","3":"status-publish","4":"has-post-thumbnail","6":"product_cat-accessories","8":"first","9":"instock","10":"shipping-taxable","11":"product-type-simple"},"yoast_head":"<!-- This site is optimized with the Yoast SEO plugin v26.6 - https:\/\/yoast.com\/wordpress\/plugins\/seo\/ -->\n<title>Poop Bag | QQPETS<\/title>\n<meta name=\"description\" content=\"Eco-friendly, customizable poop bags designed for brands. Perfect for B2B clients needing custom logos or patterns. Convenient, durable, and sustainable waste solution.\" \/>\n<meta name=\"robots\" content=\"index, follow, max-snippet:-1, max-image-preview:large, max-video-preview:-1\" \/>\n<link rel=\"canonical\" href=\"https:\/\/qqpets.com\/pl\/produkt\/poop-bag\/\" \/>\n<meta property=\"og:locale\" content=\"pl_PL\" \/>\n<meta property=\"og:type\" content=\"article\" \/>\n<meta property=\"og:title\" content=\"Poop Bag | QQPETS\" \/>\n<meta property=\"og:description\" content=\"Eco-friendly, customizable poop bags designed for brands. Perfect for B2B clients needing custom logos or patterns. Convenient, durable, and sustainable waste solution.\" \/>\n<meta property=\"og:url\" content=\"https:\/\/qqpets.com\/pl\/produkt\/poop-bag\/\" \/>\n<meta property=\"og:site_name\" content=\"QQPETS\" \/>\n<meta property=\"article:publisher\" content=\"https:\/\/www.facebook.com\/QQpetsdogcollars\" \/>\n<meta property=\"og:image\" content=\"https:\/\/qqpets.com\/wp-content\/uploads\/2024\/11\/poop-bag1.webp\" \/>\n\t<meta property=\"og:image:width\" content=\"800\" \/>\n\t<meta property=\"og:image:height\" content=\"800\" \/>\n\t<meta property=\"og:image:type\" content=\"image\/webp\" \/>\n<meta name=\"twitter:card\" content=\"summary_large_image\" \/>\n<meta name=\"twitter:label1\" content=\"Szacowany czas czytania\" \/>\n\t<meta name=\"twitter:data1\" content=\"1 minuta\" \/>\n<script type=\"application\/ld+json\" class=\"yoast-schema-graph\">{\"@context\":\"https:\/\/schema.org\",\"@graph\":[{\"@type\":\"WebPage\",\"@id\":\"https:\/\/qqpets.com\/product\/poop-bag\/\",\"url\":\"https:\/\/qqpets.com\/product\/poop-bag\/\",\"name\":\"Poop Bag | QQPETS\",\"isPartOf\":{\"@id\":\"https:\/\/qqpets.com\/#website\"},\"primaryImageOfPage\":{\"@id\":\"https:\/\/qqpets.com\/product\/poop-bag\/#primaryimage\"},\"image\":{\"@id\":\"https:\/\/qqpets.com\/product\/poop-bag\/#primaryimage\"},\"thumbnailUrl\":\"https:\/\/qqpets.com\/wp-content\/uploads\/2024\/11\/poop-bag1.webp\",\"datePublished\":\"2024-11-14T05:47:12+00:00\",\"description\":\"Eco-friendly, customizable poop bags designed for brands. Perfect for B2B clients needing custom logos or patterns. Convenient, durable, and sustainable waste solution.\",\"breadcrumb\":{\"@id\":\"https:\/\/qqpets.com\/product\/poop-bag\/#breadcrumb\"},\"inLanguage\":\"pl-PL\",\"potentialAction\":[{\"@type\":\"ReadAction\",\"target\":[\"https:\/\/qqpets.com\/product\/poop-bag\/\"]}]},{\"@type\":\"ImageObject\",\"inLanguage\":\"pl-PL\",\"@id\":\"https:\/\/qqpets.com\/product\/poop-bag\/#primaryimage\",\"url\":\"https:\/\/qqpets.com\/wp-content\/uploads\/2024\/11\/poop-bag1.webp\",\"contentUrl\":\"https:\/\/qqpets.com\/wp-content\/uploads\/2024\/11\/poop-bag1.webp\",\"width\":800,\"height\":800},{\"@type\":\"BreadcrumbList\",\"@id\":\"https:\/\/qqpets.com\/product\/poop-bag\/#breadcrumb\",\"itemListElement\":[{\"@type\":\"ListItem\",\"position\":1,\"name\":\"Home\",\"item\":\"https:\/\/qqpets.com\/\"},{\"@type\":\"ListItem\",\"position\":2,\"name\":\"Products\",\"item\":\"https:\/\/qqpets.com\/pet-products-manufacturer\/\"},{\"@type\":\"ListItem\",\"position\":3,\"name\":\"Poop Bag\"}]},{\"@type\":\"WebSite\",\"@id\":\"https:\/\/qqpets.com\/#website\",\"url\":\"https:\/\/qqpets.com\/\",\"name\":\"QQPETS\",\"description\":\"QQPETS is a pet products factory for dog harnesses, dog collars, dog leashes and dog accessories with professional customized service since 2005.\",\"publisher\":{\"@id\":\"https:\/\/qqpets.com\/#organization\"},\"potentialAction\":[{\"@type\":\"SearchAction\",\"target\":{\"@type\":\"EntryPoint\",\"urlTemplate\":\"https:\/\/qqpets.com\/?s={search_term_string}\"},\"query-input\":{\"@type\":\"PropertyValueSpecification\",\"valueRequired\":true,\"valueName\":\"search_term_string\"}}],\"inLanguage\":\"pl-PL\"},{\"@type\":\"Organization\",\"@id\":\"https:\/\/qqpets.com\/#organization\",\"name\":\"QQPETS\",\"url\":\"https:\/\/qqpets.com\/\",\"logo\":{\"@type\":\"ImageObject\",\"inLanguage\":\"pl-PL\",\"@id\":\"https:\/\/qqpets.com\/#\/schema\/logo\/image\/\",\"url\":\"https:\/\/qqpets.com\/wp-content\/uploads\/2023\/09\/cropped-cropped-qqpets-tiktok.jpg\",\"contentUrl\":\"https:\/\/qqpets.com\/wp-content\/uploads\/2023\/09\/cropped-cropped-qqpets-tiktok.jpg\",\"width\":511,\"height\":511,\"caption\":\"QQPETS\"},\"image\":{\"@id\":\"https:\/\/qqpets.com\/#\/schema\/logo\/image\/\"},\"sameAs\":[\"https:\/\/www.facebook.com\/QQpetsdogcollars\",\"https:\/\/www.instagram.com\/qqpetscollar\/\",\"https:\/\/www.pinterest.com\/qqpetsdogcollarsfactory\/\"]}]}<\/script>\n<!-- \/ Yoast SEO plugin. -->","yoast_head_json":{"title":"Worek na kup\u0119 | QQPETS","description":"Ekologiczne, konfigurowalne worki na \u015bmieci zaprojektowane dla marek. Idealne dla klient\u00f3w B2B potrzebuj\u0105cych niestandardowych logo lub wzor\u00f3w. Wygodne, trwa\u0142e i zr\u00f3wnowa\u017cone rozwi\u0105zanie w zakresie odpad\u00f3w.","robots":{"index":"index","follow":"follow","max-snippet":"max-snippet:-1","max-image-preview":"max-image-preview:large","max-video-preview":"max-video-preview:-1"},"canonical":"https:\/\/qqpets.com\/pl\/produkt\/poop-bag\/","og_locale":"pl_PL","og_type":"article","og_title":"Poop Bag | QQPETS","og_description":"Eco-friendly, customizable poop bags designed for brands. Perfect for B2B clients needing custom logos or patterns. Convenient, durable, and sustainable waste solution.","og_url":"https:\/\/qqpets.com\/pl\/produkt\/poop-bag\/","og_site_name":"QQPETS","article_publisher":"https:\/\/www.facebook.com\/QQpetsdogcollars","og_image":[{"width":800,"height":800,"url":"https:\/\/qqpets.com\/wp-content\/uploads\/2024\/11\/poop-bag1.webp","type":"image\/webp"}],"twitter_card":"summary_large_image","twitter_misc":{"Szacowany czas czytania":"1 minuta"},"schema":{"@context":"https:\/\/schema.org","@graph":[{"@type":"WebPage","@id":"https:\/\/qqpets.com\/product\/poop-bag\/","url":"https:\/\/qqpets.com\/product\/poop-bag\/","name":"Worek na kup\u0119 | QQPETS","isPartOf":{"@id":"https:\/\/qqpets.com\/#website"},"primaryImageOfPage":{"@id":"https:\/\/qqpets.com\/product\/poop-bag\/#primaryimage"},"image":{"@id":"https:\/\/qqpets.com\/product\/poop-bag\/#primaryimage"},"thumbnailUrl":"https:\/\/qqpets.com\/wp-content\/uploads\/2024\/11\/poop-bag1.webp","datePublished":"2024-11-14T05:47:12+00:00","description":"Ekologiczne, konfigurowalne worki na \u015bmieci zaprojektowane dla marek. Idealne dla klient\u00f3w B2B potrzebuj\u0105cych niestandardowych logo lub wzor\u00f3w. Wygodne, trwa\u0142e i zr\u00f3wnowa\u017cone rozwi\u0105zanie w zakresie odpad\u00f3w.","breadcrumb":{"@id":"https:\/\/qqpets.com\/product\/poop-bag\/#breadcrumb"},"inLanguage":"pl-PL","potentialAction":[{"@type":"ReadAction","target":["https:\/\/qqpets.com\/product\/poop-bag\/"]}]},{"@type":"ImageObject","inLanguage":"pl-PL","@id":"https:\/\/qqpets.com\/product\/poop-bag\/#primaryimage","url":"https:\/\/qqpets.com\/wp-content\/uploads\/2024\/11\/poop-bag1.webp","contentUrl":"https:\/\/qqpets.com\/wp-content\/uploads\/2024\/11\/poop-bag1.webp","width":800,"height":800},{"@type":"BreadcrumbList","@id":"https:\/\/qqpets.com\/product\/poop-bag\/#breadcrumb","itemListElement":[{"@type":"ListItem","position":1,"name":"Home","item":"https:\/\/qqpets.com\/"},{"@type":"ListItem","position":2,"name":"Products","item":"https:\/\/qqpets.com\/pet-products-manufacturer\/"},{"@type":"ListItem","position":3,"name":"Poop Bag"}]},{"@type":"WebSite","@id":"https:\/\/qqpets.com\/#website","url":"https:\/\/qqpets.com\/","name":"QQPETS","description":"QQPETS to fabryka uprz\u0119\u017cy dla ps\u00f3w, obro\u017cy dla ps\u00f3w, smyczy dla ps\u00f3w i akcesori\u00f3w dla ps\u00f3w z profesjonaln\u0105 obs\u0142ug\u0105 dostosowan\u0105 do potrzeb klienta od 2005 roku.","publisher":{"@id":"https:\/\/qqpets.com\/#organization"},"potentialAction":[{"@type":"SearchAction","target":{"@type":"EntryPoint","urlTemplate":"https:\/\/qqpets.com\/?s={search_term_string}"},"query-input":{"@type":"PropertyValueSpecification","valueRequired":true,"valueName":"search_term_string"}}],"inLanguage":"pl-PL"},{"@type":"Organization","@id":"https:\/\/qqpets.com\/#organization","name":"QQPETS","url":"https:\/\/qqpets.com\/","logo":{"@type":"ImageObject","inLanguage":"pl-PL","@id":"https:\/\/qqpets.com\/#\/schema\/logo\/image\/","url":"https:\/\/qqpets.com\/wp-content\/uploads\/2023\/09\/cropped-cropped-qqpets-tiktok.jpg","contentUrl":"https:\/\/qqpets.com\/wp-content\/uploads\/2023\/09\/cropped-cropped-qqpets-tiktok.jpg","width":511,"height":511,"caption":"QQPETS"},"image":{"@id":"https:\/\/qqpets.com\/#\/schema\/logo\/image\/"},"sameAs":["https:\/\/www.facebook.com\/QQpetsdogcollars","https:\/\/www.instagram.com\/qqpetscollar\/","https:\/\/www.pinterest.com\/qqpetsdogcollarsfactory\/"]}]}},"_links":{"self":[{"href":"https:\/\/qqpets.com\/pl\/wp-json\/wp\/v2\/product\/9309","targetHints":{"allow":["GET"]}}],"collection":[{"href":"https:\/\/qqpets.com\/pl\/wp-json\/wp\/v2\/product"}],"about":[{"href":"https:\/\/qqpets.com\/pl\/wp-json\/wp\/v2\/types\/product"}],"wp:featuredmedia":[{"embeddable":true,"href":"https:\/\/qqpets.com\/pl\/wp-json\/wp\/v2\/media\/9310"}],"wp:attachment":[{"href":"https:\/\/qqpets.com\/pl\/wp-json\/wp\/v2\/media?parent=9309"}],"wp:term":[{"taxonomy":"product_brand","embeddable":true,"href":"https:\/\/qqpets.com\/pl\/wp-json\/wp\/v2\/product_brand?post=9309"},{"taxonomy":"product_cat","embeddable":true,"href":"https:\/\/qqpets.com\/pl\/wp-json\/wp\/v2\/product_cat?post=9309"},{"taxonomy":"product_tag","embeddable":true,"href":"https:\/\/qqpets.com\/pl\/wp-json\/wp\/v2\/product_tag?post=9309"}],"curies":[{"name":"wp","href":"https:\/\/api.w.org\/{rel}","templated":true}]}}