{"id":9316,"date":"2024-11-14T14:14:02","date_gmt":"2024-11-14T06:14:02","guid":{"rendered":"https:\/\/qqpets.com\/?post_type=product&#038;p=9316"},"modified":"2024-11-14T14:14:02","modified_gmt":"2024-11-14T06:14:02","slug":"collar-bandana","status":"publish","type":"product","link":"https:\/\/qqpets.com\/pl\/produkt\/collar-bandana\/","title":{"rendered":"Bandana z ko\u0142nierzem"},"content":{"rendered":"<p>Bandana na obro\u017c\u0119 to idealny spos\u00f3b na dodanie stylowego wygl\u0105du do obro\u017cy ka\u017cdego zwierzaka. Wykonane z wytrzyma\u0142ego, mi\u0119kkiego materia\u0142u akcesorium zosta\u0142o zaprojektowane tak, aby z \u0142atwo\u015bci\u0105 wsuwa\u0142o si\u0119 na ka\u017cd\u0105 standardow\u0105 obro\u017c\u0119 dla zwierz\u0105t, oferuj\u0105c zar\u00f3wno wygod\u0119, jak i mod\u0119. Jej konfigurowalny charakter stanowi doskona\u0142\u0105 okazj\u0119 dla klient\u00f3w B2B do dodania unikalnego akcentu, niezale\u017cnie od tego, czy jest to logo, wz\u00f3r czy projekt zgodny z to\u017csamo\u015bci\u0105 ich marki.<\/p>\n<p>Te bandany na obro\u017ce s\u0105 idealne dla sklep\u00f3w zoologicznych, salon\u00f3w piel\u0119gnacji, a nawet jako cz\u0119\u015b\u0107 markowych gad\u017cet\u00f3w promocyjnych. Dzi\u0119ki \u017cywym kolorom i wysokiej jako\u015bci materia\u0142om mo\u017cna je nosi\u0107 zar\u00f3wno na co dzie\u0144, jak i na specjalne okazje. Ich wszechstronno\u015b\u0107 i mo\u017cliwo\u015b\u0107 personalizacji sprawiaj\u0105, \u017ce s\u0105 one idealnym dodatkiem dla w\u0142a\u015bcicieli zwierz\u0105t, kt\u00f3rzy chc\u0105 podnie\u015b\u0107 styl swoich pupili.<\/p>\n<p>Opr\u00f3cz estetycznego wygl\u0105du, bandany te zosta\u0142y zaprojektowane z my\u015bl\u0105 o komforcie zwierz\u0105t domowych, zapewniaj\u0105c, \u017ce nie b\u0119d\u0105 przeszkadza\u0107 w poruszaniu si\u0119. Idealne po\u0142\u0105czenie stylu, praktyczno\u015bci i potencja\u0142u brandingowego, te bandany na obro\u017ce s\u0105 obowi\u0105zkowym produktem dla ka\u017cdej firmy, kt\u00f3ra chce wykorzysta\u0107 rosn\u0105cy rynek akcesori\u00f3w dla zwierz\u0105t.<\/p>","protected":false},"excerpt":{"rendered":"<p>Nasze konfigurowalne bandany na obro\u017ce to idealne po\u0142\u0105czenie stylu i funkcjonalno\u015bci dla zwierz\u0105t domowych. Wykonane z wysokiej jako\u015bci tkaniny, bandany te mo\u017cna \u0142atwo przymocowa\u0107 do ka\u017cdej obro\u017cy. Oferuj\u0105 mo\u017cliwo\u015bci brandingu dla klient\u00f3w B2B, umo\u017cliwiaj\u0105c dodawanie logo lub wzor\u00f3w w celu stworzenia unikalnego produktu. Niezale\u017cnie od tego, czy s\u0105 u\u017cywane do codziennych spacer\u00f3w, czy na specjalne okazje, te bandany to \u015bwietny spos\u00f3b na podniesienie wygl\u0105du zwierzaka przy jednoczesnym promowaniu marki. Idealne dla sklep\u00f3w zoologicznych, salon\u00f3w piel\u0119gnacji i upomink\u00f3w promocyjnych, te bandany na obro\u017ce s\u0105 doskona\u0142ym wyborem dla ka\u017cdej firmy, kt\u00f3ra chce wyr\u00f3\u017cni\u0107 si\u0119 na rynku akcesori\u00f3w dla zwierz\u0105t.<\/p>","protected":false},"featured_media":9317,"template":"","meta":[],"product_brand":[],"product_cat":[58],"product_tag":[],"class_list":{"0":"post-9316","1":"product","2":"type-product","3":"status-publish","4":"has-post-thumbnail","6":"product_cat-accessories","8":"first","9":"instock","10":"shipping-taxable","11":"product-type-simple"},"yoast_head":"<!-- This site is optimized with the Yoast SEO plugin v26.6 - https:\/\/yoast.com\/wordpress\/plugins\/seo\/ -->\n<title>Collar Bandana | QQPETS<\/title>\n<meta name=\"description\" content=\"Customizable collar bandanas for pets. Ideal for B2B clients looking for branded pet accessories with unique logo or pattern options. Stylish, comfortable, and functional.\" \/>\n<meta name=\"robots\" content=\"index, follow, max-snippet:-1, max-image-preview:large, max-video-preview:-1\" \/>\n<link rel=\"canonical\" href=\"https:\/\/qqpets.com\/pl\/produkt\/collar-bandana\/\" \/>\n<meta property=\"og:locale\" content=\"pl_PL\" \/>\n<meta property=\"og:type\" content=\"article\" \/>\n<meta property=\"og:title\" content=\"Collar Bandana | QQPETS\" \/>\n<meta property=\"og:description\" content=\"Customizable collar bandanas for pets. Ideal for B2B clients looking for branded pet accessories with unique logo or pattern options. Stylish, comfortable, and functional.\" \/>\n<meta property=\"og:url\" content=\"https:\/\/qqpets.com\/pl\/produkt\/collar-bandana\/\" \/>\n<meta property=\"og:site_name\" content=\"QQPETS\" \/>\n<meta property=\"article:publisher\" content=\"https:\/\/www.facebook.com\/QQpetsdogcollars\" \/>\n<meta property=\"og:image\" content=\"https:\/\/qqpets.com\/wp-content\/uploads\/2024\/11\/collar-bandana2-scaled.webp\" \/>\n\t<meta property=\"og:image:width\" content=\"2560\" \/>\n\t<meta property=\"og:image:height\" content=\"2560\" \/>\n\t<meta property=\"og:image:type\" content=\"image\/webp\" \/>\n<meta name=\"twitter:card\" content=\"summary_large_image\" \/>\n<meta name=\"twitter:label1\" content=\"Szacowany czas czytania\" \/>\n\t<meta name=\"twitter:data1\" content=\"1 minuta\" \/>\n<script type=\"application\/ld+json\" class=\"yoast-schema-graph\">{\"@context\":\"https:\/\/schema.org\",\"@graph\":[{\"@type\":\"WebPage\",\"@id\":\"https:\/\/qqpets.com\/product\/collar-bandana\/\",\"url\":\"https:\/\/qqpets.com\/product\/collar-bandana\/\",\"name\":\"Collar Bandana | QQPETS\",\"isPartOf\":{\"@id\":\"https:\/\/qqpets.com\/#website\"},\"primaryImageOfPage\":{\"@id\":\"https:\/\/qqpets.com\/product\/collar-bandana\/#primaryimage\"},\"image\":{\"@id\":\"https:\/\/qqpets.com\/product\/collar-bandana\/#primaryimage\"},\"thumbnailUrl\":\"https:\/\/qqpets.com\/wp-content\/uploads\/2024\/11\/collar-bandana2-scaled.webp\",\"datePublished\":\"2024-11-14T06:14:02+00:00\",\"description\":\"Customizable collar bandanas for pets. Ideal for B2B clients looking for branded pet accessories with unique logo or pattern options. Stylish, comfortable, and functional.\",\"breadcrumb\":{\"@id\":\"https:\/\/qqpets.com\/product\/collar-bandana\/#breadcrumb\"},\"inLanguage\":\"pl-PL\",\"potentialAction\":[{\"@type\":\"ReadAction\",\"target\":[\"https:\/\/qqpets.com\/product\/collar-bandana\/\"]}]},{\"@type\":\"ImageObject\",\"inLanguage\":\"pl-PL\",\"@id\":\"https:\/\/qqpets.com\/product\/collar-bandana\/#primaryimage\",\"url\":\"https:\/\/qqpets.com\/wp-content\/uploads\/2024\/11\/collar-bandana2-scaled.webp\",\"contentUrl\":\"https:\/\/qqpets.com\/wp-content\/uploads\/2024\/11\/collar-bandana2-scaled.webp\",\"width\":2560,\"height\":2560},{\"@type\":\"BreadcrumbList\",\"@id\":\"https:\/\/qqpets.com\/product\/collar-bandana\/#breadcrumb\",\"itemListElement\":[{\"@type\":\"ListItem\",\"position\":1,\"name\":\"Home\",\"item\":\"https:\/\/qqpets.com\/\"},{\"@type\":\"ListItem\",\"position\":2,\"name\":\"Products\",\"item\":\"https:\/\/qqpets.com\/pet-products-manufacturer\/\"},{\"@type\":\"ListItem\",\"position\":3,\"name\":\"Collar Bandana\"}]},{\"@type\":\"WebSite\",\"@id\":\"https:\/\/qqpets.com\/#website\",\"url\":\"https:\/\/qqpets.com\/\",\"name\":\"QQPETS\",\"description\":\"QQPETS is a pet products factory for dog harnesses, dog collars, dog leashes and dog accessories with professional customized service since 2005.\",\"publisher\":{\"@id\":\"https:\/\/qqpets.com\/#organization\"},\"potentialAction\":[{\"@type\":\"SearchAction\",\"target\":{\"@type\":\"EntryPoint\",\"urlTemplate\":\"https:\/\/qqpets.com\/?s={search_term_string}\"},\"query-input\":{\"@type\":\"PropertyValueSpecification\",\"valueRequired\":true,\"valueName\":\"search_term_string\"}}],\"inLanguage\":\"pl-PL\"},{\"@type\":\"Organization\",\"@id\":\"https:\/\/qqpets.com\/#organization\",\"name\":\"QQPETS\",\"url\":\"https:\/\/qqpets.com\/\",\"logo\":{\"@type\":\"ImageObject\",\"inLanguage\":\"pl-PL\",\"@id\":\"https:\/\/qqpets.com\/#\/schema\/logo\/image\/\",\"url\":\"https:\/\/qqpets.com\/wp-content\/uploads\/2023\/09\/cropped-cropped-qqpets-tiktok.jpg\",\"contentUrl\":\"https:\/\/qqpets.com\/wp-content\/uploads\/2023\/09\/cropped-cropped-qqpets-tiktok.jpg\",\"width\":511,\"height\":511,\"caption\":\"QQPETS\"},\"image\":{\"@id\":\"https:\/\/qqpets.com\/#\/schema\/logo\/image\/\"},\"sameAs\":[\"https:\/\/www.facebook.com\/QQpetsdogcollars\",\"https:\/\/www.instagram.com\/qqpetscollar\/\",\"https:\/\/www.pinterest.com\/qqpetsdogcollarsfactory\/\"]}]}<\/script>\n<!-- \/ Yoast SEO plugin. -->","yoast_head_json":{"title":"Obro\u017ca Bandana | QQPETS","description":"Konfigurowalne bandany na obro\u017ce dla zwierz\u0105t. Idealne dla klient\u00f3w B2B poszukuj\u0105cych markowych akcesori\u00f3w dla zwierz\u0105t z unikalnym logo lub wzorem. Stylowe, wygodne i funkcjonalne.","robots":{"index":"index","follow":"follow","max-snippet":"max-snippet:-1","max-image-preview":"max-image-preview:large","max-video-preview":"max-video-preview:-1"},"canonical":"https:\/\/qqpets.com\/pl\/produkt\/collar-bandana\/","og_locale":"pl_PL","og_type":"article","og_title":"Collar Bandana | QQPETS","og_description":"Customizable collar bandanas for pets. Ideal for B2B clients looking for branded pet accessories with unique logo or pattern options. Stylish, comfortable, and functional.","og_url":"https:\/\/qqpets.com\/pl\/produkt\/collar-bandana\/","og_site_name":"QQPETS","article_publisher":"https:\/\/www.facebook.com\/QQpetsdogcollars","og_image":[{"width":2560,"height":2560,"url":"https:\/\/qqpets.com\/wp-content\/uploads\/2024\/11\/collar-bandana2-scaled.webp","type":"image\/webp"}],"twitter_card":"summary_large_image","twitter_misc":{"Szacowany czas czytania":"1 minuta"},"schema":{"@context":"https:\/\/schema.org","@graph":[{"@type":"WebPage","@id":"https:\/\/qqpets.com\/product\/collar-bandana\/","url":"https:\/\/qqpets.com\/product\/collar-bandana\/","name":"Obro\u017ca Bandana | QQPETS","isPartOf":{"@id":"https:\/\/qqpets.com\/#website"},"primaryImageOfPage":{"@id":"https:\/\/qqpets.com\/product\/collar-bandana\/#primaryimage"},"image":{"@id":"https:\/\/qqpets.com\/product\/collar-bandana\/#primaryimage"},"thumbnailUrl":"https:\/\/qqpets.com\/wp-content\/uploads\/2024\/11\/collar-bandana2-scaled.webp","datePublished":"2024-11-14T06:14:02+00:00","description":"Konfigurowalne bandany na obro\u017ce dla zwierz\u0105t. Idealne dla klient\u00f3w B2B poszukuj\u0105cych markowych akcesori\u00f3w dla zwierz\u0105t z unikalnym logo lub wzorem. Stylowe, wygodne i funkcjonalne.","breadcrumb":{"@id":"https:\/\/qqpets.com\/product\/collar-bandana\/#breadcrumb"},"inLanguage":"pl-PL","potentialAction":[{"@type":"ReadAction","target":["https:\/\/qqpets.com\/product\/collar-bandana\/"]}]},{"@type":"ImageObject","inLanguage":"pl-PL","@id":"https:\/\/qqpets.com\/product\/collar-bandana\/#primaryimage","url":"https:\/\/qqpets.com\/wp-content\/uploads\/2024\/11\/collar-bandana2-scaled.webp","contentUrl":"https:\/\/qqpets.com\/wp-content\/uploads\/2024\/11\/collar-bandana2-scaled.webp","width":2560,"height":2560},{"@type":"BreadcrumbList","@id":"https:\/\/qqpets.com\/product\/collar-bandana\/#breadcrumb","itemListElement":[{"@type":"ListItem","position":1,"name":"Home","item":"https:\/\/qqpets.com\/"},{"@type":"ListItem","position":2,"name":"Products","item":"https:\/\/qqpets.com\/pet-products-manufacturer\/"},{"@type":"ListItem","position":3,"name":"Collar Bandana"}]},{"@type":"WebSite","@id":"https:\/\/qqpets.com\/#website","url":"https:\/\/qqpets.com\/","name":"QQPETS","description":"QQPETS to fabryka uprz\u0119\u017cy dla ps\u00f3w, obro\u017cy dla ps\u00f3w, smyczy dla ps\u00f3w i akcesori\u00f3w dla ps\u00f3w z profesjonaln\u0105 obs\u0142ug\u0105 dostosowan\u0105 do potrzeb klienta od 2005 roku.","publisher":{"@id":"https:\/\/qqpets.com\/#organization"},"potentialAction":[{"@type":"SearchAction","target":{"@type":"EntryPoint","urlTemplate":"https:\/\/qqpets.com\/?s={search_term_string}"},"query-input":{"@type":"PropertyValueSpecification","valueRequired":true,"valueName":"search_term_string"}}],"inLanguage":"pl-PL"},{"@type":"Organization","@id":"https:\/\/qqpets.com\/#organization","name":"QQPETS","url":"https:\/\/qqpets.com\/","logo":{"@type":"ImageObject","inLanguage":"pl-PL","@id":"https:\/\/qqpets.com\/#\/schema\/logo\/image\/","url":"https:\/\/qqpets.com\/wp-content\/uploads\/2023\/09\/cropped-cropped-qqpets-tiktok.jpg","contentUrl":"https:\/\/qqpets.com\/wp-content\/uploads\/2023\/09\/cropped-cropped-qqpets-tiktok.jpg","width":511,"height":511,"caption":"QQPETS"},"image":{"@id":"https:\/\/qqpets.com\/#\/schema\/logo\/image\/"},"sameAs":["https:\/\/www.facebook.com\/QQpetsdogcollars","https:\/\/www.instagram.com\/qqpetscollar\/","https:\/\/www.pinterest.com\/qqpetsdogcollarsfactory\/"]}]}},"_links":{"self":[{"href":"https:\/\/qqpets.com\/pl\/wp-json\/wp\/v2\/product\/9316","targetHints":{"allow":["GET"]}}],"collection":[{"href":"https:\/\/qqpets.com\/pl\/wp-json\/wp\/v2\/product"}],"about":[{"href":"https:\/\/qqpets.com\/pl\/wp-json\/wp\/v2\/types\/product"}],"wp:featuredmedia":[{"embeddable":true,"href":"https:\/\/qqpets.com\/pl\/wp-json\/wp\/v2\/media\/9317"}],"wp:attachment":[{"href":"https:\/\/qqpets.com\/pl\/wp-json\/wp\/v2\/media?parent=9316"}],"wp:term":[{"taxonomy":"product_brand","embeddable":true,"href":"https:\/\/qqpets.com\/pl\/wp-json\/wp\/v2\/product_brand?post=9316"},{"taxonomy":"product_cat","embeddable":true,"href":"https:\/\/qqpets.com\/pl\/wp-json\/wp\/v2\/product_cat?post=9316"},{"taxonomy":"product_tag","embeddable":true,"href":"https:\/\/qqpets.com\/pl\/wp-json\/wp\/v2\/product_tag?post=9316"}],"curies":[{"name":"wp","href":"https:\/\/api.w.org\/{rel}","templated":true}]}}