{"id":9325,"date":"2024-11-14T14:25:03","date_gmt":"2024-11-14T06:25:03","guid":{"rendered":"https:\/\/qqpets.com\/?post_type=product&#038;p=9325"},"modified":"2024-11-14T14:25:03","modified_gmt":"2024-11-14T06:25:03","slug":"dog-bandana","status":"publish","type":"product","link":"https:\/\/qqpets.com\/pl\/produkt\/dog-bandana\/","title":{"rendered":"Bandana dla psa"},"content":{"rendered":"<div class=\"flex max-w-full flex-col flex-grow\">\n<div class=\"min-h-8 text-message flex w-full flex-col items-end gap-2 whitespace-normal break-words [.text-message+&amp;]:mt-5\" dir=\"auto\" data-message-author-role=\"assistant\" data-message-id=\"5cf613db-4054-4cf6-ab7d-7b94d3a1313d\" data-message-model-slug=\"gpt-4o\">\n<div class=\"flex w-full flex-col gap-1 empty:hidden first:pt-[3px]\">\n<div class=\"markdown prose w-full break-words dark:prose-invert light\">\n<p>Bandana dla psa to stylowy i praktyczny dodatek, kt\u00f3ry nadaje ka\u017cdemu zwierzakowi \u015bwie\u017cy, zabawny wygl\u0105d. Wykonane z wysokiej jako\u015bci, oddychaj\u0105cego materia\u0142u, bandany te oferuj\u0105 zar\u00f3wno komfort, jak i trwa\u0142o\u015b\u0107, zapewniaj\u0105c zwierz\u0119tom \u015bwietny wygl\u0105d i samopoczucie. Dopasowana do wszystkich rozmiar\u00f3w ps\u00f3w, ka\u017cda bandana \u0142atwo wi\u0105\u017ce si\u0119 wok\u00f3\u0142 szyi i dodaje natychmiastowego uroku ka\u017cdemu strojowi, czy to na spacer po parku, czy na imprez\u0119 przyjazn\u0105 zwierz\u0119tom.<\/p>\n<p>Dla klient\u00f3w B2B nasze bandany dla ps\u00f3w s\u0105 w pe\u0142ni konfigurowalne, oferuj\u0105c idealn\u0105 platform\u0119 do brandingu z logo firmy, charakterystycznymi wzorami lub unikalnymi projektami. Ta funkcja jest idealna dla sklep\u00f3w zoologicznych, salon\u00f3w piel\u0119gnacji i firm poszukuj\u0105cych niestandardowych artyku\u0142\u00f3w promocyjnych, kt\u00f3re rezonuj\u0105 z w\u0142a\u015bcicielami zwierz\u0105t.<\/p>\n<p>Nasze bandany s\u0105 wykonane z dba\u0142o\u015bci\u0105 o szczeg\u00f3\u0142y, zapewniaj\u0105c produkt, kt\u00f3ry jest zar\u00f3wno atrakcyjny wizualnie, jak i wystarczaj\u0105co wytrzyma\u0142y do regularnego u\u017cytku. Dzi\u0119ki swojej szerokiej atrakcyjno\u015bci, niestandardowe bandany dla ps\u00f3w pomagaj\u0105 budowa\u0107 niezapomnian\u0105 obecno\u015b\u0107 marki, zapewniaj\u0105c jednocze\u015bnie klientom stylowe, praktyczne akcesoria dla ich pupili. Stuknij w rosn\u0105cy rynek zwierz\u0105t domowych dzi\u0119ki naszym konfigurowalnym bandanom dla ps\u00f3w, kt\u00f3re r\u00f3wnowa\u017c\u0105 mod\u0119, funkcjonalno\u015b\u0107 i potencja\u0142 marki.<\/p>\n<\/div>\n<\/div>\n<\/div>\n<\/div>\n<div class=\"mb-2 flex gap-3 empty:hidden -ml-2\">\n<div class=\"items-center justify-start rounded-xl p-1 flex\">\n<div class=\"flex items-center\"><button class=\"rounded-lg text-token-text-secondary hover:bg-token-main-surface-secondary\" aria-label=\"Czytaj na g\u0142os\" data-testid=\"voice-play-turn-action-button\"><\/button><button class=\"rounded-lg text-token-text-secondary hover:bg-token-main-surface-secondary\" aria-label=\"Kopia\" data-testid=\"copy-turn-action-button\"><\/button><\/p>\n<div class=\"flex\"><\/div>\n<div class=\"flex items-center pb-0\"><span class=\"overflow-hidden text-clip whitespace-nowrap text-sm\">4o<\/span><\/div>\n<\/div>\n<\/div>\n<\/div>","protected":false},"excerpt":{"rendered":"<p>Nasze konfigurowalne bandany dla ps\u00f3w zosta\u0142y zaprojektowane tak, aby nada\u0107 zwierz\u0119tom styl i osobowo\u015b\u0107, jednocze\u015bnie promuj\u0105c Twoj\u0105 mark\u0119. Wykonane z mi\u0119kkiego, wytrzyma\u0142ego materia\u0142u bandany mog\u0105 zawiera\u0107 niestandardowe logo lub wzory, co czyni je idealnym wyborem dla firm poszukuj\u0105cych unikalnych, markowych akcesori\u00f3w dla zwierz\u0105t. \u0141atwe w noszeniu i odpowiednie dla wszystkich rozmiar\u00f3w ps\u00f3w, bandany te dodaj\u0105 uroku do codziennego noszenia lub na imprezy. Idealne dla sklep\u00f3w zoologicznych, firm zajmuj\u0105cych si\u0119 piel\u0119gnacj\u0105 lub upomink\u00f3w promocyjnych, nasze bandany dla ps\u00f3w \u0142\u0105cz\u0105 w sobie styl i funkcjonalno\u015b\u0107, aby pom\u00f3c Twojej marce wyr\u00f3\u017cni\u0107 si\u0119 na rynku akcesori\u00f3w dla zwierz\u0105t.<\/p>","protected":false},"featured_media":9326,"template":"","meta":[],"product_brand":[],"product_cat":[58],"product_tag":[],"class_list":{"0":"post-9325","1":"product","2":"type-product","3":"status-publish","4":"has-post-thumbnail","6":"product_cat-accessories","8":"first","9":"instock","10":"shipping-taxable","11":"product-type-simple"},"yoast_head":"<!-- This site is optimized with the Yoast SEO plugin v26.6 - https:\/\/yoast.com\/wordpress\/plugins\/seo\/ -->\n<title>Dog Bandana | QQPETS<\/title>\n<meta name=\"description\" content=\"Customizable dog bandanas for branding. Perfect for B2B clients seeking pet accessories with personalized logos or patterns. Stylish, comfortable, and versatile.\" \/>\n<meta name=\"robots\" content=\"index, follow, max-snippet:-1, max-image-preview:large, max-video-preview:-1\" \/>\n<link rel=\"canonical\" href=\"https:\/\/qqpets.com\/pl\/produkt\/dog-bandana\/\" \/>\n<meta property=\"og:locale\" content=\"pl_PL\" \/>\n<meta property=\"og:type\" content=\"article\" \/>\n<meta property=\"og:title\" content=\"Dog Bandana | QQPETS\" \/>\n<meta property=\"og:description\" content=\"Customizable dog bandanas for branding. Perfect for B2B clients seeking pet accessories with personalized logos or patterns. Stylish, comfortable, and versatile.\" \/>\n<meta property=\"og:url\" content=\"https:\/\/qqpets.com\/pl\/produkt\/dog-bandana\/\" \/>\n<meta property=\"og:site_name\" content=\"QQPETS\" \/>\n<meta property=\"article:publisher\" content=\"https:\/\/www.facebook.com\/QQpetsdogcollars\" \/>\n<meta property=\"og:image\" content=\"https:\/\/qqpets.com\/wp-content\/uploads\/2024\/11\/dog-bandana1.webp\" \/>\n\t<meta property=\"og:image:width\" content=\"800\" \/>\n\t<meta property=\"og:image:height\" content=\"800\" \/>\n\t<meta property=\"og:image:type\" content=\"image\/webp\" \/>\n<meta name=\"twitter:card\" content=\"summary_large_image\" \/>\n<meta name=\"twitter:label1\" content=\"Szacowany czas czytania\" \/>\n\t<meta name=\"twitter:data1\" content=\"1 minuta\" \/>\n<script type=\"application\/ld+json\" class=\"yoast-schema-graph\">{\"@context\":\"https:\/\/schema.org\",\"@graph\":[{\"@type\":\"WebPage\",\"@id\":\"https:\/\/qqpets.com\/product\/dog-bandana\/\",\"url\":\"https:\/\/qqpets.com\/product\/dog-bandana\/\",\"name\":\"Dog Bandana | QQPETS\",\"isPartOf\":{\"@id\":\"https:\/\/qqpets.com\/#website\"},\"primaryImageOfPage\":{\"@id\":\"https:\/\/qqpets.com\/product\/dog-bandana\/#primaryimage\"},\"image\":{\"@id\":\"https:\/\/qqpets.com\/product\/dog-bandana\/#primaryimage\"},\"thumbnailUrl\":\"https:\/\/qqpets.com\/wp-content\/uploads\/2024\/11\/dog-bandana1.webp\",\"datePublished\":\"2024-11-14T06:25:03+00:00\",\"description\":\"Customizable dog bandanas for branding. Perfect for B2B clients seeking pet accessories with personalized logos or patterns. Stylish, comfortable, and versatile.\",\"breadcrumb\":{\"@id\":\"https:\/\/qqpets.com\/product\/dog-bandana\/#breadcrumb\"},\"inLanguage\":\"pl-PL\",\"potentialAction\":[{\"@type\":\"ReadAction\",\"target\":[\"https:\/\/qqpets.com\/product\/dog-bandana\/\"]}]},{\"@type\":\"ImageObject\",\"inLanguage\":\"pl-PL\",\"@id\":\"https:\/\/qqpets.com\/product\/dog-bandana\/#primaryimage\",\"url\":\"https:\/\/qqpets.com\/wp-content\/uploads\/2024\/11\/dog-bandana1.webp\",\"contentUrl\":\"https:\/\/qqpets.com\/wp-content\/uploads\/2024\/11\/dog-bandana1.webp\",\"width\":800,\"height\":800},{\"@type\":\"BreadcrumbList\",\"@id\":\"https:\/\/qqpets.com\/product\/dog-bandana\/#breadcrumb\",\"itemListElement\":[{\"@type\":\"ListItem\",\"position\":1,\"name\":\"Home\",\"item\":\"https:\/\/qqpets.com\/\"},{\"@type\":\"ListItem\",\"position\":2,\"name\":\"Products\",\"item\":\"https:\/\/qqpets.com\/pet-products-manufacturer\/\"},{\"@type\":\"ListItem\",\"position\":3,\"name\":\"Dog Bandana\"}]},{\"@type\":\"WebSite\",\"@id\":\"https:\/\/qqpets.com\/#website\",\"url\":\"https:\/\/qqpets.com\/\",\"name\":\"QQPETS\",\"description\":\"QQPETS is a pet products factory for dog harnesses, dog collars, dog leashes and dog accessories with professional customized service since 2005.\",\"publisher\":{\"@id\":\"https:\/\/qqpets.com\/#organization\"},\"potentialAction\":[{\"@type\":\"SearchAction\",\"target\":{\"@type\":\"EntryPoint\",\"urlTemplate\":\"https:\/\/qqpets.com\/?s={search_term_string}\"},\"query-input\":{\"@type\":\"PropertyValueSpecification\",\"valueRequired\":true,\"valueName\":\"search_term_string\"}}],\"inLanguage\":\"pl-PL\"},{\"@type\":\"Organization\",\"@id\":\"https:\/\/qqpets.com\/#organization\",\"name\":\"QQPETS\",\"url\":\"https:\/\/qqpets.com\/\",\"logo\":{\"@type\":\"ImageObject\",\"inLanguage\":\"pl-PL\",\"@id\":\"https:\/\/qqpets.com\/#\/schema\/logo\/image\/\",\"url\":\"https:\/\/qqpets.com\/wp-content\/uploads\/2023\/09\/cropped-cropped-qqpets-tiktok.jpg\",\"contentUrl\":\"https:\/\/qqpets.com\/wp-content\/uploads\/2023\/09\/cropped-cropped-qqpets-tiktok.jpg\",\"width\":511,\"height\":511,\"caption\":\"QQPETS\"},\"image\":{\"@id\":\"https:\/\/qqpets.com\/#\/schema\/logo\/image\/\"},\"sameAs\":[\"https:\/\/www.facebook.com\/QQpetsdogcollars\",\"https:\/\/www.instagram.com\/qqpetscollar\/\",\"https:\/\/www.pinterest.com\/qqpetsdogcollarsfactory\/\"]}]}<\/script>\n<!-- \/ Yoast SEO plugin. -->","yoast_head_json":{"title":"Bandana dla psa | QQPETS","description":"Konfigurowalne bandany dla ps\u00f3w do brandingu. Idealne dla klient\u00f3w B2B poszukuj\u0105cych akcesori\u00f3w dla zwierz\u0105t ze spersonalizowanym logo lub wzorem. Stylowe, wygodne i wszechstronne.","robots":{"index":"index","follow":"follow","max-snippet":"max-snippet:-1","max-image-preview":"max-image-preview:large","max-video-preview":"max-video-preview:-1"},"canonical":"https:\/\/qqpets.com\/pl\/produkt\/dog-bandana\/","og_locale":"pl_PL","og_type":"article","og_title":"Dog Bandana | QQPETS","og_description":"Customizable dog bandanas for branding. Perfect for B2B clients seeking pet accessories with personalized logos or patterns. Stylish, comfortable, and versatile.","og_url":"https:\/\/qqpets.com\/pl\/produkt\/dog-bandana\/","og_site_name":"QQPETS","article_publisher":"https:\/\/www.facebook.com\/QQpetsdogcollars","og_image":[{"width":800,"height":800,"url":"https:\/\/qqpets.com\/wp-content\/uploads\/2024\/11\/dog-bandana1.webp","type":"image\/webp"}],"twitter_card":"summary_large_image","twitter_misc":{"Szacowany czas czytania":"1 minuta"},"schema":{"@context":"https:\/\/schema.org","@graph":[{"@type":"WebPage","@id":"https:\/\/qqpets.com\/product\/dog-bandana\/","url":"https:\/\/qqpets.com\/product\/dog-bandana\/","name":"Bandana dla psa | QQPETS","isPartOf":{"@id":"https:\/\/qqpets.com\/#website"},"primaryImageOfPage":{"@id":"https:\/\/qqpets.com\/product\/dog-bandana\/#primaryimage"},"image":{"@id":"https:\/\/qqpets.com\/product\/dog-bandana\/#primaryimage"},"thumbnailUrl":"https:\/\/qqpets.com\/wp-content\/uploads\/2024\/11\/dog-bandana1.webp","datePublished":"2024-11-14T06:25:03+00:00","description":"Konfigurowalne bandany dla ps\u00f3w do brandingu. Idealne dla klient\u00f3w B2B poszukuj\u0105cych akcesori\u00f3w dla zwierz\u0105t ze spersonalizowanym logo lub wzorem. Stylowe, wygodne i wszechstronne.","breadcrumb":{"@id":"https:\/\/qqpets.com\/product\/dog-bandana\/#breadcrumb"},"inLanguage":"pl-PL","potentialAction":[{"@type":"ReadAction","target":["https:\/\/qqpets.com\/product\/dog-bandana\/"]}]},{"@type":"ImageObject","inLanguage":"pl-PL","@id":"https:\/\/qqpets.com\/product\/dog-bandana\/#primaryimage","url":"https:\/\/qqpets.com\/wp-content\/uploads\/2024\/11\/dog-bandana1.webp","contentUrl":"https:\/\/qqpets.com\/wp-content\/uploads\/2024\/11\/dog-bandana1.webp","width":800,"height":800},{"@type":"BreadcrumbList","@id":"https:\/\/qqpets.com\/product\/dog-bandana\/#breadcrumb","itemListElement":[{"@type":"ListItem","position":1,"name":"Home","item":"https:\/\/qqpets.com\/"},{"@type":"ListItem","position":2,"name":"Products","item":"https:\/\/qqpets.com\/pet-products-manufacturer\/"},{"@type":"ListItem","position":3,"name":"Dog Bandana"}]},{"@type":"WebSite","@id":"https:\/\/qqpets.com\/#website","url":"https:\/\/qqpets.com\/","name":"QQPETS","description":"QQPETS to fabryka uprz\u0119\u017cy dla ps\u00f3w, obro\u017cy dla ps\u00f3w, smyczy dla ps\u00f3w i akcesori\u00f3w dla ps\u00f3w z profesjonaln\u0105 obs\u0142ug\u0105 dostosowan\u0105 do potrzeb klienta od 2005 roku.","publisher":{"@id":"https:\/\/qqpets.com\/#organization"},"potentialAction":[{"@type":"SearchAction","target":{"@type":"EntryPoint","urlTemplate":"https:\/\/qqpets.com\/?s={search_term_string}"},"query-input":{"@type":"PropertyValueSpecification","valueRequired":true,"valueName":"search_term_string"}}],"inLanguage":"pl-PL"},{"@type":"Organization","@id":"https:\/\/qqpets.com\/#organization","name":"QQPETS","url":"https:\/\/qqpets.com\/","logo":{"@type":"ImageObject","inLanguage":"pl-PL","@id":"https:\/\/qqpets.com\/#\/schema\/logo\/image\/","url":"https:\/\/qqpets.com\/wp-content\/uploads\/2023\/09\/cropped-cropped-qqpets-tiktok.jpg","contentUrl":"https:\/\/qqpets.com\/wp-content\/uploads\/2023\/09\/cropped-cropped-qqpets-tiktok.jpg","width":511,"height":511,"caption":"QQPETS"},"image":{"@id":"https:\/\/qqpets.com\/#\/schema\/logo\/image\/"},"sameAs":["https:\/\/www.facebook.com\/QQpetsdogcollars","https:\/\/www.instagram.com\/qqpetscollar\/","https:\/\/www.pinterest.com\/qqpetsdogcollarsfactory\/"]}]}},"_links":{"self":[{"href":"https:\/\/qqpets.com\/pl\/wp-json\/wp\/v2\/product\/9325","targetHints":{"allow":["GET"]}}],"collection":[{"href":"https:\/\/qqpets.com\/pl\/wp-json\/wp\/v2\/product"}],"about":[{"href":"https:\/\/qqpets.com\/pl\/wp-json\/wp\/v2\/types\/product"}],"wp:featuredmedia":[{"embeddable":true,"href":"https:\/\/qqpets.com\/pl\/wp-json\/wp\/v2\/media\/9326"}],"wp:attachment":[{"href":"https:\/\/qqpets.com\/pl\/wp-json\/wp\/v2\/media?parent=9325"}],"wp:term":[{"taxonomy":"product_brand","embeddable":true,"href":"https:\/\/qqpets.com\/pl\/wp-json\/wp\/v2\/product_brand?post=9325"},{"taxonomy":"product_cat","embeddable":true,"href":"https:\/\/qqpets.com\/pl\/wp-json\/wp\/v2\/product_cat?post=9325"},{"taxonomy":"product_tag","embeddable":true,"href":"https:\/\/qqpets.com\/pl\/wp-json\/wp\/v2\/product_tag?post=9325"}],"curies":[{"name":"wp","href":"https:\/\/api.w.org\/{rel}","templated":true}]}}