{"id":9344,"date":"2024-11-14T15:38:31","date_gmt":"2024-11-14T07:38:31","guid":{"rendered":"https:\/\/qqpets.com\/?post_type=product&#038;p=9344"},"modified":"2024-11-14T15:38:31","modified_gmt":"2024-11-14T07:38:31","slug":"3-8cm-double-pin-buckle-collar","status":"publish","type":"product","link":"https:\/\/qqpets.com\/pl\/produkt\/3-8cm-double-pin-buckle-collar\/","title":{"rendered":"Obro\u017ca z podw\u00f3jn\u0105 klamr\u0105 3,8 cm"},"content":{"rendered":"<p>Obro\u017ca Double Pin Buckle 3,8 cm \u0142\u0105czy w sobie trwa\u0142o\u015b\u0107, wygod\u0119 i du\u017c\u0105 przestrze\u0144 na logo, dzi\u0119ki czemu jest doskona\u0142ym wyborem dla marek zwierz\u0105t domowych, sprzedawc\u00f3w detalicznych i kampanii promocyjnych. Dzi\u0119ki szeroko\u015bci 3,8 cm obro\u017ca ta oferuje znaczn\u0105 powierzchni\u0119 na spersonalizowane logo lub wzory, umo\u017cliwiaj\u0105c klientom B2B zwi\u0119kszenie widoczno\u015bci marki i atrakcyjno\u015bci na rynku akcesori\u00f3w dla zwierz\u0105t domowych.<\/p>\n<p>Wykonana z wysokiej jako\u015bci, wytrzyma\u0142ych materia\u0142\u00f3w, ta obro\u017ca wytrzymuje rygory codziennego noszenia, zaspokajaj\u0105c potrzeby aktywnych ps\u00f3w i wymagaj\u0105cych \u015brodowisk. Konstrukcja z podw\u00f3jn\u0105 sprz\u0105czk\u0105 zwi\u0119ksza wytrzyma\u0142o\u015b\u0107 i bezpiecze\u0144stwo, zapewniaj\u0105c spok\u00f3j ducha w\u0142a\u015bcicielom zwierz\u0105t i gwarancj\u0119 d\u0142ugowieczno\u015bci dla Twojej marki. Wi\u0119ksza szeroko\u015b\u0107 obro\u017cy nie tylko zwi\u0119ksza jej trwa\u0142o\u015b\u0107, ale tak\u017ce poprawia efekt wizualny, czyni\u0105c j\u0105 stylowym dodatkiem dla wi\u0119kszych ras.<\/p>\n<p>Idealny dla klient\u00f3w B2B, kt\u00f3rzy potrzebuj\u0105 niezawodnego, konfigurowalnego produktu, ten ko\u0142nierz mo\u017ce by\u0107 dostosowany do unikalnych projekt\u00f3w Twojej marki. Jest wszechstronna do u\u017cytku detalicznego lub korporacyjnego, dostosowuj\u0105c funkcjonalno\u015b\u0107 do potrzeb promocyjnych. Wzboga\u0107 swoj\u0105 ofert\u0119 produkt\u00f3w o obro\u017c\u0119, kt\u00f3ra \u0142\u0105czy w sobie trwa\u0142o\u015b\u0107, niestandardowe opcje brandingu i atrakcyjny, wytrzyma\u0142y styl.<\/p>","protected":false},"excerpt":{"rendered":"<p>Nasza obro\u017ca z podw\u00f3jn\u0105 sprz\u0105czk\u0105 3,8 cm to solidny i stylowy wyb\u00f3r dla marek zwierz\u0105t domowych, kt\u00f3re chc\u0105 dostosowa\u0107 logo lub wzory. Wykonana z wytrzyma\u0142ych materia\u0142\u00f3w i wyposa\u017cona w klamr\u0119 z podw\u00f3jnym bolcem dla dodatkowego bezpiecze\u0144stwa, obro\u017ca ta zosta\u0142a zaprojektowana z my\u015bl\u0105 o trwa\u0142o\u015bci i komforcie. Szeroka szeroko\u015b\u0107 3,8 cm zapewnia znaczn\u0105 powierzchni\u0119 do niestandardowego brandingu, dzi\u0119ki czemu jest idealna pod wzgl\u0119dem widoczno\u015bci i atrakcyjno\u015bci. Idealna dla klient\u00f3w B2B, ta obro\u017ca spe\u0142nia potrzeby aktywnych zwierz\u0105t domowych, jednocze\u015bnie zwi\u0119kszaj\u0105c ekspozycj\u0119 marki na rynku zwierz\u0105t domowych. To niezawodny wyb\u00f3r dla tych, kt\u00f3rzy szukaj\u0105 wytrzyma\u0142ej, konfigurowalnej obro\u017cy.<\/p>","protected":false},"featured_media":9345,"template":"","meta":[],"product_brand":[],"product_cat":[26],"product_tag":[],"class_list":{"0":"post-9344","1":"product","2":"type-product","3":"status-publish","4":"has-post-thumbnail","6":"product_cat-dog-collar","8":"first","9":"instock","10":"shipping-taxable","11":"product-type-simple"},"yoast_head":"<!-- This site is optimized with the Yoast SEO plugin v26.6 - https:\/\/yoast.com\/wordpress\/plugins\/seo\/ -->\n<title>3.8cm Double Pin Buckle Collar | QQPETS<\/title>\n<meta name=\"description\" content=\"Heavy-duty 3.8cm double pin buckle collar, fully customizable with your logo or pattern. Built for durability and style, ideal for B2B branding in pet accessories.\" \/>\n<meta name=\"robots\" content=\"index, follow, max-snippet:-1, max-image-preview:large, max-video-preview:-1\" \/>\n<link rel=\"canonical\" href=\"https:\/\/qqpets.com\/pl\/produkt\/3-8cm-double-pin-buckle-collar\/\" \/>\n<meta property=\"og:locale\" content=\"pl_PL\" \/>\n<meta property=\"og:type\" content=\"article\" \/>\n<meta property=\"og:title\" content=\"3.8cm Double Pin Buckle Collar | QQPETS\" \/>\n<meta property=\"og:description\" content=\"Heavy-duty 3.8cm double pin buckle collar, fully customizable with your logo or pattern. Built for durability and style, ideal for B2B branding in pet accessories.\" \/>\n<meta property=\"og:url\" content=\"https:\/\/qqpets.com\/pl\/produkt\/3-8cm-double-pin-buckle-collar\/\" \/>\n<meta property=\"og:site_name\" content=\"QQPETS\" \/>\n<meta property=\"article:publisher\" content=\"https:\/\/www.facebook.com\/QQpetsdogcollars\" \/>\n<meta property=\"og:image\" content=\"https:\/\/qqpets.com\/wp-content\/uploads\/2024\/11\/3.8cm-Double-Pin-Buckle-Collar1.webp\" \/>\n\t<meta property=\"og:image:width\" content=\"800\" \/>\n\t<meta property=\"og:image:height\" content=\"800\" \/>\n\t<meta property=\"og:image:type\" content=\"image\/webp\" \/>\n<meta name=\"twitter:card\" content=\"summary_large_image\" \/>\n<meta name=\"twitter:label1\" content=\"Szacowany czas czytania\" \/>\n\t<meta name=\"twitter:data1\" content=\"1 minuta\" \/>\n<script type=\"application\/ld+json\" class=\"yoast-schema-graph\">{\"@context\":\"https:\/\/schema.org\",\"@graph\":[{\"@type\":\"WebPage\",\"@id\":\"https:\/\/qqpets.com\/product\/3-8cm-double-pin-buckle-collar\/\",\"url\":\"https:\/\/qqpets.com\/product\/3-8cm-double-pin-buckle-collar\/\",\"name\":\"3.8cm Double Pin Buckle Collar | QQPETS\",\"isPartOf\":{\"@id\":\"https:\/\/qqpets.com\/#website\"},\"primaryImageOfPage\":{\"@id\":\"https:\/\/qqpets.com\/product\/3-8cm-double-pin-buckle-collar\/#primaryimage\"},\"image\":{\"@id\":\"https:\/\/qqpets.com\/product\/3-8cm-double-pin-buckle-collar\/#primaryimage\"},\"thumbnailUrl\":\"https:\/\/qqpets.com\/wp-content\/uploads\/2024\/11\/3.8cm-Double-Pin-Buckle-Collar1.webp\",\"datePublished\":\"2024-11-14T07:38:31+00:00\",\"description\":\"Heavy-duty 3.8cm double pin buckle collar, fully customizable with your logo or pattern. Built for durability and style, ideal for B2B branding in pet accessories.\",\"breadcrumb\":{\"@id\":\"https:\/\/qqpets.com\/product\/3-8cm-double-pin-buckle-collar\/#breadcrumb\"},\"inLanguage\":\"pl-PL\",\"potentialAction\":[{\"@type\":\"ReadAction\",\"target\":[\"https:\/\/qqpets.com\/product\/3-8cm-double-pin-buckle-collar\/\"]}]},{\"@type\":\"ImageObject\",\"inLanguage\":\"pl-PL\",\"@id\":\"https:\/\/qqpets.com\/product\/3-8cm-double-pin-buckle-collar\/#primaryimage\",\"url\":\"https:\/\/qqpets.com\/wp-content\/uploads\/2024\/11\/3.8cm-Double-Pin-Buckle-Collar1.webp\",\"contentUrl\":\"https:\/\/qqpets.com\/wp-content\/uploads\/2024\/11\/3.8cm-Double-Pin-Buckle-Collar1.webp\",\"width\":800,\"height\":800},{\"@type\":\"BreadcrumbList\",\"@id\":\"https:\/\/qqpets.com\/product\/3-8cm-double-pin-buckle-collar\/#breadcrumb\",\"itemListElement\":[{\"@type\":\"ListItem\",\"position\":1,\"name\":\"Home\",\"item\":\"https:\/\/qqpets.com\/\"},{\"@type\":\"ListItem\",\"position\":2,\"name\":\"Products\",\"item\":\"https:\/\/qqpets.com\/pet-products-manufacturer\/\"},{\"@type\":\"ListItem\",\"position\":3,\"name\":\"3.8cm Double Pin Buckle Collar\"}]},{\"@type\":\"WebSite\",\"@id\":\"https:\/\/qqpets.com\/#website\",\"url\":\"https:\/\/qqpets.com\/\",\"name\":\"QQPETS\",\"description\":\"QQPETS is a pet products factory for dog harnesses, dog collars, dog leashes and dog accessories with professional customized service since 2005.\",\"publisher\":{\"@id\":\"https:\/\/qqpets.com\/#organization\"},\"potentialAction\":[{\"@type\":\"SearchAction\",\"target\":{\"@type\":\"EntryPoint\",\"urlTemplate\":\"https:\/\/qqpets.com\/?s={search_term_string}\"},\"query-input\":{\"@type\":\"PropertyValueSpecification\",\"valueRequired\":true,\"valueName\":\"search_term_string\"}}],\"inLanguage\":\"pl-PL\"},{\"@type\":\"Organization\",\"@id\":\"https:\/\/qqpets.com\/#organization\",\"name\":\"QQPETS\",\"url\":\"https:\/\/qqpets.com\/\",\"logo\":{\"@type\":\"ImageObject\",\"inLanguage\":\"pl-PL\",\"@id\":\"https:\/\/qqpets.com\/#\/schema\/logo\/image\/\",\"url\":\"https:\/\/qqpets.com\/wp-content\/uploads\/2023\/09\/cropped-cropped-qqpets-tiktok.jpg\",\"contentUrl\":\"https:\/\/qqpets.com\/wp-content\/uploads\/2023\/09\/cropped-cropped-qqpets-tiktok.jpg\",\"width\":511,\"height\":511,\"caption\":\"QQPETS\"},\"image\":{\"@id\":\"https:\/\/qqpets.com\/#\/schema\/logo\/image\/\"},\"sameAs\":[\"https:\/\/www.facebook.com\/QQpetsdogcollars\",\"https:\/\/www.instagram.com\/qqpetscollar\/\",\"https:\/\/www.pinterest.com\/qqpetsdogcollarsfactory\/\"]}]}<\/script>\n<!-- \/ Yoast SEO plugin. -->","yoast_head_json":{"title":"Obro\u017ca z podw\u00f3jn\u0105 klamr\u0105 3,8 cm | QQPETS","description":"Wytrzyma\u0142a obro\u017ca z podw\u00f3jn\u0105 klamr\u0105 3,8 cm, w pe\u0142ni konfigurowalna z logo lub wzorem. Zbudowana z my\u015bl\u0105 o trwa\u0142o\u015bci i stylu, idealna do brandingu B2B w akcesoriach dla zwierz\u0105t.","robots":{"index":"index","follow":"follow","max-snippet":"max-snippet:-1","max-image-preview":"max-image-preview:large","max-video-preview":"max-video-preview:-1"},"canonical":"https:\/\/qqpets.com\/pl\/produkt\/3-8cm-double-pin-buckle-collar\/","og_locale":"pl_PL","og_type":"article","og_title":"3.8cm Double Pin Buckle Collar | QQPETS","og_description":"Heavy-duty 3.8cm double pin buckle collar, fully customizable with your logo or pattern. Built for durability and style, ideal for B2B branding in pet accessories.","og_url":"https:\/\/qqpets.com\/pl\/produkt\/3-8cm-double-pin-buckle-collar\/","og_site_name":"QQPETS","article_publisher":"https:\/\/www.facebook.com\/QQpetsdogcollars","og_image":[{"width":800,"height":800,"url":"https:\/\/qqpets.com\/wp-content\/uploads\/2024\/11\/3.8cm-Double-Pin-Buckle-Collar1.webp","type":"image\/webp"}],"twitter_card":"summary_large_image","twitter_misc":{"Szacowany czas czytania":"1 minuta"},"schema":{"@context":"https:\/\/schema.org","@graph":[{"@type":"WebPage","@id":"https:\/\/qqpets.com\/product\/3-8cm-double-pin-buckle-collar\/","url":"https:\/\/qqpets.com\/product\/3-8cm-double-pin-buckle-collar\/","name":"Obro\u017ca z podw\u00f3jn\u0105 klamr\u0105 3,8 cm | QQPETS","isPartOf":{"@id":"https:\/\/qqpets.com\/#website"},"primaryImageOfPage":{"@id":"https:\/\/qqpets.com\/product\/3-8cm-double-pin-buckle-collar\/#primaryimage"},"image":{"@id":"https:\/\/qqpets.com\/product\/3-8cm-double-pin-buckle-collar\/#primaryimage"},"thumbnailUrl":"https:\/\/qqpets.com\/wp-content\/uploads\/2024\/11\/3.8cm-Double-Pin-Buckle-Collar1.webp","datePublished":"2024-11-14T07:38:31+00:00","description":"Wytrzyma\u0142a obro\u017ca z podw\u00f3jn\u0105 klamr\u0105 3,8 cm, w pe\u0142ni konfigurowalna z logo lub wzorem. Zbudowana z my\u015bl\u0105 o trwa\u0142o\u015bci i stylu, idealna do brandingu B2B w akcesoriach dla zwierz\u0105t.","breadcrumb":{"@id":"https:\/\/qqpets.com\/product\/3-8cm-double-pin-buckle-collar\/#breadcrumb"},"inLanguage":"pl-PL","potentialAction":[{"@type":"ReadAction","target":["https:\/\/qqpets.com\/product\/3-8cm-double-pin-buckle-collar\/"]}]},{"@type":"ImageObject","inLanguage":"pl-PL","@id":"https:\/\/qqpets.com\/product\/3-8cm-double-pin-buckle-collar\/#primaryimage","url":"https:\/\/qqpets.com\/wp-content\/uploads\/2024\/11\/3.8cm-Double-Pin-Buckle-Collar1.webp","contentUrl":"https:\/\/qqpets.com\/wp-content\/uploads\/2024\/11\/3.8cm-Double-Pin-Buckle-Collar1.webp","width":800,"height":800},{"@type":"BreadcrumbList","@id":"https:\/\/qqpets.com\/product\/3-8cm-double-pin-buckle-collar\/#breadcrumb","itemListElement":[{"@type":"ListItem","position":1,"name":"Home","item":"https:\/\/qqpets.com\/"},{"@type":"ListItem","position":2,"name":"Products","item":"https:\/\/qqpets.com\/pet-products-manufacturer\/"},{"@type":"ListItem","position":3,"name":"3.8cm Double Pin Buckle Collar"}]},{"@type":"WebSite","@id":"https:\/\/qqpets.com\/#website","url":"https:\/\/qqpets.com\/","name":"QQPETS","description":"QQPETS to fabryka uprz\u0119\u017cy dla ps\u00f3w, obro\u017cy dla ps\u00f3w, smyczy dla ps\u00f3w i akcesori\u00f3w dla ps\u00f3w z profesjonaln\u0105 obs\u0142ug\u0105 dostosowan\u0105 do potrzeb klienta od 2005 roku.","publisher":{"@id":"https:\/\/qqpets.com\/#organization"},"potentialAction":[{"@type":"SearchAction","target":{"@type":"EntryPoint","urlTemplate":"https:\/\/qqpets.com\/?s={search_term_string}"},"query-input":{"@type":"PropertyValueSpecification","valueRequired":true,"valueName":"search_term_string"}}],"inLanguage":"pl-PL"},{"@type":"Organization","@id":"https:\/\/qqpets.com\/#organization","name":"QQPETS","url":"https:\/\/qqpets.com\/","logo":{"@type":"ImageObject","inLanguage":"pl-PL","@id":"https:\/\/qqpets.com\/#\/schema\/logo\/image\/","url":"https:\/\/qqpets.com\/wp-content\/uploads\/2023\/09\/cropped-cropped-qqpets-tiktok.jpg","contentUrl":"https:\/\/qqpets.com\/wp-content\/uploads\/2023\/09\/cropped-cropped-qqpets-tiktok.jpg","width":511,"height":511,"caption":"QQPETS"},"image":{"@id":"https:\/\/qqpets.com\/#\/schema\/logo\/image\/"},"sameAs":["https:\/\/www.facebook.com\/QQpetsdogcollars","https:\/\/www.instagram.com\/qqpetscollar\/","https:\/\/www.pinterest.com\/qqpetsdogcollarsfactory\/"]}]}},"_links":{"self":[{"href":"https:\/\/qqpets.com\/pl\/wp-json\/wp\/v2\/product\/9344","targetHints":{"allow":["GET"]}}],"collection":[{"href":"https:\/\/qqpets.com\/pl\/wp-json\/wp\/v2\/product"}],"about":[{"href":"https:\/\/qqpets.com\/pl\/wp-json\/wp\/v2\/types\/product"}],"wp:featuredmedia":[{"embeddable":true,"href":"https:\/\/qqpets.com\/pl\/wp-json\/wp\/v2\/media\/9345"}],"wp:attachment":[{"href":"https:\/\/qqpets.com\/pl\/wp-json\/wp\/v2\/media?parent=9344"}],"wp:term":[{"taxonomy":"product_brand","embeddable":true,"href":"https:\/\/qqpets.com\/pl\/wp-json\/wp\/v2\/product_brand?post=9344"},{"taxonomy":"product_cat","embeddable":true,"href":"https:\/\/qqpets.com\/pl\/wp-json\/wp\/v2\/product_cat?post=9344"},{"taxonomy":"product_tag","embeddable":true,"href":"https:\/\/qqpets.com\/pl\/wp-json\/wp\/v2\/product_tag?post=9344"}],"curies":[{"name":"wp","href":"https:\/\/api.w.org\/{rel}","templated":true}]}}