{"id":9351,"date":"2024-11-14T15:50:14","date_gmt":"2024-11-14T07:50:14","guid":{"rendered":"https:\/\/qqpets.com\/?post_type=product&#038;p=9351"},"modified":"2024-11-14T15:50:14","modified_gmt":"2024-11-14T07:50:14","slug":"martingale-chain-collar","status":"publish","type":"product","link":"https:\/\/qqpets.com\/pl\/produkt\/martingale-chain-collar\/","title":{"rendered":"Obro\u017ca \u0142a\u0144cuchowa Martingale"},"content":{"rendered":"<p>Obro\u017ca \u0142a\u0144cuchowa Martingale to wszechstronna, bezpieczna opcja zaprojektowana dla marek i sprzedawc\u00f3w detalicznych, kt\u00f3rzy chc\u0105 niezawodnej obro\u017cy treningowej z indywidualnym akcentem. Znana ze swojej bezpiecznej i skutecznej konstrukcji, obro\u017ca Martingale lekko si\u0119 napina, gdy pies ci\u0105gnie, zapewniaj\u0105c delikatn\u0105 kontrol\u0119 bez ryzyka zad\u0142awienia, dzi\u0119ki czemu idealnie nadaje si\u0119 do treningu i aktywnych ps\u00f3w.<\/p>\n<p>Wykonana z wysokiej jako\u015bci, wytrzyma\u0142ych materia\u0142\u00f3w obro\u017ca jest odporna na codzienne u\u017cytkowanie, oferuj\u0105c jednocze\u015bnie kontrolowane, wygodne dopasowanie. Element \u0142a\u0144cucha zwi\u0119ksza kontrol\u0119 i bezpiecze\u0144stwo, umo\u017cliwiaj\u0105c responsywny trening bez uszczerbku dla komfortu. W przypadku marek, kt\u00f3re chc\u0105 wywrze\u0107 wra\u017cenie, projekt obro\u017cy mo\u017cna w pe\u0142ni dostosowa\u0107 za pomoc\u0105 logo lub wzor\u00f3w, dzi\u0119ki czemu jest to wyr\u00f3\u017cniaj\u0105ce si\u0119 akcesorium dla klient\u00f3w B2B poszukuj\u0105cych wyra\u017anej obecno\u015bci marki.<\/p>\n<p>Idealna dla r\u00f3\u017cnych ras, ta obro\u017ca \u0142a\u0144cuchowa Martingale jest dostosowana do wymaga\u0144 zar\u00f3wno w\u0142a\u015bcicieli zwierz\u0105t, jak i firm. Jest to funkcjonalny wyb\u00f3r do szkolenia ps\u00f3w, stylowego codziennego u\u017cytku i rozpoznawania marki, daj\u0105c klientom B2B skuteczny, konfigurowalny produkt, aby zwi\u0119kszy\u0107 widoczno\u015b\u0107 na konkurencyjnym rynku akcesori\u00f3w dla zwierz\u0105t.<\/p>","protected":false},"excerpt":{"rendered":"<p>Nasza obro\u017ca \u0142a\u0144cuchowa Martingale \u0142\u0105czy bezpiecze\u0144stwo ze stylem, dzi\u0119ki czemu idealnie nadaje si\u0119 do treningu i codziennego noszenia. Zaprojektowana, aby delikatnie kontrolowa\u0107 psy bez zad\u0142awienia, zapewnia komfort, zapewniaj\u0105c jednocze\u015bnie skuteczn\u0105 obs\u0142ug\u0119. Wykonana z trwa\u0142ych materia\u0142\u00f3w, obro\u017ca ta jest w pe\u0142ni konfigurowalna z logo lub wzorem, zapewniaj\u0105c wyj\u0105tkow\u0105 mo\u017cliwo\u015b\u0107 brandingu dla klient\u00f3w B2B na rynku zwierz\u0105t domowych. Idealna dla marek poszukuj\u0105cych jako\u015bci, funkcjonalno\u015bci i widoczno\u015bci, ta obro\u017ca Martingale pasuje do aktywnych zwierz\u0105t domowych i potrzeb szkoleniowych, jednocze\u015bnie promuj\u0105c ekspozycj\u0119 marki.<\/p>","protected":false},"featured_media":9352,"template":"","meta":[],"product_brand":[],"product_cat":[26],"product_tag":[],"class_list":{"0":"post-9351","1":"product","2":"type-product","3":"status-publish","4":"has-post-thumbnail","6":"product_cat-dog-collar","8":"first","9":"instock","10":"shipping-taxable","11":"product-type-simple"},"yoast_head":"<!-- This site is optimized with the Yoast SEO plugin v26.6 - https:\/\/yoast.com\/wordpress\/plugins\/seo\/ -->\n<title>Martingale Chain Collar | QQPETS<\/title>\n<meta name=\"description\" content=\"Secure and stylish Martingale chain collar, ideal for training. Fully customizable with logos or patterns, perfect for B2B clients seeking branded pet accessories.\" \/>\n<meta name=\"robots\" content=\"index, follow, max-snippet:-1, max-image-preview:large, max-video-preview:-1\" \/>\n<link rel=\"canonical\" href=\"https:\/\/qqpets.com\/pl\/produkt\/martingale-chain-collar\/\" \/>\n<meta property=\"og:locale\" content=\"pl_PL\" \/>\n<meta property=\"og:type\" content=\"article\" \/>\n<meta property=\"og:title\" content=\"Martingale Chain Collar | QQPETS\" \/>\n<meta property=\"og:description\" content=\"Secure and stylish Martingale chain collar, ideal for training. Fully customizable with logos or patterns, perfect for B2B clients seeking branded pet accessories.\" \/>\n<meta property=\"og:url\" content=\"https:\/\/qqpets.com\/pl\/produkt\/martingale-chain-collar\/\" \/>\n<meta property=\"og:site_name\" content=\"QQPETS\" \/>\n<meta property=\"article:publisher\" content=\"https:\/\/www.facebook.com\/QQpetsdogcollars\" \/>\n<meta property=\"og:image\" content=\"https:\/\/qqpets.com\/wp-content\/uploads\/2024\/11\/Martingale-Chain-Collar1.webp\" \/>\n\t<meta property=\"og:image:width\" content=\"800\" \/>\n\t<meta property=\"og:image:height\" content=\"800\" \/>\n\t<meta property=\"og:image:type\" content=\"image\/webp\" \/>\n<meta name=\"twitter:card\" content=\"summary_large_image\" \/>\n<meta name=\"twitter:label1\" content=\"Szacowany czas czytania\" \/>\n\t<meta name=\"twitter:data1\" content=\"1 minuta\" \/>\n<script type=\"application\/ld+json\" class=\"yoast-schema-graph\">{\"@context\":\"https:\/\/schema.org\",\"@graph\":[{\"@type\":\"WebPage\",\"@id\":\"https:\/\/qqpets.com\/product\/martingale-chain-collar\/\",\"url\":\"https:\/\/qqpets.com\/product\/martingale-chain-collar\/\",\"name\":\"Martingale Chain Collar | QQPETS\",\"isPartOf\":{\"@id\":\"https:\/\/qqpets.com\/#website\"},\"primaryImageOfPage\":{\"@id\":\"https:\/\/qqpets.com\/product\/martingale-chain-collar\/#primaryimage\"},\"image\":{\"@id\":\"https:\/\/qqpets.com\/product\/martingale-chain-collar\/#primaryimage\"},\"thumbnailUrl\":\"https:\/\/qqpets.com\/wp-content\/uploads\/2024\/11\/Martingale-Chain-Collar1.webp\",\"datePublished\":\"2024-11-14T07:50:14+00:00\",\"description\":\"Secure and stylish Martingale chain collar, ideal for training. Fully customizable with logos or patterns, perfect for B2B clients seeking branded pet accessories.\",\"breadcrumb\":{\"@id\":\"https:\/\/qqpets.com\/product\/martingale-chain-collar\/#breadcrumb\"},\"inLanguage\":\"pl-PL\",\"potentialAction\":[{\"@type\":\"ReadAction\",\"target\":[\"https:\/\/qqpets.com\/product\/martingale-chain-collar\/\"]}]},{\"@type\":\"ImageObject\",\"inLanguage\":\"pl-PL\",\"@id\":\"https:\/\/qqpets.com\/product\/martingale-chain-collar\/#primaryimage\",\"url\":\"https:\/\/qqpets.com\/wp-content\/uploads\/2024\/11\/Martingale-Chain-Collar1.webp\",\"contentUrl\":\"https:\/\/qqpets.com\/wp-content\/uploads\/2024\/11\/Martingale-Chain-Collar1.webp\",\"width\":800,\"height\":800},{\"@type\":\"BreadcrumbList\",\"@id\":\"https:\/\/qqpets.com\/product\/martingale-chain-collar\/#breadcrumb\",\"itemListElement\":[{\"@type\":\"ListItem\",\"position\":1,\"name\":\"Home\",\"item\":\"https:\/\/qqpets.com\/\"},{\"@type\":\"ListItem\",\"position\":2,\"name\":\"Products\",\"item\":\"https:\/\/qqpets.com\/pet-products-manufacturer\/\"},{\"@type\":\"ListItem\",\"position\":3,\"name\":\"Martingale Chain Collar\"}]},{\"@type\":\"WebSite\",\"@id\":\"https:\/\/qqpets.com\/#website\",\"url\":\"https:\/\/qqpets.com\/\",\"name\":\"QQPETS\",\"description\":\"QQPETS is a pet products factory for dog harnesses, dog collars, dog leashes and dog accessories with professional customized service since 2005.\",\"publisher\":{\"@id\":\"https:\/\/qqpets.com\/#organization\"},\"potentialAction\":[{\"@type\":\"SearchAction\",\"target\":{\"@type\":\"EntryPoint\",\"urlTemplate\":\"https:\/\/qqpets.com\/?s={search_term_string}\"},\"query-input\":{\"@type\":\"PropertyValueSpecification\",\"valueRequired\":true,\"valueName\":\"search_term_string\"}}],\"inLanguage\":\"pl-PL\"},{\"@type\":\"Organization\",\"@id\":\"https:\/\/qqpets.com\/#organization\",\"name\":\"QQPETS\",\"url\":\"https:\/\/qqpets.com\/\",\"logo\":{\"@type\":\"ImageObject\",\"inLanguage\":\"pl-PL\",\"@id\":\"https:\/\/qqpets.com\/#\/schema\/logo\/image\/\",\"url\":\"https:\/\/qqpets.com\/wp-content\/uploads\/2023\/09\/cropped-cropped-qqpets-tiktok.jpg\",\"contentUrl\":\"https:\/\/qqpets.com\/wp-content\/uploads\/2023\/09\/cropped-cropped-qqpets-tiktok.jpg\",\"width\":511,\"height\":511,\"caption\":\"QQPETS\"},\"image\":{\"@id\":\"https:\/\/qqpets.com\/#\/schema\/logo\/image\/\"},\"sameAs\":[\"https:\/\/www.facebook.com\/QQpetsdogcollars\",\"https:\/\/www.instagram.com\/qqpetscollar\/\",\"https:\/\/www.pinterest.com\/qqpetsdogcollarsfactory\/\"]}]}<\/script>\n<!-- \/ Yoast SEO plugin. -->","yoast_head_json":{"title":"Martingale Chain Collar | QQPETS","description":"Secure and stylish Martingale chain collar, ideal for training. Fully customizable with logos or patterns, perfect for B2B clients seeking branded pet accessories.","robots":{"index":"index","follow":"follow","max-snippet":"max-snippet:-1","max-image-preview":"max-image-preview:large","max-video-preview":"max-video-preview:-1"},"canonical":"https:\/\/qqpets.com\/pl\/produkt\/martingale-chain-collar\/","og_locale":"pl_PL","og_type":"article","og_title":"Martingale Chain Collar | QQPETS","og_description":"Secure and stylish Martingale chain collar, ideal for training. Fully customizable with logos or patterns, perfect for B2B clients seeking branded pet accessories.","og_url":"https:\/\/qqpets.com\/pl\/produkt\/martingale-chain-collar\/","og_site_name":"QQPETS","article_publisher":"https:\/\/www.facebook.com\/QQpetsdogcollars","og_image":[{"width":800,"height":800,"url":"https:\/\/qqpets.com\/wp-content\/uploads\/2024\/11\/Martingale-Chain-Collar1.webp","type":"image\/webp"}],"twitter_card":"summary_large_image","twitter_misc":{"Szacowany czas czytania":"1 minuta"},"schema":{"@context":"https:\/\/schema.org","@graph":[{"@type":"WebPage","@id":"https:\/\/qqpets.com\/product\/martingale-chain-collar\/","url":"https:\/\/qqpets.com\/product\/martingale-chain-collar\/","name":"Martingale Chain Collar | QQPETS","isPartOf":{"@id":"https:\/\/qqpets.com\/#website"},"primaryImageOfPage":{"@id":"https:\/\/qqpets.com\/product\/martingale-chain-collar\/#primaryimage"},"image":{"@id":"https:\/\/qqpets.com\/product\/martingale-chain-collar\/#primaryimage"},"thumbnailUrl":"https:\/\/qqpets.com\/wp-content\/uploads\/2024\/11\/Martingale-Chain-Collar1.webp","datePublished":"2024-11-14T07:50:14+00:00","description":"Secure and stylish Martingale chain collar, ideal for training. Fully customizable with logos or patterns, perfect for B2B clients seeking branded pet accessories.","breadcrumb":{"@id":"https:\/\/qqpets.com\/product\/martingale-chain-collar\/#breadcrumb"},"inLanguage":"pl-PL","potentialAction":[{"@type":"ReadAction","target":["https:\/\/qqpets.com\/product\/martingale-chain-collar\/"]}]},{"@type":"ImageObject","inLanguage":"pl-PL","@id":"https:\/\/qqpets.com\/product\/martingale-chain-collar\/#primaryimage","url":"https:\/\/qqpets.com\/wp-content\/uploads\/2024\/11\/Martingale-Chain-Collar1.webp","contentUrl":"https:\/\/qqpets.com\/wp-content\/uploads\/2024\/11\/Martingale-Chain-Collar1.webp","width":800,"height":800},{"@type":"BreadcrumbList","@id":"https:\/\/qqpets.com\/product\/martingale-chain-collar\/#breadcrumb","itemListElement":[{"@type":"ListItem","position":1,"name":"Home","item":"https:\/\/qqpets.com\/"},{"@type":"ListItem","position":2,"name":"Products","item":"https:\/\/qqpets.com\/pet-products-manufacturer\/"},{"@type":"ListItem","position":3,"name":"Martingale Chain Collar"}]},{"@type":"WebSite","@id":"https:\/\/qqpets.com\/#website","url":"https:\/\/qqpets.com\/","name":"QQPETS","description":"QQPETS to fabryka uprz\u0119\u017cy dla ps\u00f3w, obro\u017cy dla ps\u00f3w, smyczy dla ps\u00f3w i akcesori\u00f3w dla ps\u00f3w z profesjonaln\u0105 obs\u0142ug\u0105 dostosowan\u0105 do potrzeb klienta od 2005 roku.","publisher":{"@id":"https:\/\/qqpets.com\/#organization"},"potentialAction":[{"@type":"SearchAction","target":{"@type":"EntryPoint","urlTemplate":"https:\/\/qqpets.com\/?s={search_term_string}"},"query-input":{"@type":"PropertyValueSpecification","valueRequired":true,"valueName":"search_term_string"}}],"inLanguage":"pl-PL"},{"@type":"Organization","@id":"https:\/\/qqpets.com\/#organization","name":"QQPETS","url":"https:\/\/qqpets.com\/","logo":{"@type":"ImageObject","inLanguage":"pl-PL","@id":"https:\/\/qqpets.com\/#\/schema\/logo\/image\/","url":"https:\/\/qqpets.com\/wp-content\/uploads\/2023\/09\/cropped-cropped-qqpets-tiktok.jpg","contentUrl":"https:\/\/qqpets.com\/wp-content\/uploads\/2023\/09\/cropped-cropped-qqpets-tiktok.jpg","width":511,"height":511,"caption":"QQPETS"},"image":{"@id":"https:\/\/qqpets.com\/#\/schema\/logo\/image\/"},"sameAs":["https:\/\/www.facebook.com\/QQpetsdogcollars","https:\/\/www.instagram.com\/qqpetscollar\/","https:\/\/www.pinterest.com\/qqpetsdogcollarsfactory\/"]}]}},"_links":{"self":[{"href":"https:\/\/qqpets.com\/pl\/wp-json\/wp\/v2\/product\/9351","targetHints":{"allow":["GET"]}}],"collection":[{"href":"https:\/\/qqpets.com\/pl\/wp-json\/wp\/v2\/product"}],"about":[{"href":"https:\/\/qqpets.com\/pl\/wp-json\/wp\/v2\/types\/product"}],"wp:featuredmedia":[{"embeddable":true,"href":"https:\/\/qqpets.com\/pl\/wp-json\/wp\/v2\/media\/9352"}],"wp:attachment":[{"href":"https:\/\/qqpets.com\/pl\/wp-json\/wp\/v2\/media?parent=9351"}],"wp:term":[{"taxonomy":"product_brand","embeddable":true,"href":"https:\/\/qqpets.com\/pl\/wp-json\/wp\/v2\/product_brand?post=9351"},{"taxonomy":"product_cat","embeddable":true,"href":"https:\/\/qqpets.com\/pl\/wp-json\/wp\/v2\/product_cat?post=9351"},{"taxonomy":"product_tag","embeddable":true,"href":"https:\/\/qqpets.com\/pl\/wp-json\/wp\/v2\/product_tag?post=9351"}],"curies":[{"name":"wp","href":"https:\/\/api.w.org\/{rel}","templated":true}]}}