{"id":9378,"date":"2024-11-14T16:42:01","date_gmt":"2024-11-14T08:42:01","guid":{"rendered":"https:\/\/qqpets.com\/?post_type=product&#038;p=9378"},"modified":"2024-11-14T16:42:01","modified_gmt":"2024-11-14T08:42:01","slug":"dual-clip-leash","status":"publish","type":"product","link":"https:\/\/qqpets.com\/pl\/produkt\/dual-clip-leash\/","title":{"rendered":"Smycz z podw\u00f3jnym klipsem"},"content":{"rendered":"<p>Smycz Dual Clip Leash zosta\u0142a zaprojektowana tak, aby zapewni\u0107 w\u0142a\u015bcicielom zwierz\u0105t lepsz\u0105 kontrol\u0119 i mo\u017cliwo\u015b\u0107 dostosowania, z dwoma wygodnymi punktami mocowania dla dodatkowej wszechstronno\u015bci. Konstrukcja z podw\u00f3jnym klipsem pozwala na bezpieczne, niestandardowe style chodzenia, dzi\u0119ki czemu jest popularnym wyborem zar\u00f3wno do treningu, jak i codziennych spacer\u00f3w. Dodatkowy klips umo\u017cliwia jednoczesne przypi\u0119cie do obro\u017cy i uprz\u0119\u017cy, rozk\u0142adaj\u0105c nacisk i zwi\u0119kszaj\u0105c kontrol\u0119 nawet nad najbardziej energicznymi zwierz\u0119tami.<\/p>\n<p>Dla klient\u00f3w B2B, smycz Dual Clip Leash zosta\u0142a stworzona z my\u015bl\u0105 o personalizacji. Ta smycz obs\u0142uguje r\u00f3\u017cne opcje brandingu, umo\u017cliwiaj\u0105c p\u0142ynn\u0105 integracj\u0119 logo, unikalnych wzor\u00f3w lub okre\u015blonych schemat\u00f3w kolor\u00f3w. Wykonana z wysokiej jako\u015bci, trwa\u0142ych materia\u0142\u00f3w, smycz jest zbudowana tak, aby wytrzyma\u0107 regularne u\u017cytkowanie i zachowa\u0107 sw\u00f3j wygl\u0105d przez d\u0142ugi czas, zapewniaj\u0105c d\u0142ugowieczno\u015b\u0107 i zadowolenie klienta. Bezpieczne zapi\u0119cia zosta\u0142y zaprojektowane z my\u015bl\u0105 o \u0142atwej obs\u0142udze, a lekka, ale wytrzyma\u0142a konstrukcja smyczy gwarantuje komfort zar\u00f3wno dla zwierz\u0119cia, jak i opiekuna.<\/p>\n<p>Mo\u017cliwo\u015b\u0107 dostosowania tej smyczy i jej potencja\u0142 brandingowy sprawiaj\u0105, \u017ce jest to idealny produkt dla firm chc\u0105cych wyr\u00f3\u017cni\u0107 si\u0119 na rynku akcesori\u00f3w dla zwierz\u0105t. Dzi\u0119ki smyczy Dual Clip Leash firmy mog\u0105 zaoferowa\u0107 w\u0142a\u015bcicielom zwierz\u0105t stylowe, funkcjonalne i wzmacniaj\u0105ce mark\u0119 rozwi\u0105zanie do codziennych spacer\u00f3w i potrzeb szkoleniowych.<\/p>","protected":false},"excerpt":{"rendered":"<p>Smycz Dual Clip Leash zapewnia doskona\u0142\u0105 kontrol\u0119 i elastyczno\u015b\u0107 dzi\u0119ki dw\u00f3m punktom mocowania, idealnym do zarz\u0105dzania aktywnymi zwierz\u0119tami. Ta smycz jest idealna dla klient\u00f3w B2B poszukuj\u0105cych opcji personalizacji, poniewa\u017c zosta\u0142a zaprojektowana tak, aby pomie\u015bci\u0107 niestandardowe logo lub wzory, aby dopasowa\u0107 si\u0119 do ka\u017cdej marki. Zbudowana z my\u015bl\u0105 o trwa\u0142o\u015bci i wygodzie, smycz obs\u0142uguje szereg styl\u00f3w chodzenia, od zwyk\u0142ych spacer\u00f3w po sesje treningowe. Dzi\u0119ki wysokiej jako\u015bci materia\u0142om i przyjaznym dla u\u017cytkownika zapi\u0119ciom, ta smycz spe\u0142nia zar\u00f3wno potrzeby estetyczne, jak i funkcjonalne, co czyni j\u0105 doskona\u0142ym wyborem dla marek zwierz\u0105t domowych, kt\u00f3re chc\u0105 zaoferowa\u0107 wszechstronny, konfigurowalny produkt, kt\u00f3ry rezonuje z w\u0142a\u015bcicielami zwierz\u0105t domowych.<\/p>\n<p>&nbsp;<\/p>","protected":false},"featured_media":9383,"template":"","meta":[],"product_brand":[],"product_cat":[27],"product_tag":[],"class_list":{"0":"post-9378","1":"product","2":"type-product","3":"status-publish","4":"has-post-thumbnail","6":"product_cat-dog-leash","8":"first","9":"instock","10":"shipping-taxable","11":"product-type-simple"},"yoast_head":"<!-- This site is optimized with the Yoast SEO plugin v26.6 - https:\/\/yoast.com\/wordpress\/plugins\/seo\/ -->\n<title>Dual Clip Leash | QQPETS<\/title>\n<meta name=\"description\" content=\"Dual Clip Leash offers versatility and control with dual attachment points. Ideal for custom branding, durable, and designed for easy logo or pattern integration.\" \/>\n<meta name=\"robots\" content=\"index, follow, max-snippet:-1, max-image-preview:large, max-video-preview:-1\" \/>\n<link rel=\"canonical\" href=\"https:\/\/qqpets.com\/pl\/produkt\/dual-clip-leash\/\" \/>\n<meta property=\"og:locale\" content=\"pl_PL\" \/>\n<meta property=\"og:type\" content=\"article\" \/>\n<meta property=\"og:title\" content=\"Dual Clip Leash | QQPETS\" \/>\n<meta property=\"og:description\" content=\"Dual Clip Leash offers versatility and control with dual attachment points. Ideal for custom branding, durable, and designed for easy logo or pattern integration.\" \/>\n<meta property=\"og:url\" content=\"https:\/\/qqpets.com\/pl\/produkt\/dual-clip-leash\/\" \/>\n<meta property=\"og:site_name\" content=\"QQPETS\" \/>\n<meta property=\"article:publisher\" content=\"https:\/\/www.facebook.com\/QQpetsdogcollars\" \/>\n<meta property=\"og:image\" content=\"https:\/\/qqpets.com\/wp-content\/uploads\/2024\/11\/Dual-Clip-Leash5.webp\" \/>\n\t<meta property=\"og:image:width\" content=\"707\" \/>\n\t<meta property=\"og:image:height\" content=\"705\" \/>\n\t<meta property=\"og:image:type\" content=\"image\/webp\" \/>\n<meta name=\"twitter:card\" content=\"summary_large_image\" \/>\n<meta name=\"twitter:label1\" content=\"Szacowany czas czytania\" \/>\n\t<meta name=\"twitter:data1\" content=\"2 minuty\" \/>\n<script type=\"application\/ld+json\" class=\"yoast-schema-graph\">{\"@context\":\"https:\/\/schema.org\",\"@graph\":[{\"@type\":\"WebPage\",\"@id\":\"https:\/\/qqpets.com\/product\/dual-clip-leash\/\",\"url\":\"https:\/\/qqpets.com\/product\/dual-clip-leash\/\",\"name\":\"Dual Clip Leash | QQPETS\",\"isPartOf\":{\"@id\":\"https:\/\/qqpets.com\/#website\"},\"primaryImageOfPage\":{\"@id\":\"https:\/\/qqpets.com\/product\/dual-clip-leash\/#primaryimage\"},\"image\":{\"@id\":\"https:\/\/qqpets.com\/product\/dual-clip-leash\/#primaryimage\"},\"thumbnailUrl\":\"https:\/\/qqpets.com\/wp-content\/uploads\/2024\/11\/Dual-Clip-Leash5.webp\",\"datePublished\":\"2024-11-14T08:42:01+00:00\",\"description\":\"Dual Clip Leash offers versatility and control with dual attachment points. Ideal for custom branding, durable, and designed for easy logo or pattern integration.\",\"breadcrumb\":{\"@id\":\"https:\/\/qqpets.com\/product\/dual-clip-leash\/#breadcrumb\"},\"inLanguage\":\"pl-PL\",\"potentialAction\":[{\"@type\":\"ReadAction\",\"target\":[\"https:\/\/qqpets.com\/product\/dual-clip-leash\/\"]}]},{\"@type\":\"ImageObject\",\"inLanguage\":\"pl-PL\",\"@id\":\"https:\/\/qqpets.com\/product\/dual-clip-leash\/#primaryimage\",\"url\":\"https:\/\/qqpets.com\/wp-content\/uploads\/2024\/11\/Dual-Clip-Leash5.webp\",\"contentUrl\":\"https:\/\/qqpets.com\/wp-content\/uploads\/2024\/11\/Dual-Clip-Leash5.webp\",\"width\":707,\"height\":705},{\"@type\":\"BreadcrumbList\",\"@id\":\"https:\/\/qqpets.com\/product\/dual-clip-leash\/#breadcrumb\",\"itemListElement\":[{\"@type\":\"ListItem\",\"position\":1,\"name\":\"Home\",\"item\":\"https:\/\/qqpets.com\/\"},{\"@type\":\"ListItem\",\"position\":2,\"name\":\"Products\",\"item\":\"https:\/\/qqpets.com\/pet-products-manufacturer\/\"},{\"@type\":\"ListItem\",\"position\":3,\"name\":\"Dual Clip Leash\"}]},{\"@type\":\"WebSite\",\"@id\":\"https:\/\/qqpets.com\/#website\",\"url\":\"https:\/\/qqpets.com\/\",\"name\":\"QQPETS\",\"description\":\"QQPETS is a pet products factory for dog harnesses, dog collars, dog leashes and dog accessories with professional customized service since 2005.\",\"publisher\":{\"@id\":\"https:\/\/qqpets.com\/#organization\"},\"potentialAction\":[{\"@type\":\"SearchAction\",\"target\":{\"@type\":\"EntryPoint\",\"urlTemplate\":\"https:\/\/qqpets.com\/?s={search_term_string}\"},\"query-input\":{\"@type\":\"PropertyValueSpecification\",\"valueRequired\":true,\"valueName\":\"search_term_string\"}}],\"inLanguage\":\"pl-PL\"},{\"@type\":\"Organization\",\"@id\":\"https:\/\/qqpets.com\/#organization\",\"name\":\"QQPETS\",\"url\":\"https:\/\/qqpets.com\/\",\"logo\":{\"@type\":\"ImageObject\",\"inLanguage\":\"pl-PL\",\"@id\":\"https:\/\/qqpets.com\/#\/schema\/logo\/image\/\",\"url\":\"https:\/\/qqpets.com\/wp-content\/uploads\/2023\/09\/cropped-cropped-qqpets-tiktok.jpg\",\"contentUrl\":\"https:\/\/qqpets.com\/wp-content\/uploads\/2023\/09\/cropped-cropped-qqpets-tiktok.jpg\",\"width\":511,\"height\":511,\"caption\":\"QQPETS\"},\"image\":{\"@id\":\"https:\/\/qqpets.com\/#\/schema\/logo\/image\/\"},\"sameAs\":[\"https:\/\/www.facebook.com\/QQpetsdogcollars\",\"https:\/\/www.instagram.com\/qqpetscollar\/\",\"https:\/\/www.pinterest.com\/qqpetsdogcollarsfactory\/\"]}]}<\/script>\n<!-- \/ Yoast SEO plugin. -->","yoast_head_json":{"title":"Smycz z podw\u00f3jnym klipsem | QQPETS","description":"Smycz Dual Clip oferuje wszechstronno\u015b\u0107 i kontrol\u0119 dzi\u0119ki dw\u00f3m punktom mocowania. Idealna do niestandardowego brandingu, trwa\u0142a i zaprojektowana z my\u015bl\u0105 o \u0142atwej integracji logo lub wzoru.","robots":{"index":"index","follow":"follow","max-snippet":"max-snippet:-1","max-image-preview":"max-image-preview:large","max-video-preview":"max-video-preview:-1"},"canonical":"https:\/\/qqpets.com\/pl\/produkt\/dual-clip-leash\/","og_locale":"pl_PL","og_type":"article","og_title":"Dual Clip Leash | QQPETS","og_description":"Dual Clip Leash offers versatility and control with dual attachment points. Ideal for custom branding, durable, and designed for easy logo or pattern integration.","og_url":"https:\/\/qqpets.com\/pl\/produkt\/dual-clip-leash\/","og_site_name":"QQPETS","article_publisher":"https:\/\/www.facebook.com\/QQpetsdogcollars","og_image":[{"width":707,"height":705,"url":"https:\/\/qqpets.com\/wp-content\/uploads\/2024\/11\/Dual-Clip-Leash5.webp","type":"image\/webp"}],"twitter_card":"summary_large_image","twitter_misc":{"Szacowany czas czytania":"2 minuty"},"schema":{"@context":"https:\/\/schema.org","@graph":[{"@type":"WebPage","@id":"https:\/\/qqpets.com\/product\/dual-clip-leash\/","url":"https:\/\/qqpets.com\/product\/dual-clip-leash\/","name":"Smycz z podw\u00f3jnym klipsem | QQPETS","isPartOf":{"@id":"https:\/\/qqpets.com\/#website"},"primaryImageOfPage":{"@id":"https:\/\/qqpets.com\/product\/dual-clip-leash\/#primaryimage"},"image":{"@id":"https:\/\/qqpets.com\/product\/dual-clip-leash\/#primaryimage"},"thumbnailUrl":"https:\/\/qqpets.com\/wp-content\/uploads\/2024\/11\/Dual-Clip-Leash5.webp","datePublished":"2024-11-14T08:42:01+00:00","description":"Smycz Dual Clip oferuje wszechstronno\u015b\u0107 i kontrol\u0119 dzi\u0119ki dw\u00f3m punktom mocowania. Idealna do niestandardowego brandingu, trwa\u0142a i zaprojektowana z my\u015bl\u0105 o \u0142atwej integracji logo lub wzoru.","breadcrumb":{"@id":"https:\/\/qqpets.com\/product\/dual-clip-leash\/#breadcrumb"},"inLanguage":"pl-PL","potentialAction":[{"@type":"ReadAction","target":["https:\/\/qqpets.com\/product\/dual-clip-leash\/"]}]},{"@type":"ImageObject","inLanguage":"pl-PL","@id":"https:\/\/qqpets.com\/product\/dual-clip-leash\/#primaryimage","url":"https:\/\/qqpets.com\/wp-content\/uploads\/2024\/11\/Dual-Clip-Leash5.webp","contentUrl":"https:\/\/qqpets.com\/wp-content\/uploads\/2024\/11\/Dual-Clip-Leash5.webp","width":707,"height":705},{"@type":"BreadcrumbList","@id":"https:\/\/qqpets.com\/product\/dual-clip-leash\/#breadcrumb","itemListElement":[{"@type":"ListItem","position":1,"name":"Home","item":"https:\/\/qqpets.com\/"},{"@type":"ListItem","position":2,"name":"Products","item":"https:\/\/qqpets.com\/pet-products-manufacturer\/"},{"@type":"ListItem","position":3,"name":"Dual Clip Leash"}]},{"@type":"WebSite","@id":"https:\/\/qqpets.com\/#website","url":"https:\/\/qqpets.com\/","name":"QQPETS","description":"QQPETS to fabryka uprz\u0119\u017cy dla ps\u00f3w, obro\u017cy dla ps\u00f3w, smyczy dla ps\u00f3w i akcesori\u00f3w dla ps\u00f3w z profesjonaln\u0105 obs\u0142ug\u0105 dostosowan\u0105 do potrzeb klienta od 2005 roku.","publisher":{"@id":"https:\/\/qqpets.com\/#organization"},"potentialAction":[{"@type":"SearchAction","target":{"@type":"EntryPoint","urlTemplate":"https:\/\/qqpets.com\/?s={search_term_string}"},"query-input":{"@type":"PropertyValueSpecification","valueRequired":true,"valueName":"search_term_string"}}],"inLanguage":"pl-PL"},{"@type":"Organization","@id":"https:\/\/qqpets.com\/#organization","name":"QQPETS","url":"https:\/\/qqpets.com\/","logo":{"@type":"ImageObject","inLanguage":"pl-PL","@id":"https:\/\/qqpets.com\/#\/schema\/logo\/image\/","url":"https:\/\/qqpets.com\/wp-content\/uploads\/2023\/09\/cropped-cropped-qqpets-tiktok.jpg","contentUrl":"https:\/\/qqpets.com\/wp-content\/uploads\/2023\/09\/cropped-cropped-qqpets-tiktok.jpg","width":511,"height":511,"caption":"QQPETS"},"image":{"@id":"https:\/\/qqpets.com\/#\/schema\/logo\/image\/"},"sameAs":["https:\/\/www.facebook.com\/QQpetsdogcollars","https:\/\/www.instagram.com\/qqpetscollar\/","https:\/\/www.pinterest.com\/qqpetsdogcollarsfactory\/"]}]}},"_links":{"self":[{"href":"https:\/\/qqpets.com\/pl\/wp-json\/wp\/v2\/product\/9378","targetHints":{"allow":["GET"]}}],"collection":[{"href":"https:\/\/qqpets.com\/pl\/wp-json\/wp\/v2\/product"}],"about":[{"href":"https:\/\/qqpets.com\/pl\/wp-json\/wp\/v2\/types\/product"}],"wp:featuredmedia":[{"embeddable":true,"href":"https:\/\/qqpets.com\/pl\/wp-json\/wp\/v2\/media\/9383"}],"wp:attachment":[{"href":"https:\/\/qqpets.com\/pl\/wp-json\/wp\/v2\/media?parent=9378"}],"wp:term":[{"taxonomy":"product_brand","embeddable":true,"href":"https:\/\/qqpets.com\/pl\/wp-json\/wp\/v2\/product_brand?post=9378"},{"taxonomy":"product_cat","embeddable":true,"href":"https:\/\/qqpets.com\/pl\/wp-json\/wp\/v2\/product_cat?post=9378"},{"taxonomy":"product_tag","embeddable":true,"href":"https:\/\/qqpets.com\/pl\/wp-json\/wp\/v2\/product_tag?post=9378"}],"curies":[{"name":"wp","href":"https:\/\/api.w.org\/{rel}","templated":true}]}}