{"id":9390,"date":"2024-11-14T16:53:17","date_gmt":"2024-11-14T08:53:17","guid":{"rendered":"https:\/\/qqpets.com\/?post_type=product&#038;p=9390"},"modified":"2024-11-14T16:53:17","modified_gmt":"2024-11-14T08:53:17","slug":"dual-handle-leash","status":"publish","type":"product","link":"https:\/\/qqpets.com\/pl\/produkt\/dual-handle-leash\/","title":{"rendered":"Smycz z podw\u00f3jnym uchwytem"},"content":{"rendered":"<p>Smycz Dual Handle Leash to rozwi\u0105zanie dla w\u0142a\u015bcicieli ps\u00f3w i trener\u00f3w poszukuj\u0105cych dodatkowej kontroli podczas spacer\u00f3w i sesji treningowych. Ta smycz ma dwa wy\u015bcie\u0142ane uchwyty, z kt\u00f3rych ka\u017cdy jest przeznaczony do okre\u015blonych cel\u00f3w. G\u00f3rny uchwyt s\u0142u\u017cy jako standardowy uchwyt podczas codziennych spacer\u00f3w, zapewniaj\u0105c wygodne trzymanie i relaks. Drugi, dolny uchwyt znajduje si\u0119 bli\u017cej obro\u017cy psa, oferuj\u0105c dodatkow\u0105 kontrol\u0119 w miejscach o du\u017cym nat\u0119\u017ceniu ruchu, podczas \u0107wicze\u0144 szkoleniowych lub w sytuacjach, w kt\u00f3rych konieczne jest szybkie skr\u0119powanie.<\/p>\n<p>Wykonana z wysokiej jako\u015bci, wytrzyma\u0142ych materia\u0142\u00f3w, ta smycz jest zbudowana tak, aby wytrzyma\u0107 regularne zu\u017cycie, oferuj\u0105c trwa\u0142o\u015b\u0107 nawet w trudnych warunkach zewn\u0119trznych. Wzmocnione szwy i odporna na warunki atmosferyczne tkanina zapewniaj\u0105 trwa\u0142\u0105 jako\u015b\u0107, dzi\u0119ki czemu idealnie nadaje si\u0119 dla ps\u00f3w o r\u00f3\u017cnych rozmiarach i poziomach aktywno\u015bci. Dodatkowo, wy\u015bci\u00f3\u0142ka na obu uchwytach zmniejsza obci\u0105\u017cenie d\u0142oni, umo\u017cliwiaj\u0105c wygodn\u0105 obs\u0142ug\u0119 przez d\u0142u\u017cszy czas.<\/p>\n<p>Dla naszych klient\u00f3w B2B, smycz Dual Handle Leash jest konfigurowalna, umo\u017cliwiaj\u0105c w\u0142\u0105czenie logo marki, kolor\u00f3w lub wzor\u00f3w. Taka personalizacja dodaje spersonalizowanego charakteru, daj\u0105c firmom mo\u017cliwo\u015b\u0107 wyr\u00f3\u017cnienia si\u0119 i zaoferowania klientom wyr\u00f3\u017cniaj\u0105cego si\u0119 produktu. Idealna dla sklep\u00f3w zoologicznych, o\u015brodk\u00f3w szkoleniowych lub wyspecjalizowanych sprzedawc\u00f3w detalicznych, ta smycz \u0142\u0105czy w sobie praktyczno\u015b\u0107, trwa\u0142o\u015b\u0107 i potencja\u0142 skutecznego wzmocnienia marki w uniwersalnym projekcie.<\/p>","protected":false},"excerpt":{"rendered":"<p>Smycz Dual Handle Leash zosta\u0142a zaprojektowana z my\u015bl\u0105 o lepszej kontroli, z dwoma strategicznie rozmieszczonymi uchwytami dla optymalnego prowadzenia w r\u00f3\u017cnych sytuacjach. Dzi\u0119ki g\u0142\u00f3wnemu uchwytowi do standardowego chodzenia i dolnemu uchwytowi do \u015bcis\u0142ego, kontrolowanego treningu, ta smycz zapewnia wszechstronno\u015b\u0107 i bezpiecze\u0144stwo psom ka\u017cdej wielko\u015bci. Wykonana z trwa\u0142ych, odpornych na warunki atmosferyczne materia\u0142\u00f3w, jest idealna dla aktywnych i skoncentrowanych na treningu marek zwierz\u0105t domowych. Klienci B2B mog\u0105 spersonalizowa\u0107 smycz za pomoc\u0105 unikalnych logo lub wzor\u00f3w, idealnie dopasowuj\u0105c j\u0105 do swoich potrzeb brandingowych. Ta smycz jest doskona\u0142ym dodatkiem dla firm, kt\u00f3re chc\u0105 oferowa\u0107 praktyczne, wysokiej jako\u015bci rozwi\u0105zania dla w\u0142a\u015bcicieli ps\u00f3w poszukuj\u0105cych wi\u0119kszej kontroli.<\/p>","protected":false},"featured_media":9391,"template":"","meta":[],"product_brand":[],"product_cat":[27],"product_tag":[],"class_list":{"0":"post-9390","1":"product","2":"type-product","3":"status-publish","4":"has-post-thumbnail","6":"product_cat-dog-leash","8":"first","9":"instock","10":"shipping-taxable","11":"product-type-simple"},"yoast_head":"<!-- This site is optimized with the Yoast SEO plugin v26.6 - https:\/\/yoast.com\/wordpress\/plugins\/seo\/ -->\n<title>Dual Handle Leash | QQPETS<\/title>\n<meta name=\"description\" content=\"Dual Handle Leash for ultimate control and comfort, designed for training and active dogs. Customizable for logos and patterns, ideal for B2B branding needs.\" \/>\n<meta name=\"robots\" content=\"index, follow, max-snippet:-1, max-image-preview:large, max-video-preview:-1\" \/>\n<link rel=\"canonical\" href=\"https:\/\/qqpets.com\/pl\/produkt\/dual-handle-leash\/\" \/>\n<meta property=\"og:locale\" content=\"pl_PL\" \/>\n<meta property=\"og:type\" content=\"article\" \/>\n<meta property=\"og:title\" content=\"Dual Handle Leash | QQPETS\" \/>\n<meta property=\"og:description\" content=\"Dual Handle Leash for ultimate control and comfort, designed for training and active dogs. Customizable for logos and patterns, ideal for B2B branding needs.\" \/>\n<meta property=\"og:url\" content=\"https:\/\/qqpets.com\/pl\/produkt\/dual-handle-leash\/\" \/>\n<meta property=\"og:site_name\" content=\"QQPETS\" \/>\n<meta property=\"article:publisher\" content=\"https:\/\/www.facebook.com\/QQpetsdogcollars\" \/>\n<meta property=\"og:image\" content=\"https:\/\/qqpets.com\/wp-content\/uploads\/2024\/11\/Dual-Handle-Leash1.webp\" \/>\n\t<meta property=\"og:image:width\" content=\"800\" \/>\n\t<meta property=\"og:image:height\" content=\"800\" \/>\n\t<meta property=\"og:image:type\" content=\"image\/webp\" \/>\n<meta name=\"twitter:card\" content=\"summary_large_image\" \/>\n<meta name=\"twitter:label1\" content=\"Szacowany czas czytania\" \/>\n\t<meta name=\"twitter:data1\" content=\"2 minuty\" \/>\n<script type=\"application\/ld+json\" class=\"yoast-schema-graph\">{\"@context\":\"https:\/\/schema.org\",\"@graph\":[{\"@type\":\"WebPage\",\"@id\":\"https:\/\/qqpets.com\/product\/dual-handle-leash\/\",\"url\":\"https:\/\/qqpets.com\/product\/dual-handle-leash\/\",\"name\":\"Dual Handle Leash | QQPETS\",\"isPartOf\":{\"@id\":\"https:\/\/qqpets.com\/#website\"},\"primaryImageOfPage\":{\"@id\":\"https:\/\/qqpets.com\/product\/dual-handle-leash\/#primaryimage\"},\"image\":{\"@id\":\"https:\/\/qqpets.com\/product\/dual-handle-leash\/#primaryimage\"},\"thumbnailUrl\":\"https:\/\/qqpets.com\/wp-content\/uploads\/2024\/11\/Dual-Handle-Leash1.webp\",\"datePublished\":\"2024-11-14T08:53:17+00:00\",\"description\":\"Dual Handle Leash for ultimate control and comfort, designed for training and active dogs. Customizable for logos and patterns, ideal for B2B branding needs.\",\"breadcrumb\":{\"@id\":\"https:\/\/qqpets.com\/product\/dual-handle-leash\/#breadcrumb\"},\"inLanguage\":\"pl-PL\",\"potentialAction\":[{\"@type\":\"ReadAction\",\"target\":[\"https:\/\/qqpets.com\/product\/dual-handle-leash\/\"]}]},{\"@type\":\"ImageObject\",\"inLanguage\":\"pl-PL\",\"@id\":\"https:\/\/qqpets.com\/product\/dual-handle-leash\/#primaryimage\",\"url\":\"https:\/\/qqpets.com\/wp-content\/uploads\/2024\/11\/Dual-Handle-Leash1.webp\",\"contentUrl\":\"https:\/\/qqpets.com\/wp-content\/uploads\/2024\/11\/Dual-Handle-Leash1.webp\",\"width\":800,\"height\":800},{\"@type\":\"BreadcrumbList\",\"@id\":\"https:\/\/qqpets.com\/product\/dual-handle-leash\/#breadcrumb\",\"itemListElement\":[{\"@type\":\"ListItem\",\"position\":1,\"name\":\"Home\",\"item\":\"https:\/\/qqpets.com\/\"},{\"@type\":\"ListItem\",\"position\":2,\"name\":\"Products\",\"item\":\"https:\/\/qqpets.com\/pet-products-manufacturer\/\"},{\"@type\":\"ListItem\",\"position\":3,\"name\":\"Dual Handle Leash\"}]},{\"@type\":\"WebSite\",\"@id\":\"https:\/\/qqpets.com\/#website\",\"url\":\"https:\/\/qqpets.com\/\",\"name\":\"QQPETS\",\"description\":\"QQPETS is a pet products factory for dog harnesses, dog collars, dog leashes and dog accessories with professional customized service since 2005.\",\"publisher\":{\"@id\":\"https:\/\/qqpets.com\/#organization\"},\"potentialAction\":[{\"@type\":\"SearchAction\",\"target\":{\"@type\":\"EntryPoint\",\"urlTemplate\":\"https:\/\/qqpets.com\/?s={search_term_string}\"},\"query-input\":{\"@type\":\"PropertyValueSpecification\",\"valueRequired\":true,\"valueName\":\"search_term_string\"}}],\"inLanguage\":\"pl-PL\"},{\"@type\":\"Organization\",\"@id\":\"https:\/\/qqpets.com\/#organization\",\"name\":\"QQPETS\",\"url\":\"https:\/\/qqpets.com\/\",\"logo\":{\"@type\":\"ImageObject\",\"inLanguage\":\"pl-PL\",\"@id\":\"https:\/\/qqpets.com\/#\/schema\/logo\/image\/\",\"url\":\"https:\/\/qqpets.com\/wp-content\/uploads\/2023\/09\/cropped-cropped-qqpets-tiktok.jpg\",\"contentUrl\":\"https:\/\/qqpets.com\/wp-content\/uploads\/2023\/09\/cropped-cropped-qqpets-tiktok.jpg\",\"width\":511,\"height\":511,\"caption\":\"QQPETS\"},\"image\":{\"@id\":\"https:\/\/qqpets.com\/#\/schema\/logo\/image\/\"},\"sameAs\":[\"https:\/\/www.facebook.com\/QQpetsdogcollars\",\"https:\/\/www.instagram.com\/qqpetscollar\/\",\"https:\/\/www.pinterest.com\/qqpetsdogcollarsfactory\/\"]}]}<\/script>\n<!-- \/ Yoast SEO plugin. -->","yoast_head_json":{"title":"Smycz z podw\u00f3jnym uchwytem | QQPETS","description":"Smycz z podw\u00f3jnym uchwytem zapewniaj\u0105ca najwy\u017csz\u0105 kontrol\u0119 i wygod\u0119, zaprojektowana z my\u015bl\u0105 o tresurze i aktywnych psach. Mo\u017cliwo\u015b\u0107 personalizacji logo i wzor\u00f3w, idealna dla potrzeb brandingu B2B.","robots":{"index":"index","follow":"follow","max-snippet":"max-snippet:-1","max-image-preview":"max-image-preview:large","max-video-preview":"max-video-preview:-1"},"canonical":"https:\/\/qqpets.com\/pl\/produkt\/dual-handle-leash\/","og_locale":"pl_PL","og_type":"article","og_title":"Dual Handle Leash | QQPETS","og_description":"Dual Handle Leash for ultimate control and comfort, designed for training and active dogs. Customizable for logos and patterns, ideal for B2B branding needs.","og_url":"https:\/\/qqpets.com\/pl\/produkt\/dual-handle-leash\/","og_site_name":"QQPETS","article_publisher":"https:\/\/www.facebook.com\/QQpetsdogcollars","og_image":[{"width":800,"height":800,"url":"https:\/\/qqpets.com\/wp-content\/uploads\/2024\/11\/Dual-Handle-Leash1.webp","type":"image\/webp"}],"twitter_card":"summary_large_image","twitter_misc":{"Szacowany czas czytania":"2 minuty"},"schema":{"@context":"https:\/\/schema.org","@graph":[{"@type":"WebPage","@id":"https:\/\/qqpets.com\/product\/dual-handle-leash\/","url":"https:\/\/qqpets.com\/product\/dual-handle-leash\/","name":"Smycz z podw\u00f3jnym uchwytem | QQPETS","isPartOf":{"@id":"https:\/\/qqpets.com\/#website"},"primaryImageOfPage":{"@id":"https:\/\/qqpets.com\/product\/dual-handle-leash\/#primaryimage"},"image":{"@id":"https:\/\/qqpets.com\/product\/dual-handle-leash\/#primaryimage"},"thumbnailUrl":"https:\/\/qqpets.com\/wp-content\/uploads\/2024\/11\/Dual-Handle-Leash1.webp","datePublished":"2024-11-14T08:53:17+00:00","description":"Smycz z podw\u00f3jnym uchwytem zapewniaj\u0105ca najwy\u017csz\u0105 kontrol\u0119 i wygod\u0119, zaprojektowana z my\u015bl\u0105 o tresurze i aktywnych psach. Mo\u017cliwo\u015b\u0107 personalizacji logo i wzor\u00f3w, idealna dla potrzeb brandingu B2B.","breadcrumb":{"@id":"https:\/\/qqpets.com\/product\/dual-handle-leash\/#breadcrumb"},"inLanguage":"pl-PL","potentialAction":[{"@type":"ReadAction","target":["https:\/\/qqpets.com\/product\/dual-handle-leash\/"]}]},{"@type":"ImageObject","inLanguage":"pl-PL","@id":"https:\/\/qqpets.com\/product\/dual-handle-leash\/#primaryimage","url":"https:\/\/qqpets.com\/wp-content\/uploads\/2024\/11\/Dual-Handle-Leash1.webp","contentUrl":"https:\/\/qqpets.com\/wp-content\/uploads\/2024\/11\/Dual-Handle-Leash1.webp","width":800,"height":800},{"@type":"BreadcrumbList","@id":"https:\/\/qqpets.com\/product\/dual-handle-leash\/#breadcrumb","itemListElement":[{"@type":"ListItem","position":1,"name":"Home","item":"https:\/\/qqpets.com\/"},{"@type":"ListItem","position":2,"name":"Products","item":"https:\/\/qqpets.com\/pet-products-manufacturer\/"},{"@type":"ListItem","position":3,"name":"Dual Handle Leash"}]},{"@type":"WebSite","@id":"https:\/\/qqpets.com\/#website","url":"https:\/\/qqpets.com\/","name":"QQPETS","description":"QQPETS to fabryka uprz\u0119\u017cy dla ps\u00f3w, obro\u017cy dla ps\u00f3w, smyczy dla ps\u00f3w i akcesori\u00f3w dla ps\u00f3w z profesjonaln\u0105 obs\u0142ug\u0105 dostosowan\u0105 do potrzeb klienta od 2005 roku.","publisher":{"@id":"https:\/\/qqpets.com\/#organization"},"potentialAction":[{"@type":"SearchAction","target":{"@type":"EntryPoint","urlTemplate":"https:\/\/qqpets.com\/?s={search_term_string}"},"query-input":{"@type":"PropertyValueSpecification","valueRequired":true,"valueName":"search_term_string"}}],"inLanguage":"pl-PL"},{"@type":"Organization","@id":"https:\/\/qqpets.com\/#organization","name":"QQPETS","url":"https:\/\/qqpets.com\/","logo":{"@type":"ImageObject","inLanguage":"pl-PL","@id":"https:\/\/qqpets.com\/#\/schema\/logo\/image\/","url":"https:\/\/qqpets.com\/wp-content\/uploads\/2023\/09\/cropped-cropped-qqpets-tiktok.jpg","contentUrl":"https:\/\/qqpets.com\/wp-content\/uploads\/2023\/09\/cropped-cropped-qqpets-tiktok.jpg","width":511,"height":511,"caption":"QQPETS"},"image":{"@id":"https:\/\/qqpets.com\/#\/schema\/logo\/image\/"},"sameAs":["https:\/\/www.facebook.com\/QQpetsdogcollars","https:\/\/www.instagram.com\/qqpetscollar\/","https:\/\/www.pinterest.com\/qqpetsdogcollarsfactory\/"]}]}},"_links":{"self":[{"href":"https:\/\/qqpets.com\/pl\/wp-json\/wp\/v2\/product\/9390","targetHints":{"allow":["GET"]}}],"collection":[{"href":"https:\/\/qqpets.com\/pl\/wp-json\/wp\/v2\/product"}],"about":[{"href":"https:\/\/qqpets.com\/pl\/wp-json\/wp\/v2\/types\/product"}],"wp:featuredmedia":[{"embeddable":true,"href":"https:\/\/qqpets.com\/pl\/wp-json\/wp\/v2\/media\/9391"}],"wp:attachment":[{"href":"https:\/\/qqpets.com\/pl\/wp-json\/wp\/v2\/media?parent=9390"}],"wp:term":[{"taxonomy":"product_brand","embeddable":true,"href":"https:\/\/qqpets.com\/pl\/wp-json\/wp\/v2\/product_brand?post=9390"},{"taxonomy":"product_cat","embeddable":true,"href":"https:\/\/qqpets.com\/pl\/wp-json\/wp\/v2\/product_cat?post=9390"},{"taxonomy":"product_tag","embeddable":true,"href":"https:\/\/qqpets.com\/pl\/wp-json\/wp\/v2\/product_tag?post=9390"}],"curies":[{"name":"wp","href":"https:\/\/api.w.org\/{rel}","templated":true}]}}