{"id":9453,"date":"2024-11-25T17:13:19","date_gmt":"2024-11-25T09:13:19","guid":{"rendered":"https:\/\/qqpets.com\/?post_type=product&#038;p=9453"},"modified":"2024-11-25T17:13:19","modified_gmt":"2024-11-25T09:13:19","slug":"luxe-rope-dog-leash","status":"publish","type":"product","link":"https:\/\/qqpets.com\/pl\/produkt\/luxe-rope-dog-leash\/","title":{"rendered":"Smycz dla psa Luxe Rope"},"content":{"rendered":"<p>Smycz Rope Dog Leash to najlepsze akcesorium dla marek zwierz\u0105t domowych poszukuj\u0105cych po\u0142\u0105czenia wytrzyma\u0142o\u015bci, stylu i mo\u017cliwo\u015bci personalizacji. Wykonana z wysokiej jako\u015bci, wytrzyma\u0142ych materia\u0142\u00f3w, smycz ta zosta\u0142a zaprojektowana tak, aby wytrzyma\u0107 rygory codziennego u\u017cytkowania, zar\u00f3wno podczas zwyk\u0142ych spacer\u00f3w, jak i energicznych zaj\u0119\u0107 na \u015bwie\u017cym powietrzu. Konstrukcja linowa zapewnia doskona\u0142\u0105 wytrzyma\u0142o\u015b\u0107, dzi\u0119ki czemu nadaje si\u0119 dla ps\u00f3w ka\u017cdej wielko\u015bci.<\/p>\n<p>Ta smycz ma mi\u0119kki, ergonomiczny uchwyt zapewniaj\u0105cy pewny i wygodny chwyt, nawet podczas d\u0142ugich spacer\u00f3w. Lekka, ale wytrzyma\u0142a konstrukcja zapewnia \u0142atwo\u015b\u0107 u\u017cytkowania dla w\u0142a\u015bcicieli zwierz\u0105t, zachowuj\u0105c jednocze\u015bnie trwa\u0142o\u015b\u0107 potrzebn\u0105 dla aktywnych zwierz\u0105t. Odblaskowe szwy mog\u0105 by\u0107 r\u00f3wnie\u017c wbudowane, zapewniaj\u0105c dodatkowe bezpiecze\u0144stwo podczas nocnych spacer\u00f3w.<\/p>\n<p>Dla klient\u00f3w B2B smycz Rope Dog Leash zapewnia pe\u0142ne opcje personalizacji. Dodaj logo swojej marki, unikalne wzory lub okre\u015blone kolory, aby stworzy\u0107 wyr\u00f3\u017cniaj\u0105cy si\u0119 produkt, kt\u00f3ry b\u0119dzie rezonowa\u0142 z klientami. Ta smycz jest idealna dla sklep\u00f3w zoologicznych, platform e-commerce i korporacyjnych inicjatyw brandingowych, oferuj\u0105c praktyczne, ale stylowe rozwi\u0105zanie, kt\u00f3re zwi\u0119ksza widoczno\u015b\u0107 marki.<\/p>\n<p>Idealna do \u0142\u0105czenia funkcjonalno\u015bci i estetyki, smycz Rope Dog Leash to wszechstronny produkt, kt\u00f3ry wzbogaci ka\u017cd\u0105 kolekcj\u0119 akcesori\u00f3w dla zwierz\u0105t, spe\u0142niaj\u0105c jednocze\u015bnie wymagania wsp\u00f3\u0142czesnych w\u0142a\u015bcicieli zwierz\u0105t.<\/p>","protected":false},"excerpt":{"rendered":"<p>Nasza smycz linowa dla psa zosta\u0142a zaprojektowana z my\u015bl\u0105 o trwa\u0142o\u015bci, stylu i komforcie, dzi\u0119ki czemu jest idealnym wyborem dla aktywnych zwierz\u0105t. Wykonana z wysokiej jako\u015bci, odpornych na zu\u017cycie materia\u0142\u00f3w, smycz ta zapewnia wytrzyma\u0142o\u015b\u0107 i d\u0142ugowieczno\u015b\u0107 podczas codziennych spacer\u00f3w lub przyg\u00f3d na \u015bwie\u017cym powietrzu. Zaprojektowana z my\u015bl\u0105 o klientach B2B, oferuje pe\u0142ne opcje personalizacji, umo\u017cliwiaj\u0105c dodanie logo lub wzor\u00f3w w celu dostosowania do marki. Mi\u0119kka, ergonomiczna r\u0105czka zapewnia wygodny chwyt, a stylowy design dodaje szyku linii produkt\u00f3w. Idealna dla sklep\u00f3w zoologicznych, sprzedawc\u00f3w internetowych lub upomink\u00f3w promocyjnych, ta smycz jest idealnym po\u0142\u0105czeniem funkcjonalno\u015bci i marki.<\/p>","protected":false},"featured_media":9455,"template":"","meta":[],"product_brand":[],"product_cat":[27],"product_tag":[],"class_list":{"0":"post-9453","1":"product","2":"type-product","3":"status-publish","4":"has-post-thumbnail","6":"product_cat-dog-leash","8":"first","9":"instock","10":"shipping-taxable","11":"product-type-simple"},"yoast_head":"<!-- This site is optimized with the Yoast SEO plugin v26.6 - https:\/\/yoast.com\/wordpress\/plugins\/seo\/ -->\n<title>Luxe Rope Dog Leash | QQPETS<\/title>\n<meta name=\"description\" content=\"Durable and customizable rope dog leash for active pets. Perfect for B2B clients seeking branded designs with logos or patterns. Comfortable, stylish, and strong.\" \/>\n<meta name=\"robots\" content=\"index, follow, max-snippet:-1, max-image-preview:large, max-video-preview:-1\" \/>\n<link rel=\"canonical\" href=\"https:\/\/qqpets.com\/pl\/produkt\/luxe-rope-dog-leash\/\" \/>\n<meta property=\"og:locale\" content=\"pl_PL\" \/>\n<meta property=\"og:type\" content=\"article\" \/>\n<meta property=\"og:title\" content=\"Luxe Rope Dog Leash | QQPETS\" \/>\n<meta property=\"og:description\" content=\"Durable and customizable rope dog leash for active pets. Perfect for B2B clients seeking branded designs with logos or patterns. Comfortable, stylish, and strong.\" \/>\n<meta property=\"og:url\" content=\"https:\/\/qqpets.com\/pl\/produkt\/luxe-rope-dog-leash\/\" \/>\n<meta property=\"og:site_name\" content=\"QQPETS\" \/>\n<meta property=\"article:publisher\" content=\"https:\/\/www.facebook.com\/QQpetsdogcollars\" \/>\n<meta property=\"og:image\" content=\"https:\/\/qqpets.com\/wp-content\/uploads\/2024\/11\/rope-dog-leash-Khaki1.webp\" \/>\n\t<meta property=\"og:image:width\" content=\"1000\" \/>\n\t<meta property=\"og:image:height\" content=\"1000\" \/>\n\t<meta property=\"og:image:type\" content=\"image\/webp\" \/>\n<meta name=\"twitter:card\" content=\"summary_large_image\" \/>\n<meta name=\"twitter:label1\" content=\"Szacowany czas czytania\" \/>\n\t<meta name=\"twitter:data1\" content=\"2 minuty\" \/>\n<script type=\"application\/ld+json\" class=\"yoast-schema-graph\">{\"@context\":\"https:\/\/schema.org\",\"@graph\":[{\"@type\":\"WebPage\",\"@id\":\"https:\/\/qqpets.com\/product\/luxe-rope-dog-leash\/\",\"url\":\"https:\/\/qqpets.com\/product\/luxe-rope-dog-leash\/\",\"name\":\"Luxe Rope Dog Leash | QQPETS\",\"isPartOf\":{\"@id\":\"https:\/\/qqpets.com\/#website\"},\"primaryImageOfPage\":{\"@id\":\"https:\/\/qqpets.com\/product\/luxe-rope-dog-leash\/#primaryimage\"},\"image\":{\"@id\":\"https:\/\/qqpets.com\/product\/luxe-rope-dog-leash\/#primaryimage\"},\"thumbnailUrl\":\"https:\/\/qqpets.com\/wp-content\/uploads\/2024\/11\/rope-dog-leash-Khaki1.webp\",\"datePublished\":\"2024-11-25T09:13:19+00:00\",\"description\":\"Durable and customizable rope dog leash for active pets. Perfect for B2B clients seeking branded designs with logos or patterns. Comfortable, stylish, and strong.\",\"breadcrumb\":{\"@id\":\"https:\/\/qqpets.com\/product\/luxe-rope-dog-leash\/#breadcrumb\"},\"inLanguage\":\"pl-PL\",\"potentialAction\":[{\"@type\":\"ReadAction\",\"target\":[\"https:\/\/qqpets.com\/product\/luxe-rope-dog-leash\/\"]}]},{\"@type\":\"ImageObject\",\"inLanguage\":\"pl-PL\",\"@id\":\"https:\/\/qqpets.com\/product\/luxe-rope-dog-leash\/#primaryimage\",\"url\":\"https:\/\/qqpets.com\/wp-content\/uploads\/2024\/11\/rope-dog-leash-Khaki1.webp\",\"contentUrl\":\"https:\/\/qqpets.com\/wp-content\/uploads\/2024\/11\/rope-dog-leash-Khaki1.webp\",\"width\":1000,\"height\":1000},{\"@type\":\"BreadcrumbList\",\"@id\":\"https:\/\/qqpets.com\/product\/luxe-rope-dog-leash\/#breadcrumb\",\"itemListElement\":[{\"@type\":\"ListItem\",\"position\":1,\"name\":\"Home\",\"item\":\"https:\/\/qqpets.com\/\"},{\"@type\":\"ListItem\",\"position\":2,\"name\":\"Products\",\"item\":\"https:\/\/qqpets.com\/pet-products-manufacturer\/\"},{\"@type\":\"ListItem\",\"position\":3,\"name\":\"Luxe Rope Dog Leash\"}]},{\"@type\":\"WebSite\",\"@id\":\"https:\/\/qqpets.com\/#website\",\"url\":\"https:\/\/qqpets.com\/\",\"name\":\"QQPETS\",\"description\":\"QQPETS is a pet products factory for dog harnesses, dog collars, dog leashes and dog accessories with professional customized service since 2005.\",\"publisher\":{\"@id\":\"https:\/\/qqpets.com\/#organization\"},\"potentialAction\":[{\"@type\":\"SearchAction\",\"target\":{\"@type\":\"EntryPoint\",\"urlTemplate\":\"https:\/\/qqpets.com\/?s={search_term_string}\"},\"query-input\":{\"@type\":\"PropertyValueSpecification\",\"valueRequired\":true,\"valueName\":\"search_term_string\"}}],\"inLanguage\":\"pl-PL\"},{\"@type\":\"Organization\",\"@id\":\"https:\/\/qqpets.com\/#organization\",\"name\":\"QQPETS\",\"url\":\"https:\/\/qqpets.com\/\",\"logo\":{\"@type\":\"ImageObject\",\"inLanguage\":\"pl-PL\",\"@id\":\"https:\/\/qqpets.com\/#\/schema\/logo\/image\/\",\"url\":\"https:\/\/qqpets.com\/wp-content\/uploads\/2023\/09\/cropped-cropped-qqpets-tiktok.jpg\",\"contentUrl\":\"https:\/\/qqpets.com\/wp-content\/uploads\/2023\/09\/cropped-cropped-qqpets-tiktok.jpg\",\"width\":511,\"height\":511,\"caption\":\"QQPETS\"},\"image\":{\"@id\":\"https:\/\/qqpets.com\/#\/schema\/logo\/image\/\"},\"sameAs\":[\"https:\/\/www.facebook.com\/QQpetsdogcollars\",\"https:\/\/www.instagram.com\/qqpetscollar\/\",\"https:\/\/www.pinterest.com\/qqpetsdogcollarsfactory\/\"]}]}<\/script>\n<!-- \/ Yoast SEO plugin. -->","yoast_head_json":{"title":"Luxe Rope Dog Leash | QQPETS","description":"Wytrzyma\u0142a i konfigurowalna smycz linowa dla aktywnych zwierz\u0105t. Idealna dla klient\u00f3w B2B poszukuj\u0105cych markowych projekt\u00f3w z logo lub wzorami. Wygodna, stylowa i wytrzyma\u0142a.","robots":{"index":"index","follow":"follow","max-snippet":"max-snippet:-1","max-image-preview":"max-image-preview:large","max-video-preview":"max-video-preview:-1"},"canonical":"https:\/\/qqpets.com\/pl\/produkt\/luxe-rope-dog-leash\/","og_locale":"pl_PL","og_type":"article","og_title":"Luxe Rope Dog Leash | QQPETS","og_description":"Durable and customizable rope dog leash for active pets. Perfect for B2B clients seeking branded designs with logos or patterns. Comfortable, stylish, and strong.","og_url":"https:\/\/qqpets.com\/pl\/produkt\/luxe-rope-dog-leash\/","og_site_name":"QQPETS","article_publisher":"https:\/\/www.facebook.com\/QQpetsdogcollars","og_image":[{"width":1000,"height":1000,"url":"https:\/\/qqpets.com\/wp-content\/uploads\/2024\/11\/rope-dog-leash-Khaki1.webp","type":"image\/webp"}],"twitter_card":"summary_large_image","twitter_misc":{"Szacowany czas czytania":"2 minuty"},"schema":{"@context":"https:\/\/schema.org","@graph":[{"@type":"WebPage","@id":"https:\/\/qqpets.com\/product\/luxe-rope-dog-leash\/","url":"https:\/\/qqpets.com\/product\/luxe-rope-dog-leash\/","name":"Luxe Rope Dog Leash | QQPETS","isPartOf":{"@id":"https:\/\/qqpets.com\/#website"},"primaryImageOfPage":{"@id":"https:\/\/qqpets.com\/product\/luxe-rope-dog-leash\/#primaryimage"},"image":{"@id":"https:\/\/qqpets.com\/product\/luxe-rope-dog-leash\/#primaryimage"},"thumbnailUrl":"https:\/\/qqpets.com\/wp-content\/uploads\/2024\/11\/rope-dog-leash-Khaki1.webp","datePublished":"2024-11-25T09:13:19+00:00","description":"Wytrzyma\u0142a i konfigurowalna smycz linowa dla aktywnych zwierz\u0105t. Idealna dla klient\u00f3w B2B poszukuj\u0105cych markowych projekt\u00f3w z logo lub wzorami. Wygodna, stylowa i wytrzyma\u0142a.","breadcrumb":{"@id":"https:\/\/qqpets.com\/product\/luxe-rope-dog-leash\/#breadcrumb"},"inLanguage":"pl-PL","potentialAction":[{"@type":"ReadAction","target":["https:\/\/qqpets.com\/product\/luxe-rope-dog-leash\/"]}]},{"@type":"ImageObject","inLanguage":"pl-PL","@id":"https:\/\/qqpets.com\/product\/luxe-rope-dog-leash\/#primaryimage","url":"https:\/\/qqpets.com\/wp-content\/uploads\/2024\/11\/rope-dog-leash-Khaki1.webp","contentUrl":"https:\/\/qqpets.com\/wp-content\/uploads\/2024\/11\/rope-dog-leash-Khaki1.webp","width":1000,"height":1000},{"@type":"BreadcrumbList","@id":"https:\/\/qqpets.com\/product\/luxe-rope-dog-leash\/#breadcrumb","itemListElement":[{"@type":"ListItem","position":1,"name":"Home","item":"https:\/\/qqpets.com\/"},{"@type":"ListItem","position":2,"name":"Products","item":"https:\/\/qqpets.com\/pet-products-manufacturer\/"},{"@type":"ListItem","position":3,"name":"Luxe Rope Dog Leash"}]},{"@type":"WebSite","@id":"https:\/\/qqpets.com\/#website","url":"https:\/\/qqpets.com\/","name":"QQPETS","description":"QQPETS to fabryka uprz\u0119\u017cy dla ps\u00f3w, obro\u017cy dla ps\u00f3w, smyczy dla ps\u00f3w i akcesori\u00f3w dla ps\u00f3w z profesjonaln\u0105 obs\u0142ug\u0105 dostosowan\u0105 do potrzeb klienta od 2005 roku.","publisher":{"@id":"https:\/\/qqpets.com\/#organization"},"potentialAction":[{"@type":"SearchAction","target":{"@type":"EntryPoint","urlTemplate":"https:\/\/qqpets.com\/?s={search_term_string}"},"query-input":{"@type":"PropertyValueSpecification","valueRequired":true,"valueName":"search_term_string"}}],"inLanguage":"pl-PL"},{"@type":"Organization","@id":"https:\/\/qqpets.com\/#organization","name":"QQPETS","url":"https:\/\/qqpets.com\/","logo":{"@type":"ImageObject","inLanguage":"pl-PL","@id":"https:\/\/qqpets.com\/#\/schema\/logo\/image\/","url":"https:\/\/qqpets.com\/wp-content\/uploads\/2023\/09\/cropped-cropped-qqpets-tiktok.jpg","contentUrl":"https:\/\/qqpets.com\/wp-content\/uploads\/2023\/09\/cropped-cropped-qqpets-tiktok.jpg","width":511,"height":511,"caption":"QQPETS"},"image":{"@id":"https:\/\/qqpets.com\/#\/schema\/logo\/image\/"},"sameAs":["https:\/\/www.facebook.com\/QQpetsdogcollars","https:\/\/www.instagram.com\/qqpetscollar\/","https:\/\/www.pinterest.com\/qqpetsdogcollarsfactory\/"]}]}},"_links":{"self":[{"href":"https:\/\/qqpets.com\/pl\/wp-json\/wp\/v2\/product\/9453","targetHints":{"allow":["GET"]}}],"collection":[{"href":"https:\/\/qqpets.com\/pl\/wp-json\/wp\/v2\/product"}],"about":[{"href":"https:\/\/qqpets.com\/pl\/wp-json\/wp\/v2\/types\/product"}],"wp:featuredmedia":[{"embeddable":true,"href":"https:\/\/qqpets.com\/pl\/wp-json\/wp\/v2\/media\/9455"}],"wp:attachment":[{"href":"https:\/\/qqpets.com\/pl\/wp-json\/wp\/v2\/media?parent=9453"}],"wp:term":[{"taxonomy":"product_brand","embeddable":true,"href":"https:\/\/qqpets.com\/pl\/wp-json\/wp\/v2\/product_brand?post=9453"},{"taxonomy":"product_cat","embeddable":true,"href":"https:\/\/qqpets.com\/pl\/wp-json\/wp\/v2\/product_cat?post=9453"},{"taxonomy":"product_tag","embeddable":true,"href":"https:\/\/qqpets.com\/pl\/wp-json\/wp\/v2\/product_tag?post=9453"}],"curies":[{"name":"wp","href":"https:\/\/api.w.org\/{rel}","templated":true}]}}