{"id":9695,"date":"2024-12-13T16:44:56","date_gmt":"2024-12-13T08:44:56","guid":{"rendered":"https:\/\/qqpets.com\/?post_type=product&#038;p=9695"},"modified":"2024-12-13T16:44:56","modified_gmt":"2024-12-13T08:44:56","slug":"dog-blanket","status":"publish","type":"product","link":"https:\/\/qqpets.com\/pl\/produkt\/dog-blanket\/","title":{"rendered":"Koc dla psa"},"content":{"rendered":"<p data-immersive-translate-walked=\"bc124103-9cd7-4f5a-8097-278f5efbaabc\" data-immersive-translate-paragraph=\"1\">Koc dla psa zosta\u0142 zaprojektowany, aby zapewni\u0107 ciep\u0142o, komfort i styl dla zwierz\u0105t domowych, oferuj\u0105c jednocze\u015bnie doskona\u0142e mo\u017cliwo\u015bci brandingu dla firm. Wykonany z wysokiej jako\u015bci, mi\u0119kkiej w dotyku tkaniny, ten koc jest delikatny dla sk\u00f3ry zwierz\u0105t i wystarczaj\u0105co wytrzyma\u0142y, aby poradzi\u0107 sobie z codziennym u\u017cytkowaniem. Jest idealny do r\u00f3\u017cnych scenariuszy, w tym wylegiwania si\u0119 w domu, wy\u015bcie\u0142ania legowisk dla zwierz\u0105t lub zapewnienia dodatkowego komfortu podczas jazdy samochodem lub czasu sp\u0119dzanego w skrzyni.<\/p>\n<p data-immersive-translate-walked=\"bc124103-9cd7-4f5a-8097-278f5efbaabc\" data-immersive-translate-paragraph=\"1\">Dla klient\u00f3w B2B nasz koc dla psa mo\u017ce by\u0107 w pe\u0142ni spersonalizowany za pomoc\u0105 logo, wzor\u00f3w lub schemat\u00f3w kolor\u00f3w, aby dostosowa\u0107 si\u0119 do to\u017csamo\u015bci marki. Niezale\u017cnie od tego, czy jeste\u015b sklepem zoologicznym, sprzedawc\u0105 internetowym czy dystrybutorem, ten koc to fantastyczny spos\u00f3b na zaprezentowanie swojej marki, oferuj\u0105c jednocze\u015bnie funkcjonalny, stylowy produkt. Lekka konstrukcja, kt\u00f3r\u0105 mo\u017cna pra\u0107 w pralce, zapewnia \u0142atw\u0105 piel\u0119gnacj\u0119 dla w\u0142a\u015bcicieli zwierz\u0105t domowych, dodaj\u0105c jej atrakcyjno\u015bci jako praktycznego i po\u017c\u0105danego akcesorium.<\/p>\n<p data-immersive-translate-walked=\"bc124103-9cd7-4f5a-8097-278f5efbaabc\" data-immersive-translate-paragraph=\"1\">Wszechstronny, trwa\u0142y i stylowy koc dla psa jest doskona\u0142ym dodatkiem do ka\u017cdej linii produkt\u00f3w dla zwierz\u0105t. Jego niestandardowy potencja\u0142 brandingowy sprawia, \u017ce jest to wyr\u00f3\u017cniaj\u0105cy si\u0119 produkt dla firm, kt\u00f3rych celem jest przyci\u0105gni\u0119cie uwagi i lojalno\u015bci klient\u00f3w na konkurencyjnym rynku zwierz\u0105t domowych. Zaoferuj swoim klientom produkt, kt\u00f3ry jest r\u00f3wnie przytulny, co funkcjonalny, jednocze\u015bnie wzmacniaj\u0105c swoj\u0105 mark\u0119 jako \u017ar\u00f3d\u0142o wysokiej jako\u015bci akcesori\u00f3w dla zwierz\u0105t.<\/p>","protected":false},"excerpt":{"rendered":"<p>Nasz koc dla psa to idealne akcesorium zapewniaj\u0105ce zwierz\u0119tom ciep\u0142o i wygod\u0119. Wykonany z wysokiej jako\u015bci, mi\u0119kkich i trwa\u0142ych materia\u0142\u00f3w, jest przeznaczony do codziennego u\u017cytku i \u0142atwej konserwacji. Idealny dla klient\u00f3w B2B, ten koc oferuje pe\u0142ne opcje personalizacji, umo\u017cliwiaj\u0105c dodanie logo lub unikalnych wzor\u00f3w odzwierciedlaj\u0105cych mark\u0119. Idealny do legowisk dla zwierz\u0105t, skrzynek lub podr\u00f3\u017cy samochodem, jest wszechstronnym dodatkiem do ka\u017cdej linii produkt\u00f3w dla zwierz\u0105t. Zapewnij swoim klientom stylowe, przytulne rozwi\u0105zanie, kt\u00f3re zwi\u0119kszy komfort ich zwierz\u0105t domowych, jednocze\u015bnie zwi\u0119kszaj\u0105c widoczno\u015b\u0107 swojej marki na konkurencyjnym rynku zwierz\u0105t domowych.<\/p>","protected":false},"featured_media":9699,"template":"","meta":[],"product_brand":[],"product_cat":[58],"product_tag":[],"class_list":{"0":"post-9695","1":"product","2":"type-product","3":"status-publish","4":"has-post-thumbnail","6":"product_cat-accessories","8":"first","9":"instock","10":"shipping-taxable","11":"product-type-simple"},"yoast_head":"<!-- This site is optimized with the Yoast SEO plugin v26.6 - https:\/\/yoast.com\/wordpress\/plugins\/seo\/ -->\n<title>Dog Blanket | QQPETS<\/title>\n<meta name=\"description\" content=\"Soft and durable dog blanket, perfect for comfort and warmth. Customizable with logos or patterns for B2B clients, ideal for branding and pet product lines.\" \/>\n<meta name=\"robots\" content=\"index, follow, max-snippet:-1, max-image-preview:large, max-video-preview:-1\" \/>\n<link rel=\"canonical\" href=\"https:\/\/qqpets.com\/pl\/produkt\/dog-blanket\/\" \/>\n<meta property=\"og:locale\" content=\"pl_PL\" \/>\n<meta property=\"og:type\" content=\"article\" \/>\n<meta property=\"og:title\" content=\"Dog Blanket | QQPETS\" \/>\n<meta property=\"og:description\" content=\"Soft and durable dog blanket, perfect for comfort and warmth. Customizable with logos or patterns for B2B clients, ideal for branding and pet product lines.\" \/>\n<meta property=\"og:url\" content=\"https:\/\/qqpets.com\/pl\/produkt\/dog-blanket\/\" \/>\n<meta property=\"og:site_name\" content=\"QQPETS\" \/>\n<meta property=\"article:publisher\" content=\"https:\/\/www.facebook.com\/QQpetsdogcollars\" \/>\n<meta property=\"og:image\" content=\"https:\/\/qqpets.com\/wp-content\/uploads\/2024\/12\/Dog-Blanket3.webp\" \/>\n\t<meta property=\"og:image:width\" content=\"1080\" \/>\n\t<meta property=\"og:image:height\" content=\"1080\" \/>\n\t<meta property=\"og:image:type\" content=\"image\/webp\" \/>\n<meta name=\"twitter:card\" content=\"summary_large_image\" \/>\n<meta name=\"twitter:label1\" content=\"Szacowany czas czytania\" \/>\n\t<meta name=\"twitter:data1\" content=\"2 minuty\" \/>\n<script type=\"application\/ld+json\" class=\"yoast-schema-graph\">{\"@context\":\"https:\/\/schema.org\",\"@graph\":[{\"@type\":\"WebPage\",\"@id\":\"https:\/\/qqpets.com\/product\/dog-blanket\/\",\"url\":\"https:\/\/qqpets.com\/product\/dog-blanket\/\",\"name\":\"Dog Blanket | QQPETS\",\"isPartOf\":{\"@id\":\"https:\/\/qqpets.com\/#website\"},\"primaryImageOfPage\":{\"@id\":\"https:\/\/qqpets.com\/product\/dog-blanket\/#primaryimage\"},\"image\":{\"@id\":\"https:\/\/qqpets.com\/product\/dog-blanket\/#primaryimage\"},\"thumbnailUrl\":\"https:\/\/qqpets.com\/wp-content\/uploads\/2024\/12\/Dog-Blanket3.webp\",\"datePublished\":\"2024-12-13T08:44:56+00:00\",\"description\":\"Soft and durable dog blanket, perfect for comfort and warmth. Customizable with logos or patterns for B2B clients, ideal for branding and pet product lines.\",\"breadcrumb\":{\"@id\":\"https:\/\/qqpets.com\/product\/dog-blanket\/#breadcrumb\"},\"inLanguage\":\"pl-PL\",\"potentialAction\":[{\"@type\":\"ReadAction\",\"target\":[\"https:\/\/qqpets.com\/product\/dog-blanket\/\"]}]},{\"@type\":\"ImageObject\",\"inLanguage\":\"pl-PL\",\"@id\":\"https:\/\/qqpets.com\/product\/dog-blanket\/#primaryimage\",\"url\":\"https:\/\/qqpets.com\/wp-content\/uploads\/2024\/12\/Dog-Blanket3.webp\",\"contentUrl\":\"https:\/\/qqpets.com\/wp-content\/uploads\/2024\/12\/Dog-Blanket3.webp\",\"width\":1080,\"height\":1080},{\"@type\":\"BreadcrumbList\",\"@id\":\"https:\/\/qqpets.com\/product\/dog-blanket\/#breadcrumb\",\"itemListElement\":[{\"@type\":\"ListItem\",\"position\":1,\"name\":\"Home\",\"item\":\"https:\/\/qqpets.com\/\"},{\"@type\":\"ListItem\",\"position\":2,\"name\":\"Products\",\"item\":\"https:\/\/qqpets.com\/pet-products-manufacturer\/\"},{\"@type\":\"ListItem\",\"position\":3,\"name\":\"Dog Blanket\"}]},{\"@type\":\"WebSite\",\"@id\":\"https:\/\/qqpets.com\/#website\",\"url\":\"https:\/\/qqpets.com\/\",\"name\":\"QQPETS\",\"description\":\"QQPETS is a pet products factory for dog harnesses, dog collars, dog leashes and dog accessories with professional customized service since 2005.\",\"publisher\":{\"@id\":\"https:\/\/qqpets.com\/#organization\"},\"potentialAction\":[{\"@type\":\"SearchAction\",\"target\":{\"@type\":\"EntryPoint\",\"urlTemplate\":\"https:\/\/qqpets.com\/?s={search_term_string}\"},\"query-input\":{\"@type\":\"PropertyValueSpecification\",\"valueRequired\":true,\"valueName\":\"search_term_string\"}}],\"inLanguage\":\"pl-PL\"},{\"@type\":\"Organization\",\"@id\":\"https:\/\/qqpets.com\/#organization\",\"name\":\"QQPETS\",\"url\":\"https:\/\/qqpets.com\/\",\"logo\":{\"@type\":\"ImageObject\",\"inLanguage\":\"pl-PL\",\"@id\":\"https:\/\/qqpets.com\/#\/schema\/logo\/image\/\",\"url\":\"https:\/\/qqpets.com\/wp-content\/uploads\/2023\/09\/cropped-cropped-qqpets-tiktok.jpg\",\"contentUrl\":\"https:\/\/qqpets.com\/wp-content\/uploads\/2023\/09\/cropped-cropped-qqpets-tiktok.jpg\",\"width\":511,\"height\":511,\"caption\":\"QQPETS\"},\"image\":{\"@id\":\"https:\/\/qqpets.com\/#\/schema\/logo\/image\/\"},\"sameAs\":[\"https:\/\/www.facebook.com\/QQpetsdogcollars\",\"https:\/\/www.instagram.com\/qqpetscollar\/\",\"https:\/\/www.pinterest.com\/qqpetsdogcollarsfactory\/\"]}]}<\/script>\n<!-- \/ Yoast SEO plugin. -->","yoast_head_json":{"title":"Koc dla psa | QQPETS","description":"Mi\u0119kki i wytrzyma\u0142y koc dla psa, idealny dla wygody i ciep\u0142a. Mo\u017cliwo\u015b\u0107 personalizacji za pomoc\u0105 logo lub wzor\u00f3w dla klient\u00f3w B2B, idealny do brandingu i linii produkt\u00f3w dla zwierz\u0105t domowych.","robots":{"index":"index","follow":"follow","max-snippet":"max-snippet:-1","max-image-preview":"max-image-preview:large","max-video-preview":"max-video-preview:-1"},"canonical":"https:\/\/qqpets.com\/pl\/produkt\/dog-blanket\/","og_locale":"pl_PL","og_type":"article","og_title":"Dog Blanket | QQPETS","og_description":"Soft and durable dog blanket, perfect for comfort and warmth. Customizable with logos or patterns for B2B clients, ideal for branding and pet product lines.","og_url":"https:\/\/qqpets.com\/pl\/produkt\/dog-blanket\/","og_site_name":"QQPETS","article_publisher":"https:\/\/www.facebook.com\/QQpetsdogcollars","og_image":[{"width":1080,"height":1080,"url":"https:\/\/qqpets.com\/wp-content\/uploads\/2024\/12\/Dog-Blanket3.webp","type":"image\/webp"}],"twitter_card":"summary_large_image","twitter_misc":{"Szacowany czas czytania":"2 minuty"},"schema":{"@context":"https:\/\/schema.org","@graph":[{"@type":"WebPage","@id":"https:\/\/qqpets.com\/product\/dog-blanket\/","url":"https:\/\/qqpets.com\/product\/dog-blanket\/","name":"Koc dla psa | QQPETS","isPartOf":{"@id":"https:\/\/qqpets.com\/#website"},"primaryImageOfPage":{"@id":"https:\/\/qqpets.com\/product\/dog-blanket\/#primaryimage"},"image":{"@id":"https:\/\/qqpets.com\/product\/dog-blanket\/#primaryimage"},"thumbnailUrl":"https:\/\/qqpets.com\/wp-content\/uploads\/2024\/12\/Dog-Blanket3.webp","datePublished":"2024-12-13T08:44:56+00:00","description":"Mi\u0119kki i wytrzyma\u0142y koc dla psa, idealny dla wygody i ciep\u0142a. Mo\u017cliwo\u015b\u0107 personalizacji za pomoc\u0105 logo lub wzor\u00f3w dla klient\u00f3w B2B, idealny do brandingu i linii produkt\u00f3w dla zwierz\u0105t domowych.","breadcrumb":{"@id":"https:\/\/qqpets.com\/product\/dog-blanket\/#breadcrumb"},"inLanguage":"pl-PL","potentialAction":[{"@type":"ReadAction","target":["https:\/\/qqpets.com\/product\/dog-blanket\/"]}]},{"@type":"ImageObject","inLanguage":"pl-PL","@id":"https:\/\/qqpets.com\/product\/dog-blanket\/#primaryimage","url":"https:\/\/qqpets.com\/wp-content\/uploads\/2024\/12\/Dog-Blanket3.webp","contentUrl":"https:\/\/qqpets.com\/wp-content\/uploads\/2024\/12\/Dog-Blanket3.webp","width":1080,"height":1080},{"@type":"BreadcrumbList","@id":"https:\/\/qqpets.com\/product\/dog-blanket\/#breadcrumb","itemListElement":[{"@type":"ListItem","position":1,"name":"Home","item":"https:\/\/qqpets.com\/"},{"@type":"ListItem","position":2,"name":"Products","item":"https:\/\/qqpets.com\/pet-products-manufacturer\/"},{"@type":"ListItem","position":3,"name":"Dog Blanket"}]},{"@type":"WebSite","@id":"https:\/\/qqpets.com\/#website","url":"https:\/\/qqpets.com\/","name":"QQPETS","description":"QQPETS to fabryka uprz\u0119\u017cy dla ps\u00f3w, obro\u017cy dla ps\u00f3w, smyczy dla ps\u00f3w i akcesori\u00f3w dla ps\u00f3w z profesjonaln\u0105 obs\u0142ug\u0105 dostosowan\u0105 do potrzeb klienta od 2005 roku.","publisher":{"@id":"https:\/\/qqpets.com\/#organization"},"potentialAction":[{"@type":"SearchAction","target":{"@type":"EntryPoint","urlTemplate":"https:\/\/qqpets.com\/?s={search_term_string}"},"query-input":{"@type":"PropertyValueSpecification","valueRequired":true,"valueName":"search_term_string"}}],"inLanguage":"pl-PL"},{"@type":"Organization","@id":"https:\/\/qqpets.com\/#organization","name":"QQPETS","url":"https:\/\/qqpets.com\/","logo":{"@type":"ImageObject","inLanguage":"pl-PL","@id":"https:\/\/qqpets.com\/#\/schema\/logo\/image\/","url":"https:\/\/qqpets.com\/wp-content\/uploads\/2023\/09\/cropped-cropped-qqpets-tiktok.jpg","contentUrl":"https:\/\/qqpets.com\/wp-content\/uploads\/2023\/09\/cropped-cropped-qqpets-tiktok.jpg","width":511,"height":511,"caption":"QQPETS"},"image":{"@id":"https:\/\/qqpets.com\/#\/schema\/logo\/image\/"},"sameAs":["https:\/\/www.facebook.com\/QQpetsdogcollars","https:\/\/www.instagram.com\/qqpetscollar\/","https:\/\/www.pinterest.com\/qqpetsdogcollarsfactory\/"]}]}},"_links":{"self":[{"href":"https:\/\/qqpets.com\/pl\/wp-json\/wp\/v2\/product\/9695","targetHints":{"allow":["GET"]}}],"collection":[{"href":"https:\/\/qqpets.com\/pl\/wp-json\/wp\/v2\/product"}],"about":[{"href":"https:\/\/qqpets.com\/pl\/wp-json\/wp\/v2\/types\/product"}],"wp:featuredmedia":[{"embeddable":true,"href":"https:\/\/qqpets.com\/pl\/wp-json\/wp\/v2\/media\/9699"}],"wp:attachment":[{"href":"https:\/\/qqpets.com\/pl\/wp-json\/wp\/v2\/media?parent=9695"}],"wp:term":[{"taxonomy":"product_brand","embeddable":true,"href":"https:\/\/qqpets.com\/pl\/wp-json\/wp\/v2\/product_brand?post=9695"},{"taxonomy":"product_cat","embeddable":true,"href":"https:\/\/qqpets.com\/pl\/wp-json\/wp\/v2\/product_cat?post=9695"},{"taxonomy":"product_tag","embeddable":true,"href":"https:\/\/qqpets.com\/pl\/wp-json\/wp\/v2\/product_tag?post=9695"}],"curies":[{"name":"wp","href":"https:\/\/api.w.org\/{rel}","templated":true}]}}