{"id":146,"date":"2023-10-04T15:27:45","date_gmt":"2023-10-04T07:27:45","guid":{"rendered":"https:\/\/qqpets.com\/?post_type=product&#038;p=146"},"modified":"2024-09-02T15:03:14","modified_gmt":"2024-09-02T07:03:14","slug":"training-walking-no-pull-service-dog-harness","status":"publish","type":"product","link":"https:\/\/qqpets.com\/pt\/produto\/training-walking-no-pull-service-dog-harness\/","title":{"rendered":"Arn\u00eas de treinamento para c\u00e3es de servi\u00e7o sem tra\u00e7\u00e3o"},"content":{"rendered":"<p>Apresentamos nosso arn\u00eas premium para c\u00e3es de servi\u00e7o, projetado para atender \u00e0s necessidades dos c\u00e3es de servi\u00e7o que prestam apoio essencial. Esse arn\u00eas foi criado para garantir o m\u00e1ximo de conforto e funcionalidade durante longas horas de trabalho.<\/p>\n<p>Nosso peitoral vem equipado com adesivos de alta visibilidade que identificam claramente seu c\u00e3o como um animal de servi\u00e7o, o que \u00e9 crucial em ambientes p\u00fablicos. Esses adesivos s\u00e3o feitos de material refletivo que aumenta a seguran\u00e7a durante passeios noturnos ou em condi\u00e7\u00f5es de pouca luz.<\/p>\n<p>A capacidade de ajuste \u00e9 fundamental para qualquer acess\u00f3rio para c\u00e3es de trabalho, e nosso arreio oferece tiras f\u00e1ceis de ajustar que garantem um ajuste confort\u00e1vel e seguro para qualquer ra\u00e7a de c\u00e3o. O design ergon\u00f4mico evita o atrito e a tens\u00e3o, proporcionando uma experi\u00eancia confort\u00e1vel para o seu c\u00e3o durante todo o dia.<\/p>\n<p>Al\u00e9m disso, o arn\u00eas apresenta uma al\u00e7a resistente que permite melhor controle em espa\u00e7os lotados ou durante emerg\u00eancias. Essa al\u00e7a tamb\u00e9m \u00e9 \u00fatil para a assist\u00eancia \u00e0 mobilidade, ajudando os manipuladores com dificuldades f\u00edsicas a navegar em seus ambientes com mais facilidade.<\/p>\n<p>Fabricado com materiais dur\u00e1veis, nosso Arn\u00eas para c\u00e3es de servi\u00e7o foi feito para durar e resistir ao desgaste, tornando-o adequado para uso di\u00e1rio em qualquer condi\u00e7\u00e3o clim\u00e1tica. \u00c9 f\u00e1cil de limpar e manter, garantindo que ele permane\u00e7a em excelentes condi\u00e7\u00f5es, pronto para o pr\u00f3ximo dia de trabalho do seu c\u00e3o.<\/p>\n<p>Perfeito para c\u00e3es de servi\u00e7o em v\u00e1rias fun\u00e7\u00f5es, incluindo alerta m\u00e9dico, assist\u00eancia \u00e0 mobilidade e muito mais, nosso Arn\u00eas para C\u00e3es de Servi\u00e7o combina praticidade com visibilidade profissional, tornando-o uma ferramenta indispens\u00e1vel para seu animal de servi\u00e7o.<\/p>\n<h5><strong>Qual \u00e9 a cor do arn\u00eas que um c\u00e3o de servi\u00e7o deve usar?<\/strong><\/h5>\n<p>Os c\u00e3es de servi\u00e7o normalmente usam arreios ou coletes azuis ou vermelhos, pois essas cores s\u00e3o amplamente reconhecidas e geralmente indicam que o c\u00e3o est\u00e1 trabalhando.<\/p>\n<h5><strong>Qualquer c\u00e3o pode usar um colete de c\u00e3o de servi\u00e7o?<\/strong><\/h5>\n<p>Legalmente, somente c\u00e3es treinados para realizar tarefas espec\u00edficas para pessoas com defici\u00eancia devem usar um colete de c\u00e3o de servi\u00e7o. Apresentar erroneamente um animal de estima\u00e7\u00e3o como c\u00e3o de servi\u00e7o \u00e9 anti\u00e9tico e pode ser ilegal em algumas \u00e1reas.<\/p>\n<h5><strong>Por que os c\u00e3es de servi\u00e7o usam arreios?<\/strong><\/h5>\n<p>Os c\u00e3es de servi\u00e7o usam arreios para aumentar a visibilidade, sinalizar seu status de trabalho e facilitar o controle e a comunica\u00e7\u00e3o entre o c\u00e3o e o condutor, especialmente em \u00e1reas p\u00fablicas.<\/p>\n<h5><strong>Como fazer um colete para c\u00e3es de assist\u00eancia?<\/strong><\/h5>\n<p>A confec\u00e7\u00e3o de um colete para c\u00e3es de assist\u00eancia geralmente envolve a escolha de um material dur\u00e1vel e confort\u00e1vel, a medi\u00e7\u00e3o do c\u00e3o para um ajuste adequado e a inclus\u00e3o de etiquetas claras, como \"C\u00e3o de Assist\u00eancia\" ou adesivos espec\u00edficos relacionados a tarefas. Geralmente, s\u00e3o necess\u00e1rias habilidades de costura e materiais como velcro para prender os adesivos.<\/p>\n<h5><strong>O que significa um colete rosa para c\u00e3es de servi\u00e7o?<\/strong><\/h5>\n<p>Um colete rosa para c\u00e3es de servi\u00e7o n\u00e3o tem um significado regulamentar espec\u00edfico, mas \u00e9 frequentemente usado para personaliza\u00e7\u00e3o ou para tornar o c\u00e3o de servi\u00e7o mais acess\u00edvel em ambientes p\u00fablicos.<\/p>\n<h5><strong>O que significa um arreio vermelho em um c\u00e3o?<\/strong><\/h5>\n<p>Um peitoral vermelho geralmente indica que o c\u00e3o \u00e9 um c\u00e3o de servi\u00e7o. Ele tamb\u00e9m pode sugerir que o c\u00e3o n\u00e3o deve ser incomodado ou que est\u00e1 trabalhando em tarefas espec\u00edficas.<\/p>\n<h5><strong>O que significa um colete amarelo em um c\u00e3o?<\/strong><\/h5>\n<p>Um colete amarelo normalmente indica que o c\u00e3o precisa de espa\u00e7o e n\u00e3o deve ser abordado sem a permiss\u00e3o do condutor. Ele pode indicar que o c\u00e3o est\u00e1 em treinamento ou que est\u00e1 nervoso\/ansioso.<\/p>\n<h5><strong>O que significa um colete azul em um c\u00e3o?<\/strong><\/h5>\n<p>Um colete azul geralmente identifica o c\u00e3o como um c\u00e3o de servi\u00e7o, indicando que ele foi treinado para ajudar pessoas com defici\u00eancias e n\u00e3o deve ser incomodado.<\/p>","protected":false},"excerpt":{"rendered":"<p class=\"a-spacing-mini\">Capacite seu c\u00e3o de servi\u00e7o com nosso arn\u00eas especializado, projetado para durabilidade e conforto. Ele apresenta etiquetas altamente vis\u00edveis, al\u00e7as ajust\u00e1veis para um encaixe perfeito e al\u00e7as robustas para melhor controle. Esse peitoral \u00e9 feito de materiais resistentes para suportar o uso di\u00e1rio e, ao mesmo tempo, oferecer suporte e identifica\u00e7\u00e3o ideais para o seu c\u00e3o de servi\u00e7o. Essencial para ajudar na mobilidade e garantir a conscientiza\u00e7\u00e3o do p\u00fablico.<\/p>","protected":false},"featured_media":7319,"template":"","meta":[],"product_brand":[],"product_cat":[23],"product_tag":[24],"class_list":{"0":"post-146","1":"product","2":"type-product","3":"status-publish","4":"has-post-thumbnail","6":"product_cat-dog-harness","7":"product_tag-tactical-harness","9":"first","10":"instock","11":"shipping-taxable","12":"product-type-simple"},"yoast_head":"<!-- This site is optimized with the Yoast SEO plugin v26.6 - https:\/\/yoast.com\/wordpress\/plugins\/seo\/ -->\n<title>Training Walking No Pull Service Dog Harness | QQPETS<\/title>\n<meta name=\"description\" content=\"Equip your service dog with our high-quality harness. Built for comfort and visibility. Essential for duty.\" \/>\n<meta name=\"robots\" content=\"index, follow, max-snippet:-1, max-image-preview:large, max-video-preview:-1\" \/>\n<link rel=\"canonical\" href=\"https:\/\/qqpets.com\/pt\/produto\/training-walking-no-pull-service-dog-harness\/\" \/>\n<meta property=\"og:locale\" content=\"pt_BR\" \/>\n<meta property=\"og:type\" content=\"article\" \/>\n<meta property=\"og:title\" content=\"Training Walking No Pull Service Dog Harness | QQPETS\" \/>\n<meta property=\"og:description\" content=\"Equip your service dog with our high-quality harness. Built for comfort and visibility. Essential for duty.\" \/>\n<meta property=\"og:url\" content=\"https:\/\/qqpets.com\/pt\/produto\/training-walking-no-pull-service-dog-harness\/\" \/>\n<meta property=\"og:site_name\" content=\"QQPETS\" \/>\n<meta property=\"article:publisher\" content=\"https:\/\/www.facebook.com\/QQpetsdogcollars\" \/>\n<meta property=\"article:modified_time\" content=\"2024-09-02T07:03:14+00:00\" \/>\n<meta property=\"og:image\" content=\"https:\/\/qqpets.com\/wp-content\/uploads\/2023\/09\/service-dog-harness.jpg\" \/>\n\t<meta property=\"og:image:width\" content=\"1200\" \/>\n\t<meta property=\"og:image:height\" content=\"1200\" \/>\n\t<meta property=\"og:image:type\" content=\"image\/jpeg\" \/>\n<meta name=\"twitter:card\" content=\"summary_large_image\" \/>\n<meta name=\"twitter:label1\" content=\"Est. tempo de leitura\" \/>\n\t<meta name=\"twitter:data1\" content=\"3 minutos\" \/>\n<script type=\"application\/ld+json\" class=\"yoast-schema-graph\">{\"@context\":\"https:\/\/schema.org\",\"@graph\":[{\"@type\":\"WebPage\",\"@id\":\"https:\/\/qqpets.com\/product\/training-walking-no-pull-service-dog-harness\/\",\"url\":\"https:\/\/qqpets.com\/product\/training-walking-no-pull-service-dog-harness\/\",\"name\":\"Training Walking No Pull Service Dog Harness | QQPETS\",\"isPartOf\":{\"@id\":\"https:\/\/qqpets.com\/#website\"},\"primaryImageOfPage\":{\"@id\":\"https:\/\/qqpets.com\/product\/training-walking-no-pull-service-dog-harness\/#primaryimage\"},\"image\":{\"@id\":\"https:\/\/qqpets.com\/product\/training-walking-no-pull-service-dog-harness\/#primaryimage\"},\"thumbnailUrl\":\"https:\/\/qqpets.com\/wp-content\/uploads\/2023\/09\/service-dog-harness.jpg\",\"datePublished\":\"2023-10-04T07:27:45+00:00\",\"dateModified\":\"2024-09-02T07:03:14+00:00\",\"description\":\"Equip your service dog with our high-quality harness. Built for comfort and visibility. Essential for duty.\",\"breadcrumb\":{\"@id\":\"https:\/\/qqpets.com\/product\/training-walking-no-pull-service-dog-harness\/#breadcrumb\"},\"inLanguage\":\"pt-BR\",\"potentialAction\":[{\"@type\":\"ReadAction\",\"target\":[\"https:\/\/qqpets.com\/product\/training-walking-no-pull-service-dog-harness\/\"]}]},{\"@type\":\"ImageObject\",\"inLanguage\":\"pt-BR\",\"@id\":\"https:\/\/qqpets.com\/product\/training-walking-no-pull-service-dog-harness\/#primaryimage\",\"url\":\"https:\/\/qqpets.com\/wp-content\/uploads\/2023\/09\/service-dog-harness.jpg\",\"contentUrl\":\"https:\/\/qqpets.com\/wp-content\/uploads\/2023\/09\/service-dog-harness.jpg\",\"width\":1200,\"height\":1200,\"caption\":\"service dog harness\"},{\"@type\":\"BreadcrumbList\",\"@id\":\"https:\/\/qqpets.com\/product\/training-walking-no-pull-service-dog-harness\/#breadcrumb\",\"itemListElement\":[{\"@type\":\"ListItem\",\"position\":1,\"name\":\"Home\",\"item\":\"https:\/\/qqpets.com\/\"},{\"@type\":\"ListItem\",\"position\":2,\"name\":\"Products\",\"item\":\"https:\/\/qqpets.com\/pet-products-manufacturer\/\"},{\"@type\":\"ListItem\",\"position\":3,\"name\":\"Training Walking No Pull Service Dog Harness\"}]},{\"@type\":\"WebSite\",\"@id\":\"https:\/\/qqpets.com\/#website\",\"url\":\"https:\/\/qqpets.com\/\",\"name\":\"QQPETS\",\"description\":\"QQPETS is a pet products factory for dog harnesses, dog collars, dog leashes and dog accessories with professional customized service since 2005.\",\"publisher\":{\"@id\":\"https:\/\/qqpets.com\/#organization\"},\"potentialAction\":[{\"@type\":\"SearchAction\",\"target\":{\"@type\":\"EntryPoint\",\"urlTemplate\":\"https:\/\/qqpets.com\/?s={search_term_string}\"},\"query-input\":{\"@type\":\"PropertyValueSpecification\",\"valueRequired\":true,\"valueName\":\"search_term_string\"}}],\"inLanguage\":\"pt-BR\"},{\"@type\":\"Organization\",\"@id\":\"https:\/\/qqpets.com\/#organization\",\"name\":\"QQPETS\",\"url\":\"https:\/\/qqpets.com\/\",\"logo\":{\"@type\":\"ImageObject\",\"inLanguage\":\"pt-BR\",\"@id\":\"https:\/\/qqpets.com\/#\/schema\/logo\/image\/\",\"url\":\"https:\/\/qqpets.com\/wp-content\/uploads\/2023\/09\/cropped-cropped-qqpets-tiktok.jpg\",\"contentUrl\":\"https:\/\/qqpets.com\/wp-content\/uploads\/2023\/09\/cropped-cropped-qqpets-tiktok.jpg\",\"width\":511,\"height\":511,\"caption\":\"QQPETS\"},\"image\":{\"@id\":\"https:\/\/qqpets.com\/#\/schema\/logo\/image\/\"},\"sameAs\":[\"https:\/\/www.facebook.com\/QQpetsdogcollars\",\"https:\/\/www.instagram.com\/qqpetscollar\/\",\"https:\/\/www.pinterest.com\/qqpetsdogcollarsfactory\/\"]}]}<\/script>\n<!-- \/ Yoast SEO plugin. -->","yoast_head_json":{"title":"Arn\u00eas de treinamento para c\u00e3es de servi\u00e7o sem tra\u00e7\u00e3o | QQPETS","description":"Equipe seu c\u00e3o de servi\u00e7o com nosso arn\u00eas de alta qualidade. Criado para proporcionar conforto e visibilidade. Essencial para o trabalho.","robots":{"index":"index","follow":"follow","max-snippet":"max-snippet:-1","max-image-preview":"max-image-preview:large","max-video-preview":"max-video-preview:-1"},"canonical":"https:\/\/qqpets.com\/pt\/produto\/training-walking-no-pull-service-dog-harness\/","og_locale":"pt_BR","og_type":"article","og_title":"Training Walking No Pull Service Dog Harness | QQPETS","og_description":"Equip your service dog with our high-quality harness. Built for comfort and visibility. Essential for duty.","og_url":"https:\/\/qqpets.com\/pt\/produto\/training-walking-no-pull-service-dog-harness\/","og_site_name":"QQPETS","article_publisher":"https:\/\/www.facebook.com\/QQpetsdogcollars","article_modified_time":"2024-09-02T07:03:14+00:00","og_image":[{"width":1200,"height":1200,"url":"https:\/\/qqpets.com\/wp-content\/uploads\/2023\/09\/service-dog-harness.jpg","type":"image\/jpeg"}],"twitter_card":"summary_large_image","twitter_misc":{"Est. tempo de leitura":"3 minutos"},"schema":{"@context":"https:\/\/schema.org","@graph":[{"@type":"WebPage","@id":"https:\/\/qqpets.com\/product\/training-walking-no-pull-service-dog-harness\/","url":"https:\/\/qqpets.com\/product\/training-walking-no-pull-service-dog-harness\/","name":"Arn\u00eas de treinamento para c\u00e3es de servi\u00e7o sem tra\u00e7\u00e3o | QQPETS","isPartOf":{"@id":"https:\/\/qqpets.com\/#website"},"primaryImageOfPage":{"@id":"https:\/\/qqpets.com\/product\/training-walking-no-pull-service-dog-harness\/#primaryimage"},"image":{"@id":"https:\/\/qqpets.com\/product\/training-walking-no-pull-service-dog-harness\/#primaryimage"},"thumbnailUrl":"https:\/\/qqpets.com\/wp-content\/uploads\/2023\/09\/service-dog-harness.jpg","datePublished":"2023-10-04T07:27:45+00:00","dateModified":"2024-09-02T07:03:14+00:00","description":"Equipe seu c\u00e3o de servi\u00e7o com nosso arn\u00eas de alta qualidade. Criado para proporcionar conforto e visibilidade. Essencial para o trabalho.","breadcrumb":{"@id":"https:\/\/qqpets.com\/product\/training-walking-no-pull-service-dog-harness\/#breadcrumb"},"inLanguage":"pt-BR","potentialAction":[{"@type":"ReadAction","target":["https:\/\/qqpets.com\/product\/training-walking-no-pull-service-dog-harness\/"]}]},{"@type":"ImageObject","inLanguage":"pt-BR","@id":"https:\/\/qqpets.com\/product\/training-walking-no-pull-service-dog-harness\/#primaryimage","url":"https:\/\/qqpets.com\/wp-content\/uploads\/2023\/09\/service-dog-harness.jpg","contentUrl":"https:\/\/qqpets.com\/wp-content\/uploads\/2023\/09\/service-dog-harness.jpg","width":1200,"height":1200,"caption":"service dog harness"},{"@type":"BreadcrumbList","@id":"https:\/\/qqpets.com\/product\/training-walking-no-pull-service-dog-harness\/#breadcrumb","itemListElement":[{"@type":"ListItem","position":1,"name":"Home","item":"https:\/\/qqpets.com\/"},{"@type":"ListItem","position":2,"name":"Products","item":"https:\/\/qqpets.com\/pet-products-manufacturer\/"},{"@type":"ListItem","position":3,"name":"Training Walking No Pull Service Dog Harness"}]},{"@type":"WebSite","@id":"https:\/\/qqpets.com\/#website","url":"https:\/\/qqpets.com\/","name":"QQPETS","description":"A QQPETS \u00e9 uma f\u00e1brica de produtos para animais de estima\u00e7\u00e3o que fabrica arreios, coleiras, coleiras para c\u00e3es e acess\u00f3rios para c\u00e3es com servi\u00e7o personalizado profissional desde 2005.","publisher":{"@id":"https:\/\/qqpets.com\/#organization"},"potentialAction":[{"@type":"SearchAction","target":{"@type":"EntryPoint","urlTemplate":"https:\/\/qqpets.com\/?s={search_term_string}"},"query-input":{"@type":"PropertyValueSpecification","valueRequired":true,"valueName":"search_term_string"}}],"inLanguage":"pt-BR"},{"@type":"Organization","@id":"https:\/\/qqpets.com\/#organization","name":"QQPETS","url":"https:\/\/qqpets.com\/","logo":{"@type":"ImageObject","inLanguage":"pt-BR","@id":"https:\/\/qqpets.com\/#\/schema\/logo\/image\/","url":"https:\/\/qqpets.com\/wp-content\/uploads\/2023\/09\/cropped-cropped-qqpets-tiktok.jpg","contentUrl":"https:\/\/qqpets.com\/wp-content\/uploads\/2023\/09\/cropped-cropped-qqpets-tiktok.jpg","width":511,"height":511,"caption":"QQPETS"},"image":{"@id":"https:\/\/qqpets.com\/#\/schema\/logo\/image\/"},"sameAs":["https:\/\/www.facebook.com\/QQpetsdogcollars","https:\/\/www.instagram.com\/qqpetscollar\/","https:\/\/www.pinterest.com\/qqpetsdogcollarsfactory\/"]}]}},"_links":{"self":[{"href":"https:\/\/qqpets.com\/pt\/wp-json\/wp\/v2\/product\/146","targetHints":{"allow":["GET"]}}],"collection":[{"href":"https:\/\/qqpets.com\/pt\/wp-json\/wp\/v2\/product"}],"about":[{"href":"https:\/\/qqpets.com\/pt\/wp-json\/wp\/v2\/types\/product"}],"wp:featuredmedia":[{"embeddable":true,"href":"https:\/\/qqpets.com\/pt\/wp-json\/wp\/v2\/media\/7319"}],"wp:attachment":[{"href":"https:\/\/qqpets.com\/pt\/wp-json\/wp\/v2\/media?parent=146"}],"wp:term":[{"taxonomy":"product_brand","embeddable":true,"href":"https:\/\/qqpets.com\/pt\/wp-json\/wp\/v2\/product_brand?post=146"},{"taxonomy":"product_cat","embeddable":true,"href":"https:\/\/qqpets.com\/pt\/wp-json\/wp\/v2\/product_cat?post=146"},{"taxonomy":"product_tag","embeddable":true,"href":"https:\/\/qqpets.com\/pt\/wp-json\/wp\/v2\/product_tag?post=146"}],"curies":[{"name":"wp","href":"https:\/\/api.w.org\/{rel}","templated":true}]}}