{"id":4645,"date":"2024-08-30T16:59:56","date_gmt":"2024-08-30T08:59:56","guid":{"rendered":"https:\/\/qqpets.com\/?post_type=product&#038;p=4645"},"modified":"2024-08-31T17:08:46","modified_gmt":"2024-08-31T09:08:46","slug":"reflective-adjustable-step-in-dog-harness","status":"publish","type":"product","link":"https:\/\/qqpets.com\/pt\/produto\/reflective-adjustable-step-in-dog-harness\/","title":{"rendered":"Arn\u00eas refletivo ajust\u00e1vel com degrau para c\u00e3es"},"content":{"rendered":"<p>Introduza um novo n\u00edvel de seguran\u00e7a e conveni\u00eancia nas caminhadas di\u00e1rias do seu animal de estima\u00e7\u00e3o com o nosso Arn\u00eas Refletivo Ajust\u00e1vel Step In para C\u00e3es. Esse peitoral foi projetado especificamente para facilitar o uso e aumentar a visibilidade noturna. Com tiras refletivas vibrantes, ele garante que seu c\u00e3o permane\u00e7a vis\u00edvel para motoristas e pedestres em condi\u00e7\u00f5es de pouca luz, aumentando significativamente a seguran\u00e7a durante as caminhadas noturnas ou matinais.<\/p>\n<p>O design de encaixe simplifica o processo de coloca\u00e7\u00e3o do arn\u00eas, tornando-o ideal para animais de estima\u00e7\u00e3o (e donos!) que preferem uma experi\u00eancia sem complica\u00e7\u00f5es. Basta colocar o arn\u00eas na horizontal, pedir ao seu c\u00e3o para coloc\u00e1-lo, afivelar o cinto e pronto. As tiras s\u00e3o totalmente ajust\u00e1veis, proporcionando um ajuste confort\u00e1vel e confort\u00e1vel que acomoda c\u00e3es de v\u00e1rias formas e tamanhos.<\/p>\n<p>Constru\u00eddo com materiais dur\u00e1veis e de alta qualidade, esse peitoral foi feito para durar e suportar os rigores do uso di\u00e1rio, mantendo seu c\u00e3o confort\u00e1vel. O design leve garante que seu animal de estima\u00e7\u00e3o possa se movimentar livremente, sem se sentir sobrecarregado.<\/p>\n<p>Nosso Arn\u00eas Refletivo Ajust\u00e1vel Step In para C\u00e3es n\u00e3o \u00e9 apenas pr\u00e1tico, mas tamb\u00e9m elegante. Ele est\u00e1 dispon\u00edvel em v\u00e1rias cores para combinar com o estilo do seu animal de estima\u00e7\u00e3o, o que o torna uma op\u00e7\u00e3o moderna para suas caminhadas di\u00e1rias. Esteja voc\u00ea navegando pelas ruas movimentadas da cidade ou desfrutando de um passeio tranquilo pelo parque, esse peitoral garante que seu animal de estima\u00e7\u00e3o esteja seguro e confort\u00e1vel.<\/p>\n<p>Equipe seu animal de estima\u00e7\u00e3o com nosso arn\u00eas para aumentar a visibilidade e garantir o conforto em cada passeio, proporcionando a voc\u00ea tranquilidade e ao seu animal a liberdade de explorar com seguran\u00e7a.<\/p>\n<div class=\"flex max-w-full flex-col flex-grow\">\n<div class=\"min-h-[20px] text-message flex w-full flex-col items-end gap-2 break-words [.text-message+&amp;]:mt-5 overflow-x-auto whitespace-normal\" dir=\"auto\" data-message-author-role=\"assistant\" data-message-id=\"e46110a1-b220-42e7-a97e-37831f310d5a\">\n<div class=\"flex w-full flex-col gap-1 empty:hidden first:pt-[3px]\">\n<div class=\"markdown prose w-full break-words dark:prose-invert light\">\n<h6><strong>Os arreios com degraus s\u00e3o bons para c\u00e3es?<\/strong><\/h6>\n<p>Sim, os arreios step-in s\u00e3o bons para c\u00e3es, pois s\u00e3o f\u00e1ceis de colocar, distribuem a press\u00e3o uniformemente no peito e nos ombros e s\u00e3o adequados para c\u00e3es que n\u00e3o gostam de ter arreios puxados sobre a cabe\u00e7a.<\/p>\n<h6><strong>Os arreios acolchoados s\u00e3o melhores para os c\u00e3es?<\/strong><\/h6>\n<p>Sim, os arreios acolchoados s\u00e3o melhores para os c\u00e3es, pois oferecem conforto adicional, reduzem o risco de fric\u00e7\u00e3o e atrito e s\u00e3o especialmente ben\u00e9ficos para c\u00e3es com pele sens\u00edvel ou pelagem fina.<\/p>\n<h6><strong>Como usar um arn\u00eas step-in para c\u00e3es?<\/strong><\/h6>\n<p>Coloque o arn\u00eas no ch\u00e3o, fa\u00e7a com que o c\u00e3o entre nas aberturas das pernas, puxe o arn\u00eas para cima ao redor do corpo do c\u00e3o e, em seguida, prenda a fivela nas costas do c\u00e3o.<\/p>\n<h6><strong>O que \u00e9 um arn\u00eas ajust\u00e1vel?<\/strong><\/h6>\n<p>Um peitoral ajust\u00e1vel \u00e9 projetado com v\u00e1rios pontos nos quais voc\u00ea pode ajustar as correias para garantir um ajuste confort\u00e1vel para o seu c\u00e3o, acomodando mudan\u00e7as de tamanho ou peso.<\/p>\n<h6><strong>Por que usar um arn\u00eas de entrada?<\/strong><\/h6>\n<p>Use um peitoral com degrau para facilitar o uso, especialmente para c\u00e3es calmos ou para aqueles que n\u00e3o se sentem confort\u00e1veis com peitorais que passam por cima da cabe\u00e7a. Eles tamb\u00e9m s\u00e3o excelentes para fornecer suporte confort\u00e1vel sem pressionar o pesco\u00e7o.<\/p>\n<\/div>\n<\/div>\n<\/div>\n<\/div>\n<div class=\"mt-1 flex gap-3 empty:hidden -ml-2\">\n<div class=\"items-center justify-start rounded-xl p-1 flex\">\n<div class=\"flex items-center\">\n<p>&nbsp;<\/p>\n<div class=\"flex\"><\/div>\n<div class=\"flex items-center pb-0\">\n<div class=\"[&amp;_svg]:h-full [&amp;_svg]:w-full icon-md h-4 w-4\"><\/div>\n<p><span class=\"overflow-hidden text-clip whitespace-nowrap text-sm\">4<\/span><\/p>\n<\/div>\n<\/div>\n<\/div>\n<\/div>","protected":false},"excerpt":{"rendered":"<p>Entre em seguran\u00e7a com o nosso Arn\u00eas Refletivo Ajust\u00e1vel Step In para C\u00e3es. Projetado para facilitar o ajuste e aumentar a visibilidade, esse peitoral apresenta faixas refletivas brilhantes que tornam seu c\u00e3o vis\u00edvel \u00e0 noite. O design ajust\u00e1vel garante um encaixe perfeito para qualquer ra\u00e7a, promovendo conforto e seguran\u00e7a. Leve e dur\u00e1vel, \u00e9 ideal para passeios di\u00e1rios e garante que seu animal de estima\u00e7\u00e3o seja visto em condi\u00e7\u00f5es de pouca luz.<\/p>","protected":false},"featured_media":7691,"template":"","meta":[],"product_brand":[],"product_cat":[23],"product_tag":[],"class_list":{"0":"post-4645","1":"product","2":"type-product","3":"status-publish","4":"has-post-thumbnail","6":"product_cat-dog-harness","7":"pa_brand-qqpets","9":"first","10":"instock","11":"shipping-taxable","12":"product-type-simple"},"yoast_head":"<!-- This site is optimized with the Yoast SEO plugin v26.6 - https:\/\/yoast.com\/wordpress\/plugins\/seo\/ -->\n<title>Reflective Adjustable Step in Dog Harness | QQPETS<\/title>\n<meta name=\"description\" content=\"Keep your dog safe with our Reflective Adjustable Step In Harness. Perfect for night walks. Secure and stylish!\" \/>\n<meta name=\"robots\" content=\"index, follow, max-snippet:-1, max-image-preview:large, max-video-preview:-1\" \/>\n<link rel=\"canonical\" href=\"https:\/\/qqpets.com\/pt\/produto\/reflective-adjustable-step-in-dog-harness\/\" \/>\n<meta property=\"og:locale\" content=\"pt_BR\" \/>\n<meta property=\"og:type\" content=\"article\" \/>\n<meta property=\"og:title\" content=\"Reflective Adjustable Step in Dog Harness | QQPETS\" \/>\n<meta property=\"og:description\" content=\"Keep your dog safe with our Reflective Adjustable Step In Harness. Perfect for night walks. Secure and stylish!\" \/>\n<meta property=\"og:url\" content=\"https:\/\/qqpets.com\/pt\/produto\/reflective-adjustable-step-in-dog-harness\/\" \/>\n<meta property=\"og:site_name\" content=\"QQPETS\" \/>\n<meta property=\"article:publisher\" content=\"https:\/\/www.facebook.com\/QQpetsdogcollars\" \/>\n<meta property=\"article:modified_time\" content=\"2024-08-31T09:08:46+00:00\" \/>\n<meta property=\"og:image\" content=\"https:\/\/qqpets.com\/wp-content\/uploads\/2023\/09\/qqpets-tiktok.jpg\" \/>\n\t<meta property=\"og:image:width\" content=\"800\" \/>\n\t<meta property=\"og:image:height\" content=\"800\" \/>\n\t<meta property=\"og:image:type\" content=\"image\/jpeg\" \/>\n<meta name=\"twitter:card\" content=\"summary_large_image\" \/>\n<meta name=\"twitter:label1\" content=\"Est. tempo de leitura\" \/>\n\t<meta name=\"twitter:data1\" content=\"3 minutos\" \/>\n<script type=\"application\/ld+json\" class=\"yoast-schema-graph\">{\"@context\":\"https:\/\/schema.org\",\"@graph\":[{\"@type\":\"WebPage\",\"@id\":\"https:\/\/qqpets.com\/product\/reflective-adjustable-step-in-dog-harness\/\",\"url\":\"https:\/\/qqpets.com\/product\/reflective-adjustable-step-in-dog-harness\/\",\"name\":\"Reflective Adjustable Step in Dog Harness | QQPETS\",\"isPartOf\":{\"@id\":\"https:\/\/qqpets.com\/#website\"},\"primaryImageOfPage\":{\"@id\":\"https:\/\/qqpets.com\/product\/reflective-adjustable-step-in-dog-harness\/#primaryimage\"},\"image\":{\"@id\":\"https:\/\/qqpets.com\/product\/reflective-adjustable-step-in-dog-harness\/#primaryimage\"},\"thumbnailUrl\":\"https:\/\/qqpets.com\/wp-content\/uploads\/2024\/08\/3.avif\",\"datePublished\":\"2024-08-30T08:59:56+00:00\",\"dateModified\":\"2024-08-31T09:08:46+00:00\",\"description\":\"Keep your dog safe with our Reflective Adjustable Step In Harness. Perfect for night walks. Secure and stylish!\",\"breadcrumb\":{\"@id\":\"https:\/\/qqpets.com\/product\/reflective-adjustable-step-in-dog-harness\/#breadcrumb\"},\"inLanguage\":\"pt-BR\",\"potentialAction\":[{\"@type\":\"ReadAction\",\"target\":[\"https:\/\/qqpets.com\/product\/reflective-adjustable-step-in-dog-harness\/\"]}]},{\"@type\":\"ImageObject\",\"inLanguage\":\"pt-BR\",\"@id\":\"https:\/\/qqpets.com\/product\/reflective-adjustable-step-in-dog-harness\/#primaryimage\",\"url\":\"https:\/\/qqpets.com\/wp-content\/uploads\/2024\/08\/3.avif\",\"contentUrl\":\"https:\/\/qqpets.com\/wp-content\/uploads\/2024\/08\/3.avif\",\"width\":800,\"height\":800},{\"@type\":\"BreadcrumbList\",\"@id\":\"https:\/\/qqpets.com\/product\/reflective-adjustable-step-in-dog-harness\/#breadcrumb\",\"itemListElement\":[{\"@type\":\"ListItem\",\"position\":1,\"name\":\"Home\",\"item\":\"https:\/\/qqpets.com\/\"},{\"@type\":\"ListItem\",\"position\":2,\"name\":\"Products\",\"item\":\"https:\/\/qqpets.com\/pet-products-manufacturer\/\"},{\"@type\":\"ListItem\",\"position\":3,\"name\":\"Reflective Adjustable Step in Dog Harness\"}]},{\"@type\":\"WebSite\",\"@id\":\"https:\/\/qqpets.com\/#website\",\"url\":\"https:\/\/qqpets.com\/\",\"name\":\"QQPETS\",\"description\":\"QQPETS is a pet products factory for dog harnesses, dog collars, dog leashes and dog accessories with professional customized service since 2005.\",\"publisher\":{\"@id\":\"https:\/\/qqpets.com\/#organization\"},\"potentialAction\":[{\"@type\":\"SearchAction\",\"target\":{\"@type\":\"EntryPoint\",\"urlTemplate\":\"https:\/\/qqpets.com\/?s={search_term_string}\"},\"query-input\":{\"@type\":\"PropertyValueSpecification\",\"valueRequired\":true,\"valueName\":\"search_term_string\"}}],\"inLanguage\":\"pt-BR\"},{\"@type\":\"Organization\",\"@id\":\"https:\/\/qqpets.com\/#organization\",\"name\":\"QQPETS\",\"url\":\"https:\/\/qqpets.com\/\",\"logo\":{\"@type\":\"ImageObject\",\"inLanguage\":\"pt-BR\",\"@id\":\"https:\/\/qqpets.com\/#\/schema\/logo\/image\/\",\"url\":\"https:\/\/qqpets.com\/wp-content\/uploads\/2023\/09\/cropped-cropped-qqpets-tiktok.jpg\",\"contentUrl\":\"https:\/\/qqpets.com\/wp-content\/uploads\/2023\/09\/cropped-cropped-qqpets-tiktok.jpg\",\"width\":511,\"height\":511,\"caption\":\"QQPETS\"},\"image\":{\"@id\":\"https:\/\/qqpets.com\/#\/schema\/logo\/image\/\"},\"sameAs\":[\"https:\/\/www.facebook.com\/QQpetsdogcollars\",\"https:\/\/www.instagram.com\/qqpetscollar\/\",\"https:\/\/www.pinterest.com\/qqpetsdogcollarsfactory\/\"]}]}<\/script>\n<!-- \/ Yoast SEO plugin. -->","yoast_head_json":{"title":"Arn\u00eas refletivo ajust\u00e1vel com degrau para c\u00e3es | QQPETS","description":"Mantenha seu c\u00e3o seguro com nosso Arn\u00eas Refletivo Ajust\u00e1vel Step In. Perfeito para passeios noturnos. Seguro e com estilo!","robots":{"index":"index","follow":"follow","max-snippet":"max-snippet:-1","max-image-preview":"max-image-preview:large","max-video-preview":"max-video-preview:-1"},"canonical":"https:\/\/qqpets.com\/pt\/produto\/reflective-adjustable-step-in-dog-harness\/","og_locale":"pt_BR","og_type":"article","og_title":"Reflective Adjustable Step in Dog Harness | QQPETS","og_description":"Keep your dog safe with our Reflective Adjustable Step In Harness. Perfect for night walks. Secure and stylish!","og_url":"https:\/\/qqpets.com\/pt\/produto\/reflective-adjustable-step-in-dog-harness\/","og_site_name":"QQPETS","article_publisher":"https:\/\/www.facebook.com\/QQpetsdogcollars","article_modified_time":"2024-08-31T09:08:46+00:00","og_image":[{"width":800,"height":800,"url":"https:\/\/qqpets.com\/wp-content\/uploads\/2023\/09\/qqpets-tiktok.jpg","type":"image\/jpeg"}],"twitter_card":"summary_large_image","twitter_misc":{"Est. tempo de leitura":"3 minutos"},"schema":{"@context":"https:\/\/schema.org","@graph":[{"@type":"WebPage","@id":"https:\/\/qqpets.com\/product\/reflective-adjustable-step-in-dog-harness\/","url":"https:\/\/qqpets.com\/product\/reflective-adjustable-step-in-dog-harness\/","name":"Arn\u00eas refletivo ajust\u00e1vel com degrau para c\u00e3es | QQPETS","isPartOf":{"@id":"https:\/\/qqpets.com\/#website"},"primaryImageOfPage":{"@id":"https:\/\/qqpets.com\/product\/reflective-adjustable-step-in-dog-harness\/#primaryimage"},"image":{"@id":"https:\/\/qqpets.com\/product\/reflective-adjustable-step-in-dog-harness\/#primaryimage"},"thumbnailUrl":"https:\/\/qqpets.com\/wp-content\/uploads\/2024\/08\/3.avif","datePublished":"2024-08-30T08:59:56+00:00","dateModified":"2024-08-31T09:08:46+00:00","description":"Mantenha seu c\u00e3o seguro com nosso Arn\u00eas Refletivo Ajust\u00e1vel Step In. Perfeito para passeios noturnos. Seguro e com estilo!","breadcrumb":{"@id":"https:\/\/qqpets.com\/product\/reflective-adjustable-step-in-dog-harness\/#breadcrumb"},"inLanguage":"pt-BR","potentialAction":[{"@type":"ReadAction","target":["https:\/\/qqpets.com\/product\/reflective-adjustable-step-in-dog-harness\/"]}]},{"@type":"ImageObject","inLanguage":"pt-BR","@id":"https:\/\/qqpets.com\/product\/reflective-adjustable-step-in-dog-harness\/#primaryimage","url":"https:\/\/qqpets.com\/wp-content\/uploads\/2024\/08\/3.avif","contentUrl":"https:\/\/qqpets.com\/wp-content\/uploads\/2024\/08\/3.avif","width":800,"height":800},{"@type":"BreadcrumbList","@id":"https:\/\/qqpets.com\/product\/reflective-adjustable-step-in-dog-harness\/#breadcrumb","itemListElement":[{"@type":"ListItem","position":1,"name":"Home","item":"https:\/\/qqpets.com\/"},{"@type":"ListItem","position":2,"name":"Products","item":"https:\/\/qqpets.com\/pet-products-manufacturer\/"},{"@type":"ListItem","position":3,"name":"Reflective Adjustable Step in Dog Harness"}]},{"@type":"WebSite","@id":"https:\/\/qqpets.com\/#website","url":"https:\/\/qqpets.com\/","name":"QQPETS","description":"A QQPETS \u00e9 uma f\u00e1brica de produtos para animais de estima\u00e7\u00e3o que fabrica arreios, coleiras, coleiras para c\u00e3es e acess\u00f3rios para c\u00e3es com servi\u00e7o personalizado profissional desde 2005.","publisher":{"@id":"https:\/\/qqpets.com\/#organization"},"potentialAction":[{"@type":"SearchAction","target":{"@type":"EntryPoint","urlTemplate":"https:\/\/qqpets.com\/?s={search_term_string}"},"query-input":{"@type":"PropertyValueSpecification","valueRequired":true,"valueName":"search_term_string"}}],"inLanguage":"pt-BR"},{"@type":"Organization","@id":"https:\/\/qqpets.com\/#organization","name":"QQPETS","url":"https:\/\/qqpets.com\/","logo":{"@type":"ImageObject","inLanguage":"pt-BR","@id":"https:\/\/qqpets.com\/#\/schema\/logo\/image\/","url":"https:\/\/qqpets.com\/wp-content\/uploads\/2023\/09\/cropped-cropped-qqpets-tiktok.jpg","contentUrl":"https:\/\/qqpets.com\/wp-content\/uploads\/2023\/09\/cropped-cropped-qqpets-tiktok.jpg","width":511,"height":511,"caption":"QQPETS"},"image":{"@id":"https:\/\/qqpets.com\/#\/schema\/logo\/image\/"},"sameAs":["https:\/\/www.facebook.com\/QQpetsdogcollars","https:\/\/www.instagram.com\/qqpetscollar\/","https:\/\/www.pinterest.com\/qqpetsdogcollarsfactory\/"]}]}},"_links":{"self":[{"href":"https:\/\/qqpets.com\/pt\/wp-json\/wp\/v2\/product\/4645","targetHints":{"allow":["GET"]}}],"collection":[{"href":"https:\/\/qqpets.com\/pt\/wp-json\/wp\/v2\/product"}],"about":[{"href":"https:\/\/qqpets.com\/pt\/wp-json\/wp\/v2\/types\/product"}],"wp:featuredmedia":[{"embeddable":true,"href":"https:\/\/qqpets.com\/pt\/wp-json\/wp\/v2\/media\/7691"}],"wp:attachment":[{"href":"https:\/\/qqpets.com\/pt\/wp-json\/wp\/v2\/media?parent=4645"}],"wp:term":[{"taxonomy":"product_brand","embeddable":true,"href":"https:\/\/qqpets.com\/pt\/wp-json\/wp\/v2\/product_brand?post=4645"},{"taxonomy":"product_cat","embeddable":true,"href":"https:\/\/qqpets.com\/pt\/wp-json\/wp\/v2\/product_cat?post=4645"},{"taxonomy":"product_tag","embeddable":true,"href":"https:\/\/qqpets.com\/pt\/wp-json\/wp\/v2\/product_tag?post=4645"}],"curies":[{"name":"wp","href":"https:\/\/api.w.org\/{rel}","templated":true}]}}