{"id":7639,"date":"2024-08-30T17:55:25","date_gmt":"2024-08-30T09:55:25","guid":{"rendered":"https:\/\/qqpets.com\/?post_type=product&#038;p=7639"},"modified":"2024-11-11T15:18:38","modified_gmt":"2024-11-11T07:18:38","slug":"no-pull-led-dog-harness","status":"publish","type":"product","link":"https:\/\/qqpets.com\/pt\/produto\/no-pull-led-dog-harness\/","title":{"rendered":"Arn\u00eas de LED sem tra\u00e7\u00e3o para c\u00e3es"},"content":{"rendered":"<p>Apresentamos o nosso inovador No Pull Light Up Dog Harness, projetado especificamente para a seguran\u00e7a e o conforto do seu c\u00e3o durante passeios noturnos. Esse peitoral integra luzes de LED potentes e tiras refletivas de alta visibilidade, garantindo que seu animal de estima\u00e7\u00e3o permane\u00e7a vis\u00edvel em condi\u00e7\u00f5es de baixa luminosidade, aumentando a seguran\u00e7a durante passeios ou em \u00e1reas movimentadas.<\/p>\n<p>Criado para evitar pux\u00f5es, o arn\u00eas apresenta um design sem pux\u00f5es que desestimula suavemente o c\u00e3o a puxar, distribuindo a press\u00e3o no peito em vez de no pesco\u00e7o. Isso n\u00e3o s\u00f3 ajuda a controlar os movimentos do seu animal, mas tamb\u00e9m garante que ele fique confort\u00e1vel durante as caminhadas, reduzindo o estresse do animal e do dono.<\/p>\n<p>As tiras ajust\u00e1veis permitem um ajuste personalizado de acordo com o tamanho e a forma do seu c\u00e3o, garantindo que o arreio permane\u00e7a firme e no lugar sem restringir os movimentos. O design ergon\u00f4mico tamb\u00e9m ajuda a distribuir uniformemente a press\u00e3o para evitar qualquer les\u00e3o, tornando-o adequado para o uso di\u00e1rio.<\/p>\n<p>Nosso No Pull Light Up Dog Harness \u00e9 fabricado com materiais dur\u00e1veis para durar durante in\u00fameras caminhadas e aventuras. \u00c9 f\u00e1cil de usar, com um mecanismo simples para ligar e desligar as luzes, e \u00e9 alimentado por uma bateria pequena e facilmente substitu\u00edvel.<\/p>\n<p>Ideal para donos de animais que levam a seguran\u00e7a a s\u00e9rio, esse peitoral combina funcionalidade pr\u00e1tica com recursos avan\u00e7ados de seguran\u00e7a, garantindo que seus passeios noturnos sejam agrad\u00e1veis e seguros. Equipe o seu c\u00e3o com o nosso No Pull Light Up Dog Harness e tenha a tranquilidade de saber que ele est\u00e1 seguro e vis\u00edvel, n\u00e3o importa a hora do dia ou da noite.<\/p>\n<p><strong>As coleiras de LED s\u00e3o seguras para c\u00e3es?<\/strong><\/p>\n<p>Sim, as coleiras de LED s\u00e3o seguras para c\u00e3es. Elas s\u00e3o projetadas para aumentar a visibilidade e a seguran\u00e7a durante passeios noturnos sem causar desconforto ou danos ao c\u00e3o.<\/p>\n<p><strong>Como funciona uma coleira de LED para c\u00e3es?<\/strong><\/p>\n<p>Uma coleira de LED para c\u00e3es funciona incorporando diodos emissores de luz (LEDs) no tecido da coleira ou como uma faixa anexa, alimentada por pequenas baterias, fazendo com que a coleira se ilumine no escuro.<\/p>\n<p><strong>As luzes LED ajudam os c\u00e3es?<\/strong><\/p>\n<p>As luzes de LED ajudam a aumentar a visibilidade do c\u00e3o para motoristas, ciclistas e outras pessoas em condi\u00e7\u00f5es de baixa luminosidade, aumentando a seguran\u00e7a, mas n\u00e3o oferecem benef\u00edcios diretos, como melhorar a vis\u00e3o do c\u00e3o.<\/p>\n<p><strong>Como lavar uma coleira de LED para c\u00e3es?<\/strong><\/p>\n<p>Para lavar uma coleira LED para c\u00e3es, remova todos os componentes eletr\u00f4nicos, se poss\u00edvel, e lave a coleira \u00e0 m\u00e3o com cuidado, usando sab\u00e3o neutro. Evite submergir na \u00e1gua qualquer pe\u00e7a el\u00e9trica que n\u00e3o seja \u00e0 prova d'\u00e1gua.<\/p>\n<p><strong>Como carregar uma coleira de LED para c\u00e3es?<\/strong><\/p>\n<p>A maioria das coleiras de LED para c\u00e3es \u00e9 carregada por meio de um cabo USB. Basta conectar o cabo \u00e0 porta de carregamento da coleira e conectar a outra extremidade a um carregador USB ou computador.<\/p>\n<p><strong>As coleiras de cachorro atraem raios?<\/strong><\/p>\n<p>N\u00e3o, as coleiras para c\u00e3es n\u00e3o atraem raios. O risco de um raio atingir uma coleira de cachorro \u00e9 extremamente baixo e n\u00e3o \u00e9 uma preocupa\u00e7\u00e3o significativa.<\/p>\n<p><strong>Quais coleiras os veterin\u00e1rios recomendam?<\/strong><\/p>\n<p>Os veterin\u00e1rios geralmente recomendam coleiras que sejam seguras, confort\u00e1veis e adequadas ao tamanho e \u00e0 ra\u00e7a do c\u00e3o. As coleiras com trava ou as coleiras planas ajust\u00e1veis s\u00e3o geralmente recomendadas para o uso di\u00e1rio.<\/p>\n<p><strong>Qual \u00e9 a melhor cor de LED para c\u00e3es?<\/strong><\/p>\n<p>Cores brilhantes, como branco ou azul, s\u00e3o melhores para a visibilidade das coleiras de LED para c\u00e3es, pois s\u00e3o mais vis\u00edveis \u00e0 noite em compara\u00e7\u00e3o com cores mais quentes, que podem se misturar \u00e0 polui\u00e7\u00e3o luminosa urbana.<\/p>","protected":false},"excerpt":{"rendered":"<p>Maximize a seguran\u00e7a do seu c\u00e3o com o nosso No Pull Light Up Dog Harness, equipado com tiras refletivas e luzes embutidas para maior visibilidade. Esse peitoral oferece um design sem pux\u00f5es para controlar o comportamento de puxar, garantindo passeios confort\u00e1veis e sem estresse. Ajust\u00e1vel para um ajuste perfeito, \u00e9 ideal para a seguran\u00e7a noturna, mantendo seu animal de estima\u00e7\u00e3o vis\u00edvel e seguro. A estrutura ergon\u00f4mica distribui a press\u00e3o uniformemente, protegendo o pesco\u00e7o e as costas do seu c\u00e3o durante as caminhadas.<\/p>","protected":false},"featured_media":7642,"template":"","meta":[],"product_brand":[],"product_cat":[23,21],"product_tag":[],"class_list":{"0":"post-7639","1":"product","2":"type-product","3":"status-publish","4":"has-post-thumbnail","6":"product_cat-dog-harness","7":"product_cat-led-product","8":"pa_brand-qqpets","10":"first","11":"instock","12":"shipping-taxable","13":"product-type-simple"},"yoast_head":"<!-- This site is optimized with the Yoast SEO plugin v26.6 - https:\/\/yoast.com\/wordpress\/plugins\/seo\/ -->\n<title>No Pull LED Dog Harness | QQPETS<\/title>\n<meta name=\"description\" content=\"Ensure safety with our No Pull Light Up Dog Harness. Reflective, comfortable, and secure. Perfect for night walks!\" \/>\n<meta name=\"robots\" content=\"index, follow, max-snippet:-1, max-image-preview:large, max-video-preview:-1\" \/>\n<link rel=\"canonical\" href=\"https:\/\/qqpets.com\/pt\/produto\/no-pull-led-dog-harness\/\" \/>\n<meta property=\"og:locale\" content=\"pt_BR\" \/>\n<meta property=\"og:type\" content=\"article\" \/>\n<meta property=\"og:title\" content=\"No Pull LED Dog Harness | QQPETS\" \/>\n<meta property=\"og:description\" content=\"Ensure safety with our No Pull Light Up Dog Harness. Reflective, comfortable, and secure. Perfect for night walks!\" \/>\n<meta property=\"og:url\" content=\"https:\/\/qqpets.com\/pt\/produto\/no-pull-led-dog-harness\/\" \/>\n<meta property=\"og:site_name\" content=\"QQPETS\" \/>\n<meta property=\"article:publisher\" content=\"https:\/\/www.facebook.com\/QQpetsdogcollars\" \/>\n<meta property=\"article:modified_time\" content=\"2024-11-11T07:18:38+00:00\" \/>\n<meta property=\"og:image\" content=\"https:\/\/qqpets.com\/wp-content\/uploads\/2024\/08\/No-Pull-Light-Up-Dog-Harness-With-Reflective-Straps.webp\" \/>\n\t<meta property=\"og:image:width\" content=\"1600\" \/>\n\t<meta property=\"og:image:height\" content=\"1600\" \/>\n\t<meta property=\"og:image:type\" content=\"image\/webp\" \/>\n<meta name=\"twitter:card\" content=\"summary_large_image\" \/>\n<meta name=\"twitter:label1\" content=\"Est. tempo de leitura\" \/>\n\t<meta name=\"twitter:data1\" content=\"3 minutos\" \/>\n<script type=\"application\/ld+json\" class=\"yoast-schema-graph\">{\"@context\":\"https:\/\/schema.org\",\"@graph\":[{\"@type\":\"WebPage\",\"@id\":\"https:\/\/qqpets.com\/product\/no-pull-led-dog-harness\/\",\"url\":\"https:\/\/qqpets.com\/product\/no-pull-led-dog-harness\/\",\"name\":\"No Pull LED Dog Harness | QQPETS\",\"isPartOf\":{\"@id\":\"https:\/\/qqpets.com\/#website\"},\"primaryImageOfPage\":{\"@id\":\"https:\/\/qqpets.com\/product\/no-pull-led-dog-harness\/#primaryimage\"},\"image\":{\"@id\":\"https:\/\/qqpets.com\/product\/no-pull-led-dog-harness\/#primaryimage\"},\"thumbnailUrl\":\"https:\/\/qqpets.com\/wp-content\/uploads\/2024\/08\/No-Pull-Light-Up-Dog-Harness-With-Reflective-Straps.webp\",\"datePublished\":\"2024-08-30T09:55:25+00:00\",\"dateModified\":\"2024-11-11T07:18:38+00:00\",\"description\":\"Ensure safety with our No Pull Light Up Dog Harness. Reflective, comfortable, and secure. Perfect for night walks!\",\"breadcrumb\":{\"@id\":\"https:\/\/qqpets.com\/product\/no-pull-led-dog-harness\/#breadcrumb\"},\"inLanguage\":\"pt-BR\",\"potentialAction\":[{\"@type\":\"ReadAction\",\"target\":[\"https:\/\/qqpets.com\/product\/no-pull-led-dog-harness\/\"]}]},{\"@type\":\"ImageObject\",\"inLanguage\":\"pt-BR\",\"@id\":\"https:\/\/qqpets.com\/product\/no-pull-led-dog-harness\/#primaryimage\",\"url\":\"https:\/\/qqpets.com\/wp-content\/uploads\/2024\/08\/No-Pull-Light-Up-Dog-Harness-With-Reflective-Straps.webp\",\"contentUrl\":\"https:\/\/qqpets.com\/wp-content\/uploads\/2024\/08\/No-Pull-Light-Up-Dog-Harness-With-Reflective-Straps.webp\",\"width\":1600,\"height\":1600},{\"@type\":\"BreadcrumbList\",\"@id\":\"https:\/\/qqpets.com\/product\/no-pull-led-dog-harness\/#breadcrumb\",\"itemListElement\":[{\"@type\":\"ListItem\",\"position\":1,\"name\":\"Home\",\"item\":\"https:\/\/qqpets.com\/\"},{\"@type\":\"ListItem\",\"position\":2,\"name\":\"Products\",\"item\":\"https:\/\/qqpets.com\/pet-products-manufacturer\/\"},{\"@type\":\"ListItem\",\"position\":3,\"name\":\"No Pull LED Dog Harness\"}]},{\"@type\":\"WebSite\",\"@id\":\"https:\/\/qqpets.com\/#website\",\"url\":\"https:\/\/qqpets.com\/\",\"name\":\"QQPETS\",\"description\":\"QQPETS is a pet products factory for dog harnesses, dog collars, dog leashes and dog accessories with professional customized service since 2005.\",\"publisher\":{\"@id\":\"https:\/\/qqpets.com\/#organization\"},\"potentialAction\":[{\"@type\":\"SearchAction\",\"target\":{\"@type\":\"EntryPoint\",\"urlTemplate\":\"https:\/\/qqpets.com\/?s={search_term_string}\"},\"query-input\":{\"@type\":\"PropertyValueSpecification\",\"valueRequired\":true,\"valueName\":\"search_term_string\"}}],\"inLanguage\":\"pt-BR\"},{\"@type\":\"Organization\",\"@id\":\"https:\/\/qqpets.com\/#organization\",\"name\":\"QQPETS\",\"url\":\"https:\/\/qqpets.com\/\",\"logo\":{\"@type\":\"ImageObject\",\"inLanguage\":\"pt-BR\",\"@id\":\"https:\/\/qqpets.com\/#\/schema\/logo\/image\/\",\"url\":\"https:\/\/qqpets.com\/wp-content\/uploads\/2023\/09\/cropped-cropped-qqpets-tiktok.jpg\",\"contentUrl\":\"https:\/\/qqpets.com\/wp-content\/uploads\/2023\/09\/cropped-cropped-qqpets-tiktok.jpg\",\"width\":511,\"height\":511,\"caption\":\"QQPETS\"},\"image\":{\"@id\":\"https:\/\/qqpets.com\/#\/schema\/logo\/image\/\"},\"sameAs\":[\"https:\/\/www.facebook.com\/QQpetsdogcollars\",\"https:\/\/www.instagram.com\/qqpetscollar\/\",\"https:\/\/www.pinterest.com\/qqpetsdogcollarsfactory\/\"]}]}<\/script>\n<!-- \/ Yoast SEO plugin. -->","yoast_head_json":{"title":"Arn\u00eas de LED sem pux\u00e3o para c\u00e3es | QQPETS","description":"Garanta a seguran\u00e7a com o nosso No Pull Light Up Dog Harness. Refletivo, confort\u00e1vel e seguro. Perfeito para passeios noturnos!","robots":{"index":"index","follow":"follow","max-snippet":"max-snippet:-1","max-image-preview":"max-image-preview:large","max-video-preview":"max-video-preview:-1"},"canonical":"https:\/\/qqpets.com\/pt\/produto\/no-pull-led-dog-harness\/","og_locale":"pt_BR","og_type":"article","og_title":"No Pull LED Dog Harness | QQPETS","og_description":"Ensure safety with our No Pull Light Up Dog Harness. Reflective, comfortable, and secure. Perfect for night walks!","og_url":"https:\/\/qqpets.com\/pt\/produto\/no-pull-led-dog-harness\/","og_site_name":"QQPETS","article_publisher":"https:\/\/www.facebook.com\/QQpetsdogcollars","article_modified_time":"2024-11-11T07:18:38+00:00","og_image":[{"width":1600,"height":1600,"url":"https:\/\/qqpets.com\/wp-content\/uploads\/2024\/08\/No-Pull-Light-Up-Dog-Harness-With-Reflective-Straps.webp","type":"image\/webp"}],"twitter_card":"summary_large_image","twitter_misc":{"Est. tempo de leitura":"3 minutos"},"schema":{"@context":"https:\/\/schema.org","@graph":[{"@type":"WebPage","@id":"https:\/\/qqpets.com\/product\/no-pull-led-dog-harness\/","url":"https:\/\/qqpets.com\/product\/no-pull-led-dog-harness\/","name":"Arn\u00eas de LED sem pux\u00e3o para c\u00e3es | QQPETS","isPartOf":{"@id":"https:\/\/qqpets.com\/#website"},"primaryImageOfPage":{"@id":"https:\/\/qqpets.com\/product\/no-pull-led-dog-harness\/#primaryimage"},"image":{"@id":"https:\/\/qqpets.com\/product\/no-pull-led-dog-harness\/#primaryimage"},"thumbnailUrl":"https:\/\/qqpets.com\/wp-content\/uploads\/2024\/08\/No-Pull-Light-Up-Dog-Harness-With-Reflective-Straps.webp","datePublished":"2024-08-30T09:55:25+00:00","dateModified":"2024-11-11T07:18:38+00:00","description":"Garanta a seguran\u00e7a com o nosso No Pull Light Up Dog Harness. Refletivo, confort\u00e1vel e seguro. Perfeito para passeios noturnos!","breadcrumb":{"@id":"https:\/\/qqpets.com\/product\/no-pull-led-dog-harness\/#breadcrumb"},"inLanguage":"pt-BR","potentialAction":[{"@type":"ReadAction","target":["https:\/\/qqpets.com\/product\/no-pull-led-dog-harness\/"]}]},{"@type":"ImageObject","inLanguage":"pt-BR","@id":"https:\/\/qqpets.com\/product\/no-pull-led-dog-harness\/#primaryimage","url":"https:\/\/qqpets.com\/wp-content\/uploads\/2024\/08\/No-Pull-Light-Up-Dog-Harness-With-Reflective-Straps.webp","contentUrl":"https:\/\/qqpets.com\/wp-content\/uploads\/2024\/08\/No-Pull-Light-Up-Dog-Harness-With-Reflective-Straps.webp","width":1600,"height":1600},{"@type":"BreadcrumbList","@id":"https:\/\/qqpets.com\/product\/no-pull-led-dog-harness\/#breadcrumb","itemListElement":[{"@type":"ListItem","position":1,"name":"Home","item":"https:\/\/qqpets.com\/"},{"@type":"ListItem","position":2,"name":"Products","item":"https:\/\/qqpets.com\/pet-products-manufacturer\/"},{"@type":"ListItem","position":3,"name":"No Pull LED Dog Harness"}]},{"@type":"WebSite","@id":"https:\/\/qqpets.com\/#website","url":"https:\/\/qqpets.com\/","name":"QQPETS","description":"A QQPETS \u00e9 uma f\u00e1brica de produtos para animais de estima\u00e7\u00e3o que fabrica arreios, coleiras, coleiras para c\u00e3es e acess\u00f3rios para c\u00e3es com servi\u00e7o personalizado profissional desde 2005.","publisher":{"@id":"https:\/\/qqpets.com\/#organization"},"potentialAction":[{"@type":"SearchAction","target":{"@type":"EntryPoint","urlTemplate":"https:\/\/qqpets.com\/?s={search_term_string}"},"query-input":{"@type":"PropertyValueSpecification","valueRequired":true,"valueName":"search_term_string"}}],"inLanguage":"pt-BR"},{"@type":"Organization","@id":"https:\/\/qqpets.com\/#organization","name":"QQPETS","url":"https:\/\/qqpets.com\/","logo":{"@type":"ImageObject","inLanguage":"pt-BR","@id":"https:\/\/qqpets.com\/#\/schema\/logo\/image\/","url":"https:\/\/qqpets.com\/wp-content\/uploads\/2023\/09\/cropped-cropped-qqpets-tiktok.jpg","contentUrl":"https:\/\/qqpets.com\/wp-content\/uploads\/2023\/09\/cropped-cropped-qqpets-tiktok.jpg","width":511,"height":511,"caption":"QQPETS"},"image":{"@id":"https:\/\/qqpets.com\/#\/schema\/logo\/image\/"},"sameAs":["https:\/\/www.facebook.com\/QQpetsdogcollars","https:\/\/www.instagram.com\/qqpetscollar\/","https:\/\/www.pinterest.com\/qqpetsdogcollarsfactory\/"]}]}},"_links":{"self":[{"href":"https:\/\/qqpets.com\/pt\/wp-json\/wp\/v2\/product\/7639","targetHints":{"allow":["GET"]}}],"collection":[{"href":"https:\/\/qqpets.com\/pt\/wp-json\/wp\/v2\/product"}],"about":[{"href":"https:\/\/qqpets.com\/pt\/wp-json\/wp\/v2\/types\/product"}],"wp:featuredmedia":[{"embeddable":true,"href":"https:\/\/qqpets.com\/pt\/wp-json\/wp\/v2\/media\/7642"}],"wp:attachment":[{"href":"https:\/\/qqpets.com\/pt\/wp-json\/wp\/v2\/media?parent=7639"}],"wp:term":[{"taxonomy":"product_brand","embeddable":true,"href":"https:\/\/qqpets.com\/pt\/wp-json\/wp\/v2\/product_brand?post=7639"},{"taxonomy":"product_cat","embeddable":true,"href":"https:\/\/qqpets.com\/pt\/wp-json\/wp\/v2\/product_cat?post=7639"},{"taxonomy":"product_tag","embeddable":true,"href":"https:\/\/qqpets.com\/pt\/wp-json\/wp\/v2\/product_tag?post=7639"}],"curies":[{"name":"wp","href":"https:\/\/api.w.org\/{rel}","templated":true}]}}