{"id":7682,"date":"2024-08-31T16:29:37","date_gmt":"2024-08-31T08:29:37","guid":{"rendered":"https:\/\/qqpets.com\/?post_type=product&#038;p=7682"},"modified":"2024-11-13T14:00:30","modified_gmt":"2024-11-13T06:00:30","slug":"adjustable-dog-harness-and-leash-set","status":"publish","type":"product","link":"https:\/\/qqpets.com\/pt\/produto\/adjustable-dog-harness-and-leash-set\/","title":{"rendered":"Conjunto de coleira e peitoral ajust\u00e1vel com acolchoamento de neoprene para c\u00e3es"},"content":{"rendered":"<p>Apresentamos a combina\u00e7\u00e3o perfeita de estilo, conforto e durabilidade - nosso conjunto de coleira e peitoral ajust\u00e1vel de neoprene para c\u00e3es. Esse conjunto foi especialmente projetado para donos de animais que valorizam tanto a est\u00e9tica quanto a funcionalidade. O peitoral \u00e9 feito de neoprene de alta qualidade, conhecido por suas propriedades de resist\u00eancia \u00e0s intemp\u00e9ries e de absor\u00e7\u00e3o de choques, proporcionando uma almofada macia que envolve o corpo do seu c\u00e3o confortavelmente.<\/p>\n<p>As al\u00e7as ajust\u00e1veis permitem que voc\u00ea personalize o ajuste de acordo com o formato exclusivo do seu c\u00e3o, garantindo que ele fique seguro sem nenhum desconforto. O material de neoprene n\u00e3o \u00e9 apenas dur\u00e1vel, mas tamb\u00e9m f\u00e1cil de limpar, facilitando a manuten\u00e7\u00e3o.<\/p>\n<p>Nossa guia combinando com o arreio complementa lindamente, criando um visual unificado que far\u00e1 com que seu c\u00e3o seja invejado no parque. A guia apresenta uma al\u00e7a de m\u00e3o confort\u00e1vel e um clipe resistente para f\u00e1cil fixa\u00e7\u00e3o ao peitoral. Juntos, o conjunto oferece uma solu\u00e7\u00e3o confi\u00e1vel e elegante para todas as suas aventuras ao ar livre.<\/p>\n<p>Ideal para o uso di\u00e1rio, seja para um passeio no parque, uma excurs\u00e3o na cidade ou uma corrida na praia, nosso conjunto de coleira e peitoral ajust\u00e1vel de neoprene para c\u00e3es garante que seu animal de estima\u00e7\u00e3o esteja equipado com conforto e estilo de primeira linha. Invista nesse conjunto para ter uma experi\u00eancia de passeio agrad\u00e1vel e sem complica\u00e7\u00f5es, dando ao seu c\u00e3o a liberdade de explorar e mantendo-o sob controle com seguran\u00e7a.<\/p>\n<h6><strong>O neoprene \u00e9 um bom material para um peitoral para c\u00e3es?<\/strong><\/h6>\n<p>Sim, o neoprene \u00e9 um bom material para um peitoral para c\u00e3es, pois \u00e9 macio, acolchoado e resistente \u00e0 \u00e1gua, tornando-o confort\u00e1vel para o c\u00e3o usar em v\u00e1rias condi\u00e7\u00f5es clim\u00e1ticas.<\/p>\n<h6><strong>Qual \u00e9 o material mais resistente para uma coleira de cachorro?<\/strong><\/h6>\n<p>O nylon e o couro s\u00e3o os materiais mais resistentes para uma coleira de cachorro, oferecendo durabilidade e for\u00e7a confi\u00e1vel para lidar com c\u00e3es de todos os tamanhos.<\/p>\n<h6><strong>Qual arn\u00eas os veterin\u00e1rios recomendam?<\/strong><\/h6>\n<p>Os veterin\u00e1rios geralmente recomendam arreios acolchoados e ajust\u00e1veis que distribuem a press\u00e3o uniformemente e n\u00e3o restringem a respira\u00e7\u00e3o ou os movimentos, especialmente para c\u00e3es com tend\u00eancia a problemas respirat\u00f3rios ou colapso traqueal.<\/p>\n<h6><strong>Que tipo de peitoral \u00e9 melhor para um c\u00e3o que puxa?<\/strong><\/h6>\n<p>Um arn\u00eas sem pux\u00e3o com um acess\u00f3rio de coleira frontal \u00e9 o melhor para um c\u00e3o que puxa, pois proporciona controle ao redirecionar o c\u00e3o de volta para o propriet\u00e1rio quando ele tenta puxar.<\/p>\n<h6><strong>Meu c\u00e3o deve usar um peitoral o tempo todo?<\/strong><\/h6>\n<p>N\u00e3o, n\u00e3o \u00e9 recomend\u00e1vel que o c\u00e3o use um peitoral o tempo todo, pois ele pode causar irrita\u00e7\u00e3o ou desconforto na pele. Ele deve ser removido quando n\u00e3o estiver em uso, especialmente em ambientes fechados.<\/p>\n<h6><strong>Qual \u00e9 o melhor arreio confort\u00e1vel para c\u00e3es?<\/strong><\/h6>\n<p>O Ruffwear Front Range Harness \u00e9 amplamente considerado como um dos melhores arreios confort\u00e1veis para c\u00e3es. Ele apresenta amplo acolchoamento, tiras ajust\u00e1veis e design ergon\u00f4mico que garante conforto e facilidade de movimento para o c\u00e3o.<\/p>\n<h6><strong>O que \u00e9 um arn\u00eas ajust\u00e1vel?<\/strong><\/h6>\n<p>Um peitoral ajust\u00e1vel \u00e9 um tipo de peitoral para c\u00e3es projetado com v\u00e1rios pontos de ajuste que permitem personalizar o ajuste ao tamanho e \u00e0 forma do seu c\u00e3o. Isso garante um ajuste confort\u00e1vel e, ao mesmo tempo, mant\u00e9m o conforto, o que \u00e9 fundamental para evitar fugas e distribuir uniformemente a press\u00e3o.<\/p>\n<h6><strong>Qual \u00e9 a diferen\u00e7a entre um arn\u00eas para c\u00e3es e um arn\u00eas sem tra\u00e7\u00e3o?<\/strong><\/h6>\n<p>Um arreio padr\u00e3o para c\u00e3es normalmente tem um acess\u00f3rio para a coleira na parte traseira e \u00e9 usado para prender o c\u00e3o de forma mais confort\u00e1vel do que uma coleira. Um arreio antipux\u00e3o geralmente apresenta um encaixe de guia frontal ou encaixes duplos (frontal e traseiro) e \u00e9 projetado especificamente para desencorajar o pux\u00e3o, redirecionando o movimento do c\u00e3o em sua dire\u00e7\u00e3o quando ele tenta puxar para frente.<\/p>\n<h6><strong>Os arreios para c\u00e3es impedem que eles puxem?<\/strong><\/h6>\n<p>Os arreios comuns para c\u00e3es n\u00e3o necessariamente impedem que os c\u00e3es puxem, pois eles ainda podem permitir que os c\u00e3es usem toda a sua for\u00e7a para puxar para frente, especialmente se a guia estiver presa na parte de tr\u00e1s. Os arreios antipux\u00e3o, com fixa\u00e7\u00f5es frontais, s\u00e3o mais eficazes para reduzir o pux\u00e3o porque redirecionam a for\u00e7a do pux\u00e3o e a tornam menos recompensadora para o c\u00e3o.<\/p>\n<h6><strong>Quais s\u00e3o as desvantagens de um arn\u00eas sem tra\u00e7\u00e3o?<\/strong><\/h6>\n<ul>\n<li style=\"list-style-type: none;\">\n<ul>\n<li><strong>Desconforto ou irrita\u00e7\u00e3o<\/strong>: O ajuste inadequado, especialmente na \u00e1rea frontal do peito, pode causar desconforto ou irrita\u00e7\u00e3o.<\/li>\n<li><strong>Complexidade no uso<\/strong>: Alguns arreios sem tra\u00e7\u00e3o podem ser mais complexos de serem colocados corretamente, especialmente aqueles com v\u00e1rios pontos de ajuste e correias.<\/li>\n<li><strong>Resist\u00eancia comportamental em potencial<\/strong>: Alguns c\u00e3es podem resistir ou reagir negativamente \u00e0 sensa\u00e7\u00e3o de serem guiados ou \u00e0 press\u00e3o aplicada quando puxam. Isso pode ser atenuado com treinamento adequado e aclimata\u00e7\u00e3o gradual ao arreio.<\/li>\n<li><strong>Depend\u00eancia<\/strong>: Confiar apenas em um arreio antipux\u00e3o sem treinamento adequado pode levar \u00e0 depend\u00eancia do equipamento para controlar o pux\u00e3o, em vez de ensinar o c\u00e3o a n\u00e3o puxar por meio de treinamento e refor\u00e7o.<\/li>\n<\/ul>\n<\/li>\n<\/ul>","protected":false},"excerpt":{"rendered":"<p>Atualize o equipamento do seu c\u00e3o com o nosso conjunto de coleira e peitoral ajust\u00e1vel de neoprene para c\u00e3es. Projetado para proporcionar conforto e estilo, esse conjunto apresenta estofamento de neoprene macio para m\u00e1ximo conforto e tiras ajust\u00e1veis para um encaixe perfeito. A coleira combinando proporciona um visual coeso, e as ferragens dur\u00e1veis garantem um uso duradouro. Ideal para caminhadas di\u00e1rias, esse conjunto combina funcionalidade com um design elegante, garantindo que seu animal de estima\u00e7\u00e3o caminhe com conforto e estilo.<\/p>","protected":false},"featured_media":7683,"template":"","meta":[],"product_brand":[],"product_cat":[23],"product_tag":[],"class_list":{"0":"post-7682","1":"product","2":"type-product","3":"status-publish","4":"has-post-thumbnail","6":"product_cat-dog-harness","7":"pa_brand-qqpets","9":"first","10":"instock","11":"shipping-taxable","12":"product-type-simple"},"yoast_head":"<!-- This site is optimized with the Yoast SEO plugin v26.6 - https:\/\/yoast.com\/wordpress\/plugins\/seo\/ -->\n<title>Neoprene Padding Adjustable Dog Harness And Leash Set | QQPETS<\/title>\n<meta name=\"description\" content=\"Comfort meets style with our Neoprene Adjustable Dog Harness. Perfect fit for any dog. Durable &amp; stylish. Shop now!\" \/>\n<meta name=\"robots\" content=\"index, follow, max-snippet:-1, max-image-preview:large, max-video-preview:-1\" \/>\n<link rel=\"canonical\" href=\"https:\/\/qqpets.com\/pt\/produto\/adjustable-dog-harness-and-leash-set\/\" \/>\n<meta property=\"og:locale\" content=\"pt_BR\" \/>\n<meta property=\"og:type\" content=\"article\" \/>\n<meta property=\"og:title\" content=\"Neoprene Padding Adjustable Dog Harness And Leash Set | QQPETS\" \/>\n<meta property=\"og:description\" content=\"Comfort meets style with our Neoprene Adjustable Dog Harness. Perfect fit for any dog. Durable &amp; stylish. Shop now!\" \/>\n<meta property=\"og:url\" content=\"https:\/\/qqpets.com\/pt\/produto\/adjustable-dog-harness-and-leash-set\/\" \/>\n<meta property=\"og:site_name\" content=\"QQPETS\" \/>\n<meta property=\"article:publisher\" content=\"https:\/\/www.facebook.com\/QQpetsdogcollars\" \/>\n<meta property=\"article:modified_time\" content=\"2024-11-13T06:00:30+00:00\" \/>\n<meta property=\"og:image\" content=\"https:\/\/qqpets.com\/wp-content\/uploads\/2024\/08\/padding-dog-harness.webp\" \/>\n\t<meta property=\"og:image:width\" content=\"1600\" \/>\n\t<meta property=\"og:image:height\" content=\"1600\" \/>\n\t<meta property=\"og:image:type\" content=\"image\/webp\" \/>\n<meta name=\"twitter:card\" content=\"summary_large_image\" \/>\n<meta name=\"twitter:label1\" content=\"Est. tempo de leitura\" \/>\n\t<meta name=\"twitter:data1\" content=\"4 minutos\" \/>\n<script type=\"application\/ld+json\" class=\"yoast-schema-graph\">{\"@context\":\"https:\/\/schema.org\",\"@graph\":[{\"@type\":\"WebPage\",\"@id\":\"https:\/\/qqpets.com\/product\/adjustable-dog-harness-and-leash-set\/\",\"url\":\"https:\/\/qqpets.com\/product\/adjustable-dog-harness-and-leash-set\/\",\"name\":\"Neoprene Padding Adjustable Dog Harness And Leash Set | QQPETS\",\"isPartOf\":{\"@id\":\"https:\/\/qqpets.com\/#website\"},\"primaryImageOfPage\":{\"@id\":\"https:\/\/qqpets.com\/product\/adjustable-dog-harness-and-leash-set\/#primaryimage\"},\"image\":{\"@id\":\"https:\/\/qqpets.com\/product\/adjustable-dog-harness-and-leash-set\/#primaryimage\"},\"thumbnailUrl\":\"https:\/\/qqpets.com\/wp-content\/uploads\/2024\/08\/padding-dog-harness.webp\",\"datePublished\":\"2024-08-31T08:29:37+00:00\",\"dateModified\":\"2024-11-13T06:00:30+00:00\",\"description\":\"Comfort meets style with our Neoprene Adjustable Dog Harness. Perfect fit for any dog. Durable & stylish. Shop now!\",\"breadcrumb\":{\"@id\":\"https:\/\/qqpets.com\/product\/adjustable-dog-harness-and-leash-set\/#breadcrumb\"},\"inLanguage\":\"pt-BR\",\"potentialAction\":[{\"@type\":\"ReadAction\",\"target\":[\"https:\/\/qqpets.com\/product\/adjustable-dog-harness-and-leash-set\/\"]}]},{\"@type\":\"ImageObject\",\"inLanguage\":\"pt-BR\",\"@id\":\"https:\/\/qqpets.com\/product\/adjustable-dog-harness-and-leash-set\/#primaryimage\",\"url\":\"https:\/\/qqpets.com\/wp-content\/uploads\/2024\/08\/padding-dog-harness.webp\",\"contentUrl\":\"https:\/\/qqpets.com\/wp-content\/uploads\/2024\/08\/padding-dog-harness.webp\",\"width\":1600,\"height\":1600},{\"@type\":\"BreadcrumbList\",\"@id\":\"https:\/\/qqpets.com\/product\/adjustable-dog-harness-and-leash-set\/#breadcrumb\",\"itemListElement\":[{\"@type\":\"ListItem\",\"position\":1,\"name\":\"Home\",\"item\":\"https:\/\/qqpets.com\/\"},{\"@type\":\"ListItem\",\"position\":2,\"name\":\"Products\",\"item\":\"https:\/\/qqpets.com\/pet-products-manufacturer\/\"},{\"@type\":\"ListItem\",\"position\":3,\"name\":\"Neoprene Padding Adjustable Dog Harness And Leash Set\"}]},{\"@type\":\"WebSite\",\"@id\":\"https:\/\/qqpets.com\/#website\",\"url\":\"https:\/\/qqpets.com\/\",\"name\":\"QQPETS\",\"description\":\"QQPETS is a pet products factory for dog harnesses, dog collars, dog leashes and dog accessories with professional customized service since 2005.\",\"publisher\":{\"@id\":\"https:\/\/qqpets.com\/#organization\"},\"potentialAction\":[{\"@type\":\"SearchAction\",\"target\":{\"@type\":\"EntryPoint\",\"urlTemplate\":\"https:\/\/qqpets.com\/?s={search_term_string}\"},\"query-input\":{\"@type\":\"PropertyValueSpecification\",\"valueRequired\":true,\"valueName\":\"search_term_string\"}}],\"inLanguage\":\"pt-BR\"},{\"@type\":\"Organization\",\"@id\":\"https:\/\/qqpets.com\/#organization\",\"name\":\"QQPETS\",\"url\":\"https:\/\/qqpets.com\/\",\"logo\":{\"@type\":\"ImageObject\",\"inLanguage\":\"pt-BR\",\"@id\":\"https:\/\/qqpets.com\/#\/schema\/logo\/image\/\",\"url\":\"https:\/\/qqpets.com\/wp-content\/uploads\/2023\/09\/cropped-cropped-qqpets-tiktok.jpg\",\"contentUrl\":\"https:\/\/qqpets.com\/wp-content\/uploads\/2023\/09\/cropped-cropped-qqpets-tiktok.jpg\",\"width\":511,\"height\":511,\"caption\":\"QQPETS\"},\"image\":{\"@id\":\"https:\/\/qqpets.com\/#\/schema\/logo\/image\/\"},\"sameAs\":[\"https:\/\/www.facebook.com\/QQpetsdogcollars\",\"https:\/\/www.instagram.com\/qqpetscollar\/\",\"https:\/\/www.pinterest.com\/qqpetsdogcollarsfactory\/\"]}]}<\/script>\n<!-- \/ Yoast SEO plugin. -->","yoast_head_json":{"title":"Conjunto de coleira e guia ajust\u00e1vel com acolchoamento de neoprene para c\u00e3es | QQPETS","description":"O conforto encontra o estilo com nosso Arn\u00eas Ajust\u00e1vel de Neoprene para C\u00e3es. Ajuste perfeito para qualquer c\u00e3o. Dur\u00e1vel e com estilo. Compre agora!","robots":{"index":"index","follow":"follow","max-snippet":"max-snippet:-1","max-image-preview":"max-image-preview:large","max-video-preview":"max-video-preview:-1"},"canonical":"https:\/\/qqpets.com\/pt\/produto\/adjustable-dog-harness-and-leash-set\/","og_locale":"pt_BR","og_type":"article","og_title":"Neoprene Padding Adjustable Dog Harness And Leash Set | QQPETS","og_description":"Comfort meets style with our Neoprene Adjustable Dog Harness. Perfect fit for any dog. Durable & stylish. Shop now!","og_url":"https:\/\/qqpets.com\/pt\/produto\/adjustable-dog-harness-and-leash-set\/","og_site_name":"QQPETS","article_publisher":"https:\/\/www.facebook.com\/QQpetsdogcollars","article_modified_time":"2024-11-13T06:00:30+00:00","og_image":[{"width":1600,"height":1600,"url":"https:\/\/qqpets.com\/wp-content\/uploads\/2024\/08\/padding-dog-harness.webp","type":"image\/webp"}],"twitter_card":"summary_large_image","twitter_misc":{"Est. tempo de leitura":"4 minutos"},"schema":{"@context":"https:\/\/schema.org","@graph":[{"@type":"WebPage","@id":"https:\/\/qqpets.com\/product\/adjustable-dog-harness-and-leash-set\/","url":"https:\/\/qqpets.com\/product\/adjustable-dog-harness-and-leash-set\/","name":"Conjunto de coleira e guia ajust\u00e1vel com acolchoamento de neoprene para c\u00e3es | QQPETS","isPartOf":{"@id":"https:\/\/qqpets.com\/#website"},"primaryImageOfPage":{"@id":"https:\/\/qqpets.com\/product\/adjustable-dog-harness-and-leash-set\/#primaryimage"},"image":{"@id":"https:\/\/qqpets.com\/product\/adjustable-dog-harness-and-leash-set\/#primaryimage"},"thumbnailUrl":"https:\/\/qqpets.com\/wp-content\/uploads\/2024\/08\/padding-dog-harness.webp","datePublished":"2024-08-31T08:29:37+00:00","dateModified":"2024-11-13T06:00:30+00:00","description":"O conforto encontra o estilo com nosso Arn\u00eas Ajust\u00e1vel de Neoprene para C\u00e3es. Ajuste perfeito para qualquer c\u00e3o. Dur\u00e1vel e com estilo. Compre agora!","breadcrumb":{"@id":"https:\/\/qqpets.com\/product\/adjustable-dog-harness-and-leash-set\/#breadcrumb"},"inLanguage":"pt-BR","potentialAction":[{"@type":"ReadAction","target":["https:\/\/qqpets.com\/product\/adjustable-dog-harness-and-leash-set\/"]}]},{"@type":"ImageObject","inLanguage":"pt-BR","@id":"https:\/\/qqpets.com\/product\/adjustable-dog-harness-and-leash-set\/#primaryimage","url":"https:\/\/qqpets.com\/wp-content\/uploads\/2024\/08\/padding-dog-harness.webp","contentUrl":"https:\/\/qqpets.com\/wp-content\/uploads\/2024\/08\/padding-dog-harness.webp","width":1600,"height":1600},{"@type":"BreadcrumbList","@id":"https:\/\/qqpets.com\/product\/adjustable-dog-harness-and-leash-set\/#breadcrumb","itemListElement":[{"@type":"ListItem","position":1,"name":"Home","item":"https:\/\/qqpets.com\/"},{"@type":"ListItem","position":2,"name":"Products","item":"https:\/\/qqpets.com\/pet-products-manufacturer\/"},{"@type":"ListItem","position":3,"name":"Neoprene Padding Adjustable Dog Harness And Leash Set"}]},{"@type":"WebSite","@id":"https:\/\/qqpets.com\/#website","url":"https:\/\/qqpets.com\/","name":"QQPETS","description":"A QQPETS \u00e9 uma f\u00e1brica de produtos para animais de estima\u00e7\u00e3o que fabrica arreios, coleiras, coleiras para c\u00e3es e acess\u00f3rios para c\u00e3es com servi\u00e7o personalizado profissional desde 2005.","publisher":{"@id":"https:\/\/qqpets.com\/#organization"},"potentialAction":[{"@type":"SearchAction","target":{"@type":"EntryPoint","urlTemplate":"https:\/\/qqpets.com\/?s={search_term_string}"},"query-input":{"@type":"PropertyValueSpecification","valueRequired":true,"valueName":"search_term_string"}}],"inLanguage":"pt-BR"},{"@type":"Organization","@id":"https:\/\/qqpets.com\/#organization","name":"QQPETS","url":"https:\/\/qqpets.com\/","logo":{"@type":"ImageObject","inLanguage":"pt-BR","@id":"https:\/\/qqpets.com\/#\/schema\/logo\/image\/","url":"https:\/\/qqpets.com\/wp-content\/uploads\/2023\/09\/cropped-cropped-qqpets-tiktok.jpg","contentUrl":"https:\/\/qqpets.com\/wp-content\/uploads\/2023\/09\/cropped-cropped-qqpets-tiktok.jpg","width":511,"height":511,"caption":"QQPETS"},"image":{"@id":"https:\/\/qqpets.com\/#\/schema\/logo\/image\/"},"sameAs":["https:\/\/www.facebook.com\/QQpetsdogcollars","https:\/\/www.instagram.com\/qqpetscollar\/","https:\/\/www.pinterest.com\/qqpetsdogcollarsfactory\/"]}]}},"_links":{"self":[{"href":"https:\/\/qqpets.com\/pt\/wp-json\/wp\/v2\/product\/7682","targetHints":{"allow":["GET"]}}],"collection":[{"href":"https:\/\/qqpets.com\/pt\/wp-json\/wp\/v2\/product"}],"about":[{"href":"https:\/\/qqpets.com\/pt\/wp-json\/wp\/v2\/types\/product"}],"wp:featuredmedia":[{"embeddable":true,"href":"https:\/\/qqpets.com\/pt\/wp-json\/wp\/v2\/media\/7683"}],"wp:attachment":[{"href":"https:\/\/qqpets.com\/pt\/wp-json\/wp\/v2\/media?parent=7682"}],"wp:term":[{"taxonomy":"product_brand","embeddable":true,"href":"https:\/\/qqpets.com\/pt\/wp-json\/wp\/v2\/product_brand?post=7682"},{"taxonomy":"product_cat","embeddable":true,"href":"https:\/\/qqpets.com\/pt\/wp-json\/wp\/v2\/product_cat?post=7682"},{"taxonomy":"product_tag","embeddable":true,"href":"https:\/\/qqpets.com\/pt\/wp-json\/wp\/v2\/product_tag?post=7682"}],"curies":[{"name":"wp","href":"https:\/\/api.w.org\/{rel}","templated":true}]}}