{"id":7727,"date":"2024-09-02T10:28:26","date_gmt":"2024-09-02T02:28:26","guid":{"rendered":"https:\/\/qqpets.com\/?post_type=product&#038;p=7727"},"modified":"2024-09-24T17:54:22","modified_gmt":"2024-09-24T09:54:22","slug":"no-pull-dog-harness","status":"publish","type":"product","link":"https:\/\/qqpets.com\/pt\/produto\/no-pull-dog-harness\/","title":{"rendered":"Arn\u00eas para c\u00e3es sem tra\u00e7\u00e3o"},"content":{"rendered":"<p>Apresentamos o No Pull Dog Harness, sua solu\u00e7\u00e3o definitiva para uma experi\u00eancia de passeio mais controlada e confort\u00e1vel. Esse arn\u00eas inovador foi projetado especificamente para desencorajar o pux\u00e3o, ajudando-o a controlar os movimentos do seu c\u00e3o com facilidade e a evitar o estresse do pux\u00e3o.<\/p>\n<p>A principal caracter\u00edstica desse peitoral \u00e9 a fixa\u00e7\u00e3o exclusiva da guia frontal, que redireciona suavemente o impulso do c\u00e3o para a lateral, em vez de permitir o pux\u00e3o direto da guia. Esse m\u00e9todo n\u00e3o apenas reduz o comportamento de puxar, mas tamb\u00e9m ajuda a treinar seu c\u00e3o para andar ao seu lado sem a necessidade de corre\u00e7\u00f5es severas.<\/p>\n<p>A capacidade de ajuste \u00e9 fundamental, e esse arn\u00eas oferece al\u00e7as totalmente ajust\u00e1veis que garantem um ajuste confort\u00e1vel e seguro em qualquer ra\u00e7a de c\u00e3o. Fabricado com materiais dur\u00e1veis e de alta qualidade, ele suporta os rigores di\u00e1rios das caminhadas e atividades ao ar livre, garantindo o uso a longo prazo.<\/p>\n<p>Ideal tanto para donos de animais de estima\u00e7\u00e3o iniciantes quanto para treinadores experientes, o No Pull Dog Harness \u00e9 uma ferramenta indispens\u00e1vel para melhorar os h\u00e1bitos de caminhada e aumentar o v\u00ednculo entre voc\u00ea e seu animal de estima\u00e7\u00e3o. Independentemente de voc\u00ea estar lidando com um filhote entusiasmado ou um c\u00e3o adulto forte, esse arreio torna a caminhada um prazer, n\u00e3o uma tarefa \u00e1rdua.<\/p>\n<h6><strong>Qual \u00e9 o melhor arreio para impedir que o c\u00e3o puxe?<\/strong><\/h6>\n<p>O PetSafe Easy Walk Harness \u00e9 altamente recomendado para impedir que os c\u00e3es puxem, pois possui um acess\u00f3rio de coleira frontal que redireciona o c\u00e3o para voc\u00ea quando ele tenta puxar.<\/p>\n<h6><strong>Os arreios para c\u00e3es que n\u00e3o puxam realmente funcionam?<\/strong><\/h6>\n<p>Sim, os arreios para c\u00e3es que n\u00e3o puxam podem ser eficazes, pois desencorajam o pux\u00e3o por meio de redirecionamento e press\u00e3o suave, tornando desconfort\u00e1vel para o c\u00e3o continuar puxando.<\/p>\n<h6><strong>Qual \u00e9 a diferen\u00e7a entre um arn\u00eas sem tra\u00e7\u00e3o e um arn\u00eas comum?<\/strong><\/h6>\n<p>Um arn\u00eas sem pux\u00e3o geralmente apresenta fixa\u00e7\u00f5es de coleira na frente ou projetos especiais que aplicam uma leve press\u00e3o para desencorajar o pux\u00e3o, enquanto um arn\u00eas comum geralmente tem a fixa\u00e7\u00e3o de coleira na parte de tr\u00e1s e n\u00e3o impede o pux\u00e3o.<\/p>\n<h6><strong>Por que os treinadores de c\u00e3es n\u00e3o gostam de arreios?<\/strong><\/h6>\n<p>Alguns treinadores de c\u00e3es acreditam que os arreios podem incentivar a tra\u00e7\u00e3o porque permitem que os c\u00e3es usem o peso do corpo para puxar com mais efici\u00eancia e podem n\u00e3o fornecer controle suficiente durante o treinamento para determinados comportamentos.<\/p>\n<h6><strong>Como fa\u00e7o para que meu c\u00e3o pare de puxar muito?<\/strong><\/h6>\n<p>O treinamento consistente com refor\u00e7o positivo, combinado com o uso de um arreio antipux\u00e3o, pode reduzir efetivamente o pux\u00e3o extremo. O treinamento deve envolver comandos como \"calcanhar\" e recompensar o c\u00e3o por manter a guia solta.<\/p>\n<h6><strong>\u00c9 melhor usar uma coleira ou um arreio para puxar?<\/strong><\/h6>\n<p>Em geral, um peitoral \u00e9 melhor do que uma coleira para c\u00e3es que puxam. O arreio distribui a press\u00e3o de forma mais uniforme ao redor do corpo do c\u00e3o, reduzindo a tens\u00e3o no pesco\u00e7o e proporcionando melhor controle para o propriet\u00e1rio.<\/p>","protected":false},"excerpt":{"rendered":"<p>Transforme suas caminhadas com o nosso Arreio No Pull para C\u00e3es, projetado para evitar pux\u00f5es e aumentar o controle. Esse peitoral apresenta um design exclusivo de la\u00e7o frontal que redireciona suavemente o movimento do seu c\u00e3o sem causar desconforto. Ajust\u00e1vel para o ajuste perfeito, \u00e9 feito de materiais dur\u00e1veis para uso duradouro. Ideal para treinamento ou passeios di\u00e1rios, ele proporciona uma experi\u00eancia confort\u00e1vel e sem estresse para o animal e o dono.<\/p>","protected":false},"featured_media":8231,"template":"","meta":[],"product_brand":[],"product_cat":[23],"product_tag":[],"class_list":{"0":"post-7727","1":"product","2":"type-product","3":"status-publish","4":"has-post-thumbnail","6":"product_cat-dog-harness","7":"pa_brand-qqpets","9":"first","10":"instock","11":"shipping-taxable","12":"product-type-simple"},"yoast_head":"<!-- This site is optimized with the Yoast SEO plugin v26.6 - https:\/\/yoast.com\/wordpress\/plugins\/seo\/ -->\n<title>No Pull Dog Harness | QQPETS<\/title>\n<meta name=\"description\" content=\"Master the walk with our No Pull Dog Harness. Reduce pulling and enhance control. Shop now for comfort!\" \/>\n<meta name=\"robots\" content=\"index, follow, max-snippet:-1, max-image-preview:large, max-video-preview:-1\" \/>\n<link rel=\"canonical\" href=\"https:\/\/qqpets.com\/pt\/produto\/no-pull-dog-harness\/\" \/>\n<meta property=\"og:locale\" content=\"pt_BR\" \/>\n<meta property=\"og:type\" content=\"article\" \/>\n<meta property=\"og:title\" content=\"No Pull Dog Harness | QQPETS\" \/>\n<meta property=\"og:description\" content=\"Master the walk with our No Pull Dog Harness. Reduce pulling and enhance control. Shop now for comfort!\" \/>\n<meta property=\"og:url\" content=\"https:\/\/qqpets.com\/pt\/produto\/no-pull-dog-harness\/\" \/>\n<meta property=\"og:site_name\" content=\"QQPETS\" \/>\n<meta property=\"article:publisher\" content=\"https:\/\/www.facebook.com\/QQpetsdogcollars\" \/>\n<meta property=\"article:modified_time\" content=\"2024-09-24T09:54:22+00:00\" \/>\n<meta property=\"og:image\" content=\"https:\/\/qqpets.com\/wp-content\/uploads\/2024\/09\/no-pull-dog-harness-black-extra-large.webp\" \/>\n\t<meta property=\"og:image:width\" content=\"1000\" \/>\n\t<meta property=\"og:image:height\" content=\"1000\" \/>\n\t<meta property=\"og:image:type\" content=\"image\/webp\" \/>\n<meta name=\"twitter:card\" content=\"summary_large_image\" \/>\n<meta name=\"twitter:label1\" content=\"Est. tempo de leitura\" \/>\n\t<meta name=\"twitter:data1\" content=\"3 minutos\" \/>\n<script type=\"application\/ld+json\" class=\"yoast-schema-graph\">{\"@context\":\"https:\/\/schema.org\",\"@graph\":[{\"@type\":\"WebPage\",\"@id\":\"https:\/\/qqpets.com\/product\/no-pull-dog-harness\/\",\"url\":\"https:\/\/qqpets.com\/product\/no-pull-dog-harness\/\",\"name\":\"No Pull Dog Harness | QQPETS\",\"isPartOf\":{\"@id\":\"https:\/\/qqpets.com\/#website\"},\"primaryImageOfPage\":{\"@id\":\"https:\/\/qqpets.com\/product\/no-pull-dog-harness\/#primaryimage\"},\"image\":{\"@id\":\"https:\/\/qqpets.com\/product\/no-pull-dog-harness\/#primaryimage\"},\"thumbnailUrl\":\"https:\/\/qqpets.com\/wp-content\/uploads\/2024\/09\/no-pull-dog-harness-black-extra-large.webp\",\"datePublished\":\"2024-09-02T02:28:26+00:00\",\"dateModified\":\"2024-09-24T09:54:22+00:00\",\"description\":\"Master the walk with our No Pull Dog Harness. Reduce pulling and enhance control. Shop now for comfort!\",\"breadcrumb\":{\"@id\":\"https:\/\/qqpets.com\/product\/no-pull-dog-harness\/#breadcrumb\"},\"inLanguage\":\"pt-BR\",\"potentialAction\":[{\"@type\":\"ReadAction\",\"target\":[\"https:\/\/qqpets.com\/product\/no-pull-dog-harness\/\"]}]},{\"@type\":\"ImageObject\",\"inLanguage\":\"pt-BR\",\"@id\":\"https:\/\/qqpets.com\/product\/no-pull-dog-harness\/#primaryimage\",\"url\":\"https:\/\/qqpets.com\/wp-content\/uploads\/2024\/09\/no-pull-dog-harness-black-extra-large.webp\",\"contentUrl\":\"https:\/\/qqpets.com\/wp-content\/uploads\/2024\/09\/no-pull-dog-harness-black-extra-large.webp\",\"width\":1000,\"height\":1000,\"caption\":\"no-pull-dog-harness-black-extra-large\"},{\"@type\":\"BreadcrumbList\",\"@id\":\"https:\/\/qqpets.com\/product\/no-pull-dog-harness\/#breadcrumb\",\"itemListElement\":[{\"@type\":\"ListItem\",\"position\":1,\"name\":\"Home\",\"item\":\"https:\/\/qqpets.com\/\"},{\"@type\":\"ListItem\",\"position\":2,\"name\":\"Products\",\"item\":\"https:\/\/qqpets.com\/pet-products-manufacturer\/\"},{\"@type\":\"ListItem\",\"position\":3,\"name\":\"No Pull Dog Harness\"}]},{\"@type\":\"WebSite\",\"@id\":\"https:\/\/qqpets.com\/#website\",\"url\":\"https:\/\/qqpets.com\/\",\"name\":\"QQPETS\",\"description\":\"QQPETS is a pet products factory for dog harnesses, dog collars, dog leashes and dog accessories with professional customized service since 2005.\",\"publisher\":{\"@id\":\"https:\/\/qqpets.com\/#organization\"},\"potentialAction\":[{\"@type\":\"SearchAction\",\"target\":{\"@type\":\"EntryPoint\",\"urlTemplate\":\"https:\/\/qqpets.com\/?s={search_term_string}\"},\"query-input\":{\"@type\":\"PropertyValueSpecification\",\"valueRequired\":true,\"valueName\":\"search_term_string\"}}],\"inLanguage\":\"pt-BR\"},{\"@type\":\"Organization\",\"@id\":\"https:\/\/qqpets.com\/#organization\",\"name\":\"QQPETS\",\"url\":\"https:\/\/qqpets.com\/\",\"logo\":{\"@type\":\"ImageObject\",\"inLanguage\":\"pt-BR\",\"@id\":\"https:\/\/qqpets.com\/#\/schema\/logo\/image\/\",\"url\":\"https:\/\/qqpets.com\/wp-content\/uploads\/2023\/09\/cropped-cropped-qqpets-tiktok.jpg\",\"contentUrl\":\"https:\/\/qqpets.com\/wp-content\/uploads\/2023\/09\/cropped-cropped-qqpets-tiktok.jpg\",\"width\":511,\"height\":511,\"caption\":\"QQPETS\"},\"image\":{\"@id\":\"https:\/\/qqpets.com\/#\/schema\/logo\/image\/\"},\"sameAs\":[\"https:\/\/www.facebook.com\/QQpetsdogcollars\",\"https:\/\/www.instagram.com\/qqpetscollar\/\",\"https:\/\/www.pinterest.com\/qqpetsdogcollarsfactory\/\"]}]}<\/script>\n<!-- \/ Yoast SEO plugin. -->","yoast_head_json":{"title":"Arn\u00eas para c\u00e3es sem tra\u00e7\u00e3o | QQPETS","description":"Domine a caminhada com nosso Arreio No Pull para C\u00e3es. Reduza os pux\u00f5es e aumente o controle. Compre agora para ter conforto!","robots":{"index":"index","follow":"follow","max-snippet":"max-snippet:-1","max-image-preview":"max-image-preview:large","max-video-preview":"max-video-preview:-1"},"canonical":"https:\/\/qqpets.com\/pt\/produto\/no-pull-dog-harness\/","og_locale":"pt_BR","og_type":"article","og_title":"No Pull Dog Harness | QQPETS","og_description":"Master the walk with our No Pull Dog Harness. Reduce pulling and enhance control. Shop now for comfort!","og_url":"https:\/\/qqpets.com\/pt\/produto\/no-pull-dog-harness\/","og_site_name":"QQPETS","article_publisher":"https:\/\/www.facebook.com\/QQpetsdogcollars","article_modified_time":"2024-09-24T09:54:22+00:00","og_image":[{"width":1000,"height":1000,"url":"https:\/\/qqpets.com\/wp-content\/uploads\/2024\/09\/no-pull-dog-harness-black-extra-large.webp","type":"image\/webp"}],"twitter_card":"summary_large_image","twitter_misc":{"Est. tempo de leitura":"3 minutos"},"schema":{"@context":"https:\/\/schema.org","@graph":[{"@type":"WebPage","@id":"https:\/\/qqpets.com\/product\/no-pull-dog-harness\/","url":"https:\/\/qqpets.com\/product\/no-pull-dog-harness\/","name":"Arn\u00eas para c\u00e3es sem tra\u00e7\u00e3o | QQPETS","isPartOf":{"@id":"https:\/\/qqpets.com\/#website"},"primaryImageOfPage":{"@id":"https:\/\/qqpets.com\/product\/no-pull-dog-harness\/#primaryimage"},"image":{"@id":"https:\/\/qqpets.com\/product\/no-pull-dog-harness\/#primaryimage"},"thumbnailUrl":"https:\/\/qqpets.com\/wp-content\/uploads\/2024\/09\/no-pull-dog-harness-black-extra-large.webp","datePublished":"2024-09-02T02:28:26+00:00","dateModified":"2024-09-24T09:54:22+00:00","description":"Domine a caminhada com nosso Arreio No Pull para C\u00e3es. Reduza os pux\u00f5es e aumente o controle. Compre agora para ter conforto!","breadcrumb":{"@id":"https:\/\/qqpets.com\/product\/no-pull-dog-harness\/#breadcrumb"},"inLanguage":"pt-BR","potentialAction":[{"@type":"ReadAction","target":["https:\/\/qqpets.com\/product\/no-pull-dog-harness\/"]}]},{"@type":"ImageObject","inLanguage":"pt-BR","@id":"https:\/\/qqpets.com\/product\/no-pull-dog-harness\/#primaryimage","url":"https:\/\/qqpets.com\/wp-content\/uploads\/2024\/09\/no-pull-dog-harness-black-extra-large.webp","contentUrl":"https:\/\/qqpets.com\/wp-content\/uploads\/2024\/09\/no-pull-dog-harness-black-extra-large.webp","width":1000,"height":1000,"caption":"no-pull-dog-harness-black-extra-large"},{"@type":"BreadcrumbList","@id":"https:\/\/qqpets.com\/product\/no-pull-dog-harness\/#breadcrumb","itemListElement":[{"@type":"ListItem","position":1,"name":"Home","item":"https:\/\/qqpets.com\/"},{"@type":"ListItem","position":2,"name":"Products","item":"https:\/\/qqpets.com\/pet-products-manufacturer\/"},{"@type":"ListItem","position":3,"name":"No Pull Dog Harness"}]},{"@type":"WebSite","@id":"https:\/\/qqpets.com\/#website","url":"https:\/\/qqpets.com\/","name":"QQPETS","description":"A QQPETS \u00e9 uma f\u00e1brica de produtos para animais de estima\u00e7\u00e3o que fabrica arreios, coleiras, coleiras para c\u00e3es e acess\u00f3rios para c\u00e3es com servi\u00e7o personalizado profissional desde 2005.","publisher":{"@id":"https:\/\/qqpets.com\/#organization"},"potentialAction":[{"@type":"SearchAction","target":{"@type":"EntryPoint","urlTemplate":"https:\/\/qqpets.com\/?s={search_term_string}"},"query-input":{"@type":"PropertyValueSpecification","valueRequired":true,"valueName":"search_term_string"}}],"inLanguage":"pt-BR"},{"@type":"Organization","@id":"https:\/\/qqpets.com\/#organization","name":"QQPETS","url":"https:\/\/qqpets.com\/","logo":{"@type":"ImageObject","inLanguage":"pt-BR","@id":"https:\/\/qqpets.com\/#\/schema\/logo\/image\/","url":"https:\/\/qqpets.com\/wp-content\/uploads\/2023\/09\/cropped-cropped-qqpets-tiktok.jpg","contentUrl":"https:\/\/qqpets.com\/wp-content\/uploads\/2023\/09\/cropped-cropped-qqpets-tiktok.jpg","width":511,"height":511,"caption":"QQPETS"},"image":{"@id":"https:\/\/qqpets.com\/#\/schema\/logo\/image\/"},"sameAs":["https:\/\/www.facebook.com\/QQpetsdogcollars","https:\/\/www.instagram.com\/qqpetscollar\/","https:\/\/www.pinterest.com\/qqpetsdogcollarsfactory\/"]}]}},"_links":{"self":[{"href":"https:\/\/qqpets.com\/pt\/wp-json\/wp\/v2\/product\/7727","targetHints":{"allow":["GET"]}}],"collection":[{"href":"https:\/\/qqpets.com\/pt\/wp-json\/wp\/v2\/product"}],"about":[{"href":"https:\/\/qqpets.com\/pt\/wp-json\/wp\/v2\/types\/product"}],"wp:featuredmedia":[{"embeddable":true,"href":"https:\/\/qqpets.com\/pt\/wp-json\/wp\/v2\/media\/8231"}],"wp:attachment":[{"href":"https:\/\/qqpets.com\/pt\/wp-json\/wp\/v2\/media?parent=7727"}],"wp:term":[{"taxonomy":"product_brand","embeddable":true,"href":"https:\/\/qqpets.com\/pt\/wp-json\/wp\/v2\/product_brand?post=7727"},{"taxonomy":"product_cat","embeddable":true,"href":"https:\/\/qqpets.com\/pt\/wp-json\/wp\/v2\/product_cat?post=7727"},{"taxonomy":"product_tag","embeddable":true,"href":"https:\/\/qqpets.com\/pt\/wp-json\/wp\/v2\/product_tag?post=7727"}],"curies":[{"name":"wp","href":"https:\/\/api.w.org\/{rel}","templated":true}]}}