{"id":7748,"date":"2024-09-02T15:40:07","date_gmt":"2024-09-02T07:40:07","guid":{"rendered":"https:\/\/qqpets.com\/?post_type=product&#038;p=7748"},"modified":"2024-09-03T16:47:29","modified_gmt":"2024-09-03T08:47:29","slug":"reflective-dog-collar","status":"publish","type":"product","link":"https:\/\/qqpets.com\/pt\/produto\/reflective-dog-collar\/","title":{"rendered":"Coleira refletiva para c\u00e3es"},"content":{"rendered":"<p>Apresentamos nossa coleira refletiva para c\u00e3es, um acess\u00f3rio de seguran\u00e7a essencial para qualquer animal de estima\u00e7\u00e3o ativo durante a noite ou no in\u00edcio da manh\u00e3. Essa coleira foi projetada para maximizar a visibilidade do seu c\u00e3o em condi\u00e7\u00f5es de pouca luz, gra\u00e7as ao seu material refletivo de alta qualidade que capta a luz das luzes da rua e dos far\u00f3is, garantindo que ele seja visto \u00e0 dist\u00e2ncia.<\/p>\n<p>Constru\u00edda com materiais dur\u00e1veis e de alta resist\u00eancia, a coleira resiste aos rigores do uso di\u00e1rio e mant\u00e9m o conforto. O design ajust\u00e1vel permite um encaixe personalizado, garantindo que a coleira fique justa e confort\u00e1vel para o seu c\u00e3o, evitando escorreg\u00f5es e atrito.<\/p>\n<p>Al\u00e9m de seus recursos refletivos, essa coleira \u00e9 equipada com uma fivela resistente para fixa\u00e7\u00e3o segura e um anel em D robusto para fixa\u00e7\u00e3o confi\u00e1vel da guia. Seja em uma caminhada casual \u00e0 noite ou em uma corrida matinal, essa coleira garante que seu animal de estima\u00e7\u00e3o esteja sempre vis\u00edvel e seguro.<\/p>\n<p>Nossa coleira refletiva para c\u00e3es n\u00e3o \u00e9 apenas funcional; ela tamb\u00e9m \u00e9 estilosa. Dispon\u00edvel em uma variedade de cores, ela permite que voc\u00ea escolha a combina\u00e7\u00e3o perfeita para a personalidade e o estilo do seu animal de estima\u00e7\u00e3o, tornando-a um \u00f3timo complemento para o guarda-roupa dele. \u00c9 a escolha ideal para quem deseja aumentar a seguran\u00e7a do c\u00e3o durante as atividades di\u00e1rias, oferecendo uma combina\u00e7\u00e3o de seguran\u00e7a, estilo e tranquilidade.<\/p>\n<h5><strong>As coleiras refletivas s\u00e3o boas para os c\u00e3es?<\/strong><\/h5>\n<p>Sim, as coleiras refletivas s\u00e3o boas para os c\u00e3es, pois aumentam a visibilidade em condi\u00e7\u00f5es de baixa luminosidade, como em passeios noturnos ou em tempo de neblina, melhorando a seguran\u00e7a ao tornar o c\u00e3o mais vis\u00edvel para os motoristas e outras pessoas.<\/p>\n<h5><strong>\u00c9 poss\u00edvel fazer uma coleira refletiva para c\u00e3es?<\/strong><\/h5>\n<p>Sim, voc\u00ea pode tornar uma coleira refletiva adicionando fita refletiva ou comprando luzes de encaixe ou berloques refletivos que se prendem \u00e0 coleira.<\/p>\n<h5><strong>As coleiras luminosas para c\u00e3es s\u00e3o seguras?<\/strong><\/h5>\n<p>Sim, as coleiras iluminadas para c\u00e3es s\u00e3o geralmente seguras. Elas ajudam a manter seu c\u00e3o vis\u00edvel em condi\u00e7\u00f5es de escurid\u00e3o. No entanto, certifique-se de que a coleira esteja corretamente ajustada, que os componentes luminosos estejam firmemente fixados e que a caixa da bateria seja \u00e0 prova d'\u00e1gua e inviol\u00e1vel para evitar que seu c\u00e3o tenha acesso \u00e0s baterias.<\/p>\n<h5><strong>As coleiras de rastreamento de c\u00e3es valem a pena?<\/strong><\/h5>\n<p>As coleiras de rastreamento de c\u00e3es podem valer a pena, especialmente para os donos de animais que vivem em \u00e1reas rurais ou cujos c\u00e3es t\u00eam a tend\u00eancia de vagar ou fugir. Essas coleiras usam GPS ou outra tecnologia para ajudar a localizar seu c\u00e3o caso ele se perca.<\/p>\n<h5><strong>\u00c9 normal que os c\u00e3es usem coleiras o tempo todo?<\/strong><\/h5>\n<p>Em geral, \u00e9 seguro que os c\u00e3es usem coleiras o tempo todo, desde que elas sejam bem ajustadas, confort\u00e1veis e feitas de materiais n\u00e3o irritantes. No entanto, \u00e9 importante verificar ocasionalmente se h\u00e1 sinais de desgaste ou irrita\u00e7\u00e3o na coleira e remov\u00ea-la em ambientes seguros e fechados se houver risco de enroscamento.<\/p>\n<h5><strong>Qual \u00e9 a melhor coleira para um c\u00e3o usar?<\/strong><\/h5>\n<p>A melhor coleira para um c\u00e3o usar depende das necessidades e atividades espec\u00edficas do c\u00e3o. Para uso geral, uma coleira plana e ajust\u00e1vel de n\u00e1ilon ou couro \u00e9 geralmente recomendada por sua durabilidade, conforto e facilidade de uso. Ela deve ter uma fivela segura e um anel para prender as etiquetas de identifica\u00e7\u00e3o e a coleira.<\/p>","protected":false},"excerpt":{"rendered":"<p>Aumente a seguran\u00e7a noturna de seu c\u00e3o com nossa coleira refletiva para c\u00e3es. Projetada para alta visibilidade, essa coleira apresenta material refletivo brilhante que garante que seu animal de estima\u00e7\u00e3o seja visto em condi\u00e7\u00f5es de pouca luz. Ajust\u00e1vel para um ajuste perfeito, ela \u00e9 fabricada com materiais dur\u00e1veis para uso duradouro. Ideal para passeios noturnos, ela combina seguran\u00e7a e conforto, garantindo tranquilidade em todos os passeios.<\/p>","protected":false},"featured_media":7673,"template":"","meta":[],"product_brand":[],"product_cat":[26],"product_tag":[],"class_list":{"0":"post-7748","1":"product","2":"type-product","3":"status-publish","4":"has-post-thumbnail","6":"product_cat-dog-collar","7":"pa_brand-qqpets","9":"first","10":"instock","11":"shipping-taxable","12":"product-type-simple"},"yoast_head":"<!-- This site is optimized with the Yoast SEO plugin v26.6 - https:\/\/yoast.com\/wordpress\/plugins\/seo\/ -->\n<title>Reflective Dog Collar | QQPETS<\/title>\n<meta name=\"description\" content=\"Boost nighttime safety with our Reflective Dog Collar. High visibility for evening walks. Secure and stylish!\" \/>\n<meta name=\"robots\" content=\"index, follow, max-snippet:-1, max-image-preview:large, max-video-preview:-1\" \/>\n<link rel=\"canonical\" href=\"https:\/\/qqpets.com\/pt\/produto\/reflective-dog-collar\/\" \/>\n<meta property=\"og:locale\" content=\"pt_BR\" \/>\n<meta property=\"og:type\" content=\"article\" \/>\n<meta property=\"og:title\" content=\"Reflective Dog Collar | QQPETS\" \/>\n<meta property=\"og:description\" content=\"Boost nighttime safety with our Reflective Dog Collar. High visibility for evening walks. Secure and stylish!\" \/>\n<meta property=\"og:url\" content=\"https:\/\/qqpets.com\/pt\/produto\/reflective-dog-collar\/\" \/>\n<meta property=\"og:site_name\" content=\"QQPETS\" \/>\n<meta property=\"article:publisher\" content=\"https:\/\/www.facebook.com\/QQpetsdogcollars\" \/>\n<meta property=\"article:modified_time\" content=\"2024-09-03T08:47:29+00:00\" \/>\n<meta property=\"og:image\" content=\"https:\/\/qqpets.com\/wp-content\/uploads\/2024\/08\/Adjustable-Print-Basic-Dog-Collar-1.webp\" \/>\n\t<meta property=\"og:image:width\" content=\"1600\" \/>\n\t<meta property=\"og:image:height\" content=\"1600\" \/>\n\t<meta property=\"og:image:type\" content=\"image\/webp\" \/>\n<meta name=\"twitter:card\" content=\"summary_large_image\" \/>\n<meta name=\"twitter:label1\" content=\"Est. tempo de leitura\" \/>\n\t<meta name=\"twitter:data1\" content=\"3 minutos\" \/>\n<script type=\"application\/ld+json\" class=\"yoast-schema-graph\">{\"@context\":\"https:\/\/schema.org\",\"@graph\":[{\"@type\":\"WebPage\",\"@id\":\"https:\/\/qqpets.com\/product\/reflective-dog-collar\/\",\"url\":\"https:\/\/qqpets.com\/product\/reflective-dog-collar\/\",\"name\":\"Reflective Dog Collar | QQPETS\",\"isPartOf\":{\"@id\":\"https:\/\/qqpets.com\/#website\"},\"primaryImageOfPage\":{\"@id\":\"https:\/\/qqpets.com\/product\/reflective-dog-collar\/#primaryimage\"},\"image\":{\"@id\":\"https:\/\/qqpets.com\/product\/reflective-dog-collar\/#primaryimage\"},\"thumbnailUrl\":\"https:\/\/qqpets.com\/wp-content\/uploads\/2024\/08\/Adjustable-Print-Basic-Dog-Collar-1.webp\",\"datePublished\":\"2024-09-02T07:40:07+00:00\",\"dateModified\":\"2024-09-03T08:47:29+00:00\",\"description\":\"Boost nighttime safety with our Reflective Dog Collar. High visibility for evening walks. Secure and stylish!\",\"breadcrumb\":{\"@id\":\"https:\/\/qqpets.com\/product\/reflective-dog-collar\/#breadcrumb\"},\"inLanguage\":\"pt-BR\",\"potentialAction\":[{\"@type\":\"ReadAction\",\"target\":[\"https:\/\/qqpets.com\/product\/reflective-dog-collar\/\"]}]},{\"@type\":\"ImageObject\",\"inLanguage\":\"pt-BR\",\"@id\":\"https:\/\/qqpets.com\/product\/reflective-dog-collar\/#primaryimage\",\"url\":\"https:\/\/qqpets.com\/wp-content\/uploads\/2024\/08\/Adjustable-Print-Basic-Dog-Collar-1.webp\",\"contentUrl\":\"https:\/\/qqpets.com\/wp-content\/uploads\/2024\/08\/Adjustable-Print-Basic-Dog-Collar-1.webp\",\"width\":1600,\"height\":1600},{\"@type\":\"BreadcrumbList\",\"@id\":\"https:\/\/qqpets.com\/product\/reflective-dog-collar\/#breadcrumb\",\"itemListElement\":[{\"@type\":\"ListItem\",\"position\":1,\"name\":\"Home\",\"item\":\"https:\/\/qqpets.com\/\"},{\"@type\":\"ListItem\",\"position\":2,\"name\":\"Products\",\"item\":\"https:\/\/qqpets.com\/pet-products-manufacturer\/\"},{\"@type\":\"ListItem\",\"position\":3,\"name\":\"Reflective Dog Collar\"}]},{\"@type\":\"WebSite\",\"@id\":\"https:\/\/qqpets.com\/#website\",\"url\":\"https:\/\/qqpets.com\/\",\"name\":\"QQPETS\",\"description\":\"QQPETS is a pet products factory for dog harnesses, dog collars, dog leashes and dog accessories with professional customized service since 2005.\",\"publisher\":{\"@id\":\"https:\/\/qqpets.com\/#organization\"},\"potentialAction\":[{\"@type\":\"SearchAction\",\"target\":{\"@type\":\"EntryPoint\",\"urlTemplate\":\"https:\/\/qqpets.com\/?s={search_term_string}\"},\"query-input\":{\"@type\":\"PropertyValueSpecification\",\"valueRequired\":true,\"valueName\":\"search_term_string\"}}],\"inLanguage\":\"pt-BR\"},{\"@type\":\"Organization\",\"@id\":\"https:\/\/qqpets.com\/#organization\",\"name\":\"QQPETS\",\"url\":\"https:\/\/qqpets.com\/\",\"logo\":{\"@type\":\"ImageObject\",\"inLanguage\":\"pt-BR\",\"@id\":\"https:\/\/qqpets.com\/#\/schema\/logo\/image\/\",\"url\":\"https:\/\/qqpets.com\/wp-content\/uploads\/2023\/09\/cropped-cropped-qqpets-tiktok.jpg\",\"contentUrl\":\"https:\/\/qqpets.com\/wp-content\/uploads\/2023\/09\/cropped-cropped-qqpets-tiktok.jpg\",\"width\":511,\"height\":511,\"caption\":\"QQPETS\"},\"image\":{\"@id\":\"https:\/\/qqpets.com\/#\/schema\/logo\/image\/\"},\"sameAs\":[\"https:\/\/www.facebook.com\/QQpetsdogcollars\",\"https:\/\/www.instagram.com\/qqpetscollar\/\",\"https:\/\/www.pinterest.com\/qqpetsdogcollarsfactory\/\"]}]}<\/script>\n<!-- \/ Yoast SEO plugin. -->","yoast_head_json":{"title":"Coleira refletiva para c\u00e3es | QQPETS","description":"Aumente a seguran\u00e7a noturna com nossa coleira refletiva para c\u00e3es. Alta visibilidade para passeios noturnos. Segura e com estilo!","robots":{"index":"index","follow":"follow","max-snippet":"max-snippet:-1","max-image-preview":"max-image-preview:large","max-video-preview":"max-video-preview:-1"},"canonical":"https:\/\/qqpets.com\/pt\/produto\/reflective-dog-collar\/","og_locale":"pt_BR","og_type":"article","og_title":"Reflective Dog Collar | QQPETS","og_description":"Boost nighttime safety with our Reflective Dog Collar. High visibility for evening walks. Secure and stylish!","og_url":"https:\/\/qqpets.com\/pt\/produto\/reflective-dog-collar\/","og_site_name":"QQPETS","article_publisher":"https:\/\/www.facebook.com\/QQpetsdogcollars","article_modified_time":"2024-09-03T08:47:29+00:00","og_image":[{"width":1600,"height":1600,"url":"https:\/\/qqpets.com\/wp-content\/uploads\/2024\/08\/Adjustable-Print-Basic-Dog-Collar-1.webp","type":"image\/webp"}],"twitter_card":"summary_large_image","twitter_misc":{"Est. tempo de leitura":"3 minutos"},"schema":{"@context":"https:\/\/schema.org","@graph":[{"@type":"WebPage","@id":"https:\/\/qqpets.com\/product\/reflective-dog-collar\/","url":"https:\/\/qqpets.com\/product\/reflective-dog-collar\/","name":"Coleira refletiva para c\u00e3es | QQPETS","isPartOf":{"@id":"https:\/\/qqpets.com\/#website"},"primaryImageOfPage":{"@id":"https:\/\/qqpets.com\/product\/reflective-dog-collar\/#primaryimage"},"image":{"@id":"https:\/\/qqpets.com\/product\/reflective-dog-collar\/#primaryimage"},"thumbnailUrl":"https:\/\/qqpets.com\/wp-content\/uploads\/2024\/08\/Adjustable-Print-Basic-Dog-Collar-1.webp","datePublished":"2024-09-02T07:40:07+00:00","dateModified":"2024-09-03T08:47:29+00:00","description":"Aumente a seguran\u00e7a noturna com nossa coleira refletiva para c\u00e3es. Alta visibilidade para passeios noturnos. Segura e com estilo!","breadcrumb":{"@id":"https:\/\/qqpets.com\/product\/reflective-dog-collar\/#breadcrumb"},"inLanguage":"pt-BR","potentialAction":[{"@type":"ReadAction","target":["https:\/\/qqpets.com\/product\/reflective-dog-collar\/"]}]},{"@type":"ImageObject","inLanguage":"pt-BR","@id":"https:\/\/qqpets.com\/product\/reflective-dog-collar\/#primaryimage","url":"https:\/\/qqpets.com\/wp-content\/uploads\/2024\/08\/Adjustable-Print-Basic-Dog-Collar-1.webp","contentUrl":"https:\/\/qqpets.com\/wp-content\/uploads\/2024\/08\/Adjustable-Print-Basic-Dog-Collar-1.webp","width":1600,"height":1600},{"@type":"BreadcrumbList","@id":"https:\/\/qqpets.com\/product\/reflective-dog-collar\/#breadcrumb","itemListElement":[{"@type":"ListItem","position":1,"name":"Home","item":"https:\/\/qqpets.com\/"},{"@type":"ListItem","position":2,"name":"Products","item":"https:\/\/qqpets.com\/pet-products-manufacturer\/"},{"@type":"ListItem","position":3,"name":"Reflective Dog Collar"}]},{"@type":"WebSite","@id":"https:\/\/qqpets.com\/#website","url":"https:\/\/qqpets.com\/","name":"QQPETS","description":"A QQPETS \u00e9 uma f\u00e1brica de produtos para animais de estima\u00e7\u00e3o que fabrica arreios, coleiras, coleiras para c\u00e3es e acess\u00f3rios para c\u00e3es com servi\u00e7o personalizado profissional desde 2005.","publisher":{"@id":"https:\/\/qqpets.com\/#organization"},"potentialAction":[{"@type":"SearchAction","target":{"@type":"EntryPoint","urlTemplate":"https:\/\/qqpets.com\/?s={search_term_string}"},"query-input":{"@type":"PropertyValueSpecification","valueRequired":true,"valueName":"search_term_string"}}],"inLanguage":"pt-BR"},{"@type":"Organization","@id":"https:\/\/qqpets.com\/#organization","name":"QQPETS","url":"https:\/\/qqpets.com\/","logo":{"@type":"ImageObject","inLanguage":"pt-BR","@id":"https:\/\/qqpets.com\/#\/schema\/logo\/image\/","url":"https:\/\/qqpets.com\/wp-content\/uploads\/2023\/09\/cropped-cropped-qqpets-tiktok.jpg","contentUrl":"https:\/\/qqpets.com\/wp-content\/uploads\/2023\/09\/cropped-cropped-qqpets-tiktok.jpg","width":511,"height":511,"caption":"QQPETS"},"image":{"@id":"https:\/\/qqpets.com\/#\/schema\/logo\/image\/"},"sameAs":["https:\/\/www.facebook.com\/QQpetsdogcollars","https:\/\/www.instagram.com\/qqpetscollar\/","https:\/\/www.pinterest.com\/qqpetsdogcollarsfactory\/"]}]}},"_links":{"self":[{"href":"https:\/\/qqpets.com\/pt\/wp-json\/wp\/v2\/product\/7748","targetHints":{"allow":["GET"]}}],"collection":[{"href":"https:\/\/qqpets.com\/pt\/wp-json\/wp\/v2\/product"}],"about":[{"href":"https:\/\/qqpets.com\/pt\/wp-json\/wp\/v2\/types\/product"}],"wp:featuredmedia":[{"embeddable":true,"href":"https:\/\/qqpets.com\/pt\/wp-json\/wp\/v2\/media\/7673"}],"wp:attachment":[{"href":"https:\/\/qqpets.com\/pt\/wp-json\/wp\/v2\/media?parent=7748"}],"wp:term":[{"taxonomy":"product_brand","embeddable":true,"href":"https:\/\/qqpets.com\/pt\/wp-json\/wp\/v2\/product_brand?post=7748"},{"taxonomy":"product_cat","embeddable":true,"href":"https:\/\/qqpets.com\/pt\/wp-json\/wp\/v2\/product_cat?post=7748"},{"taxonomy":"product_tag","embeddable":true,"href":"https:\/\/qqpets.com\/pt\/wp-json\/wp\/v2\/product_tag?post=7748"}],"curies":[{"name":"wp","href":"https:\/\/api.w.org\/{rel}","templated":true}]}}