{"id":7762,"date":"2024-09-02T16:36:21","date_gmt":"2024-09-02T08:36:21","guid":{"rendered":"https:\/\/qqpets.com\/?post_type=product&#038;p=7762"},"modified":"2024-09-02T16:36:21","modified_gmt":"2024-09-02T08:36:21","slug":"nylon-dog-collar","status":"publish","type":"product","link":"https:\/\/qqpets.com\/pt\/produto\/nylon-dog-collar\/","title":{"rendered":"Coleira de nylon para c\u00e3es"},"content":{"rendered":"<p>Introduza uma mistura de conforto, estilo e durabilidade na rotina di\u00e1ria do seu animal de estima\u00e7\u00e3o com a nossa coleira de nylon para c\u00e3es. Essa coleira de alta qualidade \u00e9 fabricada com material de n\u00e1ilon premium, conhecido por sua resist\u00eancia e longevidade. O design leve garante que seu animal de estima\u00e7\u00e3o a use confortavelmente durante todo o dia, seja em casa, em uma caminhada ou durante uma brincadeira.<\/p>\n<p>O recurso ajust\u00e1vel da coleira permite um ajuste preciso, atendendo a c\u00e3es de todos os tamanhos e ra\u00e7as. A fivela f\u00e1cil de usar facilita muito a coloca\u00e7\u00e3o e a retirada da coleira, garantindo uma experi\u00eancia descomplicada para o animal e o dono.<\/p>\n<p>Com um anel em D robusto, nossa coleira oferece um ponto de fixa\u00e7\u00e3o seguro para coleiras, tornando-a ideal para passeios di\u00e1rios e sess\u00f5es de treinamento. A resist\u00eancia do n\u00e1ilon garante que ela resista \u00e0 press\u00e3o, proporcionando a voc\u00ea a tranquilidade de saber que seu animal de estima\u00e7\u00e3o est\u00e1 protegido com seguran\u00e7a.<\/p>\n<p>Dispon\u00edvel em uma variedade de cores vibrantes, nossa coleira de nylon para c\u00e3es permite que voc\u00ea personalize o visual do seu animal de estima\u00e7\u00e3o. Quer prefira tons cl\u00e1ssicos ou brilhantes, voc\u00ea pode encontrar a cor perfeita para refletir a personalidade e o estilo do seu c\u00e3o.<\/p>\n<p>Perfeita para donos de animais de estima\u00e7\u00e3o que procuram uma coleira confi\u00e1vel e sem complica\u00e7\u00f5es, nossa coleira de nylon para c\u00e3es oferece uma solu\u00e7\u00e3o pr\u00e1tica que n\u00e3o compromete a qualidade ou a est\u00e9tica. Equipe seu animal de estima\u00e7\u00e3o com esse acess\u00f3rio essencial para suas aventuras di\u00e1rias e desfrute da combina\u00e7\u00e3o perfeita de funcionalidade e moda.<\/p>\n<h5><strong>As coleiras de n\u00e1ilon s\u00e3o boas para os c\u00e3es?<\/strong><\/h5>\n<p>Sim, as coleiras de n\u00e1ilon s\u00e3o boas para c\u00e3es, pois s\u00e3o dur\u00e1veis, leves e est\u00e3o dispon\u00edveis em uma variedade de cores e estilos. Elas tamb\u00e9m s\u00e3o f\u00e1ceis de limpar e manter, o que as torna uma escolha popular para o uso di\u00e1rio.<\/p>\n<h5><strong>Qual \u00e9 o melhor material para coleiras de cachorro?<\/strong><\/h5>\n<p>O melhor material para coleiras de c\u00e3es depende das necessidades e atividades de seu c\u00e3o. O nylon \u00e9 \u00f3timo pela durabilidade e facilidade de manuten\u00e7\u00e3o, enquanto o couro \u00e9 preferido por sua resist\u00eancia e apelo est\u00e9tico. Para peles sens\u00edveis, materiais como algod\u00e3o ou c\u00e2nhamo podem ser mais adequados devido \u00e0s suas propriedades naturais e hipoalerg\u00eanicas.<\/p>\n<h5><strong>O tecido de n\u00e1ilon \u00e9 seguro para c\u00e3es?<\/strong><\/h5>\n<p>Sim, o tecido de n\u00e1ilon \u00e9 seguro para c\u00e3es. \u00c9 um material forte e dur\u00e1vel que resiste ao desgaste. No entanto, certifique-se de que a coleira esteja ajustada corretamente para evitar irrita\u00e7\u00e3o ou fric\u00e7\u00e3o, especialmente se o seu c\u00e3o tiver pele sens\u00edvel.<\/p>\n<h5><strong>Que tipo de coleira \u00e9 melhor para um c\u00e3o?<\/strong><\/h5>\n<p>O melhor tipo de coleira para um c\u00e3o \u00e9 aquela que se ajusta bem, \u00e9 feita de material confort\u00e1vel e se adapta ao tamanho, \u00e0 ra\u00e7a e ao estilo de vida do seu c\u00e3o. As coleiras planas geralmente s\u00e3o adequadas para a maioria dos c\u00e3es e atividades.<\/p>\n<h5><strong>Que tipo de coleira os veterin\u00e1rios recomendam?<\/strong><\/h5>\n<p>Os veterin\u00e1rios geralmente recomendam coleiras planas feitas de materiais dur\u00e1veis, como n\u00e1ilon ou couro, equipadas com uma fivela de libera\u00e7\u00e3o r\u00e1pida para maior seguran\u00e7a. Eles tamb\u00e9m recomendam coleiras que sejam largas o suficiente para distribuir a press\u00e3o uniformemente e n\u00e3o muito apertadas para evitar asfixia ou desconforto.<\/p>\n<h5><strong>Qual \u00e9 o material mais resistente para uma coleira de cachorro?<\/strong><\/h5>\n<p>Os materiais mais fortes para uma coleira de cachorro s\u00e3o o n\u00e1ilon e o couro. As coleiras de n\u00e1ilon s\u00e3o conhecidas por sua for\u00e7a e resist\u00eancia \u00e0s intemp\u00e9ries e ao desgaste, enquanto as coleiras de couro s\u00e3o preferidas por sua durabilidade e sensa\u00e7\u00e3o natural, especialmente para c\u00e3es que puxam muito.<\/p>","protected":false},"excerpt":{"rendered":"<p>Escolha durabilidade e estilo com a nossa coleira de nylon para c\u00e3es. Projetada para uso di\u00e1rio, ela apresenta uma constru\u00e7\u00e3o de nylon resistente com uma fivela ajust\u00e1vel para um encaixe perfeito. Essa coleira \u00e9 leve e resistente, garantindo conforto e confiabilidade. Ideal para todas as ra\u00e7as, ela inclui um anel em D resistente para prender a guia com seguran\u00e7a. Dispon\u00edvel em v\u00e1rias cores para combinar com a personalidade de seu animal de estima\u00e7\u00e3o.<\/p>","protected":false},"featured_media":7235,"template":"","meta":[],"product_brand":[],"product_cat":[26],"product_tag":[],"class_list":{"0":"post-7762","1":"product","2":"type-product","3":"status-publish","4":"has-post-thumbnail","6":"product_cat-dog-collar","7":"pa_brand-qqpets","9":"first","10":"instock","11":"shipping-taxable","12":"product-type-simple"},"yoast_head":"<!-- This site is optimized with the Yoast SEO plugin v26.6 - https:\/\/yoast.com\/wordpress\/plugins\/seo\/ -->\n<title>Nylon Dog Collar | QQPETS<\/title>\n<meta name=\"description\" content=\"Durable Nylon Dog Collar for everyday use. Comfortable, adjustable, and stylish. Perfect for all breeds!\" \/>\n<meta name=\"robots\" content=\"index, follow, max-snippet:-1, max-image-preview:large, max-video-preview:-1\" \/>\n<link rel=\"canonical\" href=\"https:\/\/qqpets.com\/pt\/produto\/nylon-dog-collar\/\" \/>\n<meta property=\"og:locale\" content=\"pt_BR\" \/>\n<meta property=\"og:type\" content=\"article\" \/>\n<meta property=\"og:title\" content=\"Nylon Dog Collar | QQPETS\" \/>\n<meta property=\"og:description\" content=\"Durable Nylon Dog Collar for everyday use. Comfortable, adjustable, and stylish. Perfect for all breeds!\" \/>\n<meta property=\"og:url\" content=\"https:\/\/qqpets.com\/pt\/produto\/nylon-dog-collar\/\" \/>\n<meta property=\"og:site_name\" content=\"QQPETS\" \/>\n<meta property=\"article:publisher\" content=\"https:\/\/www.facebook.com\/QQpetsdogcollars\" \/>\n<meta property=\"og:image\" content=\"https:\/\/qqpets.com\/wp-content\/uploads\/2023\/09\/black-nylon-dog-collar.webp\" \/>\n\t<meta property=\"og:image:width\" content=\"1280\" \/>\n\t<meta property=\"og:image:height\" content=\"1280\" \/>\n\t<meta property=\"og:image:type\" content=\"image\/webp\" \/>\n<meta name=\"twitter:card\" content=\"summary_large_image\" \/>\n<meta name=\"twitter:label1\" content=\"Est. tempo de leitura\" \/>\n\t<meta name=\"twitter:data1\" content=\"3 minutos\" \/>\n<script type=\"application\/ld+json\" class=\"yoast-schema-graph\">{\"@context\":\"https:\/\/schema.org\",\"@graph\":[{\"@type\":\"WebPage\",\"@id\":\"https:\/\/qqpets.com\/product\/nylon-dog-collar\/\",\"url\":\"https:\/\/qqpets.com\/product\/nylon-dog-collar\/\",\"name\":\"Nylon Dog Collar | QQPETS\",\"isPartOf\":{\"@id\":\"https:\/\/qqpets.com\/#website\"},\"primaryImageOfPage\":{\"@id\":\"https:\/\/qqpets.com\/product\/nylon-dog-collar\/#primaryimage\"},\"image\":{\"@id\":\"https:\/\/qqpets.com\/product\/nylon-dog-collar\/#primaryimage\"},\"thumbnailUrl\":\"https:\/\/qqpets.com\/wp-content\/uploads\/2023\/09\/black-nylon-dog-collar.webp\",\"datePublished\":\"2024-09-02T08:36:21+00:00\",\"description\":\"Durable Nylon Dog Collar for everyday use. Comfortable, adjustable, and stylish. Perfect for all breeds!\",\"breadcrumb\":{\"@id\":\"https:\/\/qqpets.com\/product\/nylon-dog-collar\/#breadcrumb\"},\"inLanguage\":\"pt-BR\",\"potentialAction\":[{\"@type\":\"ReadAction\",\"target\":[\"https:\/\/qqpets.com\/product\/nylon-dog-collar\/\"]}]},{\"@type\":\"ImageObject\",\"inLanguage\":\"pt-BR\",\"@id\":\"https:\/\/qqpets.com\/product\/nylon-dog-collar\/#primaryimage\",\"url\":\"https:\/\/qqpets.com\/wp-content\/uploads\/2023\/09\/black-nylon-dog-collar.webp\",\"contentUrl\":\"https:\/\/qqpets.com\/wp-content\/uploads\/2023\/09\/black-nylon-dog-collar.webp\",\"width\":1280,\"height\":1280,\"caption\":\"black-nylon-dog-collar\"},{\"@type\":\"BreadcrumbList\",\"@id\":\"https:\/\/qqpets.com\/product\/nylon-dog-collar\/#breadcrumb\",\"itemListElement\":[{\"@type\":\"ListItem\",\"position\":1,\"name\":\"Home\",\"item\":\"https:\/\/qqpets.com\/\"},{\"@type\":\"ListItem\",\"position\":2,\"name\":\"Products\",\"item\":\"https:\/\/qqpets.com\/pet-products-manufacturer\/\"},{\"@type\":\"ListItem\",\"position\":3,\"name\":\"Nylon Dog Collar\"}]},{\"@type\":\"WebSite\",\"@id\":\"https:\/\/qqpets.com\/#website\",\"url\":\"https:\/\/qqpets.com\/\",\"name\":\"QQPETS\",\"description\":\"QQPETS is a pet products factory for dog harnesses, dog collars, dog leashes and dog accessories with professional customized service since 2005.\",\"publisher\":{\"@id\":\"https:\/\/qqpets.com\/#organization\"},\"potentialAction\":[{\"@type\":\"SearchAction\",\"target\":{\"@type\":\"EntryPoint\",\"urlTemplate\":\"https:\/\/qqpets.com\/?s={search_term_string}\"},\"query-input\":{\"@type\":\"PropertyValueSpecification\",\"valueRequired\":true,\"valueName\":\"search_term_string\"}}],\"inLanguage\":\"pt-BR\"},{\"@type\":\"Organization\",\"@id\":\"https:\/\/qqpets.com\/#organization\",\"name\":\"QQPETS\",\"url\":\"https:\/\/qqpets.com\/\",\"logo\":{\"@type\":\"ImageObject\",\"inLanguage\":\"pt-BR\",\"@id\":\"https:\/\/qqpets.com\/#\/schema\/logo\/image\/\",\"url\":\"https:\/\/qqpets.com\/wp-content\/uploads\/2023\/09\/cropped-cropped-qqpets-tiktok.jpg\",\"contentUrl\":\"https:\/\/qqpets.com\/wp-content\/uploads\/2023\/09\/cropped-cropped-qqpets-tiktok.jpg\",\"width\":511,\"height\":511,\"caption\":\"QQPETS\"},\"image\":{\"@id\":\"https:\/\/qqpets.com\/#\/schema\/logo\/image\/\"},\"sameAs\":[\"https:\/\/www.facebook.com\/QQpetsdogcollars\",\"https:\/\/www.instagram.com\/qqpetscollar\/\",\"https:\/\/www.pinterest.com\/qqpetsdogcollarsfactory\/\"]}]}<\/script>\n<!-- \/ Yoast SEO plugin. -->","yoast_head_json":{"title":"Coleira de Nylon para C\u00e3es | QQPETS","description":"Coleira de nylon dur\u00e1vel para uso di\u00e1rio. Confort\u00e1vel, ajust\u00e1vel e elegante. Perfeita para todas as ra\u00e7as!","robots":{"index":"index","follow":"follow","max-snippet":"max-snippet:-1","max-image-preview":"max-image-preview:large","max-video-preview":"max-video-preview:-1"},"canonical":"https:\/\/qqpets.com\/pt\/produto\/nylon-dog-collar\/","og_locale":"pt_BR","og_type":"article","og_title":"Nylon Dog Collar | QQPETS","og_description":"Durable Nylon Dog Collar for everyday use. Comfortable, adjustable, and stylish. Perfect for all breeds!","og_url":"https:\/\/qqpets.com\/pt\/produto\/nylon-dog-collar\/","og_site_name":"QQPETS","article_publisher":"https:\/\/www.facebook.com\/QQpetsdogcollars","og_image":[{"width":1280,"height":1280,"url":"https:\/\/qqpets.com\/wp-content\/uploads\/2023\/09\/black-nylon-dog-collar.webp","type":"image\/webp"}],"twitter_card":"summary_large_image","twitter_misc":{"Est. tempo de leitura":"3 minutos"},"schema":{"@context":"https:\/\/schema.org","@graph":[{"@type":"WebPage","@id":"https:\/\/qqpets.com\/product\/nylon-dog-collar\/","url":"https:\/\/qqpets.com\/product\/nylon-dog-collar\/","name":"Coleira de Nylon para C\u00e3es | QQPETS","isPartOf":{"@id":"https:\/\/qqpets.com\/#website"},"primaryImageOfPage":{"@id":"https:\/\/qqpets.com\/product\/nylon-dog-collar\/#primaryimage"},"image":{"@id":"https:\/\/qqpets.com\/product\/nylon-dog-collar\/#primaryimage"},"thumbnailUrl":"https:\/\/qqpets.com\/wp-content\/uploads\/2023\/09\/black-nylon-dog-collar.webp","datePublished":"2024-09-02T08:36:21+00:00","description":"Coleira de nylon dur\u00e1vel para uso di\u00e1rio. Confort\u00e1vel, ajust\u00e1vel e elegante. Perfeita para todas as ra\u00e7as!","breadcrumb":{"@id":"https:\/\/qqpets.com\/product\/nylon-dog-collar\/#breadcrumb"},"inLanguage":"pt-BR","potentialAction":[{"@type":"ReadAction","target":["https:\/\/qqpets.com\/product\/nylon-dog-collar\/"]}]},{"@type":"ImageObject","inLanguage":"pt-BR","@id":"https:\/\/qqpets.com\/product\/nylon-dog-collar\/#primaryimage","url":"https:\/\/qqpets.com\/wp-content\/uploads\/2023\/09\/black-nylon-dog-collar.webp","contentUrl":"https:\/\/qqpets.com\/wp-content\/uploads\/2023\/09\/black-nylon-dog-collar.webp","width":1280,"height":1280,"caption":"black-nylon-dog-collar"},{"@type":"BreadcrumbList","@id":"https:\/\/qqpets.com\/product\/nylon-dog-collar\/#breadcrumb","itemListElement":[{"@type":"ListItem","position":1,"name":"Home","item":"https:\/\/qqpets.com\/"},{"@type":"ListItem","position":2,"name":"Products","item":"https:\/\/qqpets.com\/pet-products-manufacturer\/"},{"@type":"ListItem","position":3,"name":"Nylon Dog Collar"}]},{"@type":"WebSite","@id":"https:\/\/qqpets.com\/#website","url":"https:\/\/qqpets.com\/","name":"QQPETS","description":"A QQPETS \u00e9 uma f\u00e1brica de produtos para animais de estima\u00e7\u00e3o que fabrica arreios, coleiras, coleiras para c\u00e3es e acess\u00f3rios para c\u00e3es com servi\u00e7o personalizado profissional desde 2005.","publisher":{"@id":"https:\/\/qqpets.com\/#organization"},"potentialAction":[{"@type":"SearchAction","target":{"@type":"EntryPoint","urlTemplate":"https:\/\/qqpets.com\/?s={search_term_string}"},"query-input":{"@type":"PropertyValueSpecification","valueRequired":true,"valueName":"search_term_string"}}],"inLanguage":"pt-BR"},{"@type":"Organization","@id":"https:\/\/qqpets.com\/#organization","name":"QQPETS","url":"https:\/\/qqpets.com\/","logo":{"@type":"ImageObject","inLanguage":"pt-BR","@id":"https:\/\/qqpets.com\/#\/schema\/logo\/image\/","url":"https:\/\/qqpets.com\/wp-content\/uploads\/2023\/09\/cropped-cropped-qqpets-tiktok.jpg","contentUrl":"https:\/\/qqpets.com\/wp-content\/uploads\/2023\/09\/cropped-cropped-qqpets-tiktok.jpg","width":511,"height":511,"caption":"QQPETS"},"image":{"@id":"https:\/\/qqpets.com\/#\/schema\/logo\/image\/"},"sameAs":["https:\/\/www.facebook.com\/QQpetsdogcollars","https:\/\/www.instagram.com\/qqpetscollar\/","https:\/\/www.pinterest.com\/qqpetsdogcollarsfactory\/"]}]}},"_links":{"self":[{"href":"https:\/\/qqpets.com\/pt\/wp-json\/wp\/v2\/product\/7762","targetHints":{"allow":["GET"]}}],"collection":[{"href":"https:\/\/qqpets.com\/pt\/wp-json\/wp\/v2\/product"}],"about":[{"href":"https:\/\/qqpets.com\/pt\/wp-json\/wp\/v2\/types\/product"}],"wp:featuredmedia":[{"embeddable":true,"href":"https:\/\/qqpets.com\/pt\/wp-json\/wp\/v2\/media\/7235"}],"wp:attachment":[{"href":"https:\/\/qqpets.com\/pt\/wp-json\/wp\/v2\/media?parent=7762"}],"wp:term":[{"taxonomy":"product_brand","embeddable":true,"href":"https:\/\/qqpets.com\/pt\/wp-json\/wp\/v2\/product_brand?post=7762"},{"taxonomy":"product_cat","embeddable":true,"href":"https:\/\/qqpets.com\/pt\/wp-json\/wp\/v2\/product_cat?post=7762"},{"taxonomy":"product_tag","embeddable":true,"href":"https:\/\/qqpets.com\/pt\/wp-json\/wp\/v2\/product_tag?post=7762"}],"curies":[{"name":"wp","href":"https:\/\/api.w.org\/{rel}","templated":true}]}}